{"id":64005,"date":"2021-02-25T16:11:01","date_gmt":"2021-02-25T21:11:01","guid":{"rendered":"http:\/\/xactskateshop.com\/product\/roues-dexterieur-bont-glow-4\/"},"modified":"2021-02-25T16:11:01","modified_gmt":"2021-02-25T21:11:01","slug":"roues-dexterieur-bont-glow-4","status":"publish","type":"product","link":"https:\/\/xactskateshop.com\/fr\/produit\/roues-dexterieur-bont-glow-4\/","title":{"rendered":"Roues d&#8217;ext\u00e9rieur BONT Glow (4)"},"content":{"rendered":"<p>bont glow wheels<\/p>\n<p>Voici la roue de patin \u00e0 roulettes Bont Glow LED. Une roue hybride int\u00e9rieur\/ext\u00e9rieur qui utilise des lumi\u00e8res LED qui illuminent le pneu pendant que vous roulez. Aucune pile n&#8217;est n\u00e9cessaire car l&#8217;entretoise flottante magn\u00e9tique alimente le noyau de la roue pour qu&#8217;il s&#8217;illumine lorsqu&#8217;il tourne. Tout ce que vous avez \u00e0 faire est de rouler et vos roues s&#8217;allument pendant que vous patinez avec une lueur n\u00e9on lumineuse !   <\/p>\n<p>La roue de patin \u00e0 roulettes Glow LED a une duret\u00e9 de 83A. Un excellent hybride int\u00e9rieur\/ext\u00e9rieur qui fonctionne bien sur les trottoirs ou les patinoires. Parfait pour une soir\u00e9e de patinage ou pour les montrer \u00e0 la patinoire. Les lumi\u00e8res LED servent \u00e9galement de dispositif de s\u00e9curit\u00e9 lorsque vous patinez la nuit, en \u00e9clairant votre trajectoire et en annon\u00e7ant votre position au trafic venant en sens inverse. Une lueur lumineuse \u00e9mane de la roue pendant que vous patinez.    <\/p>\n<p>Cette roue de patins \u00e0 roulettes est disponible dans des couleurs pastel perl\u00e9es et paillet\u00e9es : Cherry Blossom Pink, Tickle Blue, Pearl White, et Misty Teal. Mais dans l&#8217;obscurit\u00e9, elles deviennent lumineuses comme des n\u00e9ons ! Les roues s&#8217;accordent particuli\u00e8rement bien avec la gamme de chaussures en daim de Bont, telles que les Prostar et ParkStar.  <\/p>\n<p>Sp\u00e9cifications :<\/p>\n<ul>\n<li>Couleurs : Rose cerise, bleu chatouilleux, blanc nacr\u00e9, sarcelle brumeuse<\/li>\n<li>Taille : 62 mm x 35 mm<\/li>\n<li>Duret\u00e9 : 83a<\/li>\n<li>Utilisation : Patinage de loisir<\/li>\n<li>Surfaces : Roue hybride int\u00e9rieur\/ext\u00e9rieur<\/li>\n<li>Vendus en 4 paquets, ils n\u00e9cessitent des roulements de 8 mm.<\/li>\n<li>Les roulements ne sont pas inclus<\/li>\n<\/ul>\n<p>Voir d&#8217;autres roues<a href=\"http:\/\/xactskateshop.com\/product-category\/roller-skates\/roller-skates-wheels\/\"> ici<\/a><\/p>\n<p>Vous pouvez \u00e9galement l&#8217;acheter <a href=\"https:\/\/bont.ca\/collections\/roller-skate-wheels\/products\/glow-light-up-led-roller-skate-wheels\">ici<\/a><\/p>\n","protected":false},"excerpt":{"rendered":"<p>bont glow wheels<\/p>\n<p>Voici la roue de patin \u00e0 roulettes Bont Glow LED. Une roue hybride int\u00e9rieur\/ext\u00e9rieur qui utilise des lumi\u00e8res LED qui illuminent le pneu pendant que vous roulez. Aucune pile n&#8217;est n\u00e9cessaire car l&#8217;entretoise flottante magn\u00e9tique alimente le noyau de la roue pour qu&#8217;il s&#8217;illumine lorsqu&#8217;il tourne. Tout ce que vous avez \u00e0 faire est de rouler et vos roues s&#8217;allument pendant que vous patinez avec une lueur n\u00e9on lumineuse !   <\/p>\n","protected":false},"featured_media":28593,"comment_status":"closed","ping_status":"closed","template":"","meta":{"site-sidebar-layout":"default","site-content-layout":"default","ast-site-content-layout":"default","site-content-style":"default","site-sidebar-style":"default","ast-global-header-display":"","ast-banner-title-visibility":"","ast-main-header-display":"","ast-hfb-above-header-display":"","ast-hfb-below-header-display":"","ast-hfb-mobile-header-display":"","site-post-title":"","ast-breadcrumbs-content":"","ast-featured-img":"","footer-sml-layout":"","ast-disable-related-posts":"","theme-transparent-header-meta":"default","adv-header-id-meta":"","stick-header-meta":"","header-above-stick-meta":"","header-main-stick-meta":"","header-below-stick-meta":"","astra-migrate-meta-layouts":"default","ast-page-background-enabled":"default","ast-page-background-meta":{"desktop":{"background-color":"","background-image":"","background-repeat":"repeat","background-position":"center center","background-size":"auto","background-attachment":"scroll","background-type":"","background-media":"","overlay-type":"","overlay-color":"","overlay-opacity":"","overlay-gradient":""},"tablet":{"background-color":"","background-image":"","background-repeat":"repeat","background-position":"center center","background-size":"auto","background-attachment":"scroll","background-type":"","background-media":"","overlay-type":"","overlay-color":"","overlay-opacity":"","overlay-gradient":""},"mobile":{"background-color":"","background-image":"","background-repeat":"repeat","background-position":"center center","background-size":"auto","background-attachment":"scroll","background-type":"","background-media":"","overlay-type":"","overlay-color":"","overlay-opacity":"","overlay-gradient":""}},"ast-content-background-meta":{"desktop":{"background-color":"var(--ast-global-color-5)","background-image":"","background-repeat":"repeat","background-position":"center center","background-size":"auto","background-attachment":"scroll","background-type":"","background-media":"","overlay-type":"","overlay-color":"","overlay-opacity":"","overlay-gradient":""},"tablet":{"background-color":"var(--ast-global-color-5)","background-image":"","background-repeat":"repeat","background-position":"center center","background-size":"auto","background-attachment":"scroll","background-type":"","background-media":"","overlay-type":"","overlay-color":"","overlay-opacity":"","overlay-gradient":""},"mobile":{"background-color":"var(--ast-global-color-5)","background-image":"","background-repeat":"repeat","background-position":"center center","background-size":"auto","background-attachment":"scroll","background-type":"","background-media":"","overlay-type":"","overlay-color":"","overlay-opacity":"","overlay-gradient":""}}},"product_brand":[],"product_cat":[1652,1907],"product_tag":[],"class_list":{"0":"post-64005","1":"product","2":"type-product","3":"status-publish","4":"has-post-thumbnail","6":"product_cat-patins-a-roulettes","7":"product_cat-roues","8":"desktop-align-center","9":"tablet-align-center","10":"mobile-align-center","11":"ast-product-gallery-layout-horizontal","12":"ast-product-single-variable","13":"ast-product-tabs-layout-horizontal","14":"ast-qv-on-image","16":"first","17":"instock","18":"sale","19":"taxable","20":"shipping-taxable","21":"purchasable","22":"product-type-variable"},"bundled_by":[],"bundle_stock_status":"instock","bundle_stock_quantity":null,"bundle_virtual":false,"bundle_layout":"","bundle_add_to_cart_form_location":"","bundle_editable_in_cart":false,"bundle_sold_individually_context":"","bundle_item_grouping":"","bundle_min_size":"","bundle_max_size":"","bundle_price":[],"bundled_items":[],"bundle_sell_ids":[],"yoast_head":"<!-- This site is optimized with the Yoast SEO plugin v27.4 - https:\/\/yoast.com\/product\/yoast-seo-wordpress\/ -->\n<title>bont glow wheels - %.<\/title>\n<meta name=\"description\" content=\"Roues lumineuses Bont. Voici les roues de patins \u00e0 roulettes Bont Glow LED. Cette roue d&#039;int\u00e9rieur\/ext\u00e9rieur utilise des lumi\u00e8res LED qui illuminent le pneu pendant que vous roulez.\" \/>\n<meta name=\"robots\" content=\"index, follow, max-snippet:-1, max-image-preview:large, max-video-preview:-1\" \/>\n<link rel=\"canonical\" href=\"https:\/\/xactskateshop.com\/fr\/produit\/roues-dexterieur-bont-glow-4\/\" \/>\n<meta property=\"og:locale\" content=\"fr_FR\" \/>\n<meta property=\"og:type\" content=\"article\" \/>\n<meta property=\"og:title\" content=\"bont glow wheels - %.\" \/>\n<meta property=\"og:description\" content=\"Roues lumineuses Bont. Voici les roues de patins \u00e0 roulettes Bont Glow LED. Cette roue d&#039;int\u00e9rieur\/ext\u00e9rieur utilise des lumi\u00e8res LED qui illuminent le pneu pendant que vous roulez.\" \/>\n<meta property=\"og:url\" content=\"https:\/\/xactskateshop.com\/fr\/produit\/roues-dexterieur-bont-glow-4\/\" \/>\n<meta property=\"og:site_name\" content=\"Xact Skate Shop\" \/>\n<meta property=\"article:publisher\" content=\"https:\/\/www.facebook.com\/JeanLouiskateshop\" \/>\n<meta property=\"og:image\" content=\"https:\/\/xactskateshop.com\/wp-content\/uploads\/2021\/02\/LED-Misty-Teal2.jpg\" \/>\n\t<meta property=\"og:image:width\" content=\"1000\" \/>\n\t<meta property=\"og:image:height\" content=\"1000\" \/>\n\t<meta property=\"og:image:type\" content=\"image\/jpeg\" \/>\n<meta name=\"twitter:card\" content=\"summary_large_image\" \/>\n<meta name=\"twitter:label1\" content=\"Dur\u00e9e de lecture estim\u00e9e\" \/>\n\t<meta name=\"twitter:data1\" content=\"1 minute\" \/>\n<script type=\"application\/ld+json\" class=\"yoast-schema-graph\">{\"@context\":\"https:\\\/\\\/schema.org\",\"@graph\":[{\"@type\":\"WebPage\",\"@id\":\"https:\\\/\\\/xactskateshop.com\\\/fr\\\/produit\\\/roues-dexterieur-bont-glow-4\\\/\",\"url\":\"https:\\\/\\\/xactskateshop.com\\\/fr\\\/produit\\\/roues-dexterieur-bont-glow-4\\\/\",\"name\":\"bont glow wheels - %.\",\"isPartOf\":{\"@id\":\"http:\\\/\\\/xactskateshop.com\\\/fr\\\/#website\"},\"primaryImageOfPage\":{\"@id\":\"https:\\\/\\\/xactskateshop.com\\\/fr\\\/produit\\\/roues-dexterieur-bont-glow-4\\\/#primaryimage\"},\"image\":{\"@id\":\"https:\\\/\\\/xactskateshop.com\\\/fr\\\/produit\\\/roues-dexterieur-bont-glow-4\\\/#primaryimage\"},\"thumbnailUrl\":\"https:\\\/\\\/xactskateshop.com\\\/wp-content\\\/uploads\\\/2021\\\/02\\\/LED-Misty-Teal2.jpg\",\"datePublished\":\"2021-02-25T21:11:01+00:00\",\"description\":\"Roues lumineuses Bont. Voici les roues de patins \u00e0 roulettes Bont Glow LED. Cette roue d'int\u00e9rieur\\\/ext\u00e9rieur utilise des lumi\u00e8res LED qui illuminent le pneu pendant que vous roulez.\",\"breadcrumb\":{\"@id\":\"https:\\\/\\\/xactskateshop.com\\\/fr\\\/produit\\\/roues-dexterieur-bont-glow-4\\\/#breadcrumb\"},\"inLanguage\":\"fr-FR\",\"potentialAction\":[{\"@type\":\"ReadAction\",\"target\":[\"https:\\\/\\\/xactskateshop.com\\\/fr\\\/produit\\\/roues-dexterieur-bont-glow-4\\\/\"]}]},{\"@type\":\"ImageObject\",\"inLanguage\":\"fr-FR\",\"@id\":\"https:\\\/\\\/xactskateshop.com\\\/fr\\\/produit\\\/roues-dexterieur-bont-glow-4\\\/#primaryimage\",\"url\":\"https:\\\/\\\/xactskateshop.com\\\/wp-content\\\/uploads\\\/2021\\\/02\\\/LED-Misty-Teal2.jpg\",\"contentUrl\":\"https:\\\/\\\/xactskateshop.com\\\/wp-content\\\/uploads\\\/2021\\\/02\\\/LED-Misty-Teal2.jpg\",\"width\":1000,\"height\":1000,\"caption\":\"bont glow wheels\"},{\"@type\":\"BreadcrumbList\",\"@id\":\"https:\\\/\\\/xactskateshop.com\\\/fr\\\/produit\\\/roues-dexterieur-bont-glow-4\\\/#breadcrumb\",\"itemListElement\":[{\"@type\":\"ListItem\",\"position\":1,\"name\":\"Home\",\"item\":\"https:\\\/\\\/xactskateshop.com\\\/fr\\\/accueil\\\/\"},{\"@type\":\"ListItem\",\"position\":2,\"name\":\"Boutique\",\"item\":\"https:\\\/\\\/xactskateshop.com\\\/shop\\\/\"},{\"@type\":\"ListItem\",\"position\":3,\"name\":\"Roues d&#8217;ext\u00e9rieur BONT Glow (4)\"}]},{\"@type\":\"WebSite\",\"@id\":\"http:\\\/\\\/xactskateshop.com\\\/fr\\\/#website\",\"url\":\"http:\\\/\\\/xactskateshop.com\\\/fr\\\/\",\"name\":\"Xact Skate Shop\",\"description\":\"Un site utilisant WordPress\",\"publisher\":{\"@id\":\"http:\\\/\\\/xactskateshop.com\\\/fr\\\/#organization\"},\"potentialAction\":[{\"@type\":\"SearchAction\",\"target\":{\"@type\":\"EntryPoint\",\"urlTemplate\":\"http:\\\/\\\/xactskateshop.com\\\/fr\\\/?s={search_term_string}\"},\"query-input\":{\"@type\":\"PropertyValueSpecification\",\"valueRequired\":true,\"valueName\":\"search_term_string\"}}],\"inLanguage\":\"fr-FR\"},{\"@type\":\"Organization\",\"@id\":\"http:\\\/\\\/xactskateshop.com\\\/fr\\\/#organization\",\"name\":\"XACT Skate Shop\",\"url\":\"http:\\\/\\\/xactskateshop.com\\\/fr\\\/\",\"logo\":{\"@type\":\"ImageObject\",\"inLanguage\":\"fr-FR\",\"@id\":\"http:\\\/\\\/xactskateshop.com\\\/fr\\\/#\\\/schema\\\/logo\\\/image\\\/\",\"url\":\"http:\\\/\\\/xactskateshop.com\\\/wp-content\\\/uploads\\\/2024\\\/04\\\/xactskateshop-dot-com-avec-contour-noir-sans-fond-675x.jpg\",\"contentUrl\":\"http:\\\/\\\/xactskateshop.com\\\/wp-content\\\/uploads\\\/2024\\\/04\\\/xactskateshop-dot-com-avec-contour-noir-sans-fond-675x.jpg\",\"width\":675,\"height\":247,\"caption\":\"XACT Skate Shop\"},\"image\":{\"@id\":\"http:\\\/\\\/xactskateshop.com\\\/fr\\\/#\\\/schema\\\/logo\\\/image\\\/\"},\"sameAs\":[\"https:\\\/\\\/www.facebook.com\\\/JeanLouiskateshop\"]}]}<\/script>\n<!-- \/ Yoast SEO plugin. -->","yoast_head_json":{"title":"bont glow wheels - %.","description":"Roues lumineuses Bont. Voici les roues de patins \u00e0 roulettes Bont Glow LED. Cette roue d'int\u00e9rieur\/ext\u00e9rieur utilise des lumi\u00e8res LED qui illuminent le pneu pendant que vous roulez.","robots":{"index":"index","follow":"follow","max-snippet":"max-snippet:-1","max-image-preview":"max-image-preview:large","max-video-preview":"max-video-preview:-1"},"canonical":"https:\/\/xactskateshop.com\/fr\/produit\/roues-dexterieur-bont-glow-4\/","og_locale":"fr_FR","og_type":"article","og_title":"bont glow wheels - %.","og_description":"Roues lumineuses Bont. Voici les roues de patins \u00e0 roulettes Bont Glow LED. Cette roue d'int\u00e9rieur\/ext\u00e9rieur utilise des lumi\u00e8res LED qui illuminent le pneu pendant que vous roulez.","og_url":"https:\/\/xactskateshop.com\/fr\/produit\/roues-dexterieur-bont-glow-4\/","og_site_name":"Xact Skate Shop","article_publisher":"https:\/\/www.facebook.com\/JeanLouiskateshop","og_image":[{"width":1000,"height":1000,"url":"https:\/\/xactskateshop.com\/wp-content\/uploads\/2021\/02\/LED-Misty-Teal2.jpg","type":"image\/jpeg"}],"twitter_card":"summary_large_image","twitter_misc":{"Dur\u00e9e de lecture estim\u00e9e":"1 minute"},"schema":{"@context":"https:\/\/schema.org","@graph":[{"@type":"WebPage","@id":"https:\/\/xactskateshop.com\/fr\/produit\/roues-dexterieur-bont-glow-4\/","url":"https:\/\/xactskateshop.com\/fr\/produit\/roues-dexterieur-bont-glow-4\/","name":"bont glow wheels - %.","isPartOf":{"@id":"http:\/\/xactskateshop.com\/fr\/#website"},"primaryImageOfPage":{"@id":"https:\/\/xactskateshop.com\/fr\/produit\/roues-dexterieur-bont-glow-4\/#primaryimage"},"image":{"@id":"https:\/\/xactskateshop.com\/fr\/produit\/roues-dexterieur-bont-glow-4\/#primaryimage"},"thumbnailUrl":"https:\/\/xactskateshop.com\/wp-content\/uploads\/2021\/02\/LED-Misty-Teal2.jpg","datePublished":"2021-02-25T21:11:01+00:00","description":"Roues lumineuses Bont. Voici les roues de patins \u00e0 roulettes Bont Glow LED. Cette roue d'int\u00e9rieur\/ext\u00e9rieur utilise des lumi\u00e8res LED qui illuminent le pneu pendant que vous roulez.","breadcrumb":{"@id":"https:\/\/xactskateshop.com\/fr\/produit\/roues-dexterieur-bont-glow-4\/#breadcrumb"},"inLanguage":"fr-FR","potentialAction":[{"@type":"ReadAction","target":["https:\/\/xactskateshop.com\/fr\/produit\/roues-dexterieur-bont-glow-4\/"]}]},{"@type":"ImageObject","inLanguage":"fr-FR","@id":"https:\/\/xactskateshop.com\/fr\/produit\/roues-dexterieur-bont-glow-4\/#primaryimage","url":"https:\/\/xactskateshop.com\/wp-content\/uploads\/2021\/02\/LED-Misty-Teal2.jpg","contentUrl":"https:\/\/xactskateshop.com\/wp-content\/uploads\/2021\/02\/LED-Misty-Teal2.jpg","width":1000,"height":1000,"caption":"bont glow wheels"},{"@type":"BreadcrumbList","@id":"https:\/\/xactskateshop.com\/fr\/produit\/roues-dexterieur-bont-glow-4\/#breadcrumb","itemListElement":[{"@type":"ListItem","position":1,"name":"Home","item":"https:\/\/xactskateshop.com\/fr\/accueil\/"},{"@type":"ListItem","position":2,"name":"Boutique","item":"https:\/\/xactskateshop.com\/shop\/"},{"@type":"ListItem","position":3,"name":"Roues d&#8217;ext\u00e9rieur BONT Glow (4)"}]},{"@type":"WebSite","@id":"http:\/\/xactskateshop.com\/fr\/#website","url":"http:\/\/xactskateshop.com\/fr\/","name":"Xact Skate Shop","description":"Un site utilisant WordPress","publisher":{"@id":"http:\/\/xactskateshop.com\/fr\/#organization"},"potentialAction":[{"@type":"SearchAction","target":{"@type":"EntryPoint","urlTemplate":"http:\/\/xactskateshop.com\/fr\/?s={search_term_string}"},"query-input":{"@type":"PropertyValueSpecification","valueRequired":true,"valueName":"search_term_string"}}],"inLanguage":"fr-FR"},{"@type":"Organization","@id":"http:\/\/xactskateshop.com\/fr\/#organization","name":"XACT Skate Shop","url":"http:\/\/xactskateshop.com\/fr\/","logo":{"@type":"ImageObject","inLanguage":"fr-FR","@id":"http:\/\/xactskateshop.com\/fr\/#\/schema\/logo\/image\/","url":"http:\/\/xactskateshop.com\/wp-content\/uploads\/2024\/04\/xactskateshop-dot-com-avec-contour-noir-sans-fond-675x.jpg","contentUrl":"http:\/\/xactskateshop.com\/wp-content\/uploads\/2024\/04\/xactskateshop-dot-com-avec-contour-noir-sans-fond-675x.jpg","width":675,"height":247,"caption":"XACT Skate Shop"},"image":{"@id":"http:\/\/xactskateshop.com\/fr\/#\/schema\/logo\/image\/"},"sameAs":["https:\/\/www.facebook.com\/JeanLouiskateshop"]}]}},"_links":{"self":[{"href":"https:\/\/xactskateshop.com\/fr\/wp-json\/wp\/v2\/product\/64005","targetHints":{"allow":["GET"]}}],"collection":[{"href":"https:\/\/xactskateshop.com\/fr\/wp-json\/wp\/v2\/product"}],"about":[{"href":"https:\/\/xactskateshop.com\/fr\/wp-json\/wp\/v2\/types\/product"}],"replies":[{"embeddable":true,"href":"https:\/\/xactskateshop.com\/fr\/wp-json\/wp\/v2\/comments?post=64005"}],"wp:featuredmedia":[{"embeddable":true,"href":"https:\/\/xactskateshop.com\/fr\/wp-json\/wp\/v2\/media\/28593"}],"wp:attachment":[{"href":"https:\/\/xactskateshop.com\/fr\/wp-json\/wp\/v2\/media?parent=64005"}],"wp:term":[{"taxonomy":"product_brand","embeddable":true,"href":"https:\/\/xactskateshop.com\/fr\/wp-json\/wp\/v2\/product_brand?post=64005"},{"taxonomy":"product_cat","embeddable":true,"href":"https:\/\/xactskateshop.com\/fr\/wp-json\/wp\/v2\/product_cat?post=64005"},{"taxonomy":"product_tag","embeddable":true,"href":"https:\/\/xactskateshop.com\/fr\/wp-json\/wp\/v2\/product_tag?post=64005"}],"curies":[{"name":"wp","href":"https:\/\/api.w.org\/{rel}","templated":true}]}}