{"id":64004,"date":"2021-02-25T15:59:35","date_gmt":"2021-02-25T20:59:35","guid":{"rendered":"http:\/\/xactskateshop.com\/product\/roues-dexterieur-bont-glide-4\/"},"modified":"2021-02-25T15:59:35","modified_gmt":"2021-02-25T20:59:35","slug":"roues-dexterieur-bont-glide-4","status":"publish","type":"product","link":"https:\/\/xactskateshop.com\/fr\/produit\/roues-dexterieur-bont-glide-4\/","title":{"rendered":"Roues d&#8217;ext\u00e9rieur BONT GLIDE (4)"},"content":{"rendered":"<div>Roues de patins \u00e0 roulettes Glide<\/div>\n<div><\/div>\n<div>La roue de patin \u00e0 roulettes d&#8217;ext\u00e9rieur Bont Glide est fabriqu\u00e9e en ur\u00e9thane \u00e0 tr\u00e8s haut rebond et, avec une duret\u00e9 de 78A durom\u00e8tre, c&#8217;est la roue parfaite pour le patinage d&#8217;ext\u00e9rieur.<\/div>\n<div><\/div>\n<div>Cette roue de patin \u00e0 roulettes a une grande adh\u00e9rence et est parfaite pour patiner sur l&#8217;asphalte, le b\u00e9ton ou les surfaces recouvertes d&#8217;ur\u00e9thane comme les courts de tennis. Le patin est doux comme de la soie et absorbe les chocs et les vibrations. <\/div>\n<div><\/div>\n<div>Cette roue de patin \u00e0 roulettes d&#8217;ext\u00e9rieur pr\u00e9sente un motif classique \u00e0 chevrons dans des couleurs pastel qui s&#8217;accorderont avec n&#8217;importe quelle chaussure de couleur pastel. Le design se marie particuli\u00e8rement bien avec la gamme de chaussures en daim de Bont, comme les ensembles de patins \u00e0 roulettes Prostar et ParkStar. <\/div>\n<div><\/div>\n<div>\n<ul>\n<li>Couleurs : Multicouleur et blanc\/violet<\/li>\n<li>Dimension : 57mm x 32mm<\/li>\n<li>Vendu en 4 paquets<\/li>\n<li>Roulements non inclus<\/li>\n<\/ul>\n<p>Trouvez d&#8217;autres mod\u00e8les <a href=\"http:\/\/xactskateshop.com\/product-category\/roller-skates\/roller-skates-wheels\/\">ici<\/a><\/p>\n<p>Vous pouvez \u00e9galement les acheter <a href=\"https:\/\/bont.ca\/collections\/roller-skate-wheels\/products\/glide-roller-skate-outdoor-wheels\">ici<\/a><\/p>\n<\/div>\n","protected":false},"excerpt":{"rendered":"<p>Roues de patins \u00e0 roulettes Glide<\/p>\n<p>La roue de patins \u00e0 roulettes d&#8217;ext\u00e9rieur Glide de Bont est fabriqu\u00e9e en ur\u00e9thane \u00e0 tr\u00e8s haut rebond et, avec une duret\u00e9 de 78A durom\u00e8tre, c&#8217;est la roue parfaite pour le patinage d&#8217;ext\u00e9rieur.<\/p>\n","protected":false},"featured_media":28589,"comment_status":"closed","ping_status":"closed","template":"","meta":{"site-sidebar-layout":"default","site-content-layout":"default","ast-site-content-layout":"default","site-content-style":"default","site-sidebar-style":"default","ast-global-header-display":"","ast-banner-title-visibility":"","ast-main-header-display":"","ast-hfb-above-header-display":"","ast-hfb-below-header-display":"","ast-hfb-mobile-header-display":"","site-post-title":"","ast-breadcrumbs-content":"","ast-featured-img":"","footer-sml-layout":"","ast-disable-related-posts":"","theme-transparent-header-meta":"default","adv-header-id-meta":"","stick-header-meta":"","header-above-stick-meta":"","header-main-stick-meta":"","header-below-stick-meta":"","astra-migrate-meta-layouts":"default","ast-page-background-enabled":"default","ast-page-background-meta":{"desktop":{"background-color":"","background-image":"","background-repeat":"repeat","background-position":"center center","background-size":"auto","background-attachment":"scroll","background-type":"","background-media":"","overlay-type":"","overlay-color":"","overlay-opacity":"","overlay-gradient":""},"tablet":{"background-color":"","background-image":"","background-repeat":"repeat","background-position":"center center","background-size":"auto","background-attachment":"scroll","background-type":"","background-media":"","overlay-type":"","overlay-color":"","overlay-opacity":"","overlay-gradient":""},"mobile":{"background-color":"","background-image":"","background-repeat":"repeat","background-position":"center center","background-size":"auto","background-attachment":"scroll","background-type":"","background-media":"","overlay-type":"","overlay-color":"","overlay-opacity":"","overlay-gradient":""}},"ast-content-background-meta":{"desktop":{"background-color":"var(--ast-global-color-5)","background-image":"","background-repeat":"repeat","background-position":"center center","background-size":"auto","background-attachment":"scroll","background-type":"","background-media":"","overlay-type":"","overlay-color":"","overlay-opacity":"","overlay-gradient":""},"tablet":{"background-color":"var(--ast-global-color-5)","background-image":"","background-repeat":"repeat","background-position":"center center","background-size":"auto","background-attachment":"scroll","background-type":"","background-media":"","overlay-type":"","overlay-color":"","overlay-opacity":"","overlay-gradient":""},"mobile":{"background-color":"var(--ast-global-color-5)","background-image":"","background-repeat":"repeat","background-position":"center center","background-size":"auto","background-attachment":"scroll","background-type":"","background-media":"","overlay-type":"","overlay-color":"","overlay-opacity":"","overlay-gradient":""}}},"product_brand":[],"product_cat":[1652,1907],"product_tag":[],"class_list":{"0":"post-64004","1":"product","2":"type-product","3":"status-publish","4":"has-post-thumbnail","6":"product_cat-patins-a-roulettes","7":"product_cat-roues","8":"desktop-align-center","9":"tablet-align-center","10":"mobile-align-center","11":"ast-product-gallery-layout-horizontal","12":"ast-product-tabs-layout-horizontal","13":"ast-qv-on-image","15":"first","16":"instock","17":"sale","18":"taxable","19":"shipping-taxable","20":"purchasable","21":"product-type-simple"},"bundled_by":[],"bundle_stock_status":"instock","bundle_stock_quantity":null,"bundle_virtual":false,"bundle_layout":"","bundle_add_to_cart_form_location":"","bundle_editable_in_cart":false,"bundle_sold_individually_context":"","bundle_item_grouping":"","bundle_min_size":"","bundle_max_size":"","bundle_price":[],"bundled_items":[],"bundle_sell_ids":[],"yoast_head":"<!-- This site is optimized with the Yoast SEO plugin v27.4 - https:\/\/yoast.com\/product\/yoast-seo-wordpress\/ -->\n<title>Roues de patins \u00e0 roulettes Glide - Xact Skate Shop.<\/title>\n<meta name=\"description\" content=\"Roues de patins \u00e0 roulettes Glide. La roue de patin \u00e0 roulettes d&#039;ext\u00e9rieur Bont Glide est fabriqu\u00e9e \u00e0 partir d&#039;ur\u00e9thane \u00e0 tr\u00e8s haut rebond et d&#039;une duret\u00e9 de 78A durom\u00e8tre.\" \/>\n<meta name=\"robots\" content=\"index, follow, max-snippet:-1, max-image-preview:large, max-video-preview:-1\" \/>\n<link rel=\"canonical\" href=\"https:\/\/xactskateshop.com\/fr\/produit\/roues-dexterieur-bont-glide-4\/\" \/>\n<meta property=\"og:locale\" content=\"fr_FR\" \/>\n<meta property=\"og:type\" content=\"article\" \/>\n<meta property=\"og:title\" content=\"Roues de patins \u00e0 roulettes Glide - Xact Skate Shop.\" \/>\n<meta property=\"og:description\" content=\"Roues de patins \u00e0 roulettes Glide. La roue de patin \u00e0 roulettes d&#039;ext\u00e9rieur Bont Glide est fabriqu\u00e9e \u00e0 partir d&#039;ur\u00e9thane \u00e0 tr\u00e8s haut rebond et d&#039;une duret\u00e9 de 78A durom\u00e8tre.\" \/>\n<meta property=\"og:url\" content=\"https:\/\/xactskateshop.com\/fr\/produit\/roues-dexterieur-bont-glide-4\/\" \/>\n<meta property=\"og:site_name\" content=\"Xact Skate Shop\" \/>\n<meta property=\"article:publisher\" content=\"https:\/\/www.facebook.com\/JeanLouiskateshop\" \/>\n<meta property=\"og:image\" content=\"https:\/\/xactskateshop.com\/wp-content\/uploads\/2021\/02\/Glide-Purple2.jpg\" \/>\n\t<meta property=\"og:image:width\" content=\"1000\" \/>\n\t<meta property=\"og:image:height\" content=\"1000\" \/>\n\t<meta property=\"og:image:type\" content=\"image\/jpeg\" \/>\n<meta name=\"twitter:card\" content=\"summary_large_image\" \/>\n<meta name=\"twitter:label1\" content=\"Dur\u00e9e de lecture estim\u00e9e\" \/>\n\t<meta name=\"twitter:data1\" content=\"1 minute\" \/>\n<script type=\"application\/ld+json\" class=\"yoast-schema-graph\">{\"@context\":\"https:\\\/\\\/schema.org\",\"@graph\":[{\"@type\":\"WebPage\",\"@id\":\"https:\\\/\\\/xactskateshop.com\\\/fr\\\/produit\\\/roues-dexterieur-bont-glide-4\\\/\",\"url\":\"https:\\\/\\\/xactskateshop.com\\\/fr\\\/produit\\\/roues-dexterieur-bont-glide-4\\\/\",\"name\":\"Roues de patins \u00e0 roulettes Glide - Xact Skate Shop.\",\"isPartOf\":{\"@id\":\"http:\\\/\\\/xactskateshop.com\\\/fr\\\/#website\"},\"primaryImageOfPage\":{\"@id\":\"https:\\\/\\\/xactskateshop.com\\\/fr\\\/produit\\\/roues-dexterieur-bont-glide-4\\\/#primaryimage\"},\"image\":{\"@id\":\"https:\\\/\\\/xactskateshop.com\\\/fr\\\/produit\\\/roues-dexterieur-bont-glide-4\\\/#primaryimage\"},\"thumbnailUrl\":\"https:\\\/\\\/xactskateshop.com\\\/wp-content\\\/uploads\\\/2021\\\/02\\\/Glide-Purple2.jpg\",\"datePublished\":\"2021-02-25T20:59:35+00:00\",\"description\":\"Roues de patins \u00e0 roulettes Glide. La roue de patin \u00e0 roulettes d'ext\u00e9rieur Bont Glide est fabriqu\u00e9e \u00e0 partir d'ur\u00e9thane \u00e0 tr\u00e8s haut rebond et d'une duret\u00e9 de 78A durom\u00e8tre.\",\"breadcrumb\":{\"@id\":\"https:\\\/\\\/xactskateshop.com\\\/fr\\\/produit\\\/roues-dexterieur-bont-glide-4\\\/#breadcrumb\"},\"inLanguage\":\"fr-FR\",\"potentialAction\":[{\"@type\":\"ReadAction\",\"target\":[\"https:\\\/\\\/xactskateshop.com\\\/fr\\\/produit\\\/roues-dexterieur-bont-glide-4\\\/\"]}]},{\"@type\":\"ImageObject\",\"inLanguage\":\"fr-FR\",\"@id\":\"https:\\\/\\\/xactskateshop.com\\\/fr\\\/produit\\\/roues-dexterieur-bont-glide-4\\\/#primaryimage\",\"url\":\"https:\\\/\\\/xactskateshop.com\\\/wp-content\\\/uploads\\\/2021\\\/02\\\/Glide-Purple2.jpg\",\"contentUrl\":\"https:\\\/\\\/xactskateshop.com\\\/wp-content\\\/uploads\\\/2021\\\/02\\\/Glide-Purple2.jpg\",\"width\":1000,\"height\":1000,\"caption\":\"Roues de patins \u00e0 roulettes Glide\"},{\"@type\":\"BreadcrumbList\",\"@id\":\"https:\\\/\\\/xactskateshop.com\\\/fr\\\/produit\\\/roues-dexterieur-bont-glide-4\\\/#breadcrumb\",\"itemListElement\":[{\"@type\":\"ListItem\",\"position\":1,\"name\":\"Home\",\"item\":\"https:\\\/\\\/xactskateshop.com\\\/fr\\\/accueil\\\/\"},{\"@type\":\"ListItem\",\"position\":2,\"name\":\"Boutique\",\"item\":\"https:\\\/\\\/xactskateshop.com\\\/shop\\\/\"},{\"@type\":\"ListItem\",\"position\":3,\"name\":\"Roues d&#8217;ext\u00e9rieur BONT GLIDE (4)\"}]},{\"@type\":\"WebSite\",\"@id\":\"http:\\\/\\\/xactskateshop.com\\\/fr\\\/#website\",\"url\":\"http:\\\/\\\/xactskateshop.com\\\/fr\\\/\",\"name\":\"Xact Skate Shop\",\"description\":\"Un site utilisant WordPress\",\"publisher\":{\"@id\":\"http:\\\/\\\/xactskateshop.com\\\/fr\\\/#organization\"},\"potentialAction\":[{\"@type\":\"SearchAction\",\"target\":{\"@type\":\"EntryPoint\",\"urlTemplate\":\"http:\\\/\\\/xactskateshop.com\\\/fr\\\/?s={search_term_string}\"},\"query-input\":{\"@type\":\"PropertyValueSpecification\",\"valueRequired\":true,\"valueName\":\"search_term_string\"}}],\"inLanguage\":\"fr-FR\"},{\"@type\":\"Organization\",\"@id\":\"http:\\\/\\\/xactskateshop.com\\\/fr\\\/#organization\",\"name\":\"XACT Skate Shop\",\"url\":\"http:\\\/\\\/xactskateshop.com\\\/fr\\\/\",\"logo\":{\"@type\":\"ImageObject\",\"inLanguage\":\"fr-FR\",\"@id\":\"http:\\\/\\\/xactskateshop.com\\\/fr\\\/#\\\/schema\\\/logo\\\/image\\\/\",\"url\":\"http:\\\/\\\/xactskateshop.com\\\/wp-content\\\/uploads\\\/2024\\\/04\\\/xactskateshop-dot-com-avec-contour-noir-sans-fond-675x.jpg\",\"contentUrl\":\"http:\\\/\\\/xactskateshop.com\\\/wp-content\\\/uploads\\\/2024\\\/04\\\/xactskateshop-dot-com-avec-contour-noir-sans-fond-675x.jpg\",\"width\":675,\"height\":247,\"caption\":\"XACT Skate Shop\"},\"image\":{\"@id\":\"http:\\\/\\\/xactskateshop.com\\\/fr\\\/#\\\/schema\\\/logo\\\/image\\\/\"},\"sameAs\":[\"https:\\\/\\\/www.facebook.com\\\/JeanLouiskateshop\"]}]}<\/script>\n<!-- \/ Yoast SEO plugin. -->","yoast_head_json":{"title":"Roues de patins \u00e0 roulettes Glide - Xact Skate Shop.","description":"Roues de patins \u00e0 roulettes Glide. La roue de patin \u00e0 roulettes d'ext\u00e9rieur Bont Glide est fabriqu\u00e9e \u00e0 partir d'ur\u00e9thane \u00e0 tr\u00e8s haut rebond et d'une duret\u00e9 de 78A durom\u00e8tre.","robots":{"index":"index","follow":"follow","max-snippet":"max-snippet:-1","max-image-preview":"max-image-preview:large","max-video-preview":"max-video-preview:-1"},"canonical":"https:\/\/xactskateshop.com\/fr\/produit\/roues-dexterieur-bont-glide-4\/","og_locale":"fr_FR","og_type":"article","og_title":"Roues de patins \u00e0 roulettes Glide - Xact Skate Shop.","og_description":"Roues de patins \u00e0 roulettes Glide. La roue de patin \u00e0 roulettes d'ext\u00e9rieur Bont Glide est fabriqu\u00e9e \u00e0 partir d'ur\u00e9thane \u00e0 tr\u00e8s haut rebond et d'une duret\u00e9 de 78A durom\u00e8tre.","og_url":"https:\/\/xactskateshop.com\/fr\/produit\/roues-dexterieur-bont-glide-4\/","og_site_name":"Xact Skate Shop","article_publisher":"https:\/\/www.facebook.com\/JeanLouiskateshop","og_image":[{"width":1000,"height":1000,"url":"https:\/\/xactskateshop.com\/wp-content\/uploads\/2021\/02\/Glide-Purple2.jpg","type":"image\/jpeg"}],"twitter_card":"summary_large_image","twitter_misc":{"Dur\u00e9e de lecture estim\u00e9e":"1 minute"},"schema":{"@context":"https:\/\/schema.org","@graph":[{"@type":"WebPage","@id":"https:\/\/xactskateshop.com\/fr\/produit\/roues-dexterieur-bont-glide-4\/","url":"https:\/\/xactskateshop.com\/fr\/produit\/roues-dexterieur-bont-glide-4\/","name":"Roues de patins \u00e0 roulettes Glide - Xact Skate Shop.","isPartOf":{"@id":"http:\/\/xactskateshop.com\/fr\/#website"},"primaryImageOfPage":{"@id":"https:\/\/xactskateshop.com\/fr\/produit\/roues-dexterieur-bont-glide-4\/#primaryimage"},"image":{"@id":"https:\/\/xactskateshop.com\/fr\/produit\/roues-dexterieur-bont-glide-4\/#primaryimage"},"thumbnailUrl":"https:\/\/xactskateshop.com\/wp-content\/uploads\/2021\/02\/Glide-Purple2.jpg","datePublished":"2021-02-25T20:59:35+00:00","description":"Roues de patins \u00e0 roulettes Glide. La roue de patin \u00e0 roulettes d'ext\u00e9rieur Bont Glide est fabriqu\u00e9e \u00e0 partir d'ur\u00e9thane \u00e0 tr\u00e8s haut rebond et d'une duret\u00e9 de 78A durom\u00e8tre.","breadcrumb":{"@id":"https:\/\/xactskateshop.com\/fr\/produit\/roues-dexterieur-bont-glide-4\/#breadcrumb"},"inLanguage":"fr-FR","potentialAction":[{"@type":"ReadAction","target":["https:\/\/xactskateshop.com\/fr\/produit\/roues-dexterieur-bont-glide-4\/"]}]},{"@type":"ImageObject","inLanguage":"fr-FR","@id":"https:\/\/xactskateshop.com\/fr\/produit\/roues-dexterieur-bont-glide-4\/#primaryimage","url":"https:\/\/xactskateshop.com\/wp-content\/uploads\/2021\/02\/Glide-Purple2.jpg","contentUrl":"https:\/\/xactskateshop.com\/wp-content\/uploads\/2021\/02\/Glide-Purple2.jpg","width":1000,"height":1000,"caption":"Roues de patins \u00e0 roulettes Glide"},{"@type":"BreadcrumbList","@id":"https:\/\/xactskateshop.com\/fr\/produit\/roues-dexterieur-bont-glide-4\/#breadcrumb","itemListElement":[{"@type":"ListItem","position":1,"name":"Home","item":"https:\/\/xactskateshop.com\/fr\/accueil\/"},{"@type":"ListItem","position":2,"name":"Boutique","item":"https:\/\/xactskateshop.com\/shop\/"},{"@type":"ListItem","position":3,"name":"Roues d&#8217;ext\u00e9rieur BONT GLIDE (4)"}]},{"@type":"WebSite","@id":"http:\/\/xactskateshop.com\/fr\/#website","url":"http:\/\/xactskateshop.com\/fr\/","name":"Xact Skate Shop","description":"Un site utilisant WordPress","publisher":{"@id":"http:\/\/xactskateshop.com\/fr\/#organization"},"potentialAction":[{"@type":"SearchAction","target":{"@type":"EntryPoint","urlTemplate":"http:\/\/xactskateshop.com\/fr\/?s={search_term_string}"},"query-input":{"@type":"PropertyValueSpecification","valueRequired":true,"valueName":"search_term_string"}}],"inLanguage":"fr-FR"},{"@type":"Organization","@id":"http:\/\/xactskateshop.com\/fr\/#organization","name":"XACT Skate Shop","url":"http:\/\/xactskateshop.com\/fr\/","logo":{"@type":"ImageObject","inLanguage":"fr-FR","@id":"http:\/\/xactskateshop.com\/fr\/#\/schema\/logo\/image\/","url":"http:\/\/xactskateshop.com\/wp-content\/uploads\/2024\/04\/xactskateshop-dot-com-avec-contour-noir-sans-fond-675x.jpg","contentUrl":"http:\/\/xactskateshop.com\/wp-content\/uploads\/2024\/04\/xactskateshop-dot-com-avec-contour-noir-sans-fond-675x.jpg","width":675,"height":247,"caption":"XACT Skate Shop"},"image":{"@id":"http:\/\/xactskateshop.com\/fr\/#\/schema\/logo\/image\/"},"sameAs":["https:\/\/www.facebook.com\/JeanLouiskateshop"]}]}},"_links":{"self":[{"href":"https:\/\/xactskateshop.com\/fr\/wp-json\/wp\/v2\/product\/64004","targetHints":{"allow":["GET"]}}],"collection":[{"href":"https:\/\/xactskateshop.com\/fr\/wp-json\/wp\/v2\/product"}],"about":[{"href":"https:\/\/xactskateshop.com\/fr\/wp-json\/wp\/v2\/types\/product"}],"replies":[{"embeddable":true,"href":"https:\/\/xactskateshop.com\/fr\/wp-json\/wp\/v2\/comments?post=64004"}],"wp:featuredmedia":[{"embeddable":true,"href":"https:\/\/xactskateshop.com\/fr\/wp-json\/wp\/v2\/media\/28589"}],"wp:attachment":[{"href":"https:\/\/xactskateshop.com\/fr\/wp-json\/wp\/v2\/media?parent=64004"}],"wp:term":[{"taxonomy":"product_brand","embeddable":true,"href":"https:\/\/xactskateshop.com\/fr\/wp-json\/wp\/v2\/product_brand?post=64004"},{"taxonomy":"product_cat","embeddable":true,"href":"https:\/\/xactskateshop.com\/fr\/wp-json\/wp\/v2\/product_cat?post=64004"},{"taxonomy":"product_tag","embeddable":true,"href":"https:\/\/xactskateshop.com\/fr\/wp-json\/wp\/v2\/product_tag?post=64004"}],"curies":[{"name":"wp","href":"https:\/\/api.w.org\/{rel}","templated":true}]}}