{"id":63993,"date":"2021-01-23T12:27:37","date_gmt":"2021-01-23T17:27:37","guid":{"rendered":"http:\/\/xactskateshop.com\/product\/cadomotus-versatile-3-paquet-4x100-4x110-3x125\/"},"modified":"2021-01-23T12:27:37","modified_gmt":"2021-01-23T17:27:37","slug":"cadomotus-versatile-3-paquet-4x100-4x110-3x125","status":"publish","type":"product","link":"https:\/\/xactskateshop.com\/fr\/produit\/cadomotus-versatile-3-paquet-4x100-4x110-3x125\/","title":{"rendered":"CADOMOTUS VERSATILE 3 Paquet 4&#215;100 &#8211; 4&#215;110 &#8211; 3&#215;125"},"content":{"rendered":"<div class=\"content-block\">\n<div class=\"content-inner\">\n<div class=\"content-left\">\n<div id=\"product-content\" class=\"product-content general-content content-col mobile-popup\" data-popup=\"product-content\">\n<div class=\"popup-inner\">\n<div class=\"title-small title-font\">\n<div id=\"product-content\" class=\"product-content general-content content-col mobile-popup\" data-popup=\"product-content\">\n<div class=\"popup-inner\">\n<div class=\"title-small title-font\">\n<div class=\"content-left\">\n<div id=\"product-content\" class=\"product-content general-content content-col mobile-popup\" data-popup=\"product-content\">\n<div class=\"popup-inner\">\n<h2 class=\"title-small title-font\">CADOMOTUS VERSATILE 3 Paquet 4&#215;100 &#8211; 4&#215;110 &#8211; 3&#215;125<\/h2>\n<p>Cet ensemble CADOMOTUS VERSATILE 3 soutient mieux la cheville et transforme un patin 4x100mm ou 4x110mm en 3x125mm. Vous pouvez avoir toutes les configurations possibles de patins \u00e0 roues align\u00e9es pour le prix d&#8217;un seul patin de vitesse. Commencez avec des roues de 4&#215;100 millim\u00e8tres lorsque vous \u00eates d\u00e9butant, puis passez \u00e0 3 ou 4x110mm et enfin \u00e0 3 grandes roues de 125mm pour des vitesses plus \u00e9lev\u00e9es !  <\/p>\n<h6><\/h6>\n<h6>***Fourni avec des roues de 3x125mm (100mm et 110mm vendus s\u00e9par\u00e9ment)!***<\/h6>\n<h2><\/h2>\n<h2>Patinage d&#8217;entr\u00e9e de gamme pour les futurs champions<\/h2>\n<p>Notre patin d&#8217;entr\u00e9e de gamme est la d\u00e9finition m\u00eame de Versatile &#8211; c&#8217;est facilement l&#8217;ensemble de d\u00e9part le plus rapide et le plus agile du sport. Officiellement adopt\u00e9 par le National Speedskating Circuit en tant que patin de ligue, le patin de vitesse en ligne C\u00e1domotus Versatile est le patin que les futurs professionnels porteront d\u00e8s leur naissance. <\/p>\n<p>Le Versatile est un patin de vitesse en ligne construit sur notre plateforme de stabilit\u00e9 Ci1, de sorte que votre patineur b\u00e9n\u00e9ficie d&#8217;un support rigide pour commencer \u00e0 d\u00e9velopper sa puissance. Combin\u00e9 \u00e0 notre cadre Transformer innovant, c&#8217;est le patin qui mettra votre d\u00e9butant sur la voie rapide du podium, en l&#8217;aidant \u00e0 d\u00e9velopper la technique d&#8217;un champion du monde. <\/p>\n<p>Nos innovations en mati\u00e8re de stabilit\u00e9, de r\u00e9ponse et de fonction pure se retrouvent dans ce kit de d\u00e9marrage haut de gamme. Comme nos lignes les plus populaires, le Versatile est \u00e9quip\u00e9 du cadre C\u00e1domotus Competition Transformer, un cadre avec lequel votre patineur apprendra la technique, s&#8217;entra\u00eenera et finira par grandir. Con\u00e7u pour leur permettre de commencer avec la configuration appropri\u00e9e pour de jeunes jambes, 4 x 100 mm. Une fois qu&#8217;il a atteint le stade de la comp\u00e9tence, il suffit d&#8217;un simple ajustement pour passer \u00e0 une configuration 3 x 110 mm enti\u00e8rement fonctionnelle, et \u00e0 partir de l\u00e0, le ciel est la limite. C&#8217;est un cadre de patinage de vitesse en ligne sur lequel ils pourront patiner pendant des ann\u00e9es.    <\/p>\n<h2>La voie du succ\u00e8s<\/h2>\n<p>C\u00e1domotus est connu pour l&#8217;intention tr\u00e8s pr\u00e9cise qui se cache derri\u00e8re chaque foul\u00e9e que vous ferez sur nos patins. Le Versatile est en grande partie une \u00e9tude de la progression, de la ligne de touche au podium sur une plate-forme de puissance d\u00e9velopp\u00e9e avec intelligence, perfectionn\u00e9e avec pratique : <\/p>\n<ul>\n<li>De la lenteur \u00e0 la fluidit\u00e9 : Vous commencez sur un \u00e9quipement de 4 x 110 mm, en d\u00e9veloppant des comp\u00e9tences critiques, la forme et la force.<\/li>\n<li>De la fluidit\u00e9 \u00e0 la vitesse : Au fur et \u00e0 mesure que la m\u00e9moire musculaire et la force se d\u00e9veloppent, vous passez \u00e0 la configuration 3 x 125 mm et le rythme s&#8217;intensifie.<\/li>\n<li>De la vitesse \u00e0 la puissance : La ma\u00eetrise de la commande et du contr\u00f4le vous permet de vous concentrer sur une forme optimale, en patinant sur une base de puissance solide.<\/li>\n<li>De la puissance au podium : Le royaume des champions vous attend !<\/li>\n<\/ul>\n<h4>Les mod\u00e8les Versatile et Agility-3 sont disponibles avec les configurations de ch\u00e2ssis suivantes :<\/h4>\n<p>&nbsp;<\/p>\n<ul>\n<li><strong>4&#215;100 :<\/strong> Taille 37-42 12.8&#8243;\/325mm (prend aussi 3&#215;125)<\/li>\n<li><strong>3&#215;125 :<\/strong> Taille 37-40 12.8&#8243;\/325mm (accepte aussi 4&#215;100) <strong>ou<\/strong> Taille 41-47 13.2&#8243;\/335mm (accepte aussi 4&#215;110)<\/li>\n<\/ul>\n<div><\/div>\n<div>Emmenez vos patins de vitesse \u00e0 la course dans notre c\u00e9l\u00e8bre <a title=\"Pour les patineurs en ligne s\u00e9rieux qui se d\u00e9placent fr\u00e9quemment pour participer \u00e0 des comp\u00e9titions.\" href=\"https:\/\/www.cadomotus.com\/en\/sports\/inline-speed-skating\/skate-bags\/\" target=\"_blank\" rel=\"noopener noreferrer\">sac \u00e0 dos pour patins<\/a>!<\/div>\n<\/div>\n<\/div>\n<div class=\"content-col specs mobile-popup\" data-popup=\"product-specs\">\n<div class=\"popup-inner\">\n<div><\/div>\n<h3 class=\"title-small title-font\">Sp\u00e9cifications<\/h3>\n<ul>\n<li><strong>Gamme de tailles : <\/strong>37-47<\/li>\n<li><strong>Configuration des roues : <\/strong>3x125mm<\/li>\n<li><strong>Max. Taille de la roue :   <\/strong>125 mm<\/li>\n<li><strong>Longueur (po) : <\/strong>12.8 (37-40) | 13.2 (41-47)<\/li>\n<li><strong>Pas (mm) : <\/strong>11<\/li>\n<li><strong>Moulabilit\u00e9 : <\/strong>Talon + Cheville<\/li>\n<li><strong>Composite de la coque : <\/strong>Fibre de verre<\/li>\n<li><strong>Tissu sup\u00e9rieur : <\/strong>Cuir microfibre<\/li>\n<li><strong>Doublure de botte : <\/strong>N\u00e9opr\u00e8ne<\/li>\n<li><strong>Fermeture : <\/strong>Boucle \u00e0 cliquet + lacets<\/li>\n<\/ul>\n<\/div>\n<\/div>\n<\/div>\n<div class=\"content-right\">\n<div class=\"related-products mobile-popup\" data-popup=\"product-related\">\n<div class=\"popup-inner\"><\/div>\n<\/div>\n<\/div>\n<\/div>\n<\/div>\n<\/div>\n<\/div>\n<\/div>\n<\/div>\n<\/div>\n<\/div>\n<\/div>\n","protected":false},"excerpt":{"rendered":"<hr>\n<p style=\"text-align: center;\">Ce patin de vitesse en ligne soutient mieux la cheville et transforme un patin 4x100mm ou 4x110mm en 3x125mm. Vous pouvez avoir toutes les configurations possibles pour le prix d&#8217;un seul patin de vitesse. Commencez par des roues de 4&#215;100 millim\u00e8tres lorsque vous \u00eates d\u00e9butant, puis passez \u00e0 3 ou 4x110mm et enfin \u00e0 3 grandes roues de 125mm pour des vitesses plus \u00e9lev\u00e9es !  <\/p>\n<hr>\n<p>&nbsp;<\/p>\n","protected":false},"featured_media":28449,"comment_status":"closed","ping_status":"closed","template":"","meta":{"site-sidebar-layout":"default","site-content-layout":"default","ast-site-content-layout":"default","site-content-style":"default","site-sidebar-style":"default","ast-global-header-display":"","ast-banner-title-visibility":"","ast-main-header-display":"","ast-hfb-above-header-display":"","ast-hfb-below-header-display":"","ast-hfb-mobile-header-display":"","site-post-title":"","ast-breadcrumbs-content":"","ast-featured-img":"","footer-sml-layout":"","theme-transparent-header-meta":"default","adv-header-id-meta":"","stick-header-meta":"","header-above-stick-meta":"","header-main-stick-meta":"","header-below-stick-meta":"","astra-migrate-meta-layouts":"default","ast-page-background-enabled":"default","ast-page-background-meta":{"desktop":{"background-color":"","background-image":"","background-repeat":"repeat","background-position":"center center","background-size":"auto","background-attachment":"scroll","background-type":"","background-media":"","overlay-type":"","overlay-color":"","overlay-opacity":"","overlay-gradient":""},"tablet":{"background-color":"","background-image":"","background-repeat":"repeat","background-position":"center center","background-size":"auto","background-attachment":"scroll","background-type":"","background-media":"","overlay-type":"","overlay-color":"","overlay-opacity":"","overlay-gradient":""},"mobile":{"background-color":"","background-image":"","background-repeat":"repeat","background-position":"center center","background-size":"auto","background-attachment":"scroll","background-type":"","background-media":"","overlay-type":"","overlay-color":"","overlay-opacity":"","overlay-gradient":""}},"ast-content-background-meta":{"desktop":{"background-color":"var(--ast-global-color-5)","background-image":"","background-repeat":"repeat","background-position":"center center","background-size":"auto","background-attachment":"scroll","background-type":"","background-media":"","overlay-type":"","overlay-color":"","overlay-opacity":"","overlay-gradient":""},"tablet":{"background-color":"var(--ast-global-color-5)","background-image":"","background-repeat":"repeat","background-position":"center center","background-size":"auto","background-attachment":"scroll","background-type":"","background-media":"","overlay-type":"","overlay-color":"","overlay-opacity":"","overlay-gradient":""},"mobile":{"background-color":"var(--ast-global-color-5)","background-image":"","background-repeat":"repeat","background-position":"center center","background-size":"auto","background-attachment":"scroll","background-type":"","background-media":"","overlay-type":"","overlay-color":"","overlay-opacity":"","overlay-gradient":""}}},"product_brand":[],"product_cat":[1728,1589],"product_tag":[],"class_list":{"0":"post-63993","1":"product","2":"type-product","3":"status-publish","4":"has-post-thumbnail","6":"product_cat-ensembles-de-patinage-a-roues-alignees","7":"product_cat-patinage-de-vitesse-a-roues-alignees","8":"desktop-align-center","9":"tablet-align-center","10":"mobile-align-center","11":"ast-product-gallery-layout-horizontal","12":"ast-product-single-variable","13":"ast-product-tabs-layout-horizontal","14":"ast-qv-on-image","16":"first","17":"instock","18":"sale","19":"taxable","20":"shipping-taxable","21":"purchasable","22":"product-type-variable"},"bundled_by":[],"bundle_stock_status":"instock","bundle_stock_quantity":null,"bundle_virtual":false,"bundle_layout":"","bundle_add_to_cart_form_location":"","bundle_editable_in_cart":false,"bundle_sold_individually_context":"","bundle_item_grouping":"","bundle_min_size":"","bundle_max_size":"","bundle_price":[],"bundled_items":[],"bundle_sell_ids":[],"yoast_head":"<!-- This site is optimized with the Yoast SEO plugin v27.3 - https:\/\/yoast.com\/product\/yoast-seo-wordpress\/ -->\n<title>CADOMOTUS VERSATILE 3 Paquet 4x100 - 4x110 - 3x125 - Xact Skate Shop<\/title>\n<meta name=\"description\" content=\"CADOMOTUS VERSATILE 3 Package. Ce patin de vitesse en ligne soutient mieux la cheville et transforme un patin 4x100mm ou 4x110mm en 3x125mm.\" \/>\n<meta name=\"robots\" content=\"index, follow, max-snippet:-1, max-image-preview:large, max-video-preview:-1\" \/>\n<link rel=\"canonical\" href=\"https:\/\/xactskateshop.com\/fr\/produit\/cadomotus-versatile-3-paquet-4x100-4x110-3x125\/\" \/>\n<meta property=\"og:locale\" content=\"fr_FR\" \/>\n<meta property=\"og:type\" content=\"article\" \/>\n<meta property=\"og:title\" content=\"CADOMOTUS VERSATILE 3 Paquet 4x100 - 4x110 - 3x125 - Xact Skate Shop\" \/>\n<meta property=\"og:description\" content=\"CADOMOTUS VERSATILE 3 Package. Ce patin de vitesse en ligne soutient mieux la cheville et transforme un patin 4x100mm ou 4x110mm en 3x125mm.\" \/>\n<meta property=\"og:url\" content=\"https:\/\/xactskateshop.com\/fr\/produit\/cadomotus-versatile-3-paquet-4x100-4x110-3x125\/\" \/>\n<meta property=\"og:site_name\" content=\"Xact Skate Shop\" \/>\n<meta property=\"article:publisher\" content=\"https:\/\/www.facebook.com\/JeanLouiskateshop\" \/>\n<meta property=\"og:image\" content=\"https:\/\/xactskateshop.com\/wp-content\/uploads\/2021\/01\/versatile-3-3x125-1.jpg\" \/>\n\t<meta property=\"og:image:width\" content=\"1000\" \/>\n\t<meta property=\"og:image:height\" content=\"1000\" \/>\n\t<meta property=\"og:image:type\" content=\"image\/jpeg\" \/>\n<meta name=\"twitter:card\" content=\"summary_large_image\" \/>\n<meta name=\"twitter:label1\" content=\"Dur\u00e9e de lecture estim\u00e9e\" \/>\n\t<meta name=\"twitter:data1\" content=\"3 minutes\" \/>\n<script type=\"application\/ld+json\" class=\"yoast-schema-graph\">{\"@context\":\"https:\\\/\\\/schema.org\",\"@graph\":[{\"@type\":\"WebPage\",\"@id\":\"https:\\\/\\\/xactskateshop.com\\\/fr\\\/produit\\\/cadomotus-versatile-3-paquet-4x100-4x110-3x125\\\/\",\"url\":\"https:\\\/\\\/xactskateshop.com\\\/fr\\\/produit\\\/cadomotus-versatile-3-paquet-4x100-4x110-3x125\\\/\",\"name\":\"CADOMOTUS VERSATILE 3 Paquet 4x100 - 4x110 - 3x125 - Xact Skate Shop\",\"isPartOf\":{\"@id\":\"http:\\\/\\\/xactskateshop.com\\\/fr\\\/#website\"},\"primaryImageOfPage\":{\"@id\":\"https:\\\/\\\/xactskateshop.com\\\/fr\\\/produit\\\/cadomotus-versatile-3-paquet-4x100-4x110-3x125\\\/#primaryimage\"},\"image\":{\"@id\":\"https:\\\/\\\/xactskateshop.com\\\/fr\\\/produit\\\/cadomotus-versatile-3-paquet-4x100-4x110-3x125\\\/#primaryimage\"},\"thumbnailUrl\":\"https:\\\/\\\/xactskateshop.com\\\/wp-content\\\/uploads\\\/2021\\\/01\\\/versatile-3-3x125-1.jpg\",\"datePublished\":\"2021-01-23T17:27:37+00:00\",\"description\":\"CADOMOTUS VERSATILE 3 Package. Ce patin de vitesse en ligne soutient mieux la cheville et transforme un patin 4x100mm ou 4x110mm en 3x125mm.\",\"breadcrumb\":{\"@id\":\"https:\\\/\\\/xactskateshop.com\\\/fr\\\/produit\\\/cadomotus-versatile-3-paquet-4x100-4x110-3x125\\\/#breadcrumb\"},\"inLanguage\":\"fr-FR\",\"potentialAction\":[{\"@type\":\"ReadAction\",\"target\":[\"https:\\\/\\\/xactskateshop.com\\\/fr\\\/produit\\\/cadomotus-versatile-3-paquet-4x100-4x110-3x125\\\/\"]}]},{\"@type\":\"ImageObject\",\"inLanguage\":\"fr-FR\",\"@id\":\"https:\\\/\\\/xactskateshop.com\\\/fr\\\/produit\\\/cadomotus-versatile-3-paquet-4x100-4x110-3x125\\\/#primaryimage\",\"url\":\"https:\\\/\\\/xactskateshop.com\\\/wp-content\\\/uploads\\\/2021\\\/01\\\/versatile-3-3x125-1.jpg\",\"contentUrl\":\"https:\\\/\\\/xactskateshop.com\\\/wp-content\\\/uploads\\\/2021\\\/01\\\/versatile-3-3x125-1.jpg\",\"width\":1000,\"height\":1000,\"caption\":\"Cadomotus patine polyvalente\"},{\"@type\":\"BreadcrumbList\",\"@id\":\"https:\\\/\\\/xactskateshop.com\\\/fr\\\/produit\\\/cadomotus-versatile-3-paquet-4x100-4x110-3x125\\\/#breadcrumb\",\"itemListElement\":[{\"@type\":\"ListItem\",\"position\":1,\"name\":\"Home\",\"item\":\"https:\\\/\\\/xactskateshop.com\\\/fr\\\/accueil\\\/\"},{\"@type\":\"ListItem\",\"position\":2,\"name\":\"Boutique\",\"item\":\"https:\\\/\\\/xactskateshop.com\\\/shop\\\/\"},{\"@type\":\"ListItem\",\"position\":3,\"name\":\"CADOMOTUS VERSATILE 3 Paquet 4&#215;100 &#8211; 4&#215;110 &#8211; 3&#215;125\"}]},{\"@type\":\"WebSite\",\"@id\":\"http:\\\/\\\/xactskateshop.com\\\/fr\\\/#website\",\"url\":\"http:\\\/\\\/xactskateshop.com\\\/fr\\\/\",\"name\":\"Xact Skate Shop\",\"description\":\"Un site utilisant WordPress\",\"publisher\":{\"@id\":\"http:\\\/\\\/xactskateshop.com\\\/fr\\\/#organization\"},\"potentialAction\":[{\"@type\":\"SearchAction\",\"target\":{\"@type\":\"EntryPoint\",\"urlTemplate\":\"http:\\\/\\\/xactskateshop.com\\\/fr\\\/?s={search_term_string}\"},\"query-input\":{\"@type\":\"PropertyValueSpecification\",\"valueRequired\":true,\"valueName\":\"search_term_string\"}}],\"inLanguage\":\"fr-FR\"},{\"@type\":\"Organization\",\"@id\":\"http:\\\/\\\/xactskateshop.com\\\/fr\\\/#organization\",\"name\":\"XACT Skate Shop\",\"url\":\"http:\\\/\\\/xactskateshop.com\\\/fr\\\/\",\"logo\":{\"@type\":\"ImageObject\",\"inLanguage\":\"fr-FR\",\"@id\":\"http:\\\/\\\/xactskateshop.com\\\/fr\\\/#\\\/schema\\\/logo\\\/image\\\/\",\"url\":\"http:\\\/\\\/xactskateshop.com\\\/wp-content\\\/uploads\\\/2024\\\/04\\\/xactskateshop-dot-com-avec-contour-noir-sans-fond-675x.jpg\",\"contentUrl\":\"http:\\\/\\\/xactskateshop.com\\\/wp-content\\\/uploads\\\/2024\\\/04\\\/xactskateshop-dot-com-avec-contour-noir-sans-fond-675x.jpg\",\"width\":675,\"height\":247,\"caption\":\"XACT Skate Shop\"},\"image\":{\"@id\":\"http:\\\/\\\/xactskateshop.com\\\/fr\\\/#\\\/schema\\\/logo\\\/image\\\/\"},\"sameAs\":[\"https:\\\/\\\/www.facebook.com\\\/JeanLouiskateshop\"]}]}<\/script>\n<!-- \/ Yoast SEO plugin. -->","yoast_head_json":{"title":"CADOMOTUS VERSATILE 3 Paquet 4x100 - 4x110 - 3x125 - Xact Skate Shop","description":"CADOMOTUS VERSATILE 3 Package. Ce patin de vitesse en ligne soutient mieux la cheville et transforme un patin 4x100mm ou 4x110mm en 3x125mm.","robots":{"index":"index","follow":"follow","max-snippet":"max-snippet:-1","max-image-preview":"max-image-preview:large","max-video-preview":"max-video-preview:-1"},"canonical":"https:\/\/xactskateshop.com\/fr\/produit\/cadomotus-versatile-3-paquet-4x100-4x110-3x125\/","og_locale":"fr_FR","og_type":"article","og_title":"CADOMOTUS VERSATILE 3 Paquet 4x100 - 4x110 - 3x125 - Xact Skate Shop","og_description":"CADOMOTUS VERSATILE 3 Package. Ce patin de vitesse en ligne soutient mieux la cheville et transforme un patin 4x100mm ou 4x110mm en 3x125mm.","og_url":"https:\/\/xactskateshop.com\/fr\/produit\/cadomotus-versatile-3-paquet-4x100-4x110-3x125\/","og_site_name":"Xact Skate Shop","article_publisher":"https:\/\/www.facebook.com\/JeanLouiskateshop","og_image":[{"width":1000,"height":1000,"url":"https:\/\/xactskateshop.com\/wp-content\/uploads\/2021\/01\/versatile-3-3x125-1.jpg","type":"image\/jpeg"}],"twitter_card":"summary_large_image","twitter_misc":{"Dur\u00e9e de lecture estim\u00e9e":"3 minutes"},"schema":{"@context":"https:\/\/schema.org","@graph":[{"@type":"WebPage","@id":"https:\/\/xactskateshop.com\/fr\/produit\/cadomotus-versatile-3-paquet-4x100-4x110-3x125\/","url":"https:\/\/xactskateshop.com\/fr\/produit\/cadomotus-versatile-3-paquet-4x100-4x110-3x125\/","name":"CADOMOTUS VERSATILE 3 Paquet 4x100 - 4x110 - 3x125 - Xact Skate Shop","isPartOf":{"@id":"http:\/\/xactskateshop.com\/fr\/#website"},"primaryImageOfPage":{"@id":"https:\/\/xactskateshop.com\/fr\/produit\/cadomotus-versatile-3-paquet-4x100-4x110-3x125\/#primaryimage"},"image":{"@id":"https:\/\/xactskateshop.com\/fr\/produit\/cadomotus-versatile-3-paquet-4x100-4x110-3x125\/#primaryimage"},"thumbnailUrl":"https:\/\/xactskateshop.com\/wp-content\/uploads\/2021\/01\/versatile-3-3x125-1.jpg","datePublished":"2021-01-23T17:27:37+00:00","description":"CADOMOTUS VERSATILE 3 Package. Ce patin de vitesse en ligne soutient mieux la cheville et transforme un patin 4x100mm ou 4x110mm en 3x125mm.","breadcrumb":{"@id":"https:\/\/xactskateshop.com\/fr\/produit\/cadomotus-versatile-3-paquet-4x100-4x110-3x125\/#breadcrumb"},"inLanguage":"fr-FR","potentialAction":[{"@type":"ReadAction","target":["https:\/\/xactskateshop.com\/fr\/produit\/cadomotus-versatile-3-paquet-4x100-4x110-3x125\/"]}]},{"@type":"ImageObject","inLanguage":"fr-FR","@id":"https:\/\/xactskateshop.com\/fr\/produit\/cadomotus-versatile-3-paquet-4x100-4x110-3x125\/#primaryimage","url":"https:\/\/xactskateshop.com\/wp-content\/uploads\/2021\/01\/versatile-3-3x125-1.jpg","contentUrl":"https:\/\/xactskateshop.com\/wp-content\/uploads\/2021\/01\/versatile-3-3x125-1.jpg","width":1000,"height":1000,"caption":"Cadomotus patine polyvalente"},{"@type":"BreadcrumbList","@id":"https:\/\/xactskateshop.com\/fr\/produit\/cadomotus-versatile-3-paquet-4x100-4x110-3x125\/#breadcrumb","itemListElement":[{"@type":"ListItem","position":1,"name":"Home","item":"https:\/\/xactskateshop.com\/fr\/accueil\/"},{"@type":"ListItem","position":2,"name":"Boutique","item":"https:\/\/xactskateshop.com\/shop\/"},{"@type":"ListItem","position":3,"name":"CADOMOTUS VERSATILE 3 Paquet 4&#215;100 &#8211; 4&#215;110 &#8211; 3&#215;125"}]},{"@type":"WebSite","@id":"http:\/\/xactskateshop.com\/fr\/#website","url":"http:\/\/xactskateshop.com\/fr\/","name":"Xact Skate Shop","description":"Un site utilisant WordPress","publisher":{"@id":"http:\/\/xactskateshop.com\/fr\/#organization"},"potentialAction":[{"@type":"SearchAction","target":{"@type":"EntryPoint","urlTemplate":"http:\/\/xactskateshop.com\/fr\/?s={search_term_string}"},"query-input":{"@type":"PropertyValueSpecification","valueRequired":true,"valueName":"search_term_string"}}],"inLanguage":"fr-FR"},{"@type":"Organization","@id":"http:\/\/xactskateshop.com\/fr\/#organization","name":"XACT Skate Shop","url":"http:\/\/xactskateshop.com\/fr\/","logo":{"@type":"ImageObject","inLanguage":"fr-FR","@id":"http:\/\/xactskateshop.com\/fr\/#\/schema\/logo\/image\/","url":"http:\/\/xactskateshop.com\/wp-content\/uploads\/2024\/04\/xactskateshop-dot-com-avec-contour-noir-sans-fond-675x.jpg","contentUrl":"http:\/\/xactskateshop.com\/wp-content\/uploads\/2024\/04\/xactskateshop-dot-com-avec-contour-noir-sans-fond-675x.jpg","width":675,"height":247,"caption":"XACT Skate Shop"},"image":{"@id":"http:\/\/xactskateshop.com\/fr\/#\/schema\/logo\/image\/"},"sameAs":["https:\/\/www.facebook.com\/JeanLouiskateshop"]}]}},"_links":{"self":[{"href":"https:\/\/xactskateshop.com\/fr\/wp-json\/wp\/v2\/product\/63993","targetHints":{"allow":["GET"]}}],"collection":[{"href":"https:\/\/xactskateshop.com\/fr\/wp-json\/wp\/v2\/product"}],"about":[{"href":"https:\/\/xactskateshop.com\/fr\/wp-json\/wp\/v2\/types\/product"}],"replies":[{"embeddable":true,"href":"https:\/\/xactskateshop.com\/fr\/wp-json\/wp\/v2\/comments?post=63993"}],"wp:featuredmedia":[{"embeddable":true,"href":"https:\/\/xactskateshop.com\/fr\/wp-json\/wp\/v2\/media\/28449"}],"wp:attachment":[{"href":"https:\/\/xactskateshop.com\/fr\/wp-json\/wp\/v2\/media?parent=63993"}],"wp:term":[{"taxonomy":"product_brand","embeddable":true,"href":"https:\/\/xactskateshop.com\/fr\/wp-json\/wp\/v2\/product_brand?post=63993"},{"taxonomy":"product_cat","embeddable":true,"href":"https:\/\/xactskateshop.com\/fr\/wp-json\/wp\/v2\/product_cat?post=63993"},{"taxonomy":"product_tag","embeddable":true,"href":"https:\/\/xactskateshop.com\/fr\/wp-json\/wp\/v2\/product_tag?post=63993"}],"curies":[{"name":"wp","href":"https:\/\/api.w.org\/{rel}","templated":true}]}}