{"id":63952,"date":"2021-01-23T14:51:31","date_gmt":"2021-01-23T19:51:31","guid":{"rendered":"http:\/\/xactskateshop.com\/product\/cadomotus-cadre-comp-tr3-inline-4x110-3x125\/"},"modified":"2021-01-23T14:51:31","modified_gmt":"2021-01-23T19:51:31","slug":"cadomotus-cadre-comp-tr3-inline-4x110-3x125","status":"publish","type":"product","link":"https:\/\/xactskateshop.com\/fr\/produit\/cadomotus-cadre-comp-tr3-inline-4x110-3x125\/","title":{"rendered":"CADOMOTUS Cadre Comp TR3 Inline 4&#215;110 &#8211; 3&#215;125"},"content":{"rendered":"<h2>CADOMOTUS Cadre Comp TR3 Inline 4&#215;110 &#8211; 3&#215;125<\/h2>\n<p>Ce cadre CADOMOTUS Comp TR3 Inline Frame est con\u00e7u pour accueillir des roues de 4x100mm ou de 3x125mm dans un seul cadre. Sur les cadres de patins de vitesse C\u00e1domotus Transformer, vous n&#8217;avez pas besoin de changer vos cadres de patins en ligne si vous voulez patiner sur des roues de 110mm sur la piste ou sur des roues plus grandes de 125mm sur la route. <\/p>\n<h3><\/h3>\n<h3><strong>Mettre \u00e0 jour vos habitudes de patinage<\/strong><\/h3>\n<p>Utilitaire multi-cadres sur lequel vous pouvez construire&#8230;<\/p>\n<p>Les d\u00e9butants sont de toutes formes, tailles et capacit\u00e9s. Le C\u00e1domotus Competition Transformer est un cadre inline avec lequel vous pouvez apprendre, vous entra\u00eener et \u00e9ventuellement grandir. Construit sur une plateforme l\u00e9g\u00e8re qui partage les m\u00eames am\u00e9liorations et caract\u00e9ristiques de conception que le cadre DualBox5 nouvellement innovant. Les patineurs peuvent, avec le cadre 12.4 ou 12.8&#8243;, choisir entre une configuration de roues 3 x 110mm ou plus standard 4 x 100mm pour comprendre les avantages que chaque configuration a \u00e0 offrir.   <\/p>\n<p>Pour les athl\u00e8tes plus exp\u00e9riment\u00e9s ou plus grands, vous pouvez passer de 4 x 110 mm \u00e0 3 x 125 mm, et le cadre de 13,2&#8243; vous permettra de patiner pendant des ann\u00e9es. L&#8217;utilit\u00e9 multi-cadres de la Comp TR en fait un choix rentable qui ne sacrifie pas la qualit\u00e9, la fonction ou la performance. <\/p>\n<p>Lorsque vous d\u00e9butez dans le sport, tout ce que vous pouvez apprendre rapidement gr\u00e2ce \u00e0 l&#8217;exp\u00e9rience vous rapportera des dividendes \u00e0 long terme. Ce cadre est sp\u00e9cialement con\u00e7u pour acc\u00e9l\u00e9rer votre courbe d&#8217;apprentissage et vous permettre d&#8217;atteindre le niveau suivant plus rapidement que n&#8217;importe quelle autre technologie de cadre sur le march\u00e9 aujourd&#8217;hui. <\/p>\n<p>Comprendre rapidement comment la taille des roues, la hauteur du pont et le poids influencent votre capacit\u00e9 \u00e0 pousser, \u00e0 man\u0153uvrer et \u00e0 contr\u00f4ler. Cela vous permet de d\u00e9couvrir ce que d&#8217;autres patineurs ont mis des ann\u00e9es \u00e0 comprendre &#8211; les effets directs de la physique sur la forme et la performance. <\/p>\n<p>Vous atteindrez un niveau sup\u00e9rieur \u00e0 celui du reste de la meute en comprenant vous-m\u00eame ces le\u00e7ons importantes. Avec un seul cadre, vous trouverez votre meilleure configuration et votre meilleure forme plus rapidement que n&#8217;importe lequel d&#8217;entre eux. Le Comp TR est un cadre qui vous aidera \u00e0 passer \u00e0 travers un r\u00e9gime de base avec le soutien, la r\u00e9ponse et la flexibilit\u00e9 dont vous avez besoin pour d\u00e9velopper rapidement vos comp\u00e9tences, votre vitesse et votre endurance.  <\/p>\n<h3 class=\"title-small title-font\">Sp\u00e9cifications du cadre Comp TR3 Inline Frame<\/h3>\n<ul>\n<li><strong>Configuration des roues : <\/strong>2 en 1 (3W ou 4W)<\/li>\n<li><strong>Longueur (in) : <\/strong>12.8 \/ 13.2<\/li>\n<li><strong>S\u00e9paration des montures (mm) : <\/strong>195<\/li>\n<li><strong>Meilleure longueur de vis (mm) : <\/strong>14<\/li>\n<li><strong>Alliage : <\/strong>6061<\/li>\n<li><strong>Profil : <\/strong>Dualbox\u00ae6<\/li>\n<\/ul>\n","protected":false},"excerpt":{"rendered":"<hr>\n<p style=\"text-align: center;\">Ce <strong>cadre de patin de vitesse en ligne<\/strong> est con\u00e7u pour accueillir des roues de 4x100mm ou de 3x125mm dans un seul cadre. Avec les cadres de patins de vitesse C\u00e1domotus Transformer, vous n&#8217;avez pas besoin de changer vos cadres de patins en ligne si vous voulez patiner sur des roues de 110 mm sur la piste ou sur des roues plus grandes de 125 mm sur la route. <\/p>\n<hr>\n<p>&amp;amp;amp;lt;\/p&gt;<\/p>\n","protected":false},"featured_media":28472,"comment_status":"closed","ping_status":"closed","template":"","meta":{"site-sidebar-layout":"default","site-content-layout":"default","ast-site-content-layout":"default","site-content-style":"default","site-sidebar-style":"default","ast-global-header-display":"","ast-banner-title-visibility":"","ast-main-header-display":"","ast-hfb-above-header-display":"","ast-hfb-below-header-display":"","ast-hfb-mobile-header-display":"","site-post-title":"","ast-breadcrumbs-content":"","ast-featured-img":"","footer-sml-layout":"","theme-transparent-header-meta":"default","adv-header-id-meta":"","stick-header-meta":"","header-above-stick-meta":"","header-main-stick-meta":"","header-below-stick-meta":"","astra-migrate-meta-layouts":"default","ast-page-background-enabled":"default","ast-page-background-meta":{"desktop":{"background-color":"","background-image":"","background-repeat":"repeat","background-position":"center center","background-size":"auto","background-attachment":"scroll","background-type":"","background-media":"","overlay-type":"","overlay-color":"","overlay-opacity":"","overlay-gradient":""},"tablet":{"background-color":"","background-image":"","background-repeat":"repeat","background-position":"center center","background-size":"auto","background-attachment":"scroll","background-type":"","background-media":"","overlay-type":"","overlay-color":"","overlay-opacity":"","overlay-gradient":""},"mobile":{"background-color":"","background-image":"","background-repeat":"repeat","background-position":"center center","background-size":"auto","background-attachment":"scroll","background-type":"","background-media":"","overlay-type":"","overlay-color":"","overlay-opacity":"","overlay-gradient":""}},"ast-content-background-meta":{"desktop":{"background-color":"var(--ast-global-color-5)","background-image":"","background-repeat":"repeat","background-position":"center center","background-size":"auto","background-attachment":"scroll","background-type":"","background-media":"","overlay-type":"","overlay-color":"","overlay-opacity":"","overlay-gradient":""},"tablet":{"background-color":"var(--ast-global-color-5)","background-image":"","background-repeat":"repeat","background-position":"center center","background-size":"auto","background-attachment":"scroll","background-type":"","background-media":"","overlay-type":"","overlay-color":"","overlay-opacity":"","overlay-gradient":""},"mobile":{"background-color":"var(--ast-global-color-5)","background-image":"","background-repeat":"repeat","background-position":"center center","background-size":"auto","background-attachment":"scroll","background-type":"","background-media":"","overlay-type":"","overlay-color":"","overlay-opacity":"","overlay-gradient":""}}},"product_brand":[],"product_cat":[1766,1589],"product_tag":[],"class_list":{"0":"post-63952","1":"product","2":"type-product","3":"status-publish","4":"has-post-thumbnail","6":"product_cat-chassis","7":"product_cat-patinage-de-vitesse-a-roues-alignees","8":"desktop-align-center","9":"tablet-align-center","10":"mobile-align-center","11":"ast-product-gallery-layout-horizontal","12":"ast-product-single-variable","13":"ast-product-tabs-layout-horizontal","14":"ast-qv-on-image","16":"first","17":"instock","18":"sale","19":"taxable","20":"shipping-taxable","21":"purchasable","22":"product-type-variable"},"bundled_by":[],"bundle_stock_status":"instock","bundle_stock_quantity":null,"bundle_virtual":false,"bundle_layout":"","bundle_add_to_cart_form_location":"","bundle_editable_in_cart":false,"bundle_sold_individually_context":"","bundle_item_grouping":"","bundle_min_size":"","bundle_max_size":"","bundle_price":[],"bundled_items":[],"bundle_sell_ids":[],"yoast_head":"<!-- This site is optimized with the Yoast SEO plugin v27.4 - https:\/\/yoast.com\/product\/yoast-seo-wordpress\/ -->\n<title>CADOMOTUS Cadre Comp TR3 Inline 4x110 - 3x125 - Xact Skate Shop<\/title>\n<meta name=\"description\" content=\"CADOMOTUS Cadre Comp TR3 4x110 - 3x125. Ce cadre de patin de vitesse en ligne est con\u00e7u pour recevoir des roues de 4x100mm ou de 3x125mm dans un seul cadre. Achetez le v\u00f4tre ici !\" \/>\n<meta name=\"robots\" content=\"index, follow, max-snippet:-1, max-image-preview:large, max-video-preview:-1\" \/>\n<link rel=\"canonical\" href=\"https:\/\/xactskateshop.com\/fr\/produit\/cadomotus-cadre-comp-tr3-inline-4x110-3x125\/\" \/>\n<meta property=\"og:locale\" content=\"fr_FR\" \/>\n<meta property=\"og:type\" content=\"article\" \/>\n<meta property=\"og:title\" content=\"CADOMOTUS Cadre Comp TR3 Inline 4x110 - 3x125 - Xact Skate Shop\" \/>\n<meta property=\"og:description\" content=\"CADOMOTUS Cadre Comp TR3 4x110 - 3x125. Ce cadre de patin de vitesse en ligne est con\u00e7u pour recevoir des roues de 4x100mm ou de 3x125mm dans un seul cadre. Achetez le v\u00f4tre ici !\" \/>\n<meta property=\"og:url\" content=\"https:\/\/xactskateshop.com\/fr\/produit\/cadomotus-cadre-comp-tr3-inline-4x110-3x125\/\" \/>\n<meta property=\"og:site_name\" content=\"Xact Skate Shop\" \/>\n<meta property=\"article:publisher\" content=\"https:\/\/www.facebook.com\/JeanLouiskateshop\" \/>\n<meta property=\"og:image\" content=\"https:\/\/xactskateshop.com\/wp-content\/uploads\/2021\/01\/Comp-TR3-0.jpg\" \/>\n\t<meta property=\"og:image:width\" content=\"1000\" \/>\n\t<meta property=\"og:image:height\" content=\"1000\" \/>\n\t<meta property=\"og:image:type\" content=\"image\/jpeg\" \/>\n<meta name=\"twitter:card\" content=\"summary_large_image\" \/>\n<meta name=\"twitter:label1\" content=\"Dur\u00e9e de lecture estim\u00e9e\" \/>\n\t<meta name=\"twitter:data1\" content=\"2 minutes\" \/>\n<script type=\"application\/ld+json\" class=\"yoast-schema-graph\">{\"@context\":\"https:\\\/\\\/schema.org\",\"@graph\":[{\"@type\":\"WebPage\",\"@id\":\"https:\\\/\\\/xactskateshop.com\\\/fr\\\/produit\\\/cadomotus-cadre-comp-tr3-inline-4x110-3x125\\\/\",\"url\":\"https:\\\/\\\/xactskateshop.com\\\/fr\\\/produit\\\/cadomotus-cadre-comp-tr3-inline-4x110-3x125\\\/\",\"name\":\"CADOMOTUS Cadre Comp TR3 Inline 4x110 - 3x125 - Xact Skate Shop\",\"isPartOf\":{\"@id\":\"http:\\\/\\\/xactskateshop.com\\\/fr\\\/#website\"},\"primaryImageOfPage\":{\"@id\":\"https:\\\/\\\/xactskateshop.com\\\/fr\\\/produit\\\/cadomotus-cadre-comp-tr3-inline-4x110-3x125\\\/#primaryimage\"},\"image\":{\"@id\":\"https:\\\/\\\/xactskateshop.com\\\/fr\\\/produit\\\/cadomotus-cadre-comp-tr3-inline-4x110-3x125\\\/#primaryimage\"},\"thumbnailUrl\":\"https:\\\/\\\/xactskateshop.com\\\/wp-content\\\/uploads\\\/2021\\\/01\\\/Comp-TR3-0.jpg\",\"datePublished\":\"2021-01-23T19:51:31+00:00\",\"description\":\"CADOMOTUS Cadre Comp TR3 4x110 - 3x125. Ce cadre de patin de vitesse en ligne est con\u00e7u pour recevoir des roues de 4x100mm ou de 3x125mm dans un seul cadre. Achetez le v\u00f4tre ici !\",\"breadcrumb\":{\"@id\":\"https:\\\/\\\/xactskateshop.com\\\/fr\\\/produit\\\/cadomotus-cadre-comp-tr3-inline-4x110-3x125\\\/#breadcrumb\"},\"inLanguage\":\"fr-FR\",\"potentialAction\":[{\"@type\":\"ReadAction\",\"target\":[\"https:\\\/\\\/xactskateshop.com\\\/fr\\\/produit\\\/cadomotus-cadre-comp-tr3-inline-4x110-3x125\\\/\"]}]},{\"@type\":\"ImageObject\",\"inLanguage\":\"fr-FR\",\"@id\":\"https:\\\/\\\/xactskateshop.com\\\/fr\\\/produit\\\/cadomotus-cadre-comp-tr3-inline-4x110-3x125\\\/#primaryimage\",\"url\":\"https:\\\/\\\/xactskateshop.com\\\/wp-content\\\/uploads\\\/2021\\\/01\\\/Comp-TR3-0.jpg\",\"contentUrl\":\"https:\\\/\\\/xactskateshop.com\\\/wp-content\\\/uploads\\\/2021\\\/01\\\/Comp-TR3-0.jpg\",\"width\":1000,\"height\":1000,\"caption\":\"Cadre Cadomotus Comp TR3\"},{\"@type\":\"BreadcrumbList\",\"@id\":\"https:\\\/\\\/xactskateshop.com\\\/fr\\\/produit\\\/cadomotus-cadre-comp-tr3-inline-4x110-3x125\\\/#breadcrumb\",\"itemListElement\":[{\"@type\":\"ListItem\",\"position\":1,\"name\":\"Home\",\"item\":\"https:\\\/\\\/xactskateshop.com\\\/fr\\\/accueil\\\/\"},{\"@type\":\"ListItem\",\"position\":2,\"name\":\"Boutique\",\"item\":\"https:\\\/\\\/xactskateshop.com\\\/shop\\\/\"},{\"@type\":\"ListItem\",\"position\":3,\"name\":\"CADOMOTUS Cadre Comp TR3 Inline 4&#215;110 &#8211; 3&#215;125\"}]},{\"@type\":\"WebSite\",\"@id\":\"http:\\\/\\\/xactskateshop.com\\\/fr\\\/#website\",\"url\":\"http:\\\/\\\/xactskateshop.com\\\/fr\\\/\",\"name\":\"Xact Skate Shop\",\"description\":\"Un site utilisant WordPress\",\"publisher\":{\"@id\":\"http:\\\/\\\/xactskateshop.com\\\/fr\\\/#organization\"},\"potentialAction\":[{\"@type\":\"SearchAction\",\"target\":{\"@type\":\"EntryPoint\",\"urlTemplate\":\"http:\\\/\\\/xactskateshop.com\\\/fr\\\/?s={search_term_string}\"},\"query-input\":{\"@type\":\"PropertyValueSpecification\",\"valueRequired\":true,\"valueName\":\"search_term_string\"}}],\"inLanguage\":\"fr-FR\"},{\"@type\":\"Organization\",\"@id\":\"http:\\\/\\\/xactskateshop.com\\\/fr\\\/#organization\",\"name\":\"XACT Skate Shop\",\"url\":\"http:\\\/\\\/xactskateshop.com\\\/fr\\\/\",\"logo\":{\"@type\":\"ImageObject\",\"inLanguage\":\"fr-FR\",\"@id\":\"http:\\\/\\\/xactskateshop.com\\\/fr\\\/#\\\/schema\\\/logo\\\/image\\\/\",\"url\":\"http:\\\/\\\/xactskateshop.com\\\/wp-content\\\/uploads\\\/2024\\\/04\\\/xactskateshop-dot-com-avec-contour-noir-sans-fond-675x.jpg\",\"contentUrl\":\"http:\\\/\\\/xactskateshop.com\\\/wp-content\\\/uploads\\\/2024\\\/04\\\/xactskateshop-dot-com-avec-contour-noir-sans-fond-675x.jpg\",\"width\":675,\"height\":247,\"caption\":\"XACT Skate Shop\"},\"image\":{\"@id\":\"http:\\\/\\\/xactskateshop.com\\\/fr\\\/#\\\/schema\\\/logo\\\/image\\\/\"},\"sameAs\":[\"https:\\\/\\\/www.facebook.com\\\/JeanLouiskateshop\"]}]}<\/script>\n<!-- \/ Yoast SEO plugin. -->","yoast_head_json":{"title":"CADOMOTUS Cadre Comp TR3 Inline 4x110 - 3x125 - Xact Skate Shop","description":"CADOMOTUS Cadre Comp TR3 4x110 - 3x125. Ce cadre de patin de vitesse en ligne est con\u00e7u pour recevoir des roues de 4x100mm ou de 3x125mm dans un seul cadre. Achetez le v\u00f4tre ici !","robots":{"index":"index","follow":"follow","max-snippet":"max-snippet:-1","max-image-preview":"max-image-preview:large","max-video-preview":"max-video-preview:-1"},"canonical":"https:\/\/xactskateshop.com\/fr\/produit\/cadomotus-cadre-comp-tr3-inline-4x110-3x125\/","og_locale":"fr_FR","og_type":"article","og_title":"CADOMOTUS Cadre Comp TR3 Inline 4x110 - 3x125 - Xact Skate Shop","og_description":"CADOMOTUS Cadre Comp TR3 4x110 - 3x125. Ce cadre de patin de vitesse en ligne est con\u00e7u pour recevoir des roues de 4x100mm ou de 3x125mm dans un seul cadre. Achetez le v\u00f4tre ici !","og_url":"https:\/\/xactskateshop.com\/fr\/produit\/cadomotus-cadre-comp-tr3-inline-4x110-3x125\/","og_site_name":"Xact Skate Shop","article_publisher":"https:\/\/www.facebook.com\/JeanLouiskateshop","og_image":[{"width":1000,"height":1000,"url":"https:\/\/xactskateshop.com\/wp-content\/uploads\/2021\/01\/Comp-TR3-0.jpg","type":"image\/jpeg"}],"twitter_card":"summary_large_image","twitter_misc":{"Dur\u00e9e de lecture estim\u00e9e":"2 minutes"},"schema":{"@context":"https:\/\/schema.org","@graph":[{"@type":"WebPage","@id":"https:\/\/xactskateshop.com\/fr\/produit\/cadomotus-cadre-comp-tr3-inline-4x110-3x125\/","url":"https:\/\/xactskateshop.com\/fr\/produit\/cadomotus-cadre-comp-tr3-inline-4x110-3x125\/","name":"CADOMOTUS Cadre Comp TR3 Inline 4x110 - 3x125 - Xact Skate Shop","isPartOf":{"@id":"http:\/\/xactskateshop.com\/fr\/#website"},"primaryImageOfPage":{"@id":"https:\/\/xactskateshop.com\/fr\/produit\/cadomotus-cadre-comp-tr3-inline-4x110-3x125\/#primaryimage"},"image":{"@id":"https:\/\/xactskateshop.com\/fr\/produit\/cadomotus-cadre-comp-tr3-inline-4x110-3x125\/#primaryimage"},"thumbnailUrl":"https:\/\/xactskateshop.com\/wp-content\/uploads\/2021\/01\/Comp-TR3-0.jpg","datePublished":"2021-01-23T19:51:31+00:00","description":"CADOMOTUS Cadre Comp TR3 4x110 - 3x125. Ce cadre de patin de vitesse en ligne est con\u00e7u pour recevoir des roues de 4x100mm ou de 3x125mm dans un seul cadre. Achetez le v\u00f4tre ici !","breadcrumb":{"@id":"https:\/\/xactskateshop.com\/fr\/produit\/cadomotus-cadre-comp-tr3-inline-4x110-3x125\/#breadcrumb"},"inLanguage":"fr-FR","potentialAction":[{"@type":"ReadAction","target":["https:\/\/xactskateshop.com\/fr\/produit\/cadomotus-cadre-comp-tr3-inline-4x110-3x125\/"]}]},{"@type":"ImageObject","inLanguage":"fr-FR","@id":"https:\/\/xactskateshop.com\/fr\/produit\/cadomotus-cadre-comp-tr3-inline-4x110-3x125\/#primaryimage","url":"https:\/\/xactskateshop.com\/wp-content\/uploads\/2021\/01\/Comp-TR3-0.jpg","contentUrl":"https:\/\/xactskateshop.com\/wp-content\/uploads\/2021\/01\/Comp-TR3-0.jpg","width":1000,"height":1000,"caption":"Cadre Cadomotus Comp TR3"},{"@type":"BreadcrumbList","@id":"https:\/\/xactskateshop.com\/fr\/produit\/cadomotus-cadre-comp-tr3-inline-4x110-3x125\/#breadcrumb","itemListElement":[{"@type":"ListItem","position":1,"name":"Home","item":"https:\/\/xactskateshop.com\/fr\/accueil\/"},{"@type":"ListItem","position":2,"name":"Boutique","item":"https:\/\/xactskateshop.com\/shop\/"},{"@type":"ListItem","position":3,"name":"CADOMOTUS Cadre Comp TR3 Inline 4&#215;110 &#8211; 3&#215;125"}]},{"@type":"WebSite","@id":"http:\/\/xactskateshop.com\/fr\/#website","url":"http:\/\/xactskateshop.com\/fr\/","name":"Xact Skate Shop","description":"Un site utilisant WordPress","publisher":{"@id":"http:\/\/xactskateshop.com\/fr\/#organization"},"potentialAction":[{"@type":"SearchAction","target":{"@type":"EntryPoint","urlTemplate":"http:\/\/xactskateshop.com\/fr\/?s={search_term_string}"},"query-input":{"@type":"PropertyValueSpecification","valueRequired":true,"valueName":"search_term_string"}}],"inLanguage":"fr-FR"},{"@type":"Organization","@id":"http:\/\/xactskateshop.com\/fr\/#organization","name":"XACT Skate Shop","url":"http:\/\/xactskateshop.com\/fr\/","logo":{"@type":"ImageObject","inLanguage":"fr-FR","@id":"http:\/\/xactskateshop.com\/fr\/#\/schema\/logo\/image\/","url":"http:\/\/xactskateshop.com\/wp-content\/uploads\/2024\/04\/xactskateshop-dot-com-avec-contour-noir-sans-fond-675x.jpg","contentUrl":"http:\/\/xactskateshop.com\/wp-content\/uploads\/2024\/04\/xactskateshop-dot-com-avec-contour-noir-sans-fond-675x.jpg","width":675,"height":247,"caption":"XACT Skate Shop"},"image":{"@id":"http:\/\/xactskateshop.com\/fr\/#\/schema\/logo\/image\/"},"sameAs":["https:\/\/www.facebook.com\/JeanLouiskateshop"]}]}},"_links":{"self":[{"href":"https:\/\/xactskateshop.com\/fr\/wp-json\/wp\/v2\/product\/63952","targetHints":{"allow":["GET"]}}],"collection":[{"href":"https:\/\/xactskateshop.com\/fr\/wp-json\/wp\/v2\/product"}],"about":[{"href":"https:\/\/xactskateshop.com\/fr\/wp-json\/wp\/v2\/types\/product"}],"replies":[{"embeddable":true,"href":"https:\/\/xactskateshop.com\/fr\/wp-json\/wp\/v2\/comments?post=63952"}],"wp:featuredmedia":[{"embeddable":true,"href":"https:\/\/xactskateshop.com\/fr\/wp-json\/wp\/v2\/media\/28472"}],"wp:attachment":[{"href":"https:\/\/xactskateshop.com\/fr\/wp-json\/wp\/v2\/media?parent=63952"}],"wp:term":[{"taxonomy":"product_brand","embeddable":true,"href":"https:\/\/xactskateshop.com\/fr\/wp-json\/wp\/v2\/product_brand?post=63952"},{"taxonomy":"product_cat","embeddable":true,"href":"https:\/\/xactskateshop.com\/fr\/wp-json\/wp\/v2\/product_cat?post=63952"},{"taxonomy":"product_tag","embeddable":true,"href":"https:\/\/xactskateshop.com\/fr\/wp-json\/wp\/v2\/product_tag?post=63952"}],"curies":[{"name":"wp","href":"https:\/\/api.w.org\/{rel}","templated":true}]}}