{"id":63946,"date":"2021-01-22T17:34:04","date_gmt":"2021-01-22T22:34:04","guid":{"rendered":"http:\/\/xactskateshop.com\/product\/cadomotus-rookie-two-package-4x84mm-3x90mm\/"},"modified":"2021-01-22T17:34:04","modified_gmt":"2021-01-22T22:34:04","slug":"cadomotus-rookie-two-package-4x84mm-3x90mm","status":"publish","type":"product","link":"https:\/\/xactskateshop.com\/fr\/produit\/cadomotus-rookie-two-package-4x84mm-3x90mm\/","title":{"rendered":"CADOMOTUS Rookie TWO Package 4x84mm &#8211; 3x90mm"},"content":{"rendered":"<div id=\"product-content\" class=\"product-content general-content content-col mobile-popup\" data-popup=\"product-content\">\n<div class=\"popup-inner\">\n<div class=\"title-small title-font\">\n<div id=\"product-content\" class=\"product-content general-content content-col mobile-popup\" data-popup=\"product-content\">\n<div class=\"popup-inner\">\n<h2 class=\"title-small title-font\">CADOMOTUS Rookie TWO Package 4x84mm &#8211; 3x90mm<\/h2>\n<p>Ce CADOMOTUS Rookie TWO Package 4x84mm &#8211; 3x90mm Inline Speed Skate pour enfants offre un soutien extra haut de la cheville et est disponible dans les tailles 31 \u00e0 33. Ce patin est compatible avec des roues de 4x 84mm ou de 3x 90mm. L&#8217;achat suppl\u00e9mentaire des semelles Resizer avec le Rookie One taille 31 offre une solution de taille de chaussure ajustable dans la gamme 29 \u00e0 31 !  <\/p>\n<p>Vous \u00eates \u00e0 la recherche d&#8217;un patin de vitesse en ligne de comp\u00e9tition, mais vous pr\u00e9f\u00e9rez une chaussure l\u00e9g\u00e8rement plus haute ? Le patinage en ligne devient plus amusant lorsque vous avez le contr\u00f4le. Le Rookie Two est un patin qui offre plus de soutien au niveau des chevilles. Vous vous sentirez plus d\u00e9tendu. Avec ces patins, vous apprendrez les techniques de base qui vous serviront toute votre vie.    <\/p>\n<p>Si vous voulez apprendre \u00e0 bien patiner, vous devez commencer par le bon bout. Le Rookie Two vous donnera un excellent d\u00e9part. Gr\u00e2ce \u00e0 une coque de chaussure plus haute, vous aurez plus de soutien au niveau des chevilles. Cela vous permettra de vous tenir droit sur vos roues et de travailler le positionnement, la pouss\u00e9e, la puissance et la vitesse. Cette chaussure vous offrira le confort d&#8217;un patin de randonn\u00e9e et le contr\u00f4le d&#8217;un patin \u00e0 roues align\u00e9es de comp\u00e9tition. Amusement sans souci !     <\/p>\n<\/div>\n<h4><\/h4>\n<h4>Composition et avantages des bottes :<\/h4>\n<div class=\"popup-inner\">\n<p>La coque de la botte est fabriqu\u00e9e en fibre de verre et de carbone et est mall\u00e9able au niveau des parties les plus importantes : les chevilles. Vous \u00e9viterez ainsi les points de pression et les chevilles douloureuses. <\/p>\n<p>Ce patin vous permet \u00e9galement de passer facilement de trois \u00e0 quatre roues, ou l&#8217;inverse, et de changer de taille de roue. Le cadre Neo Transformer 2 en 1 vous offre plusieurs options. Ainsi, vous avez toujours la configuration qui correspond \u00e0 votre d\u00e9veloppement ou aux circonstances. Un cadre de patin \u00e0 roues align\u00e9es unique qui durera tout au long de votre pouss\u00e9e de croissance.   <\/p>\n<ul>\n<li>Choisissez trois grandes roues si vous voulez aller plus vite et faire une double pouss\u00e9e.<\/li>\n<li>Choisissez les quatre roues si vous voulez avoir beaucoup d&#8217;adh\u00e9rence dans les virages ou si vous voulez pratiquer une pouss\u00e9e puissante.<\/li>\n<li><span style=\"font-size: 16px;\">Taille 31-33 : a un cadre de 10.0&#8243; avec des roues de 4x84mm. Vous pouvez passer \u00e0 3x90mm. Avec une semelle XYS Resizer, vous pouvez en faire une taille 29 !  <\/span><\/li>\n<\/ul>\n<div class=\"content-col specs mobile-popup\" style=\"font-size: 16px;\" data-popup=\"product-specs\">\n<div class=\"popup-inner\" style=\"font-size: 16px;\">\n<h3><\/h3>\n<\/div>\n<\/div>\n<\/div>\n<\/div>\n<div class=\"content-col specs mobile-popup\" data-popup=\"product-specs\">\n<div class=\"popup-inner\">\n<h3 class=\"title-small title-font\">Sp\u00e9cifications<\/h3>\n<ul>\n<li><strong>Gamme de tailles : <\/strong>31-33<\/li>\n<li><strong>Configuration des roues : <\/strong>4x84mm<\/li>\n<li><strong>Max. Taille de la roue :   <\/strong>90mm<\/li>\n<li><strong>Longueur (po) : <\/strong>10<\/li>\n<li><strong>Pas (mm) : <\/strong>11<\/li>\n<li><strong>Moulabilit\u00e9 : <\/strong>Talon + Cheville<\/li>\n<li><strong>Composite de la coque : <\/strong>Fibre de verre<\/li>\n<li><strong>Tissu sup\u00e9rieur : <\/strong>Cuir microfibre<\/li>\n<li><strong>Doublure de botte : <\/strong>N\u00e9opr\u00e8ne<\/li>\n<li><strong>Fermeture : <\/strong>Boucle \u00e0 cliquet + lacets<\/li>\n<\/ul>\n<\/div>\n<\/div>\n<\/div>\n<\/div>\n<\/div>\n<div class=\"content-col specs mobile-popup\" data-popup=\"product-specs\">\n<div class=\"popup-inner\">\n<p style=\"font-size: 16px; font-style: normal; font-weight: 400;\">Lorsque vous utilisez nos semelles, vous pouvez profiter de ces patins pendant des ann\u00e9es, quelle que soit la vitesse \u00e0 laquelle vous grandissez. Vos parents appr\u00e9cieront ! <\/p>\n<p style=\"font-size: 16px; font-style: normal; font-weight: 400;\">Avec les semelles C\u00e1domotus Resizer, une paire de patins a trois tailles diff\u00e9rentes.<\/p>\n<\/div>\n<\/div>\n","protected":false},"excerpt":{"rendered":"<hr>\n<p style=\"text-align: center;\">Ce patin de vitesse en ligne pour enfants offre un soutien extra haut de la cheville et est disponible dans les tailles 31 \u00e0 33. Ce patin est compatible avec des roues de 4x 84mm ou de 3x 90mm. L&#8217;achat suppl\u00e9mentaire des semelles Resizer avec le Rookie One taille 31 offre une solution de taille de chaussure ajustable dans la gamme 29 \u00e0 31 !  <\/p>\n<hr>\n<p style=\"text-align: center;\">\n","protected":false},"featured_media":28445,"comment_status":"closed","ping_status":"closed","template":"","meta":{"site-sidebar-layout":"default","site-content-layout":"default","ast-site-content-layout":"default","site-content-style":"default","site-sidebar-style":"default","ast-global-header-display":"","ast-banner-title-visibility":"","ast-main-header-display":"","ast-hfb-above-header-display":"","ast-hfb-below-header-display":"","ast-hfb-mobile-header-display":"","site-post-title":"","ast-breadcrumbs-content":"","ast-featured-img":"","footer-sml-layout":"","theme-transparent-header-meta":"default","adv-header-id-meta":"","stick-header-meta":"","header-above-stick-meta":"","header-main-stick-meta":"","header-below-stick-meta":"","astra-migrate-meta-layouts":"default","ast-page-background-enabled":"default","ast-page-background-meta":{"desktop":{"background-color":"","background-image":"","background-repeat":"repeat","background-position":"center center","background-size":"auto","background-attachment":"scroll","background-type":"","background-media":"","overlay-type":"","overlay-color":"","overlay-opacity":"","overlay-gradient":""},"tablet":{"background-color":"","background-image":"","background-repeat":"repeat","background-position":"center center","background-size":"auto","background-attachment":"scroll","background-type":"","background-media":"","overlay-type":"","overlay-color":"","overlay-opacity":"","overlay-gradient":""},"mobile":{"background-color":"","background-image":"","background-repeat":"repeat","background-position":"center center","background-size":"auto","background-attachment":"scroll","background-type":"","background-media":"","overlay-type":"","overlay-color":"","overlay-opacity":"","overlay-gradient":""}},"ast-content-background-meta":{"desktop":{"background-color":"var(--ast-global-color-5)","background-image":"","background-repeat":"repeat","background-position":"center center","background-size":"auto","background-attachment":"scroll","background-type":"","background-media":"","overlay-type":"","overlay-color":"","overlay-opacity":"","overlay-gradient":""},"tablet":{"background-color":"var(--ast-global-color-5)","background-image":"","background-repeat":"repeat","background-position":"center center","background-size":"auto","background-attachment":"scroll","background-type":"","background-media":"","overlay-type":"","overlay-color":"","overlay-opacity":"","overlay-gradient":""},"mobile":{"background-color":"var(--ast-global-color-5)","background-image":"","background-repeat":"repeat","background-position":"center center","background-size":"auto","background-attachment":"scroll","background-type":"","background-media":"","overlay-type":"","overlay-color":"","overlay-opacity":"","overlay-gradient":""}}},"product_brand":[],"product_cat":[1728,1589],"product_tag":[],"class_list":{"0":"post-63946","1":"product","2":"type-product","3":"status-publish","4":"has-post-thumbnail","6":"product_cat-ensembles-de-patinage-a-roues-alignees","7":"product_cat-patinage-de-vitesse-a-roues-alignees","8":"desktop-align-center","9":"tablet-align-center","10":"mobile-align-center","11":"ast-product-gallery-layout-horizontal","12":"ast-product-single-variable","13":"ast-product-tabs-layout-horizontal","14":"ast-qv-on-image","16":"first","17":"outofstock","18":"sale","19":"taxable","20":"shipping-taxable","21":"purchasable","22":"product-type-variable"},"bundled_by":[],"bundle_stock_status":"outofstock","bundle_stock_quantity":null,"bundle_virtual":false,"bundle_layout":"","bundle_add_to_cart_form_location":"","bundle_editable_in_cart":false,"bundle_sold_individually_context":"","bundle_item_grouping":"","bundle_min_size":"","bundle_max_size":"","bundle_price":[],"bundled_items":[],"bundle_sell_ids":[],"yoast_head":"<!-- This site is optimized with the Yoast SEO plugin v27.4 - https:\/\/yoast.com\/product\/yoast-seo-wordpress\/ -->\n<title>CADOMOTUS Rookie TWO Package 4x84mm - 3x90mm - Xact Skate Shop<\/title>\n<meta name=\"description\" content=\"CADOMOTUS Rookie TWO Package 4x84mm - 3x90mm Lorsque vous utilisez nos semelles, vous pouvez profiter de ces patins pendant des ann\u00e9es, quelle que soit la vitesse \u00e0 laquelle vous grandissez !\" \/>\n<meta name=\"robots\" content=\"index, follow, max-snippet:-1, max-image-preview:large, max-video-preview:-1\" \/>\n<link rel=\"canonical\" href=\"https:\/\/xactskateshop.com\/fr\/produit\/cadomotus-rookie-two-package-4x84mm-3x90mm\/\" \/>\n<meta property=\"og:locale\" content=\"fr_FR\" \/>\n<meta property=\"og:type\" content=\"article\" \/>\n<meta property=\"og:title\" content=\"CADOMOTUS Rookie TWO Package 4x84mm - 3x90mm - Xact Skate Shop\" \/>\n<meta property=\"og:description\" content=\"CADOMOTUS Rookie TWO Package 4x84mm - 3x90mm Lorsque vous utilisez nos semelles, vous pouvez profiter de ces patins pendant des ann\u00e9es, quelle que soit la vitesse \u00e0 laquelle vous grandissez !\" \/>\n<meta property=\"og:url\" content=\"https:\/\/xactskateshop.com\/fr\/produit\/cadomotus-rookie-two-package-4x84mm-3x90mm\/\" \/>\n<meta property=\"og:site_name\" content=\"Xact Skate Shop\" \/>\n<meta property=\"article:publisher\" content=\"https:\/\/www.facebook.com\/JeanLouiskateshop\" \/>\n<meta property=\"og:image\" content=\"https:\/\/xactskateshop.com\/wp-content\/uploads\/2021\/01\/Rookie-TWO-4x84-front-1.jpg\" \/>\n\t<meta property=\"og:image:width\" content=\"1000\" \/>\n\t<meta property=\"og:image:height\" content=\"1000\" \/>\n\t<meta property=\"og:image:type\" content=\"image\/jpeg\" \/>\n<meta name=\"twitter:card\" content=\"summary_large_image\" \/>\n<meta name=\"twitter:label1\" content=\"Dur\u00e9e de lecture estim\u00e9e\" \/>\n\t<meta name=\"twitter:data1\" content=\"2 minutes\" \/>\n<script type=\"application\/ld+json\" class=\"yoast-schema-graph\">{\"@context\":\"https:\\\/\\\/schema.org\",\"@graph\":[{\"@type\":\"WebPage\",\"@id\":\"https:\\\/\\\/xactskateshop.com\\\/fr\\\/produit\\\/cadomotus-rookie-two-package-4x84mm-3x90mm\\\/\",\"url\":\"https:\\\/\\\/xactskateshop.com\\\/fr\\\/produit\\\/cadomotus-rookie-two-package-4x84mm-3x90mm\\\/\",\"name\":\"CADOMOTUS Rookie TWO Package 4x84mm - 3x90mm - Xact Skate Shop\",\"isPartOf\":{\"@id\":\"http:\\\/\\\/xactskateshop.com\\\/fr\\\/#website\"},\"primaryImageOfPage\":{\"@id\":\"https:\\\/\\\/xactskateshop.com\\\/fr\\\/produit\\\/cadomotus-rookie-two-package-4x84mm-3x90mm\\\/#primaryimage\"},\"image\":{\"@id\":\"https:\\\/\\\/xactskateshop.com\\\/fr\\\/produit\\\/cadomotus-rookie-two-package-4x84mm-3x90mm\\\/#primaryimage\"},\"thumbnailUrl\":\"https:\\\/\\\/xactskateshop.com\\\/wp-content\\\/uploads\\\/2021\\\/01\\\/Rookie-TWO-4x84-front-1.jpg\",\"datePublished\":\"2021-01-22T22:34:04+00:00\",\"description\":\"CADOMOTUS Rookie TWO Package 4x84mm - 3x90mm Lorsque vous utilisez nos semelles, vous pouvez profiter de ces patins pendant des ann\u00e9es, quelle que soit la vitesse \u00e0 laquelle vous grandissez !\",\"breadcrumb\":{\"@id\":\"https:\\\/\\\/xactskateshop.com\\\/fr\\\/produit\\\/cadomotus-rookie-two-package-4x84mm-3x90mm\\\/#breadcrumb\"},\"inLanguage\":\"fr-FR\",\"potentialAction\":[{\"@type\":\"ReadAction\",\"target\":[\"https:\\\/\\\/xactskateshop.com\\\/fr\\\/produit\\\/cadomotus-rookie-two-package-4x84mm-3x90mm\\\/\"]}]},{\"@type\":\"ImageObject\",\"inLanguage\":\"fr-FR\",\"@id\":\"https:\\\/\\\/xactskateshop.com\\\/fr\\\/produit\\\/cadomotus-rookie-two-package-4x84mm-3x90mm\\\/#primaryimage\",\"url\":\"https:\\\/\\\/xactskateshop.com\\\/wp-content\\\/uploads\\\/2021\\\/01\\\/Rookie-TWO-4x84-front-1.jpg\",\"contentUrl\":\"https:\\\/\\\/xactskateshop.com\\\/wp-content\\\/uploads\\\/2021\\\/01\\\/Rookie-TWO-4x84-front-1.jpg\",\"width\":1000,\"height\":1000,\"caption\":\"CADOMOTUS Rookie TWO Package\"},{\"@type\":\"BreadcrumbList\",\"@id\":\"https:\\\/\\\/xactskateshop.com\\\/fr\\\/produit\\\/cadomotus-rookie-two-package-4x84mm-3x90mm\\\/#breadcrumb\",\"itemListElement\":[{\"@type\":\"ListItem\",\"position\":1,\"name\":\"Home\",\"item\":\"https:\\\/\\\/xactskateshop.com\\\/fr\\\/accueil\\\/\"},{\"@type\":\"ListItem\",\"position\":2,\"name\":\"Boutique\",\"item\":\"https:\\\/\\\/xactskateshop.com\\\/shop\\\/\"},{\"@type\":\"ListItem\",\"position\":3,\"name\":\"CADOMOTUS Rookie TWO Package 4x84mm &#8211; 3x90mm\"}]},{\"@type\":\"WebSite\",\"@id\":\"http:\\\/\\\/xactskateshop.com\\\/fr\\\/#website\",\"url\":\"http:\\\/\\\/xactskateshop.com\\\/fr\\\/\",\"name\":\"Xact Skate Shop\",\"description\":\"Un site utilisant WordPress\",\"publisher\":{\"@id\":\"http:\\\/\\\/xactskateshop.com\\\/fr\\\/#organization\"},\"potentialAction\":[{\"@type\":\"SearchAction\",\"target\":{\"@type\":\"EntryPoint\",\"urlTemplate\":\"http:\\\/\\\/xactskateshop.com\\\/fr\\\/?s={search_term_string}\"},\"query-input\":{\"@type\":\"PropertyValueSpecification\",\"valueRequired\":true,\"valueName\":\"search_term_string\"}}],\"inLanguage\":\"fr-FR\"},{\"@type\":\"Organization\",\"@id\":\"http:\\\/\\\/xactskateshop.com\\\/fr\\\/#organization\",\"name\":\"XACT Skate Shop\",\"url\":\"http:\\\/\\\/xactskateshop.com\\\/fr\\\/\",\"logo\":{\"@type\":\"ImageObject\",\"inLanguage\":\"fr-FR\",\"@id\":\"http:\\\/\\\/xactskateshop.com\\\/fr\\\/#\\\/schema\\\/logo\\\/image\\\/\",\"url\":\"http:\\\/\\\/xactskateshop.com\\\/wp-content\\\/uploads\\\/2024\\\/04\\\/xactskateshop-dot-com-avec-contour-noir-sans-fond-675x.jpg\",\"contentUrl\":\"http:\\\/\\\/xactskateshop.com\\\/wp-content\\\/uploads\\\/2024\\\/04\\\/xactskateshop-dot-com-avec-contour-noir-sans-fond-675x.jpg\",\"width\":675,\"height\":247,\"caption\":\"XACT Skate Shop\"},\"image\":{\"@id\":\"http:\\\/\\\/xactskateshop.com\\\/fr\\\/#\\\/schema\\\/logo\\\/image\\\/\"},\"sameAs\":[\"https:\\\/\\\/www.facebook.com\\\/JeanLouiskateshop\"]}]}<\/script>\n<!-- \/ Yoast SEO plugin. -->","yoast_head_json":{"title":"CADOMOTUS Rookie TWO Package 4x84mm - 3x90mm - Xact Skate Shop","description":"CADOMOTUS Rookie TWO Package 4x84mm - 3x90mm Lorsque vous utilisez nos semelles, vous pouvez profiter de ces patins pendant des ann\u00e9es, quelle que soit la vitesse \u00e0 laquelle vous grandissez !","robots":{"index":"index","follow":"follow","max-snippet":"max-snippet:-1","max-image-preview":"max-image-preview:large","max-video-preview":"max-video-preview:-1"},"canonical":"https:\/\/xactskateshop.com\/fr\/produit\/cadomotus-rookie-two-package-4x84mm-3x90mm\/","og_locale":"fr_FR","og_type":"article","og_title":"CADOMOTUS Rookie TWO Package 4x84mm - 3x90mm - Xact Skate Shop","og_description":"CADOMOTUS Rookie TWO Package 4x84mm - 3x90mm Lorsque vous utilisez nos semelles, vous pouvez profiter de ces patins pendant des ann\u00e9es, quelle que soit la vitesse \u00e0 laquelle vous grandissez !","og_url":"https:\/\/xactskateshop.com\/fr\/produit\/cadomotus-rookie-two-package-4x84mm-3x90mm\/","og_site_name":"Xact Skate Shop","article_publisher":"https:\/\/www.facebook.com\/JeanLouiskateshop","og_image":[{"width":1000,"height":1000,"url":"https:\/\/xactskateshop.com\/wp-content\/uploads\/2021\/01\/Rookie-TWO-4x84-front-1.jpg","type":"image\/jpeg"}],"twitter_card":"summary_large_image","twitter_misc":{"Dur\u00e9e de lecture estim\u00e9e":"2 minutes"},"schema":{"@context":"https:\/\/schema.org","@graph":[{"@type":"WebPage","@id":"https:\/\/xactskateshop.com\/fr\/produit\/cadomotus-rookie-two-package-4x84mm-3x90mm\/","url":"https:\/\/xactskateshop.com\/fr\/produit\/cadomotus-rookie-two-package-4x84mm-3x90mm\/","name":"CADOMOTUS Rookie TWO Package 4x84mm - 3x90mm - Xact Skate Shop","isPartOf":{"@id":"http:\/\/xactskateshop.com\/fr\/#website"},"primaryImageOfPage":{"@id":"https:\/\/xactskateshop.com\/fr\/produit\/cadomotus-rookie-two-package-4x84mm-3x90mm\/#primaryimage"},"image":{"@id":"https:\/\/xactskateshop.com\/fr\/produit\/cadomotus-rookie-two-package-4x84mm-3x90mm\/#primaryimage"},"thumbnailUrl":"https:\/\/xactskateshop.com\/wp-content\/uploads\/2021\/01\/Rookie-TWO-4x84-front-1.jpg","datePublished":"2021-01-22T22:34:04+00:00","description":"CADOMOTUS Rookie TWO Package 4x84mm - 3x90mm Lorsque vous utilisez nos semelles, vous pouvez profiter de ces patins pendant des ann\u00e9es, quelle que soit la vitesse \u00e0 laquelle vous grandissez !","breadcrumb":{"@id":"https:\/\/xactskateshop.com\/fr\/produit\/cadomotus-rookie-two-package-4x84mm-3x90mm\/#breadcrumb"},"inLanguage":"fr-FR","potentialAction":[{"@type":"ReadAction","target":["https:\/\/xactskateshop.com\/fr\/produit\/cadomotus-rookie-two-package-4x84mm-3x90mm\/"]}]},{"@type":"ImageObject","inLanguage":"fr-FR","@id":"https:\/\/xactskateshop.com\/fr\/produit\/cadomotus-rookie-two-package-4x84mm-3x90mm\/#primaryimage","url":"https:\/\/xactskateshop.com\/wp-content\/uploads\/2021\/01\/Rookie-TWO-4x84-front-1.jpg","contentUrl":"https:\/\/xactskateshop.com\/wp-content\/uploads\/2021\/01\/Rookie-TWO-4x84-front-1.jpg","width":1000,"height":1000,"caption":"CADOMOTUS Rookie TWO Package"},{"@type":"BreadcrumbList","@id":"https:\/\/xactskateshop.com\/fr\/produit\/cadomotus-rookie-two-package-4x84mm-3x90mm\/#breadcrumb","itemListElement":[{"@type":"ListItem","position":1,"name":"Home","item":"https:\/\/xactskateshop.com\/fr\/accueil\/"},{"@type":"ListItem","position":2,"name":"Boutique","item":"https:\/\/xactskateshop.com\/shop\/"},{"@type":"ListItem","position":3,"name":"CADOMOTUS Rookie TWO Package 4x84mm &#8211; 3x90mm"}]},{"@type":"WebSite","@id":"http:\/\/xactskateshop.com\/fr\/#website","url":"http:\/\/xactskateshop.com\/fr\/","name":"Xact Skate Shop","description":"Un site utilisant WordPress","publisher":{"@id":"http:\/\/xactskateshop.com\/fr\/#organization"},"potentialAction":[{"@type":"SearchAction","target":{"@type":"EntryPoint","urlTemplate":"http:\/\/xactskateshop.com\/fr\/?s={search_term_string}"},"query-input":{"@type":"PropertyValueSpecification","valueRequired":true,"valueName":"search_term_string"}}],"inLanguage":"fr-FR"},{"@type":"Organization","@id":"http:\/\/xactskateshop.com\/fr\/#organization","name":"XACT Skate Shop","url":"http:\/\/xactskateshop.com\/fr\/","logo":{"@type":"ImageObject","inLanguage":"fr-FR","@id":"http:\/\/xactskateshop.com\/fr\/#\/schema\/logo\/image\/","url":"http:\/\/xactskateshop.com\/wp-content\/uploads\/2024\/04\/xactskateshop-dot-com-avec-contour-noir-sans-fond-675x.jpg","contentUrl":"http:\/\/xactskateshop.com\/wp-content\/uploads\/2024\/04\/xactskateshop-dot-com-avec-contour-noir-sans-fond-675x.jpg","width":675,"height":247,"caption":"XACT Skate Shop"},"image":{"@id":"http:\/\/xactskateshop.com\/fr\/#\/schema\/logo\/image\/"},"sameAs":["https:\/\/www.facebook.com\/JeanLouiskateshop"]}]}},"_links":{"self":[{"href":"https:\/\/xactskateshop.com\/fr\/wp-json\/wp\/v2\/product\/63946","targetHints":{"allow":["GET"]}}],"collection":[{"href":"https:\/\/xactskateshop.com\/fr\/wp-json\/wp\/v2\/product"}],"about":[{"href":"https:\/\/xactskateshop.com\/fr\/wp-json\/wp\/v2\/types\/product"}],"replies":[{"embeddable":true,"href":"https:\/\/xactskateshop.com\/fr\/wp-json\/wp\/v2\/comments?post=63946"}],"wp:featuredmedia":[{"embeddable":true,"href":"https:\/\/xactskateshop.com\/fr\/wp-json\/wp\/v2\/media\/28445"}],"wp:attachment":[{"href":"https:\/\/xactskateshop.com\/fr\/wp-json\/wp\/v2\/media?parent=63946"}],"wp:term":[{"taxonomy":"product_brand","embeddable":true,"href":"https:\/\/xactskateshop.com\/fr\/wp-json\/wp\/v2\/product_brand?post=63946"},{"taxonomy":"product_cat","embeddable":true,"href":"https:\/\/xactskateshop.com\/fr\/wp-json\/wp\/v2\/product_cat?post=63946"},{"taxonomy":"product_tag","embeddable":true,"href":"https:\/\/xactskateshop.com\/fr\/wp-json\/wp\/v2\/product_tag?post=63946"}],"curies":[{"name":"wp","href":"https:\/\/api.w.org\/{rel}","templated":true}]}}