{"id":63945,"date":"2021-01-23T13:54:13","date_gmt":"2021-01-23T18:54:13","guid":{"rendered":"http:\/\/xactskateshop.com\/product\/cadomotus-boot-risers-cantology-wedges\/"},"modified":"2021-01-23T13:54:13","modified_gmt":"2021-01-23T18:54:13","slug":"cadomotus-boot-risers-cantology-wedges","status":"publish","type":"product","link":"https:\/\/xactskateshop.com\/fr\/produit\/cadomotus-boot-risers-cantology-wedges\/","title":{"rendered":"CADOMOTUS Boot Risers &amp; Cantology Wedges"},"content":{"rendered":"<h2 class=\"title-small title-font\">CADOMOTUS Boot Risers &amp; Cantology Wedges<\/h2>\n<p>CADOMOTUS Boot Risers &amp; Cantology Wedges pour DualBox\u00ae5, hilo et Comp TR. Sur\u00e9levez votre chaussure pour \u00e9viter les interf\u00e9rences avec les roues, ou calez-la pour am\u00e9liorer votre \u00e9quilibre ! <\/p>\n<h3><\/h3>\n<h3>El\u00e9vateurs angulaires et cales de cantologie<\/h3>\n<p>Tous les corps humains ne sont pas optimaux pour le patinage. Beaucoup d&#8217;entre nous ont une forme telle que la g\u00e9om\u00e9trie de leurs hanches, de leurs jambes ou de leurs chevilles les emp\u00eache d&#8217;am\u00e9liorer leur patinage. Id\u00e9alement, lorsqu&#8217;un patineur en ligne se tient dans une position neutre, avec le poids de son corps centr\u00e9 sur ses patins, son poids devrait \u00eatre r\u00e9parti uniform\u00e9ment sur chaque pied. Sur les patins \u00e0 roues align\u00e9es, cela signifie qu&#8217;ils peuvent facilement transf\u00e9rer le poids du corps d&#8217;un c\u00f4t\u00e9 \u00e0 l&#8217;autre. Par de petits mouvements du genou, appliquer instantan\u00e9ment l&#8217;une ou l&#8217;autre carre pour diriger ou ajuster un virage ou un contr\u00f4le.    <\/p>\n<p>Mais pour de nombreux patineurs de vitesse, ce n&#8217;est pas le cas. Lorsque nous essayons de nous tenir dans une position neutre, une plus grande partie de notre poids se concentre sur le bord int\u00e9rieur ou ext\u00e9rieur de nos pieds. Et ce, en raison de la forme de notre corps. Ce probl\u00e8me peut concerner un seul pied ou les deux. Le d\u00e9s\u00e9quilibre de la r\u00e9partition du poids peut aller dans les deux sens &#8211; vers l&#8217;int\u00e9rieur ou l&#8217;ext\u00e9rieur du pied. Sur les patins \u00e0 roues align\u00e9es, ces patineurs sont d\u00e9savantag\u00e9s parce que leur patin est naturellement plus orient\u00e9 d&#8217;un c\u00f4t\u00e9. Il est donc difficile de changer de carre. Nous devons d\u00e9placer le genou sur une plus grande distance vers le &#8220;c\u00f4t\u00e9 haut&#8221; pour compenser.       <\/p>\n<p>Les cadres de C\u00e1domotus sont g\u00e9n\u00e9ralement bas. Si vos chaussures ont \u00e9galement des blocs de montage bas, il se peut que la deuxi\u00e8me roue ou la roue centrale de votre configuration soit bloqu\u00e9e par la coque en carbone de votre chaussure. Dans ce cas, vous avez besoin de ces \u00e9l\u00e9vateurs pour soulever votre chaussure et faire tourner vos roues librement.  <\/p>\n","protected":false},"excerpt":{"rendered":"<hr>\n<p style=\"text-align: center;\">Rehausseur de chaussures pour les cadres DualBox\u00ae5, hilo et Comp TR. Sur\u00e9levez votre chaussure pour \u00e9viter les interf\u00e9rences avec les roues, ou inclinez-la pour am\u00e9liorer votre \u00e9quilibre ! <\/p>\n<hr>\n<p style=\"text-align: center;\">\n","protected":false},"featured_media":28462,"comment_status":"closed","ping_status":"closed","template":"","meta":{"site-sidebar-layout":"default","site-content-layout":"default","ast-site-content-layout":"default","site-content-style":"default","site-sidebar-style":"default","ast-global-header-display":"","ast-banner-title-visibility":"","ast-main-header-display":"","ast-hfb-above-header-display":"","ast-hfb-below-header-display":"","ast-hfb-mobile-header-display":"","site-post-title":"","ast-breadcrumbs-content":"","ast-featured-img":"","footer-sml-layout":"","theme-transparent-header-meta":"default","adv-header-id-meta":"","stick-header-meta":"","header-above-stick-meta":"","header-main-stick-meta":"","header-below-stick-meta":"","astra-migrate-meta-layouts":"default","ast-page-background-enabled":"default","ast-page-background-meta":{"desktop":{"background-color":"","background-image":"","background-repeat":"repeat","background-position":"center center","background-size":"auto","background-attachment":"scroll","background-type":"","background-media":"","overlay-type":"","overlay-color":"","overlay-opacity":"","overlay-gradient":""},"tablet":{"background-color":"","background-image":"","background-repeat":"repeat","background-position":"center center","background-size":"auto","background-attachment":"scroll","background-type":"","background-media":"","overlay-type":"","overlay-color":"","overlay-opacity":"","overlay-gradient":""},"mobile":{"background-color":"","background-image":"","background-repeat":"repeat","background-position":"center center","background-size":"auto","background-attachment":"scroll","background-type":"","background-media":"","overlay-type":"","overlay-color":"","overlay-opacity":"","overlay-gradient":""}},"ast-content-background-meta":{"desktop":{"background-color":"var(--ast-global-color-5)","background-image":"","background-repeat":"repeat","background-position":"center center","background-size":"auto","background-attachment":"scroll","background-type":"","background-media":"","overlay-type":"","overlay-color":"","overlay-opacity":"","overlay-gradient":""},"tablet":{"background-color":"var(--ast-global-color-5)","background-image":"","background-repeat":"repeat","background-position":"center center","background-size":"auto","background-attachment":"scroll","background-type":"","background-media":"","overlay-type":"","overlay-color":"","overlay-opacity":"","overlay-gradient":""},"mobile":{"background-color":"var(--ast-global-color-5)","background-image":"","background-repeat":"repeat","background-position":"center center","background-size":"auto","background-attachment":"scroll","background-type":"","background-media":"","overlay-type":"","overlay-color":"","overlay-opacity":"","overlay-gradient":""}}},"product_brand":[],"product_cat":[1529,1589],"product_tag":[],"class_list":{"0":"post-63945","1":"product","2":"type-product","3":"status-publish","4":"has-post-thumbnail","6":"product_cat-accessoires-de-patinage-a-roues-alignees","7":"product_cat-patinage-de-vitesse-a-roues-alignees","8":"desktop-align-center","9":"tablet-align-center","10":"mobile-align-center","11":"ast-product-gallery-layout-horizontal","12":"ast-product-single-variable","13":"ast-product-tabs-layout-horizontal","14":"ast-qv-on-image","16":"first","17":"instock","18":"taxable","19":"shipping-taxable","20":"purchasable","21":"product-type-variable"},"bundled_by":[],"bundle_stock_status":"instock","bundle_stock_quantity":null,"bundle_virtual":false,"bundle_layout":"","bundle_add_to_cart_form_location":"","bundle_editable_in_cart":false,"bundle_sold_individually_context":"","bundle_item_grouping":"","bundle_min_size":"","bundle_max_size":"","bundle_price":[],"bundled_items":[],"bundle_sell_ids":[],"yoast_head":"<!-- This site is optimized with the Yoast SEO plugin v27.4 - https:\/\/yoast.com\/product\/yoast-seo-wordpress\/ -->\n<title>CADOMOTUS Boot Risers &amp; Cantology Wedges - Xact Skate Shop<\/title>\n<meta name=\"description\" content=\"CADOMOTUS Boot Risers &amp; Cantology Wedges ; Sur\u00e9levez vos bottes pour \u00e9viter les interf\u00e9rences avec les roues, ou inclinez-les pour am\u00e9liorer votre \u00e9quilibre !\" \/>\n<meta name=\"robots\" content=\"index, follow, max-snippet:-1, max-image-preview:large, max-video-preview:-1\" \/>\n<link rel=\"canonical\" href=\"https:\/\/xactskateshop.com\/fr\/produit\/cadomotus-boot-risers-cantology-wedges\/\" \/>\n<meta property=\"og:locale\" content=\"fr_FR\" \/>\n<meta property=\"og:type\" content=\"article\" \/>\n<meta property=\"og:title\" content=\"CADOMOTUS Boot Risers &amp; Cantology Wedges - Xact Skate Shop\" \/>\n<meta property=\"og:description\" content=\"CADOMOTUS Boot Risers &amp; Cantology Wedges ; Sur\u00e9levez vos bottes pour \u00e9viter les interf\u00e9rences avec les roues, ou inclinez-les pour am\u00e9liorer votre \u00e9quilibre !\" \/>\n<meta property=\"og:url\" content=\"https:\/\/xactskateshop.com\/fr\/produit\/cadomotus-boot-risers-cantology-wedges\/\" \/>\n<meta property=\"og:site_name\" content=\"Xact Skate Shop\" \/>\n<meta property=\"article:publisher\" content=\"https:\/\/www.facebook.com\/JeanLouiskateshop\" \/>\n<meta property=\"og:image\" content=\"https:\/\/xactskateshop.com\/wp-content\/uploads\/2021\/01\/Risers.jpg\" \/>\n\t<meta property=\"og:image:width\" content=\"1000\" \/>\n\t<meta property=\"og:image:height\" content=\"1000\" \/>\n\t<meta property=\"og:image:type\" content=\"image\/jpeg\" \/>\n<meta name=\"twitter:card\" content=\"summary_large_image\" \/>\n<meta name=\"twitter:label1\" content=\"Dur\u00e9e de lecture estim\u00e9e\" \/>\n\t<meta name=\"twitter:data1\" content=\"2 minutes\" \/>\n<script type=\"application\/ld+json\" class=\"yoast-schema-graph\">{\"@context\":\"https:\\\/\\\/schema.org\",\"@graph\":[{\"@type\":\"WebPage\",\"@id\":\"https:\\\/\\\/xactskateshop.com\\\/fr\\\/produit\\\/cadomotus-boot-risers-cantology-wedges\\\/\",\"url\":\"https:\\\/\\\/xactskateshop.com\\\/fr\\\/produit\\\/cadomotus-boot-risers-cantology-wedges\\\/\",\"name\":\"CADOMOTUS Boot Risers &amp; Cantology Wedges - Xact Skate Shop\",\"isPartOf\":{\"@id\":\"http:\\\/\\\/xactskateshop.com\\\/fr\\\/#website\"},\"primaryImageOfPage\":{\"@id\":\"https:\\\/\\\/xactskateshop.com\\\/fr\\\/produit\\\/cadomotus-boot-risers-cantology-wedges\\\/#primaryimage\"},\"image\":{\"@id\":\"https:\\\/\\\/xactskateshop.com\\\/fr\\\/produit\\\/cadomotus-boot-risers-cantology-wedges\\\/#primaryimage\"},\"thumbnailUrl\":\"https:\\\/\\\/xactskateshop.com\\\/wp-content\\\/uploads\\\/2021\\\/01\\\/Risers.jpg\",\"datePublished\":\"2021-01-23T18:54:13+00:00\",\"description\":\"CADOMOTUS Boot Risers & Cantology Wedges ; Sur\u00e9levez vos bottes pour \u00e9viter les interf\u00e9rences avec les roues, ou inclinez-les pour am\u00e9liorer votre \u00e9quilibre !\",\"breadcrumb\":{\"@id\":\"https:\\\/\\\/xactskateshop.com\\\/fr\\\/produit\\\/cadomotus-boot-risers-cantology-wedges\\\/#breadcrumb\"},\"inLanguage\":\"fr-FR\",\"potentialAction\":[{\"@type\":\"ReadAction\",\"target\":[\"https:\\\/\\\/xactskateshop.com\\\/fr\\\/produit\\\/cadomotus-boot-risers-cantology-wedges\\\/\"]}]},{\"@type\":\"ImageObject\",\"inLanguage\":\"fr-FR\",\"@id\":\"https:\\\/\\\/xactskateshop.com\\\/fr\\\/produit\\\/cadomotus-boot-risers-cantology-wedges\\\/#primaryimage\",\"url\":\"https:\\\/\\\/xactskateshop.com\\\/wp-content\\\/uploads\\\/2021\\\/01\\\/Risers.jpg\",\"contentUrl\":\"https:\\\/\\\/xactskateshop.com\\\/wp-content\\\/uploads\\\/2021\\\/01\\\/Risers.jpg\",\"width\":1000,\"height\":1000,\"caption\":\"CADOMOTUS Boot Risers &amp; Cantology Wedges\"},{\"@type\":\"BreadcrumbList\",\"@id\":\"https:\\\/\\\/xactskateshop.com\\\/fr\\\/produit\\\/cadomotus-boot-risers-cantology-wedges\\\/#breadcrumb\",\"itemListElement\":[{\"@type\":\"ListItem\",\"position\":1,\"name\":\"Home\",\"item\":\"https:\\\/\\\/xactskateshop.com\\\/fr\\\/accueil\\\/\"},{\"@type\":\"ListItem\",\"position\":2,\"name\":\"Boutique\",\"item\":\"https:\\\/\\\/xactskateshop.com\\\/shop\\\/\"},{\"@type\":\"ListItem\",\"position\":3,\"name\":\"CADOMOTUS Boot Risers &amp; Cantology Wedges\"}]},{\"@type\":\"WebSite\",\"@id\":\"http:\\\/\\\/xactskateshop.com\\\/fr\\\/#website\",\"url\":\"http:\\\/\\\/xactskateshop.com\\\/fr\\\/\",\"name\":\"Xact Skate Shop\",\"description\":\"Un site utilisant WordPress\",\"publisher\":{\"@id\":\"http:\\\/\\\/xactskateshop.com\\\/fr\\\/#organization\"},\"potentialAction\":[{\"@type\":\"SearchAction\",\"target\":{\"@type\":\"EntryPoint\",\"urlTemplate\":\"http:\\\/\\\/xactskateshop.com\\\/fr\\\/?s={search_term_string}\"},\"query-input\":{\"@type\":\"PropertyValueSpecification\",\"valueRequired\":true,\"valueName\":\"search_term_string\"}}],\"inLanguage\":\"fr-FR\"},{\"@type\":\"Organization\",\"@id\":\"http:\\\/\\\/xactskateshop.com\\\/fr\\\/#organization\",\"name\":\"XACT Skate Shop\",\"url\":\"http:\\\/\\\/xactskateshop.com\\\/fr\\\/\",\"logo\":{\"@type\":\"ImageObject\",\"inLanguage\":\"fr-FR\",\"@id\":\"http:\\\/\\\/xactskateshop.com\\\/fr\\\/#\\\/schema\\\/logo\\\/image\\\/\",\"url\":\"http:\\\/\\\/xactskateshop.com\\\/wp-content\\\/uploads\\\/2024\\\/04\\\/xactskateshop-dot-com-avec-contour-noir-sans-fond-675x.jpg\",\"contentUrl\":\"http:\\\/\\\/xactskateshop.com\\\/wp-content\\\/uploads\\\/2024\\\/04\\\/xactskateshop-dot-com-avec-contour-noir-sans-fond-675x.jpg\",\"width\":675,\"height\":247,\"caption\":\"XACT Skate Shop\"},\"image\":{\"@id\":\"http:\\\/\\\/xactskateshop.com\\\/fr\\\/#\\\/schema\\\/logo\\\/image\\\/\"},\"sameAs\":[\"https:\\\/\\\/www.facebook.com\\\/JeanLouiskateshop\"]}]}<\/script>\n<!-- \/ Yoast SEO plugin. -->","yoast_head_json":{"title":"CADOMOTUS Boot Risers &amp; Cantology Wedges - Xact Skate Shop","description":"CADOMOTUS Boot Risers & Cantology Wedges ; Sur\u00e9levez vos bottes pour \u00e9viter les interf\u00e9rences avec les roues, ou inclinez-les pour am\u00e9liorer votre \u00e9quilibre !","robots":{"index":"index","follow":"follow","max-snippet":"max-snippet:-1","max-image-preview":"max-image-preview:large","max-video-preview":"max-video-preview:-1"},"canonical":"https:\/\/xactskateshop.com\/fr\/produit\/cadomotus-boot-risers-cantology-wedges\/","og_locale":"fr_FR","og_type":"article","og_title":"CADOMOTUS Boot Risers &amp; Cantology Wedges - Xact Skate Shop","og_description":"CADOMOTUS Boot Risers & Cantology Wedges ; Sur\u00e9levez vos bottes pour \u00e9viter les interf\u00e9rences avec les roues, ou inclinez-les pour am\u00e9liorer votre \u00e9quilibre !","og_url":"https:\/\/xactskateshop.com\/fr\/produit\/cadomotus-boot-risers-cantology-wedges\/","og_site_name":"Xact Skate Shop","article_publisher":"https:\/\/www.facebook.com\/JeanLouiskateshop","og_image":[{"width":1000,"height":1000,"url":"https:\/\/xactskateshop.com\/wp-content\/uploads\/2021\/01\/Risers.jpg","type":"image\/jpeg"}],"twitter_card":"summary_large_image","twitter_misc":{"Dur\u00e9e de lecture estim\u00e9e":"2 minutes"},"schema":{"@context":"https:\/\/schema.org","@graph":[{"@type":"WebPage","@id":"https:\/\/xactskateshop.com\/fr\/produit\/cadomotus-boot-risers-cantology-wedges\/","url":"https:\/\/xactskateshop.com\/fr\/produit\/cadomotus-boot-risers-cantology-wedges\/","name":"CADOMOTUS Boot Risers &amp; Cantology Wedges - Xact Skate Shop","isPartOf":{"@id":"http:\/\/xactskateshop.com\/fr\/#website"},"primaryImageOfPage":{"@id":"https:\/\/xactskateshop.com\/fr\/produit\/cadomotus-boot-risers-cantology-wedges\/#primaryimage"},"image":{"@id":"https:\/\/xactskateshop.com\/fr\/produit\/cadomotus-boot-risers-cantology-wedges\/#primaryimage"},"thumbnailUrl":"https:\/\/xactskateshop.com\/wp-content\/uploads\/2021\/01\/Risers.jpg","datePublished":"2021-01-23T18:54:13+00:00","description":"CADOMOTUS Boot Risers & Cantology Wedges ; Sur\u00e9levez vos bottes pour \u00e9viter les interf\u00e9rences avec les roues, ou inclinez-les pour am\u00e9liorer votre \u00e9quilibre !","breadcrumb":{"@id":"https:\/\/xactskateshop.com\/fr\/produit\/cadomotus-boot-risers-cantology-wedges\/#breadcrumb"},"inLanguage":"fr-FR","potentialAction":[{"@type":"ReadAction","target":["https:\/\/xactskateshop.com\/fr\/produit\/cadomotus-boot-risers-cantology-wedges\/"]}]},{"@type":"ImageObject","inLanguage":"fr-FR","@id":"https:\/\/xactskateshop.com\/fr\/produit\/cadomotus-boot-risers-cantology-wedges\/#primaryimage","url":"https:\/\/xactskateshop.com\/wp-content\/uploads\/2021\/01\/Risers.jpg","contentUrl":"https:\/\/xactskateshop.com\/wp-content\/uploads\/2021\/01\/Risers.jpg","width":1000,"height":1000,"caption":"CADOMOTUS Boot Risers &amp; Cantology Wedges"},{"@type":"BreadcrumbList","@id":"https:\/\/xactskateshop.com\/fr\/produit\/cadomotus-boot-risers-cantology-wedges\/#breadcrumb","itemListElement":[{"@type":"ListItem","position":1,"name":"Home","item":"https:\/\/xactskateshop.com\/fr\/accueil\/"},{"@type":"ListItem","position":2,"name":"Boutique","item":"https:\/\/xactskateshop.com\/shop\/"},{"@type":"ListItem","position":3,"name":"CADOMOTUS Boot Risers &amp; Cantology Wedges"}]},{"@type":"WebSite","@id":"http:\/\/xactskateshop.com\/fr\/#website","url":"http:\/\/xactskateshop.com\/fr\/","name":"Xact Skate Shop","description":"Un site utilisant WordPress","publisher":{"@id":"http:\/\/xactskateshop.com\/fr\/#organization"},"potentialAction":[{"@type":"SearchAction","target":{"@type":"EntryPoint","urlTemplate":"http:\/\/xactskateshop.com\/fr\/?s={search_term_string}"},"query-input":{"@type":"PropertyValueSpecification","valueRequired":true,"valueName":"search_term_string"}}],"inLanguage":"fr-FR"},{"@type":"Organization","@id":"http:\/\/xactskateshop.com\/fr\/#organization","name":"XACT Skate Shop","url":"http:\/\/xactskateshop.com\/fr\/","logo":{"@type":"ImageObject","inLanguage":"fr-FR","@id":"http:\/\/xactskateshop.com\/fr\/#\/schema\/logo\/image\/","url":"http:\/\/xactskateshop.com\/wp-content\/uploads\/2024\/04\/xactskateshop-dot-com-avec-contour-noir-sans-fond-675x.jpg","contentUrl":"http:\/\/xactskateshop.com\/wp-content\/uploads\/2024\/04\/xactskateshop-dot-com-avec-contour-noir-sans-fond-675x.jpg","width":675,"height":247,"caption":"XACT Skate Shop"},"image":{"@id":"http:\/\/xactskateshop.com\/fr\/#\/schema\/logo\/image\/"},"sameAs":["https:\/\/www.facebook.com\/JeanLouiskateshop"]}]}},"_links":{"self":[{"href":"https:\/\/xactskateshop.com\/fr\/wp-json\/wp\/v2\/product\/63945","targetHints":{"allow":["GET"]}}],"collection":[{"href":"https:\/\/xactskateshop.com\/fr\/wp-json\/wp\/v2\/product"}],"about":[{"href":"https:\/\/xactskateshop.com\/fr\/wp-json\/wp\/v2\/types\/product"}],"replies":[{"embeddable":true,"href":"https:\/\/xactskateshop.com\/fr\/wp-json\/wp\/v2\/comments?post=63945"}],"wp:featuredmedia":[{"embeddable":true,"href":"https:\/\/xactskateshop.com\/fr\/wp-json\/wp\/v2\/media\/28462"}],"wp:attachment":[{"href":"https:\/\/xactskateshop.com\/fr\/wp-json\/wp\/v2\/media?parent=63945"}],"wp:term":[{"taxonomy":"product_brand","embeddable":true,"href":"https:\/\/xactskateshop.com\/fr\/wp-json\/wp\/v2\/product_brand?post=63945"},{"taxonomy":"product_cat","embeddable":true,"href":"https:\/\/xactskateshop.com\/fr\/wp-json\/wp\/v2\/product_cat?post=63945"},{"taxonomy":"product_tag","embeddable":true,"href":"https:\/\/xactskateshop.com\/fr\/wp-json\/wp\/v2\/product_tag?post=63945"}],"curies":[{"name":"wp","href":"https:\/\/api.w.org\/{rel}","templated":true}]}}