{"id":63869,"date":"2021-01-16T15:53:41","date_gmt":"2021-01-16T20:53:41","guid":{"rendered":"http:\/\/xactskateshop.com\/product\/bont-prostar-prodigy-street-flow-package\/"},"modified":"2021-01-16T15:53:41","modified_gmt":"2021-01-16T20:53:41","slug":"bont-prostar-prodigy-street-flow-package","status":"publish","type":"product","link":"https:\/\/xactskateshop.com\/fr\/produit\/bont-prostar-prodigy-street-flow-package\/","title":{"rendered":"BONT Prostar Prodigy Street Flow Package"},"content":{"rendered":"<h2>BONT Prostar Prodigy Street Flow Package<\/h2>\n<p>La chaussure de patin \u00e0 roulettes Prostar de Bont dans cet ensemble Prostar Prodigy Street Flow de BONT est une chaussure con\u00e7ue pour \u00eatre l\u00e9g\u00e8re, r\u00e9active et thermo-moulable. Une chaussure con\u00e7ue pour vous. Le thermoplastique dans le talon vous permet de mouler votre botte avec un s\u00e8che-cheveux pour obtenir un ajustement personnalis\u00e9 en moins de 10 minutes. C&#8217;est particuli\u00e8rement int\u00e9ressant pour les patineurs qui ont des chevilles fines ou larges.    La botte est fabriqu\u00e9e en daim et dispose d&#8217;une protection d&#8217;orteil en caoutchouc rempla\u00e7able, d&#8217;une sangle sup\u00e9rieure r\u00e9glable en velcro et d&#8217;une boucle arri\u00e8re au niveau du talon pour y passer vos lacets. Cet ensemble est mont\u00e9 avec la plaque Prodigy, les <span style=\"font-size: 16px;\">roues <\/span> Street Flow et les <span style=\"font-size: 16px;\">roulements<\/span> PRO <span style=\"font-size: 16px;\">. <\/span>  <\/p>\n<h3><\/h3>\n<h3><strong>Caract\u00e9ristiques des bottes<\/strong><\/h3>\n<ul>\n<li><strong>Base :<\/strong> Fibre de verre<\/li>\n<li><strong>Peau ext\u00e9rieure :<\/strong> Daim<\/li>\n<li><strong>Doublure :<\/strong> Microfibre<\/li>\n<li><strong>Hauteur des bottes :<\/strong> Haute<\/li>\n<li><strong>Hauteur du talon :<\/strong> 6 mm<\/li>\n<li><strong>Semelle int\u00e9rieure :<\/strong> EVA avec tissu<\/li>\n<li><strong>Thermo-moulable :<\/strong> La base enti\u00e8rement thermoformable utilisant une r\u00e9sine \u00e9poxy thermodurcissable vous permet de mouler votre botte avec un s\u00e8che-cheveux pour obtenir un ajustement personnalis\u00e9 en moins de 10 minutes. ***Ne<strong>pas mettre au four pour chauffer le moule***<\/strong>. <\/li>\n<li><strong>Rembourrage :<\/strong> Mousse \u00e0 m\u00e9moire de forme<\/li>\n<li><strong>Options de taille :<\/strong> 3 &#8211; 9<\/li>\n<li><strong>Options d&#8217;ajustement :<\/strong> Standard, il n&#8217;y a pas d&#8217;options d&#8217;ajustement semi-personnalis\u00e9.<\/li>\n<li><strong>V\u00e9g\u00e9talien :<\/strong> Non<\/li>\n<\/ul>\n<p>&nbsp;<\/p>\n<p>La plaque de patin \u00e0 roulettes Bont Prodigy est l\u00e9g\u00e8re et abordable pour les d\u00e9butants et les patineurs de loisir. La base est un composite de nylon et de fibre de verre, avec des bogies en aluminium \u00e0 20 degr\u00e9s d&#8217;action et des but\u00e9es de pied r\u00e9glables \u00e0 vis Allen. Cette plaque convient parfaitement au patinage int\u00e9rieur et ext\u00e9rieur, ainsi qu&#8217;au patinage en patinoire et au roller derby. Test\u00e9e par l&#8217;\u00e9quipe de roller derby de Bont, cette plaque de patin \u00e0 roulettes est capable de r\u00e9sister aux combats de roller derby les plus rudes. Con\u00e7ue par Bont \u00e0 Sydney, en Australie, cette plaque de patin \u00e0 roulettes est \u00e9galement destin\u00e9e aux nouveaux patineurs de roller derby. Les \u00e9crous sur les axes de 8 mm bloquent les roues en place.     <\/p>\n<h3><strong>Caract\u00e9ristiques de la plaque<\/strong><\/h3>\n<ul>\n<li><strong>Action :<\/strong> angle de 20 degr\u00e9s du camion<\/li>\n<li><strong>Mat\u00e9riau de base :<\/strong> Composite de nylon et de fibre de verre<\/li>\n<li><strong>Duret\u00e9 des coussins :<\/strong> 88A coussins en ur\u00e9thane standard<\/li>\n<li><strong>Le pivot : <\/strong>Acier<\/li>\n<li><strong>Contre-\u00e9crou du pivot : <\/strong>douille de 9\/16&#8243; pour le r\u00e9glage<\/li>\n<li><strong>Camions :<\/strong> Aluminium<\/li>\n<li><strong>Axes :<\/strong> 8mm<\/li>\n<li><strong>But\u00e9e de pied :<\/strong> Vis \u00e0 six pans r\u00e9glable, cl\u00e9 \u00e0 six pans de 4 mm pour le r\u00e9glage<\/li>\n<li><strong>Tailles :<\/strong> 4.5&#8243; 5.0&#8243; 5.5&#8243; 6.0&#8243; 6.5&#8243; 7.0&#8243; 7.5&#8243; 8.0&#8243;<\/li>\n<\/ul>\n<p>*Vous devrez commander le mat\u00e9riel de montage si vous commandez uniquement la plaque.<\/p>\n<p>*Compatible uniquement avec Discotrux<\/p>\n<p>&nbsp;<\/p>\n<p>La s\u00e9rie de roues de patins \u00e0 roulettes Bont Flow est con\u00e7ue pour le park et le street skating. Disponible en deux duret\u00e9s, elle r\u00e9pond \u00e0 tous les types de patinage. Vous faites du vert ? Gardez le contr\u00f4le \u00e0 grande vitesse et dans les virages rapides avec le 99a Park Flow ! Si le street est plus votre style, essayez le 89a Street Flow. Il est tr\u00e8s doux sur les surfaces bossel\u00e9es et permet d&#8217;amortir les atterrissages durs. La conception sp\u00e9ciale du bord de la roue minimise l&#8217;adh\u00e9rence de la roue sur les margelles, les rails et les rebords pour une glissade ou un grind parfaits. <\/p>\n<h3><strong>  Caract\u00e9ristiques des roues<\/strong><\/h3>\n<ul>\n<li><strong>Duret\u00e9 : <\/strong>89a Street ou 99a Park<\/li>\n<li> <strong> Taille : <\/strong>58 mm x 32 mm<\/li>\n<li><strong>  Con\u00e7u en Australie<\/strong><\/li>\n<li><strong>  Test\u00e9 par Team Bont ParkStars<\/strong><\/li>\n<\/ul>\n<p><strong>Note :<\/strong> La Street Flow n&#8217;est pas une roue de route ext\u00e9rieure, elle est con\u00e7ue pour les skaters qui pr\u00e9f\u00e8rent skater dans les skate parks, les spots de bricolage, les halfpipes et les bowls. Vous pouvez l&#8217;utiliser pour patiner sur la route, mais elle n&#8217;est pas aussi douce qu&#8217;une roue souple 78a &#8211; 85a pour l&#8217;ext\u00e9rieur. <\/p>\n<p>Bont Skates a une longue histoire de production de roues de patins \u00e0 roulettes de haute qualit\u00e9. Nous avons mis \u00e0 profit nos connaissances approfondies de la production des meilleures roues de patinage de vitesse en ligne et de roller derby au monde pour les appliquer \u00e0 une roue de park et de street dans le cadre de ce projet. L&#8217;\u00e9quipe Bont ParkStars est compos\u00e9e des meilleurs patineurs de parkings du monde entier. Ils ont test\u00e9 un certain nombre de prototypes et de formules pour aboutir \u00e0 la meilleure roue de park sur le march\u00e9.   <\/p>\n<p>&nbsp;<\/p>\n<p><span style=\"font-size: 16px; font-style: normal; font-weight: 400;\">Con\u00e7us pour l&#8217;\u00e9lite des patineurs \u00e0 roulettes quad mais tr\u00e8s abordables, les<\/span>roulements des patins \u00e0 roulettes Bont PRO sont parfaits pour les nouveaux patineurs. Les doubles boucliers emp\u00eachent la poussi\u00e8re et la salet\u00e9 de p\u00e9n\u00e9trer dans les roulements. Avec une r\u00e9sistance au roulement exceptionnellement faible et pr\u00e9-lubrifi\u00e9s avec une huile de course l\u00e9g\u00e8re d\u00e9velopp\u00e9e pour notre \u00e9quipe d&#8217;\u00e9lite de roller derby, vous \u00eates pr\u00eats pour la comp\u00e9tition d\u00e8s la sortie de la bo\u00eete !  <\/p>\n<h3><strong>Caract\u00e9ristiques des roulements  <\/strong><\/h3>\n<ul>\n<li data-mce-fragment=\"1\"><strong>Type de roulement :<\/strong> 608<\/li>\n<li data-mce-fragment=\"1\"><strong>Dimension :<\/strong> \u00e2me de 8 mm, diam\u00e8tre ext\u00e9rieur de 22 mm, largeur de 7 mm<\/li>\n<li data-mce-fragment=\"1\"><strong>Protection :<\/strong> Bouclier 1-Z<\/li>\n<li data-mce-fragment=\"1\">Cage <strong>:<\/strong> cage en plastique TN9<\/li>\n<li data-mce-fragment=\"1\"><strong>Compl\u00e9ment de bille :<\/strong> 7 pi\u00e8ces<\/li>\n<li data-mce-fragment=\"1\"><strong>Mat\u00e9riau de la bille :<\/strong> Acier de haute qualit\u00e9<\/li>\n<\/ul>\n<p>Notre \u00e9quipe professionnelle de patineurs \u00e0 roulettes<span style=\"font-size: 16px; font-style: normal; font-weight: 400;\"> <\/span><span style=\"font-size: 16px; font-style: normal; font-weight: 400;\">testez tous les roulements de patins \u00e0 roulettes Bont<\/span><span style=\"font-size: 16px;\">.<\/span><\/p>\n<p>Tous les roulements de patins \u00e0 roulettes 608 ne sont pas identiques. Lorsque vous faites du roller, vous exercez une pression sur le roulement et celui-ci se d\u00e9forme, surtout s&#8217;il est fabriqu\u00e9 avec de l&#8217;acier de mauvaise qualit\u00e9. C&#8217;est pourquoi Bont propose des roulements pour patins \u00e0 roulettes en ligne fabriqu\u00e9s \u00e0 partir d&#8217;un acier de haute qualit\u00e9. Si un roulement de skate est fabriqu\u00e9 avec de mauvaises tol\u00e9rances, il ne roulera pas tr\u00e8s bien. De m\u00eame, si un roulement est rempli de graisse, il ne roulera pratiquement pas. C&#8217;est pourquoi tous les roulements Bont sont pr\u00e9-lubrifi\u00e9s avec de l&#8217;huile de course. Vos roulements de skate Bont sont pr\u00eats pour la comp\u00e9tition, d\u00e8s leur sortie de la bo\u00eete. L&#8217;attention port\u00e9e aux d\u00e9tails fait des roulements de patins \u00e0 roues align\u00e9es Bont les meilleurs roulements de patins \u00e0 roulettes en vente aujourd&#8217;hui.       <\/p>\n<p>&nbsp;<\/p>\n<h3>TROUVEZ VOTRE TAILLE ID\u00c9ALE <a href=\"https:\/\/bont.ca\/pages\/bont-size-chart-2\">ICI ! <\/a> <\/h3>\n","protected":false},"excerpt":{"rendered":"<hr>\n<p style=\"text-align: center;\"><strong>****** veuillez nous contacter \u00e0 info@xactskateshop.com pour conna\u00eetre la disponibilit\u00e9 de la taille avant de passer commande******<\/strong><\/p>\n<hr>\n<p style=\"text-align: center;\">La chaussure de roller Prostar de Bont est une chaussure con\u00e7ue pour \u00eatre l\u00e9g\u00e8re, r\u00e9active et thermo-moulable. Une chaussure con\u00e7ue pour vous. Le thermoplastique dans le talon vous permet de mouler votre chaussure avec un s\u00e8che-cheveux pour obtenir un ajustement personnalis\u00e9 en moins de 10 minutes. C&#8217;est particuli\u00e8rement int\u00e9ressant pour les patineurs qui ont des chevilles \u00e9troites ou larges.    La botte est fabriqu\u00e9e en daim et dispose d&#8217;une protection d&#8217;orteil en caoutchouc rempla\u00e7able, d&#8217;une sangle sup\u00e9rieure r\u00e9glable en velcro et d&#8217;une boucle arri\u00e8re au niveau du talon pour y passer vos lacets. Cet ensemble est mont\u00e9 avec la plaque Prodigy, les <span style=\"font-size: 16px;\">roues <\/span> Park Flow et les <span style=\"font-size: 16px;\">roulements<\/span> PRO.  <\/p>\n<hr>\n<p style=\"text-align: center;\"><strong>****** veuillez nous contacter \u00e0 info@xactskateshop.com pour conna\u00eetre la disponibilit\u00e9 de la taille avant de passer commande******<\/strong><\/p>\n<hr>\n<p style=\"text-align: center;\">\n","protected":false},"featured_media":28415,"comment_status":"closed","ping_status":"closed","template":"","meta":{"site-sidebar-layout":"default","site-content-layout":"default","ast-site-content-layout":"default","site-content-style":"default","site-sidebar-style":"default","ast-global-header-display":"","ast-banner-title-visibility":"","ast-main-header-display":"","ast-hfb-above-header-display":"","ast-hfb-below-header-display":"","ast-hfb-mobile-header-display":"","site-post-title":"","ast-breadcrumbs-content":"","ast-featured-img":"","footer-sml-layout":"","theme-transparent-header-meta":"default","adv-header-id-meta":"","stick-header-meta":"","header-above-stick-meta":"","header-main-stick-meta":"","header-below-stick-meta":"","astra-migrate-meta-layouts":"default","ast-page-background-enabled":"default","ast-page-background-meta":{"desktop":{"background-color":"","background-image":"","background-repeat":"repeat","background-position":"center center","background-size":"auto","background-attachment":"scroll","background-type":"","background-media":"","overlay-type":"","overlay-color":"","overlay-opacity":"","overlay-gradient":""},"tablet":{"background-color":"","background-image":"","background-repeat":"repeat","background-position":"center center","background-size":"auto","background-attachment":"scroll","background-type":"","background-media":"","overlay-type":"","overlay-color":"","overlay-opacity":"","overlay-gradient":""},"mobile":{"background-color":"","background-image":"","background-repeat":"repeat","background-position":"center center","background-size":"auto","background-attachment":"scroll","background-type":"","background-media":"","overlay-type":"","overlay-color":"","overlay-opacity":"","overlay-gradient":""}},"ast-content-background-meta":{"desktop":{"background-color":"var(--ast-global-color-5)","background-image":"","background-repeat":"repeat","background-position":"center center","background-size":"auto","background-attachment":"scroll","background-type":"","background-media":"","overlay-type":"","overlay-color":"","overlay-opacity":"","overlay-gradient":""},"tablet":{"background-color":"var(--ast-global-color-5)","background-image":"","background-repeat":"repeat","background-position":"center center","background-size":"auto","background-attachment":"scroll","background-type":"","background-media":"","overlay-type":"","overlay-color":"","overlay-opacity":"","overlay-gradient":""},"mobile":{"background-color":"var(--ast-global-color-5)","background-image":"","background-repeat":"repeat","background-position":"center center","background-size":"auto","background-attachment":"scroll","background-type":"","background-media":"","overlay-type":"","overlay-color":"","overlay-opacity":"","overlay-gradient":""}}},"product_brand":[],"product_cat":[1726,1652],"product_tag":[],"class_list":{"0":"post-63869","1":"product","2":"type-product","3":"status-publish","4":"has-post-thumbnail","6":"product_cat-ensembles-patins-a-roulettes","7":"product_cat-patins-a-roulettes","8":"desktop-align-center","9":"tablet-align-center","10":"mobile-align-center","11":"ast-product-gallery-layout-horizontal","12":"ast-product-single-variable","13":"ast-product-tabs-layout-horizontal","14":"ast-qv-on-image","16":"first","17":"instock","18":"sale","19":"taxable","20":"shipping-taxable","21":"purchasable","22":"product-type-variable","23":"has-default-attributes"},"bundled_by":[],"bundle_stock_status":"instock","bundle_stock_quantity":null,"bundle_virtual":false,"bundle_layout":"","bundle_add_to_cart_form_location":"","bundle_editable_in_cart":false,"bundle_sold_individually_context":"","bundle_item_grouping":"","bundle_min_size":"","bundle_max_size":"","bundle_price":[],"bundled_items":[],"bundle_sell_ids":[],"yoast_head":"<!-- This site is optimized with the Yoast SEO plugin v27.4 - https:\/\/yoast.com\/product\/yoast-seo-wordpress\/ -->\n<title>BONT Prostar Prodigy Street Flow Package - Xact Skate Shop<\/title>\n<meta name=\"description\" content=\"BONT Prostar Prodigy Street Flow Package. Cet ensemble est mont\u00e9 avec la plaque Prodigy et les roues et roulements Park Flow...\" \/>\n<meta name=\"robots\" content=\"index, follow, max-snippet:-1, max-image-preview:large, max-video-preview:-1\" \/>\n<link rel=\"canonical\" href=\"https:\/\/xactskateshop.com\/fr\/produit\/bont-prostar-prodigy-street-flow-package\/\" \/>\n<meta property=\"og:locale\" content=\"fr_FR\" \/>\n<meta property=\"og:type\" content=\"article\" \/>\n<meta property=\"og:title\" content=\"BONT Prostar Prodigy Street Flow Package - Xact Skate Shop\" \/>\n<meta property=\"og:description\" content=\"BONT Prostar Prodigy Street Flow Package. Cet ensemble est mont\u00e9 avec la plaque Prodigy et les roues et roulements Park Flow...\" \/>\n<meta property=\"og:url\" content=\"https:\/\/xactskateshop.com\/fr\/produit\/bont-prostar-prodigy-street-flow-package\/\" \/>\n<meta property=\"og:site_name\" content=\"Xact Skate Shop\" \/>\n<meta property=\"article:publisher\" content=\"https:\/\/www.facebook.com\/JeanLouiskateshop\" \/>\n<meta property=\"og:image\" content=\"https:\/\/xactskateshop.com\/wp-content\/uploads\/2021\/01\/Prodigy-derby-street-flow-prostar-teal-roller-derby-skates.jpg\" \/>\n\t<meta property=\"og:image:width\" content=\"1000\" \/>\n\t<meta property=\"og:image:height\" content=\"1000\" \/>\n\t<meta property=\"og:image:type\" content=\"image\/jpeg\" \/>\n<meta name=\"twitter:card\" content=\"summary_large_image\" \/>\n<meta name=\"twitter:label1\" content=\"Dur\u00e9e de lecture estim\u00e9e\" \/>\n\t<meta name=\"twitter:data1\" content=\"5 minutes\" \/>\n<script type=\"application\/ld+json\" class=\"yoast-schema-graph\">{\"@context\":\"https:\\\/\\\/schema.org\",\"@graph\":[{\"@type\":\"WebPage\",\"@id\":\"https:\\\/\\\/xactskateshop.com\\\/fr\\\/produit\\\/bont-prostar-prodigy-street-flow-package\\\/\",\"url\":\"https:\\\/\\\/xactskateshop.com\\\/fr\\\/produit\\\/bont-prostar-prodigy-street-flow-package\\\/\",\"name\":\"BONT Prostar Prodigy Street Flow Package - Xact Skate Shop\",\"isPartOf\":{\"@id\":\"http:\\\/\\\/xactskateshop.com\\\/fr\\\/#website\"},\"primaryImageOfPage\":{\"@id\":\"https:\\\/\\\/xactskateshop.com\\\/fr\\\/produit\\\/bont-prostar-prodigy-street-flow-package\\\/#primaryimage\"},\"image\":{\"@id\":\"https:\\\/\\\/xactskateshop.com\\\/fr\\\/produit\\\/bont-prostar-prodigy-street-flow-package\\\/#primaryimage\"},\"thumbnailUrl\":\"https:\\\/\\\/xactskateshop.com\\\/wp-content\\\/uploads\\\/2021\\\/01\\\/Prodigy-derby-street-flow-prostar-teal-roller-derby-skates.jpg\",\"datePublished\":\"2021-01-16T20:53:41+00:00\",\"description\":\"BONT Prostar Prodigy Street Flow Package. Cet ensemble est mont\u00e9 avec la plaque Prodigy et les roues et roulements Park Flow...\",\"breadcrumb\":{\"@id\":\"https:\\\/\\\/xactskateshop.com\\\/fr\\\/produit\\\/bont-prostar-prodigy-street-flow-package\\\/#breadcrumb\"},\"inLanguage\":\"fr-FR\",\"potentialAction\":[{\"@type\":\"ReadAction\",\"target\":[\"https:\\\/\\\/xactskateshop.com\\\/fr\\\/produit\\\/bont-prostar-prodigy-street-flow-package\\\/\"]}]},{\"@type\":\"ImageObject\",\"inLanguage\":\"fr-FR\",\"@id\":\"https:\\\/\\\/xactskateshop.com\\\/fr\\\/produit\\\/bont-prostar-prodigy-street-flow-package\\\/#primaryimage\",\"url\":\"https:\\\/\\\/xactskateshop.com\\\/wp-content\\\/uploads\\\/2021\\\/01\\\/Prodigy-derby-street-flow-prostar-teal-roller-derby-skates.jpg\",\"contentUrl\":\"https:\\\/\\\/xactskateshop.com\\\/wp-content\\\/uploads\\\/2021\\\/01\\\/Prodigy-derby-street-flow-prostar-teal-roller-derby-skates.jpg\",\"width\":1000,\"height\":1000},{\"@type\":\"BreadcrumbList\",\"@id\":\"https:\\\/\\\/xactskateshop.com\\\/fr\\\/produit\\\/bont-prostar-prodigy-street-flow-package\\\/#breadcrumb\",\"itemListElement\":[{\"@type\":\"ListItem\",\"position\":1,\"name\":\"Home\",\"item\":\"https:\\\/\\\/xactskateshop.com\\\/fr\\\/accueil\\\/\"},{\"@type\":\"ListItem\",\"position\":2,\"name\":\"Boutique\",\"item\":\"https:\\\/\\\/xactskateshop.com\\\/shop\\\/\"},{\"@type\":\"ListItem\",\"position\":3,\"name\":\"BONT Prostar Prodigy Street Flow Package\"}]},{\"@type\":\"WebSite\",\"@id\":\"http:\\\/\\\/xactskateshop.com\\\/fr\\\/#website\",\"url\":\"http:\\\/\\\/xactskateshop.com\\\/fr\\\/\",\"name\":\"Xact Skate Shop\",\"description\":\"Un site utilisant WordPress\",\"publisher\":{\"@id\":\"http:\\\/\\\/xactskateshop.com\\\/fr\\\/#organization\"},\"potentialAction\":[{\"@type\":\"SearchAction\",\"target\":{\"@type\":\"EntryPoint\",\"urlTemplate\":\"http:\\\/\\\/xactskateshop.com\\\/fr\\\/?s={search_term_string}\"},\"query-input\":{\"@type\":\"PropertyValueSpecification\",\"valueRequired\":true,\"valueName\":\"search_term_string\"}}],\"inLanguage\":\"fr-FR\"},{\"@type\":\"Organization\",\"@id\":\"http:\\\/\\\/xactskateshop.com\\\/fr\\\/#organization\",\"name\":\"XACT Skate Shop\",\"url\":\"http:\\\/\\\/xactskateshop.com\\\/fr\\\/\",\"logo\":{\"@type\":\"ImageObject\",\"inLanguage\":\"fr-FR\",\"@id\":\"http:\\\/\\\/xactskateshop.com\\\/fr\\\/#\\\/schema\\\/logo\\\/image\\\/\",\"url\":\"http:\\\/\\\/xactskateshop.com\\\/wp-content\\\/uploads\\\/2024\\\/04\\\/xactskateshop-dot-com-avec-contour-noir-sans-fond-675x.jpg\",\"contentUrl\":\"http:\\\/\\\/xactskateshop.com\\\/wp-content\\\/uploads\\\/2024\\\/04\\\/xactskateshop-dot-com-avec-contour-noir-sans-fond-675x.jpg\",\"width\":675,\"height\":247,\"caption\":\"XACT Skate Shop\"},\"image\":{\"@id\":\"http:\\\/\\\/xactskateshop.com\\\/fr\\\/#\\\/schema\\\/logo\\\/image\\\/\"},\"sameAs\":[\"https:\\\/\\\/www.facebook.com\\\/JeanLouiskateshop\"]}]}<\/script>\n<!-- \/ Yoast SEO plugin. -->","yoast_head_json":{"title":"BONT Prostar Prodigy Street Flow Package - Xact Skate Shop","description":"BONT Prostar Prodigy Street Flow Package. Cet ensemble est mont\u00e9 avec la plaque Prodigy et les roues et roulements Park Flow...","robots":{"index":"index","follow":"follow","max-snippet":"max-snippet:-1","max-image-preview":"max-image-preview:large","max-video-preview":"max-video-preview:-1"},"canonical":"https:\/\/xactskateshop.com\/fr\/produit\/bont-prostar-prodigy-street-flow-package\/","og_locale":"fr_FR","og_type":"article","og_title":"BONT Prostar Prodigy Street Flow Package - Xact Skate Shop","og_description":"BONT Prostar Prodigy Street Flow Package. Cet ensemble est mont\u00e9 avec la plaque Prodigy et les roues et roulements Park Flow...","og_url":"https:\/\/xactskateshop.com\/fr\/produit\/bont-prostar-prodigy-street-flow-package\/","og_site_name":"Xact Skate Shop","article_publisher":"https:\/\/www.facebook.com\/JeanLouiskateshop","og_image":[{"width":1000,"height":1000,"url":"https:\/\/xactskateshop.com\/wp-content\/uploads\/2021\/01\/Prodigy-derby-street-flow-prostar-teal-roller-derby-skates.jpg","type":"image\/jpeg"}],"twitter_card":"summary_large_image","twitter_misc":{"Dur\u00e9e de lecture estim\u00e9e":"5 minutes"},"schema":{"@context":"https:\/\/schema.org","@graph":[{"@type":"WebPage","@id":"https:\/\/xactskateshop.com\/fr\/produit\/bont-prostar-prodigy-street-flow-package\/","url":"https:\/\/xactskateshop.com\/fr\/produit\/bont-prostar-prodigy-street-flow-package\/","name":"BONT Prostar Prodigy Street Flow Package - Xact Skate Shop","isPartOf":{"@id":"http:\/\/xactskateshop.com\/fr\/#website"},"primaryImageOfPage":{"@id":"https:\/\/xactskateshop.com\/fr\/produit\/bont-prostar-prodigy-street-flow-package\/#primaryimage"},"image":{"@id":"https:\/\/xactskateshop.com\/fr\/produit\/bont-prostar-prodigy-street-flow-package\/#primaryimage"},"thumbnailUrl":"https:\/\/xactskateshop.com\/wp-content\/uploads\/2021\/01\/Prodigy-derby-street-flow-prostar-teal-roller-derby-skates.jpg","datePublished":"2021-01-16T20:53:41+00:00","description":"BONT Prostar Prodigy Street Flow Package. Cet ensemble est mont\u00e9 avec la plaque Prodigy et les roues et roulements Park Flow...","breadcrumb":{"@id":"https:\/\/xactskateshop.com\/fr\/produit\/bont-prostar-prodigy-street-flow-package\/#breadcrumb"},"inLanguage":"fr-FR","potentialAction":[{"@type":"ReadAction","target":["https:\/\/xactskateshop.com\/fr\/produit\/bont-prostar-prodigy-street-flow-package\/"]}]},{"@type":"ImageObject","inLanguage":"fr-FR","@id":"https:\/\/xactskateshop.com\/fr\/produit\/bont-prostar-prodigy-street-flow-package\/#primaryimage","url":"https:\/\/xactskateshop.com\/wp-content\/uploads\/2021\/01\/Prodigy-derby-street-flow-prostar-teal-roller-derby-skates.jpg","contentUrl":"https:\/\/xactskateshop.com\/wp-content\/uploads\/2021\/01\/Prodigy-derby-street-flow-prostar-teal-roller-derby-skates.jpg","width":1000,"height":1000},{"@type":"BreadcrumbList","@id":"https:\/\/xactskateshop.com\/fr\/produit\/bont-prostar-prodigy-street-flow-package\/#breadcrumb","itemListElement":[{"@type":"ListItem","position":1,"name":"Home","item":"https:\/\/xactskateshop.com\/fr\/accueil\/"},{"@type":"ListItem","position":2,"name":"Boutique","item":"https:\/\/xactskateshop.com\/shop\/"},{"@type":"ListItem","position":3,"name":"BONT Prostar Prodigy Street Flow Package"}]},{"@type":"WebSite","@id":"http:\/\/xactskateshop.com\/fr\/#website","url":"http:\/\/xactskateshop.com\/fr\/","name":"Xact Skate Shop","description":"Un site utilisant WordPress","publisher":{"@id":"http:\/\/xactskateshop.com\/fr\/#organization"},"potentialAction":[{"@type":"SearchAction","target":{"@type":"EntryPoint","urlTemplate":"http:\/\/xactskateshop.com\/fr\/?s={search_term_string}"},"query-input":{"@type":"PropertyValueSpecification","valueRequired":true,"valueName":"search_term_string"}}],"inLanguage":"fr-FR"},{"@type":"Organization","@id":"http:\/\/xactskateshop.com\/fr\/#organization","name":"XACT Skate Shop","url":"http:\/\/xactskateshop.com\/fr\/","logo":{"@type":"ImageObject","inLanguage":"fr-FR","@id":"http:\/\/xactskateshop.com\/fr\/#\/schema\/logo\/image\/","url":"http:\/\/xactskateshop.com\/wp-content\/uploads\/2024\/04\/xactskateshop-dot-com-avec-contour-noir-sans-fond-675x.jpg","contentUrl":"http:\/\/xactskateshop.com\/wp-content\/uploads\/2024\/04\/xactskateshop-dot-com-avec-contour-noir-sans-fond-675x.jpg","width":675,"height":247,"caption":"XACT Skate Shop"},"image":{"@id":"http:\/\/xactskateshop.com\/fr\/#\/schema\/logo\/image\/"},"sameAs":["https:\/\/www.facebook.com\/JeanLouiskateshop"]}]}},"_links":{"self":[{"href":"https:\/\/xactskateshop.com\/fr\/wp-json\/wp\/v2\/product\/63869","targetHints":{"allow":["GET"]}}],"collection":[{"href":"https:\/\/xactskateshop.com\/fr\/wp-json\/wp\/v2\/product"}],"about":[{"href":"https:\/\/xactskateshop.com\/fr\/wp-json\/wp\/v2\/types\/product"}],"replies":[{"embeddable":true,"href":"https:\/\/xactskateshop.com\/fr\/wp-json\/wp\/v2\/comments?post=63869"}],"wp:featuredmedia":[{"embeddable":true,"href":"https:\/\/xactskateshop.com\/fr\/wp-json\/wp\/v2\/media\/28415"}],"wp:attachment":[{"href":"https:\/\/xactskateshop.com\/fr\/wp-json\/wp\/v2\/media?parent=63869"}],"wp:term":[{"taxonomy":"product_brand","embeddable":true,"href":"https:\/\/xactskateshop.com\/fr\/wp-json\/wp\/v2\/product_brand?post=63869"},{"taxonomy":"product_cat","embeddable":true,"href":"https:\/\/xactskateshop.com\/fr\/wp-json\/wp\/v2\/product_cat?post=63869"},{"taxonomy":"product_tag","embeddable":true,"href":"https:\/\/xactskateshop.com\/fr\/wp-json\/wp\/v2\/product_tag?post=63869"}],"curies":[{"name":"wp","href":"https:\/\/api.w.org\/{rel}","templated":true}]}}