{"id":63695,"date":"2021-01-09T15:45:48","date_gmt":"2021-01-09T20:45:48","guid":{"rendered":"http:\/\/xactskateshop.com\/product\/pierre-a-aiguiser-foss\/"},"modified":"2021-01-09T15:45:48","modified_gmt":"2021-01-09T20:45:48","slug":"pierre-a-aiguiser-foss","status":"publish","type":"product","link":"https:\/\/xactskateshop.com\/fr\/produit\/pierre-a-aiguiser-foss\/","title":{"rendered":"Pierre \u00e0 aiguiser FOSS"},"content":{"rendered":"<h2>Pierre \u00e0 aiguiser FOSS<\/h2>\n<p>Cette pierre \u00e0 aiguiser Foss est une pierre combin\u00e9e qui offre la commodit\u00e9 de deux surfaces de grains diff\u00e9rents en une seule pierre. La pierre a un c\u00f4t\u00e9 grossier pour l&#8217;aiguisage et un c\u00f4t\u00e9 fin pour le polissage. La pierre est fabriqu\u00e9e en carbure de silicium abrasif et aplatie apr\u00e8s la production. Cela en fait la pierre parfaite pour les patineurs qui attendent le meilleur r\u00e9sultat d&#8217;aff\u00fbtage. La pierre Foss est la pierre d&#8217;aff\u00fbtage la plus populaire.    <\/p>\n<h3><\/h3>\n<h3>QU&#8217;EST-CE QU&#8217;UN ABRASIF EN CARBURE DE SILICIUM ?<\/h3>\n<p><span data-preserver-spaces=\"true\">Le carbure de silicium est un mat\u00e9riau c\u00e9ramique contenant des grains durs et abrasifs qui se d\u00e9sagr\u00e8gent sous l&#8217;effet de la pression. Ce processus de d\u00e9composition permet aux articles en carbure de silicium de couper plus rapidement et de mani\u00e8re plus tranchante, et de g\u00e9n\u00e9rer des motifs de rayures plus fins sur un large \u00e9ventail de surfaces. Le carbure de silicium est consid\u00e9r\u00e9 comme l&#8217;un des mat\u00e9riaux les plus durs &#8211; outre le diamant &#8211; car aucune autre substance ne peut le rayer.  <\/span><\/p>\n<h2><\/h2>\n<h2><span data-preserver-spaces=\"true\">QUELS SONT LES AVANTAGES ?<\/span><\/h2>\n<p><span data-preserver-spaces=\"true\">Le carbure de silicium est utilis\u00e9 comme abrasif en raison de sa duret\u00e9. Ce mat\u00e9riau c\u00e9ramique se distingue des autres abrasifs par sa r\u00e9sistance \u00e0 haute temp\u00e9rature, sa conductivit\u00e9 thermique \u00e9lev\u00e9e et sa faible dilatation thermique. Les fabricants commencent par mouler les grains de carbure de silicium pour leur donner une forme angulaire. Le carbure de silicium commence alors \u00e0 se d\u00e9composer constamment pour donner des ar\u00eates incroyablement tranchantes.   <\/span><\/p>\n<p><span data-preserver-spaces=\"true\">Avantages de l&#8217;abrasif en carbure de silicium :<\/span><\/p>\n<ul>\n<li><span data-preserver-spaces=\"true\">Conception sans silice,<\/span><\/li>\n<li>Dimensions : 250 x 75 x 20 mm,<\/li>\n<li><span data-preserver-spaces=\"true\">Temps d&#8217;explosion plus courts que pour les autres m\u00e9dias,<\/span><\/li>\n<li><span data-preserver-spaces=\"true\">De plus, les contaminants et le contenu magn\u00e9tique sont r\u00e9duits au minimum,<\/span><\/li>\n<li><span data-preserver-spaces=\"true\">Vitesse de coupe rapide,<\/span><\/li>\n<li><span data-preserver-spaces=\"true\">Composition plus l\u00e9g\u00e8re que m\u00e9tallique avec un flux de souffle plus dense,<\/span><\/li>\n<li><span data-preserver-spaces=\"true\">Faible co\u00fbt,<\/span><\/li>\n<li><span data-preserver-spaces=\"true\">Gravures l\u00e9g\u00e8res \u00e0 tr\u00e8s lourdes sur une vari\u00e9t\u00e9 de surfaces,<\/span><\/li>\n<li><span data-preserver-spaces=\"true\">Disponibles dans une large gamme de granulom\u00e9tries et de maillages,<\/span><\/li>\n<li><span data-preserver-spaces=\"true\">Mat\u00e9riau biod\u00e9gradable et r\u00e9utilisable.<\/span><\/li>\n<\/ul>\n<p>&nbsp;<\/p>\n<p>Trouvez d&#8217;autres pierres<a href=\"http:\/\/xactskateshop.com\/product-category\/speed-skating\/blade-maintenance\/\"> ici<\/a><\/p>\n<p>Pour en savoir plus sur Zandstra sport <a href=\"https:\/\/zandstrasport.nl\/en\/\">, cliquez ici<\/a><\/p>\n","protected":false},"excerpt":{"rendered":"<hr>\n<p style=\"text-align: center;\">Pierre \u00e0 aiguiser Foss<\/p>\n<hr>\n<p style=\"text-align: center;\">Il s&#8217;agit d&#8217;une pierre combin\u00e9e qui offre la commodit\u00e9 de deux surfaces de grains diff\u00e9rents en une seule pierre. La pierre a un c\u00f4t\u00e9 grossier pour l&#8217;aiguisage et un c\u00f4t\u00e9 fin pour le polissage. <\/p>\n<hr>\n<p style=\"text-align: center;\">\n","protected":false},"featured_media":29267,"comment_status":"open","ping_status":"closed","template":"","meta":{"site-sidebar-layout":"default","site-content-layout":"default","ast-site-content-layout":"default","site-content-style":"default","site-sidebar-style":"default","ast-global-header-display":"","ast-banner-title-visibility":"","ast-main-header-display":"","ast-hfb-above-header-display":"","ast-hfb-below-header-display":"","ast-hfb-mobile-header-display":"","site-post-title":"","ast-breadcrumbs-content":"","ast-featured-img":"","footer-sml-layout":"","theme-transparent-header-meta":"default","adv-header-id-meta":"","stick-header-meta":"","header-above-stick-meta":"","header-main-stick-meta":"","header-below-stick-meta":"","astra-migrate-meta-layouts":"default","ast-page-background-enabled":"default","ast-page-background-meta":{"desktop":{"background-color":"","background-image":"","background-repeat":"repeat","background-position":"center center","background-size":"auto","background-attachment":"scroll","background-type":"","background-media":"","overlay-type":"","overlay-color":"","overlay-opacity":"","overlay-gradient":""},"tablet":{"background-color":"","background-image":"","background-repeat":"repeat","background-position":"center center","background-size":"auto","background-attachment":"scroll","background-type":"","background-media":"","overlay-type":"","overlay-color":"","overlay-opacity":"","overlay-gradient":""},"mobile":{"background-color":"","background-image":"","background-repeat":"repeat","background-position":"center center","background-size":"auto","background-attachment":"scroll","background-type":"","background-media":"","overlay-type":"","overlay-color":"","overlay-opacity":"","overlay-gradient":""}},"ast-content-background-meta":{"desktop":{"background-color":"var(--ast-global-color-5)","background-image":"","background-repeat":"repeat","background-position":"center center","background-size":"auto","background-attachment":"scroll","background-type":"","background-media":"","overlay-type":"","overlay-color":"","overlay-opacity":"","overlay-gradient":""},"tablet":{"background-color":"var(--ast-global-color-5)","background-image":"","background-repeat":"repeat","background-position":"center center","background-size":"auto","background-attachment":"scroll","background-type":"","background-media":"","overlay-type":"","overlay-color":"","overlay-opacity":"","overlay-gradient":""},"mobile":{"background-color":"var(--ast-global-color-5)","background-image":"","background-repeat":"repeat","background-position":"center center","background-size":"auto","background-attachment":"scroll","background-type":"","background-media":"","overlay-type":"","overlay-color":"","overlay-opacity":"","overlay-gradient":""}}},"product_brand":[],"product_cat":[1500,1353],"product_tag":[1503,1356,1464],"class_list":{"0":"post-63695","1":"product","2":"type-product","3":"status-publish","4":"has-post-thumbnail","6":"product_cat-entretien-des-lames-fr","7":"product_cat-patinage-de-vitesse","8":"product_tag-affutage","9":"product_tag-courte-piste-fr","10":"product_tag-voie-longue","11":"desktop-align-center","12":"tablet-align-center","13":"mobile-align-center","14":"ast-product-gallery-layout-horizontal","15":"ast-product-gallery-with-no-image","16":"ast-product-tabs-layout-horizontal","17":"ast-qv-on-image","19":"first","20":"instock","21":"sale","22":"taxable","23":"shipping-taxable","24":"purchasable","25":"product-type-simple"},"bundled_by":[],"bundle_stock_status":"instock","bundle_stock_quantity":20,"bundle_virtual":false,"bundle_layout":"","bundle_add_to_cart_form_location":"","bundle_editable_in_cart":false,"bundle_sold_individually_context":"","bundle_item_grouping":"","bundle_min_size":"","bundle_max_size":"","bundle_price":[],"bundled_items":[],"bundle_sell_ids":[],"yoast_head":"<!-- This site is optimized with the Yoast SEO plugin v27.4 - https:\/\/yoast.com\/product\/yoast-seo-wordpress\/ -->\n<title>Pierre \u00e0 aiguiser FOSS - Xact Skate Shop<\/title>\n<meta name=\"description\" content=\"Pierre \u00e0 aiguiser FOSS. Il s&#039;agit d&#039;une pierre combin\u00e9e qui offre la commodit\u00e9 de deux surfaces de grains diff\u00e9rents en une seule pierre.\" \/>\n<meta name=\"robots\" content=\"index, follow, max-snippet:-1, max-image-preview:large, max-video-preview:-1\" \/>\n<link rel=\"canonical\" href=\"https:\/\/xactskateshop.com\/fr\/produit\/pierre-a-aiguiser-foss\/\" \/>\n<meta property=\"og:locale\" content=\"fr_FR\" \/>\n<meta property=\"og:type\" content=\"article\" \/>\n<meta property=\"og:title\" content=\"Pierre \u00e0 aiguiser FOSS - Xact Skate Shop\" \/>\n<meta property=\"og:description\" content=\"Pierre \u00e0 aiguiser FOSS. Il s&#039;agit d&#039;une pierre combin\u00e9e qui offre la commodit\u00e9 de deux surfaces de grains diff\u00e9rents en une seule pierre.\" \/>\n<meta property=\"og:url\" content=\"https:\/\/xactskateshop.com\/fr\/produit\/pierre-a-aiguiser-foss\/\" \/>\n<meta property=\"og:site_name\" content=\"Xact Skate Shop\" \/>\n<meta property=\"article:publisher\" content=\"https:\/\/www.facebook.com\/JeanLouiskateshop\" \/>\n<meta property=\"og:image\" content=\"https:\/\/xactskateshop.com\/wp-content\/uploads\/2021\/01\/Steen-7205-Foss.jpg\" \/>\n\t<meta property=\"og:image:width\" content=\"1000\" \/>\n\t<meta property=\"og:image:height\" content=\"1000\" \/>\n\t<meta property=\"og:image:type\" content=\"image\/jpeg\" \/>\n<meta name=\"twitter:card\" content=\"summary_large_image\" \/>\n<meta name=\"twitter:label1\" content=\"Dur\u00e9e de lecture estim\u00e9e\" \/>\n\t<meta name=\"twitter:data1\" content=\"2 minutes\" \/>\n<script type=\"application\/ld+json\" class=\"yoast-schema-graph\">{\"@context\":\"https:\\\/\\\/schema.org\",\"@graph\":[{\"@type\":\"WebPage\",\"@id\":\"https:\\\/\\\/xactskateshop.com\\\/fr\\\/produit\\\/pierre-a-aiguiser-foss\\\/\",\"url\":\"https:\\\/\\\/xactskateshop.com\\\/fr\\\/produit\\\/pierre-a-aiguiser-foss\\\/\",\"name\":\"Pierre \u00e0 aiguiser FOSS - Xact Skate Shop\",\"isPartOf\":{\"@id\":\"http:\\\/\\\/xactskateshop.com\\\/fr\\\/#website\"},\"primaryImageOfPage\":{\"@id\":\"https:\\\/\\\/xactskateshop.com\\\/fr\\\/produit\\\/pierre-a-aiguiser-foss\\\/#primaryimage\"},\"image\":{\"@id\":\"https:\\\/\\\/xactskateshop.com\\\/fr\\\/produit\\\/pierre-a-aiguiser-foss\\\/#primaryimage\"},\"thumbnailUrl\":\"https:\\\/\\\/xactskateshop.com\\\/wp-content\\\/uploads\\\/2021\\\/01\\\/Steen-7205-Foss.jpg\",\"datePublished\":\"2021-01-09T20:45:48+00:00\",\"description\":\"Pierre \u00e0 aiguiser FOSS. Il s'agit d'une pierre combin\u00e9e qui offre la commodit\u00e9 de deux surfaces de grains diff\u00e9rents en une seule pierre.\",\"breadcrumb\":{\"@id\":\"https:\\\/\\\/xactskateshop.com\\\/fr\\\/produit\\\/pierre-a-aiguiser-foss\\\/#breadcrumb\"},\"inLanguage\":\"fr-FR\",\"potentialAction\":[{\"@type\":\"ReadAction\",\"target\":[\"https:\\\/\\\/xactskateshop.com\\\/fr\\\/produit\\\/pierre-a-aiguiser-foss\\\/\"]}]},{\"@type\":\"ImageObject\",\"inLanguage\":\"fr-FR\",\"@id\":\"https:\\\/\\\/xactskateshop.com\\\/fr\\\/produit\\\/pierre-a-aiguiser-foss\\\/#primaryimage\",\"url\":\"https:\\\/\\\/xactskateshop.com\\\/wp-content\\\/uploads\\\/2021\\\/01\\\/Steen-7205-Foss.jpg\",\"contentUrl\":\"https:\\\/\\\/xactskateshop.com\\\/wp-content\\\/uploads\\\/2021\\\/01\\\/Steen-7205-Foss.jpg\",\"width\":1000,\"height\":1000,\"caption\":\"Pierre \u00e0 aiguiser Foss\"},{\"@type\":\"BreadcrumbList\",\"@id\":\"https:\\\/\\\/xactskateshop.com\\\/fr\\\/produit\\\/pierre-a-aiguiser-foss\\\/#breadcrumb\",\"itemListElement\":[{\"@type\":\"ListItem\",\"position\":1,\"name\":\"Home\",\"item\":\"https:\\\/\\\/xactskateshop.com\\\/fr\\\/accueil\\\/\"},{\"@type\":\"ListItem\",\"position\":2,\"name\":\"Boutique\",\"item\":\"https:\\\/\\\/xactskateshop.com\\\/shop\\\/\"},{\"@type\":\"ListItem\",\"position\":3,\"name\":\"Pierre \u00e0 aiguiser FOSS\"}]},{\"@type\":\"WebSite\",\"@id\":\"http:\\\/\\\/xactskateshop.com\\\/fr\\\/#website\",\"url\":\"http:\\\/\\\/xactskateshop.com\\\/fr\\\/\",\"name\":\"Xact Skate Shop\",\"description\":\"Un site utilisant WordPress\",\"publisher\":{\"@id\":\"http:\\\/\\\/xactskateshop.com\\\/fr\\\/#organization\"},\"potentialAction\":[{\"@type\":\"SearchAction\",\"target\":{\"@type\":\"EntryPoint\",\"urlTemplate\":\"http:\\\/\\\/xactskateshop.com\\\/fr\\\/?s={search_term_string}\"},\"query-input\":{\"@type\":\"PropertyValueSpecification\",\"valueRequired\":true,\"valueName\":\"search_term_string\"}}],\"inLanguage\":\"fr-FR\"},{\"@type\":\"Organization\",\"@id\":\"http:\\\/\\\/xactskateshop.com\\\/fr\\\/#organization\",\"name\":\"XACT Skate Shop\",\"url\":\"http:\\\/\\\/xactskateshop.com\\\/fr\\\/\",\"logo\":{\"@type\":\"ImageObject\",\"inLanguage\":\"fr-FR\",\"@id\":\"http:\\\/\\\/xactskateshop.com\\\/fr\\\/#\\\/schema\\\/logo\\\/image\\\/\",\"url\":\"http:\\\/\\\/xactskateshop.com\\\/wp-content\\\/uploads\\\/2024\\\/04\\\/xactskateshop-dot-com-avec-contour-noir-sans-fond-675x.jpg\",\"contentUrl\":\"http:\\\/\\\/xactskateshop.com\\\/wp-content\\\/uploads\\\/2024\\\/04\\\/xactskateshop-dot-com-avec-contour-noir-sans-fond-675x.jpg\",\"width\":675,\"height\":247,\"caption\":\"XACT Skate Shop\"},\"image\":{\"@id\":\"http:\\\/\\\/xactskateshop.com\\\/fr\\\/#\\\/schema\\\/logo\\\/image\\\/\"},\"sameAs\":[\"https:\\\/\\\/www.facebook.com\\\/JeanLouiskateshop\"]}]}<\/script>\n<!-- \/ Yoast SEO plugin. -->","yoast_head_json":{"title":"Pierre \u00e0 aiguiser FOSS - Xact Skate Shop","description":"Pierre \u00e0 aiguiser FOSS. Il s'agit d'une pierre combin\u00e9e qui offre la commodit\u00e9 de deux surfaces de grains diff\u00e9rents en une seule pierre.","robots":{"index":"index","follow":"follow","max-snippet":"max-snippet:-1","max-image-preview":"max-image-preview:large","max-video-preview":"max-video-preview:-1"},"canonical":"https:\/\/xactskateshop.com\/fr\/produit\/pierre-a-aiguiser-foss\/","og_locale":"fr_FR","og_type":"article","og_title":"Pierre \u00e0 aiguiser FOSS - Xact Skate Shop","og_description":"Pierre \u00e0 aiguiser FOSS. Il s'agit d'une pierre combin\u00e9e qui offre la commodit\u00e9 de deux surfaces de grains diff\u00e9rents en une seule pierre.","og_url":"https:\/\/xactskateshop.com\/fr\/produit\/pierre-a-aiguiser-foss\/","og_site_name":"Xact Skate Shop","article_publisher":"https:\/\/www.facebook.com\/JeanLouiskateshop","og_image":[{"width":1000,"height":1000,"url":"https:\/\/xactskateshop.com\/wp-content\/uploads\/2021\/01\/Steen-7205-Foss.jpg","type":"image\/jpeg"}],"twitter_card":"summary_large_image","twitter_misc":{"Dur\u00e9e de lecture estim\u00e9e":"2 minutes"},"schema":{"@context":"https:\/\/schema.org","@graph":[{"@type":"WebPage","@id":"https:\/\/xactskateshop.com\/fr\/produit\/pierre-a-aiguiser-foss\/","url":"https:\/\/xactskateshop.com\/fr\/produit\/pierre-a-aiguiser-foss\/","name":"Pierre \u00e0 aiguiser FOSS - Xact Skate Shop","isPartOf":{"@id":"http:\/\/xactskateshop.com\/fr\/#website"},"primaryImageOfPage":{"@id":"https:\/\/xactskateshop.com\/fr\/produit\/pierre-a-aiguiser-foss\/#primaryimage"},"image":{"@id":"https:\/\/xactskateshop.com\/fr\/produit\/pierre-a-aiguiser-foss\/#primaryimage"},"thumbnailUrl":"https:\/\/xactskateshop.com\/wp-content\/uploads\/2021\/01\/Steen-7205-Foss.jpg","datePublished":"2021-01-09T20:45:48+00:00","description":"Pierre \u00e0 aiguiser FOSS. Il s'agit d'une pierre combin\u00e9e qui offre la commodit\u00e9 de deux surfaces de grains diff\u00e9rents en une seule pierre.","breadcrumb":{"@id":"https:\/\/xactskateshop.com\/fr\/produit\/pierre-a-aiguiser-foss\/#breadcrumb"},"inLanguage":"fr-FR","potentialAction":[{"@type":"ReadAction","target":["https:\/\/xactskateshop.com\/fr\/produit\/pierre-a-aiguiser-foss\/"]}]},{"@type":"ImageObject","inLanguage":"fr-FR","@id":"https:\/\/xactskateshop.com\/fr\/produit\/pierre-a-aiguiser-foss\/#primaryimage","url":"https:\/\/xactskateshop.com\/wp-content\/uploads\/2021\/01\/Steen-7205-Foss.jpg","contentUrl":"https:\/\/xactskateshop.com\/wp-content\/uploads\/2021\/01\/Steen-7205-Foss.jpg","width":1000,"height":1000,"caption":"Pierre \u00e0 aiguiser Foss"},{"@type":"BreadcrumbList","@id":"https:\/\/xactskateshop.com\/fr\/produit\/pierre-a-aiguiser-foss\/#breadcrumb","itemListElement":[{"@type":"ListItem","position":1,"name":"Home","item":"https:\/\/xactskateshop.com\/fr\/accueil\/"},{"@type":"ListItem","position":2,"name":"Boutique","item":"https:\/\/xactskateshop.com\/shop\/"},{"@type":"ListItem","position":3,"name":"Pierre \u00e0 aiguiser FOSS"}]},{"@type":"WebSite","@id":"http:\/\/xactskateshop.com\/fr\/#website","url":"http:\/\/xactskateshop.com\/fr\/","name":"Xact Skate Shop","description":"Un site utilisant WordPress","publisher":{"@id":"http:\/\/xactskateshop.com\/fr\/#organization"},"potentialAction":[{"@type":"SearchAction","target":{"@type":"EntryPoint","urlTemplate":"http:\/\/xactskateshop.com\/fr\/?s={search_term_string}"},"query-input":{"@type":"PropertyValueSpecification","valueRequired":true,"valueName":"search_term_string"}}],"inLanguage":"fr-FR"},{"@type":"Organization","@id":"http:\/\/xactskateshop.com\/fr\/#organization","name":"XACT Skate Shop","url":"http:\/\/xactskateshop.com\/fr\/","logo":{"@type":"ImageObject","inLanguage":"fr-FR","@id":"http:\/\/xactskateshop.com\/fr\/#\/schema\/logo\/image\/","url":"http:\/\/xactskateshop.com\/wp-content\/uploads\/2024\/04\/xactskateshop-dot-com-avec-contour-noir-sans-fond-675x.jpg","contentUrl":"http:\/\/xactskateshop.com\/wp-content\/uploads\/2024\/04\/xactskateshop-dot-com-avec-contour-noir-sans-fond-675x.jpg","width":675,"height":247,"caption":"XACT Skate Shop"},"image":{"@id":"http:\/\/xactskateshop.com\/fr\/#\/schema\/logo\/image\/"},"sameAs":["https:\/\/www.facebook.com\/JeanLouiskateshop"]}]}},"_links":{"self":[{"href":"https:\/\/xactskateshop.com\/fr\/wp-json\/wp\/v2\/product\/63695","targetHints":{"allow":["GET"]}}],"collection":[{"href":"https:\/\/xactskateshop.com\/fr\/wp-json\/wp\/v2\/product"}],"about":[{"href":"https:\/\/xactskateshop.com\/fr\/wp-json\/wp\/v2\/types\/product"}],"replies":[{"embeddable":true,"href":"https:\/\/xactskateshop.com\/fr\/wp-json\/wp\/v2\/comments?post=63695"}],"wp:featuredmedia":[{"embeddable":true,"href":"https:\/\/xactskateshop.com\/fr\/wp-json\/wp\/v2\/media\/29267"}],"wp:attachment":[{"href":"https:\/\/xactskateshop.com\/fr\/wp-json\/wp\/v2\/media?parent=63695"}],"wp:term":[{"taxonomy":"product_brand","embeddable":true,"href":"https:\/\/xactskateshop.com\/fr\/wp-json\/wp\/v2\/product_brand?post=63695"},{"taxonomy":"product_cat","embeddable":true,"href":"https:\/\/xactskateshop.com\/fr\/wp-json\/wp\/v2\/product_cat?post=63695"},{"taxonomy":"product_tag","embeddable":true,"href":"https:\/\/xactskateshop.com\/fr\/wp-json\/wp\/v2\/product_tag?post=63695"}],"curies":[{"name":"wp","href":"https:\/\/api.w.org\/{rel}","templated":true}]}}