{"id":63621,"date":"2020-12-22T14:19:02","date_gmt":"2020-12-22T19:19:02","guid":{"rendered":"http:\/\/xactskateshop.com\/product\/lames-nordiques-zandstra\/"},"modified":"2020-12-22T14:19:02","modified_gmt":"2020-12-22T19:19:02","slug":"lames-nordiques-zandstra","status":"publish","type":"product","link":"https:\/\/xactskateshop.com\/fr\/produit\/lames-nordiques-zandstra\/","title":{"rendered":"Lames nordiques ZANDSTRA"},"content":{"rendered":"<h2>ZANDSTRA Nordic Blades &#8211; Fit All<\/h2>\n<p>&nbsp;<\/p>\n<h4>Description<\/h4>\n<p>Les lames nordiques ZANDSTRA pour les randonn\u00e9es sur les lacs gel\u00e9s, les canaux et m\u00eame les patinoires int\u00e9rieures. Zandstra fabrique le NORDIC Fit All \u00e0 partir d&#8217;un solide profil\u00e9 triangulaire en aluminium. La fixation brevet\u00e9e de la lame utilise des fentes au lieu de trous, de sorte que n&#8217;importe quelle fixation s&#8217;adapte \u00e0 cette lame de ski. Trouvez le bon \u00e9quilibre pour vos pr\u00e9f\u00e9rences personnelles en positionnant et en r\u00e9glant toutes les fixations en cons\u00e9quence. Gr\u00e2ce \u00e0 cet \u00e9quipement sportif sp\u00e9cialement con\u00e7u, vous pouvez d\u00e9sormais profiter librement de l&#8217;incroyable saison froide qui est si souvent m\u00e9connue. Les saisons hivernales nordiques sous-estim\u00e9es \u00e0 travers le monde sont l\u00e0. Les lames nordiques redonnent de la joie au temps froid. Trouvez votre taille de lame dans la description !       <\/p>\n<h4>Kit de montage inclus.<\/h4>\n<p>La pointe de la lame se courbe vers le haut, ce qui vous permet de patiner en toute s\u00e9curit\u00e9 sur les bosses, les fissures et m\u00eame la glace enneig\u00e9e. Le patin est fabriqu\u00e9 en acier inoxydable d&#8217;une duret\u00e9 de 60Rc, d&#8217;une \u00e9paisseur de 1,25 mm et d&#8217;un rayon de 35 m\u00e8tres. Tous les accessoires de montage sont inclus.  <\/p>\n<ul>\n<li>Vendu par paire<\/li>\n<li>Le NORDIC Fit All est disponible dans les tailles 40 (\u00e9puis\u00e9), 43, 45cm.<\/li>\n<\/ul>\n<h4>Tableau des tailles :<\/h4>\n<ul>\n<li>40cm = jusqu&#8217;\u00e0 la pointure 37<\/li>\n<li>43cm = 38-40<\/li>\n<li>45cm = 41 et plus<\/li>\n<\/ul>\n","protected":false},"excerpt":{"rendered":"<hr>\n<p class=\"details__title\" style=\"text-align: center;\">Lame de glace nordique pour le ski de randonn\u00e9e sur les lacs gel\u00e9s, les canaux et m\u00eame les patinoires int\u00e9rieures. Le NORDIC Fit All est fabriqu\u00e9 \u00e0 partir d&#8217;un solide profil\u00e9 triangulaire en aluminium. La fixation brevet\u00e9e de la lame utilise des fentes au lieu de trous, de sorte que n&#8217;importe quelle fixation s&#8217;adapte \u00e0 cette lame de ski. La position de toutes les fixations peut \u00eatre r\u00e9gl\u00e9e en fonction des pr\u00e9f\u00e9rences personnelles afin de trouver le bon \u00e9quilibre.   <\/p>\n<hr>\n<p class=\"details__title\" style=\"text-align: center;\">\n","protected":false},"featured_media":50882,"comment_status":"closed","ping_status":"closed","template":"","meta":{"site-sidebar-layout":"default","site-content-layout":"default","ast-site-content-layout":"default","site-content-style":"default","site-sidebar-style":"default","ast-global-header-display":"","ast-banner-title-visibility":"","ast-main-header-display":"","ast-hfb-above-header-display":"","ast-hfb-below-header-display":"","ast-hfb-mobile-header-display":"","site-post-title":"","ast-breadcrumbs-content":"","ast-featured-img":"","footer-sml-layout":"","theme-transparent-header-meta":"default","adv-header-id-meta":"","stick-header-meta":"","header-above-stick-meta":"","header-main-stick-meta":"","header-below-stick-meta":"","astra-migrate-meta-layouts":"default","ast-page-background-enabled":"default","ast-page-background-meta":{"desktop":{"background-color":"","background-image":"","background-repeat":"repeat","background-position":"center center","background-size":"auto","background-attachment":"scroll","background-type":"","background-media":"","overlay-type":"","overlay-color":"","overlay-opacity":"","overlay-gradient":""},"tablet":{"background-color":"","background-image":"","background-repeat":"repeat","background-position":"center center","background-size":"auto","background-attachment":"scroll","background-type":"","background-media":"","overlay-type":"","overlay-color":"","overlay-opacity":"","overlay-gradient":""},"mobile":{"background-color":"","background-image":"","background-repeat":"repeat","background-position":"center center","background-size":"auto","background-attachment":"scroll","background-type":"","background-media":"","overlay-type":"","overlay-color":"","overlay-opacity":"","overlay-gradient":""}},"ast-content-background-meta":{"desktop":{"background-color":"var(--ast-global-color-5)","background-image":"","background-repeat":"repeat","background-position":"center center","background-size":"auto","background-attachment":"scroll","background-type":"","background-media":"","overlay-type":"","overlay-color":"","overlay-opacity":"","overlay-gradient":""},"tablet":{"background-color":"var(--ast-global-color-5)","background-image":"","background-repeat":"repeat","background-position":"center center","background-size":"auto","background-attachment":"scroll","background-type":"","background-media":"","overlay-type":"","overlay-color":"","overlay-opacity":"","overlay-gradient":""},"mobile":{"background-color":"var(--ast-global-color-5)","background-image":"","background-repeat":"repeat","background-position":"center center","background-size":"auto","background-attachment":"scroll","background-type":"","background-media":"","overlay-type":"","overlay-color":"","overlay-opacity":"","overlay-gradient":""}}},"product_brand":[],"product_cat":[1660],"product_tag":[],"class_list":{"0":"post-63621","1":"product","2":"type-product","3":"status-publish","4":"has-post-thumbnail","6":"product_cat-patinage-de-loisir-patinage-nordique","7":"desktop-align-center","8":"tablet-align-center","9":"mobile-align-center","10":"ast-product-gallery-layout-horizontal","11":"ast-product-gallery-with-no-image","12":"ast-product-single-variable","13":"ast-product-tabs-layout-horizontal","14":"ast-qv-on-image","16":"first","17":"instock","18":"taxable","19":"shipping-taxable","20":"purchasable","21":"product-type-variable"},"bundled_by":[],"bundle_stock_status":"instock","bundle_stock_quantity":null,"bundle_virtual":false,"bundle_layout":"","bundle_add_to_cart_form_location":"","bundle_editable_in_cart":false,"bundle_sold_individually_context":"","bundle_item_grouping":"","bundle_min_size":"","bundle_max_size":"","bundle_price":[],"bundled_items":[],"bundle_sell_ids":[],"yoast_head":"<!-- This site is optimized with the Yoast SEO plugin v27.4 - https:\/\/yoast.com\/product\/yoast-seo-wordpress\/ -->\n<title>Lames nordiques ZANDSTRA - Xact Skate Shop<\/title>\n<meta name=\"description\" content=\"Lames nordiques ZANDSTRA. Lame de glace nordique pour les randonn\u00e9es sur les lacs gel\u00e9s, les canaux et m\u00eame les patinoires int\u00e9rieures. Achetez la v\u00f4tre ici !\" \/>\n<meta name=\"robots\" content=\"index, follow, max-snippet:-1, max-image-preview:large, max-video-preview:-1\" \/>\n<link rel=\"canonical\" href=\"https:\/\/xactskateshop.com\/fr\/produit\/lames-nordiques-zandstra\/\" \/>\n<meta property=\"og:locale\" content=\"fr_FR\" \/>\n<meta property=\"og:type\" content=\"article\" \/>\n<meta property=\"og:title\" content=\"Lames nordiques ZANDSTRA - Xact Skate Shop\" \/>\n<meta property=\"og:description\" content=\"Lames nordiques ZANDSTRA. Lame de glace nordique pour les randonn\u00e9es sur les lacs gel\u00e9s, les canaux et m\u00eame les patinoires int\u00e9rieures. Achetez la v\u00f4tre ici !\" \/>\n<meta property=\"og:url\" content=\"https:\/\/xactskateshop.com\/fr\/produit\/lames-nordiques-zandstra\/\" \/>\n<meta property=\"og:site_name\" content=\"Xact Skate Shop\" \/>\n<meta property=\"article:publisher\" content=\"https:\/\/www.facebook.com\/JeanLouiskateshop\" \/>\n<meta property=\"og:image\" content=\"https:\/\/xactskateshop.com\/wp-content\/uploads\/2020\/12\/Nordic-2021-600x600.jpg.webp\" \/>\n\t<meta property=\"og:image:width\" content=\"600\" \/>\n\t<meta property=\"og:image:height\" content=\"600\" \/>\n\t<meta property=\"og:image:type\" content=\"image\/webp\" \/>\n<meta name=\"twitter:card\" content=\"summary_large_image\" \/>\n<meta name=\"twitter:label1\" content=\"Dur\u00e9e de lecture estim\u00e9e\" \/>\n\t<meta name=\"twitter:data1\" content=\"1 minute\" \/>\n<script type=\"application\/ld+json\" class=\"yoast-schema-graph\">{\"@context\":\"https:\\\/\\\/schema.org\",\"@graph\":[{\"@type\":\"WebPage\",\"@id\":\"https:\\\/\\\/xactskateshop.com\\\/fr\\\/produit\\\/lames-nordiques-zandstra\\\/\",\"url\":\"https:\\\/\\\/xactskateshop.com\\\/fr\\\/produit\\\/lames-nordiques-zandstra\\\/\",\"name\":\"Lames nordiques ZANDSTRA - Xact Skate Shop\",\"isPartOf\":{\"@id\":\"http:\\\/\\\/xactskateshop.com\\\/fr\\\/#website\"},\"primaryImageOfPage\":{\"@id\":\"https:\\\/\\\/xactskateshop.com\\\/fr\\\/produit\\\/lames-nordiques-zandstra\\\/#primaryimage\"},\"image\":{\"@id\":\"https:\\\/\\\/xactskateshop.com\\\/fr\\\/produit\\\/lames-nordiques-zandstra\\\/#primaryimage\"},\"thumbnailUrl\":\"https:\\\/\\\/xactskateshop.com\\\/wp-content\\\/uploads\\\/2020\\\/12\\\/Nordic-2021-600x600.jpg.webp\",\"datePublished\":\"2020-12-22T19:19:02+00:00\",\"description\":\"Lames nordiques ZANDSTRA. Lame de glace nordique pour les randonn\u00e9es sur les lacs gel\u00e9s, les canaux et m\u00eame les patinoires int\u00e9rieures. Achetez la v\u00f4tre ici !\",\"breadcrumb\":{\"@id\":\"https:\\\/\\\/xactskateshop.com\\\/fr\\\/produit\\\/lames-nordiques-zandstra\\\/#breadcrumb\"},\"inLanguage\":\"fr-FR\",\"potentialAction\":[{\"@type\":\"ReadAction\",\"target\":[\"https:\\\/\\\/xactskateshop.com\\\/fr\\\/produit\\\/lames-nordiques-zandstra\\\/\"]}]},{\"@type\":\"ImageObject\",\"inLanguage\":\"fr-FR\",\"@id\":\"https:\\\/\\\/xactskateshop.com\\\/fr\\\/produit\\\/lames-nordiques-zandstra\\\/#primaryimage\",\"url\":\"https:\\\/\\\/xactskateshop.com\\\/wp-content\\\/uploads\\\/2020\\\/12\\\/Nordic-2021-600x600.jpg.webp\",\"contentUrl\":\"https:\\\/\\\/xactskateshop.com\\\/wp-content\\\/uploads\\\/2020\\\/12\\\/Nordic-2021-600x600.jpg.webp\",\"width\":600,\"height\":600,\"caption\":\"ZANDSTRA Lames nordiques\"},{\"@type\":\"BreadcrumbList\",\"@id\":\"https:\\\/\\\/xactskateshop.com\\\/fr\\\/produit\\\/lames-nordiques-zandstra\\\/#breadcrumb\",\"itemListElement\":[{\"@type\":\"ListItem\",\"position\":1,\"name\":\"Home\",\"item\":\"https:\\\/\\\/xactskateshop.com\\\/fr\\\/accueil\\\/\"},{\"@type\":\"ListItem\",\"position\":2,\"name\":\"Boutique\",\"item\":\"https:\\\/\\\/xactskateshop.com\\\/shop\\\/\"},{\"@type\":\"ListItem\",\"position\":3,\"name\":\"Lames nordiques ZANDSTRA\"}]},{\"@type\":\"WebSite\",\"@id\":\"http:\\\/\\\/xactskateshop.com\\\/fr\\\/#website\",\"url\":\"http:\\\/\\\/xactskateshop.com\\\/fr\\\/\",\"name\":\"Xact Skate Shop\",\"description\":\"Un site utilisant WordPress\",\"publisher\":{\"@id\":\"http:\\\/\\\/xactskateshop.com\\\/fr\\\/#organization\"},\"potentialAction\":[{\"@type\":\"SearchAction\",\"target\":{\"@type\":\"EntryPoint\",\"urlTemplate\":\"http:\\\/\\\/xactskateshop.com\\\/fr\\\/?s={search_term_string}\"},\"query-input\":{\"@type\":\"PropertyValueSpecification\",\"valueRequired\":true,\"valueName\":\"search_term_string\"}}],\"inLanguage\":\"fr-FR\"},{\"@type\":\"Organization\",\"@id\":\"http:\\\/\\\/xactskateshop.com\\\/fr\\\/#organization\",\"name\":\"XACT Skate Shop\",\"url\":\"http:\\\/\\\/xactskateshop.com\\\/fr\\\/\",\"logo\":{\"@type\":\"ImageObject\",\"inLanguage\":\"fr-FR\",\"@id\":\"http:\\\/\\\/xactskateshop.com\\\/fr\\\/#\\\/schema\\\/logo\\\/image\\\/\",\"url\":\"http:\\\/\\\/xactskateshop.com\\\/wp-content\\\/uploads\\\/2024\\\/04\\\/xactskateshop-dot-com-avec-contour-noir-sans-fond-675x.jpg\",\"contentUrl\":\"http:\\\/\\\/xactskateshop.com\\\/wp-content\\\/uploads\\\/2024\\\/04\\\/xactskateshop-dot-com-avec-contour-noir-sans-fond-675x.jpg\",\"width\":675,\"height\":247,\"caption\":\"XACT Skate Shop\"},\"image\":{\"@id\":\"http:\\\/\\\/xactskateshop.com\\\/fr\\\/#\\\/schema\\\/logo\\\/image\\\/\"},\"sameAs\":[\"https:\\\/\\\/www.facebook.com\\\/JeanLouiskateshop\"]}]}<\/script>\n<!-- \/ Yoast SEO plugin. -->","yoast_head_json":{"title":"Lames nordiques ZANDSTRA - Xact Skate Shop","description":"Lames nordiques ZANDSTRA. Lame de glace nordique pour les randonn\u00e9es sur les lacs gel\u00e9s, les canaux et m\u00eame les patinoires int\u00e9rieures. Achetez la v\u00f4tre ici !","robots":{"index":"index","follow":"follow","max-snippet":"max-snippet:-1","max-image-preview":"max-image-preview:large","max-video-preview":"max-video-preview:-1"},"canonical":"https:\/\/xactskateshop.com\/fr\/produit\/lames-nordiques-zandstra\/","og_locale":"fr_FR","og_type":"article","og_title":"Lames nordiques ZANDSTRA - Xact Skate Shop","og_description":"Lames nordiques ZANDSTRA. Lame de glace nordique pour les randonn\u00e9es sur les lacs gel\u00e9s, les canaux et m\u00eame les patinoires int\u00e9rieures. Achetez la v\u00f4tre ici !","og_url":"https:\/\/xactskateshop.com\/fr\/produit\/lames-nordiques-zandstra\/","og_site_name":"Xact Skate Shop","article_publisher":"https:\/\/www.facebook.com\/JeanLouiskateshop","og_image":[{"width":600,"height":600,"url":"https:\/\/xactskateshop.com\/wp-content\/uploads\/2020\/12\/Nordic-2021-600x600.jpg.webp","type":"image\/webp"}],"twitter_card":"summary_large_image","twitter_misc":{"Dur\u00e9e de lecture estim\u00e9e":"1 minute"},"schema":{"@context":"https:\/\/schema.org","@graph":[{"@type":"WebPage","@id":"https:\/\/xactskateshop.com\/fr\/produit\/lames-nordiques-zandstra\/","url":"https:\/\/xactskateshop.com\/fr\/produit\/lames-nordiques-zandstra\/","name":"Lames nordiques ZANDSTRA - Xact Skate Shop","isPartOf":{"@id":"http:\/\/xactskateshop.com\/fr\/#website"},"primaryImageOfPage":{"@id":"https:\/\/xactskateshop.com\/fr\/produit\/lames-nordiques-zandstra\/#primaryimage"},"image":{"@id":"https:\/\/xactskateshop.com\/fr\/produit\/lames-nordiques-zandstra\/#primaryimage"},"thumbnailUrl":"https:\/\/xactskateshop.com\/wp-content\/uploads\/2020\/12\/Nordic-2021-600x600.jpg.webp","datePublished":"2020-12-22T19:19:02+00:00","description":"Lames nordiques ZANDSTRA. Lame de glace nordique pour les randonn\u00e9es sur les lacs gel\u00e9s, les canaux et m\u00eame les patinoires int\u00e9rieures. Achetez la v\u00f4tre ici !","breadcrumb":{"@id":"https:\/\/xactskateshop.com\/fr\/produit\/lames-nordiques-zandstra\/#breadcrumb"},"inLanguage":"fr-FR","potentialAction":[{"@type":"ReadAction","target":["https:\/\/xactskateshop.com\/fr\/produit\/lames-nordiques-zandstra\/"]}]},{"@type":"ImageObject","inLanguage":"fr-FR","@id":"https:\/\/xactskateshop.com\/fr\/produit\/lames-nordiques-zandstra\/#primaryimage","url":"https:\/\/xactskateshop.com\/wp-content\/uploads\/2020\/12\/Nordic-2021-600x600.jpg.webp","contentUrl":"https:\/\/xactskateshop.com\/wp-content\/uploads\/2020\/12\/Nordic-2021-600x600.jpg.webp","width":600,"height":600,"caption":"ZANDSTRA Lames nordiques"},{"@type":"BreadcrumbList","@id":"https:\/\/xactskateshop.com\/fr\/produit\/lames-nordiques-zandstra\/#breadcrumb","itemListElement":[{"@type":"ListItem","position":1,"name":"Home","item":"https:\/\/xactskateshop.com\/fr\/accueil\/"},{"@type":"ListItem","position":2,"name":"Boutique","item":"https:\/\/xactskateshop.com\/shop\/"},{"@type":"ListItem","position":3,"name":"Lames nordiques ZANDSTRA"}]},{"@type":"WebSite","@id":"http:\/\/xactskateshop.com\/fr\/#website","url":"http:\/\/xactskateshop.com\/fr\/","name":"Xact Skate Shop","description":"Un site utilisant WordPress","publisher":{"@id":"http:\/\/xactskateshop.com\/fr\/#organization"},"potentialAction":[{"@type":"SearchAction","target":{"@type":"EntryPoint","urlTemplate":"http:\/\/xactskateshop.com\/fr\/?s={search_term_string}"},"query-input":{"@type":"PropertyValueSpecification","valueRequired":true,"valueName":"search_term_string"}}],"inLanguage":"fr-FR"},{"@type":"Organization","@id":"http:\/\/xactskateshop.com\/fr\/#organization","name":"XACT Skate Shop","url":"http:\/\/xactskateshop.com\/fr\/","logo":{"@type":"ImageObject","inLanguage":"fr-FR","@id":"http:\/\/xactskateshop.com\/fr\/#\/schema\/logo\/image\/","url":"http:\/\/xactskateshop.com\/wp-content\/uploads\/2024\/04\/xactskateshop-dot-com-avec-contour-noir-sans-fond-675x.jpg","contentUrl":"http:\/\/xactskateshop.com\/wp-content\/uploads\/2024\/04\/xactskateshop-dot-com-avec-contour-noir-sans-fond-675x.jpg","width":675,"height":247,"caption":"XACT Skate Shop"},"image":{"@id":"http:\/\/xactskateshop.com\/fr\/#\/schema\/logo\/image\/"},"sameAs":["https:\/\/www.facebook.com\/JeanLouiskateshop"]}]}},"_links":{"self":[{"href":"https:\/\/xactskateshop.com\/fr\/wp-json\/wp\/v2\/product\/63621","targetHints":{"allow":["GET"]}}],"collection":[{"href":"https:\/\/xactskateshop.com\/fr\/wp-json\/wp\/v2\/product"}],"about":[{"href":"https:\/\/xactskateshop.com\/fr\/wp-json\/wp\/v2\/types\/product"}],"replies":[{"embeddable":true,"href":"https:\/\/xactskateshop.com\/fr\/wp-json\/wp\/v2\/comments?post=63621"}],"wp:featuredmedia":[{"embeddable":true,"href":"https:\/\/xactskateshop.com\/fr\/wp-json\/wp\/v2\/media\/50882"}],"wp:attachment":[{"href":"https:\/\/xactskateshop.com\/fr\/wp-json\/wp\/v2\/media?parent=63621"}],"wp:term":[{"taxonomy":"product_brand","embeddable":true,"href":"https:\/\/xactskateshop.com\/fr\/wp-json\/wp\/v2\/product_brand?post=63621"},{"taxonomy":"product_cat","embeddable":true,"href":"https:\/\/xactskateshop.com\/fr\/wp-json\/wp\/v2\/product_cat?post=63621"},{"taxonomy":"product_tag","embeddable":true,"href":"https:\/\/xactskateshop.com\/fr\/wp-json\/wp\/v2\/product_tag?post=63621"}],"curies":[{"name":"wp","href":"https:\/\/api.w.org\/{rel}","templated":true}]}}