{"id":63620,"date":"2020-11-12T17:28:44","date_gmt":"2020-11-12T22:28:44","guid":{"rendered":"http:\/\/xactskateshop.com\/product\/pantalon-de-survetement-cadomotus\/"},"modified":"2020-11-12T17:28:44","modified_gmt":"2020-11-12T22:28:44","slug":"pantalon-de-survetement-cadomotus","status":"publish","type":"product","link":"https:\/\/xactskateshop.com\/fr\/produit\/pantalon-de-survetement-cadomotus\/","title":{"rendered":"Pantalon de surv\u00eatement CADOMOTUS"},"content":{"rendered":"<h2>Pantalon de surv\u00eatement CADOMOTUS<\/h2>\n<p>CADOMOTUS Warm Up Pants ; Pantalon \u00e0 fermeture \u00e9clair facile \u00e0 enfiler et \u00e0 enlever avec deux longues fermetures \u00e9clair.<\/p>\n<h4>Collants Zip-Away<\/h4>\n<p>Ce pantalon d&#8217;\u00e9chauffement fait l&#8217;envie de tout le monde sur le bord de la piste :<\/p>\n<ul>\n<li>Tr\u00e8s confortable et fonctionnel<\/li>\n<li>Doublure en lycra bross\u00e9<\/li>\n<li>Facile \u00e0 mettre en place et \u00e0 enlever, sans d\u00e9montage<\/li>\n<li>Chaud pour les journ\u00e9es plus froides du printemps ou de l&#8217;automne<\/li>\n<\/ul>\n<h4>Tissus<\/h4>\n<h4><\/h4>\n<ul>\n<li>Thermo Roubaix lycra bross\u00e9 250 gr\/m2 : 85% polyamide, 15% \u00e9lasthanne<\/li>\n<li>Sublimation Thermo lycra bross\u00e9 250 gr\/2 : 85% polyesther, 15% \u00e9lasthanne<\/li>\n<\/ul>\n<h4><strong>Sp\u00e9cifications<\/strong><\/h4>\n<ul>\n<li>Tissu du corps<\/li>\n<li>Composition des manches<\/li>\n<li>Composition jambes\/\u00e9paule<\/li>\n<li>Grippeur<\/li>\n<li>Corps d&#8217;allongement manuel<\/li>\n<li>Composition recto\/verso<\/li>\n<li>Lavage\/s\u00e9chage domestique<\/li>\n<li>Poches arri\u00e8re Non<\/li>\n<li>Type de fermeture \u00e0 glissi\u00e8re<\/li>\n<li>Placement des fermetures \u00e0 glissi\u00e8re<\/li>\n<li>Certification pilling<\/li>\n<li>R\u00e9tr\u00e9cissement de la certification<\/li>\n<\/ul>\n<p>Magasinez plus d&#8217;\u00e9quipement Inline sur Bont.ca <a href=\"https:\/\/bont.ca\/collections\/inline-skate-apparel\">ici ! <\/a> <\/p>\n<p>Plus de v\u00eatements en ligne CADOMOTUS <a href=\"http:\/\/xactskateshop.com\/?s=cadomotus\">ici !<\/a><\/p>\n","protected":false},"excerpt":{"rendered":"<hr>\n<p style=\"text-align: center;\">Pantalon \u00e0 fermeture \u00e9clair facile \u00e0 enfiler et \u00e0 retirer, avec deux longues fermetures \u00e9clair. Ce pantalon d&#8217;\u00e9chauffement fait l&#8217;envie de tout le monde sur le bord de la piste. <\/p>\n<p style=\"text-align: center;\">Tr\u00e8s confortable et fonctionnel<\/p>\n<hr>\n<p style=\"text-align: center;\">\n","protected":false},"featured_media":28339,"comment_status":"closed","ping_status":"closed","template":"","meta":{"site-sidebar-layout":"default","site-content-layout":"default","ast-site-content-layout":"default","site-content-style":"default","site-sidebar-style":"default","ast-global-header-display":"","ast-banner-title-visibility":"","ast-main-header-display":"","ast-hfb-above-header-display":"","ast-hfb-below-header-display":"","ast-hfb-mobile-header-display":"","site-post-title":"","ast-breadcrumbs-content":"","ast-featured-img":"","footer-sml-layout":"","theme-transparent-header-meta":"default","adv-header-id-meta":"","stick-header-meta":"","header-above-stick-meta":"","header-main-stick-meta":"","header-below-stick-meta":"","astra-migrate-meta-layouts":"default","ast-page-background-enabled":"default","ast-page-background-meta":{"desktop":{"background-color":"","background-image":"","background-repeat":"repeat","background-position":"center center","background-size":"auto","background-attachment":"scroll","background-type":"","background-media":"","overlay-type":"","overlay-color":"","overlay-opacity":"","overlay-gradient":""},"tablet":{"background-color":"","background-image":"","background-repeat":"repeat","background-position":"center center","background-size":"auto","background-attachment":"scroll","background-type":"","background-media":"","overlay-type":"","overlay-color":"","overlay-opacity":"","overlay-gradient":""},"mobile":{"background-color":"","background-image":"","background-repeat":"repeat","background-position":"center center","background-size":"auto","background-attachment":"scroll","background-type":"","background-media":"","overlay-type":"","overlay-color":"","overlay-opacity":"","overlay-gradient":""}},"ast-content-background-meta":{"desktop":{"background-color":"var(--ast-global-color-5)","background-image":"","background-repeat":"repeat","background-position":"center center","background-size":"auto","background-attachment":"scroll","background-type":"","background-media":"","overlay-type":"","overlay-color":"","overlay-opacity":"","overlay-gradient":""},"tablet":{"background-color":"var(--ast-global-color-5)","background-image":"","background-repeat":"repeat","background-position":"center center","background-size":"auto","background-attachment":"scroll","background-type":"","background-media":"","overlay-type":"","overlay-color":"","overlay-opacity":"","overlay-gradient":""},"mobile":{"background-color":"var(--ast-global-color-5)","background-image":"","background-repeat":"repeat","background-position":"center center","background-size":"auto","background-attachment":"scroll","background-type":"","background-media":"","overlay-type":"","overlay-color":"","overlay-opacity":"","overlay-gradient":""}}},"product_brand":[],"product_cat":[1435,1589,1588,1590],"product_tag":[],"class_list":{"0":"post-63620","1":"product","2":"type-product","3":"status-publish","4":"has-post-thumbnail","6":"product_cat-liquidation","7":"product_cat-patinage-de-vitesse-a-roues-alignees","8":"product_cat-vetements","9":"product_cat-vetements-pour-le-patinage-a-roues-alignees","10":"desktop-align-center","11":"tablet-align-center","12":"mobile-align-center","13":"ast-product-gallery-layout-horizontal","14":"ast-product-single-variable","15":"ast-product-tabs-layout-horizontal","16":"ast-qv-on-image","18":"first","19":"instock","20":"sale","21":"taxable","22":"shipping-taxable","23":"purchasable","24":"product-type-variable"},"bundled_by":[],"bundle_stock_status":"instock","bundle_stock_quantity":null,"bundle_virtual":false,"bundle_layout":"","bundle_add_to_cart_form_location":"","bundle_editable_in_cart":false,"bundle_sold_individually_context":"","bundle_item_grouping":"","bundle_min_size":"","bundle_max_size":"","bundle_price":[],"bundled_items":[],"bundle_sell_ids":[],"yoast_head":"<!-- This site is optimized with the Yoast SEO plugin v27.4 - https:\/\/yoast.com\/product\/yoast-seo-wordpress\/ -->\n<title>Pantalon de surv\u00eatement CADOMOTUS - Xact Skate Shop<\/title>\n<meta name=\"description\" content=\"Pantalon d&#039;\u00e9chauffement CADOMOTUS, pantalon \u00e0 fermeture \u00e9clair facile \u00e0 enfiler et \u00e0 retirer avec deux longues fermetures \u00e9clair. Ce pantalon d&#039;\u00e9chauffement fait l&#039;envie de tout le monde sur le bord de la piste.\" \/>\n<meta name=\"robots\" content=\"index, follow, max-snippet:-1, max-image-preview:large, max-video-preview:-1\" \/>\n<link rel=\"canonical\" href=\"https:\/\/xactskateshop.com\/fr\/produit\/pantalon-de-survetement-cadomotus\/\" \/>\n<meta property=\"og:locale\" content=\"fr_FR\" \/>\n<meta property=\"og:type\" content=\"article\" \/>\n<meta property=\"og:title\" content=\"Pantalon de surv\u00eatement CADOMOTUS - Xact Skate Shop\" \/>\n<meta property=\"og:description\" content=\"Pantalon d&#039;\u00e9chauffement CADOMOTUS, pantalon \u00e0 fermeture \u00e9clair facile \u00e0 enfiler et \u00e0 retirer avec deux longues fermetures \u00e9clair. Ce pantalon d&#039;\u00e9chauffement fait l&#039;envie de tout le monde sur le bord de la piste.\" \/>\n<meta property=\"og:url\" content=\"https:\/\/xactskateshop.com\/fr\/produit\/pantalon-de-survetement-cadomotus\/\" \/>\n<meta property=\"og:site_name\" content=\"Xact Skate Shop\" \/>\n<meta property=\"article:publisher\" content=\"https:\/\/www.facebook.com\/JeanLouiskateshop\" \/>\n<meta property=\"og:image\" content=\"https:\/\/xactskateshop.com\/wp-content\/uploads\/2020\/11\/Warmup.jpg\" \/>\n\t<meta property=\"og:image:width\" content=\"1000\" \/>\n\t<meta property=\"og:image:height\" content=\"1000\" \/>\n\t<meta property=\"og:image:type\" content=\"image\/jpeg\" \/>\n<meta name=\"twitter:card\" content=\"summary_large_image\" \/>\n<meta name=\"twitter:label1\" content=\"Dur\u00e9e de lecture estim\u00e9e\" \/>\n\t<meta name=\"twitter:data1\" content=\"1 minute\" \/>\n<script type=\"application\/ld+json\" class=\"yoast-schema-graph\">{\"@context\":\"https:\\\/\\\/schema.org\",\"@graph\":[{\"@type\":\"WebPage\",\"@id\":\"https:\\\/\\\/xactskateshop.com\\\/fr\\\/produit\\\/pantalon-de-survetement-cadomotus\\\/\",\"url\":\"https:\\\/\\\/xactskateshop.com\\\/fr\\\/produit\\\/pantalon-de-survetement-cadomotus\\\/\",\"name\":\"Pantalon de surv\u00eatement CADOMOTUS - Xact Skate Shop\",\"isPartOf\":{\"@id\":\"http:\\\/\\\/xactskateshop.com\\\/fr\\\/#website\"},\"primaryImageOfPage\":{\"@id\":\"https:\\\/\\\/xactskateshop.com\\\/fr\\\/produit\\\/pantalon-de-survetement-cadomotus\\\/#primaryimage\"},\"image\":{\"@id\":\"https:\\\/\\\/xactskateshop.com\\\/fr\\\/produit\\\/pantalon-de-survetement-cadomotus\\\/#primaryimage\"},\"thumbnailUrl\":\"https:\\\/\\\/xactskateshop.com\\\/wp-content\\\/uploads\\\/2020\\\/11\\\/Warmup.jpg\",\"datePublished\":\"2020-11-12T22:28:44+00:00\",\"description\":\"Pantalon d'\u00e9chauffement CADOMOTUS, pantalon \u00e0 fermeture \u00e9clair facile \u00e0 enfiler et \u00e0 retirer avec deux longues fermetures \u00e9clair. Ce pantalon d'\u00e9chauffement fait l'envie de tout le monde sur le bord de la piste.\",\"breadcrumb\":{\"@id\":\"https:\\\/\\\/xactskateshop.com\\\/fr\\\/produit\\\/pantalon-de-survetement-cadomotus\\\/#breadcrumb\"},\"inLanguage\":\"fr-FR\",\"potentialAction\":[{\"@type\":\"ReadAction\",\"target\":[\"https:\\\/\\\/xactskateshop.com\\\/fr\\\/produit\\\/pantalon-de-survetement-cadomotus\\\/\"]}]},{\"@type\":\"ImageObject\",\"inLanguage\":\"fr-FR\",\"@id\":\"https:\\\/\\\/xactskateshop.com\\\/fr\\\/produit\\\/pantalon-de-survetement-cadomotus\\\/#primaryimage\",\"url\":\"https:\\\/\\\/xactskateshop.com\\\/wp-content\\\/uploads\\\/2020\\\/11\\\/Warmup.jpg\",\"contentUrl\":\"https:\\\/\\\/xactskateshop.com\\\/wp-content\\\/uploads\\\/2020\\\/11\\\/Warmup.jpg\",\"width\":1000,\"height\":1000,\"caption\":\"Pantalon de surv\u00eatement CADOMOTUS\"},{\"@type\":\"BreadcrumbList\",\"@id\":\"https:\\\/\\\/xactskateshop.com\\\/fr\\\/produit\\\/pantalon-de-survetement-cadomotus\\\/#breadcrumb\",\"itemListElement\":[{\"@type\":\"ListItem\",\"position\":1,\"name\":\"Home\",\"item\":\"https:\\\/\\\/xactskateshop.com\\\/fr\\\/accueil\\\/\"},{\"@type\":\"ListItem\",\"position\":2,\"name\":\"Boutique\",\"item\":\"https:\\\/\\\/xactskateshop.com\\\/shop\\\/\"},{\"@type\":\"ListItem\",\"position\":3,\"name\":\"Pantalon de surv\u00eatement CADOMOTUS\"}]},{\"@type\":\"WebSite\",\"@id\":\"http:\\\/\\\/xactskateshop.com\\\/fr\\\/#website\",\"url\":\"http:\\\/\\\/xactskateshop.com\\\/fr\\\/\",\"name\":\"Xact Skate Shop\",\"description\":\"Un site utilisant WordPress\",\"publisher\":{\"@id\":\"http:\\\/\\\/xactskateshop.com\\\/fr\\\/#organization\"},\"potentialAction\":[{\"@type\":\"SearchAction\",\"target\":{\"@type\":\"EntryPoint\",\"urlTemplate\":\"http:\\\/\\\/xactskateshop.com\\\/fr\\\/?s={search_term_string}\"},\"query-input\":{\"@type\":\"PropertyValueSpecification\",\"valueRequired\":true,\"valueName\":\"search_term_string\"}}],\"inLanguage\":\"fr-FR\"},{\"@type\":\"Organization\",\"@id\":\"http:\\\/\\\/xactskateshop.com\\\/fr\\\/#organization\",\"name\":\"XACT Skate Shop\",\"url\":\"http:\\\/\\\/xactskateshop.com\\\/fr\\\/\",\"logo\":{\"@type\":\"ImageObject\",\"inLanguage\":\"fr-FR\",\"@id\":\"http:\\\/\\\/xactskateshop.com\\\/fr\\\/#\\\/schema\\\/logo\\\/image\\\/\",\"url\":\"http:\\\/\\\/xactskateshop.com\\\/wp-content\\\/uploads\\\/2024\\\/04\\\/xactskateshop-dot-com-avec-contour-noir-sans-fond-675x.jpg\",\"contentUrl\":\"http:\\\/\\\/xactskateshop.com\\\/wp-content\\\/uploads\\\/2024\\\/04\\\/xactskateshop-dot-com-avec-contour-noir-sans-fond-675x.jpg\",\"width\":675,\"height\":247,\"caption\":\"XACT Skate Shop\"},\"image\":{\"@id\":\"http:\\\/\\\/xactskateshop.com\\\/fr\\\/#\\\/schema\\\/logo\\\/image\\\/\"},\"sameAs\":[\"https:\\\/\\\/www.facebook.com\\\/JeanLouiskateshop\"]}]}<\/script>\n<!-- \/ Yoast SEO plugin. -->","yoast_head_json":{"title":"Pantalon de surv\u00eatement CADOMOTUS - Xact Skate Shop","description":"Pantalon d'\u00e9chauffement CADOMOTUS, pantalon \u00e0 fermeture \u00e9clair facile \u00e0 enfiler et \u00e0 retirer avec deux longues fermetures \u00e9clair. Ce pantalon d'\u00e9chauffement fait l'envie de tout le monde sur le bord de la piste.","robots":{"index":"index","follow":"follow","max-snippet":"max-snippet:-1","max-image-preview":"max-image-preview:large","max-video-preview":"max-video-preview:-1"},"canonical":"https:\/\/xactskateshop.com\/fr\/produit\/pantalon-de-survetement-cadomotus\/","og_locale":"fr_FR","og_type":"article","og_title":"Pantalon de surv\u00eatement CADOMOTUS - Xact Skate Shop","og_description":"Pantalon d'\u00e9chauffement CADOMOTUS, pantalon \u00e0 fermeture \u00e9clair facile \u00e0 enfiler et \u00e0 retirer avec deux longues fermetures \u00e9clair. Ce pantalon d'\u00e9chauffement fait l'envie de tout le monde sur le bord de la piste.","og_url":"https:\/\/xactskateshop.com\/fr\/produit\/pantalon-de-survetement-cadomotus\/","og_site_name":"Xact Skate Shop","article_publisher":"https:\/\/www.facebook.com\/JeanLouiskateshop","og_image":[{"width":1000,"height":1000,"url":"https:\/\/xactskateshop.com\/wp-content\/uploads\/2020\/11\/Warmup.jpg","type":"image\/jpeg"}],"twitter_card":"summary_large_image","twitter_misc":{"Dur\u00e9e de lecture estim\u00e9e":"1 minute"},"schema":{"@context":"https:\/\/schema.org","@graph":[{"@type":"WebPage","@id":"https:\/\/xactskateshop.com\/fr\/produit\/pantalon-de-survetement-cadomotus\/","url":"https:\/\/xactskateshop.com\/fr\/produit\/pantalon-de-survetement-cadomotus\/","name":"Pantalon de surv\u00eatement CADOMOTUS - Xact Skate Shop","isPartOf":{"@id":"http:\/\/xactskateshop.com\/fr\/#website"},"primaryImageOfPage":{"@id":"https:\/\/xactskateshop.com\/fr\/produit\/pantalon-de-survetement-cadomotus\/#primaryimage"},"image":{"@id":"https:\/\/xactskateshop.com\/fr\/produit\/pantalon-de-survetement-cadomotus\/#primaryimage"},"thumbnailUrl":"https:\/\/xactskateshop.com\/wp-content\/uploads\/2020\/11\/Warmup.jpg","datePublished":"2020-11-12T22:28:44+00:00","description":"Pantalon d'\u00e9chauffement CADOMOTUS, pantalon \u00e0 fermeture \u00e9clair facile \u00e0 enfiler et \u00e0 retirer avec deux longues fermetures \u00e9clair. Ce pantalon d'\u00e9chauffement fait l'envie de tout le monde sur le bord de la piste.","breadcrumb":{"@id":"https:\/\/xactskateshop.com\/fr\/produit\/pantalon-de-survetement-cadomotus\/#breadcrumb"},"inLanguage":"fr-FR","potentialAction":[{"@type":"ReadAction","target":["https:\/\/xactskateshop.com\/fr\/produit\/pantalon-de-survetement-cadomotus\/"]}]},{"@type":"ImageObject","inLanguage":"fr-FR","@id":"https:\/\/xactskateshop.com\/fr\/produit\/pantalon-de-survetement-cadomotus\/#primaryimage","url":"https:\/\/xactskateshop.com\/wp-content\/uploads\/2020\/11\/Warmup.jpg","contentUrl":"https:\/\/xactskateshop.com\/wp-content\/uploads\/2020\/11\/Warmup.jpg","width":1000,"height":1000,"caption":"Pantalon de surv\u00eatement CADOMOTUS"},{"@type":"BreadcrumbList","@id":"https:\/\/xactskateshop.com\/fr\/produit\/pantalon-de-survetement-cadomotus\/#breadcrumb","itemListElement":[{"@type":"ListItem","position":1,"name":"Home","item":"https:\/\/xactskateshop.com\/fr\/accueil\/"},{"@type":"ListItem","position":2,"name":"Boutique","item":"https:\/\/xactskateshop.com\/shop\/"},{"@type":"ListItem","position":3,"name":"Pantalon de surv\u00eatement CADOMOTUS"}]},{"@type":"WebSite","@id":"http:\/\/xactskateshop.com\/fr\/#website","url":"http:\/\/xactskateshop.com\/fr\/","name":"Xact Skate Shop","description":"Un site utilisant WordPress","publisher":{"@id":"http:\/\/xactskateshop.com\/fr\/#organization"},"potentialAction":[{"@type":"SearchAction","target":{"@type":"EntryPoint","urlTemplate":"http:\/\/xactskateshop.com\/fr\/?s={search_term_string}"},"query-input":{"@type":"PropertyValueSpecification","valueRequired":true,"valueName":"search_term_string"}}],"inLanguage":"fr-FR"},{"@type":"Organization","@id":"http:\/\/xactskateshop.com\/fr\/#organization","name":"XACT Skate Shop","url":"http:\/\/xactskateshop.com\/fr\/","logo":{"@type":"ImageObject","inLanguage":"fr-FR","@id":"http:\/\/xactskateshop.com\/fr\/#\/schema\/logo\/image\/","url":"http:\/\/xactskateshop.com\/wp-content\/uploads\/2024\/04\/xactskateshop-dot-com-avec-contour-noir-sans-fond-675x.jpg","contentUrl":"http:\/\/xactskateshop.com\/wp-content\/uploads\/2024\/04\/xactskateshop-dot-com-avec-contour-noir-sans-fond-675x.jpg","width":675,"height":247,"caption":"XACT Skate Shop"},"image":{"@id":"http:\/\/xactskateshop.com\/fr\/#\/schema\/logo\/image\/"},"sameAs":["https:\/\/www.facebook.com\/JeanLouiskateshop"]}]}},"_links":{"self":[{"href":"https:\/\/xactskateshop.com\/fr\/wp-json\/wp\/v2\/product\/63620","targetHints":{"allow":["GET"]}}],"collection":[{"href":"https:\/\/xactskateshop.com\/fr\/wp-json\/wp\/v2\/product"}],"about":[{"href":"https:\/\/xactskateshop.com\/fr\/wp-json\/wp\/v2\/types\/product"}],"replies":[{"embeddable":true,"href":"https:\/\/xactskateshop.com\/fr\/wp-json\/wp\/v2\/comments?post=63620"}],"wp:featuredmedia":[{"embeddable":true,"href":"https:\/\/xactskateshop.com\/fr\/wp-json\/wp\/v2\/media\/28339"}],"wp:attachment":[{"href":"https:\/\/xactskateshop.com\/fr\/wp-json\/wp\/v2\/media?parent=63620"}],"wp:term":[{"taxonomy":"product_brand","embeddable":true,"href":"https:\/\/xactskateshop.com\/fr\/wp-json\/wp\/v2\/product_brand?post=63620"},{"taxonomy":"product_cat","embeddable":true,"href":"https:\/\/xactskateshop.com\/fr\/wp-json\/wp\/v2\/product_cat?post=63620"},{"taxonomy":"product_tag","embeddable":true,"href":"https:\/\/xactskateshop.com\/fr\/wp-json\/wp\/v2\/product_tag?post=63620"}],"curies":[{"name":"wp","href":"https:\/\/api.w.org\/{rel}","templated":true}]}}