{"id":63603,"date":"2020-10-30T14:47:57","date_gmt":"2020-10-30T18:47:57","guid":{"rendered":"http:\/\/xactskateshop.com\/product\/short-de-sport-haute-performance-ezeefit\/"},"modified":"2026-01-26T14:45:25","modified_gmt":"2026-01-26T19:45:25","slug":"short-de-sport-haute-performance-ezeefit","status":"publish","type":"product","link":"https:\/\/xactskateshop.com\/fr\/produit\/short-de-sport-haute-performance-ezeefit\/","title":{"rendered":"Short de Sport Haute Performance EZEEFIT"},"content":{"rendered":"<h2>Short de Sport Haute Performance EZEEFIT<\/h2>\n<p><span style=\"font-size: 16px; font-style: normal; font-weight: 400;\">Notre short de sport de compression EZEEFIT Haute Performance est fabriqu\u00e9 \u00e0 partir d&#8217;un mat\u00e9riau extensible de haute technologie compos\u00e9 de 90% de polyester et de 10% de Lycra\u00ae, et cousu avec des coutures plates pour plus de confort et de solidit\u00e9. La construction \u00e0 six panneaux offre un soutien et un ajustement sup\u00e9rieur. Deux poches avant sur les jambes permettent de ranger votre barre de sport ou vos gels. La bande antid\u00e9rapante &#8220;Gel Gripper&#8221; lisse et confortable maintient le bas des shorts en place. <\/span><\/p>\n<h3><\/h3>\n<h3>Caract\u00e9ristiques du short de sport haute performance<\/h3>\n<ul>\n<li>Lycra de compression Power-stretch<\/li>\n<li>Six panneaux pour un ajustement sup\u00e9rieur<\/li>\n<li>Bande lisse antid\u00e9rapante en gel qui garde le bas des shorts en place<\/li>\n<li>Coutures plates<\/li>\n<li>Deux poches ext\u00e9rieures plates pour les jambes<\/li>\n<li>Poche arri\u00e8re plate<\/li>\n<\/ul>\n<h3><\/h3>\n<h3>Tailles unisexes disponibles :<\/h3>\n<ul>\n<li>X-Small jusqu&#8217;\u00e0 une taille de 24&#8243;.<\/li>\n<li>Petit jusqu&#8217;\u00e0 la taille 28&#8243;<\/li>\n<li>Moyen jusqu&#8217;\u00e0 la taille 32&#8243;<\/li>\n<li>Grand jusqu&#8217;\u00e0 la taille 36<\/li>\n<li>X-Large jusqu&#8217;\u00e0 la taille 40&#8243;<\/li>\n<\/ul>\n<p>&nbsp;<\/p>\n","protected":false},"excerpt":{"rendered":"<hr \/>\n<p style=\"text-align: center;\">Notre short de compression pour tous les sports est fabriqu\u00e9 avec un mat\u00e9riau high-tech power-stretch compos\u00e9 de 90 % de polyester et de 10 % de Lycra\u00ae, et cousu avec des points plats pour plus de confort et de solidit\u00e9. Deux poches avant sur les jambes permettent de ranger votre barre de sport ou vos gels. La bande de jambe &#8220;Gel Gripper&#8221; lisse et confortable maintient les poignets des jambes en place.<\/p>\n<hr \/>\n<p style=\"text-align: center;\">\n","protected":false},"featured_media":28304,"comment_status":"open","ping_status":"closed","template":"","meta":{"site-sidebar-layout":"default","site-content-layout":"default","ast-site-content-layout":"default","site-content-style":"default","site-sidebar-style":"default","ast-global-header-display":"","ast-banner-title-visibility":"","ast-main-header-display":"","ast-hfb-above-header-display":"","ast-hfb-below-header-display":"","ast-hfb-mobile-header-display":"","site-post-title":"","ast-breadcrumbs-content":"","ast-featured-img":"","footer-sml-layout":"","theme-transparent-header-meta":"default","adv-header-id-meta":"","stick-header-meta":"","header-above-stick-meta":"","header-main-stick-meta":"","header-below-stick-meta":"","astra-migrate-meta-layouts":"set","ast-page-background-enabled":"default","ast-page-background-meta":{"desktop":{"background-color":"","background-image":"","background-repeat":"repeat","background-position":"center center","background-size":"auto","background-attachment":"scroll","background-type":"","background-media":"","overlay-type":"","overlay-color":"","overlay-opacity":"","overlay-gradient":""},"tablet":{"background-color":"","background-image":"","background-repeat":"repeat","background-position":"center center","background-size":"auto","background-attachment":"scroll","background-type":"","background-media":"","overlay-type":"","overlay-color":"","overlay-opacity":"","overlay-gradient":""},"mobile":{"background-color":"","background-image":"","background-repeat":"repeat","background-position":"center center","background-size":"auto","background-attachment":"scroll","background-type":"","background-media":"","overlay-type":"","overlay-color":"","overlay-opacity":"","overlay-gradient":""}},"ast-content-background-meta":{"desktop":{"background-color":"var(--ast-global-color-5)","background-image":"","background-repeat":"repeat","background-position":"center center","background-size":"auto","background-attachment":"scroll","background-type":"","background-media":"","overlay-type":"","overlay-color":"","overlay-opacity":"","overlay-gradient":""},"tablet":{"background-color":"var(--ast-global-color-5)","background-image":"","background-repeat":"repeat","background-position":"center center","background-size":"auto","background-attachment":"scroll","background-type":"","background-media":"","overlay-type":"","overlay-color":"","overlay-opacity":"","overlay-gradient":""},"mobile":{"background-color":"var(--ast-global-color-5)","background-image":"","background-repeat":"repeat","background-position":"center center","background-size":"auto","background-attachment":"scroll","background-type":"","background-media":"","overlay-type":"","overlay-color":"","overlay-opacity":"","overlay-gradient":""}}},"product_brand":[],"product_cat":[1528,1589,1588,1590],"product_tag":[1534,1592,1591],"class_list":{"0":"post-63603","1":"product","2":"type-product","3":"status-publish","4":"has-post-thumbnail","6":"product_cat-ezeefit-fr","7":"product_cat-patinage-de-vitesse-a-roues-alignees","8":"product_cat-vetements","9":"product_cat-vetements-pour-le-patinage-a-roues-alignees","10":"product_tag-ezeefit-fr","11":"product_tag-meilleur-court-metrage-de-sport","12":"product_tag-short-ezeefit","13":"desktop-align-center","14":"tablet-align-center","15":"mobile-align-center","16":"ast-product-gallery-layout-horizontal","17":"ast-product-gallery-with-no-image","18":"ast-product-single-variable","19":"ast-product-tabs-layout-horizontal","20":"ast-qv-on-image","22":"first","23":"instock","24":"sale","25":"taxable","26":"shipping-taxable","27":"purchasable","28":"product-type-variable"},"bundled_by":[],"bundle_stock_status":"instock","bundle_stock_quantity":null,"bundle_virtual":false,"bundle_layout":"","bundle_add_to_cart_form_location":"","bundle_editable_in_cart":false,"bundle_sold_individually_context":"","bundle_item_grouping":"","bundle_min_size":"","bundle_max_size":"","bundle_price":[],"bundled_items":[],"bundle_sell_ids":[],"yoast_head":"<!-- This site is optimized with the Yoast SEO plugin v27.4 - https:\/\/yoast.com\/product\/yoast-seo-wordpress\/ -->\n<title>Short de Sport Haute Performance EZEEFIT - Xact Skate Shop<\/title>\n<meta name=\"description\" content=\"Le short de sport haute performance EZEEFIT est fabriqu\u00e9 \u00e0 partir d&#039;un mat\u00e9riau technique extensible de haute technologie!\" \/>\n<meta name=\"robots\" content=\"index, follow, max-snippet:-1, max-image-preview:large, max-video-preview:-1\" \/>\n<link rel=\"canonical\" href=\"https:\/\/xactskateshop.com\/fr\/produit\/short-de-sport-haute-performance-ezeefit\/\" \/>\n<meta property=\"og:locale\" content=\"fr_FR\" \/>\n<meta property=\"og:type\" content=\"article\" \/>\n<meta property=\"og:title\" content=\"Short de Sport Haute Performance EZEEFIT - Xact Skate Shop\" \/>\n<meta property=\"og:description\" content=\"Le short de sport haute performance EZEEFIT est fabriqu\u00e9 \u00e0 partir d&#039;un mat\u00e9riau technique extensible de haute technologie!\" \/>\n<meta property=\"og:url\" content=\"https:\/\/xactskateshop.com\/fr\/produit\/short-de-sport-haute-performance-ezeefit\/\" \/>\n<meta property=\"og:site_name\" content=\"Xact Skate Shop\" \/>\n<meta property=\"article:publisher\" content=\"https:\/\/www.facebook.com\/JeanLouiskateshop\" \/>\n<meta property=\"article:modified_time\" content=\"2026-01-26T19:45:25+00:00\" \/>\n<meta property=\"og:image\" content=\"https:\/\/xactskateshop.com\/wp-content\/uploads\/2020\/10\/sport-shorts-web.jpg\" \/>\n\t<meta property=\"og:image:width\" content=\"1000\" \/>\n\t<meta property=\"og:image:height\" content=\"1000\" \/>\n\t<meta property=\"og:image:type\" content=\"image\/jpeg\" \/>\n<meta name=\"twitter:card\" content=\"summary_large_image\" \/>\n<meta name=\"twitter:label1\" content=\"Dur\u00e9e de lecture estim\u00e9e\" \/>\n\t<meta name=\"twitter:data1\" content=\"1 minute\" \/>\n<script type=\"application\/ld+json\" class=\"yoast-schema-graph\">{\"@context\":\"https:\\\/\\\/schema.org\",\"@graph\":[{\"@type\":\"WebPage\",\"@id\":\"https:\\\/\\\/xactskateshop.com\\\/fr\\\/produit\\\/short-de-sport-haute-performance-ezeefit\\\/\",\"url\":\"https:\\\/\\\/xactskateshop.com\\\/fr\\\/produit\\\/short-de-sport-haute-performance-ezeefit\\\/\",\"name\":\"Short de Sport Haute Performance EZEEFIT - Xact Skate Shop\",\"isPartOf\":{\"@id\":\"http:\\\/\\\/xactskateshop.com\\\/fr\\\/#website\"},\"primaryImageOfPage\":{\"@id\":\"https:\\\/\\\/xactskateshop.com\\\/fr\\\/produit\\\/short-de-sport-haute-performance-ezeefit\\\/#primaryimage\"},\"image\":{\"@id\":\"https:\\\/\\\/xactskateshop.com\\\/fr\\\/produit\\\/short-de-sport-haute-performance-ezeefit\\\/#primaryimage\"},\"thumbnailUrl\":\"https:\\\/\\\/xactskateshop.com\\\/wp-content\\\/uploads\\\/2020\\\/10\\\/sport-shorts-web.jpg\",\"datePublished\":\"2020-10-30T18:47:57+00:00\",\"dateModified\":\"2026-01-26T19:45:25+00:00\",\"description\":\"Le short de sport haute performance EZEEFIT est fabriqu\u00e9 \u00e0 partir d'un mat\u00e9riau technique extensible de haute technologie!\",\"breadcrumb\":{\"@id\":\"https:\\\/\\\/xactskateshop.com\\\/fr\\\/produit\\\/short-de-sport-haute-performance-ezeefit\\\/#breadcrumb\"},\"inLanguage\":\"fr-FR\",\"potentialAction\":[{\"@type\":\"ReadAction\",\"target\":[\"https:\\\/\\\/xactskateshop.com\\\/fr\\\/produit\\\/short-de-sport-haute-performance-ezeefit\\\/\"]}]},{\"@type\":\"ImageObject\",\"inLanguage\":\"fr-FR\",\"@id\":\"https:\\\/\\\/xactskateshop.com\\\/fr\\\/produit\\\/short-de-sport-haute-performance-ezeefit\\\/#primaryimage\",\"url\":\"https:\\\/\\\/xactskateshop.com\\\/wp-content\\\/uploads\\\/2020\\\/10\\\/sport-shorts-web.jpg\",\"contentUrl\":\"https:\\\/\\\/xactskateshop.com\\\/wp-content\\\/uploads\\\/2020\\\/10\\\/sport-shorts-web.jpg\",\"width\":1000,\"height\":1000,\"caption\":\"short de sport ezeefit\"},{\"@type\":\"BreadcrumbList\",\"@id\":\"https:\\\/\\\/xactskateshop.com\\\/fr\\\/produit\\\/short-de-sport-haute-performance-ezeefit\\\/#breadcrumb\",\"itemListElement\":[{\"@type\":\"ListItem\",\"position\":1,\"name\":\"Home\",\"item\":\"https:\\\/\\\/xactskateshop.com\\\/fr\\\/accueil\\\/\"},{\"@type\":\"ListItem\",\"position\":2,\"name\":\"Boutique\",\"item\":\"https:\\\/\\\/xactskateshop.com\\\/shop\\\/\"},{\"@type\":\"ListItem\",\"position\":3,\"name\":\"Short de Sport Haute Performance EZEEFIT\"}]},{\"@type\":\"WebSite\",\"@id\":\"http:\\\/\\\/xactskateshop.com\\\/fr\\\/#website\",\"url\":\"http:\\\/\\\/xactskateshop.com\\\/fr\\\/\",\"name\":\"Xact Skate Shop\",\"description\":\"Un site utilisant WordPress\",\"publisher\":{\"@id\":\"http:\\\/\\\/xactskateshop.com\\\/fr\\\/#organization\"},\"potentialAction\":[{\"@type\":\"SearchAction\",\"target\":{\"@type\":\"EntryPoint\",\"urlTemplate\":\"http:\\\/\\\/xactskateshop.com\\\/fr\\\/?s={search_term_string}\"},\"query-input\":{\"@type\":\"PropertyValueSpecification\",\"valueRequired\":true,\"valueName\":\"search_term_string\"}}],\"inLanguage\":\"fr-FR\"},{\"@type\":\"Organization\",\"@id\":\"http:\\\/\\\/xactskateshop.com\\\/fr\\\/#organization\",\"name\":\"XACT Skate Shop\",\"url\":\"http:\\\/\\\/xactskateshop.com\\\/fr\\\/\",\"logo\":{\"@type\":\"ImageObject\",\"inLanguage\":\"fr-FR\",\"@id\":\"http:\\\/\\\/xactskateshop.com\\\/fr\\\/#\\\/schema\\\/logo\\\/image\\\/\",\"url\":\"http:\\\/\\\/xactskateshop.com\\\/wp-content\\\/uploads\\\/2024\\\/04\\\/xactskateshop-dot-com-avec-contour-noir-sans-fond-675x.jpg\",\"contentUrl\":\"http:\\\/\\\/xactskateshop.com\\\/wp-content\\\/uploads\\\/2024\\\/04\\\/xactskateshop-dot-com-avec-contour-noir-sans-fond-675x.jpg\",\"width\":675,\"height\":247,\"caption\":\"XACT Skate Shop\"},\"image\":{\"@id\":\"http:\\\/\\\/xactskateshop.com\\\/fr\\\/#\\\/schema\\\/logo\\\/image\\\/\"},\"sameAs\":[\"https:\\\/\\\/www.facebook.com\\\/JeanLouiskateshop\"]}]}<\/script>\n<!-- \/ Yoast SEO plugin. -->","yoast_head_json":{"title":"Short de Sport Haute Performance EZEEFIT - Xact Skate Shop","description":"Le short de sport haute performance EZEEFIT est fabriqu\u00e9 \u00e0 partir d'un mat\u00e9riau technique extensible de haute technologie!","robots":{"index":"index","follow":"follow","max-snippet":"max-snippet:-1","max-image-preview":"max-image-preview:large","max-video-preview":"max-video-preview:-1"},"canonical":"https:\/\/xactskateshop.com\/fr\/produit\/short-de-sport-haute-performance-ezeefit\/","og_locale":"fr_FR","og_type":"article","og_title":"Short de Sport Haute Performance EZEEFIT - Xact Skate Shop","og_description":"Le short de sport haute performance EZEEFIT est fabriqu\u00e9 \u00e0 partir d'un mat\u00e9riau technique extensible de haute technologie!","og_url":"https:\/\/xactskateshop.com\/fr\/produit\/short-de-sport-haute-performance-ezeefit\/","og_site_name":"Xact Skate Shop","article_publisher":"https:\/\/www.facebook.com\/JeanLouiskateshop","article_modified_time":"2026-01-26T19:45:25+00:00","og_image":[{"width":1000,"height":1000,"url":"https:\/\/xactskateshop.com\/wp-content\/uploads\/2020\/10\/sport-shorts-web.jpg","type":"image\/jpeg"}],"twitter_card":"summary_large_image","twitter_misc":{"Dur\u00e9e de lecture estim\u00e9e":"1 minute"},"schema":{"@context":"https:\/\/schema.org","@graph":[{"@type":"WebPage","@id":"https:\/\/xactskateshop.com\/fr\/produit\/short-de-sport-haute-performance-ezeefit\/","url":"https:\/\/xactskateshop.com\/fr\/produit\/short-de-sport-haute-performance-ezeefit\/","name":"Short de Sport Haute Performance EZEEFIT - Xact Skate Shop","isPartOf":{"@id":"http:\/\/xactskateshop.com\/fr\/#website"},"primaryImageOfPage":{"@id":"https:\/\/xactskateshop.com\/fr\/produit\/short-de-sport-haute-performance-ezeefit\/#primaryimage"},"image":{"@id":"https:\/\/xactskateshop.com\/fr\/produit\/short-de-sport-haute-performance-ezeefit\/#primaryimage"},"thumbnailUrl":"https:\/\/xactskateshop.com\/wp-content\/uploads\/2020\/10\/sport-shorts-web.jpg","datePublished":"2020-10-30T18:47:57+00:00","dateModified":"2026-01-26T19:45:25+00:00","description":"Le short de sport haute performance EZEEFIT est fabriqu\u00e9 \u00e0 partir d'un mat\u00e9riau technique extensible de haute technologie!","breadcrumb":{"@id":"https:\/\/xactskateshop.com\/fr\/produit\/short-de-sport-haute-performance-ezeefit\/#breadcrumb"},"inLanguage":"fr-FR","potentialAction":[{"@type":"ReadAction","target":["https:\/\/xactskateshop.com\/fr\/produit\/short-de-sport-haute-performance-ezeefit\/"]}]},{"@type":"ImageObject","inLanguage":"fr-FR","@id":"https:\/\/xactskateshop.com\/fr\/produit\/short-de-sport-haute-performance-ezeefit\/#primaryimage","url":"https:\/\/xactskateshop.com\/wp-content\/uploads\/2020\/10\/sport-shorts-web.jpg","contentUrl":"https:\/\/xactskateshop.com\/wp-content\/uploads\/2020\/10\/sport-shorts-web.jpg","width":1000,"height":1000,"caption":"short de sport ezeefit"},{"@type":"BreadcrumbList","@id":"https:\/\/xactskateshop.com\/fr\/produit\/short-de-sport-haute-performance-ezeefit\/#breadcrumb","itemListElement":[{"@type":"ListItem","position":1,"name":"Home","item":"https:\/\/xactskateshop.com\/fr\/accueil\/"},{"@type":"ListItem","position":2,"name":"Boutique","item":"https:\/\/xactskateshop.com\/shop\/"},{"@type":"ListItem","position":3,"name":"Short de Sport Haute Performance EZEEFIT"}]},{"@type":"WebSite","@id":"http:\/\/xactskateshop.com\/fr\/#website","url":"http:\/\/xactskateshop.com\/fr\/","name":"Xact Skate Shop","description":"Un site utilisant WordPress","publisher":{"@id":"http:\/\/xactskateshop.com\/fr\/#organization"},"potentialAction":[{"@type":"SearchAction","target":{"@type":"EntryPoint","urlTemplate":"http:\/\/xactskateshop.com\/fr\/?s={search_term_string}"},"query-input":{"@type":"PropertyValueSpecification","valueRequired":true,"valueName":"search_term_string"}}],"inLanguage":"fr-FR"},{"@type":"Organization","@id":"http:\/\/xactskateshop.com\/fr\/#organization","name":"XACT Skate Shop","url":"http:\/\/xactskateshop.com\/fr\/","logo":{"@type":"ImageObject","inLanguage":"fr-FR","@id":"http:\/\/xactskateshop.com\/fr\/#\/schema\/logo\/image\/","url":"http:\/\/xactskateshop.com\/wp-content\/uploads\/2024\/04\/xactskateshop-dot-com-avec-contour-noir-sans-fond-675x.jpg","contentUrl":"http:\/\/xactskateshop.com\/wp-content\/uploads\/2024\/04\/xactskateshop-dot-com-avec-contour-noir-sans-fond-675x.jpg","width":675,"height":247,"caption":"XACT Skate Shop"},"image":{"@id":"http:\/\/xactskateshop.com\/fr\/#\/schema\/logo\/image\/"},"sameAs":["https:\/\/www.facebook.com\/JeanLouiskateshop"]}]}},"_links":{"self":[{"href":"https:\/\/xactskateshop.com\/fr\/wp-json\/wp\/v2\/product\/63603","targetHints":{"allow":["GET"]}}],"collection":[{"href":"https:\/\/xactskateshop.com\/fr\/wp-json\/wp\/v2\/product"}],"about":[{"href":"https:\/\/xactskateshop.com\/fr\/wp-json\/wp\/v2\/types\/product"}],"replies":[{"embeddable":true,"href":"https:\/\/xactskateshop.com\/fr\/wp-json\/wp\/v2\/comments?post=63603"}],"wp:featuredmedia":[{"embeddable":true,"href":"https:\/\/xactskateshop.com\/fr\/wp-json\/wp\/v2\/media\/28304"}],"wp:attachment":[{"href":"https:\/\/xactskateshop.com\/fr\/wp-json\/wp\/v2\/media?parent=63603"}],"wp:term":[{"taxonomy":"product_brand","embeddable":true,"href":"https:\/\/xactskateshop.com\/fr\/wp-json\/wp\/v2\/product_brand?post=63603"},{"taxonomy":"product_cat","embeddable":true,"href":"https:\/\/xactskateshop.com\/fr\/wp-json\/wp\/v2\/product_cat?post=63603"},{"taxonomy":"product_tag","embeddable":true,"href":"https:\/\/xactskateshop.com\/fr\/wp-json\/wp\/v2\/product_tag?post=63603"}],"curies":[{"name":"wp","href":"https:\/\/api.w.org\/{rel}","templated":true}]}}