{"id":63589,"date":"2020-10-30T13:39:17","date_gmt":"2020-10-30T17:39:17","guid":{"rendered":"http:\/\/xactskateshop.com\/product\/bottines-ezeefit-skins\/"},"modified":"2026-02-20T15:11:54","modified_gmt":"2026-02-20T20:11:54","slug":"bottines-ezeefit-skins","status":"publish","type":"product","link":"https:\/\/xactskateshop.com\/fr\/produit\/bottines-ezeefit-skins\/","title":{"rendered":"Bottines EZEEFIT SKINS"},"content":{"rendered":"<h2>Bottines EZEEFIT SKINS<\/h2>\n<p><span style=\"font-size: 16px; font-style: normal; font-weight: 400;\">Nos toutes nouvelles bottines EZEEFIT SKINS sont l\u00e9g\u00e8rement plus \u00e9paisses (0,087 mm) que notre mat\u00e9riau Ultrathin, mais elles sont consid\u00e9rablement plus douces et plus extensibles. Il est \u00e9galement dot\u00e9 d&#8217;un int\u00e9rieur en microfibre (le logo se trouve \u00e0 l&#8217;ext\u00e9rieur) qui est comme de la soie sur votre peau. Le nouveau mat\u00e9riau Skins offre \u00e9galement un peu plus de rembourrage que notre mat\u00e9riau Ultrathin actuel, mais ne prend pas plus de place. La couleur gris clair dispara\u00eet sous une chaussette. <\/span><\/p>\n<p>&nbsp;<\/p>\n<h3>Caract\u00e9ristiques<\/h3>\n<ul>\n<li>La solution ultime pour les ampoules !<\/li>\n<li>Agit comme une seconde peau,<\/li>\n<li>Cr\u00e9e une barri\u00e8re de frottement,<\/li>\n<li>Excellente performance sur sol sec ou mouill\u00e9,<\/li>\n<li>Lavable et r\u00e9utilisable,<\/li>\n<li>A porter pieds nus ou \u00e0 l&#8217;int\u00e9rieur des chaussettes,<\/li>\n<li>Vendu par paire.<\/li>\n<\/ul>\n<p>&nbsp;<\/p>\n<p>Retrouvez l&#8217;int\u00e9gralit\u00e9 de la bottine <a href=\"http:\/\/xactskateshop.com\/product\/ezeefit-blister-solution-ezeefit-skins-full-booties\/\">ici<\/a>.<\/p>\n<p>Vous pouvez \u00e9galement le trouver sur le site de <a href=\"http:\/\/www.bont.ca\">BONT CANADA<\/a>,<\/p>\n","protected":false},"excerpt":{"rendered":"<hr \/>\n<p style=\"text-align: center;\">Notre tout nouveau bottillon EzeefitskinsTM est l\u00e9g\u00e8rement plus \u00e9pais (0,087 mm) que notre mat\u00e9riau Ultrathin, mais il est consid\u00e9rablement plus doux et plus extensible. Il est \u00e9galement dot\u00e9 d&#8217;un int\u00e9rieur en microfibre (le logo se trouve \u00e0 l&#8217;ext\u00e9rieur) qui est comme de la soie sur votre peau. Le nouveau mat\u00e9riau Skins offre \u00e9galement un peu plus de rembourrage que notre mat\u00e9riau Ultrathin actuel, mais ne prend pas plus de place. La couleur gris clair dispara\u00eet sous une chaussette.<\/p>\n<hr \/>\n<p>&nbsp;<\/p>\n","protected":false},"featured_media":28301,"comment_status":"open","ping_status":"closed","template":"","meta":{"site-sidebar-layout":"default","site-content-layout":"default","ast-site-content-layout":"default","site-content-style":"default","site-sidebar-style":"default","ast-global-header-display":"","ast-banner-title-visibility":"","ast-main-header-display":"","ast-hfb-above-header-display":"","ast-hfb-below-header-display":"","ast-hfb-mobile-header-display":"","site-post-title":"","ast-breadcrumbs-content":"","ast-featured-img":"","footer-sml-layout":"","theme-transparent-header-meta":"default","adv-header-id-meta":"","stick-header-meta":"","header-above-stick-meta":"","header-main-stick-meta":"","header-below-stick-meta":"","astra-migrate-meta-layouts":"set","ast-page-background-enabled":"default","ast-page-background-meta":{"desktop":{"background-color":"","background-image":"","background-repeat":"repeat","background-position":"center center","background-size":"auto","background-attachment":"scroll","background-type":"","background-media":"","overlay-type":"","overlay-color":"","overlay-opacity":"","overlay-gradient":""},"tablet":{"background-color":"","background-image":"","background-repeat":"repeat","background-position":"center center","background-size":"auto","background-attachment":"scroll","background-type":"","background-media":"","overlay-type":"","overlay-color":"","overlay-opacity":"","overlay-gradient":""},"mobile":{"background-color":"","background-image":"","background-repeat":"repeat","background-position":"center center","background-size":"auto","background-attachment":"scroll","background-type":"","background-media":"","overlay-type":"","overlay-color":"","overlay-opacity":"","overlay-gradient":""}},"ast-content-background-meta":{"desktop":{"background-color":"var(--ast-global-color-5)","background-image":"","background-repeat":"repeat","background-position":"center center","background-size":"auto","background-attachment":"scroll","background-type":"","background-media":"","overlay-type":"","overlay-color":"","overlay-opacity":"","overlay-gradient":""},"tablet":{"background-color":"var(--ast-global-color-5)","background-image":"","background-repeat":"repeat","background-position":"center center","background-size":"auto","background-attachment":"scroll","background-type":"","background-media":"","overlay-type":"","overlay-color":"","overlay-opacity":"","overlay-gradient":""},"mobile":{"background-color":"var(--ast-global-color-5)","background-image":"","background-repeat":"repeat","background-position":"center center","background-size":"auto","background-attachment":"scroll","background-type":"","background-media":"","overlay-type":"","overlay-color":"","overlay-opacity":"","overlay-gradient":""}}},"product_brand":[],"product_cat":[1527,1529,1530,1528,1526],"product_tag":[1558,1531,1554,1560,1532],"class_list":{"0":"post-63589","1":"product","2":"type-product","3":"status-publish","4":"has-post-thumbnail","6":"product_cat-accessoires-courte-piste","7":"product_cat-accessoires-de-patinage-a-roues-alignees","8":"product_cat-accessoires-pour-patins-a-roulettes","9":"product_cat-ezeefit-fr","10":"product_cat-protege-chevilles-et-chaussettes","11":"product_tag-bottine-fr","12":"product_tag-ezeefit-canada-fr","13":"product_tag-protection-de-la-cheville","14":"product_tag-skins-ezeefit","15":"product_tag-solution-pour-ampoules-ezeefit","16":"desktop-align-center","17":"tablet-align-center","18":"mobile-align-center","19":"ast-product-gallery-layout-horizontal","20":"ast-product-single-variable","21":"ast-product-tabs-layout-horizontal","22":"ast-qv-on-image","24":"first","25":"instock","26":"sale","27":"taxable","28":"shipping-taxable","29":"purchasable","30":"product-type-variable"},"bundled_by":[],"bundle_stock_status":"instock","bundle_stock_quantity":null,"bundle_virtual":false,"bundle_layout":"","bundle_add_to_cart_form_location":"","bundle_editable_in_cart":false,"bundle_sold_individually_context":"","bundle_item_grouping":"","bundle_min_size":"","bundle_max_size":"","bundle_price":[],"bundled_items":[],"bundle_sell_ids":[],"yoast_head":"<!-- This site is optimized with the Yoast SEO plugin v27.4 - https:\/\/yoast.com\/product\/yoast-seo-wordpress\/ -->\n<title>Bottines EZEEFIT SKINS - Xact Skate Shop<\/title>\n<meta name=\"description\" content=\"Bottines EZEEFIT SKINS. Nos nouvelles bottines Ezeefitskins sont un peu plus \u00e9paisses (.087mm) que notre mat\u00e9riau Ultrathin, mais elles sont plus douces et beaucoup plus extensibles.\" \/>\n<meta name=\"robots\" content=\"index, follow, max-snippet:-1, max-image-preview:large, max-video-preview:-1\" \/>\n<link rel=\"canonical\" href=\"https:\/\/xactskateshop.com\/fr\/produit\/bottines-ezeefit-skins\/\" \/>\n<meta property=\"og:locale\" content=\"fr_FR\" \/>\n<meta property=\"og:type\" content=\"article\" \/>\n<meta property=\"og:title\" content=\"Bottines EZEEFIT SKINS - Xact Skate Shop\" \/>\n<meta property=\"og:description\" content=\"Bottines EZEEFIT SKINS. Nos nouvelles bottines Ezeefitskins sont un peu plus \u00e9paisses (.087mm) que notre mat\u00e9riau Ultrathin, mais elles sont plus douces et beaucoup plus extensibles.\" \/>\n<meta property=\"og:url\" content=\"https:\/\/xactskateshop.com\/fr\/produit\/bottines-ezeefit-skins\/\" \/>\n<meta property=\"og:site_name\" content=\"Xact Skate Shop\" \/>\n<meta property=\"article:publisher\" content=\"https:\/\/www.facebook.com\/JeanLouiskateshop\" \/>\n<meta property=\"article:modified_time\" content=\"2026-02-20T20:11:54+00:00\" \/>\n<meta property=\"og:image\" content=\"https:\/\/xactskateshop.com\/wp-content\/uploads\/2020\/10\/New-skins-ankle-bootie-WEB.jpg\" \/>\n\t<meta property=\"og:image:width\" content=\"1000\" \/>\n\t<meta property=\"og:image:height\" content=\"1000\" \/>\n\t<meta property=\"og:image:type\" content=\"image\/jpeg\" \/>\n<meta name=\"twitter:card\" content=\"summary_large_image\" \/>\n<meta name=\"twitter:label1\" content=\"Dur\u00e9e de lecture estim\u00e9e\" \/>\n\t<meta name=\"twitter:data1\" content=\"1 minute\" \/>\n<script type=\"application\/ld+json\" class=\"yoast-schema-graph\">{\"@context\":\"https:\\\/\\\/schema.org\",\"@graph\":[{\"@type\":\"WebPage\",\"@id\":\"https:\\\/\\\/xactskateshop.com\\\/fr\\\/produit\\\/bottines-ezeefit-skins\\\/\",\"url\":\"https:\\\/\\\/xactskateshop.com\\\/fr\\\/produit\\\/bottines-ezeefit-skins\\\/\",\"name\":\"Bottines EZEEFIT SKINS - Xact Skate Shop\",\"isPartOf\":{\"@id\":\"http:\\\/\\\/xactskateshop.com\\\/fr\\\/#website\"},\"primaryImageOfPage\":{\"@id\":\"https:\\\/\\\/xactskateshop.com\\\/fr\\\/produit\\\/bottines-ezeefit-skins\\\/#primaryimage\"},\"image\":{\"@id\":\"https:\\\/\\\/xactskateshop.com\\\/fr\\\/produit\\\/bottines-ezeefit-skins\\\/#primaryimage\"},\"thumbnailUrl\":\"https:\\\/\\\/xactskateshop.com\\\/wp-content\\\/uploads\\\/2020\\\/10\\\/New-skins-ankle-bootie-WEB.jpg\",\"datePublished\":\"2020-10-30T17:39:17+00:00\",\"dateModified\":\"2026-02-20T20:11:54+00:00\",\"description\":\"Bottines EZEEFIT SKINS. Nos nouvelles bottines Ezeefitskins sont un peu plus \u00e9paisses (.087mm) que notre mat\u00e9riau Ultrathin, mais elles sont plus douces et beaucoup plus extensibles.\",\"breadcrumb\":{\"@id\":\"https:\\\/\\\/xactskateshop.com\\\/fr\\\/produit\\\/bottines-ezeefit-skins\\\/#breadcrumb\"},\"inLanguage\":\"fr-FR\",\"potentialAction\":[{\"@type\":\"ReadAction\",\"target\":[\"https:\\\/\\\/xactskateshop.com\\\/fr\\\/produit\\\/bottines-ezeefit-skins\\\/\"]}]},{\"@type\":\"ImageObject\",\"inLanguage\":\"fr-FR\",\"@id\":\"https:\\\/\\\/xactskateshop.com\\\/fr\\\/produit\\\/bottines-ezeefit-skins\\\/#primaryimage\",\"url\":\"https:\\\/\\\/xactskateshop.com\\\/wp-content\\\/uploads\\\/2020\\\/10\\\/New-skins-ankle-bootie-WEB.jpg\",\"contentUrl\":\"https:\\\/\\\/xactskateshop.com\\\/wp-content\\\/uploads\\\/2020\\\/10\\\/New-skins-ankle-bootie-WEB.jpg\",\"width\":1000,\"height\":1000,\"caption\":\"Ezeefit blister solution skins ankle bootie\"},{\"@type\":\"BreadcrumbList\",\"@id\":\"https:\\\/\\\/xactskateshop.com\\\/fr\\\/produit\\\/bottines-ezeefit-skins\\\/#breadcrumb\",\"itemListElement\":[{\"@type\":\"ListItem\",\"position\":1,\"name\":\"Home\",\"item\":\"https:\\\/\\\/xactskateshop.com\\\/fr\\\/accueil\\\/\"},{\"@type\":\"ListItem\",\"position\":2,\"name\":\"Boutique\",\"item\":\"https:\\\/\\\/xactskateshop.com\\\/shop\\\/\"},{\"@type\":\"ListItem\",\"position\":3,\"name\":\"Bottines EZEEFIT SKINS\"}]},{\"@type\":\"WebSite\",\"@id\":\"http:\\\/\\\/xactskateshop.com\\\/fr\\\/#website\",\"url\":\"http:\\\/\\\/xactskateshop.com\\\/fr\\\/\",\"name\":\"Xact Skate Shop\",\"description\":\"Un site utilisant WordPress\",\"publisher\":{\"@id\":\"http:\\\/\\\/xactskateshop.com\\\/fr\\\/#organization\"},\"potentialAction\":[{\"@type\":\"SearchAction\",\"target\":{\"@type\":\"EntryPoint\",\"urlTemplate\":\"http:\\\/\\\/xactskateshop.com\\\/fr\\\/?s={search_term_string}\"},\"query-input\":{\"@type\":\"PropertyValueSpecification\",\"valueRequired\":true,\"valueName\":\"search_term_string\"}}],\"inLanguage\":\"fr-FR\"},{\"@type\":\"Organization\",\"@id\":\"http:\\\/\\\/xactskateshop.com\\\/fr\\\/#organization\",\"name\":\"XACT Skate Shop\",\"url\":\"http:\\\/\\\/xactskateshop.com\\\/fr\\\/\",\"logo\":{\"@type\":\"ImageObject\",\"inLanguage\":\"fr-FR\",\"@id\":\"http:\\\/\\\/xactskateshop.com\\\/fr\\\/#\\\/schema\\\/logo\\\/image\\\/\",\"url\":\"http:\\\/\\\/xactskateshop.com\\\/wp-content\\\/uploads\\\/2024\\\/04\\\/xactskateshop-dot-com-avec-contour-noir-sans-fond-675x.jpg\",\"contentUrl\":\"http:\\\/\\\/xactskateshop.com\\\/wp-content\\\/uploads\\\/2024\\\/04\\\/xactskateshop-dot-com-avec-contour-noir-sans-fond-675x.jpg\",\"width\":675,\"height\":247,\"caption\":\"XACT Skate Shop\"},\"image\":{\"@id\":\"http:\\\/\\\/xactskateshop.com\\\/fr\\\/#\\\/schema\\\/logo\\\/image\\\/\"},\"sameAs\":[\"https:\\\/\\\/www.facebook.com\\\/JeanLouiskateshop\"]}]}<\/script>\n<!-- \/ Yoast SEO plugin. -->","yoast_head_json":{"title":"Bottines EZEEFIT SKINS - Xact Skate Shop","description":"Bottines EZEEFIT SKINS. Nos nouvelles bottines Ezeefitskins sont un peu plus \u00e9paisses (.087mm) que notre mat\u00e9riau Ultrathin, mais elles sont plus douces et beaucoup plus extensibles.","robots":{"index":"index","follow":"follow","max-snippet":"max-snippet:-1","max-image-preview":"max-image-preview:large","max-video-preview":"max-video-preview:-1"},"canonical":"https:\/\/xactskateshop.com\/fr\/produit\/bottines-ezeefit-skins\/","og_locale":"fr_FR","og_type":"article","og_title":"Bottines EZEEFIT SKINS - Xact Skate Shop","og_description":"Bottines EZEEFIT SKINS. Nos nouvelles bottines Ezeefitskins sont un peu plus \u00e9paisses (.087mm) que notre mat\u00e9riau Ultrathin, mais elles sont plus douces et beaucoup plus extensibles.","og_url":"https:\/\/xactskateshop.com\/fr\/produit\/bottines-ezeefit-skins\/","og_site_name":"Xact Skate Shop","article_publisher":"https:\/\/www.facebook.com\/JeanLouiskateshop","article_modified_time":"2026-02-20T20:11:54+00:00","og_image":[{"width":1000,"height":1000,"url":"https:\/\/xactskateshop.com\/wp-content\/uploads\/2020\/10\/New-skins-ankle-bootie-WEB.jpg","type":"image\/jpeg"}],"twitter_card":"summary_large_image","twitter_misc":{"Dur\u00e9e de lecture estim\u00e9e":"1 minute"},"schema":{"@context":"https:\/\/schema.org","@graph":[{"@type":"WebPage","@id":"https:\/\/xactskateshop.com\/fr\/produit\/bottines-ezeefit-skins\/","url":"https:\/\/xactskateshop.com\/fr\/produit\/bottines-ezeefit-skins\/","name":"Bottines EZEEFIT SKINS - Xact Skate Shop","isPartOf":{"@id":"http:\/\/xactskateshop.com\/fr\/#website"},"primaryImageOfPage":{"@id":"https:\/\/xactskateshop.com\/fr\/produit\/bottines-ezeefit-skins\/#primaryimage"},"image":{"@id":"https:\/\/xactskateshop.com\/fr\/produit\/bottines-ezeefit-skins\/#primaryimage"},"thumbnailUrl":"https:\/\/xactskateshop.com\/wp-content\/uploads\/2020\/10\/New-skins-ankle-bootie-WEB.jpg","datePublished":"2020-10-30T17:39:17+00:00","dateModified":"2026-02-20T20:11:54+00:00","description":"Bottines EZEEFIT SKINS. Nos nouvelles bottines Ezeefitskins sont un peu plus \u00e9paisses (.087mm) que notre mat\u00e9riau Ultrathin, mais elles sont plus douces et beaucoup plus extensibles.","breadcrumb":{"@id":"https:\/\/xactskateshop.com\/fr\/produit\/bottines-ezeefit-skins\/#breadcrumb"},"inLanguage":"fr-FR","potentialAction":[{"@type":"ReadAction","target":["https:\/\/xactskateshop.com\/fr\/produit\/bottines-ezeefit-skins\/"]}]},{"@type":"ImageObject","inLanguage":"fr-FR","@id":"https:\/\/xactskateshop.com\/fr\/produit\/bottines-ezeefit-skins\/#primaryimage","url":"https:\/\/xactskateshop.com\/wp-content\/uploads\/2020\/10\/New-skins-ankle-bootie-WEB.jpg","contentUrl":"https:\/\/xactskateshop.com\/wp-content\/uploads\/2020\/10\/New-skins-ankle-bootie-WEB.jpg","width":1000,"height":1000,"caption":"Ezeefit blister solution skins ankle bootie"},{"@type":"BreadcrumbList","@id":"https:\/\/xactskateshop.com\/fr\/produit\/bottines-ezeefit-skins\/#breadcrumb","itemListElement":[{"@type":"ListItem","position":1,"name":"Home","item":"https:\/\/xactskateshop.com\/fr\/accueil\/"},{"@type":"ListItem","position":2,"name":"Boutique","item":"https:\/\/xactskateshop.com\/shop\/"},{"@type":"ListItem","position":3,"name":"Bottines EZEEFIT SKINS"}]},{"@type":"WebSite","@id":"http:\/\/xactskateshop.com\/fr\/#website","url":"http:\/\/xactskateshop.com\/fr\/","name":"Xact Skate Shop","description":"Un site utilisant WordPress","publisher":{"@id":"http:\/\/xactskateshop.com\/fr\/#organization"},"potentialAction":[{"@type":"SearchAction","target":{"@type":"EntryPoint","urlTemplate":"http:\/\/xactskateshop.com\/fr\/?s={search_term_string}"},"query-input":{"@type":"PropertyValueSpecification","valueRequired":true,"valueName":"search_term_string"}}],"inLanguage":"fr-FR"},{"@type":"Organization","@id":"http:\/\/xactskateshop.com\/fr\/#organization","name":"XACT Skate Shop","url":"http:\/\/xactskateshop.com\/fr\/","logo":{"@type":"ImageObject","inLanguage":"fr-FR","@id":"http:\/\/xactskateshop.com\/fr\/#\/schema\/logo\/image\/","url":"http:\/\/xactskateshop.com\/wp-content\/uploads\/2024\/04\/xactskateshop-dot-com-avec-contour-noir-sans-fond-675x.jpg","contentUrl":"http:\/\/xactskateshop.com\/wp-content\/uploads\/2024\/04\/xactskateshop-dot-com-avec-contour-noir-sans-fond-675x.jpg","width":675,"height":247,"caption":"XACT Skate Shop"},"image":{"@id":"http:\/\/xactskateshop.com\/fr\/#\/schema\/logo\/image\/"},"sameAs":["https:\/\/www.facebook.com\/JeanLouiskateshop"]}]}},"_links":{"self":[{"href":"https:\/\/xactskateshop.com\/fr\/wp-json\/wp\/v2\/product\/63589","targetHints":{"allow":["GET"]}}],"collection":[{"href":"https:\/\/xactskateshop.com\/fr\/wp-json\/wp\/v2\/product"}],"about":[{"href":"https:\/\/xactskateshop.com\/fr\/wp-json\/wp\/v2\/types\/product"}],"replies":[{"embeddable":true,"href":"https:\/\/xactskateshop.com\/fr\/wp-json\/wp\/v2\/comments?post=63589"}],"wp:featuredmedia":[{"embeddable":true,"href":"https:\/\/xactskateshop.com\/fr\/wp-json\/wp\/v2\/media\/28301"}],"wp:attachment":[{"href":"https:\/\/xactskateshop.com\/fr\/wp-json\/wp\/v2\/media?parent=63589"}],"wp:term":[{"taxonomy":"product_brand","embeddable":true,"href":"https:\/\/xactskateshop.com\/fr\/wp-json\/wp\/v2\/product_brand?post=63589"},{"taxonomy":"product_cat","embeddable":true,"href":"https:\/\/xactskateshop.com\/fr\/wp-json\/wp\/v2\/product_cat?post=63589"},{"taxonomy":"product_tag","embeddable":true,"href":"https:\/\/xactskateshop.com\/fr\/wp-json\/wp\/v2\/product_tag?post=63589"}],"curies":[{"name":"wp","href":"https:\/\/api.w.org\/{rel}","templated":true}]}}