{"id":63578,"date":"2020-10-30T11:05:33","date_gmt":"2020-10-30T15:05:33","guid":{"rendered":"http:\/\/xactskateshop.com\/product\/bottines-ezeefit-3mm\/"},"modified":"2025-09-12T15:07:48","modified_gmt":"2025-09-12T19:07:48","slug":"chaussons-ezeefit-3mm","status":"publish","type":"product","link":"https:\/\/xactskateshop.com\/fr\/produit\/chaussons-ezeefit-3mm\/","title":{"rendered":"Bottines EZEEFIT 3mm"},"content":{"rendered":"<h2>Bottines EZEEFIT 3mm<\/h2>\n<p>Les bottines EZEEFIT 3mm sont les plus adapt\u00e9es pour \u00e9viter les ampoules !<\/p>\n<p>&nbsp;<\/p>\n<h3>Caract\u00e9ristiques<\/h3>\n<ul>\n<li>La solution ultime pour les ampoules !<\/li>\n<li>Agit comme une seconde peau,<\/li>\n<li>Cr\u00e9e une barri\u00e8re de frottement,<\/li>\n<li>Excellente performance sur sol sec ou mouill\u00e9,<\/li>\n<li>Lavable et r\u00e9utilisable,<\/li>\n<li>A porter pieds nus ou \u00e0 l&#8217;int\u00e9rieur des chaussettes,<\/li>\n<li>Vendu par paire, le chausson Ezeefit 3mm.<\/li>\n<\/ul>\n<p><span style=\"font-size: 16px; font-style: normal; font-weight: 400;\">La nouvelle <\/span><strong style=\"font-size: 16px; font-style: normal;\">Courbe de confort&#8221; en instance de brevet<\/strong><span style=\"font-size: 16px; font-style: normal; font-weight: 400;\">  s&#8217;adapte \u00e0 votre talon pour un meilleur ajustement, et est maintenant disponible en noir et en 4 tailles ! Fournit un l\u00e9ger rembourrage et s&#8217;adapte \u00e0 vos pieds apr\u00e8s le port. La doublure en microfibre douce adh\u00e8re \u00e0 la peau. Remplit les espaces dans les chaussures l\u00e2ches pour aider \u00e0 emp\u00eacher le soul\u00e8vement du talon. Il suffit de l&#8217;enfiler et c&#8217;est parti !<\/span><\/p>\n<p>&nbsp;<\/p>\n<p>Trouvez nos bottines 2mm <a href=\"http:\/\/xactskateshop.com\/product\/ezeefit-2mm-ankle-booties\/\">ici<\/a><\/p>\n<p>Peut \u00e9galement \u00eatre trouv\u00e9 sur <a href=\"http:\/\/www.bont.ca\">BONT CANADA<\/a><\/p>\n","protected":false},"excerpt":{"rendered":"<p>&nbsp;<\/p>\n<hr>\n<p style=\"text-align: center;\">La nouvelle forme de talon <strong>&#8220;Comfort Curve&#8221;, en instance de brevet,<\/strong> \u00e9pouse les contours de votre talon pour un ajustement encore meilleur, et est maintenant disponible en noir et en 4 tailles ! Le talon est l\u00e9g\u00e8rement rembourr\u00e9 et s&#8217;adapte \u00e0 votre pied apr\u00e8s l&#8217;avoir port\u00e9. La doublure en microfibre douce adh\u00e8re \u00e0 la peau. Remplit les espaces dans les chaussures l\u00e2ches pour aider \u00e0 arr\u00eater le soul\u00e8vement du talon. Il suffit de l&#8217;enfiler et c&#8217;est parti !    <\/p>\n<hr>\n<p>&nbsp;<\/p>\n","protected":false},"featured_media":30071,"comment_status":"open","ping_status":"closed","template":"","meta":{"site-sidebar-layout":"default","site-content-layout":"default","ast-site-content-layout":"default","site-content-style":"default","site-sidebar-style":"default","ast-global-header-display":"","ast-banner-title-visibility":"","ast-main-header-display":"","ast-hfb-above-header-display":"","ast-hfb-below-header-display":"","ast-hfb-mobile-header-display":"","site-post-title":"","ast-breadcrumbs-content":"","ast-featured-img":"","footer-sml-layout":"","theme-transparent-header-meta":"default","adv-header-id-meta":"","stick-header-meta":"","header-above-stick-meta":"","header-main-stick-meta":"","header-below-stick-meta":"","astra-migrate-meta-layouts":"set","ast-page-background-enabled":"default","ast-page-background-meta":{"desktop":{"background-color":"","background-image":"","background-repeat":"repeat","background-position":"center center","background-size":"auto","background-attachment":"scroll","background-type":"","background-media":"","overlay-type":"","overlay-color":"","overlay-opacity":"","overlay-gradient":""},"tablet":{"background-color":"","background-image":"","background-repeat":"repeat","background-position":"center center","background-size":"auto","background-attachment":"scroll","background-type":"","background-media":"","overlay-type":"","overlay-color":"","overlay-opacity":"","overlay-gradient":""},"mobile":{"background-color":"","background-image":"","background-repeat":"repeat","background-position":"center center","background-size":"auto","background-attachment":"scroll","background-type":"","background-media":"","overlay-type":"","overlay-color":"","overlay-opacity":"","overlay-gradient":""}},"ast-content-background-meta":{"desktop":{"background-color":"var(--ast-global-color-5)","background-image":"","background-repeat":"repeat","background-position":"center center","background-size":"auto","background-attachment":"scroll","background-type":"","background-media":"","overlay-type":"","overlay-color":"","overlay-opacity":"","overlay-gradient":""},"tablet":{"background-color":"var(--ast-global-color-5)","background-image":"","background-repeat":"repeat","background-position":"center center","background-size":"auto","background-attachment":"scroll","background-type":"","background-media":"","overlay-type":"","overlay-color":"","overlay-opacity":"","overlay-gradient":""},"mobile":{"background-color":"var(--ast-global-color-5)","background-image":"","background-repeat":"repeat","background-position":"center center","background-size":"auto","background-attachment":"scroll","background-type":"","background-media":"","overlay-type":"","overlay-color":"","overlay-opacity":"","overlay-gradient":""}}},"product_brand":[],"product_cat":[1527,1529,1530,1528,1526],"product_tag":[],"class_list":{"0":"post-63578","1":"product","2":"type-product","3":"status-publish","4":"has-post-thumbnail","6":"product_cat-accessoires-courte-piste","7":"product_cat-accessoires-de-patinage-a-roues-alignees","8":"product_cat-accessoires-pour-patins-a-roulettes","9":"product_cat-ezeefit-fr","10":"product_cat-protege-chevilles-et-chaussettes","11":"desktop-align-center","12":"tablet-align-center","13":"mobile-align-center","14":"ast-product-gallery-layout-horizontal","15":"ast-product-single-variable","16":"ast-product-tabs-layout-horizontal","17":"ast-qv-on-image","19":"first","20":"instock","21":"sale","22":"taxable","23":"shipping-taxable","24":"purchasable","25":"product-type-variable"},"bundled_by":[],"bundle_stock_status":"instock","bundle_stock_quantity":null,"bundle_virtual":false,"bundle_layout":"","bundle_add_to_cart_form_location":"","bundle_editable_in_cart":false,"bundle_sold_individually_context":"","bundle_item_grouping":"","bundle_min_size":"","bundle_max_size":"","bundle_price":[],"bundled_items":[],"bundle_sell_ids":[],"yoast_head":"<!-- This site is optimized with the Yoast SEO plugin v27.4 - https:\/\/yoast.com\/product\/yoast-seo-wordpress\/ -->\n<title>Bottines EZEEFIT 3mm - Xact Skate Shop<\/title>\n<meta name=\"description\" content=\"EZEEFIT 3mm Ankle Booties. La nouvelle forme de talon &quot;Comfort Curve&quot;, en instance de brevet, \u00e9pouse les contours de votre talon pour un meilleur ajustement, et est d\u00e9sormais disponible en noir !\" \/>\n<meta name=\"robots\" content=\"index, follow, max-snippet:-1, max-image-preview:large, max-video-preview:-1\" \/>\n<link rel=\"canonical\" href=\"https:\/\/xactskateshop.com\/fr\/produit\/chaussons-ezeefit-3mm\/\" \/>\n<meta property=\"og:locale\" content=\"fr_FR\" \/>\n<meta property=\"og:type\" content=\"article\" \/>\n<meta property=\"og:title\" content=\"Bottines EZEEFIT 3mm - Xact Skate Shop\" \/>\n<meta property=\"og:description\" content=\"EZEEFIT 3mm Ankle Booties. La nouvelle forme de talon &quot;Comfort Curve&quot;, en instance de brevet, \u00e9pouse les contours de votre talon pour un meilleur ajustement, et est d\u00e9sormais disponible en noir !\" \/>\n<meta property=\"og:url\" content=\"https:\/\/xactskateshop.com\/fr\/produit\/chaussons-ezeefit-3mm\/\" \/>\n<meta property=\"og:site_name\" content=\"Xact Skate Shop\" \/>\n<meta property=\"article:publisher\" content=\"https:\/\/www.facebook.com\/JeanLouiskateshop\" \/>\n<meta property=\"article:modified_time\" content=\"2025-09-12T19:07:48+00:00\" \/>\n<meta property=\"og:image\" content=\"https:\/\/xactskateshop.com\/wp-content\/uploads\/2020\/10\/3mm-black-clean.jpg\" \/>\n\t<meta property=\"og:image:width\" content=\"1000\" \/>\n\t<meta property=\"og:image:height\" content=\"1000\" \/>\n\t<meta property=\"og:image:type\" content=\"image\/jpeg\" \/>\n<meta name=\"twitter:card\" content=\"summary_large_image\" \/>\n<meta name=\"twitter:label1\" content=\"Dur\u00e9e de lecture estim\u00e9e\" \/>\n\t<meta name=\"twitter:data1\" content=\"1 minute\" \/>\n<script type=\"application\/ld+json\" class=\"yoast-schema-graph\">{\"@context\":\"https:\\\/\\\/schema.org\",\"@graph\":[{\"@type\":\"WebPage\",\"@id\":\"https:\\\/\\\/xactskateshop.com\\\/fr\\\/produit\\\/chaussons-ezeefit-3mm\\\/\",\"url\":\"https:\\\/\\\/xactskateshop.com\\\/fr\\\/produit\\\/chaussons-ezeefit-3mm\\\/\",\"name\":\"Bottines EZEEFIT 3mm - Xact Skate Shop\",\"isPartOf\":{\"@id\":\"http:\\\/\\\/xactskateshop.com\\\/fr\\\/#website\"},\"primaryImageOfPage\":{\"@id\":\"https:\\\/\\\/xactskateshop.com\\\/fr\\\/produit\\\/chaussons-ezeefit-3mm\\\/#primaryimage\"},\"image\":{\"@id\":\"https:\\\/\\\/xactskateshop.com\\\/fr\\\/produit\\\/chaussons-ezeefit-3mm\\\/#primaryimage\"},\"thumbnailUrl\":\"https:\\\/\\\/xactskateshop.com\\\/wp-content\\\/uploads\\\/2020\\\/10\\\/3mm-black-clean.jpg\",\"datePublished\":\"2020-10-30T15:05:33+00:00\",\"dateModified\":\"2025-09-12T19:07:48+00:00\",\"description\":\"EZEEFIT 3mm Ankle Booties. La nouvelle forme de talon \\\"Comfort Curve\\\", en instance de brevet, \u00e9pouse les contours de votre talon pour un meilleur ajustement, et est d\u00e9sormais disponible en noir !\",\"breadcrumb\":{\"@id\":\"https:\\\/\\\/xactskateshop.com\\\/fr\\\/produit\\\/chaussons-ezeefit-3mm\\\/#breadcrumb\"},\"inLanguage\":\"fr-FR\",\"potentialAction\":[{\"@type\":\"ReadAction\",\"target\":[\"https:\\\/\\\/xactskateshop.com\\\/fr\\\/produit\\\/chaussons-ezeefit-3mm\\\/\"]}]},{\"@type\":\"ImageObject\",\"inLanguage\":\"fr-FR\",\"@id\":\"https:\\\/\\\/xactskateshop.com\\\/fr\\\/produit\\\/chaussons-ezeefit-3mm\\\/#primaryimage\",\"url\":\"https:\\\/\\\/xactskateshop.com\\\/wp-content\\\/uploads\\\/2020\\\/10\\\/3mm-black-clean.jpg\",\"contentUrl\":\"https:\\\/\\\/xactskateshop.com\\\/wp-content\\\/uploads\\\/2020\\\/10\\\/3mm-black-clean.jpg\",\"width\":1000,\"height\":1000,\"caption\":\"Ezeefit 3mm ankle bootie\"},{\"@type\":\"BreadcrumbList\",\"@id\":\"https:\\\/\\\/xactskateshop.com\\\/fr\\\/produit\\\/chaussons-ezeefit-3mm\\\/#breadcrumb\",\"itemListElement\":[{\"@type\":\"ListItem\",\"position\":1,\"name\":\"Home\",\"item\":\"https:\\\/\\\/xactskateshop.com\\\/fr\\\/accueil\\\/\"},{\"@type\":\"ListItem\",\"position\":2,\"name\":\"Boutique\",\"item\":\"https:\\\/\\\/xactskateshop.com\\\/shop\\\/\"},{\"@type\":\"ListItem\",\"position\":3,\"name\":\"Bottines EZEEFIT 3mm\"}]},{\"@type\":\"WebSite\",\"@id\":\"http:\\\/\\\/xactskateshop.com\\\/fr\\\/#website\",\"url\":\"http:\\\/\\\/xactskateshop.com\\\/fr\\\/\",\"name\":\"Xact Skate Shop\",\"description\":\"Un site utilisant WordPress\",\"publisher\":{\"@id\":\"http:\\\/\\\/xactskateshop.com\\\/fr\\\/#organization\"},\"potentialAction\":[{\"@type\":\"SearchAction\",\"target\":{\"@type\":\"EntryPoint\",\"urlTemplate\":\"http:\\\/\\\/xactskateshop.com\\\/fr\\\/?s={search_term_string}\"},\"query-input\":{\"@type\":\"PropertyValueSpecification\",\"valueRequired\":true,\"valueName\":\"search_term_string\"}}],\"inLanguage\":\"fr-FR\"},{\"@type\":\"Organization\",\"@id\":\"http:\\\/\\\/xactskateshop.com\\\/fr\\\/#organization\",\"name\":\"XACT Skate Shop\",\"url\":\"http:\\\/\\\/xactskateshop.com\\\/fr\\\/\",\"logo\":{\"@type\":\"ImageObject\",\"inLanguage\":\"fr-FR\",\"@id\":\"http:\\\/\\\/xactskateshop.com\\\/fr\\\/#\\\/schema\\\/logo\\\/image\\\/\",\"url\":\"http:\\\/\\\/xactskateshop.com\\\/wp-content\\\/uploads\\\/2024\\\/04\\\/xactskateshop-dot-com-avec-contour-noir-sans-fond-675x.jpg\",\"contentUrl\":\"http:\\\/\\\/xactskateshop.com\\\/wp-content\\\/uploads\\\/2024\\\/04\\\/xactskateshop-dot-com-avec-contour-noir-sans-fond-675x.jpg\",\"width\":675,\"height\":247,\"caption\":\"XACT Skate Shop\"},\"image\":{\"@id\":\"http:\\\/\\\/xactskateshop.com\\\/fr\\\/#\\\/schema\\\/logo\\\/image\\\/\"},\"sameAs\":[\"https:\\\/\\\/www.facebook.com\\\/JeanLouiskateshop\"]}]}<\/script>\n<!-- \/ Yoast SEO plugin. -->","yoast_head_json":{"title":"Bottines EZEEFIT 3mm - Xact Skate Shop","description":"EZEEFIT 3mm Ankle Booties. La nouvelle forme de talon \"Comfort Curve\", en instance de brevet, \u00e9pouse les contours de votre talon pour un meilleur ajustement, et est d\u00e9sormais disponible en noir !","robots":{"index":"index","follow":"follow","max-snippet":"max-snippet:-1","max-image-preview":"max-image-preview:large","max-video-preview":"max-video-preview:-1"},"canonical":"https:\/\/xactskateshop.com\/fr\/produit\/chaussons-ezeefit-3mm\/","og_locale":"fr_FR","og_type":"article","og_title":"Bottines EZEEFIT 3mm - Xact Skate Shop","og_description":"EZEEFIT 3mm Ankle Booties. La nouvelle forme de talon \"Comfort Curve\", en instance de brevet, \u00e9pouse les contours de votre talon pour un meilleur ajustement, et est d\u00e9sormais disponible en noir !","og_url":"https:\/\/xactskateshop.com\/fr\/produit\/chaussons-ezeefit-3mm\/","og_site_name":"Xact Skate Shop","article_publisher":"https:\/\/www.facebook.com\/JeanLouiskateshop","article_modified_time":"2025-09-12T19:07:48+00:00","og_image":[{"width":1000,"height":1000,"url":"https:\/\/xactskateshop.com\/wp-content\/uploads\/2020\/10\/3mm-black-clean.jpg","type":"image\/jpeg"}],"twitter_card":"summary_large_image","twitter_misc":{"Dur\u00e9e de lecture estim\u00e9e":"1 minute"},"schema":{"@context":"https:\/\/schema.org","@graph":[{"@type":"WebPage","@id":"https:\/\/xactskateshop.com\/fr\/produit\/chaussons-ezeefit-3mm\/","url":"https:\/\/xactskateshop.com\/fr\/produit\/chaussons-ezeefit-3mm\/","name":"Bottines EZEEFIT 3mm - Xact Skate Shop","isPartOf":{"@id":"http:\/\/xactskateshop.com\/fr\/#website"},"primaryImageOfPage":{"@id":"https:\/\/xactskateshop.com\/fr\/produit\/chaussons-ezeefit-3mm\/#primaryimage"},"image":{"@id":"https:\/\/xactskateshop.com\/fr\/produit\/chaussons-ezeefit-3mm\/#primaryimage"},"thumbnailUrl":"https:\/\/xactskateshop.com\/wp-content\/uploads\/2020\/10\/3mm-black-clean.jpg","datePublished":"2020-10-30T15:05:33+00:00","dateModified":"2025-09-12T19:07:48+00:00","description":"EZEEFIT 3mm Ankle Booties. La nouvelle forme de talon \"Comfort Curve\", en instance de brevet, \u00e9pouse les contours de votre talon pour un meilleur ajustement, et est d\u00e9sormais disponible en noir !","breadcrumb":{"@id":"https:\/\/xactskateshop.com\/fr\/produit\/chaussons-ezeefit-3mm\/#breadcrumb"},"inLanguage":"fr-FR","potentialAction":[{"@type":"ReadAction","target":["https:\/\/xactskateshop.com\/fr\/produit\/chaussons-ezeefit-3mm\/"]}]},{"@type":"ImageObject","inLanguage":"fr-FR","@id":"https:\/\/xactskateshop.com\/fr\/produit\/chaussons-ezeefit-3mm\/#primaryimage","url":"https:\/\/xactskateshop.com\/wp-content\/uploads\/2020\/10\/3mm-black-clean.jpg","contentUrl":"https:\/\/xactskateshop.com\/wp-content\/uploads\/2020\/10\/3mm-black-clean.jpg","width":1000,"height":1000,"caption":"Ezeefit 3mm ankle bootie"},{"@type":"BreadcrumbList","@id":"https:\/\/xactskateshop.com\/fr\/produit\/chaussons-ezeefit-3mm\/#breadcrumb","itemListElement":[{"@type":"ListItem","position":1,"name":"Home","item":"https:\/\/xactskateshop.com\/fr\/accueil\/"},{"@type":"ListItem","position":2,"name":"Boutique","item":"https:\/\/xactskateshop.com\/shop\/"},{"@type":"ListItem","position":3,"name":"Bottines EZEEFIT 3mm"}]},{"@type":"WebSite","@id":"http:\/\/xactskateshop.com\/fr\/#website","url":"http:\/\/xactskateshop.com\/fr\/","name":"Xact Skate Shop","description":"Un site utilisant WordPress","publisher":{"@id":"http:\/\/xactskateshop.com\/fr\/#organization"},"potentialAction":[{"@type":"SearchAction","target":{"@type":"EntryPoint","urlTemplate":"http:\/\/xactskateshop.com\/fr\/?s={search_term_string}"},"query-input":{"@type":"PropertyValueSpecification","valueRequired":true,"valueName":"search_term_string"}}],"inLanguage":"fr-FR"},{"@type":"Organization","@id":"http:\/\/xactskateshop.com\/fr\/#organization","name":"XACT Skate Shop","url":"http:\/\/xactskateshop.com\/fr\/","logo":{"@type":"ImageObject","inLanguage":"fr-FR","@id":"http:\/\/xactskateshop.com\/fr\/#\/schema\/logo\/image\/","url":"http:\/\/xactskateshop.com\/wp-content\/uploads\/2024\/04\/xactskateshop-dot-com-avec-contour-noir-sans-fond-675x.jpg","contentUrl":"http:\/\/xactskateshop.com\/wp-content\/uploads\/2024\/04\/xactskateshop-dot-com-avec-contour-noir-sans-fond-675x.jpg","width":675,"height":247,"caption":"XACT Skate Shop"},"image":{"@id":"http:\/\/xactskateshop.com\/fr\/#\/schema\/logo\/image\/"},"sameAs":["https:\/\/www.facebook.com\/JeanLouiskateshop"]}]}},"_links":{"self":[{"href":"https:\/\/xactskateshop.com\/fr\/wp-json\/wp\/v2\/product\/63578","targetHints":{"allow":["GET"]}}],"collection":[{"href":"https:\/\/xactskateshop.com\/fr\/wp-json\/wp\/v2\/product"}],"about":[{"href":"https:\/\/xactskateshop.com\/fr\/wp-json\/wp\/v2\/types\/product"}],"replies":[{"embeddable":true,"href":"https:\/\/xactskateshop.com\/fr\/wp-json\/wp\/v2\/comments?post=63578"}],"wp:featuredmedia":[{"embeddable":true,"href":"https:\/\/xactskateshop.com\/fr\/wp-json\/wp\/v2\/media\/30071"}],"wp:attachment":[{"href":"https:\/\/xactskateshop.com\/fr\/wp-json\/wp\/v2\/media?parent=63578"}],"wp:term":[{"taxonomy":"product_brand","embeddable":true,"href":"https:\/\/xactskateshop.com\/fr\/wp-json\/wp\/v2\/product_brand?post=63578"},{"taxonomy":"product_cat","embeddable":true,"href":"https:\/\/xactskateshop.com\/fr\/wp-json\/wp\/v2\/product_cat?post=63578"},{"taxonomy":"product_tag","embeddable":true,"href":"https:\/\/xactskateshop.com\/fr\/wp-json\/wp\/v2\/product_tag?post=63578"}],"curies":[{"name":"wp","href":"https:\/\/api.w.org\/{rel}","templated":true}]}}