{"id":63464,"date":"2023-03-23T16:21:51","date_gmt":"2023-03-23T20:21:51","guid":{"rendered":"http:\/\/xactskateshop.com\/product\/bont-mb-patriot-v2-ultrasprint-package\/"},"modified":"2026-03-19T14:16:48","modified_gmt":"2026-03-19T18:16:48","slug":"bont-mb-patriot-v2-ultrasprint-package","status":"publish","type":"product","link":"https:\/\/xactskateshop.com\/fr\/produit\/bont-mb-patriot-v2-ultrasprint-package\/","title":{"rendered":"BONT MB Patriot V2\/Ultrasprint Package"},"content":{"rendered":"<h5>Ensemble Ultrasprint Patriot V2 bleu nuit<\/h5>\n<p>Le BONT MB Patriot V2\/Ultrasprint Package est notre patin \u00e0 glace courte piste d&#8217;entr\u00e9e de gamme qui offre un rapport qualit\u00e9-prix exceptionnel. Une base en carbone pos\u00e9e \u00e0 la main donne une chaussure super rigide qui est enti\u00e8rement thermoformable gr\u00e2ce \u00e0 une r\u00e9sine \u00e9poxy thermodurcissable. Associ\u00e9e \u00e0 la forme anatomique de la botte et \u00e0 la mousse \u00e0 m\u00e9moire de forme haute densit\u00e9, cette botte est d&#8217;une valeur in\u00e9gal\u00e9e.<\/p>\n<h3><strong>Les nouvelles fonctionnalit\u00e9s sont les suivantes<\/strong><\/h3>\n<ul>\n<li>La production a \u00e9t\u00e9 am\u00e9lior\u00e9e pour obtenir une botte en une seule pi\u00e8ce,<\/li>\n<li>Le brassard est plus haut et son angle a \u00e9t\u00e9 modifi\u00e9,<\/li>\n<li>Rembourrage plus \u00e9pais au niveau du col,<\/li>\n<li>Plus de carbone dans la base de la botte,<\/li>\n<li>Doublure en daim.<\/li>\n<\/ul>\n<h3><strong>Caract\u00e9ristiques de la botte Patriot V2 :<\/strong><\/h3>\n<ul>\n<li><strong>Base :<\/strong> Carbone composite pos\u00e9 \u00e0 la main<\/li>\n<li><strong>Rev\u00eatement ext\u00e9rieur :<\/strong> Microfibre<\/li>\n<li><strong>Doublure :<\/strong> Microfibre<\/li>\n<li><strong>Semelle int\u00e9rieure :<\/strong> Microfibre<\/li>\n<li><strong>Thermo-moulable :<\/strong> Base enti\u00e8rement thermo-moulable utilisant une r\u00e9sine \u00e9poxy thermodurcissable.<\/li>\n<li><strong>Rembourrage :<\/strong> Mousse \u00e0 m\u00e9moire de forme haute densit\u00e9<\/li>\n<li><strong>Options de fermeture :<\/strong> 2 sangles velcro r\u00e9glables + lacet Options de taille : 9\/27 &#8211; 13.5\/51<\/li>\n<li><strong>Options de montage :<\/strong> Standard<\/li>\n<\/ul>\n<p>La lame ULTRASPRINT de l&#8217;ensemble BONT MB Patriot V2\/Ultrasprint a pour but d&#8217;affronter la concurrence et de la surpasser dans tous les domaines. Cela comprend l&#8217;utilisation d&#8217;un acier de meilleure qualit\u00e9, un polissage brillant, une courbure parfaite, une meilleure r\u00e9tention de la courbure et des graphiques impressionnants pour compl\u00e9ter le look. Le tout \u00e0 un prix incroyable.<\/p>\n<h3><strong>Caract\u00e9ristiques de la lame Ultrasprint :<\/strong><\/h3>\n<ul>\n<li><strong>Mat\u00e9riau du tube : <\/strong>6061 T6<\/li>\n<li><strong>Mat\u00e9riau de la coupelle :<\/strong> Aluminium 7075 T6<\/li>\n<li><strong>Rayon :<\/strong> 8m<\/li>\n<li><strong>Longueur :<\/strong> 12\u2033, 13\u2033, 14\u2033, 14.5\u2033, 15\u2033, 15.5\u2033, 16\u2033, 16.5\u2033, 17\u2033.<\/li>\n<li><strong>\u00c9paisseur de la lame : <\/strong>1,1 mm<\/li>\n<li><strong>Duret\u00e9 :<\/strong> 58 Rockwell<\/li>\n<li><strong>Cintrage :<\/strong> Cintrage \u00e0 la machine<\/li>\n<li style=\"text-align: left;\"><strong>Bascule :<\/strong> ST-3<\/li>\n<\/ul>\n<h6><span style=\"color: #ff0000;\">Pr\u00e9paration des lames : Nous r\u00e9alisons un rocker progressif ST-3 sur ces lames.<\/span><span style=\"color: #0000ff;\"> <a style=\"color: #0000ff;\" href=\"https:\/\/xactskateshop.com\/fr\/produit\/berceau-sur-lame-de-courte-piste\/\">(voir les num\u00e9ros ici)<\/a> <\/span><span style=\"color: #ff0000;\">ainsi que le bend correspondant<\/span><\/h6>\n<p>D&#8217;autres couleurs sont disponibles <a href=\"http:\/\/xactskateshop.com\/product\/patriot-ultrasprint-package-bont-patriot-version-2-ultrasprint-ultrasprint-blades-package\/\">ici<\/a><\/p>\n<p>Trouvez votre taille de bont <a href=\"https:\/\/canada.bont.com\/pages\/sizing\">ici !<\/a><\/p>\n","protected":false},"excerpt":{"rendered":"<h4 style=\"text-align: center;\"><\/h4>\n<hr \/>\n<p style=\"text-align: center;\"><strong style=\"font-size: 16px; font-style: normal;\">****** veuillez nous contacter \u00e0 info@xactskateshop.com pour conna\u00eetre la disponibilit\u00e9 de la taille avant de passer commande pour une mise \u00e0 jour pr\u00e9cise******<\/strong><\/p>\n<hr \/>\n<p>&nbsp;<\/p>\n","protected":false},"featured_media":30102,"comment_status":"open","ping_status":"closed","template":"","meta":{"site-sidebar-layout":"default","site-content-layout":"default","ast-site-content-layout":"default","site-content-style":"default","site-sidebar-style":"default","ast-global-header-display":"","ast-banner-title-visibility":"","ast-main-header-display":"","ast-hfb-above-header-display":"","ast-hfb-below-header-display":"","ast-hfb-mobile-header-display":"","site-post-title":"","ast-breadcrumbs-content":"","ast-featured-img":"","footer-sml-layout":"","theme-transparent-header-meta":"default","adv-header-id-meta":"","stick-header-meta":"","header-above-stick-meta":"","header-main-stick-meta":"","header-below-stick-meta":"","astra-migrate-meta-layouts":"set","ast-page-background-enabled":"default","ast-page-background-meta":{"desktop":{"background-color":"","background-image":"","background-repeat":"repeat","background-position":"center center","background-size":"auto","background-attachment":"scroll","background-type":"","background-media":"","overlay-type":"","overlay-color":"","overlay-opacity":"","overlay-gradient":""},"tablet":{"background-color":"","background-image":"","background-repeat":"repeat","background-position":"center center","background-size":"auto","background-attachment":"scroll","background-type":"","background-media":"","overlay-type":"","overlay-color":"","overlay-opacity":"","overlay-gradient":""},"mobile":{"background-color":"","background-image":"","background-repeat":"repeat","background-position":"center center","background-size":"auto","background-attachment":"scroll","background-type":"","background-media":"","overlay-type":"","overlay-color":"","overlay-opacity":"","overlay-gradient":""}},"ast-content-background-meta":{"desktop":{"background-color":"var(--ast-global-color-5)","background-image":"","background-repeat":"repeat","background-position":"center center","background-size":"auto","background-attachment":"scroll","background-type":"","background-media":"","overlay-type":"","overlay-color":"","overlay-opacity":"","overlay-gradient":""},"tablet":{"background-color":"var(--ast-global-color-5)","background-image":"","background-repeat":"repeat","background-position":"center center","background-size":"auto","background-attachment":"scroll","background-type":"","background-media":"","overlay-type":"","overlay-color":"","overlay-opacity":"","overlay-gradient":""},"mobile":{"background-color":"var(--ast-global-color-5)","background-image":"","background-repeat":"repeat","background-position":"center center","background-size":"auto","background-attachment":"scroll","background-type":"","background-media":"","overlay-type":"","overlay-color":"","overlay-opacity":"","overlay-gradient":""}}},"product_brand":[],"product_cat":[1354,1355,1353],"product_tag":[2298,1391,1385,1356,1389,1784,1386,1387,1388,1403,1885],"class_list":{"0":"post-63464","1":"product","2":"type-product","3":"status-publish","4":"has-post-thumbnail","6":"product_cat-courte-piste","7":"product_cat-ensembles-bottines-et-lames-courte-piste","8":"product_cat-patinage-de-vitesse","9":"product_tag-base-thermo-moulable","10":"product_tag-botte-en-carbone","11":"product_tag-boutique-xactskate","12":"product_tag-courte-piste-fr","13":"product_tag-lames-bont-fr","14":"product_tag-materiel-de-sport","15":"product_tag-paquet","16":"product_tag-paquet-bont","17":"product_tag-paquet-court-circuit","18":"product_tag-patinage-de-vitesse","19":"product_tag-sports-fr","20":"desktop-align-center","21":"tablet-align-center","22":"mobile-align-center","23":"ast-product-gallery-layout-horizontal","24":"ast-product-single-variable","25":"ast-product-tabs-layout-horizontal","26":"ast-qv-on-image","28":"first","29":"instock","30":"sale","31":"taxable","32":"shipping-taxable","33":"purchasable","34":"product-type-variable"},"bundled_by":[],"bundle_stock_status":"instock","bundle_stock_quantity":null,"bundle_virtual":false,"bundle_layout":"","bundle_add_to_cart_form_location":"","bundle_editable_in_cart":false,"bundle_sold_individually_context":"","bundle_item_grouping":"","bundle_min_size":"","bundle_max_size":"","bundle_price":[],"bundled_items":[],"bundle_sell_ids":[],"yoast_head":"<!-- This site is optimized with the Yoast SEO plugin v27.4 - https:\/\/yoast.com\/product\/yoast-seo-wordpress\/ -->\n<title>BONT MB Patriot V2\/Ultrasprint Package - Xact Skate Shop.<\/title>\n<meta name=\"description\" content=\"BONT MB Patriot V2\/Ultrasprint Package. Notre patin \u00e0 glace courte piste d&#039;entr\u00e9e de gamme qui offre un rapport qualit\u00e9-prix exceptionnel.\" \/>\n<meta name=\"robots\" content=\"index, follow, max-snippet:-1, max-image-preview:large, max-video-preview:-1\" \/>\n<link rel=\"canonical\" href=\"https:\/\/xactskateshop.com\/fr\/produit\/bont-mb-patriot-v2-ultrasprint-package\/\" \/>\n<meta property=\"og:locale\" content=\"fr_FR\" \/>\n<meta property=\"og:type\" content=\"article\" \/>\n<meta property=\"og:title\" content=\"BONT MB Patriot V2\/Ultrasprint Package - Xact Skate Shop.\" \/>\n<meta property=\"og:description\" content=\"BONT MB Patriot V2\/Ultrasprint Package. Notre patin \u00e0 glace courte piste d&#039;entr\u00e9e de gamme qui offre un rapport qualit\u00e9-prix exceptionnel.\" \/>\n<meta property=\"og:url\" content=\"https:\/\/xactskateshop.com\/fr\/produit\/bont-mb-patriot-v2-ultrasprint-package\/\" \/>\n<meta property=\"og:site_name\" content=\"Xact Skate Shop\" \/>\n<meta property=\"article:publisher\" content=\"https:\/\/www.facebook.com\/JeanLouiskateshop\" \/>\n<meta property=\"article:modified_time\" content=\"2026-03-19T18:16:48+00:00\" \/>\n<meta property=\"og:image\" content=\"https:\/\/xactskateshop.com\/wp-content\/uploads\/2023\/03\/patriot-V2-MB-ultrasprint-1.jpg\" \/>\n\t<meta property=\"og:image:width\" content=\"1000\" \/>\n\t<meta property=\"og:image:height\" content=\"1000\" \/>\n\t<meta property=\"og:image:type\" content=\"image\/jpeg\" \/>\n<meta name=\"twitter:card\" content=\"summary_large_image\" \/>\n<meta name=\"twitter:label1\" content=\"Dur\u00e9e de lecture estim\u00e9e\" \/>\n\t<meta name=\"twitter:data1\" content=\"2 minutes\" \/>\n<script type=\"application\/ld+json\" class=\"yoast-schema-graph\">{\"@context\":\"https:\\\/\\\/schema.org\",\"@graph\":[{\"@type\":\"WebPage\",\"@id\":\"https:\\\/\\\/xactskateshop.com\\\/fr\\\/produit\\\/bont-mb-patriot-v2-ultrasprint-package\\\/\",\"url\":\"https:\\\/\\\/xactskateshop.com\\\/fr\\\/produit\\\/bont-mb-patriot-v2-ultrasprint-package\\\/\",\"name\":\"BONT MB Patriot V2\\\/Ultrasprint Package - Xact Skate Shop.\",\"isPartOf\":{\"@id\":\"http:\\\/\\\/xactskateshop.com\\\/fr\\\/#website\"},\"primaryImageOfPage\":{\"@id\":\"https:\\\/\\\/xactskateshop.com\\\/fr\\\/produit\\\/bont-mb-patriot-v2-ultrasprint-package\\\/#primaryimage\"},\"image\":{\"@id\":\"https:\\\/\\\/xactskateshop.com\\\/fr\\\/produit\\\/bont-mb-patriot-v2-ultrasprint-package\\\/#primaryimage\"},\"thumbnailUrl\":\"https:\\\/\\\/xactskateshop.com\\\/wp-content\\\/uploads\\\/2023\\\/03\\\/patriot-V2-MB-ultrasprint-1.jpg\",\"datePublished\":\"2023-03-23T20:21:51+00:00\",\"dateModified\":\"2026-03-19T18:16:48+00:00\",\"description\":\"BONT MB Patriot V2\\\/Ultrasprint Package. Notre patin \u00e0 glace courte piste d'entr\u00e9e de gamme qui offre un rapport qualit\u00e9-prix exceptionnel.\",\"breadcrumb\":{\"@id\":\"https:\\\/\\\/xactskateshop.com\\\/fr\\\/produit\\\/bont-mb-patriot-v2-ultrasprint-package\\\/#breadcrumb\"},\"inLanguage\":\"fr-FR\",\"potentialAction\":[{\"@type\":\"ReadAction\",\"target\":[\"https:\\\/\\\/xactskateshop.com\\\/fr\\\/produit\\\/bont-mb-patriot-v2-ultrasprint-package\\\/\"]}]},{\"@type\":\"ImageObject\",\"inLanguage\":\"fr-FR\",\"@id\":\"https:\\\/\\\/xactskateshop.com\\\/fr\\\/produit\\\/bont-mb-patriot-v2-ultrasprint-package\\\/#primaryimage\",\"url\":\"https:\\\/\\\/xactskateshop.com\\\/wp-content\\\/uploads\\\/2023\\\/03\\\/patriot-V2-MB-ultrasprint-1.jpg\",\"contentUrl\":\"https:\\\/\\\/xactskateshop.com\\\/wp-content\\\/uploads\\\/2023\\\/03\\\/patriot-V2-MB-ultrasprint-1.jpg\",\"width\":1000,\"height\":1000,\"caption\":\"Exif_JPEG_PICTURE\"},{\"@type\":\"BreadcrumbList\",\"@id\":\"https:\\\/\\\/xactskateshop.com\\\/fr\\\/produit\\\/bont-mb-patriot-v2-ultrasprint-package\\\/#breadcrumb\",\"itemListElement\":[{\"@type\":\"ListItem\",\"position\":1,\"name\":\"Home\",\"item\":\"https:\\\/\\\/xactskateshop.com\\\/fr\\\/accueil\\\/\"},{\"@type\":\"ListItem\",\"position\":2,\"name\":\"Boutique\",\"item\":\"https:\\\/\\\/xactskateshop.com\\\/shop\\\/\"},{\"@type\":\"ListItem\",\"position\":3,\"name\":\"BONT MB Patriot V2\\\/Ultrasprint Package\"}]},{\"@type\":\"WebSite\",\"@id\":\"http:\\\/\\\/xactskateshop.com\\\/fr\\\/#website\",\"url\":\"http:\\\/\\\/xactskateshop.com\\\/fr\\\/\",\"name\":\"Xact Skate Shop\",\"description\":\"Un site utilisant WordPress\",\"publisher\":{\"@id\":\"http:\\\/\\\/xactskateshop.com\\\/fr\\\/#organization\"},\"potentialAction\":[{\"@type\":\"SearchAction\",\"target\":{\"@type\":\"EntryPoint\",\"urlTemplate\":\"http:\\\/\\\/xactskateshop.com\\\/fr\\\/?s={search_term_string}\"},\"query-input\":{\"@type\":\"PropertyValueSpecification\",\"valueRequired\":true,\"valueName\":\"search_term_string\"}}],\"inLanguage\":\"fr-FR\"},{\"@type\":\"Organization\",\"@id\":\"http:\\\/\\\/xactskateshop.com\\\/fr\\\/#organization\",\"name\":\"XACT Skate Shop\",\"url\":\"http:\\\/\\\/xactskateshop.com\\\/fr\\\/\",\"logo\":{\"@type\":\"ImageObject\",\"inLanguage\":\"fr-FR\",\"@id\":\"http:\\\/\\\/xactskateshop.com\\\/fr\\\/#\\\/schema\\\/logo\\\/image\\\/\",\"url\":\"http:\\\/\\\/xactskateshop.com\\\/wp-content\\\/uploads\\\/2024\\\/04\\\/xactskateshop-dot-com-avec-contour-noir-sans-fond-675x.jpg\",\"contentUrl\":\"http:\\\/\\\/xactskateshop.com\\\/wp-content\\\/uploads\\\/2024\\\/04\\\/xactskateshop-dot-com-avec-contour-noir-sans-fond-675x.jpg\",\"width\":675,\"height\":247,\"caption\":\"XACT Skate Shop\"},\"image\":{\"@id\":\"http:\\\/\\\/xactskateshop.com\\\/fr\\\/#\\\/schema\\\/logo\\\/image\\\/\"},\"sameAs\":[\"https:\\\/\\\/www.facebook.com\\\/JeanLouiskateshop\"]}]}<\/script>\n<!-- \/ Yoast SEO plugin. -->","yoast_head_json":{"title":"BONT MB Patriot V2\/Ultrasprint Package - Xact Skate Shop.","description":"BONT MB Patriot V2\/Ultrasprint Package. Notre patin \u00e0 glace courte piste d'entr\u00e9e de gamme qui offre un rapport qualit\u00e9-prix exceptionnel.","robots":{"index":"index","follow":"follow","max-snippet":"max-snippet:-1","max-image-preview":"max-image-preview:large","max-video-preview":"max-video-preview:-1"},"canonical":"https:\/\/xactskateshop.com\/fr\/produit\/bont-mb-patriot-v2-ultrasprint-package\/","og_locale":"fr_FR","og_type":"article","og_title":"BONT MB Patriot V2\/Ultrasprint Package - Xact Skate Shop.","og_description":"BONT MB Patriot V2\/Ultrasprint Package. Notre patin \u00e0 glace courte piste d'entr\u00e9e de gamme qui offre un rapport qualit\u00e9-prix exceptionnel.","og_url":"https:\/\/xactskateshop.com\/fr\/produit\/bont-mb-patriot-v2-ultrasprint-package\/","og_site_name":"Xact Skate Shop","article_publisher":"https:\/\/www.facebook.com\/JeanLouiskateshop","article_modified_time":"2026-03-19T18:16:48+00:00","og_image":[{"width":1000,"height":1000,"url":"https:\/\/xactskateshop.com\/wp-content\/uploads\/2023\/03\/patriot-V2-MB-ultrasprint-1.jpg","type":"image\/jpeg"}],"twitter_card":"summary_large_image","twitter_misc":{"Dur\u00e9e de lecture estim\u00e9e":"2 minutes"},"schema":{"@context":"https:\/\/schema.org","@graph":[{"@type":"WebPage","@id":"https:\/\/xactskateshop.com\/fr\/produit\/bont-mb-patriot-v2-ultrasprint-package\/","url":"https:\/\/xactskateshop.com\/fr\/produit\/bont-mb-patriot-v2-ultrasprint-package\/","name":"BONT MB Patriot V2\/Ultrasprint Package - Xact Skate Shop.","isPartOf":{"@id":"http:\/\/xactskateshop.com\/fr\/#website"},"primaryImageOfPage":{"@id":"https:\/\/xactskateshop.com\/fr\/produit\/bont-mb-patriot-v2-ultrasprint-package\/#primaryimage"},"image":{"@id":"https:\/\/xactskateshop.com\/fr\/produit\/bont-mb-patriot-v2-ultrasprint-package\/#primaryimage"},"thumbnailUrl":"https:\/\/xactskateshop.com\/wp-content\/uploads\/2023\/03\/patriot-V2-MB-ultrasprint-1.jpg","datePublished":"2023-03-23T20:21:51+00:00","dateModified":"2026-03-19T18:16:48+00:00","description":"BONT MB Patriot V2\/Ultrasprint Package. Notre patin \u00e0 glace courte piste d'entr\u00e9e de gamme qui offre un rapport qualit\u00e9-prix exceptionnel.","breadcrumb":{"@id":"https:\/\/xactskateshop.com\/fr\/produit\/bont-mb-patriot-v2-ultrasprint-package\/#breadcrumb"},"inLanguage":"fr-FR","potentialAction":[{"@type":"ReadAction","target":["https:\/\/xactskateshop.com\/fr\/produit\/bont-mb-patriot-v2-ultrasprint-package\/"]}]},{"@type":"ImageObject","inLanguage":"fr-FR","@id":"https:\/\/xactskateshop.com\/fr\/produit\/bont-mb-patriot-v2-ultrasprint-package\/#primaryimage","url":"https:\/\/xactskateshop.com\/wp-content\/uploads\/2023\/03\/patriot-V2-MB-ultrasprint-1.jpg","contentUrl":"https:\/\/xactskateshop.com\/wp-content\/uploads\/2023\/03\/patriot-V2-MB-ultrasprint-1.jpg","width":1000,"height":1000,"caption":"Exif_JPEG_PICTURE"},{"@type":"BreadcrumbList","@id":"https:\/\/xactskateshop.com\/fr\/produit\/bont-mb-patriot-v2-ultrasprint-package\/#breadcrumb","itemListElement":[{"@type":"ListItem","position":1,"name":"Home","item":"https:\/\/xactskateshop.com\/fr\/accueil\/"},{"@type":"ListItem","position":2,"name":"Boutique","item":"https:\/\/xactskateshop.com\/shop\/"},{"@type":"ListItem","position":3,"name":"BONT MB Patriot V2\/Ultrasprint Package"}]},{"@type":"WebSite","@id":"http:\/\/xactskateshop.com\/fr\/#website","url":"http:\/\/xactskateshop.com\/fr\/","name":"Xact Skate Shop","description":"Un site utilisant WordPress","publisher":{"@id":"http:\/\/xactskateshop.com\/fr\/#organization"},"potentialAction":[{"@type":"SearchAction","target":{"@type":"EntryPoint","urlTemplate":"http:\/\/xactskateshop.com\/fr\/?s={search_term_string}"},"query-input":{"@type":"PropertyValueSpecification","valueRequired":true,"valueName":"search_term_string"}}],"inLanguage":"fr-FR"},{"@type":"Organization","@id":"http:\/\/xactskateshop.com\/fr\/#organization","name":"XACT Skate Shop","url":"http:\/\/xactskateshop.com\/fr\/","logo":{"@type":"ImageObject","inLanguage":"fr-FR","@id":"http:\/\/xactskateshop.com\/fr\/#\/schema\/logo\/image\/","url":"http:\/\/xactskateshop.com\/wp-content\/uploads\/2024\/04\/xactskateshop-dot-com-avec-contour-noir-sans-fond-675x.jpg","contentUrl":"http:\/\/xactskateshop.com\/wp-content\/uploads\/2024\/04\/xactskateshop-dot-com-avec-contour-noir-sans-fond-675x.jpg","width":675,"height":247,"caption":"XACT Skate Shop"},"image":{"@id":"http:\/\/xactskateshop.com\/fr\/#\/schema\/logo\/image\/"},"sameAs":["https:\/\/www.facebook.com\/JeanLouiskateshop"]}]}},"_links":{"self":[{"href":"https:\/\/xactskateshop.com\/fr\/wp-json\/wp\/v2\/product\/63464","targetHints":{"allow":["GET"]}}],"collection":[{"href":"https:\/\/xactskateshop.com\/fr\/wp-json\/wp\/v2\/product"}],"about":[{"href":"https:\/\/xactskateshop.com\/fr\/wp-json\/wp\/v2\/types\/product"}],"replies":[{"embeddable":true,"href":"https:\/\/xactskateshop.com\/fr\/wp-json\/wp\/v2\/comments?post=63464"}],"wp:featuredmedia":[{"embeddable":true,"href":"https:\/\/xactskateshop.com\/fr\/wp-json\/wp\/v2\/media\/30102"}],"wp:attachment":[{"href":"https:\/\/xactskateshop.com\/fr\/wp-json\/wp\/v2\/media?parent=63464"}],"wp:term":[{"taxonomy":"product_brand","embeddable":true,"href":"https:\/\/xactskateshop.com\/fr\/wp-json\/wp\/v2\/product_brand?post=63464"},{"taxonomy":"product_cat","embeddable":true,"href":"https:\/\/xactskateshop.com\/fr\/wp-json\/wp\/v2\/product_cat?post=63464"},{"taxonomy":"product_tag","embeddable":true,"href":"https:\/\/xactskateshop.com\/fr\/wp-json\/wp\/v2\/product_tag?post=63464"}],"curies":[{"name":"wp","href":"https:\/\/api.w.org\/{rel}","templated":true}]}}