{"id":61663,"date":"2023-03-29T10:59:29","date_gmt":"2023-03-29T14:59:29","guid":{"rendered":"http:\/\/xactskateshop.com\/product\/bont-semi-race-111-125mm-3-roues-inline-skates\/"},"modified":"2025-10-16T18:09:03","modified_gmt":"2025-10-16T22:09:03","slug":"bont-semi-race-111-125mm-3-roues-inline-skates","status":"publish","type":"product","link":"https:\/\/xactskateshop.com\/fr\/produit\/bont-semi-race-111-125mm-3-roues-inline-skates\/","title":{"rendered":"Patins BONT Semi-Race 111 3x125mm"},"content":{"rendered":"<p>Patins BONT Semi-Race 111 3x125mm<\/p>\n<p><strong>**** Veuillez nous contacter \u00e0 l&#8217;adresse info@xactskateshop.com pour conna\u00eetre les tailles disponibles****<\/strong><\/p>\n<p>La Bont <span class=\"il\">Semi<\/span> <span class=\"il\">Race<\/span> est la chaussure qui a d\u00e9fini la cat\u00e9gorie. Nous avons con\u00e7u cette chaussure pour les patineurs qui voulaient quelque chose entre une chaussure de course et un patin de loisir. Un patin con\u00e7u pour les patineurs qui veulent patiner vite et confortablement. Dans cette troisi\u00e8me it\u00e9ration de la <span class=\"il\">Semi<\/span> <span class=\"il\">Race<\/span>, nous avons ajout\u00e9 pour la premi\u00e8re fois une manchette en plastique rigide pour plus de stabilit\u00e9. La botte conserve une manchette arri\u00e8re tr\u00e8s souple pour la flexion avant. Elle est dot\u00e9e de grands V dans la zone du lacet avant, ce qui favorise \u00e9galement la flexion vers l&#8217;avant. Ce patin \u00e0 roues align\u00e9es peut \u00eatre utilis\u00e9 comme patin \u00e0 roues align\u00e9es \u00e0 3 roues ou \u00e0 4 roues avec des tailles de roues de 90 mm \u00e0 125 mm.<\/p>\n<p><strong>Caract\u00e9ristiques<\/strong><\/p>\n<ul>\n<li>Base : Composite de carbone<\/li>\n<li>Rev\u00eatement ext\u00e9rieur : Microfibre<\/li>\n<li>Doublure : Daim-L<\/li>\n<li>Pas : 12mm<\/li>\n<li>Fentes d&#8217;a\u00e9ration : Languette<\/li>\n<li>Semelle int\u00e9rieure : Non<\/li>\n<li>Rembourrage : Mousse \u00e0 m\u00e9moire de forme<\/li>\n<li>V\u00e9g\u00e9talien : Oui<\/li>\n<li>Hauteur de la manchette : La manchette d\u00e9passe d&#8217;environ 1 pouce le haut de l&#8217;os de la cheville.<\/li>\n<li>Thermo-moulable : Non<\/li>\n<\/ul>\n<p>Le cadre de patinage de vitesse en ligne Bont a \u00e9t\u00e9 con\u00e7u pour le patin Semi Race III. Cette monture vous permet d&#8217;acc\u00e9der \u00e0 la derni\u00e8re technologie de Bont \u00e0 un prix abordable. Il est fabriqu\u00e9 en aluminium 6061 de qualit\u00e9 a\u00e9ronautique. La qualit\u00e9 des cadres de Bont est in\u00e9gal\u00e9e. Bont n&#8217;a pas connu une seule fissure de cadre en plus de 25 ans.<\/p>\n<p>1 paire de cadres avec axes, entretoises et cl\u00e9 Allen.<\/p>\n<p>Les essieux fournis avec ce cadre sont de la s\u00e9rie 7000. Cela permet de s&#8217;assurer qu&#8217;ils ne s&#8217;effritent pas. Ce cadre est parfait pour les enfants et les adultes. Il convient \u00e9galement aux gar\u00e7ons et aux filles, aux hommes et aux femmes. Si vous cherchez \u00e0 acheter des cadres de course en ligne, pensez au cadre de course en ligne Bont Unity.<\/p>\n<p><em>Le kit de montage Bont ne sera fourni gratuitement que lors de l&#8217;achat de bottes en ensemble.<\/em><\/p>\n<ul>\n<li><strong>Montage : <\/strong>2 points 150mm &amp; 165mm &amp; 195mm<\/li>\n<li><strong>Longueur et poids : <\/strong>11.8&#8243; 230g ; 13.2&#8243; 250g \/ 12&#8243; 230g \/ 11.25&#8243; 220g \/ 9.8&#8243; 185g<\/li>\n<li><strong>Hauteur du plateau (de l&#8217;axe central au sommet du cadre) :<\/strong> 11.8&#8243; : Avant 52,5 Arri\u00e8re 63,5 ; 13,2&#8243; : Avant 49 Arri\u00e8re 60 ; 12&#8243; : Avant 44 Arri\u00e8re 55 ; 11.25&#8243; : Avant 49 Arri\u00e8re 60 ; 9.8&#8243; : Avant 42 Arri\u00e8re 53<\/li>\n<li><strong>Mat\u00e9riau :<\/strong> 6061<\/li>\n<li><strong>Note :<\/strong> Taille du cadre 9.8&#8243; 1003 (150mm&amp;165mm). Taille du cadre 11.25&#8243; 904&amp; 1103 (165mm&amp;195mm). Taille du cadre 12.0&#8243; 1004 (195mm). Taille du cadre 13.2&#8243; 1104 (195mm). Taille du cadre 11.8&#8243; 1253(195mm)<\/li>\n<\/ul>\n<p>La roue de course de patinage en ligne Bont Elemental est notre roue de milieu de gamme. Elle offre un meilleur roulis, un meilleur rebond et une meilleure adh\u00e9rence que nos roues de la gamme G14-G16.<\/p>\n<ul>\n<li><strong>Application<\/strong>: Roue universelle convenant \u00e0 toutes les surfaces<\/li>\n<li><strong>Diam\u00e8tre :<\/strong> 90mm, 100mm, 110mm, 125mm<\/li>\n<li><strong>Duret\u00e9 :<\/strong> 85A<\/li>\n<li><strong>Taille du roulement :<\/strong> 608<\/li>\n<\/ul>\n<p>La roue de course Bont Elemental Inline est disponible en 90mm, 100mm et 110mm de diam\u00e8tre. C&#8217;est une roue parfaite pour tous les types d&#8217;entra\u00eenements et de courses. Il peut \u00eatre utilis\u00e9 \u00e0 l&#8217;int\u00e9rieur et \u00e0 l&#8217;ext\u00e9rieur. Si vous cherchez \u00e0 acheter un volant de course qui en a pour votre argent, c&#8217;est celui qu&#8217;il vous faut. La duret\u00e9 des roues est de 85A, ce qui est bon pour les surfaces lisses \u00e0 moyennes. Il peut \u00e9galement \u00eatre utilis\u00e9 sur les pistes inclin\u00e9es.<\/p>\n<p>Le moyeu ou le noyau de la roue est en plastique renforc\u00e9 de nylon. Il absorbe bien les chocs. L&#8217;ur\u00e9thane poss\u00e8de de bonnes propri\u00e9t\u00e9s de rebond, d&#8217;usure et de roulement. Tout ce dont une bonne roue de roller a besoin. La chimie de cette roue en ligne a \u00e9t\u00e9 con\u00e7ue par Bont Skates \u00e0 Sydney, en Australie. Bont a plus de 45 ans d&#8217;exp\u00e9rience dans le d\u00e9veloppement de patins de vitesse.<\/p>\n<p>Les roulements PRO de Bont ont \u00e9t\u00e9 con\u00e7us pour les coureurs d&#8217;\u00e9lite. Ils sont dot\u00e9s d&#8217;une double protection pour emp\u00eacher la poussi\u00e8re et la salet\u00e9 d&#8217;entrer et la protection peut \u00eatre facilement enlev\u00e9e pour le nettoyage. Nous vendons les roulements lubrifi\u00e9s avec une huile de course l\u00e9g\u00e8re. Cela signifie qu&#8217;il n&#8217;est pas n\u00e9cessaire de nettoyer toute l&#8217;huile \u00e9paisse que l&#8217;on trouve dans d&#8217;autres roulements. Le roulement a une r\u00e9sistance au roulement exceptionnellement faible pour une vitesse maximale !<\/p>\n<p>Version 4 roues <a href=\"https:\/\/xactskateshop.com\/fr\/produit\/bont-semi-race-111-110mm-4-roues-inline-skates\/\">https:\/\/xactskateshop.com\/fr\/produit\/bont-semi-race-111-110mm-4-roues-inline-skates\/<\/a><a href=\"http:\/\/xactskateshop.com\/product\/bont-semi-race-111-125mm-3-wheel-inline-skates\/\">ici<\/a><\/p>\n<p>Vous pouvez \u00e9galement l\u2019acheter\u00a0<a href=\"https:\/\/bont.ca\/collections\/inline-speed-skates\/products\/semi-race-111-125mm-3-wheel-inline-skates\">ici<\/a><\/p>\n","protected":false},"excerpt":{"rendered":"<hr \/>\n<p style=\"text-align: center;\">Patins BONT Semi-Race 111 3x125mm<\/p>\n<p style=\"text-align: center;\"><strong>**** Veuillez nous contacter \u00e0 l&#8217;adresse info@xactskateshop.com pour conna\u00eetre les tailles disponibles****<\/strong><\/p>\n<p style=\"text-align: center;\">La Bont <span class=\"il\">Semi<\/span> <span class=\"il\">Race<\/span> est la chaussure qui a d\u00e9fini la cat\u00e9gorie. Nous avons con\u00e7u cette chaussure pour les patineurs qui voulaient quelque chose entre une chaussure de course et un patin de loisir. Un patin con\u00e7u pour les patineurs qui veulent patiner vite et confortablement.<\/p>\n<hr \/>\n<p>&nbsp;<\/p>\n","protected":false},"featured_media":30105,"comment_status":"closed","ping_status":"closed","template":"","meta":{"site-sidebar-layout":"default","site-content-layout":"default","ast-site-content-layout":"default","site-content-style":"default","site-sidebar-style":"default","ast-global-header-display":"","ast-banner-title-visibility":"","ast-main-header-display":"","ast-hfb-above-header-display":"","ast-hfb-below-header-display":"","ast-hfb-mobile-header-display":"","site-post-title":"","ast-breadcrumbs-content":"","ast-featured-img":"","footer-sml-layout":"","theme-transparent-header-meta":"default","adv-header-id-meta":"","stick-header-meta":"","header-above-stick-meta":"","header-main-stick-meta":"","header-below-stick-meta":"","astra-migrate-meta-layouts":"set","ast-page-background-enabled":"default","ast-page-background-meta":{"desktop":{"background-color":"","background-image":"","background-repeat":"repeat","background-position":"center center","background-size":"auto","background-attachment":"scroll","background-type":"","background-media":"","overlay-type":"","overlay-color":"","overlay-opacity":"","overlay-gradient":""},"tablet":{"background-color":"","background-image":"","background-repeat":"repeat","background-position":"center center","background-size":"auto","background-attachment":"scroll","background-type":"","background-media":"","overlay-type":"","overlay-color":"","overlay-opacity":"","overlay-gradient":""},"mobile":{"background-color":"","background-image":"","background-repeat":"repeat","background-position":"center center","background-size":"auto","background-attachment":"scroll","background-type":"","background-media":"","overlay-type":"","overlay-color":"","overlay-opacity":"","overlay-gradient":""}},"ast-content-background-meta":{"desktop":{"background-color":"var(--ast-global-color-5)","background-image":"","background-repeat":"repeat","background-position":"center center","background-size":"auto","background-attachment":"scroll","background-type":"","background-media":"","overlay-type":"","overlay-color":"","overlay-opacity":"","overlay-gradient":""},"tablet":{"background-color":"var(--ast-global-color-5)","background-image":"","background-repeat":"repeat","background-position":"center center","background-size":"auto","background-attachment":"scroll","background-type":"","background-media":"","overlay-type":"","overlay-color":"","overlay-opacity":"","overlay-gradient":""},"mobile":{"background-color":"var(--ast-global-color-5)","background-image":"","background-repeat":"repeat","background-position":"center center","background-size":"auto","background-attachment":"scroll","background-type":"","background-media":"","overlay-type":"","overlay-color":"","overlay-opacity":"","overlay-gradient":""}}},"product_brand":[],"product_cat":[1728,1661],"product_tag":[2162,1396,2338,1863],"class_list":{"0":"post-61663","1":"product","2":"type-product","3":"status-publish","4":"has-post-thumbnail","6":"product_cat-ensembles-de-patinage-a-roues-alignees","7":"product_cat-patins-a-roues-alignees-de-loisir","8":"product_tag-bont-en-ligne","9":"product_tag-bont-skates-fr","10":"product_tag-demi-course-de-bont","11":"product_tag-patins-de-loisir","12":"desktop-align-center","13":"tablet-align-center","14":"mobile-align-center","15":"ast-product-gallery-layout-horizontal","16":"ast-product-single-variable","17":"ast-product-tabs-layout-horizontal","18":"ast-qv-on-image","20":"first","21":"instock","22":"taxable","23":"shipping-taxable","24":"purchasable","25":"product-type-variable"},"bundled_by":[],"bundle_stock_status":"instock","bundle_stock_quantity":null,"bundle_virtual":false,"bundle_layout":"","bundle_add_to_cart_form_location":"","bundle_editable_in_cart":false,"bundle_sold_individually_context":"","bundle_item_grouping":"","bundle_min_size":"","bundle_max_size":"","bundle_price":[],"bundled_items":[],"bundle_sell_ids":[],"yoast_head":"<!-- This site is optimized with the Yoast SEO plugin v27.4 - https:\/\/yoast.com\/product\/yoast-seo-wordpress\/ -->\n<title>Patins BONT Semi-Race 111 3x125mm Xact Skate Shop<\/title>\n<meta name=\"description\" content=\"Patins BONT Semi-Race 111. Nous avons con\u00e7u cette chaussure pour qu&#039;elle soit \u00e0 mi-chemin entre une chaussure de course et un patin de loisir.\" \/>\n<meta name=\"robots\" content=\"index, follow, max-snippet:-1, max-image-preview:large, max-video-preview:-1\" \/>\n<link rel=\"canonical\" href=\"https:\/\/xactskateshop.com\/fr\/produit\/bont-semi-race-111-125mm-3-roues-inline-skates\/\" \/>\n<meta property=\"og:locale\" content=\"fr_FR\" \/>\n<meta property=\"og:type\" content=\"article\" \/>\n<meta property=\"og:title\" content=\"Patins BONT Semi-Race 111 3x125mm Xact Skate Shop\" \/>\n<meta property=\"og:description\" content=\"Patins BONT Semi-Race 111. Nous avons con\u00e7u cette chaussure pour qu&#039;elle soit \u00e0 mi-chemin entre une chaussure de course et un patin de loisir.\" \/>\n<meta property=\"og:url\" content=\"https:\/\/xactskateshop.com\/fr\/produit\/bont-semi-race-111-125mm-3-roues-inline-skates\/\" \/>\n<meta property=\"og:site_name\" content=\"Xact Skate Shop\" \/>\n<meta property=\"article:publisher\" content=\"https:\/\/www.facebook.com\/JeanLouiskateshop\" \/>\n<meta property=\"article:modified_time\" content=\"2025-10-16T22:09:03+00:00\" \/>\n<meta property=\"og:image\" content=\"https:\/\/xactskateshop.com\/wp-content\/uploads\/2023\/03\/Semi-Race-III-2PF-Unity-11.8-Elemental-3x125mm.jpg\" \/>\n\t<meta property=\"og:image:width\" content=\"1000\" \/>\n\t<meta property=\"og:image:height\" content=\"1000\" \/>\n\t<meta property=\"og:image:type\" content=\"image\/jpeg\" \/>\n<meta name=\"twitter:card\" content=\"summary_large_image\" \/>\n<meta name=\"twitter:label1\" content=\"Dur\u00e9e de lecture estim\u00e9e\" \/>\n\t<meta name=\"twitter:data1\" content=\"4 minutes\" \/>\n<script type=\"application\/ld+json\" class=\"yoast-schema-graph\">{\"@context\":\"https:\\\/\\\/schema.org\",\"@graph\":[{\"@type\":\"WebPage\",\"@id\":\"https:\\\/\\\/xactskateshop.com\\\/fr\\\/produit\\\/bont-semi-race-111-125mm-3-roues-inline-skates\\\/\",\"url\":\"https:\\\/\\\/xactskateshop.com\\\/fr\\\/produit\\\/bont-semi-race-111-125mm-3-roues-inline-skates\\\/\",\"name\":\"Patins BONT Semi-Race 111 3x125mm Xact Skate Shop\",\"isPartOf\":{\"@id\":\"http:\\\/\\\/xactskateshop.com\\\/fr\\\/#website\"},\"primaryImageOfPage\":{\"@id\":\"https:\\\/\\\/xactskateshop.com\\\/fr\\\/produit\\\/bont-semi-race-111-125mm-3-roues-inline-skates\\\/#primaryimage\"},\"image\":{\"@id\":\"https:\\\/\\\/xactskateshop.com\\\/fr\\\/produit\\\/bont-semi-race-111-125mm-3-roues-inline-skates\\\/#primaryimage\"},\"thumbnailUrl\":\"https:\\\/\\\/xactskateshop.com\\\/wp-content\\\/uploads\\\/2023\\\/03\\\/Semi-Race-III-2PF-Unity-11.8-Elemental-3x125mm.jpg\",\"datePublished\":\"2023-03-29T14:59:29+00:00\",\"dateModified\":\"2025-10-16T22:09:03+00:00\",\"description\":\"Patins BONT Semi-Race 111. Nous avons con\u00e7u cette chaussure pour qu'elle soit \u00e0 mi-chemin entre une chaussure de course et un patin de loisir.\",\"breadcrumb\":{\"@id\":\"https:\\\/\\\/xactskateshop.com\\\/fr\\\/produit\\\/bont-semi-race-111-125mm-3-roues-inline-skates\\\/#breadcrumb\"},\"inLanguage\":\"fr-FR\",\"potentialAction\":[{\"@type\":\"ReadAction\",\"target\":[\"https:\\\/\\\/xactskateshop.com\\\/fr\\\/produit\\\/bont-semi-race-111-125mm-3-roues-inline-skates\\\/\"]}]},{\"@type\":\"ImageObject\",\"inLanguage\":\"fr-FR\",\"@id\":\"https:\\\/\\\/xactskateshop.com\\\/fr\\\/produit\\\/bont-semi-race-111-125mm-3-roues-inline-skates\\\/#primaryimage\",\"url\":\"https:\\\/\\\/xactskateshop.com\\\/wp-content\\\/uploads\\\/2023\\\/03\\\/Semi-Race-III-2PF-Unity-11.8-Elemental-3x125mm.jpg\",\"contentUrl\":\"https:\\\/\\\/xactskateshop.com\\\/wp-content\\\/uploads\\\/2023\\\/03\\\/Semi-Race-III-2PF-Unity-11.8-Elemental-3x125mm.jpg\",\"width\":1000,\"height\":1000,\"caption\":\"Bont Semi-Race inline\"},{\"@type\":\"BreadcrumbList\",\"@id\":\"https:\\\/\\\/xactskateshop.com\\\/fr\\\/produit\\\/bont-semi-race-111-125mm-3-roues-inline-skates\\\/#breadcrumb\",\"itemListElement\":[{\"@type\":\"ListItem\",\"position\":1,\"name\":\"Home\",\"item\":\"https:\\\/\\\/xactskateshop.com\\\/fr\\\/accueil\\\/\"},{\"@type\":\"ListItem\",\"position\":2,\"name\":\"Boutique\",\"item\":\"https:\\\/\\\/xactskateshop.com\\\/shop\\\/\"},{\"@type\":\"ListItem\",\"position\":3,\"name\":\"Patins BONT Semi-Race 111 3x125mm\"}]},{\"@type\":\"WebSite\",\"@id\":\"http:\\\/\\\/xactskateshop.com\\\/fr\\\/#website\",\"url\":\"http:\\\/\\\/xactskateshop.com\\\/fr\\\/\",\"name\":\"Xact Skate Shop\",\"description\":\"Un site utilisant WordPress\",\"publisher\":{\"@id\":\"http:\\\/\\\/xactskateshop.com\\\/fr\\\/#organization\"},\"potentialAction\":[{\"@type\":\"SearchAction\",\"target\":{\"@type\":\"EntryPoint\",\"urlTemplate\":\"http:\\\/\\\/xactskateshop.com\\\/fr\\\/?s={search_term_string}\"},\"query-input\":{\"@type\":\"PropertyValueSpecification\",\"valueRequired\":true,\"valueName\":\"search_term_string\"}}],\"inLanguage\":\"fr-FR\"},{\"@type\":\"Organization\",\"@id\":\"http:\\\/\\\/xactskateshop.com\\\/fr\\\/#organization\",\"name\":\"XACT Skate Shop\",\"url\":\"http:\\\/\\\/xactskateshop.com\\\/fr\\\/\",\"logo\":{\"@type\":\"ImageObject\",\"inLanguage\":\"fr-FR\",\"@id\":\"http:\\\/\\\/xactskateshop.com\\\/fr\\\/#\\\/schema\\\/logo\\\/image\\\/\",\"url\":\"http:\\\/\\\/xactskateshop.com\\\/wp-content\\\/uploads\\\/2024\\\/04\\\/xactskateshop-dot-com-avec-contour-noir-sans-fond-675x.jpg\",\"contentUrl\":\"http:\\\/\\\/xactskateshop.com\\\/wp-content\\\/uploads\\\/2024\\\/04\\\/xactskateshop-dot-com-avec-contour-noir-sans-fond-675x.jpg\",\"width\":675,\"height\":247,\"caption\":\"XACT Skate Shop\"},\"image\":{\"@id\":\"http:\\\/\\\/xactskateshop.com\\\/fr\\\/#\\\/schema\\\/logo\\\/image\\\/\"},\"sameAs\":[\"https:\\\/\\\/www.facebook.com\\\/JeanLouiskateshop\"]}]}<\/script>\n<!-- \/ Yoast SEO plugin. -->","yoast_head_json":{"title":"Patins BONT Semi-Race 111 3x125mm Xact Skate Shop","description":"Patins BONT Semi-Race 111. Nous avons con\u00e7u cette chaussure pour qu'elle soit \u00e0 mi-chemin entre une chaussure de course et un patin de loisir.","robots":{"index":"index","follow":"follow","max-snippet":"max-snippet:-1","max-image-preview":"max-image-preview:large","max-video-preview":"max-video-preview:-1"},"canonical":"https:\/\/xactskateshop.com\/fr\/produit\/bont-semi-race-111-125mm-3-roues-inline-skates\/","og_locale":"fr_FR","og_type":"article","og_title":"Patins BONT Semi-Race 111 3x125mm Xact Skate Shop","og_description":"Patins BONT Semi-Race 111. Nous avons con\u00e7u cette chaussure pour qu'elle soit \u00e0 mi-chemin entre une chaussure de course et un patin de loisir.","og_url":"https:\/\/xactskateshop.com\/fr\/produit\/bont-semi-race-111-125mm-3-roues-inline-skates\/","og_site_name":"Xact Skate Shop","article_publisher":"https:\/\/www.facebook.com\/JeanLouiskateshop","article_modified_time":"2025-10-16T22:09:03+00:00","og_image":[{"width":1000,"height":1000,"url":"https:\/\/xactskateshop.com\/wp-content\/uploads\/2023\/03\/Semi-Race-III-2PF-Unity-11.8-Elemental-3x125mm.jpg","type":"image\/jpeg"}],"twitter_card":"summary_large_image","twitter_misc":{"Dur\u00e9e de lecture estim\u00e9e":"4 minutes"},"schema":{"@context":"https:\/\/schema.org","@graph":[{"@type":"WebPage","@id":"https:\/\/xactskateshop.com\/fr\/produit\/bont-semi-race-111-125mm-3-roues-inline-skates\/","url":"https:\/\/xactskateshop.com\/fr\/produit\/bont-semi-race-111-125mm-3-roues-inline-skates\/","name":"Patins BONT Semi-Race 111 3x125mm Xact Skate Shop","isPartOf":{"@id":"http:\/\/xactskateshop.com\/fr\/#website"},"primaryImageOfPage":{"@id":"https:\/\/xactskateshop.com\/fr\/produit\/bont-semi-race-111-125mm-3-roues-inline-skates\/#primaryimage"},"image":{"@id":"https:\/\/xactskateshop.com\/fr\/produit\/bont-semi-race-111-125mm-3-roues-inline-skates\/#primaryimage"},"thumbnailUrl":"https:\/\/xactskateshop.com\/wp-content\/uploads\/2023\/03\/Semi-Race-III-2PF-Unity-11.8-Elemental-3x125mm.jpg","datePublished":"2023-03-29T14:59:29+00:00","dateModified":"2025-10-16T22:09:03+00:00","description":"Patins BONT Semi-Race 111. Nous avons con\u00e7u cette chaussure pour qu'elle soit \u00e0 mi-chemin entre une chaussure de course et un patin de loisir.","breadcrumb":{"@id":"https:\/\/xactskateshop.com\/fr\/produit\/bont-semi-race-111-125mm-3-roues-inline-skates\/#breadcrumb"},"inLanguage":"fr-FR","potentialAction":[{"@type":"ReadAction","target":["https:\/\/xactskateshop.com\/fr\/produit\/bont-semi-race-111-125mm-3-roues-inline-skates\/"]}]},{"@type":"ImageObject","inLanguage":"fr-FR","@id":"https:\/\/xactskateshop.com\/fr\/produit\/bont-semi-race-111-125mm-3-roues-inline-skates\/#primaryimage","url":"https:\/\/xactskateshop.com\/wp-content\/uploads\/2023\/03\/Semi-Race-III-2PF-Unity-11.8-Elemental-3x125mm.jpg","contentUrl":"https:\/\/xactskateshop.com\/wp-content\/uploads\/2023\/03\/Semi-Race-III-2PF-Unity-11.8-Elemental-3x125mm.jpg","width":1000,"height":1000,"caption":"Bont Semi-Race inline"},{"@type":"BreadcrumbList","@id":"https:\/\/xactskateshop.com\/fr\/produit\/bont-semi-race-111-125mm-3-roues-inline-skates\/#breadcrumb","itemListElement":[{"@type":"ListItem","position":1,"name":"Home","item":"https:\/\/xactskateshop.com\/fr\/accueil\/"},{"@type":"ListItem","position":2,"name":"Boutique","item":"https:\/\/xactskateshop.com\/shop\/"},{"@type":"ListItem","position":3,"name":"Patins BONT Semi-Race 111 3x125mm"}]},{"@type":"WebSite","@id":"http:\/\/xactskateshop.com\/fr\/#website","url":"http:\/\/xactskateshop.com\/fr\/","name":"Xact Skate Shop","description":"Un site utilisant WordPress","publisher":{"@id":"http:\/\/xactskateshop.com\/fr\/#organization"},"potentialAction":[{"@type":"SearchAction","target":{"@type":"EntryPoint","urlTemplate":"http:\/\/xactskateshop.com\/fr\/?s={search_term_string}"},"query-input":{"@type":"PropertyValueSpecification","valueRequired":true,"valueName":"search_term_string"}}],"inLanguage":"fr-FR"},{"@type":"Organization","@id":"http:\/\/xactskateshop.com\/fr\/#organization","name":"XACT Skate Shop","url":"http:\/\/xactskateshop.com\/fr\/","logo":{"@type":"ImageObject","inLanguage":"fr-FR","@id":"http:\/\/xactskateshop.com\/fr\/#\/schema\/logo\/image\/","url":"http:\/\/xactskateshop.com\/wp-content\/uploads\/2024\/04\/xactskateshop-dot-com-avec-contour-noir-sans-fond-675x.jpg","contentUrl":"http:\/\/xactskateshop.com\/wp-content\/uploads\/2024\/04\/xactskateshop-dot-com-avec-contour-noir-sans-fond-675x.jpg","width":675,"height":247,"caption":"XACT Skate Shop"},"image":{"@id":"http:\/\/xactskateshop.com\/fr\/#\/schema\/logo\/image\/"},"sameAs":["https:\/\/www.facebook.com\/JeanLouiskateshop"]}]}},"_links":{"self":[{"href":"https:\/\/xactskateshop.com\/fr\/wp-json\/wp\/v2\/product\/61663","targetHints":{"allow":["GET"]}}],"collection":[{"href":"https:\/\/xactskateshop.com\/fr\/wp-json\/wp\/v2\/product"}],"about":[{"href":"https:\/\/xactskateshop.com\/fr\/wp-json\/wp\/v2\/types\/product"}],"replies":[{"embeddable":true,"href":"https:\/\/xactskateshop.com\/fr\/wp-json\/wp\/v2\/comments?post=61663"}],"wp:featuredmedia":[{"embeddable":true,"href":"https:\/\/xactskateshop.com\/fr\/wp-json\/wp\/v2\/media\/30105"}],"wp:attachment":[{"href":"https:\/\/xactskateshop.com\/fr\/wp-json\/wp\/v2\/media?parent=61663"}],"wp:term":[{"taxonomy":"product_brand","embeddable":true,"href":"https:\/\/xactskateshop.com\/fr\/wp-json\/wp\/v2\/product_brand?post=61663"},{"taxonomy":"product_cat","embeddable":true,"href":"https:\/\/xactskateshop.com\/fr\/wp-json\/wp\/v2\/product_cat?post=61663"},{"taxonomy":"product_tag","embeddable":true,"href":"https:\/\/xactskateshop.com\/fr\/wp-json\/wp\/v2\/product_tag?post=61663"}],"curies":[{"name":"wp","href":"https:\/\/api.w.org\/{rel}","templated":true}]}}