{"id":61657,"date":"2023-03-28T16:21:08","date_gmt":"2023-03-28T20:21:08","guid":{"rendered":"http:\/\/xactskateshop.com\/product\/compteur-de-patins-de-hockey\/"},"modified":"2026-01-21T16:05:10","modified_gmt":"2026-01-21T21:05:10","slug":"compteur-de-patins-de-hockey","status":"publish","type":"product","link":"https:\/\/xactskateshop.com\/fr\/produit\/compteur-de-patins-de-hockey\/","title":{"rendered":"Profilage de patins de hockey"},"content":{"rendered":"<p>Profilage de patins de hockey<\/p>\n<p>Souvent appel\u00e9 profil ou contour de votre lame de patin, ces termes se r\u00e9f\u00e8rent tous \u00e0 la courbure de votre lame de patin du talon \u00e0 la pointe. Comme le rayon au bas de la lame de votre patin, le profil est \u00e9galement mesur\u00e9 par le rayon, mais ce dernier est beaucoup plus grand et mesur\u00e9 en pieds au lieu de fractions de pouce. Par exemple, les profils des patins des joueurs de hockey peuvent varier de 7\u2032 \u00e0 13\u2032, les plus populaires \u00e9tant 9\u2032 et 11\u2032, tandis que les patins des gardiens de but ont g\u00e9n\u00e9ralement un profil de 28\u2032. En g\u00e9n\u00e9ral, seuls 60 % de la lame sont profil\u00e9s, autour du point d&#8217;\u00e9quilibre du patin, qui peut \u00eatre plac\u00e9 au centre de la lame ou modifi\u00e9 vers la pointe ou le talon de la lame en fonction des diff\u00e9rents styles de patinage.<br \/>\nLes 20 % situ\u00e9s \u00e0 l&#8217;avant de la lame du patin sur la pointe et les 20 % situ\u00e9s \u00e0 l&#8217;arri\u00e8re sur le talon sont beaucoup plus arrondis pour permettre les d\u00e9parts, les arr\u00eats et une extension compl\u00e8te de la foul\u00e9e du patineur.<\/p>\n<p>Un profil plus petit (7\u2032) aura moins de contact avec la glace qu&#8217;un profil plus haut (13\u2032). Moins de contact avec la glace (7\u2032) permet une meilleure maniabilit\u00e9 et acc\u00e9l\u00e9ration, mais s&#8217;enfonce plus profond\u00e9ment dans la glace qu&#8217;un profil plus large (13\u2032), ce qui signifie une vitesse de pointe plus lente et une fatigue accrue.<br \/>\nPlus de contact avec la glace (13\u2032) offre une vitesse de pointe et une stabilit\u00e9 accrue, mais une agilit\u00e9 et une man\u0153uvrabilit\u00e9 r\u00e9duites. Comme pour le rayon creux de votre patin \u00e0 lames, il n&#8217;y a pas de bon ou de mauvais profil, tout d\u00e9pend de vos pr\u00e9f\u00e9rences personnelles et de votre style de patinage.<\/p>\n<p>Contactez-nous pour plus d&#8217;informations !<\/p>\n<p>\u00catre un sp\u00e9cialiste du patin commence par l&#8217;aff\u00fbtage des patins. Avec plus de 35 ans d&#8217;exp\u00e9rience dans l&#8217;aff\u00fbtage des patins, nous \u00e9tablissons la norme. Nous aff\u00fbtons tous les types de patins, des patins de vitesse aux patins de hockey, des patins artistiques aux lames nordiques, et nous vous fournissons toujours un r\u00e9sultat professionnel. Nous utilisons une machine d&#8217;aff\u00fbtage Blademaster pour les patins de hockey, de patinage artistique et de loisir, tandis que les lames de patinage de vitesse sont aff\u00fbt\u00e9es \u00e0 la main \u00e0 l&#8217;aide d&#8217;un gabarit d&#8217;aff\u00fbtage. Les lames de patinage de vitesse sont profil\u00e9es \u00e0 l&#8217;aide d&#8217;une machine \u00e0 courber Twinrocker, la machine \u00e0 courber la plus fiable et la plus pr\u00e9cise disponible \u00e0 l&#8217;heure actuelle. Apportez vos patins dans notre magasin pour une exp\u00e9rience d&#8217;aff\u00fbtage des plus professionnelles !     <\/p>\n<p>Pour en savoir plus sur le d\u00e9compte, cliquez ici : <a href=\"https:\/\/www.youtube.com\/watch?v=xE4_4JCTiiE\">https:\/\/www.youtube.com\/watch?v=xE4_4JCTiiE<\/a><\/p>\n","protected":false},"excerpt":{"rendered":"<p>Profilage de patins de hockey<\/p>\n<p>Souvent appel\u00e9 profil ou contour de votre lame de patin,<br \/>\nil s&#8217;agit de la courbure de votre lame. patinage talon-pointe<\/p>\n","protected":false},"featured_media":30103,"comment_status":"closed","ping_status":"closed","template":"","meta":{"site-sidebar-layout":"default","site-content-layout":"default","ast-site-content-layout":"default","site-content-style":"default","site-sidebar-style":"default","ast-global-header-display":"","ast-banner-title-visibility":"","ast-main-header-display":"","ast-hfb-above-header-display":"","ast-hfb-below-header-display":"","ast-hfb-mobile-header-display":"","site-post-title":"","ast-breadcrumbs-content":"","ast-featured-img":"","footer-sml-layout":"","theme-transparent-header-meta":"default","adv-header-id-meta":"","stick-header-meta":"","header-above-stick-meta":"","header-main-stick-meta":"","header-below-stick-meta":"","astra-migrate-meta-layouts":"set","ast-page-background-enabled":"default","ast-page-background-meta":{"desktop":{"background-color":"","background-image":"","background-repeat":"repeat","background-position":"center center","background-size":"auto","background-attachment":"scroll","background-type":"","background-media":"","overlay-type":"","overlay-color":"","overlay-opacity":"","overlay-gradient":""},"tablet":{"background-color":"","background-image":"","background-repeat":"repeat","background-position":"center center","background-size":"auto","background-attachment":"scroll","background-type":"","background-media":"","overlay-type":"","overlay-color":"","overlay-opacity":"","overlay-gradient":""},"mobile":{"background-color":"","background-image":"","background-repeat":"repeat","background-position":"center center","background-size":"auto","background-attachment":"scroll","background-type":"","background-media":"","overlay-type":"","overlay-color":"","overlay-opacity":"","overlay-gradient":""}},"ast-content-background-meta":{"desktop":{"background-color":"var(--ast-global-color-5)","background-image":"","background-repeat":"repeat","background-position":"center center","background-size":"auto","background-attachment":"scroll","background-type":"","background-media":"","overlay-type":"","overlay-color":"","overlay-opacity":"","overlay-gradient":""},"tablet":{"background-color":"var(--ast-global-color-5)","background-image":"","background-repeat":"repeat","background-position":"center center","background-size":"auto","background-attachment":"scroll","background-type":"","background-media":"","overlay-type":"","overlay-color":"","overlay-opacity":"","overlay-gradient":""},"mobile":{"background-color":"var(--ast-global-color-5)","background-image":"","background-repeat":"repeat","background-position":"center center","background-size":"auto","background-attachment":"scroll","background-type":"","background-media":"","overlay-type":"","overlay-color":"","overlay-opacity":"","overlay-gradient":""}}},"product_brand":[],"product_cat":[1953],"product_tag":[1503,2323,2252,2325,2324,2322],"class_list":{"0":"post-61657","1":"product","2":"type-product","3":"status-publish","4":"has-post-thumbnail","6":"product_cat-services-d-atelier","7":"product_tag-affutage","8":"product_tag-affutage-des-patins-de-hockey","9":"product_tag-patins","10":"product_tag-performance-des-lames","11":"product_tag-profilage","12":"product_tag-profilage-du-patin","13":"desktop-align-center","14":"tablet-align-center","15":"mobile-align-center","16":"ast-product-gallery-layout-horizontal","17":"ast-product-single-variable","18":"ast-product-tabs-layout-horizontal","19":"ast-qv-on-image","21":"first","22":"instock","23":"taxable","24":"shipping-taxable","25":"purchasable","26":"product-type-variable"},"bundled_by":[],"bundle_stock_status":"instock","bundle_stock_quantity":null,"bundle_virtual":false,"bundle_layout":"","bundle_add_to_cart_form_location":"","bundle_editable_in_cart":false,"bundle_sold_individually_context":"","bundle_item_grouping":"","bundle_min_size":"","bundle_max_size":"","bundle_price":[],"bundled_items":[],"bundle_sell_ids":[],"yoast_head":"<!-- This site is optimized with the Yoast SEO plugin v27.4 - https:\/\/yoast.com\/product\/yoast-seo-wordpress\/ -->\n<title>Profilage de patins de hockey Xact Skate Shop<\/title>\n<meta name=\"description\" content=\"Profilage de patins de hockey Souvent appel\u00e9 profil ou contour de votre lame de patin, il s&#039;agit de la courbure de votre lame du talon \u00e0 la pointe du patin.\" \/>\n<meta name=\"robots\" content=\"index, follow, max-snippet:-1, max-image-preview:large, max-video-preview:-1\" \/>\n<link rel=\"canonical\" href=\"https:\/\/xactskateshop.com\/fr\/produit\/compteur-de-patins-de-hockey\/\" \/>\n<meta property=\"og:locale\" content=\"fr_FR\" \/>\n<meta property=\"og:type\" content=\"article\" \/>\n<meta property=\"og:title\" content=\"Profilage de patins de hockey Xact Skate Shop\" \/>\n<meta property=\"og:description\" content=\"Profilage de patins de hockey Souvent appel\u00e9 profil ou contour de votre lame de patin, il s&#039;agit de la courbure de votre lame du talon \u00e0 la pointe du patin.\" \/>\n<meta property=\"og:url\" content=\"https:\/\/xactskateshop.com\/fr\/produit\/compteur-de-patins-de-hockey\/\" \/>\n<meta property=\"og:site_name\" content=\"Xact Skate Shop\" \/>\n<meta property=\"article:publisher\" content=\"https:\/\/www.facebook.com\/JeanLouiskateshop\" \/>\n<meta property=\"article:modified_time\" content=\"2026-01-21T21:05:10+00:00\" \/>\n<meta property=\"og:image\" content=\"https:\/\/xactskateshop.com\/wp-content\/uploads\/2023\/03\/LCK2uNTg.png\" \/>\n\t<meta property=\"og:image:width\" content=\"400\" \/>\n\t<meta property=\"og:image:height\" content=\"400\" \/>\n\t<meta property=\"og:image:type\" content=\"image\/png\" \/>\n<meta name=\"twitter:card\" content=\"summary_large_image\" \/>\n<meta name=\"twitter:label1\" content=\"Dur\u00e9e de lecture estim\u00e9e\" \/>\n\t<meta name=\"twitter:data1\" content=\"3 minutes\" \/>\n<script type=\"application\/ld+json\" class=\"yoast-schema-graph\">{\"@context\":\"https:\\\/\\\/schema.org\",\"@graph\":[{\"@type\":\"WebPage\",\"@id\":\"https:\\\/\\\/xactskateshop.com\\\/fr\\\/produit\\\/compteur-de-patins-de-hockey\\\/\",\"url\":\"https:\\\/\\\/xactskateshop.com\\\/fr\\\/produit\\\/compteur-de-patins-de-hockey\\\/\",\"name\":\"Profilage de patins de hockey Xact Skate Shop\",\"isPartOf\":{\"@id\":\"http:\\\/\\\/xactskateshop.com\\\/fr\\\/#website\"},\"primaryImageOfPage\":{\"@id\":\"https:\\\/\\\/xactskateshop.com\\\/fr\\\/produit\\\/compteur-de-patins-de-hockey\\\/#primaryimage\"},\"image\":{\"@id\":\"https:\\\/\\\/xactskateshop.com\\\/fr\\\/produit\\\/compteur-de-patins-de-hockey\\\/#primaryimage\"},\"thumbnailUrl\":\"https:\\\/\\\/xactskateshop.com\\\/wp-content\\\/uploads\\\/2023\\\/03\\\/LCK2uNTg.png\",\"datePublished\":\"2023-03-28T20:21:08+00:00\",\"dateModified\":\"2026-01-21T21:05:10+00:00\",\"description\":\"Profilage de patins de hockey Souvent appel\u00e9 profil ou contour de votre lame de patin, il s'agit de la courbure de votre lame du talon \u00e0 la pointe du patin.\",\"breadcrumb\":{\"@id\":\"https:\\\/\\\/xactskateshop.com\\\/fr\\\/produit\\\/compteur-de-patins-de-hockey\\\/#breadcrumb\"},\"inLanguage\":\"fr-FR\",\"potentialAction\":[{\"@type\":\"ReadAction\",\"target\":[\"https:\\\/\\\/xactskateshop.com\\\/fr\\\/produit\\\/compteur-de-patins-de-hockey\\\/\"]}]},{\"@type\":\"ImageObject\",\"inLanguage\":\"fr-FR\",\"@id\":\"https:\\\/\\\/xactskateshop.com\\\/fr\\\/produit\\\/compteur-de-patins-de-hockey\\\/#primaryimage\",\"url\":\"https:\\\/\\\/xactskateshop.com\\\/wp-content\\\/uploads\\\/2023\\\/03\\\/LCK2uNTg.png\",\"contentUrl\":\"https:\\\/\\\/xactskateshop.com\\\/wp-content\\\/uploads\\\/2023\\\/03\\\/LCK2uNTg.png\",\"width\":400,\"height\":400,\"caption\":\"Profilage de patins de hockey\"},{\"@type\":\"BreadcrumbList\",\"@id\":\"https:\\\/\\\/xactskateshop.com\\\/fr\\\/produit\\\/compteur-de-patins-de-hockey\\\/#breadcrumb\",\"itemListElement\":[{\"@type\":\"ListItem\",\"position\":1,\"name\":\"Home\",\"item\":\"https:\\\/\\\/xactskateshop.com\\\/fr\\\/accueil\\\/\"},{\"@type\":\"ListItem\",\"position\":2,\"name\":\"Boutique\",\"item\":\"https:\\\/\\\/xactskateshop.com\\\/shop\\\/\"},{\"@type\":\"ListItem\",\"position\":3,\"name\":\"Profilage de patins de hockey\"}]},{\"@type\":\"WebSite\",\"@id\":\"http:\\\/\\\/xactskateshop.com\\\/fr\\\/#website\",\"url\":\"http:\\\/\\\/xactskateshop.com\\\/fr\\\/\",\"name\":\"Xact Skate Shop\",\"description\":\"Un site utilisant WordPress\",\"publisher\":{\"@id\":\"http:\\\/\\\/xactskateshop.com\\\/fr\\\/#organization\"},\"potentialAction\":[{\"@type\":\"SearchAction\",\"target\":{\"@type\":\"EntryPoint\",\"urlTemplate\":\"http:\\\/\\\/xactskateshop.com\\\/fr\\\/?s={search_term_string}\"},\"query-input\":{\"@type\":\"PropertyValueSpecification\",\"valueRequired\":true,\"valueName\":\"search_term_string\"}}],\"inLanguage\":\"fr-FR\"},{\"@type\":\"Organization\",\"@id\":\"http:\\\/\\\/xactskateshop.com\\\/fr\\\/#organization\",\"name\":\"XACT Skate Shop\",\"url\":\"http:\\\/\\\/xactskateshop.com\\\/fr\\\/\",\"logo\":{\"@type\":\"ImageObject\",\"inLanguage\":\"fr-FR\",\"@id\":\"http:\\\/\\\/xactskateshop.com\\\/fr\\\/#\\\/schema\\\/logo\\\/image\\\/\",\"url\":\"http:\\\/\\\/xactskateshop.com\\\/wp-content\\\/uploads\\\/2024\\\/04\\\/xactskateshop-dot-com-avec-contour-noir-sans-fond-675x.jpg\",\"contentUrl\":\"http:\\\/\\\/xactskateshop.com\\\/wp-content\\\/uploads\\\/2024\\\/04\\\/xactskateshop-dot-com-avec-contour-noir-sans-fond-675x.jpg\",\"width\":675,\"height\":247,\"caption\":\"XACT Skate Shop\"},\"image\":{\"@id\":\"http:\\\/\\\/xactskateshop.com\\\/fr\\\/#\\\/schema\\\/logo\\\/image\\\/\"},\"sameAs\":[\"https:\\\/\\\/www.facebook.com\\\/JeanLouiskateshop\"]}]}<\/script>\n<!-- \/ Yoast SEO plugin. -->","yoast_head_json":{"title":"Profilage de patins de hockey Xact Skate Shop","description":"Profilage de patins de hockey Souvent appel\u00e9 profil ou contour de votre lame de patin, il s'agit de la courbure de votre lame du talon \u00e0 la pointe du patin.","robots":{"index":"index","follow":"follow","max-snippet":"max-snippet:-1","max-image-preview":"max-image-preview:large","max-video-preview":"max-video-preview:-1"},"canonical":"https:\/\/xactskateshop.com\/fr\/produit\/compteur-de-patins-de-hockey\/","og_locale":"fr_FR","og_type":"article","og_title":"Profilage de patins de hockey Xact Skate Shop","og_description":"Profilage de patins de hockey Souvent appel\u00e9 profil ou contour de votre lame de patin, il s'agit de la courbure de votre lame du talon \u00e0 la pointe du patin.","og_url":"https:\/\/xactskateshop.com\/fr\/produit\/compteur-de-patins-de-hockey\/","og_site_name":"Xact Skate Shop","article_publisher":"https:\/\/www.facebook.com\/JeanLouiskateshop","article_modified_time":"2026-01-21T21:05:10+00:00","og_image":[{"width":400,"height":400,"url":"https:\/\/xactskateshop.com\/wp-content\/uploads\/2023\/03\/LCK2uNTg.png","type":"image\/png"}],"twitter_card":"summary_large_image","twitter_misc":{"Dur\u00e9e de lecture estim\u00e9e":"3 minutes"},"schema":{"@context":"https:\/\/schema.org","@graph":[{"@type":"WebPage","@id":"https:\/\/xactskateshop.com\/fr\/produit\/compteur-de-patins-de-hockey\/","url":"https:\/\/xactskateshop.com\/fr\/produit\/compteur-de-patins-de-hockey\/","name":"Profilage de patins de hockey Xact Skate Shop","isPartOf":{"@id":"http:\/\/xactskateshop.com\/fr\/#website"},"primaryImageOfPage":{"@id":"https:\/\/xactskateshop.com\/fr\/produit\/compteur-de-patins-de-hockey\/#primaryimage"},"image":{"@id":"https:\/\/xactskateshop.com\/fr\/produit\/compteur-de-patins-de-hockey\/#primaryimage"},"thumbnailUrl":"https:\/\/xactskateshop.com\/wp-content\/uploads\/2023\/03\/LCK2uNTg.png","datePublished":"2023-03-28T20:21:08+00:00","dateModified":"2026-01-21T21:05:10+00:00","description":"Profilage de patins de hockey Souvent appel\u00e9 profil ou contour de votre lame de patin, il s'agit de la courbure de votre lame du talon \u00e0 la pointe du patin.","breadcrumb":{"@id":"https:\/\/xactskateshop.com\/fr\/produit\/compteur-de-patins-de-hockey\/#breadcrumb"},"inLanguage":"fr-FR","potentialAction":[{"@type":"ReadAction","target":["https:\/\/xactskateshop.com\/fr\/produit\/compteur-de-patins-de-hockey\/"]}]},{"@type":"ImageObject","inLanguage":"fr-FR","@id":"https:\/\/xactskateshop.com\/fr\/produit\/compteur-de-patins-de-hockey\/#primaryimage","url":"https:\/\/xactskateshop.com\/wp-content\/uploads\/2023\/03\/LCK2uNTg.png","contentUrl":"https:\/\/xactskateshop.com\/wp-content\/uploads\/2023\/03\/LCK2uNTg.png","width":400,"height":400,"caption":"Profilage de patins de hockey"},{"@type":"BreadcrumbList","@id":"https:\/\/xactskateshop.com\/fr\/produit\/compteur-de-patins-de-hockey\/#breadcrumb","itemListElement":[{"@type":"ListItem","position":1,"name":"Home","item":"https:\/\/xactskateshop.com\/fr\/accueil\/"},{"@type":"ListItem","position":2,"name":"Boutique","item":"https:\/\/xactskateshop.com\/shop\/"},{"@type":"ListItem","position":3,"name":"Profilage de patins de hockey"}]},{"@type":"WebSite","@id":"http:\/\/xactskateshop.com\/fr\/#website","url":"http:\/\/xactskateshop.com\/fr\/","name":"Xact Skate Shop","description":"Un site utilisant WordPress","publisher":{"@id":"http:\/\/xactskateshop.com\/fr\/#organization"},"potentialAction":[{"@type":"SearchAction","target":{"@type":"EntryPoint","urlTemplate":"http:\/\/xactskateshop.com\/fr\/?s={search_term_string}"},"query-input":{"@type":"PropertyValueSpecification","valueRequired":true,"valueName":"search_term_string"}}],"inLanguage":"fr-FR"},{"@type":"Organization","@id":"http:\/\/xactskateshop.com\/fr\/#organization","name":"XACT Skate Shop","url":"http:\/\/xactskateshop.com\/fr\/","logo":{"@type":"ImageObject","inLanguage":"fr-FR","@id":"http:\/\/xactskateshop.com\/fr\/#\/schema\/logo\/image\/","url":"http:\/\/xactskateshop.com\/wp-content\/uploads\/2024\/04\/xactskateshop-dot-com-avec-contour-noir-sans-fond-675x.jpg","contentUrl":"http:\/\/xactskateshop.com\/wp-content\/uploads\/2024\/04\/xactskateshop-dot-com-avec-contour-noir-sans-fond-675x.jpg","width":675,"height":247,"caption":"XACT Skate Shop"},"image":{"@id":"http:\/\/xactskateshop.com\/fr\/#\/schema\/logo\/image\/"},"sameAs":["https:\/\/www.facebook.com\/JeanLouiskateshop"]}]}},"_links":{"self":[{"href":"https:\/\/xactskateshop.com\/fr\/wp-json\/wp\/v2\/product\/61657","targetHints":{"allow":["GET"]}}],"collection":[{"href":"https:\/\/xactskateshop.com\/fr\/wp-json\/wp\/v2\/product"}],"about":[{"href":"https:\/\/xactskateshop.com\/fr\/wp-json\/wp\/v2\/types\/product"}],"replies":[{"embeddable":true,"href":"https:\/\/xactskateshop.com\/fr\/wp-json\/wp\/v2\/comments?post=61657"}],"wp:featuredmedia":[{"embeddable":true,"href":"https:\/\/xactskateshop.com\/fr\/wp-json\/wp\/v2\/media\/30103"}],"wp:attachment":[{"href":"https:\/\/xactskateshop.com\/fr\/wp-json\/wp\/v2\/media?parent=61657"}],"wp:term":[{"taxonomy":"product_brand","embeddable":true,"href":"https:\/\/xactskateshop.com\/fr\/wp-json\/wp\/v2\/product_brand?post=61657"},{"taxonomy":"product_cat","embeddable":true,"href":"https:\/\/xactskateshop.com\/fr\/wp-json\/wp\/v2\/product_cat?post=61657"},{"taxonomy":"product_tag","embeddable":true,"href":"https:\/\/xactskateshop.com\/fr\/wp-json\/wp\/v2\/product_tag?post=61657"}],"curies":[{"name":"wp","href":"https:\/\/api.w.org\/{rel}","templated":true}]}}