{"id":61625,"date":"2023-03-18T14:18:01","date_gmt":"2023-03-18T18:18:01","guid":{"rendered":"http:\/\/xactskateshop.com\/product\/bont-mb-patriot-v2-boot\/"},"modified":"2025-10-03T14:40:50","modified_gmt":"2025-10-03T18:40:50","slug":"bont-patriot-v2-mb","status":"publish","type":"product","link":"https:\/\/xactskateshop.com\/fr\/produit\/bont-patriot-v2-mb\/","title":{"rendered":"BONT Patriot V2 MB"},"content":{"rendered":"<h2>BONT Patriot V2 MB<\/h2>\n<hr \/>\n<p style=\"text-align: center;\">****** <strong>veuillez nous contacter \u00e0 info@xactskateshop.com pour conna\u00eetre la disponibilit\u00e9 de la taille avant de passer commande pour une mise \u00e0 jour pr\u00e9cise******<\/strong><\/p>\n<hr \/>\n<h3><strong>Voici la nouvelle Bont Patriot Carbon V2 !<\/strong><\/h3>\n<p>Le BONT Patriot V2 est notre patin \u00e0 glace courte piste d&#8217;entr\u00e9e de gamme qui offre un rapport qualit\u00e9-prix exceptionnel. Une base en carbone pos\u00e9e \u00e0 la main donne une chaussure super rigide qui est enti\u00e8rement thermoformable gr\u00e2ce \u00e0 une r\u00e9sine \u00e9poxy thermodurcissable. Associ\u00e9e \u00e0 la forme anatomique de la botte et \u00e0 la mousse \u00e0 m\u00e9moire de forme haute densit\u00e9, cette botte est d&#8217;une valeur in\u00e9gal\u00e9e.<\/p>\n<h3>Les nouvelles caract\u00e9ristiques sont les suivantes<\/h3>\n<ul>\n<li>Derni\u00e8re mise \u00e0 jour<\/li>\n<li>La production a \u00e9t\u00e9 am\u00e9lior\u00e9e pour obtenir une botte en une seule pi\u00e8ce.<\/li>\n<li>Le brassard est plus haut et l&#8217;angle du brassard a \u00e9t\u00e9 modifi\u00e9<\/li>\n<li>Rembourrage plus \u00e9pais au niveau du col<\/li>\n<li>Plus de carbone dans la base du coffre<\/li>\n<li>Doublure en daim<\/li>\n<\/ul>\n<div>\n<h3><strong>Sp\u00e9cifications de la botte Patriot V2<\/strong><\/h3>\n<ul>\n<li><strong>Base :<\/strong> Carbone composite pos\u00e9 \u00e0 la main<\/li>\n<li><strong>Rev\u00eatement ext\u00e9rieur :<\/strong> Microfibre<\/li>\n<li><strong>Doublure :<\/strong> Microfibre<\/li>\n<li><strong>Semelle int\u00e9rieure :<\/strong> Microfibre<\/li>\n<li><strong>Thermo-moulable :<\/strong> Base enti\u00e8rement thermo-moulable utilisant de la r\u00e9sine \u00e9poxy thermodurcissable (voir les instructions <a href=\"http:\/\/xactskateshop.com\/heat-molding-instructions\/\">ici)<\/a>.<\/li>\n<li><strong>Rembourrage :<\/strong> Mousse \u00e0 m\u00e9moire de forme haute densit\u00e9<\/li>\n<li><strong>Options de fermeture :<\/strong> 2 sangles velcro r\u00e9glables + lacet Options de taille : 9\/27 &#8211; 13.5\/51<\/li>\n<li><strong>Options de montage :<\/strong> Standard<\/li>\n<\/ul>\n<div>\n<h3>Comment la botte est-elle fabriqu\u00e9e ?<\/h3>\n<\/div>\n<p>Qu&#8217;est-ce qu&#8217;une forme ? La forme est une r\u00e9plique en plastique d&#8217;un pied autour duquel la botte est construite.<\/p>\n<p>Chez Bont, nous perfectionnons nos Lasts depuis 1975 ! et le processus est toujours en cours. Contrairement \u00e0 la Last standard utilis\u00e9e par de nombreuses entreprises, Bont se concentre continuellement sur le d\u00e9veloppement et l&#8217;am\u00e9lioration de ses Lasts afin que vos bottes soient parfaitement adapt\u00e9es d\u00e8s leur sortie de l&#8217;emballage.<\/p>\n<p>Notre mat\u00e9riau exclusif Anti-Stretch pr\u00e9sente des caract\u00e9ristiques de r\u00e9sistance similaires \u00e0 celles du Kevlar. C&#8217;est pourquoi nous ajoutons ce mat\u00e9riau entre la couche ext\u00e9rieure et la peau, ce qui permet d&#8217;\u00e9viter que la botte ne s&#8217;\u00e9tire.<\/p>\n<p>Pour que le mat\u00e9riau ne bouge pas, nous le cousons \u00e0 la couche ext\u00e9rieure et le collons au chausson. En bref, ce mat\u00e9riau Anti-Stretch fait partie int\u00e9grante de la structure de la botte. Par cons\u00e9quent, les bottes Bont ne s&#8217;\u00e9tirent pas autant que les bottes concurrentes.<\/p>\n<p><span style=\"font-size: 16px; font-style: normal; font-weight: 400;\">Vous pouvez \u00e9galement l&#8217;acheter <\/span><a style=\"background-color: #ffffff; font-size: 16px; font-style: normal; font-weight: 400;\" href=\"https:\/\/canada.bont.com\/collections\/short-track-skates\/products\/bont-patriot-version-2-ice-skates-1\">ici !<\/a><\/p>\n<\/div>\n","protected":false},"excerpt":{"rendered":"<h4 style=\"text-align: center;\">Voici la nouvelle Bont Patriot Carbon V2 !<\/h4>\n<hr \/>\n<p style=\"text-align: center;\">La BONT Patriot V2 est notre patin \u00e0 glace courte piste d&#8217;entr\u00e9e de gamme qui offre un rapport qualit\u00e9-prix exceptionnel. Une base en carbone pos\u00e9e \u00e0 la main donne une chaussure super rigide qui est enti\u00e8rement thermoformable gr\u00e2ce \u00e0 une r\u00e9sine \u00e9poxy thermodurcissable. Associ\u00e9e \u00e0 la forme anatomique de la botte et \u00e0 la mousse \u00e0 m\u00e9moire de forme haute densit\u00e9, cette botte est d&#8217;une valeur in\u00e9gal\u00e9e.<\/p>\n<p style=\"text-align: center;\"><strong><span style=\"font-size: 16px; font-style: normal;\">****** veuillez nous contacter \u00e0 info@xactskateshop.com pour conna\u00eetre la disponibilit\u00e9 de la taille avant de passer commande pour une mise \u00e0 jour pr\u00e9cise******<\/span><\/strong><\/p>\n<hr \/>\n<p>&nbsp;<\/p>\n","protected":false},"featured_media":30091,"comment_status":"open","ping_status":"closed","template":"","meta":{"site-sidebar-layout":"default","site-content-layout":"default","ast-site-content-layout":"default","site-content-style":"default","site-sidebar-style":"default","ast-global-header-display":"","ast-banner-title-visibility":"","ast-main-header-display":"","ast-hfb-above-header-display":"","ast-hfb-below-header-display":"","ast-hfb-mobile-header-display":"","site-post-title":"","ast-breadcrumbs-content":"","ast-featured-img":"","footer-sml-layout":"","theme-transparent-header-meta":"default","adv-header-id-meta":"","stick-header-meta":"","header-above-stick-meta":"","header-main-stick-meta":"","header-below-stick-meta":"","astra-migrate-meta-layouts":"set","ast-page-background-enabled":"default","ast-page-background-meta":{"desktop":{"background-color":"","background-image":"","background-repeat":"repeat","background-position":"center center","background-size":"auto","background-attachment":"scroll","background-type":"","background-media":"","overlay-type":"","overlay-color":"","overlay-opacity":"","overlay-gradient":""},"tablet":{"background-color":"","background-image":"","background-repeat":"repeat","background-position":"center center","background-size":"auto","background-attachment":"scroll","background-type":"","background-media":"","overlay-type":"","overlay-color":"","overlay-opacity":"","overlay-gradient":""},"mobile":{"background-color":"","background-image":"","background-repeat":"repeat","background-position":"center center","background-size":"auto","background-attachment":"scroll","background-type":"","background-media":"","overlay-type":"","overlay-color":"","overlay-opacity":"","overlay-gradient":""}},"ast-content-background-meta":{"desktop":{"background-color":"var(--ast-global-color-5)","background-image":"","background-repeat":"repeat","background-position":"center center","background-size":"auto","background-attachment":"scroll","background-type":"","background-media":"","overlay-type":"","overlay-color":"","overlay-opacity":"","overlay-gradient":""},"tablet":{"background-color":"var(--ast-global-color-5)","background-image":"","background-repeat":"repeat","background-position":"center center","background-size":"auto","background-attachment":"scroll","background-type":"","background-media":"","overlay-type":"","overlay-color":"","overlay-opacity":"","overlay-gradient":""},"mobile":{"background-color":"var(--ast-global-color-5)","background-image":"","background-repeat":"repeat","background-position":"center center","background-size":"auto","background-attachment":"scroll","background-type":"","background-media":"","overlay-type":"","overlay-color":"","overlay-opacity":"","overlay-gradient":""}}},"product_brand":[],"product_cat":[1430,1354,1353],"product_tag":[2298,1384,1391,1390,2301,2279,1385,1785,1356,1394,2297,1395,1403,1444],"class_list":{"0":"post-61625","1":"product","2":"type-product","3":"status-publish","4":"has-post-thumbnail","6":"product_cat-bottines-de-patinage-de-vitesse-courte-piste","7":"product_cat-courte-piste","8":"product_cat-patinage-de-vitesse","9":"product_tag-base-thermo-moulable","10":"product_tag-bont-fr","11":"product_tag-botte-en-carbone","12":"product_tag-bottes-bont","13":"product_tag-bottine-fr-2","14":"product_tag-bottines-courte-piste-fr","15":"product_tag-boutique-xactskate","16":"product_tag-confort","17":"product_tag-courte-piste-fr","18":"product_tag-courte-piste-fr-2","19":"product_tag-materiel-de-club","20":"product_tag-patin-de-vitesse-fr","21":"product_tag-patinage-de-vitesse","22":"product_tag-performance-fr","23":"desktop-align-center","24":"tablet-align-center","25":"mobile-align-center","26":"ast-product-gallery-layout-horizontal","27":"ast-product-single-variable","28":"ast-product-tabs-layout-horizontal","29":"ast-qv-on-image","31":"first","32":"instock","33":"sale","34":"taxable","35":"shipping-taxable","36":"purchasable","37":"product-type-variable"},"bundled_by":[],"bundle_stock_status":"instock","bundle_stock_quantity":null,"bundle_virtual":false,"bundle_layout":"","bundle_add_to_cart_form_location":"","bundle_editable_in_cart":false,"bundle_sold_individually_context":"","bundle_item_grouping":"","bundle_min_size":"","bundle_max_size":"","bundle_price":[],"bundled_items":[],"bundle_sell_ids":[],"yoast_head":"<!-- This site is optimized with the Yoast SEO plugin v27.4 - https:\/\/yoast.com\/product\/yoast-seo-wordpress\/ -->\n<title>BONT Patriot V2 MB - Xact Skate Shop<\/title>\n<meta name=\"description\" content=\"BONT Patriot V2 MB. La production a \u00e9t\u00e9 am\u00e9lior\u00e9e pour obtenir une botte en une seule pi\u00e8ce. Le brassard est plus haut et son angle a \u00e9t\u00e9 modifi\u00e9.\" \/>\n<meta name=\"robots\" content=\"index, follow, max-snippet:-1, max-image-preview:large, max-video-preview:-1\" \/>\n<link rel=\"canonical\" href=\"https:\/\/xactskateshop.com\/fr\/produit\/bont-patriot-v2-mb\/\" \/>\n<meta property=\"og:locale\" content=\"fr_FR\" \/>\n<meta property=\"og:type\" content=\"article\" \/>\n<meta property=\"og:title\" content=\"BONT Patriot V2 MB - Xact Skate Shop\" \/>\n<meta property=\"og:description\" content=\"BONT Patriot V2 MB. La production a \u00e9t\u00e9 am\u00e9lior\u00e9e pour obtenir une botte en une seule pi\u00e8ce. Le brassard est plus haut et son angle a \u00e9t\u00e9 modifi\u00e9.\" \/>\n<meta property=\"og:url\" content=\"https:\/\/xactskateshop.com\/fr\/produit\/bont-patriot-v2-mb\/\" \/>\n<meta property=\"og:site_name\" content=\"Xact Skate Shop\" \/>\n<meta property=\"article:publisher\" content=\"https:\/\/www.facebook.com\/JeanLouiskateshop\" \/>\n<meta property=\"article:modified_time\" content=\"2025-10-03T18:40:50+00:00\" \/>\n<meta property=\"og:image\" content=\"https:\/\/xactskateshop.com\/wp-content\/uploads\/2023\/03\/ST-Patriot-Crabon-Mid-Night-blue-White-1-scaled.jpg\" \/>\n\t<meta property=\"og:image:width\" content=\"2560\" \/>\n\t<meta property=\"og:image:height\" content=\"2560\" \/>\n\t<meta property=\"og:image:type\" content=\"image\/jpeg\" \/>\n<meta name=\"twitter:card\" content=\"summary_large_image\" \/>\n<meta name=\"twitter:label1\" content=\"Dur\u00e9e de lecture estim\u00e9e\" \/>\n\t<meta name=\"twitter:data1\" content=\"2 minutes\" \/>\n<script type=\"application\/ld+json\" class=\"yoast-schema-graph\">{\"@context\":\"https:\\\/\\\/schema.org\",\"@graph\":[{\"@type\":\"WebPage\",\"@id\":\"https:\\\/\\\/xactskateshop.com\\\/fr\\\/produit\\\/bont-patriot-v2-mb\\\/\",\"url\":\"https:\\\/\\\/xactskateshop.com\\\/fr\\\/produit\\\/bont-patriot-v2-mb\\\/\",\"name\":\"BONT Patriot V2 MB - Xact Skate Shop\",\"isPartOf\":{\"@id\":\"http:\\\/\\\/xactskateshop.com\\\/fr\\\/#website\"},\"primaryImageOfPage\":{\"@id\":\"https:\\\/\\\/xactskateshop.com\\\/fr\\\/produit\\\/bont-patriot-v2-mb\\\/#primaryimage\"},\"image\":{\"@id\":\"https:\\\/\\\/xactskateshop.com\\\/fr\\\/produit\\\/bont-patriot-v2-mb\\\/#primaryimage\"},\"thumbnailUrl\":\"https:\\\/\\\/xactskateshop.com\\\/wp-content\\\/uploads\\\/2023\\\/03\\\/ST-Patriot-Crabon-Mid-Night-blue-White-1-scaled.jpg\",\"datePublished\":\"2023-03-18T18:18:01+00:00\",\"dateModified\":\"2025-10-03T18:40:50+00:00\",\"description\":\"BONT Patriot V2 MB. La production a \u00e9t\u00e9 am\u00e9lior\u00e9e pour obtenir une botte en une seule pi\u00e8ce. Le brassard est plus haut et son angle a \u00e9t\u00e9 modifi\u00e9.\",\"breadcrumb\":{\"@id\":\"https:\\\/\\\/xactskateshop.com\\\/fr\\\/produit\\\/bont-patriot-v2-mb\\\/#breadcrumb\"},\"inLanguage\":\"fr-FR\",\"potentialAction\":[{\"@type\":\"ReadAction\",\"target\":[\"https:\\\/\\\/xactskateshop.com\\\/fr\\\/produit\\\/bont-patriot-v2-mb\\\/\"]}]},{\"@type\":\"ImageObject\",\"inLanguage\":\"fr-FR\",\"@id\":\"https:\\\/\\\/xactskateshop.com\\\/fr\\\/produit\\\/bont-patriot-v2-mb\\\/#primaryimage\",\"url\":\"https:\\\/\\\/xactskateshop.com\\\/wp-content\\\/uploads\\\/2023\\\/03\\\/ST-Patriot-Crabon-Mid-Night-blue-White-1-scaled.jpg\",\"contentUrl\":\"https:\\\/\\\/xactskateshop.com\\\/wp-content\\\/uploads\\\/2023\\\/03\\\/ST-Patriot-Crabon-Mid-Night-blue-White-1-scaled.jpg\",\"width\":2560,\"height\":2560,\"caption\":\"BONT Patriot V2 MB\"},{\"@type\":\"BreadcrumbList\",\"@id\":\"https:\\\/\\\/xactskateshop.com\\\/fr\\\/produit\\\/bont-patriot-v2-mb\\\/#breadcrumb\",\"itemListElement\":[{\"@type\":\"ListItem\",\"position\":1,\"name\":\"Home\",\"item\":\"https:\\\/\\\/xactskateshop.com\\\/fr\\\/accueil\\\/\"},{\"@type\":\"ListItem\",\"position\":2,\"name\":\"Boutique\",\"item\":\"https:\\\/\\\/xactskateshop.com\\\/shop\\\/\"},{\"@type\":\"ListItem\",\"position\":3,\"name\":\"BONT Patriot V2 MB\"}]},{\"@type\":\"WebSite\",\"@id\":\"http:\\\/\\\/xactskateshop.com\\\/fr\\\/#website\",\"url\":\"http:\\\/\\\/xactskateshop.com\\\/fr\\\/\",\"name\":\"Xact Skate Shop\",\"description\":\"Un site utilisant WordPress\",\"publisher\":{\"@id\":\"http:\\\/\\\/xactskateshop.com\\\/fr\\\/#organization\"},\"potentialAction\":[{\"@type\":\"SearchAction\",\"target\":{\"@type\":\"EntryPoint\",\"urlTemplate\":\"http:\\\/\\\/xactskateshop.com\\\/fr\\\/?s={search_term_string}\"},\"query-input\":{\"@type\":\"PropertyValueSpecification\",\"valueRequired\":true,\"valueName\":\"search_term_string\"}}],\"inLanguage\":\"fr-FR\"},{\"@type\":\"Organization\",\"@id\":\"http:\\\/\\\/xactskateshop.com\\\/fr\\\/#organization\",\"name\":\"XACT Skate Shop\",\"url\":\"http:\\\/\\\/xactskateshop.com\\\/fr\\\/\",\"logo\":{\"@type\":\"ImageObject\",\"inLanguage\":\"fr-FR\",\"@id\":\"http:\\\/\\\/xactskateshop.com\\\/fr\\\/#\\\/schema\\\/logo\\\/image\\\/\",\"url\":\"http:\\\/\\\/xactskateshop.com\\\/wp-content\\\/uploads\\\/2024\\\/04\\\/xactskateshop-dot-com-avec-contour-noir-sans-fond-675x.jpg\",\"contentUrl\":\"http:\\\/\\\/xactskateshop.com\\\/wp-content\\\/uploads\\\/2024\\\/04\\\/xactskateshop-dot-com-avec-contour-noir-sans-fond-675x.jpg\",\"width\":675,\"height\":247,\"caption\":\"XACT Skate Shop\"},\"image\":{\"@id\":\"http:\\\/\\\/xactskateshop.com\\\/fr\\\/#\\\/schema\\\/logo\\\/image\\\/\"},\"sameAs\":[\"https:\\\/\\\/www.facebook.com\\\/JeanLouiskateshop\"]}]}<\/script>\n<!-- \/ Yoast SEO plugin. -->","yoast_head_json":{"title":"BONT Patriot V2 MB - Xact Skate Shop","description":"BONT Patriot V2 MB. La production a \u00e9t\u00e9 am\u00e9lior\u00e9e pour obtenir une botte en une seule pi\u00e8ce. Le brassard est plus haut et son angle a \u00e9t\u00e9 modifi\u00e9.","robots":{"index":"index","follow":"follow","max-snippet":"max-snippet:-1","max-image-preview":"max-image-preview:large","max-video-preview":"max-video-preview:-1"},"canonical":"https:\/\/xactskateshop.com\/fr\/produit\/bont-patriot-v2-mb\/","og_locale":"fr_FR","og_type":"article","og_title":"BONT Patriot V2 MB - Xact Skate Shop","og_description":"BONT Patriot V2 MB. La production a \u00e9t\u00e9 am\u00e9lior\u00e9e pour obtenir une botte en une seule pi\u00e8ce. Le brassard est plus haut et son angle a \u00e9t\u00e9 modifi\u00e9.","og_url":"https:\/\/xactskateshop.com\/fr\/produit\/bont-patriot-v2-mb\/","og_site_name":"Xact Skate Shop","article_publisher":"https:\/\/www.facebook.com\/JeanLouiskateshop","article_modified_time":"2025-10-03T18:40:50+00:00","og_image":[{"width":2560,"height":2560,"url":"https:\/\/xactskateshop.com\/wp-content\/uploads\/2023\/03\/ST-Patriot-Crabon-Mid-Night-blue-White-1-scaled.jpg","type":"image\/jpeg"}],"twitter_card":"summary_large_image","twitter_misc":{"Dur\u00e9e de lecture estim\u00e9e":"2 minutes"},"schema":{"@context":"https:\/\/schema.org","@graph":[{"@type":"WebPage","@id":"https:\/\/xactskateshop.com\/fr\/produit\/bont-patriot-v2-mb\/","url":"https:\/\/xactskateshop.com\/fr\/produit\/bont-patriot-v2-mb\/","name":"BONT Patriot V2 MB - Xact Skate Shop","isPartOf":{"@id":"http:\/\/xactskateshop.com\/fr\/#website"},"primaryImageOfPage":{"@id":"https:\/\/xactskateshop.com\/fr\/produit\/bont-patriot-v2-mb\/#primaryimage"},"image":{"@id":"https:\/\/xactskateshop.com\/fr\/produit\/bont-patriot-v2-mb\/#primaryimage"},"thumbnailUrl":"https:\/\/xactskateshop.com\/wp-content\/uploads\/2023\/03\/ST-Patriot-Crabon-Mid-Night-blue-White-1-scaled.jpg","datePublished":"2023-03-18T18:18:01+00:00","dateModified":"2025-10-03T18:40:50+00:00","description":"BONT Patriot V2 MB. La production a \u00e9t\u00e9 am\u00e9lior\u00e9e pour obtenir une botte en une seule pi\u00e8ce. Le brassard est plus haut et son angle a \u00e9t\u00e9 modifi\u00e9.","breadcrumb":{"@id":"https:\/\/xactskateshop.com\/fr\/produit\/bont-patriot-v2-mb\/#breadcrumb"},"inLanguage":"fr-FR","potentialAction":[{"@type":"ReadAction","target":["https:\/\/xactskateshop.com\/fr\/produit\/bont-patriot-v2-mb\/"]}]},{"@type":"ImageObject","inLanguage":"fr-FR","@id":"https:\/\/xactskateshop.com\/fr\/produit\/bont-patriot-v2-mb\/#primaryimage","url":"https:\/\/xactskateshop.com\/wp-content\/uploads\/2023\/03\/ST-Patriot-Crabon-Mid-Night-blue-White-1-scaled.jpg","contentUrl":"https:\/\/xactskateshop.com\/wp-content\/uploads\/2023\/03\/ST-Patriot-Crabon-Mid-Night-blue-White-1-scaled.jpg","width":2560,"height":2560,"caption":"BONT Patriot V2 MB"},{"@type":"BreadcrumbList","@id":"https:\/\/xactskateshop.com\/fr\/produit\/bont-patriot-v2-mb\/#breadcrumb","itemListElement":[{"@type":"ListItem","position":1,"name":"Home","item":"https:\/\/xactskateshop.com\/fr\/accueil\/"},{"@type":"ListItem","position":2,"name":"Boutique","item":"https:\/\/xactskateshop.com\/shop\/"},{"@type":"ListItem","position":3,"name":"BONT Patriot V2 MB"}]},{"@type":"WebSite","@id":"http:\/\/xactskateshop.com\/fr\/#website","url":"http:\/\/xactskateshop.com\/fr\/","name":"Xact Skate Shop","description":"Un site utilisant WordPress","publisher":{"@id":"http:\/\/xactskateshop.com\/fr\/#organization"},"potentialAction":[{"@type":"SearchAction","target":{"@type":"EntryPoint","urlTemplate":"http:\/\/xactskateshop.com\/fr\/?s={search_term_string}"},"query-input":{"@type":"PropertyValueSpecification","valueRequired":true,"valueName":"search_term_string"}}],"inLanguage":"fr-FR"},{"@type":"Organization","@id":"http:\/\/xactskateshop.com\/fr\/#organization","name":"XACT Skate Shop","url":"http:\/\/xactskateshop.com\/fr\/","logo":{"@type":"ImageObject","inLanguage":"fr-FR","@id":"http:\/\/xactskateshop.com\/fr\/#\/schema\/logo\/image\/","url":"http:\/\/xactskateshop.com\/wp-content\/uploads\/2024\/04\/xactskateshop-dot-com-avec-contour-noir-sans-fond-675x.jpg","contentUrl":"http:\/\/xactskateshop.com\/wp-content\/uploads\/2024\/04\/xactskateshop-dot-com-avec-contour-noir-sans-fond-675x.jpg","width":675,"height":247,"caption":"XACT Skate Shop"},"image":{"@id":"http:\/\/xactskateshop.com\/fr\/#\/schema\/logo\/image\/"},"sameAs":["https:\/\/www.facebook.com\/JeanLouiskateshop"]}]}},"_links":{"self":[{"href":"https:\/\/xactskateshop.com\/fr\/wp-json\/wp\/v2\/product\/61625","targetHints":{"allow":["GET"]}}],"collection":[{"href":"https:\/\/xactskateshop.com\/fr\/wp-json\/wp\/v2\/product"}],"about":[{"href":"https:\/\/xactskateshop.com\/fr\/wp-json\/wp\/v2\/types\/product"}],"replies":[{"embeddable":true,"href":"https:\/\/xactskateshop.com\/fr\/wp-json\/wp\/v2\/comments?post=61625"}],"wp:featuredmedia":[{"embeddable":true,"href":"https:\/\/xactskateshop.com\/fr\/wp-json\/wp\/v2\/media\/30091"}],"wp:attachment":[{"href":"https:\/\/xactskateshop.com\/fr\/wp-json\/wp\/v2\/media?parent=61625"}],"wp:term":[{"taxonomy":"product_brand","embeddable":true,"href":"https:\/\/xactskateshop.com\/fr\/wp-json\/wp\/v2\/product_brand?post=61625"},{"taxonomy":"product_cat","embeddable":true,"href":"https:\/\/xactskateshop.com\/fr\/wp-json\/wp\/v2\/product_cat?post=61625"},{"taxonomy":"product_tag","embeddable":true,"href":"https:\/\/xactskateshop.com\/fr\/wp-json\/wp\/v2\/product_tag?post=61625"}],"curies":[{"name":"wp","href":"https:\/\/api.w.org\/{rel}","templated":true}]}}