{"id":60261,"date":"2023-03-02T16:37:44","date_gmt":"2023-03-02T21:37:44","guid":{"rendered":"http:\/\/xactskateshop.com\/product\/jeu-de-protections-bont-skate\/"},"modified":"2023-03-02T16:37:44","modified_gmt":"2023-03-02T21:37:44","slug":"jeu-de-protections-bont-skate","status":"publish","type":"product","link":"https:\/\/xactskateshop.com\/fr\/produit\/jeu-de-protections-bont-skate\/","title":{"rendered":"Jeu de protections Bont Skate"},"content":{"rendered":"<p>Jeu de coussinets de protection Bont<\/p>\n<p>L&#8217;ensemble de protections Bont permet aux enfants de s&#8217;amuser et de jouer en toute s\u00e9curit\u00e9 avec des genouill\u00e8res (2 pi\u00e8ces), des coudi\u00e8res (2 pi\u00e8ces) et des prot\u00e8ge-poignets (2 pi\u00e8ces). La conception amortissante convient aux patins \u00e0 roulettes, aux patins en ligne, aux planches \u00e0 roulettes, aux trottinettes et \u00e0 d&#8217;autres sports.<\/p>\n<p>Les bretelles \u00e9lastiques r\u00e9glables assurent une protection optimale pendant le sport. Fabriqu\u00e9 en PVC durable et l\u00e9ger, il pr\u00e9vient les blessures au poignet, au coude et au genou. La mousse EVA ventil\u00e9e assure une excellente circulation de l&#8217;air et limite la transpiration.<\/p>\n<p>Taille : La taille petite est conseill\u00e9e pour les 5 \u00e0 8. La taille moyenne est sugg\u00e9r\u00e9e pour 8 \u00e0 12 personnes. Le grand format est conseill\u00e9 pour 12 \u00e0 16 personnes.<\/p>\n<p>Ces protections sont des protections d&#8217;entr\u00e9e de gamme, pour des protections avec une cote de s\u00e9curit\u00e9, veuillez consulter le <a title=\"Junior \/ Kids Skate Triple Pad Protection Set\" href=\"http:\/\/xactskateshop.com\/fr\/product\/bont-kids-triple-pad-protection-set\/\">Junior \/ Kids Skate Triple Pad Protection Set<\/a>.<\/p>\n<p><img decoding=\"async\" style=\"font-style: inherit; font-weight: inherit;\" src=\"https:\/\/cdn.shopify.com\/s\/files\/1\/0048\/6242\/files\/Sizing_INCH_Red.png?v=1640058125\" alt=\"Tableau des tailles des coussins de protection Bont, dimensions et informations\"><\/p>\n<p>Vous pouvez \u00e9galement les obtenir <a href=\"https:\/\/canada.bont.com\/collections\/inline-skating-accessories\/products\/bont-skate-protective-pads-set\">ici !<\/a><\/p>\n","protected":false},"excerpt":{"rendered":"<p>L&#8217;ensemble de protections Bont permet aux enfants de s&#8217;amuser et de jouer en toute s\u00e9curit\u00e9 avec des genouill\u00e8res (2 pi\u00e8ces), des coudi\u00e8res (2 pi\u00e8ces) et des prot\u00e8ge-poignets (2 pi\u00e8ces). La conception amortissante convient aux patins \u00e0 roulettes, aux patins en ligne, aux planches \u00e0 roulettes, aux trottinettes et \u00e0 d&#8217;autres sports.<\/p>\n","protected":false},"featured_media":30062,"comment_status":"closed","ping_status":"closed","template":"","meta":{"site-sidebar-layout":"default","site-content-layout":"default","ast-site-content-layout":"default","site-content-style":"default","site-sidebar-style":"default","ast-global-header-display":"","ast-banner-title-visibility":"","ast-main-header-display":"","ast-hfb-above-header-display":"","ast-hfb-below-header-display":"","ast-hfb-mobile-header-display":"","site-post-title":"","ast-breadcrumbs-content":"","ast-featured-img":"","footer-sml-layout":"","theme-transparent-header-meta":"default","adv-header-id-meta":"","stick-header-meta":"","header-above-stick-meta":"","header-main-stick-meta":"","header-below-stick-meta":"","astra-migrate-meta-layouts":"default","ast-page-background-enabled":"default","ast-page-background-meta":{"desktop":{"background-color":"","background-image":"","background-repeat":"repeat","background-position":"center center","background-size":"auto","background-attachment":"scroll","background-type":"","background-media":"","overlay-type":"","overlay-color":"","overlay-opacity":"","overlay-gradient":""},"tablet":{"background-color":"","background-image":"","background-repeat":"repeat","background-position":"center center","background-size":"auto","background-attachment":"scroll","background-type":"","background-media":"","overlay-type":"","overlay-color":"","overlay-opacity":"","overlay-gradient":""},"mobile":{"background-color":"","background-image":"","background-repeat":"repeat","background-position":"center center","background-size":"auto","background-attachment":"scroll","background-type":"","background-media":"","overlay-type":"","overlay-color":"","overlay-opacity":"","overlay-gradient":""}},"ast-content-background-meta":{"desktop":{"background-color":"var(--ast-global-color-5)","background-image":"","background-repeat":"repeat","background-position":"center center","background-size":"auto","background-attachment":"scroll","background-type":"","background-media":"","overlay-type":"","overlay-color":"","overlay-opacity":"","overlay-gradient":""},"tablet":{"background-color":"var(--ast-global-color-5)","background-image":"","background-repeat":"repeat","background-position":"center center","background-size":"auto","background-attachment":"scroll","background-type":"","background-media":"","overlay-type":"","overlay-color":"","overlay-opacity":"","overlay-gradient":""},"mobile":{"background-color":"var(--ast-global-color-5)","background-image":"","background-repeat":"repeat","background-position":"center center","background-size":"auto","background-attachment":"scroll","background-type":"","background-media":"","overlay-type":"","overlay-color":"","overlay-opacity":"","overlay-gradient":""}}},"product_brand":[],"product_cat":[1529,1733,1652,1755],"product_tag":[],"class_list":{"0":"post-60261","1":"product","2":"type-product","3":"status-publish","4":"has-post-thumbnail","6":"product_cat-accessoires-de-patinage-a-roues-alignees","7":"product_cat-equipement-de-protection","8":"product_cat-patins-a-roulettes","9":"product_cat-protection-patins-a-roulettes","10":"desktop-align-center","11":"tablet-align-center","12":"mobile-align-center","13":"ast-product-gallery-layout-horizontal","14":"ast-product-single-variable","15":"ast-product-tabs-layout-horizontal","16":"ast-qv-on-image","18":"first","19":"instock","20":"sale","21":"taxable","22":"shipping-taxable","23":"purchasable","24":"product-type-variable"},"bundled_by":[],"bundle_stock_status":"instock","bundle_stock_quantity":null,"bundle_virtual":false,"bundle_layout":"","bundle_add_to_cart_form_location":"","bundle_editable_in_cart":false,"bundle_sold_individually_context":"","bundle_item_grouping":"","bundle_min_size":"","bundle_max_size":"","bundle_price":[],"bundled_items":[],"bundle_sell_ids":[],"yoast_head":"<!-- This site is optimized with the Yoast SEO plugin v27.4 - https:\/\/yoast.com\/product\/yoast-seo-wordpress\/ -->\n<title>Kit de protection Bont %sep%%Xact Skate Shop.<\/title>\n<meta name=\"description\" content=\"L&#039;ensemble de protections Bont permet aux enfants de s&#039;amuser et de jouer en toute s\u00e9curit\u00e9 avec des genouill\u00e8res (2 pi\u00e8ces), des coudi\u00e8res (2 pi\u00e8ces) et des prot\u00e8ge-poignets (2 pi\u00e8ces). Obtenez le v\u00f4tre ici !\" \/>\n<meta name=\"robots\" content=\"index, follow, max-snippet:-1, max-image-preview:large, max-video-preview:-1\" \/>\n<link rel=\"canonical\" href=\"https:\/\/xactskateshop.com\/fr\/produit\/jeu-de-protections-bont-skate\/\" \/>\n<meta property=\"og:locale\" content=\"fr_FR\" \/>\n<meta property=\"og:type\" content=\"article\" \/>\n<meta property=\"og:title\" content=\"Kit de protection Bont %sep%%Xact Skate Shop.\" \/>\n<meta property=\"og:description\" content=\"L&#039;ensemble de protections Bont permet aux enfants de s&#039;amuser et de jouer en toute s\u00e9curit\u00e9 avec des genouill\u00e8res (2 pi\u00e8ces), des coudi\u00e8res (2 pi\u00e8ces) et des prot\u00e8ge-poignets (2 pi\u00e8ces). Obtenez le v\u00f4tre ici !\" \/>\n<meta property=\"og:url\" content=\"https:\/\/xactskateshop.com\/fr\/produit\/jeu-de-protections-bont-skate\/\" \/>\n<meta property=\"og:site_name\" content=\"Xact Skate Shop\" \/>\n<meta property=\"article:publisher\" content=\"https:\/\/www.facebook.com\/JeanLouiskateshop\" \/>\n<meta property=\"og:image\" content=\"https:\/\/xactskateshop.com\/wp-content\/uploads\/2023\/03\/BontProtectivePadsSet_L_16_1_1024x1024.jpg\" \/>\n\t<meta property=\"og:image:width\" content=\"1000\" \/>\n\t<meta property=\"og:image:height\" content=\"1000\" \/>\n\t<meta property=\"og:image:type\" content=\"image\/jpeg\" \/>\n<meta name=\"twitter:card\" content=\"summary_large_image\" \/>\n<meta name=\"twitter:label1\" content=\"Dur\u00e9e de lecture estim\u00e9e\" \/>\n\t<meta name=\"twitter:data1\" content=\"1 minute\" \/>\n<script type=\"application\/ld+json\" class=\"yoast-schema-graph\">{\"@context\":\"https:\\\/\\\/schema.org\",\"@graph\":[{\"@type\":\"WebPage\",\"@id\":\"https:\\\/\\\/xactskateshop.com\\\/fr\\\/produit\\\/jeu-de-protections-bont-skate\\\/\",\"url\":\"https:\\\/\\\/xactskateshop.com\\\/fr\\\/produit\\\/jeu-de-protections-bont-skate\\\/\",\"name\":\"Kit de protection Bont %sep%%Xact Skate Shop.\",\"isPartOf\":{\"@id\":\"http:\\\/\\\/xactskateshop.com\\\/fr\\\/#website\"},\"primaryImageOfPage\":{\"@id\":\"https:\\\/\\\/xactskateshop.com\\\/fr\\\/produit\\\/jeu-de-protections-bont-skate\\\/#primaryimage\"},\"image\":{\"@id\":\"https:\\\/\\\/xactskateshop.com\\\/fr\\\/produit\\\/jeu-de-protections-bont-skate\\\/#primaryimage\"},\"thumbnailUrl\":\"https:\\\/\\\/xactskateshop.com\\\/wp-content\\\/uploads\\\/2023\\\/03\\\/BontProtectivePadsSet_L_16_1_1024x1024.jpg\",\"datePublished\":\"2023-03-02T21:37:44+00:00\",\"description\":\"L'ensemble de protections Bont permet aux enfants de s'amuser et de jouer en toute s\u00e9curit\u00e9 avec des genouill\u00e8res (2 pi\u00e8ces), des coudi\u00e8res (2 pi\u00e8ces) et des prot\u00e8ge-poignets (2 pi\u00e8ces). Obtenez le v\u00f4tre ici !\",\"breadcrumb\":{\"@id\":\"https:\\\/\\\/xactskateshop.com\\\/fr\\\/produit\\\/jeu-de-protections-bont-skate\\\/#breadcrumb\"},\"inLanguage\":\"fr-FR\",\"potentialAction\":[{\"@type\":\"ReadAction\",\"target\":[\"https:\\\/\\\/xactskateshop.com\\\/fr\\\/produit\\\/jeu-de-protections-bont-skate\\\/\"]}]},{\"@type\":\"ImageObject\",\"inLanguage\":\"fr-FR\",\"@id\":\"https:\\\/\\\/xactskateshop.com\\\/fr\\\/produit\\\/jeu-de-protections-bont-skate\\\/#primaryimage\",\"url\":\"https:\\\/\\\/xactskateshop.com\\\/wp-content\\\/uploads\\\/2023\\\/03\\\/BontProtectivePadsSet_L_16_1_1024x1024.jpg\",\"contentUrl\":\"https:\\\/\\\/xactskateshop.com\\\/wp-content\\\/uploads\\\/2023\\\/03\\\/BontProtectivePadsSet_L_16_1_1024x1024.jpg\",\"width\":1000,\"height\":1000,\"caption\":\"Jeu de coussinets de protection Bont\"},{\"@type\":\"BreadcrumbList\",\"@id\":\"https:\\\/\\\/xactskateshop.com\\\/fr\\\/produit\\\/jeu-de-protections-bont-skate\\\/#breadcrumb\",\"itemListElement\":[{\"@type\":\"ListItem\",\"position\":1,\"name\":\"Home\",\"item\":\"https:\\\/\\\/xactskateshop.com\\\/fr\\\/accueil\\\/\"},{\"@type\":\"ListItem\",\"position\":2,\"name\":\"Boutique\",\"item\":\"https:\\\/\\\/xactskateshop.com\\\/shop\\\/\"},{\"@type\":\"ListItem\",\"position\":3,\"name\":\"Jeu de protections Bont Skate\"}]},{\"@type\":\"WebSite\",\"@id\":\"http:\\\/\\\/xactskateshop.com\\\/fr\\\/#website\",\"url\":\"http:\\\/\\\/xactskateshop.com\\\/fr\\\/\",\"name\":\"Xact Skate Shop\",\"description\":\"Un site utilisant WordPress\",\"publisher\":{\"@id\":\"http:\\\/\\\/xactskateshop.com\\\/fr\\\/#organization\"},\"potentialAction\":[{\"@type\":\"SearchAction\",\"target\":{\"@type\":\"EntryPoint\",\"urlTemplate\":\"http:\\\/\\\/xactskateshop.com\\\/fr\\\/?s={search_term_string}\"},\"query-input\":{\"@type\":\"PropertyValueSpecification\",\"valueRequired\":true,\"valueName\":\"search_term_string\"}}],\"inLanguage\":\"fr-FR\"},{\"@type\":\"Organization\",\"@id\":\"http:\\\/\\\/xactskateshop.com\\\/fr\\\/#organization\",\"name\":\"XACT Skate Shop\",\"url\":\"http:\\\/\\\/xactskateshop.com\\\/fr\\\/\",\"logo\":{\"@type\":\"ImageObject\",\"inLanguage\":\"fr-FR\",\"@id\":\"http:\\\/\\\/xactskateshop.com\\\/fr\\\/#\\\/schema\\\/logo\\\/image\\\/\",\"url\":\"http:\\\/\\\/xactskateshop.com\\\/wp-content\\\/uploads\\\/2024\\\/04\\\/xactskateshop-dot-com-avec-contour-noir-sans-fond-675x.jpg\",\"contentUrl\":\"http:\\\/\\\/xactskateshop.com\\\/wp-content\\\/uploads\\\/2024\\\/04\\\/xactskateshop-dot-com-avec-contour-noir-sans-fond-675x.jpg\",\"width\":675,\"height\":247,\"caption\":\"XACT Skate Shop\"},\"image\":{\"@id\":\"http:\\\/\\\/xactskateshop.com\\\/fr\\\/#\\\/schema\\\/logo\\\/image\\\/\"},\"sameAs\":[\"https:\\\/\\\/www.facebook.com\\\/JeanLouiskateshop\"]}]}<\/script>\n<!-- \/ Yoast SEO plugin. -->","yoast_head_json":{"title":"Kit de protection Bont %sep%%Xact Skate Shop.","description":"L'ensemble de protections Bont permet aux enfants de s'amuser et de jouer en toute s\u00e9curit\u00e9 avec des genouill\u00e8res (2 pi\u00e8ces), des coudi\u00e8res (2 pi\u00e8ces) et des prot\u00e8ge-poignets (2 pi\u00e8ces). Obtenez le v\u00f4tre ici !","robots":{"index":"index","follow":"follow","max-snippet":"max-snippet:-1","max-image-preview":"max-image-preview:large","max-video-preview":"max-video-preview:-1"},"canonical":"https:\/\/xactskateshop.com\/fr\/produit\/jeu-de-protections-bont-skate\/","og_locale":"fr_FR","og_type":"article","og_title":"Kit de protection Bont %sep%%Xact Skate Shop.","og_description":"L'ensemble de protections Bont permet aux enfants de s'amuser et de jouer en toute s\u00e9curit\u00e9 avec des genouill\u00e8res (2 pi\u00e8ces), des coudi\u00e8res (2 pi\u00e8ces) et des prot\u00e8ge-poignets (2 pi\u00e8ces). Obtenez le v\u00f4tre ici !","og_url":"https:\/\/xactskateshop.com\/fr\/produit\/jeu-de-protections-bont-skate\/","og_site_name":"Xact Skate Shop","article_publisher":"https:\/\/www.facebook.com\/JeanLouiskateshop","og_image":[{"width":1000,"height":1000,"url":"https:\/\/xactskateshop.com\/wp-content\/uploads\/2023\/03\/BontProtectivePadsSet_L_16_1_1024x1024.jpg","type":"image\/jpeg"}],"twitter_card":"summary_large_image","twitter_misc":{"Dur\u00e9e de lecture estim\u00e9e":"1 minute"},"schema":{"@context":"https:\/\/schema.org","@graph":[{"@type":"WebPage","@id":"https:\/\/xactskateshop.com\/fr\/produit\/jeu-de-protections-bont-skate\/","url":"https:\/\/xactskateshop.com\/fr\/produit\/jeu-de-protections-bont-skate\/","name":"Kit de protection Bont %sep%%Xact Skate Shop.","isPartOf":{"@id":"http:\/\/xactskateshop.com\/fr\/#website"},"primaryImageOfPage":{"@id":"https:\/\/xactskateshop.com\/fr\/produit\/jeu-de-protections-bont-skate\/#primaryimage"},"image":{"@id":"https:\/\/xactskateshop.com\/fr\/produit\/jeu-de-protections-bont-skate\/#primaryimage"},"thumbnailUrl":"https:\/\/xactskateshop.com\/wp-content\/uploads\/2023\/03\/BontProtectivePadsSet_L_16_1_1024x1024.jpg","datePublished":"2023-03-02T21:37:44+00:00","description":"L'ensemble de protections Bont permet aux enfants de s'amuser et de jouer en toute s\u00e9curit\u00e9 avec des genouill\u00e8res (2 pi\u00e8ces), des coudi\u00e8res (2 pi\u00e8ces) et des prot\u00e8ge-poignets (2 pi\u00e8ces). Obtenez le v\u00f4tre ici !","breadcrumb":{"@id":"https:\/\/xactskateshop.com\/fr\/produit\/jeu-de-protections-bont-skate\/#breadcrumb"},"inLanguage":"fr-FR","potentialAction":[{"@type":"ReadAction","target":["https:\/\/xactskateshop.com\/fr\/produit\/jeu-de-protections-bont-skate\/"]}]},{"@type":"ImageObject","inLanguage":"fr-FR","@id":"https:\/\/xactskateshop.com\/fr\/produit\/jeu-de-protections-bont-skate\/#primaryimage","url":"https:\/\/xactskateshop.com\/wp-content\/uploads\/2023\/03\/BontProtectivePadsSet_L_16_1_1024x1024.jpg","contentUrl":"https:\/\/xactskateshop.com\/wp-content\/uploads\/2023\/03\/BontProtectivePadsSet_L_16_1_1024x1024.jpg","width":1000,"height":1000,"caption":"Jeu de coussinets de protection Bont"},{"@type":"BreadcrumbList","@id":"https:\/\/xactskateshop.com\/fr\/produit\/jeu-de-protections-bont-skate\/#breadcrumb","itemListElement":[{"@type":"ListItem","position":1,"name":"Home","item":"https:\/\/xactskateshop.com\/fr\/accueil\/"},{"@type":"ListItem","position":2,"name":"Boutique","item":"https:\/\/xactskateshop.com\/shop\/"},{"@type":"ListItem","position":3,"name":"Jeu de protections Bont Skate"}]},{"@type":"WebSite","@id":"http:\/\/xactskateshop.com\/fr\/#website","url":"http:\/\/xactskateshop.com\/fr\/","name":"Xact Skate Shop","description":"Un site utilisant WordPress","publisher":{"@id":"http:\/\/xactskateshop.com\/fr\/#organization"},"potentialAction":[{"@type":"SearchAction","target":{"@type":"EntryPoint","urlTemplate":"http:\/\/xactskateshop.com\/fr\/?s={search_term_string}"},"query-input":{"@type":"PropertyValueSpecification","valueRequired":true,"valueName":"search_term_string"}}],"inLanguage":"fr-FR"},{"@type":"Organization","@id":"http:\/\/xactskateshop.com\/fr\/#organization","name":"XACT Skate Shop","url":"http:\/\/xactskateshop.com\/fr\/","logo":{"@type":"ImageObject","inLanguage":"fr-FR","@id":"http:\/\/xactskateshop.com\/fr\/#\/schema\/logo\/image\/","url":"http:\/\/xactskateshop.com\/wp-content\/uploads\/2024\/04\/xactskateshop-dot-com-avec-contour-noir-sans-fond-675x.jpg","contentUrl":"http:\/\/xactskateshop.com\/wp-content\/uploads\/2024\/04\/xactskateshop-dot-com-avec-contour-noir-sans-fond-675x.jpg","width":675,"height":247,"caption":"XACT Skate Shop"},"image":{"@id":"http:\/\/xactskateshop.com\/fr\/#\/schema\/logo\/image\/"},"sameAs":["https:\/\/www.facebook.com\/JeanLouiskateshop"]}]}},"_links":{"self":[{"href":"https:\/\/xactskateshop.com\/fr\/wp-json\/wp\/v2\/product\/60261","targetHints":{"allow":["GET"]}}],"collection":[{"href":"https:\/\/xactskateshop.com\/fr\/wp-json\/wp\/v2\/product"}],"about":[{"href":"https:\/\/xactskateshop.com\/fr\/wp-json\/wp\/v2\/types\/product"}],"replies":[{"embeddable":true,"href":"https:\/\/xactskateshop.com\/fr\/wp-json\/wp\/v2\/comments?post=60261"}],"wp:featuredmedia":[{"embeddable":true,"href":"https:\/\/xactskateshop.com\/fr\/wp-json\/wp\/v2\/media\/30062"}],"wp:attachment":[{"href":"https:\/\/xactskateshop.com\/fr\/wp-json\/wp\/v2\/media?parent=60261"}],"wp:term":[{"taxonomy":"product_brand","embeddable":true,"href":"https:\/\/xactskateshop.com\/fr\/wp-json\/wp\/v2\/product_brand?post=60261"},{"taxonomy":"product_cat","embeddable":true,"href":"https:\/\/xactskateshop.com\/fr\/wp-json\/wp\/v2\/product_cat?post=60261"},{"taxonomy":"product_tag","embeddable":true,"href":"https:\/\/xactskateshop.com\/fr\/wp-json\/wp\/v2\/product_tag?post=60261"}],"curies":[{"name":"wp","href":"https:\/\/api.w.org\/{rel}","templated":true}]}}