{"id":60189,"date":"2023-03-02T14:48:42","date_gmt":"2023-03-02T19:48:42","guid":{"rendered":"http:\/\/xactskateshop.com\/product\/bont-semirace-iii-195mm-inline-skate-boots\/"},"modified":"2025-10-16T18:42:42","modified_gmt":"2025-10-16T22:42:42","slug":"bont-semirace-iii-195mm-inline-skate-boots","status":"publish","type":"product","link":"https:\/\/xactskateshop.com\/fr\/produit\/bont-semirace-iii-195mm-inline-skate-boots\/","title":{"rendered":"Bottines BONT Semirace III"},"content":{"rendered":"<p>Bottines BONT Semirace III<\/p>\n<p>**** <strong> Veuillez nous contacter \u00e0 l&#8217;adresse info@bont.ca pour conna\u00eetre les tailles disponibles****<\/strong><\/p>\n<p>La Bont <span class=\"il\">Semi<\/span> <span class=\"il\">Race<\/span> est la chaussure qui a d\u00e9fini la cat\u00e9gorie. Nous avons con\u00e7u cette chaussure pour les patineurs qui voulaient quelque chose entre une chaussure de course et un patin de loisir. Un patin con\u00e7u pour les patineurs qui veulent patiner vite et confortablement. Dans cette troisi\u00e8me it\u00e9ration de la <span class=\"il\">Semi<\/span> <span class=\"il\">Race<\/span>, nous avons ajout\u00e9 pour la premi\u00e8re fois une manchette en plastique rigide pour plus de stabilit\u00e9. La botte conserve une manchette arri\u00e8re tr\u00e8s souple pour la flexion avant. Elle est dot\u00e9e de grands V dans la zone du lacet avant, ce qui favorise \u00e9galement la flexion vers l&#8217;avant. Ce patin en ligne semirace peut \u00eatre utilis\u00e9 comme patin en ligne \u00e0 3 roues ou \u00e0 4 roues avec des tailles de roues allant de 90 mm \u00e0 125 mm.<\/p>\n<p><strong>Caract\u00e9ristiques<\/strong><\/p>\n<ul>\n<li>Base : Composite de carbone<\/li>\n<li>Rev\u00eatement ext\u00e9rieur : Microfibre<\/li>\n<li>Doublure : Daim-L<\/li>\n<li>Pas : 12mm<\/li>\n<li>Fentes d&#8217;a\u00e9ration : Languette<\/li>\n<li>Semelle int\u00e9rieure : Non<\/li>\n<li>Rembourrage : Mousse \u00e0 m\u00e9moire de forme<\/li>\n<li>V\u00e9g\u00e9talien : Oui<\/li>\n<li>Hauteur de la manchette : La manchette d\u00e9passe d&#8217;environ 1 pouce le haut de l&#8217;os de la cheville.<\/li>\n<li>Thermo-moulable : Non<\/li>\n<\/ul>\n<p>Combin\u00e9e \u00e0 un cadre \u00e0 3 roues, cette chaussure constitue un superbe patin \u00e0 roues align\u00e9es \u00e0 3 roues. Ajoutez des roues de 125 mm ou de 110 mm pour g\u00e9n\u00e9rer une v\u00e9ritable vitesse.<\/p>\n<p>Vous pouvez \u00e9galement les obtenir <a href=\"https:\/\/canada.bont.com\/collections\/inline-speed-skating-boots\/products\/semi-race-iii-195mm-inline-skate-boots\">ici !<\/a><\/p>\n<p>Emballez-les<a href=\"http:\/\/xactskateshop.com\/product\/bont-semi-race-inline-4-bont-semi-race-111-110mm-4-wheel-inline-skates\/\"> ici !<\/a><\/p>\n","protected":false},"excerpt":{"rendered":"<hr \/>\n<p style=\"text-align: center;\">Bottines BONT Semirace III<\/p>\n<p style=\"text-align: center;\">La Bont <span class=\"il\">Semi<\/span> <span class=\"il\">Race<\/span> est la chaussure qui a d\u00e9fini la cat\u00e9gorie. Nous avons con\u00e7u cette chaussure pour les patineurs qui voulaient quelque chose entre une chaussure de course et un patin de loisir.<\/p>\n<hr \/>\n<p>&nbsp;<\/p>\n","protected":false},"featured_media":30055,"comment_status":"closed","ping_status":"closed","template":"","meta":{"site-sidebar-layout":"default","site-content-layout":"default","ast-site-content-layout":"default","site-content-style":"default","site-sidebar-style":"default","ast-global-header-display":"","ast-banner-title-visibility":"","ast-main-header-display":"","ast-hfb-above-header-display":"","ast-hfb-below-header-display":"","ast-hfb-mobile-header-display":"","site-post-title":"","ast-breadcrumbs-content":"","ast-featured-img":"","footer-sml-layout":"","theme-transparent-header-meta":"default","adv-header-id-meta":"","stick-header-meta":"","header-above-stick-meta":"","header-main-stick-meta":"","header-below-stick-meta":"","astra-migrate-meta-layouts":"set","ast-page-background-enabled":"default","ast-page-background-meta":{"desktop":{"background-color":"","background-image":"","background-repeat":"repeat","background-position":"center center","background-size":"auto","background-attachment":"scroll","background-type":"","background-media":"","overlay-type":"","overlay-color":"","overlay-opacity":"","overlay-gradient":""},"tablet":{"background-color":"","background-image":"","background-repeat":"repeat","background-position":"center center","background-size":"auto","background-attachment":"scroll","background-type":"","background-media":"","overlay-type":"","overlay-color":"","overlay-opacity":"","overlay-gradient":""},"mobile":{"background-color":"","background-image":"","background-repeat":"repeat","background-position":"center center","background-size":"auto","background-attachment":"scroll","background-type":"","background-media":"","overlay-type":"","overlay-color":"","overlay-opacity":"","overlay-gradient":""}},"ast-content-background-meta":{"desktop":{"background-color":"var(--ast-global-color-5)","background-image":"","background-repeat":"repeat","background-position":"center center","background-size":"auto","background-attachment":"scroll","background-type":"","background-media":"","overlay-type":"","overlay-color":"","overlay-opacity":"","overlay-gradient":""},"tablet":{"background-color":"var(--ast-global-color-5)","background-image":"","background-repeat":"repeat","background-position":"center center","background-size":"auto","background-attachment":"scroll","background-type":"","background-media":"","overlay-type":"","overlay-color":"","overlay-opacity":"","overlay-gradient":""},"mobile":{"background-color":"var(--ast-global-color-5)","background-image":"","background-repeat":"repeat","background-position":"center center","background-size":"auto","background-attachment":"scroll","background-type":"","background-media":"","overlay-type":"","overlay-color":"","overlay-opacity":"","overlay-gradient":""}}},"product_brand":[],"product_cat":[2140,1662,1589,1661],"product_tag":[1448,2162,2345,1945,2346],"class_list":{"0":"post-60189","1":"product","2":"type-product","3":"status-publish","4":"has-post-thumbnail","6":"product_cat-bottines-de-patinage-de-vitesse-a-roues-alignees","7":"product_cat-patinage-de-loisir","8":"product_cat-patinage-de-vitesse-a-roues-alignees","9":"product_cat-patins-a-roues-alignees-de-loisir","10":"product_tag-bont-boot-fr","11":"product_tag-bont-en-ligne","12":"product_tag-bottes-semi-rigides-en-ligne","13":"product_tag-nouveau","14":"product_tag-semirace-fr","15":"desktop-align-center","16":"tablet-align-center","17":"mobile-align-center","18":"ast-product-gallery-layout-horizontal","19":"ast-product-single-variable","20":"ast-product-tabs-layout-horizontal","21":"ast-qv-on-image","23":"first","24":"instock","25":"taxable","26":"shipping-taxable","27":"purchasable","28":"product-type-variable"},"bundled_by":[],"bundle_stock_status":"instock","bundle_stock_quantity":null,"bundle_virtual":false,"bundle_layout":"","bundle_add_to_cart_form_location":"","bundle_editable_in_cart":false,"bundle_sold_individually_context":"","bundle_item_grouping":"","bundle_min_size":"","bundle_max_size":"","bundle_price":[],"bundled_items":[],"bundle_sell_ids":[],"yoast_head":"<!-- This site is optimized with the Yoast SEO plugin v27.4 - https:\/\/yoast.com\/product\/yoast-seo-wordpress\/ -->\n<title>Bottines BONT Semirace III - Xact Skate Shop<\/title>\n<meta name=\"description\" content=\"Nous avons con\u00e7u cette chaussure pour les patineurs qui voulaient quelque chose entre une chaussure de course et un patin de loisir.\" \/>\n<meta name=\"robots\" content=\"index, follow, max-snippet:-1, max-image-preview:large, max-video-preview:-1\" \/>\n<link rel=\"canonical\" href=\"https:\/\/xactskateshop.com\/fr\/produit\/bont-semirace-iii-195mm-inline-skate-boots\/\" \/>\n<meta property=\"og:locale\" content=\"fr_FR\" \/>\n<meta property=\"og:type\" content=\"article\" \/>\n<meta property=\"og:title\" content=\"Bottines BONT Semirace III - Xact Skate Shop\" \/>\n<meta property=\"og:description\" content=\"Nous avons con\u00e7u cette chaussure pour les patineurs qui voulaient quelque chose entre une chaussure de course et un patin de loisir.\" \/>\n<meta property=\"og:url\" content=\"https:\/\/xactskateshop.com\/fr\/produit\/bont-semirace-iii-195mm-inline-skate-boots\/\" \/>\n<meta property=\"og:site_name\" content=\"Xact Skate Shop\" \/>\n<meta property=\"article:publisher\" content=\"https:\/\/www.facebook.com\/JeanLouiskateshop\" \/>\n<meta property=\"article:modified_time\" content=\"2025-10-16T22:42:42+00:00\" \/>\n<meta property=\"og:image\" content=\"https:\/\/xactskateshop.com\/wp-content\/uploads\/2023\/03\/Semi-Race-III.jpg\" \/>\n\t<meta property=\"og:image:width\" content=\"1000\" \/>\n\t<meta property=\"og:image:height\" content=\"1000\" \/>\n\t<meta property=\"og:image:type\" content=\"image\/jpeg\" \/>\n<meta name=\"twitter:card\" content=\"summary_large_image\" \/>\n<meta name=\"twitter:label1\" content=\"Dur\u00e9e de lecture estim\u00e9e\" \/>\n\t<meta name=\"twitter:data1\" content=\"2 minutes\" \/>\n<script type=\"application\/ld+json\" class=\"yoast-schema-graph\">{\"@context\":\"https:\\\/\\\/schema.org\",\"@graph\":[{\"@type\":\"WebPage\",\"@id\":\"https:\\\/\\\/xactskateshop.com\\\/fr\\\/produit\\\/bont-semirace-iii-195mm-inline-skate-boots\\\/\",\"url\":\"https:\\\/\\\/xactskateshop.com\\\/fr\\\/produit\\\/bont-semirace-iii-195mm-inline-skate-boots\\\/\",\"name\":\"Bottines BONT Semirace III - Xact Skate Shop\",\"isPartOf\":{\"@id\":\"http:\\\/\\\/xactskateshop.com\\\/fr\\\/#website\"},\"primaryImageOfPage\":{\"@id\":\"https:\\\/\\\/xactskateshop.com\\\/fr\\\/produit\\\/bont-semirace-iii-195mm-inline-skate-boots\\\/#primaryimage\"},\"image\":{\"@id\":\"https:\\\/\\\/xactskateshop.com\\\/fr\\\/produit\\\/bont-semirace-iii-195mm-inline-skate-boots\\\/#primaryimage\"},\"thumbnailUrl\":\"https:\\\/\\\/xactskateshop.com\\\/wp-content\\\/uploads\\\/2023\\\/03\\\/Semi-Race-III.jpg\",\"datePublished\":\"2023-03-02T19:48:42+00:00\",\"dateModified\":\"2025-10-16T22:42:42+00:00\",\"description\":\"Nous avons con\u00e7u cette chaussure pour les patineurs qui voulaient quelque chose entre une chaussure de course et un patin de loisir.\",\"breadcrumb\":{\"@id\":\"https:\\\/\\\/xactskateshop.com\\\/fr\\\/produit\\\/bont-semirace-iii-195mm-inline-skate-boots\\\/#breadcrumb\"},\"inLanguage\":\"fr-FR\",\"potentialAction\":[{\"@type\":\"ReadAction\",\"target\":[\"https:\\\/\\\/xactskateshop.com\\\/fr\\\/produit\\\/bont-semirace-iii-195mm-inline-skate-boots\\\/\"]}]},{\"@type\":\"ImageObject\",\"inLanguage\":\"fr-FR\",\"@id\":\"https:\\\/\\\/xactskateshop.com\\\/fr\\\/produit\\\/bont-semirace-iii-195mm-inline-skate-boots\\\/#primaryimage\",\"url\":\"https:\\\/\\\/xactskateshop.com\\\/wp-content\\\/uploads\\\/2023\\\/03\\\/Semi-Race-III.jpg\",\"contentUrl\":\"https:\\\/\\\/xactskateshop.com\\\/wp-content\\\/uploads\\\/2023\\\/03\\\/Semi-Race-III.jpg\",\"width\":1000,\"height\":1000,\"caption\":\"botte semirace en ligne\"},{\"@type\":\"BreadcrumbList\",\"@id\":\"https:\\\/\\\/xactskateshop.com\\\/fr\\\/produit\\\/bont-semirace-iii-195mm-inline-skate-boots\\\/#breadcrumb\",\"itemListElement\":[{\"@type\":\"ListItem\",\"position\":1,\"name\":\"Home\",\"item\":\"https:\\\/\\\/xactskateshop.com\\\/fr\\\/accueil\\\/\"},{\"@type\":\"ListItem\",\"position\":2,\"name\":\"Boutique\",\"item\":\"https:\\\/\\\/xactskateshop.com\\\/shop\\\/\"},{\"@type\":\"ListItem\",\"position\":3,\"name\":\"Bottines BONT Semirace III\"}]},{\"@type\":\"WebSite\",\"@id\":\"http:\\\/\\\/xactskateshop.com\\\/fr\\\/#website\",\"url\":\"http:\\\/\\\/xactskateshop.com\\\/fr\\\/\",\"name\":\"Xact Skate Shop\",\"description\":\"Un site utilisant WordPress\",\"publisher\":{\"@id\":\"http:\\\/\\\/xactskateshop.com\\\/fr\\\/#organization\"},\"potentialAction\":[{\"@type\":\"SearchAction\",\"target\":{\"@type\":\"EntryPoint\",\"urlTemplate\":\"http:\\\/\\\/xactskateshop.com\\\/fr\\\/?s={search_term_string}\"},\"query-input\":{\"@type\":\"PropertyValueSpecification\",\"valueRequired\":true,\"valueName\":\"search_term_string\"}}],\"inLanguage\":\"fr-FR\"},{\"@type\":\"Organization\",\"@id\":\"http:\\\/\\\/xactskateshop.com\\\/fr\\\/#organization\",\"name\":\"XACT Skate Shop\",\"url\":\"http:\\\/\\\/xactskateshop.com\\\/fr\\\/\",\"logo\":{\"@type\":\"ImageObject\",\"inLanguage\":\"fr-FR\",\"@id\":\"http:\\\/\\\/xactskateshop.com\\\/fr\\\/#\\\/schema\\\/logo\\\/image\\\/\",\"url\":\"http:\\\/\\\/xactskateshop.com\\\/wp-content\\\/uploads\\\/2024\\\/04\\\/xactskateshop-dot-com-avec-contour-noir-sans-fond-675x.jpg\",\"contentUrl\":\"http:\\\/\\\/xactskateshop.com\\\/wp-content\\\/uploads\\\/2024\\\/04\\\/xactskateshop-dot-com-avec-contour-noir-sans-fond-675x.jpg\",\"width\":675,\"height\":247,\"caption\":\"XACT Skate Shop\"},\"image\":{\"@id\":\"http:\\\/\\\/xactskateshop.com\\\/fr\\\/#\\\/schema\\\/logo\\\/image\\\/\"},\"sameAs\":[\"https:\\\/\\\/www.facebook.com\\\/JeanLouiskateshop\"]}]}<\/script>\n<!-- \/ Yoast SEO plugin. -->","yoast_head_json":{"title":"Bottines BONT Semirace III - Xact Skate Shop","description":"Nous avons con\u00e7u cette chaussure pour les patineurs qui voulaient quelque chose entre une chaussure de course et un patin de loisir.","robots":{"index":"index","follow":"follow","max-snippet":"max-snippet:-1","max-image-preview":"max-image-preview:large","max-video-preview":"max-video-preview:-1"},"canonical":"https:\/\/xactskateshop.com\/fr\/produit\/bont-semirace-iii-195mm-inline-skate-boots\/","og_locale":"fr_FR","og_type":"article","og_title":"Bottines BONT Semirace III - Xact Skate Shop","og_description":"Nous avons con\u00e7u cette chaussure pour les patineurs qui voulaient quelque chose entre une chaussure de course et un patin de loisir.","og_url":"https:\/\/xactskateshop.com\/fr\/produit\/bont-semirace-iii-195mm-inline-skate-boots\/","og_site_name":"Xact Skate Shop","article_publisher":"https:\/\/www.facebook.com\/JeanLouiskateshop","article_modified_time":"2025-10-16T22:42:42+00:00","og_image":[{"width":1000,"height":1000,"url":"https:\/\/xactskateshop.com\/wp-content\/uploads\/2023\/03\/Semi-Race-III.jpg","type":"image\/jpeg"}],"twitter_card":"summary_large_image","twitter_misc":{"Dur\u00e9e de lecture estim\u00e9e":"2 minutes"},"schema":{"@context":"https:\/\/schema.org","@graph":[{"@type":"WebPage","@id":"https:\/\/xactskateshop.com\/fr\/produit\/bont-semirace-iii-195mm-inline-skate-boots\/","url":"https:\/\/xactskateshop.com\/fr\/produit\/bont-semirace-iii-195mm-inline-skate-boots\/","name":"Bottines BONT Semirace III - Xact Skate Shop","isPartOf":{"@id":"http:\/\/xactskateshop.com\/fr\/#website"},"primaryImageOfPage":{"@id":"https:\/\/xactskateshop.com\/fr\/produit\/bont-semirace-iii-195mm-inline-skate-boots\/#primaryimage"},"image":{"@id":"https:\/\/xactskateshop.com\/fr\/produit\/bont-semirace-iii-195mm-inline-skate-boots\/#primaryimage"},"thumbnailUrl":"https:\/\/xactskateshop.com\/wp-content\/uploads\/2023\/03\/Semi-Race-III.jpg","datePublished":"2023-03-02T19:48:42+00:00","dateModified":"2025-10-16T22:42:42+00:00","description":"Nous avons con\u00e7u cette chaussure pour les patineurs qui voulaient quelque chose entre une chaussure de course et un patin de loisir.","breadcrumb":{"@id":"https:\/\/xactskateshop.com\/fr\/produit\/bont-semirace-iii-195mm-inline-skate-boots\/#breadcrumb"},"inLanguage":"fr-FR","potentialAction":[{"@type":"ReadAction","target":["https:\/\/xactskateshop.com\/fr\/produit\/bont-semirace-iii-195mm-inline-skate-boots\/"]}]},{"@type":"ImageObject","inLanguage":"fr-FR","@id":"https:\/\/xactskateshop.com\/fr\/produit\/bont-semirace-iii-195mm-inline-skate-boots\/#primaryimage","url":"https:\/\/xactskateshop.com\/wp-content\/uploads\/2023\/03\/Semi-Race-III.jpg","contentUrl":"https:\/\/xactskateshop.com\/wp-content\/uploads\/2023\/03\/Semi-Race-III.jpg","width":1000,"height":1000,"caption":"botte semirace en ligne"},{"@type":"BreadcrumbList","@id":"https:\/\/xactskateshop.com\/fr\/produit\/bont-semirace-iii-195mm-inline-skate-boots\/#breadcrumb","itemListElement":[{"@type":"ListItem","position":1,"name":"Home","item":"https:\/\/xactskateshop.com\/fr\/accueil\/"},{"@type":"ListItem","position":2,"name":"Boutique","item":"https:\/\/xactskateshop.com\/shop\/"},{"@type":"ListItem","position":3,"name":"Bottines BONT Semirace III"}]},{"@type":"WebSite","@id":"http:\/\/xactskateshop.com\/fr\/#website","url":"http:\/\/xactskateshop.com\/fr\/","name":"Xact Skate Shop","description":"Un site utilisant WordPress","publisher":{"@id":"http:\/\/xactskateshop.com\/fr\/#organization"},"potentialAction":[{"@type":"SearchAction","target":{"@type":"EntryPoint","urlTemplate":"http:\/\/xactskateshop.com\/fr\/?s={search_term_string}"},"query-input":{"@type":"PropertyValueSpecification","valueRequired":true,"valueName":"search_term_string"}}],"inLanguage":"fr-FR"},{"@type":"Organization","@id":"http:\/\/xactskateshop.com\/fr\/#organization","name":"XACT Skate Shop","url":"http:\/\/xactskateshop.com\/fr\/","logo":{"@type":"ImageObject","inLanguage":"fr-FR","@id":"http:\/\/xactskateshop.com\/fr\/#\/schema\/logo\/image\/","url":"http:\/\/xactskateshop.com\/wp-content\/uploads\/2024\/04\/xactskateshop-dot-com-avec-contour-noir-sans-fond-675x.jpg","contentUrl":"http:\/\/xactskateshop.com\/wp-content\/uploads\/2024\/04\/xactskateshop-dot-com-avec-contour-noir-sans-fond-675x.jpg","width":675,"height":247,"caption":"XACT Skate Shop"},"image":{"@id":"http:\/\/xactskateshop.com\/fr\/#\/schema\/logo\/image\/"},"sameAs":["https:\/\/www.facebook.com\/JeanLouiskateshop"]}]}},"_links":{"self":[{"href":"https:\/\/xactskateshop.com\/fr\/wp-json\/wp\/v2\/product\/60189","targetHints":{"allow":["GET"]}}],"collection":[{"href":"https:\/\/xactskateshop.com\/fr\/wp-json\/wp\/v2\/product"}],"about":[{"href":"https:\/\/xactskateshop.com\/fr\/wp-json\/wp\/v2\/types\/product"}],"replies":[{"embeddable":true,"href":"https:\/\/xactskateshop.com\/fr\/wp-json\/wp\/v2\/comments?post=60189"}],"wp:featuredmedia":[{"embeddable":true,"href":"https:\/\/xactskateshop.com\/fr\/wp-json\/wp\/v2\/media\/30055"}],"wp:attachment":[{"href":"https:\/\/xactskateshop.com\/fr\/wp-json\/wp\/v2\/media?parent=60189"}],"wp:term":[{"taxonomy":"product_brand","embeddable":true,"href":"https:\/\/xactskateshop.com\/fr\/wp-json\/wp\/v2\/product_brand?post=60189"},{"taxonomy":"product_cat","embeddable":true,"href":"https:\/\/xactskateshop.com\/fr\/wp-json\/wp\/v2\/product_cat?post=60189"},{"taxonomy":"product_tag","embeddable":true,"href":"https:\/\/xactskateshop.com\/fr\/wp-json\/wp\/v2\/product_tag?post=60189"}],"curies":[{"name":"wp","href":"https:\/\/api.w.org\/{rel}","templated":true}]}}