{"id":60162,"date":"2023-03-02T14:41:38","date_gmt":"2023-03-02T19:41:38","guid":{"rendered":"http:\/\/xactskateshop.com\/product\/patins-a-roues-alignees-bont-scoot-kids\/"},"modified":"2025-10-17T12:21:23","modified_gmt":"2025-10-17T16:21:23","slug":"patins-a-roues-alignees-bont-scoot-kids","status":"publish","type":"product","link":"https:\/\/xactskateshop.com\/fr\/produit\/patins-a-roues-alignees-bont-scoot-kids\/","title":{"rendered":"Patins \u00e0 roues align\u00e9es BONT Scoot enfants"},"content":{"rendered":"<p>Patins ajustables pour enfants<\/p>\n<p>Le Bont Scoot est l&#8217;un des meilleurs patins pour enfants que vous puissiez acheter. Lorsque vous achetez des patins \u00e0 roues align\u00e9es pour enfants, vous voulez un patin confortable qui ne blessera pas leurs petits pieds en pleine croissance. Le Bont Scoot est fabriqu\u00e9 sur une forme de pied anatomique, ce qui signifie que le patin est construit autour d&#8217;une forme (pied en plastique) qui a la forme d&#8217;un vrai pied. De nombreux patins \u00e0 roues align\u00e9es pour enfants sont fabriqu\u00e9s \u00e0 partir de formes de chaussures, et non de formes de patins. Bont est le leader mondial de la conception de patins en ligne depuis plus de 45 ans, avec trop de titres mondiaux de patinage de vitesse en ligne pour pouvoir les compter.<\/p>\n<p>Le Scoot\u00a0 est le premier patin \u00e0 roues align\u00e9es pour tous les niveaux. Parfait pour les enfants qui d\u00e9butent et les patineurs plus exp\u00e9riment\u00e9s qui souhaitent passer \u00e0 un patin de meilleure qualit\u00e9.<\/p>\n<p>La coque Scoot est \u00e9l\u00e9gante et profil\u00e9e et assure un bon maintien de la cheville, un excellent transfert d&#8217;\u00e9nergie \u00e0 chaque foul\u00e9e et permet un \u00e9quilibre et un contr\u00f4le parfaits. Ce patin est excellent pour apprendre \u00e0 patiner ou am\u00e9liorer ses comp\u00e9tences. Fabriqu\u00e9 \u00e0 partir de mat\u00e9riaux de premi\u00e8re qualit\u00e9 et d&#8217;un rembourrage sup\u00e9rieur, ce patin offre un soutien fantastique et un confort sup\u00e9rieur. Il r\u00e9duit \u00e9galement la fatigue des pieds, ce qui permet aux enfants de patiner plus longtemps.<\/p>\n<p>Ils sont assembl\u00e9s comme indiqu\u00e9 avec des cadres en aluminium 2PF 6061 Unity, des roues Elemental 85A \u00e0 haut rebond associ\u00e9es \u00e0 des roulements PRO pour un roulement doux et durable, des roulements de haute qualit\u00e9.<\/p>\n<p>6 TAILLES R\u00c9GLABLES\u00a0 :<\/p>\n<ul>\n<li>27-28 (9C &#8211; 10C)<\/li>\n<li>29-30 (11C &#8211; 12C)<\/li>\n<li>31-32 (13C &#8211; 13.5C)<\/li>\n<li>33-34 (1 &#8211; 2)<\/li>\n<li>35-36 (3 &#8211; 4)<\/li>\n<li>37-38 (5 &#8211; 6)<\/li>\n<\/ul>\n<p>Vous pouvez \u00e9galement les obtenir <a href=\"https:\/\/canada.bont.com\/collections\/kids-youth-boys-girls-inline-skates\/products\/scoot-kids-inline-skates\">ici !<\/a><\/p>\n<p>Veillez \u00e0 ce que votre enfant soit prot\u00e9g\u00e9 par un ensemble de protections ad\u00e9quat &#8211; voir <a href=\"http:\/\/xactskateshop.com\/product-category\/recrational-skating\/protective-gear\/\">ici !<\/a><\/p>\n","protected":false},"excerpt":{"rendered":"<hr \/>\n<p style=\"text-align: center;\">Le Scoot Kids Speed Skate est le premier patin \u00e0 roues align\u00e9es pour tous les niveaux. Parfait pour les enfants qui d\u00e9butent et les patineurs plus exp\u00e9riment\u00e9s qui souhaitent passer \u00e0 un patin de meilleure qualit\u00e9. Patins pour enfants r\u00e9glables<\/p>\n<hr \/>\n<p>&nbsp;<\/p>\n","protected":false},"featured_media":39084,"comment_status":"closed","ping_status":"closed","template":"","meta":{"site-sidebar-layout":"default","site-content-layout":"default","ast-site-content-layout":"default","site-content-style":"default","site-sidebar-style":"default","ast-global-header-display":"","ast-banner-title-visibility":"","ast-main-header-display":"","ast-hfb-above-header-display":"","ast-hfb-below-header-display":"","ast-hfb-mobile-header-display":"","site-post-title":"","ast-breadcrumbs-content":"","ast-featured-img":"","footer-sml-layout":"","theme-transparent-header-meta":"default","adv-header-id-meta":"","stick-header-meta":"","header-above-stick-meta":"","header-main-stick-meta":"","header-below-stick-meta":"","astra-migrate-meta-layouts":"set","ast-page-background-enabled":"default","ast-page-background-meta":{"desktop":{"background-color":"","background-image":"","background-repeat":"repeat","background-position":"center center","background-size":"auto","background-attachment":"scroll","background-type":"","background-media":"","overlay-type":"","overlay-color":"","overlay-opacity":"","overlay-gradient":""},"tablet":{"background-color":"","background-image":"","background-repeat":"repeat","background-position":"center center","background-size":"auto","background-attachment":"scroll","background-type":"","background-media":"","overlay-type":"","overlay-color":"","overlay-opacity":"","overlay-gradient":""},"mobile":{"background-color":"","background-image":"","background-repeat":"repeat","background-position":"center center","background-size":"auto","background-attachment":"scroll","background-type":"","background-media":"","overlay-type":"","overlay-color":"","overlay-opacity":"","overlay-gradient":""}},"ast-content-background-meta":{"desktop":{"background-color":"var(--ast-global-color-5)","background-image":"","background-repeat":"repeat","background-position":"center center","background-size":"auto","background-attachment":"scroll","background-type":"","background-media":"","overlay-type":"","overlay-color":"","overlay-opacity":"","overlay-gradient":""},"tablet":{"background-color":"var(--ast-global-color-5)","background-image":"","background-repeat":"repeat","background-position":"center center","background-size":"auto","background-attachment":"scroll","background-type":"","background-media":"","overlay-type":"","overlay-color":"","overlay-opacity":"","overlay-gradient":""},"mobile":{"background-color":"var(--ast-global-color-5)","background-image":"","background-repeat":"repeat","background-position":"center center","background-size":"auto","background-attachment":"scroll","background-type":"","background-media":"","overlay-type":"","overlay-color":"","overlay-opacity":"","overlay-gradient":""}}},"product_brand":[],"product_cat":[1728,1662,1589,1661],"product_tag":[2162,1396,2343],"class_list":{"0":"post-60162","1":"product","2":"type-product","3":"status-publish","4":"has-post-thumbnail","6":"product_cat-ensembles-de-patinage-a-roues-alignees","7":"product_cat-patinage-de-loisir","8":"product_cat-patinage-de-vitesse-a-roues-alignees","9":"product_cat-patins-a-roues-alignees-de-loisir","10":"product_tag-bont-en-ligne","11":"product_tag-bont-skates-fr","12":"product_tag-patins-a-roues-alignees-pour-enfants","13":"desktop-align-center","14":"tablet-align-center","15":"mobile-align-center","16":"ast-product-gallery-layout-horizontal","17":"ast-product-single-variable","18":"ast-product-tabs-layout-horizontal","19":"ast-qv-on-image","21":"first","22":"instock","23":"taxable","24":"shipping-taxable","25":"purchasable","26":"product-type-variable"},"bundled_by":[],"bundle_stock_status":"instock","bundle_stock_quantity":null,"bundle_virtual":false,"bundle_layout":"","bundle_add_to_cart_form_location":"","bundle_editable_in_cart":false,"bundle_sold_individually_context":"","bundle_item_grouping":"","bundle_min_size":"","bundle_max_size":"","bundle_price":[],"bundled_items":[],"bundle_sell_ids":[],"yoast_head":"<!-- This site is optimized with the Yoast SEO plugin v27.4 - https:\/\/yoast.com\/product\/yoast-seo-wordpress\/ -->\n<title>Patins \u00e0 roues align\u00e9es BONT Scoot enfants - Xact Skate Shop<\/title>\n<meta name=\"description\" content=\"Patins ajustables pour enfants. Pour les patineurs d\u00e9butants ou exp\u00e9riment\u00e9s qui souhaitent passer \u00e0 un patin de meilleure qualit\u00e9.\" \/>\n<meta name=\"robots\" content=\"index, follow, max-snippet:-1, max-image-preview:large, max-video-preview:-1\" \/>\n<link rel=\"canonical\" href=\"https:\/\/xactskateshop.com\/fr\/produit\/patins-a-roues-alignees-bont-scoot-kids\/\" \/>\n<meta property=\"og:locale\" content=\"fr_FR\" \/>\n<meta property=\"og:type\" content=\"article\" \/>\n<meta property=\"og:title\" content=\"Patins \u00e0 roues align\u00e9es BONT Scoot enfants - Xact Skate Shop\" \/>\n<meta property=\"og:description\" content=\"Patins ajustables pour enfants. Pour les patineurs d\u00e9butants ou exp\u00e9riment\u00e9s qui souhaitent passer \u00e0 un patin de meilleure qualit\u00e9.\" \/>\n<meta property=\"og:url\" content=\"https:\/\/xactskateshop.com\/fr\/produit\/patins-a-roues-alignees-bont-scoot-kids\/\" \/>\n<meta property=\"og:site_name\" content=\"Xact Skate Shop\" \/>\n<meta property=\"article:publisher\" content=\"https:\/\/www.facebook.com\/JeanLouiskateshop\" \/>\n<meta property=\"article:modified_time\" content=\"2025-10-17T16:21:23+00:00\" \/>\n<meta property=\"og:image\" content=\"https:\/\/xactskateshop.com\/wp-content\/uploads\/2023\/03\/Kids-skates-Scoot_3X80mm_Mint_2-1.jpg\" \/>\n\t<meta property=\"og:image:width\" content=\"1000\" \/>\n\t<meta property=\"og:image:height\" content=\"1000\" \/>\n\t<meta property=\"og:image:type\" content=\"image\/jpeg\" \/>\n<meta name=\"twitter:card\" content=\"summary_large_image\" \/>\n<meta name=\"twitter:label1\" content=\"Dur\u00e9e de lecture estim\u00e9e\" \/>\n\t<meta name=\"twitter:data1\" content=\"2 minutes\" \/>\n<script type=\"application\/ld+json\" class=\"yoast-schema-graph\">{\"@context\":\"https:\\\/\\\/schema.org\",\"@graph\":[{\"@type\":\"WebPage\",\"@id\":\"https:\\\/\\\/xactskateshop.com\\\/fr\\\/produit\\\/patins-a-roues-alignees-bont-scoot-kids\\\/\",\"url\":\"https:\\\/\\\/xactskateshop.com\\\/fr\\\/produit\\\/patins-a-roues-alignees-bont-scoot-kids\\\/\",\"name\":\"Patins \u00e0 roues align\u00e9es BONT Scoot enfants - Xact Skate Shop\",\"isPartOf\":{\"@id\":\"http:\\\/\\\/xactskateshop.com\\\/fr\\\/#website\"},\"primaryImageOfPage\":{\"@id\":\"https:\\\/\\\/xactskateshop.com\\\/fr\\\/produit\\\/patins-a-roues-alignees-bont-scoot-kids\\\/#primaryimage\"},\"image\":{\"@id\":\"https:\\\/\\\/xactskateshop.com\\\/fr\\\/produit\\\/patins-a-roues-alignees-bont-scoot-kids\\\/#primaryimage\"},\"thumbnailUrl\":\"https:\\\/\\\/xactskateshop.com\\\/wp-content\\\/uploads\\\/2023\\\/03\\\/Kids-skates-Scoot_3X80mm_Mint_2-1.jpg\",\"datePublished\":\"2023-03-02T19:41:38+00:00\",\"dateModified\":\"2025-10-17T16:21:23+00:00\",\"description\":\"Patins ajustables pour enfants. Pour les patineurs d\u00e9butants ou exp\u00e9riment\u00e9s qui souhaitent passer \u00e0 un patin de meilleure qualit\u00e9.\",\"breadcrumb\":{\"@id\":\"https:\\\/\\\/xactskateshop.com\\\/fr\\\/produit\\\/patins-a-roues-alignees-bont-scoot-kids\\\/#breadcrumb\"},\"inLanguage\":\"fr-FR\",\"potentialAction\":[{\"@type\":\"ReadAction\",\"target\":[\"https:\\\/\\\/xactskateshop.com\\\/fr\\\/produit\\\/patins-a-roues-alignees-bont-scoot-kids\\\/\"]}]},{\"@type\":\"ImageObject\",\"inLanguage\":\"fr-FR\",\"@id\":\"https:\\\/\\\/xactskateshop.com\\\/fr\\\/produit\\\/patins-a-roues-alignees-bont-scoot-kids\\\/#primaryimage\",\"url\":\"https:\\\/\\\/xactskateshop.com\\\/wp-content\\\/uploads\\\/2023\\\/03\\\/Kids-skates-Scoot_3X80mm_Mint_2-1.jpg\",\"contentUrl\":\"https:\\\/\\\/xactskateshop.com\\\/wp-content\\\/uploads\\\/2023\\\/03\\\/Kids-skates-Scoot_3X80mm_Mint_2-1.jpg\",\"width\":1000,\"height\":1000,\"caption\":\"Patins ajustables pour enfants\"},{\"@type\":\"BreadcrumbList\",\"@id\":\"https:\\\/\\\/xactskateshop.com\\\/fr\\\/produit\\\/patins-a-roues-alignees-bont-scoot-kids\\\/#breadcrumb\",\"itemListElement\":[{\"@type\":\"ListItem\",\"position\":1,\"name\":\"Home\",\"item\":\"https:\\\/\\\/xactskateshop.com\\\/fr\\\/accueil\\\/\"},{\"@type\":\"ListItem\",\"position\":2,\"name\":\"Boutique\",\"item\":\"https:\\\/\\\/xactskateshop.com\\\/shop\\\/\"},{\"@type\":\"ListItem\",\"position\":3,\"name\":\"Patins \u00e0 roues align\u00e9es BONT Scoot enfants\"}]},{\"@type\":\"WebSite\",\"@id\":\"http:\\\/\\\/xactskateshop.com\\\/fr\\\/#website\",\"url\":\"http:\\\/\\\/xactskateshop.com\\\/fr\\\/\",\"name\":\"Xact Skate Shop\",\"description\":\"Un site utilisant WordPress\",\"publisher\":{\"@id\":\"http:\\\/\\\/xactskateshop.com\\\/fr\\\/#organization\"},\"potentialAction\":[{\"@type\":\"SearchAction\",\"target\":{\"@type\":\"EntryPoint\",\"urlTemplate\":\"http:\\\/\\\/xactskateshop.com\\\/fr\\\/?s={search_term_string}\"},\"query-input\":{\"@type\":\"PropertyValueSpecification\",\"valueRequired\":true,\"valueName\":\"search_term_string\"}}],\"inLanguage\":\"fr-FR\"},{\"@type\":\"Organization\",\"@id\":\"http:\\\/\\\/xactskateshop.com\\\/fr\\\/#organization\",\"name\":\"XACT Skate Shop\",\"url\":\"http:\\\/\\\/xactskateshop.com\\\/fr\\\/\",\"logo\":{\"@type\":\"ImageObject\",\"inLanguage\":\"fr-FR\",\"@id\":\"http:\\\/\\\/xactskateshop.com\\\/fr\\\/#\\\/schema\\\/logo\\\/image\\\/\",\"url\":\"http:\\\/\\\/xactskateshop.com\\\/wp-content\\\/uploads\\\/2024\\\/04\\\/xactskateshop-dot-com-avec-contour-noir-sans-fond-675x.jpg\",\"contentUrl\":\"http:\\\/\\\/xactskateshop.com\\\/wp-content\\\/uploads\\\/2024\\\/04\\\/xactskateshop-dot-com-avec-contour-noir-sans-fond-675x.jpg\",\"width\":675,\"height\":247,\"caption\":\"XACT Skate Shop\"},\"image\":{\"@id\":\"http:\\\/\\\/xactskateshop.com\\\/fr\\\/#\\\/schema\\\/logo\\\/image\\\/\"},\"sameAs\":[\"https:\\\/\\\/www.facebook.com\\\/JeanLouiskateshop\"]}]}<\/script>\n<!-- \/ Yoast SEO plugin. -->","yoast_head_json":{"title":"Patins \u00e0 roues align\u00e9es BONT Scoot enfants - Xact Skate Shop","description":"Patins ajustables pour enfants. Pour les patineurs d\u00e9butants ou exp\u00e9riment\u00e9s qui souhaitent passer \u00e0 un patin de meilleure qualit\u00e9.","robots":{"index":"index","follow":"follow","max-snippet":"max-snippet:-1","max-image-preview":"max-image-preview:large","max-video-preview":"max-video-preview:-1"},"canonical":"https:\/\/xactskateshop.com\/fr\/produit\/patins-a-roues-alignees-bont-scoot-kids\/","og_locale":"fr_FR","og_type":"article","og_title":"Patins \u00e0 roues align\u00e9es BONT Scoot enfants - Xact Skate Shop","og_description":"Patins ajustables pour enfants. Pour les patineurs d\u00e9butants ou exp\u00e9riment\u00e9s qui souhaitent passer \u00e0 un patin de meilleure qualit\u00e9.","og_url":"https:\/\/xactskateshop.com\/fr\/produit\/patins-a-roues-alignees-bont-scoot-kids\/","og_site_name":"Xact Skate Shop","article_publisher":"https:\/\/www.facebook.com\/JeanLouiskateshop","article_modified_time":"2025-10-17T16:21:23+00:00","og_image":[{"width":1000,"height":1000,"url":"https:\/\/xactskateshop.com\/wp-content\/uploads\/2023\/03\/Kids-skates-Scoot_3X80mm_Mint_2-1.jpg","type":"image\/jpeg"}],"twitter_card":"summary_large_image","twitter_misc":{"Dur\u00e9e de lecture estim\u00e9e":"2 minutes"},"schema":{"@context":"https:\/\/schema.org","@graph":[{"@type":"WebPage","@id":"https:\/\/xactskateshop.com\/fr\/produit\/patins-a-roues-alignees-bont-scoot-kids\/","url":"https:\/\/xactskateshop.com\/fr\/produit\/patins-a-roues-alignees-bont-scoot-kids\/","name":"Patins \u00e0 roues align\u00e9es BONT Scoot enfants - Xact Skate Shop","isPartOf":{"@id":"http:\/\/xactskateshop.com\/fr\/#website"},"primaryImageOfPage":{"@id":"https:\/\/xactskateshop.com\/fr\/produit\/patins-a-roues-alignees-bont-scoot-kids\/#primaryimage"},"image":{"@id":"https:\/\/xactskateshop.com\/fr\/produit\/patins-a-roues-alignees-bont-scoot-kids\/#primaryimage"},"thumbnailUrl":"https:\/\/xactskateshop.com\/wp-content\/uploads\/2023\/03\/Kids-skates-Scoot_3X80mm_Mint_2-1.jpg","datePublished":"2023-03-02T19:41:38+00:00","dateModified":"2025-10-17T16:21:23+00:00","description":"Patins ajustables pour enfants. Pour les patineurs d\u00e9butants ou exp\u00e9riment\u00e9s qui souhaitent passer \u00e0 un patin de meilleure qualit\u00e9.","breadcrumb":{"@id":"https:\/\/xactskateshop.com\/fr\/produit\/patins-a-roues-alignees-bont-scoot-kids\/#breadcrumb"},"inLanguage":"fr-FR","potentialAction":[{"@type":"ReadAction","target":["https:\/\/xactskateshop.com\/fr\/produit\/patins-a-roues-alignees-bont-scoot-kids\/"]}]},{"@type":"ImageObject","inLanguage":"fr-FR","@id":"https:\/\/xactskateshop.com\/fr\/produit\/patins-a-roues-alignees-bont-scoot-kids\/#primaryimage","url":"https:\/\/xactskateshop.com\/wp-content\/uploads\/2023\/03\/Kids-skates-Scoot_3X80mm_Mint_2-1.jpg","contentUrl":"https:\/\/xactskateshop.com\/wp-content\/uploads\/2023\/03\/Kids-skates-Scoot_3X80mm_Mint_2-1.jpg","width":1000,"height":1000,"caption":"Patins ajustables pour enfants"},{"@type":"BreadcrumbList","@id":"https:\/\/xactskateshop.com\/fr\/produit\/patins-a-roues-alignees-bont-scoot-kids\/#breadcrumb","itemListElement":[{"@type":"ListItem","position":1,"name":"Home","item":"https:\/\/xactskateshop.com\/fr\/accueil\/"},{"@type":"ListItem","position":2,"name":"Boutique","item":"https:\/\/xactskateshop.com\/shop\/"},{"@type":"ListItem","position":3,"name":"Patins \u00e0 roues align\u00e9es BONT Scoot enfants"}]},{"@type":"WebSite","@id":"http:\/\/xactskateshop.com\/fr\/#website","url":"http:\/\/xactskateshop.com\/fr\/","name":"Xact Skate Shop","description":"Un site utilisant WordPress","publisher":{"@id":"http:\/\/xactskateshop.com\/fr\/#organization"},"potentialAction":[{"@type":"SearchAction","target":{"@type":"EntryPoint","urlTemplate":"http:\/\/xactskateshop.com\/fr\/?s={search_term_string}"},"query-input":{"@type":"PropertyValueSpecification","valueRequired":true,"valueName":"search_term_string"}}],"inLanguage":"fr-FR"},{"@type":"Organization","@id":"http:\/\/xactskateshop.com\/fr\/#organization","name":"XACT Skate Shop","url":"http:\/\/xactskateshop.com\/fr\/","logo":{"@type":"ImageObject","inLanguage":"fr-FR","@id":"http:\/\/xactskateshop.com\/fr\/#\/schema\/logo\/image\/","url":"http:\/\/xactskateshop.com\/wp-content\/uploads\/2024\/04\/xactskateshop-dot-com-avec-contour-noir-sans-fond-675x.jpg","contentUrl":"http:\/\/xactskateshop.com\/wp-content\/uploads\/2024\/04\/xactskateshop-dot-com-avec-contour-noir-sans-fond-675x.jpg","width":675,"height":247,"caption":"XACT Skate Shop"},"image":{"@id":"http:\/\/xactskateshop.com\/fr\/#\/schema\/logo\/image\/"},"sameAs":["https:\/\/www.facebook.com\/JeanLouiskateshop"]}]}},"_links":{"self":[{"href":"https:\/\/xactskateshop.com\/fr\/wp-json\/wp\/v2\/product\/60162","targetHints":{"allow":["GET"]}}],"collection":[{"href":"https:\/\/xactskateshop.com\/fr\/wp-json\/wp\/v2\/product"}],"about":[{"href":"https:\/\/xactskateshop.com\/fr\/wp-json\/wp\/v2\/types\/product"}],"replies":[{"embeddable":true,"href":"https:\/\/xactskateshop.com\/fr\/wp-json\/wp\/v2\/comments?post=60162"}],"wp:featuredmedia":[{"embeddable":true,"href":"https:\/\/xactskateshop.com\/fr\/wp-json\/wp\/v2\/media\/39084"}],"wp:attachment":[{"href":"https:\/\/xactskateshop.com\/fr\/wp-json\/wp\/v2\/media?parent=60162"}],"wp:term":[{"taxonomy":"product_brand","embeddable":true,"href":"https:\/\/xactskateshop.com\/fr\/wp-json\/wp\/v2\/product_brand?post=60162"},{"taxonomy":"product_cat","embeddable":true,"href":"https:\/\/xactskateshop.com\/fr\/wp-json\/wp\/v2\/product_cat?post=60162"},{"taxonomy":"product_tag","embeddable":true,"href":"https:\/\/xactskateshop.com\/fr\/wp-json\/wp\/v2\/product_tag?post=60162"}],"curies":[{"name":"wp","href":"https:\/\/api.w.org\/{rel}","templated":true}]}}