{"id":60161,"date":"2023-03-11T12:13:49","date_gmt":"2023-03-11T17:13:49","guid":{"rendered":"http:\/\/xactskateshop.com\/product\/semelles-cadomotus-resizer-3-en-1-pour-patins-chaussures-de-velo-ou-de-ski-semelles-de-sport-pour-enfants\/"},"modified":"2023-03-11T12:13:49","modified_gmt":"2023-03-11T17:13:49","slug":"semelles-cadomotus-resizer-3-en-1-pour-patins-chaussures-de-velo-ou-de-ski-semelles-de-sport-pour-enfants","status":"publish","type":"product","link":"https:\/\/xactskateshop.com\/fr\/produit\/semelles-cadomotus-resizer-3-en-1-pour-patins-chaussures-de-velo-ou-de-ski-semelles-de-sport-pour-enfants\/","title":{"rendered":"Semelles Cadomotus Resizer 3 en 1 pour patins, chaussures de v\u00e9lo ou de ski | semelles de sport pour enfants"},"content":{"rendered":"<h2>Semelle Cadomotus Resizer 3 en 1<\/h2>\n<div><\/div>\n<h3 class=\"title-small title-font\">Description<\/h3>\n<p>Une solution de taille de bottes ajustable pour les enfants dont les chaussures de sport haut de gamme sont rapidement devenues trop grandes ! Les semelles C\u00e1domotus Rookie Resizer conviennent \u00e0 toutes les chaussures de sport \u00e0 semelle dure, comme les patins \u00e0 roues align\u00e9es et les patins de vitesse sur glace, les chaussures de cyclisme ou les chaussures de ski ! Semelle Cadomotus Resizer 3 en 1 !<\/p>\n<p>\u00c9quip\u00e9e de notre semelle Resizer 3-en-1 exclusive, elle prolonge la dur\u00e9e d&#8217;utilisation de la prochaine paire de chaussures de v\u00e9lo de votre jeune cycliste !<\/p>\n<p>Enfin une solution de chaussure ajustable pour les jeunes cyclistes dont les chaussures de v\u00e9lo deviennent trop grandes \u00e0 chaque saison ! En r\u00e9sum\u00e9, les ing\u00e9nieurs de C\u00e1domotus sont conscients de l&#8217;inqui\u00e9tude des parents concernant les d\u00e9penses li\u00e9es \u00e0 l&#8217;\u00e9quipement de v\u00e9lo, alors que le nombre de cyclistes ne cesse d&#8217;augmenter, c&#8217;est pourquoi nous avons cr\u00e9\u00e9 une semelle con\u00e7ue sp\u00e9cifiquement pour les cyclistes sur route et les v\u00e9t\u00e9tistes.<\/p>\n<p>Avec nos semelles Resizer exclusives, vous cr\u00e9ez trois pointures \u00e0 partir d&#8217;une seule paire de chaussures, chacune \u00e9tant aussi ajust\u00e9e et serr\u00e9e que la pr\u00e9c\u00e9dente. Con\u00e7ues en 3D pour s&#8217;int\u00e9grer parfaitement \u00e0 la chaussure \u00e0 semelle dure, nos semelles Resizer ne glissent pas comme les semelles standard. Ils ont \u00e9t\u00e9 con\u00e7us pour les cyclistes. Ils sont confortables mais suffisamment rigides pour transf\u00e9rer la pression sur la p\u00e9dale. La partie arri\u00e8re de la semelle est con\u00e7ue pour rendre la transition entre la semelle et la doublure de la chaussure aussi douce que possible. De plus, elles sont con\u00e7ues pour un ajustement optimal, ce qui signifie qu&#8217;elles sont serr\u00e9es dans la chaussure afin d&#8217;\u00e9viter les ampoules. Contr\u00f4le total, stabilit\u00e9 et \u00e9conomie !<\/p>\n<h3>Taille<\/h3>\n<ul>\n<li><strong>Taille 34 :<\/strong> convient aux pointures 32, 33 et 34<\/li>\n<li><strong>Taille 37 :<\/strong> convient aux pointures 35, 36 et 37<\/li>\n<li><strong>Taille 40 :<\/strong> convient aux pointures 38, 39 et 40<\/li>\n<\/ul>\n<p>L&#8217;empilement de la semelle Resizer 3 en 1 permet d&#8217;ajuster la taille facilement et rapidement. Il n&#8217;y a pas d&#8217;\u00e9crous ou de vis \u00e0 retirer, il suffit de retirer le rev\u00eatement et de patiner. Par cons\u00e9quent, chaque r\u00e9duction de taille retire 6,66 mm de l&#8217;assise plantaire, de sorte que vous saurez exactement quand proc\u00e9der \u00e0 l&#8217;ajustement en fonction de l&#8217;\u00e9troitesse de l&#8217;ajustement. Lorsque les chaussures sont trop serr\u00e9es, il est temps de les redimensionner.<\/p>\n<p>Arr\u00eatez de revendre ou d&#8217;\u00e9changer des chaussures de v\u00e9lo pour pieds en pleine croissance, la semelle Resizer est l&#8217;alternative au bon prix pour amener vos enfants cyclistes \u00e0 un niveau sup\u00e9rieur en termes de qualit\u00e9, de durabilit\u00e9 et d&#8217;intelligence.<\/p>\n","protected":false},"excerpt":{"rendered":"<p>Une solution de taille de bottes ajustable pour les enfants dont les chaussures de sport haut de gamme sont rapidement devenues trop grandes ! Les semelles C\u00e1domotus Rookie Resizer conviennent \u00e0 toutes les chaussures de sport \u00e0 semelle dure, comme les patins \u00e0 roues align\u00e9es et les patins de vitesse sur glace, les chaussures de cyclisme ou les chaussures de ski !<\/p>\n<p>&nbsp;<\/p>\n","protected":false},"featured_media":30072,"comment_status":"closed","ping_status":"closed","template":"","meta":{"site-sidebar-layout":"default","site-content-layout":"default","ast-site-content-layout":"default","site-content-style":"default","site-sidebar-style":"default","ast-global-header-display":"","ast-banner-title-visibility":"","ast-main-header-display":"","ast-hfb-above-header-display":"","ast-hfb-below-header-display":"","ast-hfb-mobile-header-display":"","site-post-title":"","ast-breadcrumbs-content":"","ast-featured-img":"","footer-sml-layout":"","theme-transparent-header-meta":"default","adv-header-id-meta":"","stick-header-meta":"","header-above-stick-meta":"","header-main-stick-meta":"","header-below-stick-meta":"","astra-migrate-meta-layouts":"default","ast-page-background-enabled":"default","ast-page-background-meta":{"desktop":{"background-color":"","background-image":"","background-repeat":"repeat","background-position":"center center","background-size":"auto","background-attachment":"scroll","background-type":"","background-media":"","overlay-type":"","overlay-color":"","overlay-opacity":"","overlay-gradient":""},"tablet":{"background-color":"","background-image":"","background-repeat":"repeat","background-position":"center center","background-size":"auto","background-attachment":"scroll","background-type":"","background-media":"","overlay-type":"","overlay-color":"","overlay-opacity":"","overlay-gradient":""},"mobile":{"background-color":"","background-image":"","background-repeat":"repeat","background-position":"center center","background-size":"auto","background-attachment":"scroll","background-type":"","background-media":"","overlay-type":"","overlay-color":"","overlay-opacity":"","overlay-gradient":""}},"ast-content-background-meta":{"desktop":{"background-color":"var(--ast-global-color-5)","background-image":"","background-repeat":"repeat","background-position":"center center","background-size":"auto","background-attachment":"scroll","background-type":"","background-media":"","overlay-type":"","overlay-color":"","overlay-opacity":"","overlay-gradient":""},"tablet":{"background-color":"var(--ast-global-color-5)","background-image":"","background-repeat":"repeat","background-position":"center center","background-size":"auto","background-attachment":"scroll","background-type":"","background-media":"","overlay-type":"","overlay-color":"","overlay-opacity":"","overlay-gradient":""},"mobile":{"background-color":"var(--ast-global-color-5)","background-image":"","background-repeat":"repeat","background-position":"center center","background-size":"auto","background-attachment":"scroll","background-type":"","background-media":"","overlay-type":"","overlay-color":"","overlay-opacity":"","overlay-gradient":""}}},"product_brand":[],"product_cat":[1527,1529,2140,1728],"product_tag":[1802,1653,2333],"class_list":{"0":"post-60161","1":"product","2":"type-product","3":"status-publish","4":"has-post-thumbnail","6":"product_cat-accessoires-courte-piste","7":"product_cat-accessoires-de-patinage-a-roues-alignees","8":"product_cat-bottines-de-patinage-de-vitesse-a-roues-alignees","9":"product_cat-ensembles-de-patinage-a-roues-alignees","10":"product_tag-accessoires-de-sport","11":"product_tag-semelles","12":"product_tag-semelles-de-redimensionnement","13":"desktop-align-center","14":"tablet-align-center","15":"mobile-align-center","16":"ast-product-gallery-layout-horizontal","17":"ast-product-single-variable","18":"ast-product-tabs-layout-horizontal","19":"ast-qv-on-image","21":"first","22":"instock","23":"taxable","24":"shipping-taxable","25":"purchasable","26":"product-type-variable"},"bundled_by":[],"bundle_stock_status":"instock","bundle_stock_quantity":null,"bundle_virtual":false,"bundle_layout":"","bundle_add_to_cart_form_location":"","bundle_editable_in_cart":false,"bundle_sold_individually_context":"","bundle_item_grouping":"","bundle_min_size":"","bundle_max_size":"","bundle_price":[],"bundled_items":[],"bundle_sell_ids":[],"yoast_head":"<!-- This site is optimized with the Yoast SEO plugin v27.4 - https:\/\/yoast.com\/product\/yoast-seo-wordpress\/ -->\n<title>Semelle Cadomotus Resizer 3 en 1<\/title>\n<meta name=\"description\" content=\"Semelle Cadomotus Resizer 3 en 1. Les semelles Rookie Resizer conviennent \u00e0 tous les sports \u00e0 semelles dures comme les patins \u00e0 roues align\u00e9es, les patins de vitesse sur glace, les chaussures de cyclisme !\" \/>\n<meta name=\"robots\" content=\"index, follow, max-snippet:-1, max-image-preview:large, max-video-preview:-1\" \/>\n<link rel=\"canonical\" href=\"https:\/\/xactskateshop.com\/fr\/produit\/semelles-cadomotus-resizer-3-en-1-pour-patins-chaussures-de-velo-ou-de-ski-semelles-de-sport-pour-enfants\/\" \/>\n<meta property=\"og:locale\" content=\"fr_FR\" \/>\n<meta property=\"og:type\" content=\"article\" \/>\n<meta property=\"og:title\" content=\"Semelle Cadomotus Resizer 3 en 1\" \/>\n<meta property=\"og:description\" content=\"Semelle Cadomotus Resizer 3 en 1. Les semelles Rookie Resizer conviennent \u00e0 tous les sports \u00e0 semelles dures comme les patins \u00e0 roues align\u00e9es, les patins de vitesse sur glace, les chaussures de cyclisme !\" \/>\n<meta property=\"og:url\" content=\"https:\/\/xactskateshop.com\/fr\/produit\/semelles-cadomotus-resizer-3-en-1-pour-patins-chaussures-de-velo-ou-de-ski-semelles-de-sport-pour-enfants\/\" \/>\n<meta property=\"og:site_name\" content=\"Xact Skate Shop\" \/>\n<meta property=\"article:publisher\" content=\"https:\/\/www.facebook.com\/JeanLouiskateshop\" \/>\n<meta property=\"og:image\" content=\"https:\/\/xactskateshop.com\/wp-content\/uploads\/2023\/03\/resizer-1.jpg\" \/>\n\t<meta property=\"og:image:width\" content=\"1920\" \/>\n\t<meta property=\"og:image:height\" content=\"1920\" \/>\n\t<meta property=\"og:image:type\" content=\"image\/jpeg\" \/>\n<meta name=\"twitter:card\" content=\"summary_large_image\" \/>\n<meta name=\"twitter:label1\" content=\"Dur\u00e9e de lecture estim\u00e9e\" \/>\n\t<meta name=\"twitter:data1\" content=\"2 minutes\" \/>\n<script type=\"application\/ld+json\" class=\"yoast-schema-graph\">{\"@context\":\"https:\\\/\\\/schema.org\",\"@graph\":[{\"@type\":\"WebPage\",\"@id\":\"https:\\\/\\\/xactskateshop.com\\\/fr\\\/produit\\\/semelles-cadomotus-resizer-3-en-1-pour-patins-chaussures-de-velo-ou-de-ski-semelles-de-sport-pour-enfants\\\/\",\"url\":\"https:\\\/\\\/xactskateshop.com\\\/fr\\\/produit\\\/semelles-cadomotus-resizer-3-en-1-pour-patins-chaussures-de-velo-ou-de-ski-semelles-de-sport-pour-enfants\\\/\",\"name\":\"Semelle Cadomotus Resizer 3 en 1\",\"isPartOf\":{\"@id\":\"http:\\\/\\\/xactskateshop.com\\\/fr\\\/#website\"},\"primaryImageOfPage\":{\"@id\":\"https:\\\/\\\/xactskateshop.com\\\/fr\\\/produit\\\/semelles-cadomotus-resizer-3-en-1-pour-patins-chaussures-de-velo-ou-de-ski-semelles-de-sport-pour-enfants\\\/#primaryimage\"},\"image\":{\"@id\":\"https:\\\/\\\/xactskateshop.com\\\/fr\\\/produit\\\/semelles-cadomotus-resizer-3-en-1-pour-patins-chaussures-de-velo-ou-de-ski-semelles-de-sport-pour-enfants\\\/#primaryimage\"},\"thumbnailUrl\":\"https:\\\/\\\/xactskateshop.com\\\/wp-content\\\/uploads\\\/2023\\\/03\\\/resizer-1.jpg\",\"datePublished\":\"2023-03-11T17:13:49+00:00\",\"description\":\"Semelle Cadomotus Resizer 3 en 1. Les semelles Rookie Resizer conviennent \u00e0 tous les sports \u00e0 semelles dures comme les patins \u00e0 roues align\u00e9es, les patins de vitesse sur glace, les chaussures de cyclisme !\",\"breadcrumb\":{\"@id\":\"https:\\\/\\\/xactskateshop.com\\\/fr\\\/produit\\\/semelles-cadomotus-resizer-3-en-1-pour-patins-chaussures-de-velo-ou-de-ski-semelles-de-sport-pour-enfants\\\/#breadcrumb\"},\"inLanguage\":\"fr-FR\",\"potentialAction\":[{\"@type\":\"ReadAction\",\"target\":[\"https:\\\/\\\/xactskateshop.com\\\/fr\\\/produit\\\/semelles-cadomotus-resizer-3-en-1-pour-patins-chaussures-de-velo-ou-de-ski-semelles-de-sport-pour-enfants\\\/\"]}]},{\"@type\":\"ImageObject\",\"inLanguage\":\"fr-FR\",\"@id\":\"https:\\\/\\\/xactskateshop.com\\\/fr\\\/produit\\\/semelles-cadomotus-resizer-3-en-1-pour-patins-chaussures-de-velo-ou-de-ski-semelles-de-sport-pour-enfants\\\/#primaryimage\",\"url\":\"https:\\\/\\\/xactskateshop.com\\\/wp-content\\\/uploads\\\/2023\\\/03\\\/resizer-1.jpg\",\"contentUrl\":\"https:\\\/\\\/xactskateshop.com\\\/wp-content\\\/uploads\\\/2023\\\/03\\\/resizer-1.jpg\",\"width\":1920,\"height\":1920,\"caption\":\"semelle de skate resizer\"},{\"@type\":\"BreadcrumbList\",\"@id\":\"https:\\\/\\\/xactskateshop.com\\\/fr\\\/produit\\\/semelles-cadomotus-resizer-3-en-1-pour-patins-chaussures-de-velo-ou-de-ski-semelles-de-sport-pour-enfants\\\/#breadcrumb\",\"itemListElement\":[{\"@type\":\"ListItem\",\"position\":1,\"name\":\"Home\",\"item\":\"https:\\\/\\\/xactskateshop.com\\\/fr\\\/accueil\\\/\"},{\"@type\":\"ListItem\",\"position\":2,\"name\":\"Boutique\",\"item\":\"https:\\\/\\\/xactskateshop.com\\\/shop\\\/\"},{\"@type\":\"ListItem\",\"position\":3,\"name\":\"Semelles Cadomotus Resizer 3 en 1 pour patins, chaussures de v\u00e9lo ou de ski | semelles de sport pour enfants\"}]},{\"@type\":\"WebSite\",\"@id\":\"http:\\\/\\\/xactskateshop.com\\\/fr\\\/#website\",\"url\":\"http:\\\/\\\/xactskateshop.com\\\/fr\\\/\",\"name\":\"Xact Skate Shop\",\"description\":\"Un site utilisant WordPress\",\"publisher\":{\"@id\":\"http:\\\/\\\/xactskateshop.com\\\/fr\\\/#organization\"},\"potentialAction\":[{\"@type\":\"SearchAction\",\"target\":{\"@type\":\"EntryPoint\",\"urlTemplate\":\"http:\\\/\\\/xactskateshop.com\\\/fr\\\/?s={search_term_string}\"},\"query-input\":{\"@type\":\"PropertyValueSpecification\",\"valueRequired\":true,\"valueName\":\"search_term_string\"}}],\"inLanguage\":\"fr-FR\"},{\"@type\":\"Organization\",\"@id\":\"http:\\\/\\\/xactskateshop.com\\\/fr\\\/#organization\",\"name\":\"XACT Skate Shop\",\"url\":\"http:\\\/\\\/xactskateshop.com\\\/fr\\\/\",\"logo\":{\"@type\":\"ImageObject\",\"inLanguage\":\"fr-FR\",\"@id\":\"http:\\\/\\\/xactskateshop.com\\\/fr\\\/#\\\/schema\\\/logo\\\/image\\\/\",\"url\":\"http:\\\/\\\/xactskateshop.com\\\/wp-content\\\/uploads\\\/2024\\\/04\\\/xactskateshop-dot-com-avec-contour-noir-sans-fond-675x.jpg\",\"contentUrl\":\"http:\\\/\\\/xactskateshop.com\\\/wp-content\\\/uploads\\\/2024\\\/04\\\/xactskateshop-dot-com-avec-contour-noir-sans-fond-675x.jpg\",\"width\":675,\"height\":247,\"caption\":\"XACT Skate Shop\"},\"image\":{\"@id\":\"http:\\\/\\\/xactskateshop.com\\\/fr\\\/#\\\/schema\\\/logo\\\/image\\\/\"},\"sameAs\":[\"https:\\\/\\\/www.facebook.com\\\/JeanLouiskateshop\"]}]}<\/script>\n<!-- \/ Yoast SEO plugin. -->","yoast_head_json":{"title":"Semelle Cadomotus Resizer 3 en 1","description":"Semelle Cadomotus Resizer 3 en 1. Les semelles Rookie Resizer conviennent \u00e0 tous les sports \u00e0 semelles dures comme les patins \u00e0 roues align\u00e9es, les patins de vitesse sur glace, les chaussures de cyclisme !","robots":{"index":"index","follow":"follow","max-snippet":"max-snippet:-1","max-image-preview":"max-image-preview:large","max-video-preview":"max-video-preview:-1"},"canonical":"https:\/\/xactskateshop.com\/fr\/produit\/semelles-cadomotus-resizer-3-en-1-pour-patins-chaussures-de-velo-ou-de-ski-semelles-de-sport-pour-enfants\/","og_locale":"fr_FR","og_type":"article","og_title":"Semelle Cadomotus Resizer 3 en 1","og_description":"Semelle Cadomotus Resizer 3 en 1. Les semelles Rookie Resizer conviennent \u00e0 tous les sports \u00e0 semelles dures comme les patins \u00e0 roues align\u00e9es, les patins de vitesse sur glace, les chaussures de cyclisme !","og_url":"https:\/\/xactskateshop.com\/fr\/produit\/semelles-cadomotus-resizer-3-en-1-pour-patins-chaussures-de-velo-ou-de-ski-semelles-de-sport-pour-enfants\/","og_site_name":"Xact Skate Shop","article_publisher":"https:\/\/www.facebook.com\/JeanLouiskateshop","og_image":[{"width":1920,"height":1920,"url":"https:\/\/xactskateshop.com\/wp-content\/uploads\/2023\/03\/resizer-1.jpg","type":"image\/jpeg"}],"twitter_card":"summary_large_image","twitter_misc":{"Dur\u00e9e de lecture estim\u00e9e":"2 minutes"},"schema":{"@context":"https:\/\/schema.org","@graph":[{"@type":"WebPage","@id":"https:\/\/xactskateshop.com\/fr\/produit\/semelles-cadomotus-resizer-3-en-1-pour-patins-chaussures-de-velo-ou-de-ski-semelles-de-sport-pour-enfants\/","url":"https:\/\/xactskateshop.com\/fr\/produit\/semelles-cadomotus-resizer-3-en-1-pour-patins-chaussures-de-velo-ou-de-ski-semelles-de-sport-pour-enfants\/","name":"Semelle Cadomotus Resizer 3 en 1","isPartOf":{"@id":"http:\/\/xactskateshop.com\/fr\/#website"},"primaryImageOfPage":{"@id":"https:\/\/xactskateshop.com\/fr\/produit\/semelles-cadomotus-resizer-3-en-1-pour-patins-chaussures-de-velo-ou-de-ski-semelles-de-sport-pour-enfants\/#primaryimage"},"image":{"@id":"https:\/\/xactskateshop.com\/fr\/produit\/semelles-cadomotus-resizer-3-en-1-pour-patins-chaussures-de-velo-ou-de-ski-semelles-de-sport-pour-enfants\/#primaryimage"},"thumbnailUrl":"https:\/\/xactskateshop.com\/wp-content\/uploads\/2023\/03\/resizer-1.jpg","datePublished":"2023-03-11T17:13:49+00:00","description":"Semelle Cadomotus Resizer 3 en 1. Les semelles Rookie Resizer conviennent \u00e0 tous les sports \u00e0 semelles dures comme les patins \u00e0 roues align\u00e9es, les patins de vitesse sur glace, les chaussures de cyclisme !","breadcrumb":{"@id":"https:\/\/xactskateshop.com\/fr\/produit\/semelles-cadomotus-resizer-3-en-1-pour-patins-chaussures-de-velo-ou-de-ski-semelles-de-sport-pour-enfants\/#breadcrumb"},"inLanguage":"fr-FR","potentialAction":[{"@type":"ReadAction","target":["https:\/\/xactskateshop.com\/fr\/produit\/semelles-cadomotus-resizer-3-en-1-pour-patins-chaussures-de-velo-ou-de-ski-semelles-de-sport-pour-enfants\/"]}]},{"@type":"ImageObject","inLanguage":"fr-FR","@id":"https:\/\/xactskateshop.com\/fr\/produit\/semelles-cadomotus-resizer-3-en-1-pour-patins-chaussures-de-velo-ou-de-ski-semelles-de-sport-pour-enfants\/#primaryimage","url":"https:\/\/xactskateshop.com\/wp-content\/uploads\/2023\/03\/resizer-1.jpg","contentUrl":"https:\/\/xactskateshop.com\/wp-content\/uploads\/2023\/03\/resizer-1.jpg","width":1920,"height":1920,"caption":"semelle de skate resizer"},{"@type":"BreadcrumbList","@id":"https:\/\/xactskateshop.com\/fr\/produit\/semelles-cadomotus-resizer-3-en-1-pour-patins-chaussures-de-velo-ou-de-ski-semelles-de-sport-pour-enfants\/#breadcrumb","itemListElement":[{"@type":"ListItem","position":1,"name":"Home","item":"https:\/\/xactskateshop.com\/fr\/accueil\/"},{"@type":"ListItem","position":2,"name":"Boutique","item":"https:\/\/xactskateshop.com\/shop\/"},{"@type":"ListItem","position":3,"name":"Semelles Cadomotus Resizer 3 en 1 pour patins, chaussures de v\u00e9lo ou de ski | semelles de sport pour enfants"}]},{"@type":"WebSite","@id":"http:\/\/xactskateshop.com\/fr\/#website","url":"http:\/\/xactskateshop.com\/fr\/","name":"Xact Skate Shop","description":"Un site utilisant WordPress","publisher":{"@id":"http:\/\/xactskateshop.com\/fr\/#organization"},"potentialAction":[{"@type":"SearchAction","target":{"@type":"EntryPoint","urlTemplate":"http:\/\/xactskateshop.com\/fr\/?s={search_term_string}"},"query-input":{"@type":"PropertyValueSpecification","valueRequired":true,"valueName":"search_term_string"}}],"inLanguage":"fr-FR"},{"@type":"Organization","@id":"http:\/\/xactskateshop.com\/fr\/#organization","name":"XACT Skate Shop","url":"http:\/\/xactskateshop.com\/fr\/","logo":{"@type":"ImageObject","inLanguage":"fr-FR","@id":"http:\/\/xactskateshop.com\/fr\/#\/schema\/logo\/image\/","url":"http:\/\/xactskateshop.com\/wp-content\/uploads\/2024\/04\/xactskateshop-dot-com-avec-contour-noir-sans-fond-675x.jpg","contentUrl":"http:\/\/xactskateshop.com\/wp-content\/uploads\/2024\/04\/xactskateshop-dot-com-avec-contour-noir-sans-fond-675x.jpg","width":675,"height":247,"caption":"XACT Skate Shop"},"image":{"@id":"http:\/\/xactskateshop.com\/fr\/#\/schema\/logo\/image\/"},"sameAs":["https:\/\/www.facebook.com\/JeanLouiskateshop"]}]}},"_links":{"self":[{"href":"https:\/\/xactskateshop.com\/fr\/wp-json\/wp\/v2\/product\/60161","targetHints":{"allow":["GET"]}}],"collection":[{"href":"https:\/\/xactskateshop.com\/fr\/wp-json\/wp\/v2\/product"}],"about":[{"href":"https:\/\/xactskateshop.com\/fr\/wp-json\/wp\/v2\/types\/product"}],"replies":[{"embeddable":true,"href":"https:\/\/xactskateshop.com\/fr\/wp-json\/wp\/v2\/comments?post=60161"}],"wp:featuredmedia":[{"embeddable":true,"href":"https:\/\/xactskateshop.com\/fr\/wp-json\/wp\/v2\/media\/30072"}],"wp:attachment":[{"href":"https:\/\/xactskateshop.com\/fr\/wp-json\/wp\/v2\/media?parent=60161"}],"wp:term":[{"taxonomy":"product_brand","embeddable":true,"href":"https:\/\/xactskateshop.com\/fr\/wp-json\/wp\/v2\/product_brand?post=60161"},{"taxonomy":"product_cat","embeddable":true,"href":"https:\/\/xactskateshop.com\/fr\/wp-json\/wp\/v2\/product_cat?post=60161"},{"taxonomy":"product_tag","embeddable":true,"href":"https:\/\/xactskateshop.com\/fr\/wp-json\/wp\/v2\/product_tag?post=60161"}],"curies":[{"name":"wp","href":"https:\/\/api.w.org\/{rel}","templated":true}]}}