{"id":60119,"date":"2023-02-25T12:49:22","date_gmt":"2023-02-25T17:49:22","guid":{"rendered":"http:\/\/xactskateshop.com\/product\/bont-bnt-195mm-inline-speed-skate-boots-limited-edition\/"},"modified":"2023-02-25T12:49:22","modified_gmt":"2023-02-25T17:49:22","slug":"bont-bnt-195mm-inline-speed-skate-boots-limited-edition","status":"publish","type":"product","link":"https:\/\/xactskateshop.com\/fr\/produit\/bont-bnt-195mm-inline-speed-skate-boots-limited-edition\/","title":{"rendered":"BONT BNT 195mm Inline Speed Skate Boots (limited edition)"},"content":{"rendered":"<div class=\"ast-oembed-container \" style=\"height: 100%;\"><iframe title=\"Joey Mantia Parking Lot Sessions Episode 3 - Liberty Park, Salt Lake City, UT\" width=\"500\" height=\"281\" src=\"https:\/\/www.youtube.com\/embed\/myO8I637q-A?feature=oembed\" frameborder=\"0\" allow=\"accelerometer; autoplay; clipboard-write; encrypted-media; gyroscope; picture-in-picture; web-share\" referrerpolicy=\"strict-origin-when-cross-origin\" allowfullscreen><\/iframe><\/div>\n<p>Bont BNT limited<\/p>\n<p>La BNT est la chaussure de patinage de vitesse en ligne simple et classique de Bont. Les lignes sont nettes et simples. <\/p>\n<h3>La base<\/h3>\n<p>La base de la botte est compos\u00e9e \u00e0 100 % de fibre de carbone et de la c\u00e9l\u00e8bre r\u00e9sine \u00e9poxy de Bont, qui peut \u00eatre moul\u00e9e \u00e0 chaud. Le rembourrage est en n\u00e9opr\u00e8ne, une mousse \u00e0 cellules ferm\u00e9es qui n&#8217;absorbe pas l&#8217;eau. Cette chaussure de patinage de vitesse est ultra-l\u00e9g\u00e8re car elle n&#8217;a pas de pare-chocs, de thermoplastique ou de fermetures \u00e0 glissi\u00e8re. La base en carbone de la chaussure a une finition mate qui est plus l\u00e9g\u00e8re que la finition brillante habituelle que l&#8217;on trouve sur la plupart des patins de vitesse en ligne.   <\/p>\n<p>Les blocs de montage sont en aluminium avec un \u00e9crou en acier tremp\u00e9. Saviez-vous que Bont n&#8217;a jamais re\u00e7u un seul patin retourn\u00e9 \u00e0 cause d&#8217;un probl\u00e8me de bloc de montage ? Notre syst\u00e8me est infaillible. Les vis de montage sont munies de Loctite pour \u00e9viter qu&#8217;elles ne se d\u00e9fassent pendant une course.   <\/p>\n<h2>La partie sup\u00e9rieure<\/h2>\n<p>Le rev\u00eatement ext\u00e9rieur est en Durolite, habituellement r\u00e9serv\u00e9 \u00e0 la Bont Vaypor, et le chausson est en Suede-L, ce qui permet de se sentir bien avec ou sans chaussettes.<\/p>\n<p>La languette de la botte est munie d&#8217;une ventilation pour garder les pieds au frais et d&#8217;un velcro pour la maintenir en place. Le rembourrage de la languette est confortable et emp\u00eache le mordillement du lacet. Avec des lacets cir\u00e9s tr\u00e8s peu extensibles.<\/p>\n<p>La botte est construite avec un talon plus serr\u00e9 que la normale pour maintenir le pied aussi fermement que possible et donner une sensation aussi proche du sur-mesure que possible. Cette chaussure est con\u00e7ue pour les coureurs professionnels. La chaussure BNT inline est donc tr\u00e8s r\u00e9active et ne convient pas aux patineurs qui veulent une chaussure tr\u00e8s rembourr\u00e9e.<\/p>\n<p><strong>Bont BNT limited Caract\u00e9ristiques<\/strong><\/p>\n<ul>\n<li><strong>Base :<\/strong> 100 % carbone avec finition mate<\/li>\n<li><strong>Rev\u00eatement ext\u00e9rieur :<\/strong> Durolite<\/li>\n<li><strong>Doublure :<\/strong> Daim-L<\/li>\n<li><strong>Pas :<\/strong> 12mm<\/li>\n<li><strong>Fentes d&#8217;a\u00e9ration :<\/strong> Languette<\/li>\n<li><strong>Semelle int\u00e9rieure :<\/strong> EVA thermo-moulable<\/li>\n<li><strong>Thermoformable :<\/strong> Base enti\u00e8rement thermoformable utilisant une r\u00e9sine \u00e9poxy thermodurcissable.<\/li>\n<li><strong>Rembourrage :<\/strong> N\u00e9oprine 2mm<\/li>\n<li><strong>Protection :<\/strong> aucune<\/li>\n<li><strong>V\u00e9g\u00e9talien :<\/strong> Oui<\/li>\n<\/ul>\n<p>Vous pouvez les obtenir <a href=\"https:\/\/canada.bont.com\/collections\/inline-speed-skating-boots\/products\/bnt-195mm-inline-speed-skate-boots-special-edition\">ici !<\/a><\/p>\n<p>Vous pouvez les emballer <a href=\"https:\/\/canada.bont.com\/collections\/inline-speed-skates\/products\/bnt-inline-speed-skates-special-edition\">ici !<\/a><\/p>\n","protected":false},"excerpt":{"rendered":"<p>Bont BNT limited<\/p>\n<p>La BNT est la chaussure de patinage de vitesse en ligne simple et classique de Bont. Les lignes sont nettes et simples. <\/p>\n<p><strong>Si la taille command\u00e9e n&#8217;est pas en stock au Canada, cela peut prendre jusqu&#8217;\u00e0 6 semaines.<\/strong><\/p>\n","protected":false},"featured_media":21619,"comment_status":"closed","ping_status":"closed","template":"","meta":{"site-sidebar-layout":"default","site-content-layout":"default","ast-site-content-layout":"default","site-content-style":"default","site-sidebar-style":"default","ast-global-header-display":"","ast-banner-title-visibility":"","ast-main-header-display":"","ast-hfb-above-header-display":"","ast-hfb-below-header-display":"","ast-hfb-mobile-header-display":"","site-post-title":"","ast-breadcrumbs-content":"","ast-featured-img":"","footer-sml-layout":"","ast-disable-related-posts":"","theme-transparent-header-meta":"default","adv-header-id-meta":"","stick-header-meta":"","header-above-stick-meta":"","header-main-stick-meta":"","header-below-stick-meta":"","astra-migrate-meta-layouts":"default","ast-page-background-enabled":"default","ast-page-background-meta":{"desktop":{"background-color":"","background-image":"","background-repeat":"repeat","background-position":"center center","background-size":"auto","background-attachment":"scroll","background-type":"","background-media":"","overlay-type":"","overlay-color":"","overlay-opacity":"","overlay-gradient":""},"tablet":{"background-color":"","background-image":"","background-repeat":"repeat","background-position":"center center","background-size":"auto","background-attachment":"scroll","background-type":"","background-media":"","overlay-type":"","overlay-color":"","overlay-opacity":"","overlay-gradient":""},"mobile":{"background-color":"","background-image":"","background-repeat":"repeat","background-position":"center center","background-size":"auto","background-attachment":"scroll","background-type":"","background-media":"","overlay-type":"","overlay-color":"","overlay-opacity":"","overlay-gradient":""}},"ast-content-background-meta":{"desktop":{"background-color":"var(--ast-global-color-5)","background-image":"","background-repeat":"repeat","background-position":"center center","background-size":"auto","background-attachment":"scroll","background-type":"","background-media":"","overlay-type":"","overlay-color":"","overlay-opacity":"","overlay-gradient":""},"tablet":{"background-color":"var(--ast-global-color-5)","background-image":"","background-repeat":"repeat","background-position":"center center","background-size":"auto","background-attachment":"scroll","background-type":"","background-media":"","overlay-type":"","overlay-color":"","overlay-opacity":"","overlay-gradient":""},"mobile":{"background-color":"var(--ast-global-color-5)","background-image":"","background-repeat":"repeat","background-position":"center center","background-size":"auto","background-attachment":"scroll","background-type":"","background-media":"","overlay-type":"","overlay-color":"","overlay-opacity":"","overlay-gradient":""}}},"product_brand":[],"product_cat":[2140,1589],"product_tag":[2316,1390,2326,2295],"class_list":{"0":"post-60119","1":"product","2":"type-product","3":"status-publish","4":"has-post-thumbnail","6":"product_cat-bottines-de-patinage-de-vitesse-a-roues-alignees","7":"product_cat-patinage-de-vitesse-a-roues-alignees","8":"product_tag-botte-de-jet","9":"product_tag-bottes-bont","10":"product_tag-bottes-en-edition-limitee","11":"product_tag-bottes-en-ligne","12":"desktop-align-center","13":"tablet-align-center","14":"mobile-align-center","15":"ast-product-gallery-layout-horizontal","16":"ast-product-single-variable","17":"ast-product-tabs-layout-horizontal","18":"ast-qv-on-image","20":"first","21":"instock","22":"taxable","23":"shipping-taxable","24":"purchasable","25":"product-type-variable"},"bundled_by":[],"bundle_stock_status":"instock","bundle_stock_quantity":null,"bundle_virtual":false,"bundle_layout":"","bundle_add_to_cart_form_location":"","bundle_editable_in_cart":false,"bundle_sold_individually_context":"","bundle_item_grouping":"","bundle_min_size":"","bundle_max_size":"","bundle_price":[],"bundled_items":[],"bundle_sell_ids":[],"yoast_head":"<!-- This site is optimized with the Yoast SEO plugin v27.5 - https:\/\/yoast.com\/product\/yoast-seo-wordpress\/ -->\n<title>Bont BNT limited - %.<\/title>\n<meta name=\"description\" content=\"Bont BNT limited. La BNT est la chaussure de patinage de vitesse en ligne simple et classique de Bont. Les lignes sont nettes et simples. Obtenez le v\u00f4tre ici !\" \/>\n<meta name=\"robots\" content=\"index, follow, max-snippet:-1, max-image-preview:large, max-video-preview:-1\" \/>\n<link rel=\"canonical\" href=\"https:\/\/xactskateshop.com\/fr\/produit\/bont-bnt-195mm-inline-speed-skate-boots-limited-edition\/\" \/>\n<meta property=\"og:locale\" content=\"fr_FR\" \/>\n<meta property=\"og:type\" content=\"article\" \/>\n<meta property=\"og:title\" content=\"Bont BNT limited - %.\" \/>\n<meta property=\"og:description\" content=\"Bont BNT limited. La BNT est la chaussure de patinage de vitesse en ligne simple et classique de Bont. Les lignes sont nettes et simples. Obtenez le v\u00f4tre ici !\" \/>\n<meta property=\"og:url\" content=\"https:\/\/xactskateshop.com\/fr\/produit\/bont-bnt-195mm-inline-speed-skate-boots-limited-edition\/\" \/>\n<meta property=\"og:site_name\" content=\"Xact Skate Shop\" \/>\n<meta property=\"article:publisher\" content=\"https:\/\/www.facebook.com\/JeanLouiskateshop\" \/>\n<meta property=\"og:image\" content=\"https:\/\/xactskateshop.com\/wp-content\/uploads\/2023\/02\/BNT-shiny-silver-inline-skates.jpg\" \/>\n\t<meta property=\"og:image:width\" content=\"1000\" \/>\n\t<meta property=\"og:image:height\" content=\"1000\" \/>\n\t<meta property=\"og:image:type\" content=\"image\/jpeg\" \/>\n<meta name=\"twitter:card\" content=\"summary_large_image\" \/>\n<meta name=\"twitter:label1\" content=\"Dur\u00e9e de lecture estim\u00e9e\" \/>\n\t<meta name=\"twitter:data1\" content=\"2 minutes\" \/>\n<script type=\"application\/ld+json\" class=\"yoast-schema-graph\">{\"@context\":\"https:\\\/\\\/schema.org\",\"@graph\":[{\"@type\":\"WebPage\",\"@id\":\"https:\\\/\\\/xactskateshop.com\\\/fr\\\/produit\\\/bont-bnt-195mm-inline-speed-skate-boots-limited-edition\\\/\",\"url\":\"https:\\\/\\\/xactskateshop.com\\\/fr\\\/produit\\\/bont-bnt-195mm-inline-speed-skate-boots-limited-edition\\\/\",\"name\":\"Bont BNT limited - %.\",\"isPartOf\":{\"@id\":\"http:\\\/\\\/xactskateshop.com\\\/fr\\\/#website\"},\"primaryImageOfPage\":{\"@id\":\"https:\\\/\\\/xactskateshop.com\\\/fr\\\/produit\\\/bont-bnt-195mm-inline-speed-skate-boots-limited-edition\\\/#primaryimage\"},\"image\":{\"@id\":\"https:\\\/\\\/xactskateshop.com\\\/fr\\\/produit\\\/bont-bnt-195mm-inline-speed-skate-boots-limited-edition\\\/#primaryimage\"},\"thumbnailUrl\":\"https:\\\/\\\/xactskateshop.com\\\/wp-content\\\/uploads\\\/2023\\\/02\\\/BNT-shiny-silver-inline-skates.jpg\",\"datePublished\":\"2023-02-25T17:49:22+00:00\",\"description\":\"Bont BNT limited. La BNT est la chaussure de patinage de vitesse en ligne simple et classique de Bont. Les lignes sont nettes et simples. Obtenez le v\u00f4tre ici !\",\"breadcrumb\":{\"@id\":\"https:\\\/\\\/xactskateshop.com\\\/fr\\\/produit\\\/bont-bnt-195mm-inline-speed-skate-boots-limited-edition\\\/#breadcrumb\"},\"inLanguage\":\"fr-FR\",\"potentialAction\":[{\"@type\":\"ReadAction\",\"target\":[\"https:\\\/\\\/xactskateshop.com\\\/fr\\\/produit\\\/bont-bnt-195mm-inline-speed-skate-boots-limited-edition\\\/\"]}]},{\"@type\":\"ImageObject\",\"inLanguage\":\"fr-FR\",\"@id\":\"https:\\\/\\\/xactskateshop.com\\\/fr\\\/produit\\\/bont-bnt-195mm-inline-speed-skate-boots-limited-edition\\\/#primaryimage\",\"url\":\"https:\\\/\\\/xactskateshop.com\\\/wp-content\\\/uploads\\\/2023\\\/02\\\/BNT-shiny-silver-inline-skates.jpg\",\"contentUrl\":\"https:\\\/\\\/xactskateshop.com\\\/wp-content\\\/uploads\\\/2023\\\/02\\\/BNT-shiny-silver-inline-skates.jpg\",\"width\":1000,\"height\":1000,\"caption\":\"Bont BNT limited\"},{\"@type\":\"BreadcrumbList\",\"@id\":\"https:\\\/\\\/xactskateshop.com\\\/fr\\\/produit\\\/bont-bnt-195mm-inline-speed-skate-boots-limited-edition\\\/#breadcrumb\",\"itemListElement\":[{\"@type\":\"ListItem\",\"position\":1,\"name\":\"Home\",\"item\":\"https:\\\/\\\/xactskateshop.com\\\/fr\\\/accueil\\\/\"},{\"@type\":\"ListItem\",\"position\":2,\"name\":\"Boutique\",\"item\":\"https:\\\/\\\/xactskateshop.com\\\/shop\\\/\"},{\"@type\":\"ListItem\",\"position\":3,\"name\":\"BONT BNT 195mm Inline Speed Skate Boots (limited edition)\"}]},{\"@type\":\"WebSite\",\"@id\":\"http:\\\/\\\/xactskateshop.com\\\/fr\\\/#website\",\"url\":\"http:\\\/\\\/xactskateshop.com\\\/fr\\\/\",\"name\":\"Xact Skate Shop\",\"description\":\"Un site utilisant WordPress\",\"publisher\":{\"@id\":\"http:\\\/\\\/xactskateshop.com\\\/fr\\\/#organization\"},\"potentialAction\":[{\"@type\":\"SearchAction\",\"target\":{\"@type\":\"EntryPoint\",\"urlTemplate\":\"http:\\\/\\\/xactskateshop.com\\\/fr\\\/?s={search_term_string}\"},\"query-input\":{\"@type\":\"PropertyValueSpecification\",\"valueRequired\":true,\"valueName\":\"search_term_string\"}}],\"inLanguage\":\"fr-FR\"},{\"@type\":\"Organization\",\"@id\":\"http:\\\/\\\/xactskateshop.com\\\/fr\\\/#organization\",\"name\":\"XACT Skate Shop\",\"url\":\"http:\\\/\\\/xactskateshop.com\\\/fr\\\/\",\"logo\":{\"@type\":\"ImageObject\",\"inLanguage\":\"fr-FR\",\"@id\":\"http:\\\/\\\/xactskateshop.com\\\/fr\\\/#\\\/schema\\\/logo\\\/image\\\/\",\"url\":\"http:\\\/\\\/xactskateshop.com\\\/wp-content\\\/uploads\\\/2024\\\/04\\\/xactskateshop-dot-com-avec-contour-noir-sans-fond-675x.jpg\",\"contentUrl\":\"http:\\\/\\\/xactskateshop.com\\\/wp-content\\\/uploads\\\/2024\\\/04\\\/xactskateshop-dot-com-avec-contour-noir-sans-fond-675x.jpg\",\"width\":675,\"height\":247,\"caption\":\"XACT Skate Shop\"},\"image\":{\"@id\":\"http:\\\/\\\/xactskateshop.com\\\/fr\\\/#\\\/schema\\\/logo\\\/image\\\/\"},\"sameAs\":[\"https:\\\/\\\/www.facebook.com\\\/JeanLouiskateshop\"]}]}<\/script>\n<!-- \/ Yoast SEO plugin. -->","yoast_head_json":{"title":"Bont BNT limited - %.","description":"Bont BNT limited. La BNT est la chaussure de patinage de vitesse en ligne simple et classique de Bont. Les lignes sont nettes et simples. Obtenez le v\u00f4tre ici !","robots":{"index":"index","follow":"follow","max-snippet":"max-snippet:-1","max-image-preview":"max-image-preview:large","max-video-preview":"max-video-preview:-1"},"canonical":"https:\/\/xactskateshop.com\/fr\/produit\/bont-bnt-195mm-inline-speed-skate-boots-limited-edition\/","og_locale":"fr_FR","og_type":"article","og_title":"Bont BNT limited - %.","og_description":"Bont BNT limited. La BNT est la chaussure de patinage de vitesse en ligne simple et classique de Bont. Les lignes sont nettes et simples. Obtenez le v\u00f4tre ici !","og_url":"https:\/\/xactskateshop.com\/fr\/produit\/bont-bnt-195mm-inline-speed-skate-boots-limited-edition\/","og_site_name":"Xact Skate Shop","article_publisher":"https:\/\/www.facebook.com\/JeanLouiskateshop","og_image":[{"width":1000,"height":1000,"url":"https:\/\/xactskateshop.com\/wp-content\/uploads\/2023\/02\/BNT-shiny-silver-inline-skates.jpg","type":"image\/jpeg"}],"twitter_card":"summary_large_image","twitter_misc":{"Dur\u00e9e de lecture estim\u00e9e":"2 minutes"},"schema":{"@context":"https:\/\/schema.org","@graph":[{"@type":"WebPage","@id":"https:\/\/xactskateshop.com\/fr\/produit\/bont-bnt-195mm-inline-speed-skate-boots-limited-edition\/","url":"https:\/\/xactskateshop.com\/fr\/produit\/bont-bnt-195mm-inline-speed-skate-boots-limited-edition\/","name":"Bont BNT limited - %.","isPartOf":{"@id":"http:\/\/xactskateshop.com\/fr\/#website"},"primaryImageOfPage":{"@id":"https:\/\/xactskateshop.com\/fr\/produit\/bont-bnt-195mm-inline-speed-skate-boots-limited-edition\/#primaryimage"},"image":{"@id":"https:\/\/xactskateshop.com\/fr\/produit\/bont-bnt-195mm-inline-speed-skate-boots-limited-edition\/#primaryimage"},"thumbnailUrl":"https:\/\/xactskateshop.com\/wp-content\/uploads\/2023\/02\/BNT-shiny-silver-inline-skates.jpg","datePublished":"2023-02-25T17:49:22+00:00","description":"Bont BNT limited. La BNT est la chaussure de patinage de vitesse en ligne simple et classique de Bont. Les lignes sont nettes et simples. Obtenez le v\u00f4tre ici !","breadcrumb":{"@id":"https:\/\/xactskateshop.com\/fr\/produit\/bont-bnt-195mm-inline-speed-skate-boots-limited-edition\/#breadcrumb"},"inLanguage":"fr-FR","potentialAction":[{"@type":"ReadAction","target":["https:\/\/xactskateshop.com\/fr\/produit\/bont-bnt-195mm-inline-speed-skate-boots-limited-edition\/"]}]},{"@type":"ImageObject","inLanguage":"fr-FR","@id":"https:\/\/xactskateshop.com\/fr\/produit\/bont-bnt-195mm-inline-speed-skate-boots-limited-edition\/#primaryimage","url":"https:\/\/xactskateshop.com\/wp-content\/uploads\/2023\/02\/BNT-shiny-silver-inline-skates.jpg","contentUrl":"https:\/\/xactskateshop.com\/wp-content\/uploads\/2023\/02\/BNT-shiny-silver-inline-skates.jpg","width":1000,"height":1000,"caption":"Bont BNT limited"},{"@type":"BreadcrumbList","@id":"https:\/\/xactskateshop.com\/fr\/produit\/bont-bnt-195mm-inline-speed-skate-boots-limited-edition\/#breadcrumb","itemListElement":[{"@type":"ListItem","position":1,"name":"Home","item":"https:\/\/xactskateshop.com\/fr\/accueil\/"},{"@type":"ListItem","position":2,"name":"Boutique","item":"https:\/\/xactskateshop.com\/shop\/"},{"@type":"ListItem","position":3,"name":"BONT BNT 195mm Inline Speed Skate Boots (limited edition)"}]},{"@type":"WebSite","@id":"http:\/\/xactskateshop.com\/fr\/#website","url":"http:\/\/xactskateshop.com\/fr\/","name":"Xact Skate Shop","description":"Un site utilisant WordPress","publisher":{"@id":"http:\/\/xactskateshop.com\/fr\/#organization"},"potentialAction":[{"@type":"SearchAction","target":{"@type":"EntryPoint","urlTemplate":"http:\/\/xactskateshop.com\/fr\/?s={search_term_string}"},"query-input":{"@type":"PropertyValueSpecification","valueRequired":true,"valueName":"search_term_string"}}],"inLanguage":"fr-FR"},{"@type":"Organization","@id":"http:\/\/xactskateshop.com\/fr\/#organization","name":"XACT Skate Shop","url":"http:\/\/xactskateshop.com\/fr\/","logo":{"@type":"ImageObject","inLanguage":"fr-FR","@id":"http:\/\/xactskateshop.com\/fr\/#\/schema\/logo\/image\/","url":"http:\/\/xactskateshop.com\/wp-content\/uploads\/2024\/04\/xactskateshop-dot-com-avec-contour-noir-sans-fond-675x.jpg","contentUrl":"http:\/\/xactskateshop.com\/wp-content\/uploads\/2024\/04\/xactskateshop-dot-com-avec-contour-noir-sans-fond-675x.jpg","width":675,"height":247,"caption":"XACT Skate Shop"},"image":{"@id":"http:\/\/xactskateshop.com\/fr\/#\/schema\/logo\/image\/"},"sameAs":["https:\/\/www.facebook.com\/JeanLouiskateshop"]}]}},"_links":{"self":[{"href":"https:\/\/xactskateshop.com\/fr\/wp-json\/wp\/v2\/product\/60119","targetHints":{"allow":["GET"]}}],"collection":[{"href":"https:\/\/xactskateshop.com\/fr\/wp-json\/wp\/v2\/product"}],"about":[{"href":"https:\/\/xactskateshop.com\/fr\/wp-json\/wp\/v2\/types\/product"}],"replies":[{"embeddable":true,"href":"https:\/\/xactskateshop.com\/fr\/wp-json\/wp\/v2\/comments?post=60119"}],"wp:featuredmedia":[{"embeddable":true,"href":"https:\/\/xactskateshop.com\/fr\/wp-json\/wp\/v2\/media\/21619"}],"wp:attachment":[{"href":"https:\/\/xactskateshop.com\/fr\/wp-json\/wp\/v2\/media?parent=60119"}],"wp:term":[{"taxonomy":"product_brand","embeddable":true,"href":"https:\/\/xactskateshop.com\/fr\/wp-json\/wp\/v2\/product_brand?post=60119"},{"taxonomy":"product_cat","embeddable":true,"href":"https:\/\/xactskateshop.com\/fr\/wp-json\/wp\/v2\/product_cat?post=60119"},{"taxonomy":"product_tag","embeddable":true,"href":"https:\/\/xactskateshop.com\/fr\/wp-json\/wp\/v2\/product_tag?post=60119"}],"curies":[{"name":"wp","href":"https:\/\/api.w.org\/{rel}","templated":true}]}}