{"id":60114,"date":"2023-01-09T12:56:35","date_gmt":"2023-01-09T17:56:35","guid":{"rendered":"http:\/\/xactskateshop.com\/product\/xact-skate-shop-veste-isolee\/"},"modified":"2023-01-09T12:56:35","modified_gmt":"2023-01-09T17:56:35","slug":"xact-skate-shop-veste-isolee","status":"publish","type":"product","link":"https:\/\/xactskateshop.com\/fr\/produit\/xact-skate-shop-veste-isolee\/","title":{"rendered":"Xact Skate Shop Veste isol\u00e9e"},"content":{"rendered":"<p>La veste isol\u00e9e Xact Skate Shop Hybrid offre une chaleur l\u00e9g\u00e8re sup\u00e9rieure pour un style de vie actif. Une finition d\u00e9perlante vous garde au sec, tandis que les languettes \u00e0 pression du syst\u00e8me permettent de l&#8217;ajouter facilement \u00e0 une autre veste en tant que couche int\u00e9rieure chaude. Pour plus de confort, cette veste est dot\u00e9e d&#8217;un ourlet arri\u00e8re rabattu, de poignets profil\u00e9s avec sorties pour le pouce et de coudes articul\u00e9s. Une pochette m\u00e9dia int\u00e9rieure et un guide-cordon permettent de garder les appareils \u00e0 port\u00e9e de main.<\/p>\n<p><strong>TISSU :<\/strong><\/p>\n<p><strong>EXT\u00c9RIEUR : <\/strong>100% Nylon dull cire 380T tiss\u00e9, d\u00e9perlant (600mm) et imperm\u00e9able \u00e0 la pluie, 38 g\/m\u00b2 (1.1 oz\/yd\u00b2).<\/p>\n<p><strong>CONTRASTE : <\/strong>100% Polyester tricot\u00e9 avec finition DWR.<\/p>\n<p><strong>ISOLATION : <\/strong>100% Polyester faux duvet, 250 g (8.8 oz) Men&#8217;s sz L, 217 g (7.7 oz) Women&#8217;s sz M.<\/p>\n<p>Cliquez sur le tableau des tailles ci-dessous<\/p>\n<p><a href=\"http:\/\/xactskateshop.com\/wp-content\/uploads\/2023\/01\/ENG_MAIN_SIZE-CHART.pdf\" target=\"_blank\" rel=\"noopener\">ENG_MAIN_SIWART<\/a><\/p>\n","protected":false},"excerpt":{"rendered":"<p>La veste isol\u00e9e Xact Skate Shop Hybrid offre une chaleur l\u00e9g\u00e8re sup\u00e9rieure pour un style de vie actif. Une finition d\u00e9perlante vous garde au sec, tandis que les languettes \u00e0 pression du syst\u00e8me permettent de l&#8217;ajouter facilement \u00e0 une autre veste en tant que couche int\u00e9rieure chaude. Pour plus de confort, cette veste est dot\u00e9e d&#8217;un ourlet arri\u00e8re rabattu, de poignets profil\u00e9s avec sorties pour le pouce et de coudes articul\u00e9s. Une pochette m\u00e9dia int\u00e9rieure et un guide-cordon permettent de garder les appareils \u00e0 port\u00e9e de main.<\/p>\n","protected":false},"featured_media":21270,"comment_status":"closed","ping_status":"closed","template":"","meta":{"site-sidebar-layout":"default","site-content-layout":"default","ast-site-content-layout":"default","site-content-style":"default","site-sidebar-style":"default","ast-global-header-display":"","ast-banner-title-visibility":"","ast-main-header-display":"","ast-hfb-above-header-display":"","ast-hfb-below-header-display":"","ast-hfb-mobile-header-display":"","site-post-title":"","ast-breadcrumbs-content":"","ast-featured-img":"","footer-sml-layout":"","theme-transparent-header-meta":"default","adv-header-id-meta":"","stick-header-meta":"","header-above-stick-meta":"","header-main-stick-meta":"","header-below-stick-meta":"","astra-migrate-meta-layouts":"default","ast-page-background-enabled":"default","ast-page-background-meta":{"desktop":{"background-color":"","background-image":"","background-repeat":"repeat","background-position":"center center","background-size":"auto","background-attachment":"scroll","background-type":"","background-media":"","overlay-type":"","overlay-color":"","overlay-opacity":"","overlay-gradient":""},"tablet":{"background-color":"","background-image":"","background-repeat":"repeat","background-position":"center center","background-size":"auto","background-attachment":"scroll","background-type":"","background-media":"","overlay-type":"","overlay-color":"","overlay-opacity":"","overlay-gradient":""},"mobile":{"background-color":"","background-image":"","background-repeat":"repeat","background-position":"center center","background-size":"auto","background-attachment":"scroll","background-type":"","background-media":"","overlay-type":"","overlay-color":"","overlay-opacity":"","overlay-gradient":""}},"ast-content-background-meta":{"desktop":{"background-color":"var(--ast-global-color-5)","background-image":"","background-repeat":"repeat","background-position":"center center","background-size":"auto","background-attachment":"scroll","background-type":"","background-media":"","overlay-type":"","overlay-color":"","overlay-opacity":"","overlay-gradient":""},"tablet":{"background-color":"var(--ast-global-color-5)","background-image":"","background-repeat":"repeat","background-position":"center center","background-size":"auto","background-attachment":"scroll","background-type":"","background-media":"","overlay-type":"","overlay-color":"","overlay-opacity":"","overlay-gradient":""},"mobile":{"background-color":"var(--ast-global-color-5)","background-image":"","background-repeat":"repeat","background-position":"center center","background-size":"auto","background-attachment":"scroll","background-type":"","background-media":"","overlay-type":"","overlay-color":"","overlay-opacity":"","overlay-gradient":""}}},"product_brand":[],"product_cat":[1588],"product_tag":[1385,1403,2359,1885,2248,2360,2358,2299,2361,2362],"class_list":{"0":"post-60114","1":"product","2":"type-product","3":"status-publish","4":"has-post-thumbnail","6":"product_cat-vetements","7":"product_tag-boutique-xactskate","8":"product_tag-patinage-de-vitesse","9":"product_tag-saison-froide","10":"product_tag-sports-fr","11":"product_tag-sports-dhiver","12":"product_tag-veste","13":"product_tag-veste-isolee","14":"product_tag-vetements","15":"product_tag-vetements-dhiver","16":"product_tag-vetements-de-sport","17":"desktop-align-center","18":"tablet-align-center","19":"mobile-align-center","20":"ast-product-gallery-layout-horizontal","21":"ast-product-gallery-with-no-image","22":"ast-product-single-variable","23":"ast-product-tabs-layout-horizontal","24":"ast-qv-on-image","26":"first","27":"instock","28":"sale","29":"taxable","30":"shipping-taxable","31":"purchasable","32":"product-type-variable"},"bundled_by":[],"bundle_stock_status":"instock","bundle_stock_quantity":null,"bundle_virtual":false,"bundle_layout":"","bundle_add_to_cart_form_location":"","bundle_editable_in_cart":false,"bundle_sold_individually_context":"","bundle_item_grouping":"","bundle_min_size":"","bundle_max_size":"","bundle_price":[],"bundled_items":[],"bundle_sell_ids":[],"yoast_head":"<!-- This site is optimized with the Yoast SEO plugin v27.4 - https:\/\/yoast.com\/product\/yoast-seo-wordpress\/ -->\n<title>Xact Skate Shop Veste isol\u00e9e - Xact Skate Shop<\/title>\n<meta name=\"description\" content=\"La veste isol\u00e9e Xact Skate Shop Hybrid offre une chaleur l\u00e9g\u00e8re sup\u00e9rieure pour un style de vie actif. Obtenez le v\u00f4tre ici !\" \/>\n<meta name=\"robots\" content=\"index, follow, max-snippet:-1, max-image-preview:large, max-video-preview:-1\" \/>\n<link rel=\"canonical\" href=\"https:\/\/xactskateshop.com\/fr\/produit\/xact-skate-shop-veste-isolee\/\" \/>\n<meta property=\"og:locale\" content=\"fr_FR\" \/>\n<meta property=\"og:type\" content=\"article\" \/>\n<meta property=\"og:title\" content=\"Xact Skate Shop Veste isol\u00e9e - Xact Skate Shop\" \/>\n<meta property=\"og:description\" content=\"La veste isol\u00e9e Xact Skate Shop Hybrid offre une chaleur l\u00e9g\u00e8re sup\u00e9rieure pour un style de vie actif. Obtenez le v\u00f4tre ici !\" \/>\n<meta property=\"og:url\" content=\"https:\/\/xactskateshop.com\/fr\/produit\/xact-skate-shop-veste-isolee\/\" \/>\n<meta property=\"og:site_name\" content=\"Xact Skate Shop\" \/>\n<meta property=\"article:publisher\" content=\"https:\/\/www.facebook.com\/JeanLouiskateshop\" \/>\n<meta property=\"og:image\" content=\"https:\/\/xactskateshop.com\/wp-content\/uploads\/2023\/01\/Winter-Jacket.jpg\" \/>\n\t<meta property=\"og:image:width\" content=\"1000\" \/>\n\t<meta property=\"og:image:height\" content=\"1000\" \/>\n\t<meta property=\"og:image:type\" content=\"image\/jpeg\" \/>\n<meta name=\"twitter:card\" content=\"summary_large_image\" \/>\n<meta name=\"twitter:label1\" content=\"Dur\u00e9e de lecture estim\u00e9e\" \/>\n\t<meta name=\"twitter:data1\" content=\"1 minute\" \/>\n<script type=\"application\/ld+json\" class=\"yoast-schema-graph\">{\"@context\":\"https:\\\/\\\/schema.org\",\"@graph\":[{\"@type\":\"WebPage\",\"@id\":\"https:\\\/\\\/xactskateshop.com\\\/fr\\\/produit\\\/xact-skate-shop-veste-isolee\\\/\",\"url\":\"https:\\\/\\\/xactskateshop.com\\\/fr\\\/produit\\\/xact-skate-shop-veste-isolee\\\/\",\"name\":\"Xact Skate Shop Veste isol\u00e9e - Xact Skate Shop\",\"isPartOf\":{\"@id\":\"http:\\\/\\\/xactskateshop.com\\\/fr\\\/#website\"},\"primaryImageOfPage\":{\"@id\":\"https:\\\/\\\/xactskateshop.com\\\/fr\\\/produit\\\/xact-skate-shop-veste-isolee\\\/#primaryimage\"},\"image\":{\"@id\":\"https:\\\/\\\/xactskateshop.com\\\/fr\\\/produit\\\/xact-skate-shop-veste-isolee\\\/#primaryimage\"},\"thumbnailUrl\":\"https:\\\/\\\/xactskateshop.com\\\/wp-content\\\/uploads\\\/2023\\\/01\\\/Winter-Jacket.jpg\",\"datePublished\":\"2023-01-09T17:56:35+00:00\",\"description\":\"La veste isol\u00e9e Xact Skate Shop Hybrid offre une chaleur l\u00e9g\u00e8re sup\u00e9rieure pour un style de vie actif. Obtenez le v\u00f4tre ici !\",\"breadcrumb\":{\"@id\":\"https:\\\/\\\/xactskateshop.com\\\/fr\\\/produit\\\/xact-skate-shop-veste-isolee\\\/#breadcrumb\"},\"inLanguage\":\"fr-FR\",\"potentialAction\":[{\"@type\":\"ReadAction\",\"target\":[\"https:\\\/\\\/xactskateshop.com\\\/fr\\\/produit\\\/xact-skate-shop-veste-isolee\\\/\"]}]},{\"@type\":\"ImageObject\",\"inLanguage\":\"fr-FR\",\"@id\":\"https:\\\/\\\/xactskateshop.com\\\/fr\\\/produit\\\/xact-skate-shop-veste-isolee\\\/#primaryimage\",\"url\":\"https:\\\/\\\/xactskateshop.com\\\/wp-content\\\/uploads\\\/2023\\\/01\\\/Winter-Jacket.jpg\",\"contentUrl\":\"https:\\\/\\\/xactskateshop.com\\\/wp-content\\\/uploads\\\/2023\\\/01\\\/Winter-Jacket.jpg\",\"width\":1000,\"height\":1000},{\"@type\":\"BreadcrumbList\",\"@id\":\"https:\\\/\\\/xactskateshop.com\\\/fr\\\/produit\\\/xact-skate-shop-veste-isolee\\\/#breadcrumb\",\"itemListElement\":[{\"@type\":\"ListItem\",\"position\":1,\"name\":\"Home\",\"item\":\"https:\\\/\\\/xactskateshop.com\\\/fr\\\/accueil\\\/\"},{\"@type\":\"ListItem\",\"position\":2,\"name\":\"Boutique\",\"item\":\"https:\\\/\\\/xactskateshop.com\\\/shop\\\/\"},{\"@type\":\"ListItem\",\"position\":3,\"name\":\"Xact Skate Shop Veste isol\u00e9e\"}]},{\"@type\":\"WebSite\",\"@id\":\"http:\\\/\\\/xactskateshop.com\\\/fr\\\/#website\",\"url\":\"http:\\\/\\\/xactskateshop.com\\\/fr\\\/\",\"name\":\"Xact Skate Shop\",\"description\":\"Un site utilisant WordPress\",\"publisher\":{\"@id\":\"http:\\\/\\\/xactskateshop.com\\\/fr\\\/#organization\"},\"potentialAction\":[{\"@type\":\"SearchAction\",\"target\":{\"@type\":\"EntryPoint\",\"urlTemplate\":\"http:\\\/\\\/xactskateshop.com\\\/fr\\\/?s={search_term_string}\"},\"query-input\":{\"@type\":\"PropertyValueSpecification\",\"valueRequired\":true,\"valueName\":\"search_term_string\"}}],\"inLanguage\":\"fr-FR\"},{\"@type\":\"Organization\",\"@id\":\"http:\\\/\\\/xactskateshop.com\\\/fr\\\/#organization\",\"name\":\"XACT Skate Shop\",\"url\":\"http:\\\/\\\/xactskateshop.com\\\/fr\\\/\",\"logo\":{\"@type\":\"ImageObject\",\"inLanguage\":\"fr-FR\",\"@id\":\"http:\\\/\\\/xactskateshop.com\\\/fr\\\/#\\\/schema\\\/logo\\\/image\\\/\",\"url\":\"http:\\\/\\\/xactskateshop.com\\\/wp-content\\\/uploads\\\/2024\\\/04\\\/xactskateshop-dot-com-avec-contour-noir-sans-fond-675x.jpg\",\"contentUrl\":\"http:\\\/\\\/xactskateshop.com\\\/wp-content\\\/uploads\\\/2024\\\/04\\\/xactskateshop-dot-com-avec-contour-noir-sans-fond-675x.jpg\",\"width\":675,\"height\":247,\"caption\":\"XACT Skate Shop\"},\"image\":{\"@id\":\"http:\\\/\\\/xactskateshop.com\\\/fr\\\/#\\\/schema\\\/logo\\\/image\\\/\"},\"sameAs\":[\"https:\\\/\\\/www.facebook.com\\\/JeanLouiskateshop\"]}]}<\/script>\n<!-- \/ Yoast SEO plugin. -->","yoast_head_json":{"title":"Xact Skate Shop Veste isol\u00e9e - Xact Skate Shop","description":"La veste isol\u00e9e Xact Skate Shop Hybrid offre une chaleur l\u00e9g\u00e8re sup\u00e9rieure pour un style de vie actif. Obtenez le v\u00f4tre ici !","robots":{"index":"index","follow":"follow","max-snippet":"max-snippet:-1","max-image-preview":"max-image-preview:large","max-video-preview":"max-video-preview:-1"},"canonical":"https:\/\/xactskateshop.com\/fr\/produit\/xact-skate-shop-veste-isolee\/","og_locale":"fr_FR","og_type":"article","og_title":"Xact Skate Shop Veste isol\u00e9e - Xact Skate Shop","og_description":"La veste isol\u00e9e Xact Skate Shop Hybrid offre une chaleur l\u00e9g\u00e8re sup\u00e9rieure pour un style de vie actif. Obtenez le v\u00f4tre ici !","og_url":"https:\/\/xactskateshop.com\/fr\/produit\/xact-skate-shop-veste-isolee\/","og_site_name":"Xact Skate Shop","article_publisher":"https:\/\/www.facebook.com\/JeanLouiskateshop","og_image":[{"width":1000,"height":1000,"url":"https:\/\/xactskateshop.com\/wp-content\/uploads\/2023\/01\/Winter-Jacket.jpg","type":"image\/jpeg"}],"twitter_card":"summary_large_image","twitter_misc":{"Dur\u00e9e de lecture estim\u00e9e":"1 minute"},"schema":{"@context":"https:\/\/schema.org","@graph":[{"@type":"WebPage","@id":"https:\/\/xactskateshop.com\/fr\/produit\/xact-skate-shop-veste-isolee\/","url":"https:\/\/xactskateshop.com\/fr\/produit\/xact-skate-shop-veste-isolee\/","name":"Xact Skate Shop Veste isol\u00e9e - Xact Skate Shop","isPartOf":{"@id":"http:\/\/xactskateshop.com\/fr\/#website"},"primaryImageOfPage":{"@id":"https:\/\/xactskateshop.com\/fr\/produit\/xact-skate-shop-veste-isolee\/#primaryimage"},"image":{"@id":"https:\/\/xactskateshop.com\/fr\/produit\/xact-skate-shop-veste-isolee\/#primaryimage"},"thumbnailUrl":"https:\/\/xactskateshop.com\/wp-content\/uploads\/2023\/01\/Winter-Jacket.jpg","datePublished":"2023-01-09T17:56:35+00:00","description":"La veste isol\u00e9e Xact Skate Shop Hybrid offre une chaleur l\u00e9g\u00e8re sup\u00e9rieure pour un style de vie actif. Obtenez le v\u00f4tre ici !","breadcrumb":{"@id":"https:\/\/xactskateshop.com\/fr\/produit\/xact-skate-shop-veste-isolee\/#breadcrumb"},"inLanguage":"fr-FR","potentialAction":[{"@type":"ReadAction","target":["https:\/\/xactskateshop.com\/fr\/produit\/xact-skate-shop-veste-isolee\/"]}]},{"@type":"ImageObject","inLanguage":"fr-FR","@id":"https:\/\/xactskateshop.com\/fr\/produit\/xact-skate-shop-veste-isolee\/#primaryimage","url":"https:\/\/xactskateshop.com\/wp-content\/uploads\/2023\/01\/Winter-Jacket.jpg","contentUrl":"https:\/\/xactskateshop.com\/wp-content\/uploads\/2023\/01\/Winter-Jacket.jpg","width":1000,"height":1000},{"@type":"BreadcrumbList","@id":"https:\/\/xactskateshop.com\/fr\/produit\/xact-skate-shop-veste-isolee\/#breadcrumb","itemListElement":[{"@type":"ListItem","position":1,"name":"Home","item":"https:\/\/xactskateshop.com\/fr\/accueil\/"},{"@type":"ListItem","position":2,"name":"Boutique","item":"https:\/\/xactskateshop.com\/shop\/"},{"@type":"ListItem","position":3,"name":"Xact Skate Shop Veste isol\u00e9e"}]},{"@type":"WebSite","@id":"http:\/\/xactskateshop.com\/fr\/#website","url":"http:\/\/xactskateshop.com\/fr\/","name":"Xact Skate Shop","description":"Un site utilisant WordPress","publisher":{"@id":"http:\/\/xactskateshop.com\/fr\/#organization"},"potentialAction":[{"@type":"SearchAction","target":{"@type":"EntryPoint","urlTemplate":"http:\/\/xactskateshop.com\/fr\/?s={search_term_string}"},"query-input":{"@type":"PropertyValueSpecification","valueRequired":true,"valueName":"search_term_string"}}],"inLanguage":"fr-FR"},{"@type":"Organization","@id":"http:\/\/xactskateshop.com\/fr\/#organization","name":"XACT Skate Shop","url":"http:\/\/xactskateshop.com\/fr\/","logo":{"@type":"ImageObject","inLanguage":"fr-FR","@id":"http:\/\/xactskateshop.com\/fr\/#\/schema\/logo\/image\/","url":"http:\/\/xactskateshop.com\/wp-content\/uploads\/2024\/04\/xactskateshop-dot-com-avec-contour-noir-sans-fond-675x.jpg","contentUrl":"http:\/\/xactskateshop.com\/wp-content\/uploads\/2024\/04\/xactskateshop-dot-com-avec-contour-noir-sans-fond-675x.jpg","width":675,"height":247,"caption":"XACT Skate Shop"},"image":{"@id":"http:\/\/xactskateshop.com\/fr\/#\/schema\/logo\/image\/"},"sameAs":["https:\/\/www.facebook.com\/JeanLouiskateshop"]}]}},"_links":{"self":[{"href":"https:\/\/xactskateshop.com\/fr\/wp-json\/wp\/v2\/product\/60114","targetHints":{"allow":["GET"]}}],"collection":[{"href":"https:\/\/xactskateshop.com\/fr\/wp-json\/wp\/v2\/product"}],"about":[{"href":"https:\/\/xactskateshop.com\/fr\/wp-json\/wp\/v2\/types\/product"}],"replies":[{"embeddable":true,"href":"https:\/\/xactskateshop.com\/fr\/wp-json\/wp\/v2\/comments?post=60114"}],"wp:featuredmedia":[{"embeddable":true,"href":"https:\/\/xactskateshop.com\/fr\/wp-json\/wp\/v2\/media\/21270"}],"wp:attachment":[{"href":"https:\/\/xactskateshop.com\/fr\/wp-json\/wp\/v2\/media?parent=60114"}],"wp:term":[{"taxonomy":"product_brand","embeddable":true,"href":"https:\/\/xactskateshop.com\/fr\/wp-json\/wp\/v2\/product_brand?post=60114"},{"taxonomy":"product_cat","embeddable":true,"href":"https:\/\/xactskateshop.com\/fr\/wp-json\/wp\/v2\/product_cat?post=60114"},{"taxonomy":"product_tag","embeddable":true,"href":"https:\/\/xactskateshop.com\/fr\/wp-json\/wp\/v2\/product_tag?post=60114"}],"curies":[{"name":"wp","href":"https:\/\/api.w.org\/{rel}","templated":true}]}}