{"id":60111,"date":"2023-01-07T13:23:26","date_gmt":"2023-01-07T18:23:26","guid":{"rendered":"http:\/\/xactskateshop.com\/product\/sac-a-dos-de-patinage-bont-pour-les-enfants\/"},"modified":"2023-01-07T13:23:26","modified_gmt":"2023-01-07T18:23:26","slug":"sac-a-dos-de-patinage-bont-pour-les-enfants","status":"publish","type":"product","link":"https:\/\/xactskateshop.com\/fr\/produit\/sac-a-dos-de-patinage-bont-pour-les-enfants\/","title":{"rendered":"Sac \u00e0 dos de patinage BONT pour les ENFANTS"},"content":{"rendered":"<div id=\"product-content\" class=\"product-content general-content content-col mobile-popup\" data-popup=\"product-content\">\n<div class=\"popup-inner\">\n<div id=\"product-content\" class=\"product-content general-content content-col mobile-popup\" data-popup=\"product-content\">\n<h2>Sac \u00e0 dos de patinage BONT pour les ENFANTS<\/h2>\n<p>Ce sac \u00e0 dos de patinage pour enfants Bont est plus petit que notre sac \u00e0 dos standard, ce qui le rend plus facile \u00e0 porter pour les enfants.<\/p>\n<h4><\/h4>\n<h4><strong>Caract\u00e9ristiques<\/strong><\/h4>\n<ul style=\"font-size: 16px; font-style: normal; font-weight: 400;\">\n<li style=\"font-size: 16px;\">Dimensions : 44 x 33 x 15cm<\/li>\n<li style=\"font-size: 16px;\">Couleurs : Noir\/bleu piscine et Noir\/rose cosmique<\/li>\n<li style=\"font-size: 16px;\">Grande capacit\u00e9 avec pochette pour ordinateur portable et pochette en filet \u00e0 l&#8217;int\u00e9rieur<\/li>\n<li style=\"font-size: 16px;\">Poches de transport de patins avec sangles r\u00e9glables de chaque c\u00f4t\u00e9<\/li>\n<li style=\"font-size: 16px;\">Compartiment inf\u00e9rieur pour le casque ou les v\u00eatements et plus encore<\/li>\n<li style=\"font-size: 16px;\">Mat\u00e9riau r\u00e9sistant aux \u00e9claboussures et \u00e0 l&#8217;eau<\/li>\n<li style=\"font-size: 16px;\">Poign\u00e9e de transport robuste sur le dessus<\/li>\n<li style=\"font-size: 16px;\">Ceinture sur la poitrine<\/li>\n<li style=\"font-size: 16px;\">Bretelles et dos rembourr\u00e9s avec une excellente ventilation<\/li>\n<li style=\"font-size: 16px;\">Parfait pour transporter l&#8217;\u00e9quipement de skate et pour un usage quotidien d\u00e9contract\u00e9<\/li>\n<\/ul>\n<ul>\n<li style=\"list-style-type: none;\">\n<\/li>\n<\/ul>\n<p>&nbsp;<\/p>\n<p>Vous pouvez \u00e9galement les acheter <a href=\"https:\/\/bont.ca\/collections\/inline-skating-accessories\/products\/kids-skate-backpack?variant=42282659053747\">ici<\/a><\/p>\n<p>Voir d&#8217;autres mod\u00e8les <a href=\"http:\/\/xactskateshop.com\/product-category\/roller-skates\/roller-skates-accessories\/\">ici<\/a><\/p>\n<\/div>\n<\/div>\n<\/div>\n","protected":false},"excerpt":{"rendered":"<hr>\n<p style=\"text-align: center;\">Grande capacit\u00e9 avec un ordinateur portable et des pochettes en filet \u00e0 l&#8217;int\u00e9rieur, avec des poches de transport de patins et des sangles r\u00e9glables de chaque c\u00f4t\u00e9. Comprend \u00e9galement un compartiment inf\u00e9rieur pour le casque ou vos v\u00eatements et plus encore ! <\/p>\n<hr>\n<p style=\"text-align: center;\">\n","protected":false},"featured_media":29983,"comment_status":"open","ping_status":"closed","template":"","meta":{"site-sidebar-layout":"default","site-content-layout":"default","ast-site-content-layout":"default","site-content-style":"default","site-sidebar-style":"default","ast-global-header-display":"","ast-banner-title-visibility":"","ast-main-header-display":"","ast-hfb-above-header-display":"","ast-hfb-below-header-display":"","ast-hfb-mobile-header-display":"","site-post-title":"","ast-breadcrumbs-content":"","ast-featured-img":"","footer-sml-layout":"","theme-transparent-header-meta":"default","adv-header-id-meta":"","stick-header-meta":"","header-above-stick-meta":"","header-main-stick-meta":"","header-below-stick-meta":"","astra-migrate-meta-layouts":"default","ast-page-background-enabled":"default","ast-page-background-meta":{"desktop":{"background-color":"","background-image":"","background-repeat":"repeat","background-position":"center center","background-size":"auto","background-attachment":"scroll","background-type":"","background-media":"","overlay-type":"","overlay-color":"","overlay-opacity":"","overlay-gradient":""},"tablet":{"background-color":"","background-image":"","background-repeat":"repeat","background-position":"center center","background-size":"auto","background-attachment":"scroll","background-type":"","background-media":"","overlay-type":"","overlay-color":"","overlay-opacity":"","overlay-gradient":""},"mobile":{"background-color":"","background-image":"","background-repeat":"repeat","background-position":"center center","background-size":"auto","background-attachment":"scroll","background-type":"","background-media":"","overlay-type":"","overlay-color":"","overlay-opacity":"","overlay-gradient":""}},"ast-content-background-meta":{"desktop":{"background-color":"var(--ast-global-color-5)","background-image":"","background-repeat":"repeat","background-position":"center center","background-size":"auto","background-attachment":"scroll","background-type":"","background-media":"","overlay-type":"","overlay-color":"","overlay-opacity":"","overlay-gradient":""},"tablet":{"background-color":"var(--ast-global-color-5)","background-image":"","background-repeat":"repeat","background-position":"center center","background-size":"auto","background-attachment":"scroll","background-type":"","background-media":"","overlay-type":"","overlay-color":"","overlay-opacity":"","overlay-gradient":""},"mobile":{"background-color":"var(--ast-global-color-5)","background-image":"","background-repeat":"repeat","background-position":"center center","background-size":"auto","background-attachment":"scroll","background-type":"","background-media":"","overlay-type":"","overlay-color":"","overlay-opacity":"","overlay-gradient":""}}},"product_brand":[],"product_cat":[1529,1530,1353,1647,1513],"product_tag":[1802,1384,1385,1356,2225,1403,2357,2353,2356,2191,2354],"class_list":{"0":"post-60111","1":"product","2":"type-product","3":"status-publish","4":"has-post-thumbnail","6":"product_cat-accessoires-de-patinage-a-roues-alignees","7":"product_cat-accessoires-pour-patins-a-roulettes","8":"product_cat-patinage-de-vitesse","9":"product_cat-sacs","10":"product_cat-sacs-et-accessoires","11":"product_tag-accessoires-de-sport","12":"product_tag-bont-fr","13":"product_tag-boutique-xactskate","14":"product_tag-courte-piste-fr","15":"product_tag-les-enfants","16":"product_tag-patinage-de-vitesse","17":"product_tag-resistant-a-leau","18":"product_tag-sac","19":"product_tag-sac-a-dos-bont","20":"product_tag-sac-a-dos-de-sport","21":"product_tag-sac-de-sport-fr-2","22":"desktop-align-center","23":"tablet-align-center","24":"mobile-align-center","25":"ast-product-gallery-layout-horizontal","26":"ast-product-single-variable","27":"ast-product-tabs-layout-horizontal","28":"ast-qv-on-image","30":"first","31":"instock","32":"sale","33":"taxable","34":"shipping-taxable","35":"purchasable","36":"product-type-variable"},"bundled_by":[],"bundle_stock_status":"instock","bundle_stock_quantity":null,"bundle_virtual":false,"bundle_layout":"","bundle_add_to_cart_form_location":"","bundle_editable_in_cart":false,"bundle_sold_individually_context":"","bundle_item_grouping":"","bundle_min_size":"","bundle_max_size":"","bundle_price":[],"bundled_items":[],"bundle_sell_ids":[],"yoast_head":"<!-- This site is optimized with the Yoast SEO plugin v27.4 - https:\/\/yoast.com\/product\/yoast-seo-wordpress\/ -->\n<title>Sac \u00e0 dos de patinage BONT pour les ENFANTS - Xact Skate Shop<\/title>\n<meta name=\"description\" content=\"Sac \u00e0 dos de patinage pour enfants Bont, poches porte-patins avec sangles r\u00e9glables de chaque c\u00f4t\u00e9 (patins de vitesse, inline, derby). Taille r\u00e9duite pour les enfants.\" \/>\n<meta name=\"robots\" content=\"index, follow, max-snippet:-1, max-image-preview:large, max-video-preview:-1\" \/>\n<link rel=\"canonical\" href=\"https:\/\/xactskateshop.com\/fr\/produit\/sac-a-dos-de-patinage-bont-pour-les-enfants\/\" \/>\n<meta property=\"og:locale\" content=\"fr_FR\" \/>\n<meta property=\"og:type\" content=\"article\" \/>\n<meta property=\"og:title\" content=\"Sac \u00e0 dos de patinage BONT pour les ENFANTS - Xact Skate Shop\" \/>\n<meta property=\"og:description\" content=\"Sac \u00e0 dos de patinage pour enfants Bont, poches porte-patins avec sangles r\u00e9glables de chaque c\u00f4t\u00e9 (patins de vitesse, inline, derby). Taille r\u00e9duite pour les enfants.\" \/>\n<meta property=\"og:url\" content=\"https:\/\/xactskateshop.com\/fr\/produit\/sac-a-dos-de-patinage-bont-pour-les-enfants\/\" \/>\n<meta property=\"og:site_name\" content=\"Xact Skate Shop\" \/>\n<meta property=\"article:publisher\" content=\"https:\/\/www.facebook.com\/JeanLouiskateshop\" \/>\n<meta property=\"og:image\" content=\"https:\/\/xactskateshop.com\/wp-content\/uploads\/2023\/01\/Backpack-Black-pool-party-blue_3.jpg\" \/>\n\t<meta property=\"og:image:width\" content=\"1000\" \/>\n\t<meta property=\"og:image:height\" content=\"1000\" \/>\n\t<meta property=\"og:image:type\" content=\"image\/jpeg\" \/>\n<meta name=\"twitter:card\" content=\"summary_large_image\" \/>\n<meta name=\"twitter:label1\" content=\"Dur\u00e9e de lecture estim\u00e9e\" \/>\n\t<meta name=\"twitter:data1\" content=\"1 minute\" \/>\n<script type=\"application\/ld+json\" class=\"yoast-schema-graph\">{\"@context\":\"https:\\\/\\\/schema.org\",\"@graph\":[{\"@type\":\"WebPage\",\"@id\":\"https:\\\/\\\/xactskateshop.com\\\/fr\\\/produit\\\/sac-a-dos-de-patinage-bont-pour-les-enfants\\\/\",\"url\":\"https:\\\/\\\/xactskateshop.com\\\/fr\\\/produit\\\/sac-a-dos-de-patinage-bont-pour-les-enfants\\\/\",\"name\":\"Sac \u00e0 dos de patinage BONT pour les ENFANTS - Xact Skate Shop\",\"isPartOf\":{\"@id\":\"http:\\\/\\\/xactskateshop.com\\\/fr\\\/#website\"},\"primaryImageOfPage\":{\"@id\":\"https:\\\/\\\/xactskateshop.com\\\/fr\\\/produit\\\/sac-a-dos-de-patinage-bont-pour-les-enfants\\\/#primaryimage\"},\"image\":{\"@id\":\"https:\\\/\\\/xactskateshop.com\\\/fr\\\/produit\\\/sac-a-dos-de-patinage-bont-pour-les-enfants\\\/#primaryimage\"},\"thumbnailUrl\":\"https:\\\/\\\/xactskateshop.com\\\/wp-content\\\/uploads\\\/2023\\\/01\\\/Backpack-Black-pool-party-blue_3.jpg\",\"datePublished\":\"2023-01-07T18:23:26+00:00\",\"description\":\"Sac \u00e0 dos de patinage pour enfants Bont, poches porte-patins avec sangles r\u00e9glables de chaque c\u00f4t\u00e9 (patins de vitesse, inline, derby). Taille r\u00e9duite pour les enfants.\",\"breadcrumb\":{\"@id\":\"https:\\\/\\\/xactskateshop.com\\\/fr\\\/produit\\\/sac-a-dos-de-patinage-bont-pour-les-enfants\\\/#breadcrumb\"},\"inLanguage\":\"fr-FR\",\"potentialAction\":[{\"@type\":\"ReadAction\",\"target\":[\"https:\\\/\\\/xactskateshop.com\\\/fr\\\/produit\\\/sac-a-dos-de-patinage-bont-pour-les-enfants\\\/\"]}]},{\"@type\":\"ImageObject\",\"inLanguage\":\"fr-FR\",\"@id\":\"https:\\\/\\\/xactskateshop.com\\\/fr\\\/produit\\\/sac-a-dos-de-patinage-bont-pour-les-enfants\\\/#primaryimage\",\"url\":\"https:\\\/\\\/xactskateshop.com\\\/wp-content\\\/uploads\\\/2023\\\/01\\\/Backpack-Black-pool-party-blue_3.jpg\",\"contentUrl\":\"https:\\\/\\\/xactskateshop.com\\\/wp-content\\\/uploads\\\/2023\\\/01\\\/Backpack-Black-pool-party-blue_3.jpg\",\"width\":1000,\"height\":1000,\"caption\":\"Sac \u00e0 dos de patinage pour enfants Bont\"},{\"@type\":\"BreadcrumbList\",\"@id\":\"https:\\\/\\\/xactskateshop.com\\\/fr\\\/produit\\\/sac-a-dos-de-patinage-bont-pour-les-enfants\\\/#breadcrumb\",\"itemListElement\":[{\"@type\":\"ListItem\",\"position\":1,\"name\":\"Home\",\"item\":\"https:\\\/\\\/xactskateshop.com\\\/fr\\\/accueil\\\/\"},{\"@type\":\"ListItem\",\"position\":2,\"name\":\"Boutique\",\"item\":\"https:\\\/\\\/xactskateshop.com\\\/shop\\\/\"},{\"@type\":\"ListItem\",\"position\":3,\"name\":\"Sac \u00e0 dos de patinage BONT pour les ENFANTS\"}]},{\"@type\":\"WebSite\",\"@id\":\"http:\\\/\\\/xactskateshop.com\\\/fr\\\/#website\",\"url\":\"http:\\\/\\\/xactskateshop.com\\\/fr\\\/\",\"name\":\"Xact Skate Shop\",\"description\":\"Un site utilisant WordPress\",\"publisher\":{\"@id\":\"http:\\\/\\\/xactskateshop.com\\\/fr\\\/#organization\"},\"potentialAction\":[{\"@type\":\"SearchAction\",\"target\":{\"@type\":\"EntryPoint\",\"urlTemplate\":\"http:\\\/\\\/xactskateshop.com\\\/fr\\\/?s={search_term_string}\"},\"query-input\":{\"@type\":\"PropertyValueSpecification\",\"valueRequired\":true,\"valueName\":\"search_term_string\"}}],\"inLanguage\":\"fr-FR\"},{\"@type\":\"Organization\",\"@id\":\"http:\\\/\\\/xactskateshop.com\\\/fr\\\/#organization\",\"name\":\"XACT Skate Shop\",\"url\":\"http:\\\/\\\/xactskateshop.com\\\/fr\\\/\",\"logo\":{\"@type\":\"ImageObject\",\"inLanguage\":\"fr-FR\",\"@id\":\"http:\\\/\\\/xactskateshop.com\\\/fr\\\/#\\\/schema\\\/logo\\\/image\\\/\",\"url\":\"http:\\\/\\\/xactskateshop.com\\\/wp-content\\\/uploads\\\/2024\\\/04\\\/xactskateshop-dot-com-avec-contour-noir-sans-fond-675x.jpg\",\"contentUrl\":\"http:\\\/\\\/xactskateshop.com\\\/wp-content\\\/uploads\\\/2024\\\/04\\\/xactskateshop-dot-com-avec-contour-noir-sans-fond-675x.jpg\",\"width\":675,\"height\":247,\"caption\":\"XACT Skate Shop\"},\"image\":{\"@id\":\"http:\\\/\\\/xactskateshop.com\\\/fr\\\/#\\\/schema\\\/logo\\\/image\\\/\"},\"sameAs\":[\"https:\\\/\\\/www.facebook.com\\\/JeanLouiskateshop\"]}]}<\/script>\n<!-- \/ Yoast SEO plugin. -->","yoast_head_json":{"title":"Sac \u00e0 dos de patinage BONT pour les ENFANTS - Xact Skate Shop","description":"Sac \u00e0 dos de patinage pour enfants Bont, poches porte-patins avec sangles r\u00e9glables de chaque c\u00f4t\u00e9 (patins de vitesse, inline, derby). Taille r\u00e9duite pour les enfants.","robots":{"index":"index","follow":"follow","max-snippet":"max-snippet:-1","max-image-preview":"max-image-preview:large","max-video-preview":"max-video-preview:-1"},"canonical":"https:\/\/xactskateshop.com\/fr\/produit\/sac-a-dos-de-patinage-bont-pour-les-enfants\/","og_locale":"fr_FR","og_type":"article","og_title":"Sac \u00e0 dos de patinage BONT pour les ENFANTS - Xact Skate Shop","og_description":"Sac \u00e0 dos de patinage pour enfants Bont, poches porte-patins avec sangles r\u00e9glables de chaque c\u00f4t\u00e9 (patins de vitesse, inline, derby). Taille r\u00e9duite pour les enfants.","og_url":"https:\/\/xactskateshop.com\/fr\/produit\/sac-a-dos-de-patinage-bont-pour-les-enfants\/","og_site_name":"Xact Skate Shop","article_publisher":"https:\/\/www.facebook.com\/JeanLouiskateshop","og_image":[{"width":1000,"height":1000,"url":"https:\/\/xactskateshop.com\/wp-content\/uploads\/2023\/01\/Backpack-Black-pool-party-blue_3.jpg","type":"image\/jpeg"}],"twitter_card":"summary_large_image","twitter_misc":{"Dur\u00e9e de lecture estim\u00e9e":"1 minute"},"schema":{"@context":"https:\/\/schema.org","@graph":[{"@type":"WebPage","@id":"https:\/\/xactskateshop.com\/fr\/produit\/sac-a-dos-de-patinage-bont-pour-les-enfants\/","url":"https:\/\/xactskateshop.com\/fr\/produit\/sac-a-dos-de-patinage-bont-pour-les-enfants\/","name":"Sac \u00e0 dos de patinage BONT pour les ENFANTS - Xact Skate Shop","isPartOf":{"@id":"http:\/\/xactskateshop.com\/fr\/#website"},"primaryImageOfPage":{"@id":"https:\/\/xactskateshop.com\/fr\/produit\/sac-a-dos-de-patinage-bont-pour-les-enfants\/#primaryimage"},"image":{"@id":"https:\/\/xactskateshop.com\/fr\/produit\/sac-a-dos-de-patinage-bont-pour-les-enfants\/#primaryimage"},"thumbnailUrl":"https:\/\/xactskateshop.com\/wp-content\/uploads\/2023\/01\/Backpack-Black-pool-party-blue_3.jpg","datePublished":"2023-01-07T18:23:26+00:00","description":"Sac \u00e0 dos de patinage pour enfants Bont, poches porte-patins avec sangles r\u00e9glables de chaque c\u00f4t\u00e9 (patins de vitesse, inline, derby). Taille r\u00e9duite pour les enfants.","breadcrumb":{"@id":"https:\/\/xactskateshop.com\/fr\/produit\/sac-a-dos-de-patinage-bont-pour-les-enfants\/#breadcrumb"},"inLanguage":"fr-FR","potentialAction":[{"@type":"ReadAction","target":["https:\/\/xactskateshop.com\/fr\/produit\/sac-a-dos-de-patinage-bont-pour-les-enfants\/"]}]},{"@type":"ImageObject","inLanguage":"fr-FR","@id":"https:\/\/xactskateshop.com\/fr\/produit\/sac-a-dos-de-patinage-bont-pour-les-enfants\/#primaryimage","url":"https:\/\/xactskateshop.com\/wp-content\/uploads\/2023\/01\/Backpack-Black-pool-party-blue_3.jpg","contentUrl":"https:\/\/xactskateshop.com\/wp-content\/uploads\/2023\/01\/Backpack-Black-pool-party-blue_3.jpg","width":1000,"height":1000,"caption":"Sac \u00e0 dos de patinage pour enfants Bont"},{"@type":"BreadcrumbList","@id":"https:\/\/xactskateshop.com\/fr\/produit\/sac-a-dos-de-patinage-bont-pour-les-enfants\/#breadcrumb","itemListElement":[{"@type":"ListItem","position":1,"name":"Home","item":"https:\/\/xactskateshop.com\/fr\/accueil\/"},{"@type":"ListItem","position":2,"name":"Boutique","item":"https:\/\/xactskateshop.com\/shop\/"},{"@type":"ListItem","position":3,"name":"Sac \u00e0 dos de patinage BONT pour les ENFANTS"}]},{"@type":"WebSite","@id":"http:\/\/xactskateshop.com\/fr\/#website","url":"http:\/\/xactskateshop.com\/fr\/","name":"Xact Skate Shop","description":"Un site utilisant WordPress","publisher":{"@id":"http:\/\/xactskateshop.com\/fr\/#organization"},"potentialAction":[{"@type":"SearchAction","target":{"@type":"EntryPoint","urlTemplate":"http:\/\/xactskateshop.com\/fr\/?s={search_term_string}"},"query-input":{"@type":"PropertyValueSpecification","valueRequired":true,"valueName":"search_term_string"}}],"inLanguage":"fr-FR"},{"@type":"Organization","@id":"http:\/\/xactskateshop.com\/fr\/#organization","name":"XACT Skate Shop","url":"http:\/\/xactskateshop.com\/fr\/","logo":{"@type":"ImageObject","inLanguage":"fr-FR","@id":"http:\/\/xactskateshop.com\/fr\/#\/schema\/logo\/image\/","url":"http:\/\/xactskateshop.com\/wp-content\/uploads\/2024\/04\/xactskateshop-dot-com-avec-contour-noir-sans-fond-675x.jpg","contentUrl":"http:\/\/xactskateshop.com\/wp-content\/uploads\/2024\/04\/xactskateshop-dot-com-avec-contour-noir-sans-fond-675x.jpg","width":675,"height":247,"caption":"XACT Skate Shop"},"image":{"@id":"http:\/\/xactskateshop.com\/fr\/#\/schema\/logo\/image\/"},"sameAs":["https:\/\/www.facebook.com\/JeanLouiskateshop"]}]}},"_links":{"self":[{"href":"https:\/\/xactskateshop.com\/fr\/wp-json\/wp\/v2\/product\/60111","targetHints":{"allow":["GET"]}}],"collection":[{"href":"https:\/\/xactskateshop.com\/fr\/wp-json\/wp\/v2\/product"}],"about":[{"href":"https:\/\/xactskateshop.com\/fr\/wp-json\/wp\/v2\/types\/product"}],"replies":[{"embeddable":true,"href":"https:\/\/xactskateshop.com\/fr\/wp-json\/wp\/v2\/comments?post=60111"}],"wp:featuredmedia":[{"embeddable":true,"href":"https:\/\/xactskateshop.com\/fr\/wp-json\/wp\/v2\/media\/29983"}],"wp:attachment":[{"href":"https:\/\/xactskateshop.com\/fr\/wp-json\/wp\/v2\/media?parent=60111"}],"wp:term":[{"taxonomy":"product_brand","embeddable":true,"href":"https:\/\/xactskateshop.com\/fr\/wp-json\/wp\/v2\/product_brand?post=60111"},{"taxonomy":"product_cat","embeddable":true,"href":"https:\/\/xactskateshop.com\/fr\/wp-json\/wp\/v2\/product_cat?post=60111"},{"taxonomy":"product_tag","embeddable":true,"href":"https:\/\/xactskateshop.com\/fr\/wp-json\/wp\/v2\/product_tag?post=60111"}],"curies":[{"name":"wp","href":"https:\/\/api.w.org\/{rel}","templated":true}]}}