{"id":59998,"date":"2023-02-17T13:00:21","date_gmt":"2023-02-17T18:00:21","guid":{"rendered":"http:\/\/xactskateshop.com\/product\/bont-lacets-cires-shimmer-8mm\/"},"modified":"2025-10-17T14:20:59","modified_gmt":"2025-10-17T18:20:59","slug":"bont-lacets-cires-shimmer-8mm","status":"publish","type":"product","link":"https:\/\/xactskateshop.com\/fr\/produit\/bont-lacets-cires-shimmer-8mm\/","title":{"rendered":"Lacets cir\u00e9s brillants 8mm BONT"},"content":{"rendered":"<h4><strong>Lacets cir\u00e9s brillants BONT<\/strong><\/h4>\n<p>Les lacets Bont brillant sont plats, d&#8217;une largeur de 8 mm et sont disponibles dans les longueurs 79&#8243;, 96&#8243; et 108&#8243; pour convenir \u00e0 tous les types de patins \u00e0 roulettes. Disponibles en 11 couleurs paillet\u00e9es accrocheuses, ces lacets sont un accessoire indispensable pour votre prochaine installation de skate. Les fibres m\u00e9talliques utilis\u00e9es par Bont pour ces lacets sont faites de polyester m\u00e9tallique de haute qualit\u00e9 avec des pointes en plastique durables, ce qui facilite le la\u00e7age. Convient aux patins de roller derby, aux patins \u00e0 roulettes, aux patins de hockey, aux patins de vitesse en ligne, aux bottes, aux patins et aux chaussures ordinaires. Vendu par paire, c&#8217;est un cadeau id\u00e9al pour toutes les occasions.<\/p>\n<p>Un lacet plus large permet d&#8217;\u00e9viter le mordillement du lacet qui s&#8217;enfonce dans le pied. Bont utilise des languettes de bottes rembourr\u00e9es, mais ce n&#8217;est pas le cas de toutes les bottes. Vous pouvez v\u00e9rifier si vos bottes ont des languettes rembourr\u00e9es avant de commander des lacets de 6 mm. Les patineurs artistiques ou les patineurs de loisir en plein air utilisent des lacets de 6 mm, principalement utilis\u00e9s sur les patins des filles ou des femmes. Cela dit, les lacets de 8 mm sont g\u00e9n\u00e9ralement pr\u00e9f\u00e9r\u00e9s pour les patins de hockey sur glace, les patins de roller derby, les patins de vitesse en ligne et les patins pour hommes. Il n&#8217;y a pas de r\u00e8gle fixe, vous pouvez pr\u00e9f\u00e9rer 6 mm \u00e0 8 mm ou vice versa et choisir en fonction de votre confort.<\/p>\n<p>Lacets cir\u00e9s Bont<\/p>\n<ul>\n<li><strong>Longueur : <\/strong>200cm\/79&#8243;, 245cm\/96&#8243;, 275cm\/108&#8243;<\/li>\n<li><strong>Largeur : <\/strong>8 mm<\/li>\n<li><strong>Vendu par paire :<\/strong> 2 lacets<\/li>\n<\/ul>\n<p>AVERTISSEMENT : En raison de la nature des fils m\u00e9talliques teints, ces lacets peuvent laisser des marques au contact des v\u00eatements et des chaussures.<\/p>\n<p>Vous pouvez les achetez \u00e9galement <a href=\"https:\/\/canada.bont.com\/collections\/inline-skating-accessories\/products\/shimmer-waxed-skate-laces\">ici !<\/a><\/p>\n<p>Obtenez des lacets r\u00e9guliers <a href=\"http:\/\/xactskateshop.com\/product\/bont-waxed-skate-laces-6mm\/\">\u00a0ici !<\/a><\/p>\n","protected":false},"excerpt":{"rendered":"<hr \/>\n<p style=\"text-align: center;\">Les lacets Bont brillants sont plats, d&#8217;une largeur de 8 mm et sont disponibles dans les longueurs 79&#8243;, 96&#8243; et 108&#8243; pour convenir \u00e0 tous les types de patins \u00e0 roulettes.<\/p>\n<hr \/>\n<p>&nbsp;<\/p>\n","protected":false},"featured_media":30013,"comment_status":"closed","ping_status":"closed","template":"","meta":{"site-sidebar-layout":"default","site-content-layout":"default","ast-site-content-layout":"default","site-content-style":"default","site-sidebar-style":"default","ast-global-header-display":"","ast-banner-title-visibility":"","ast-main-header-display":"","ast-hfb-above-header-display":"","ast-hfb-below-header-display":"","ast-hfb-mobile-header-display":"","site-post-title":"","ast-breadcrumbs-content":"","ast-featured-img":"","footer-sml-layout":"","theme-transparent-header-meta":"default","adv-header-id-meta":"","stick-header-meta":"","header-above-stick-meta":"","header-main-stick-meta":"","header-below-stick-meta":"","astra-migrate-meta-layouts":"set","ast-page-background-enabled":"default","ast-page-background-meta":{"desktop":{"background-color":"","background-image":"","background-repeat":"repeat","background-position":"center center","background-size":"auto","background-attachment":"scroll","background-type":"","background-media":"","overlay-type":"","overlay-color":"","overlay-opacity":"","overlay-gradient":""},"tablet":{"background-color":"","background-image":"","background-repeat":"repeat","background-position":"center center","background-size":"auto","background-attachment":"scroll","background-type":"","background-media":"","overlay-type":"","overlay-color":"","overlay-opacity":"","overlay-gradient":""},"mobile":{"background-color":"","background-image":"","background-repeat":"repeat","background-position":"center center","background-size":"auto","background-attachment":"scroll","background-type":"","background-media":"","overlay-type":"","overlay-color":"","overlay-opacity":"","overlay-gradient":""}},"ast-content-background-meta":{"desktop":{"background-color":"var(--ast-global-color-5)","background-image":"","background-repeat":"repeat","background-position":"center center","background-size":"auto","background-attachment":"scroll","background-type":"","background-media":"","overlay-type":"","overlay-color":"","overlay-opacity":"","overlay-gradient":""},"tablet":{"background-color":"var(--ast-global-color-5)","background-image":"","background-repeat":"repeat","background-position":"center center","background-size":"auto","background-attachment":"scroll","background-type":"","background-media":"","overlay-type":"","overlay-color":"","overlay-opacity":"","overlay-gradient":""},"mobile":{"background-color":"var(--ast-global-color-5)","background-image":"","background-repeat":"repeat","background-position":"center center","background-size":"auto","background-attachment":"scroll","background-type":"","background-media":"","overlay-type":"","overlay-color":"","overlay-opacity":"","overlay-gradient":""}}},"product_brand":[],"product_cat":[1529,1433,1530,1661,1652,1513,1588],"product_tag":[1840,2313,1773,1384,1602,1385,2312,2306,2309,2310,1849,2299],"class_list":{"0":"post-59998","1":"product","2":"type-product","3":"status-publish","4":"has-post-thumbnail","6":"product_cat-accessoires-de-patinage-a-roues-alignees","7":"product_cat-accessoires-et-entrainement","8":"product_cat-accessoires-pour-patins-a-roulettes","9":"product_cat-patins-a-roues-alignees-de-loisir","10":"product_cat-patins-a-roulettes","11":"product_cat-sacs-et-accessoires","12":"product_cat-vetements","13":"product_tag-accessoires-fr","14":"product_tag-accessoires-pour-le-roller-derby","15":"product_tag-accessoires-pour-patins-a-roulettes-fr","16":"product_tag-bont-fr","17":"product_tag-bont-apparel-fr","18":"product_tag-boutique-xactskate","19":"product_tag-couleurs","20":"product_tag-lacets","21":"product_tag-lacets-bont","22":"product_tag-lacets-scintillants","23":"product_tag-patinage-en-ligne","24":"product_tag-vetements","25":"desktop-align-center","26":"tablet-align-center","27":"mobile-align-center","28":"ast-product-gallery-layout-horizontal","29":"ast-product-single-variable","30":"ast-product-tabs-layout-horizontal","31":"ast-qv-on-image","33":"first","34":"instock","35":"taxable","36":"shipping-taxable","37":"purchasable","38":"product-type-variable"},"bundled_by":[],"bundle_stock_status":"instock","bundle_stock_quantity":null,"bundle_virtual":false,"bundle_layout":"","bundle_add_to_cart_form_location":"","bundle_editable_in_cart":false,"bundle_sold_individually_context":"","bundle_item_grouping":"","bundle_min_size":"","bundle_max_size":"","bundle_price":[],"bundled_items":[],"bundle_sell_ids":[],"yoast_head":"<!-- This site is optimized with the Yoast SEO plugin v27.4 - https:\/\/yoast.com\/product\/yoast-seo-wordpress\/ -->\n<title>Lacets cir\u00e9s brillants 8mm BONT - Xact Skate Shop.<\/title>\n<meta name=\"description\" content=\"Lacets cir\u00e9s Bont. Les lacets Bont Shimmer sont plats, d&#039;une largeur de 8 mm et sont disponibles dans les longueurs 79&quot;, 96&quot; et 108&quot; pour convenir \u00e0 tous les types de patins \u00e0 roulettes.\" \/>\n<meta name=\"robots\" content=\"index, follow, max-snippet:-1, max-image-preview:large, max-video-preview:-1\" \/>\n<link rel=\"canonical\" href=\"https:\/\/xactskateshop.com\/fr\/produit\/bont-lacets-cires-shimmer-8mm\/\" \/>\n<meta property=\"og:locale\" content=\"fr_FR\" \/>\n<meta property=\"og:type\" content=\"article\" \/>\n<meta property=\"og:title\" content=\"Lacets cir\u00e9s brillants 8mm BONT - Xact Skate Shop.\" \/>\n<meta property=\"og:description\" content=\"Lacets cir\u00e9s Bont. Les lacets Bont Shimmer sont plats, d&#039;une largeur de 8 mm et sont disponibles dans les longueurs 79&quot;, 96&quot; et 108&quot; pour convenir \u00e0 tous les types de patins \u00e0 roulettes.\" \/>\n<meta property=\"og:url\" content=\"https:\/\/xactskateshop.com\/fr\/produit\/bont-lacets-cires-shimmer-8mm\/\" \/>\n<meta property=\"og:site_name\" content=\"Xact Skate Shop\" \/>\n<meta property=\"article:publisher\" content=\"https:\/\/www.facebook.com\/JeanLouiskateshop\" \/>\n<meta property=\"article:modified_time\" content=\"2025-10-17T18:20:59+00:00\" \/>\n<meta property=\"og:image\" content=\"https:\/\/xactskateshop.com\/wp-content\/uploads\/2023\/02\/Shimmer-laces_11-scaled.jpg\" \/>\n\t<meta property=\"og:image:width\" content=\"2560\" \/>\n\t<meta property=\"og:image:height\" content=\"1708\" \/>\n\t<meta property=\"og:image:type\" content=\"image\/jpeg\" \/>\n<meta name=\"twitter:card\" content=\"summary_large_image\" \/>\n<meta name=\"twitter:label1\" content=\"Dur\u00e9e de lecture estim\u00e9e\" \/>\n\t<meta name=\"twitter:data1\" content=\"2 minutes\" \/>\n<script type=\"application\/ld+json\" class=\"yoast-schema-graph\">{\"@context\":\"https:\\\/\\\/schema.org\",\"@graph\":[{\"@type\":\"WebPage\",\"@id\":\"https:\\\/\\\/xactskateshop.com\\\/fr\\\/produit\\\/bont-lacets-cires-shimmer-8mm\\\/\",\"url\":\"https:\\\/\\\/xactskateshop.com\\\/fr\\\/produit\\\/bont-lacets-cires-shimmer-8mm\\\/\",\"name\":\"Lacets cir\u00e9s brillants 8mm BONT - Xact Skate Shop.\",\"isPartOf\":{\"@id\":\"http:\\\/\\\/xactskateshop.com\\\/fr\\\/#website\"},\"primaryImageOfPage\":{\"@id\":\"https:\\\/\\\/xactskateshop.com\\\/fr\\\/produit\\\/bont-lacets-cires-shimmer-8mm\\\/#primaryimage\"},\"image\":{\"@id\":\"https:\\\/\\\/xactskateshop.com\\\/fr\\\/produit\\\/bont-lacets-cires-shimmer-8mm\\\/#primaryimage\"},\"thumbnailUrl\":\"https:\\\/\\\/xactskateshop.com\\\/wp-content\\\/uploads\\\/2023\\\/02\\\/Shimmer-laces_11-scaled.jpg\",\"datePublished\":\"2023-02-17T18:00:21+00:00\",\"dateModified\":\"2025-10-17T18:20:59+00:00\",\"description\":\"Lacets cir\u00e9s Bont. Les lacets Bont Shimmer sont plats, d'une largeur de 8 mm et sont disponibles dans les longueurs 79\\\", 96\\\" et 108\\\" pour convenir \u00e0 tous les types de patins \u00e0 roulettes.\",\"breadcrumb\":{\"@id\":\"https:\\\/\\\/xactskateshop.com\\\/fr\\\/produit\\\/bont-lacets-cires-shimmer-8mm\\\/#breadcrumb\"},\"inLanguage\":\"fr-FR\",\"potentialAction\":[{\"@type\":\"ReadAction\",\"target\":[\"https:\\\/\\\/xactskateshop.com\\\/fr\\\/produit\\\/bont-lacets-cires-shimmer-8mm\\\/\"]}]},{\"@type\":\"ImageObject\",\"inLanguage\":\"fr-FR\",\"@id\":\"https:\\\/\\\/xactskateshop.com\\\/fr\\\/produit\\\/bont-lacets-cires-shimmer-8mm\\\/#primaryimage\",\"url\":\"https:\\\/\\\/xactskateshop.com\\\/wp-content\\\/uploads\\\/2023\\\/02\\\/Shimmer-laces_11-scaled.jpg\",\"contentUrl\":\"https:\\\/\\\/xactskateshop.com\\\/wp-content\\\/uploads\\\/2023\\\/02\\\/Shimmer-laces_11-scaled.jpg\",\"width\":2560,\"height\":1708,\"caption\":\"Lacets cir\u00e9s Bont\"},{\"@type\":\"BreadcrumbList\",\"@id\":\"https:\\\/\\\/xactskateshop.com\\\/fr\\\/produit\\\/bont-lacets-cires-shimmer-8mm\\\/#breadcrumb\",\"itemListElement\":[{\"@type\":\"ListItem\",\"position\":1,\"name\":\"Home\",\"item\":\"https:\\\/\\\/xactskateshop.com\\\/fr\\\/accueil\\\/\"},{\"@type\":\"ListItem\",\"position\":2,\"name\":\"Boutique\",\"item\":\"https:\\\/\\\/xactskateshop.com\\\/shop\\\/\"},{\"@type\":\"ListItem\",\"position\":3,\"name\":\"Lacets cir\u00e9s brillants 8mm BONT\"}]},{\"@type\":\"WebSite\",\"@id\":\"http:\\\/\\\/xactskateshop.com\\\/fr\\\/#website\",\"url\":\"http:\\\/\\\/xactskateshop.com\\\/fr\\\/\",\"name\":\"Xact Skate Shop\",\"description\":\"Un site utilisant WordPress\",\"publisher\":{\"@id\":\"http:\\\/\\\/xactskateshop.com\\\/fr\\\/#organization\"},\"potentialAction\":[{\"@type\":\"SearchAction\",\"target\":{\"@type\":\"EntryPoint\",\"urlTemplate\":\"http:\\\/\\\/xactskateshop.com\\\/fr\\\/?s={search_term_string}\"},\"query-input\":{\"@type\":\"PropertyValueSpecification\",\"valueRequired\":true,\"valueName\":\"search_term_string\"}}],\"inLanguage\":\"fr-FR\"},{\"@type\":\"Organization\",\"@id\":\"http:\\\/\\\/xactskateshop.com\\\/fr\\\/#organization\",\"name\":\"XACT Skate Shop\",\"url\":\"http:\\\/\\\/xactskateshop.com\\\/fr\\\/\",\"logo\":{\"@type\":\"ImageObject\",\"inLanguage\":\"fr-FR\",\"@id\":\"http:\\\/\\\/xactskateshop.com\\\/fr\\\/#\\\/schema\\\/logo\\\/image\\\/\",\"url\":\"http:\\\/\\\/xactskateshop.com\\\/wp-content\\\/uploads\\\/2024\\\/04\\\/xactskateshop-dot-com-avec-contour-noir-sans-fond-675x.jpg\",\"contentUrl\":\"http:\\\/\\\/xactskateshop.com\\\/wp-content\\\/uploads\\\/2024\\\/04\\\/xactskateshop-dot-com-avec-contour-noir-sans-fond-675x.jpg\",\"width\":675,\"height\":247,\"caption\":\"XACT Skate Shop\"},\"image\":{\"@id\":\"http:\\\/\\\/xactskateshop.com\\\/fr\\\/#\\\/schema\\\/logo\\\/image\\\/\"},\"sameAs\":[\"https:\\\/\\\/www.facebook.com\\\/JeanLouiskateshop\"]}]}<\/script>\n<!-- \/ Yoast SEO plugin. -->","yoast_head_json":{"title":"Lacets cir\u00e9s brillants 8mm BONT - Xact Skate Shop.","description":"Lacets cir\u00e9s Bont. Les lacets Bont Shimmer sont plats, d'une largeur de 8 mm et sont disponibles dans les longueurs 79\", 96\" et 108\" pour convenir \u00e0 tous les types de patins \u00e0 roulettes.","robots":{"index":"index","follow":"follow","max-snippet":"max-snippet:-1","max-image-preview":"max-image-preview:large","max-video-preview":"max-video-preview:-1"},"canonical":"https:\/\/xactskateshop.com\/fr\/produit\/bont-lacets-cires-shimmer-8mm\/","og_locale":"fr_FR","og_type":"article","og_title":"Lacets cir\u00e9s brillants 8mm BONT - Xact Skate Shop.","og_description":"Lacets cir\u00e9s Bont. Les lacets Bont Shimmer sont plats, d'une largeur de 8 mm et sont disponibles dans les longueurs 79\", 96\" et 108\" pour convenir \u00e0 tous les types de patins \u00e0 roulettes.","og_url":"https:\/\/xactskateshop.com\/fr\/produit\/bont-lacets-cires-shimmer-8mm\/","og_site_name":"Xact Skate Shop","article_publisher":"https:\/\/www.facebook.com\/JeanLouiskateshop","article_modified_time":"2025-10-17T18:20:59+00:00","og_image":[{"width":2560,"height":1708,"url":"https:\/\/xactskateshop.com\/wp-content\/uploads\/2023\/02\/Shimmer-laces_11-scaled.jpg","type":"image\/jpeg"}],"twitter_card":"summary_large_image","twitter_misc":{"Dur\u00e9e de lecture estim\u00e9e":"2 minutes"},"schema":{"@context":"https:\/\/schema.org","@graph":[{"@type":"WebPage","@id":"https:\/\/xactskateshop.com\/fr\/produit\/bont-lacets-cires-shimmer-8mm\/","url":"https:\/\/xactskateshop.com\/fr\/produit\/bont-lacets-cires-shimmer-8mm\/","name":"Lacets cir\u00e9s brillants 8mm BONT - Xact Skate Shop.","isPartOf":{"@id":"http:\/\/xactskateshop.com\/fr\/#website"},"primaryImageOfPage":{"@id":"https:\/\/xactskateshop.com\/fr\/produit\/bont-lacets-cires-shimmer-8mm\/#primaryimage"},"image":{"@id":"https:\/\/xactskateshop.com\/fr\/produit\/bont-lacets-cires-shimmer-8mm\/#primaryimage"},"thumbnailUrl":"https:\/\/xactskateshop.com\/wp-content\/uploads\/2023\/02\/Shimmer-laces_11-scaled.jpg","datePublished":"2023-02-17T18:00:21+00:00","dateModified":"2025-10-17T18:20:59+00:00","description":"Lacets cir\u00e9s Bont. Les lacets Bont Shimmer sont plats, d'une largeur de 8 mm et sont disponibles dans les longueurs 79\", 96\" et 108\" pour convenir \u00e0 tous les types de patins \u00e0 roulettes.","breadcrumb":{"@id":"https:\/\/xactskateshop.com\/fr\/produit\/bont-lacets-cires-shimmer-8mm\/#breadcrumb"},"inLanguage":"fr-FR","potentialAction":[{"@type":"ReadAction","target":["https:\/\/xactskateshop.com\/fr\/produit\/bont-lacets-cires-shimmer-8mm\/"]}]},{"@type":"ImageObject","inLanguage":"fr-FR","@id":"https:\/\/xactskateshop.com\/fr\/produit\/bont-lacets-cires-shimmer-8mm\/#primaryimage","url":"https:\/\/xactskateshop.com\/wp-content\/uploads\/2023\/02\/Shimmer-laces_11-scaled.jpg","contentUrl":"https:\/\/xactskateshop.com\/wp-content\/uploads\/2023\/02\/Shimmer-laces_11-scaled.jpg","width":2560,"height":1708,"caption":"Lacets cir\u00e9s Bont"},{"@type":"BreadcrumbList","@id":"https:\/\/xactskateshop.com\/fr\/produit\/bont-lacets-cires-shimmer-8mm\/#breadcrumb","itemListElement":[{"@type":"ListItem","position":1,"name":"Home","item":"https:\/\/xactskateshop.com\/fr\/accueil\/"},{"@type":"ListItem","position":2,"name":"Boutique","item":"https:\/\/xactskateshop.com\/shop\/"},{"@type":"ListItem","position":3,"name":"Lacets cir\u00e9s brillants 8mm BONT"}]},{"@type":"WebSite","@id":"http:\/\/xactskateshop.com\/fr\/#website","url":"http:\/\/xactskateshop.com\/fr\/","name":"Xact Skate Shop","description":"Un site utilisant WordPress","publisher":{"@id":"http:\/\/xactskateshop.com\/fr\/#organization"},"potentialAction":[{"@type":"SearchAction","target":{"@type":"EntryPoint","urlTemplate":"http:\/\/xactskateshop.com\/fr\/?s={search_term_string}"},"query-input":{"@type":"PropertyValueSpecification","valueRequired":true,"valueName":"search_term_string"}}],"inLanguage":"fr-FR"},{"@type":"Organization","@id":"http:\/\/xactskateshop.com\/fr\/#organization","name":"XACT Skate Shop","url":"http:\/\/xactskateshop.com\/fr\/","logo":{"@type":"ImageObject","inLanguage":"fr-FR","@id":"http:\/\/xactskateshop.com\/fr\/#\/schema\/logo\/image\/","url":"http:\/\/xactskateshop.com\/wp-content\/uploads\/2024\/04\/xactskateshop-dot-com-avec-contour-noir-sans-fond-675x.jpg","contentUrl":"http:\/\/xactskateshop.com\/wp-content\/uploads\/2024\/04\/xactskateshop-dot-com-avec-contour-noir-sans-fond-675x.jpg","width":675,"height":247,"caption":"XACT Skate Shop"},"image":{"@id":"http:\/\/xactskateshop.com\/fr\/#\/schema\/logo\/image\/"},"sameAs":["https:\/\/www.facebook.com\/JeanLouiskateshop"]}]}},"_links":{"self":[{"href":"https:\/\/xactskateshop.com\/fr\/wp-json\/wp\/v2\/product\/59998","targetHints":{"allow":["GET"]}}],"collection":[{"href":"https:\/\/xactskateshop.com\/fr\/wp-json\/wp\/v2\/product"}],"about":[{"href":"https:\/\/xactskateshop.com\/fr\/wp-json\/wp\/v2\/types\/product"}],"replies":[{"embeddable":true,"href":"https:\/\/xactskateshop.com\/fr\/wp-json\/wp\/v2\/comments?post=59998"}],"wp:featuredmedia":[{"embeddable":true,"href":"https:\/\/xactskateshop.com\/fr\/wp-json\/wp\/v2\/media\/30013"}],"wp:attachment":[{"href":"https:\/\/xactskateshop.com\/fr\/wp-json\/wp\/v2\/media?parent=59998"}],"wp:term":[{"taxonomy":"product_brand","embeddable":true,"href":"https:\/\/xactskateshop.com\/fr\/wp-json\/wp\/v2\/product_brand?post=59998"},{"taxonomy":"product_cat","embeddable":true,"href":"https:\/\/xactskateshop.com\/fr\/wp-json\/wp\/v2\/product_cat?post=59998"},{"taxonomy":"product_tag","embeddable":true,"href":"https:\/\/xactskateshop.com\/fr\/wp-json\/wp\/v2\/product_tag?post=59998"}],"curies":[{"name":"wp","href":"https:\/\/api.w.org\/{rel}","templated":true}]}}