{"id":59991,"date":"2023-01-17T18:29:46","date_gmt":"2023-01-17T23:29:46","guid":{"rendered":"http:\/\/xactskateshop.com\/product\/protege-nuque-souple-de-protection-x-series-noir\/"},"modified":"2025-10-31T14:51:30","modified_gmt":"2025-10-31T18:51:30","slug":"protege-cou-souple-noir-x-series","status":"publish","type":"product","link":"https:\/\/xactskateshop.com\/fr\/produit\/protege-cou-souple-noir-x-series\/","title":{"rendered":"Prot\u00e8ge-cou Souple Noir X-Series"},"content":{"rendered":"<div id=\"product-content\" class=\"product-content general-content content-col mobile-popup\" data-popup=\"product-content\">\n<div class=\"popup-inner\">\n<div id=\"product-content\" class=\"product-content general-content content-col mobile-popup\" data-popup=\"product-content\">\n<h2>Prot\u00e8ge-cou Souple Noir X-Series<\/h2>\n<p>Le prot\u00e8ge-cou r\u00e9sistant aux coupures est fabriqu\u00e9 \u00e0 partir de super fibres d&#8217;aramide, \u00e9galement connues sous le nom de Kevlar<span class=\"body2\"><sup>\u00ae<\/sup><\/span>. Ce prot\u00e8ge-cou est conforme aux r\u00e8glements de l&#8217;Union internationale de patinage (ISU) ainsi qu&#8217;\u00e0 la norme internationale EN388 relative aux mat\u00e9riaux r\u00e9sistants aux coupures. En tant que patineur de courte piste, de longue piste ou de marathon, vous b\u00e9n\u00e9ficiez ainsi d&#8217;une protection optimale.<\/p>\n<h3>Disponible dans les tailles:<\/h3>\n<ul>\n<li><span style=\"font-size: 16px; font-style: normal; font-weight: 400;\"><strong>SM:\u00a0<\/strong> 11 &#8211; 12&#8243;<\/span><\/li>\n<li style=\"font-size: 16px; font-style: normal; font-weight: 400;\"><strong>MD:\u00a0<\/strong> 13&#8243; &#8211; 14&#8243;<\/li>\n<li style=\"font-size: 16px; font-style: normal; font-weight: 400;\"><strong>LA:\u00a0<\/strong> 14,5&#8243; &#8211; 15,5&#8243;<\/li>\n<li style=\"font-size: 16px; font-style: normal; font-weight: 400;\"><strong>XL:\u00a0<\/strong> 15.75&#8243; &#8211; 16.5&#8243;<\/li>\n<\/ul>\n<h6 class=\"popup-inner\">V\u00eatements r\u00e9sistants aux coupures<\/h6>\n<p><span style=\"font-size: 16px; font-style: normal; font-weight: 400;\">Aucune limitation ne sera impos\u00e9e \u00e0 la fabrication des v\u00eatements\/uniformes de protection. Pour la comp\u00e9tition, si ce n&#8217;est qu&#8217;au minimum, le mat\u00e9riau doit \u00eatre conforme \u00e0 la norme EN388. Une \u00e9tude approfondie du processus de mise en \u0153uvre, la disponibilit\u00e9 \u00e0 l&#8217;\u00e9chelle mondiale de v\u00eatements\/uniformes r\u00e9sistants \u00e0 la coupure et les exp\u00e9riences pratiques ont conduit \u00e0 un r\u00e9examen des exigences. Le mat\u00e9riau r\u00e9sistant aux coupures utilis\u00e9 dans les prot\u00e8ge-cou souples conform\u00e9ment \u00e0 la pr\u00e9sente communication de l&#8217;UIS. Il doit satisfaire au minimum \u00e0 la norme de niveau 2 de la norme EN388 lors d&#8217;un essai de r\u00e9sistance aux coupures (r\u00e9sistance \u00e0 la coupure par des objets tranchants). La protection contre les coupures peut \u00eatre soit int\u00e9gr\u00e9e dans les uniformes de comp\u00e9tition proprement dits. Soit port\u00e9e sous forme de sous-v\u00eatements sp\u00e9ciaux.<\/span><\/p>\n<h6><\/h6>\n<p><b>Un poids l\u00e9ger, des performances \u00e9lev\u00e9es &#8211; Fibre Kevlar<span class=\"body2\"><sup>\u00ae<\/sup><\/span><\/b><\/p>\n<p><span class=\"body2\">Polyvalente et solide, la fibre Kevlar<sup>\u00ae<\/sup> est plus qu&#8217;une simple s\u00e9rie de fils. Les fibres DuPont<sup>\u2122<\/sup>\u00a0<\/span><span style=\"font-size: 16px; font-style: normal; font-weight: 400;\">Kevlar<\/span><sup>\u00ae<\/sup><span style=\"font-size: 16px;\"> sont utilis\u00e9es dans une vari\u00e9t\u00e9 de v\u00eatements, d&#8217;accessoires et d&#8217;\u00e9quipements pour contribuer \u00e0 les rendre plus s\u00fbrs et plus durables. Avec une r\u00e9sistance cinq fois sup\u00e9rieure \u00e0 celle de l&#8217;acier, \u00e0 poids \u00e9gal, c&#8217;est la fibre de choix. Et ce, pour les v\u00eatements et accessoires de protection.<\/span><\/p>\n<p><span class=\"body2\">Les fibres et filaments de Kevlar<sup>\u00ae<\/sup> sont disponibles dans une vari\u00e9t\u00e9 de types. Chacun ayant un ensemble unique de propri\u00e9t\u00e9s et de caract\u00e9ristiques de performance pour des besoins de protection diff\u00e9rents. Kevlar<\/span><span class=\"body2\"><sup>\u00ae<\/sup> 100<b><br \/>\n<\/b>Fils de Kevlar<sup>\u00ae<\/sup> color\u00e9s par le producteur, utilis\u00e9s dans les cordes et les c\u00e2bles, les rubans et les sangles, les gants et autres v\u00eatements de protection, les articles de sport et notre prot\u00e8ge-cou souple.<\/span><\/p>\n<p>&nbsp;<\/p>\n<p>En savoir plus sur le Kevlar<a href=\"https:\/\/www.dupont.com\/products\/dupont-kevlar-fiber.html\"> ici !<\/a><\/p>\n<p>Voir d&#8217;autres mod\u00e8les <a href=\"http:\/\/xactskateshop.com\/product\/xact-protective-soft-neckguards\/\">ici !<\/a><\/p>\n<\/div>\n<\/div>\n<\/div>\n","protected":false},"excerpt":{"rendered":"<hr \/>\n<p style=\"text-align: center;\">Prot\u00e8ge-cou souple r\u00e9sistant aux coupures X-SERIES<\/p>\n<p style=\"text-align: center;\">Le prot\u00e8ge-cou souple r\u00e9sistant aux coupures est fabriqu\u00e9 \u00e0 partir de super fibres d&#8217;aramide, \u00e9galement connues sous le nom de Kevlar. Ce prot\u00e8ge-cou est conforme aux r\u00e8glements de l&#8217;Union internationale de patinage (ISU) ainsi qu&#8217;\u00e0 la norme internationale EN388 relative aux mat\u00e9riaux r\u00e9sistants aux coupures.<\/p>\n<hr \/>\n<p style=\"text-align: center;\">\n","protected":false},"featured_media":29996,"comment_status":"open","ping_status":"closed","template":"","meta":{"site-sidebar-layout":"default","site-content-layout":"default","ast-site-content-layout":"default","site-content-style":"default","site-sidebar-style":"default","ast-global-header-display":"","ast-banner-title-visibility":"","ast-main-header-display":"","ast-hfb-above-header-display":"","ast-hfb-below-header-display":"","ast-hfb-mobile-header-display":"","site-post-title":"","ast-breadcrumbs-content":"","ast-featured-img":"","footer-sml-layout":"","theme-transparent-header-meta":"default","adv-header-id-meta":"","stick-header-meta":"","header-above-stick-meta":"","header-main-stick-meta":"","header-below-stick-meta":"","astra-migrate-meta-layouts":"set","ast-page-background-enabled":"default","ast-page-background-meta":{"desktop":{"background-color":"","background-image":"","background-repeat":"repeat","background-position":"center center","background-size":"auto","background-attachment":"scroll","background-type":"","background-media":"","overlay-type":"","overlay-color":"","overlay-opacity":"","overlay-gradient":""},"tablet":{"background-color":"","background-image":"","background-repeat":"repeat","background-position":"center center","background-size":"auto","background-attachment":"scroll","background-type":"","background-media":"","overlay-type":"","overlay-color":"","overlay-opacity":"","overlay-gradient":""},"mobile":{"background-color":"","background-image":"","background-repeat":"repeat","background-position":"center center","background-size":"auto","background-attachment":"scroll","background-type":"","background-media":"","overlay-type":"","overlay-color":"","overlay-opacity":"","overlay-gradient":""}},"ast-content-background-meta":{"desktop":{"background-color":"var(--ast-global-color-5)","background-image":"","background-repeat":"repeat","background-position":"center center","background-size":"auto","background-attachment":"scroll","background-type":"","background-media":"","overlay-type":"","overlay-color":"","overlay-opacity":"","overlay-gradient":""},"tablet":{"background-color":"var(--ast-global-color-5)","background-image":"","background-repeat":"repeat","background-position":"center center","background-size":"auto","background-attachment":"scroll","background-type":"","background-media":"","overlay-type":"","overlay-color":"","overlay-opacity":"","overlay-gradient":""},"mobile":{"background-color":"var(--ast-global-color-5)","background-image":"","background-repeat":"repeat","background-position":"center center","background-size":"auto","background-attachment":"scroll","background-type":"","background-media":"","overlay-type":"","overlay-color":"","overlay-opacity":"","overlay-gradient":""}}},"product_brand":[],"product_cat":[1612,1353,1624],"product_tag":[2232,1385,1785,1394,1356,2198,2213,1789,1830,1395,1403,2218,2215,1965,1464,2904],"class_list":{"0":"post-59991","1":"product","2":"type-product","3":"status-publish","4":"has-post-thumbnail","6":"product_cat-equipement-de-protection-patinage-de-vitesse-courte-piste","7":"product_cat-patinage-de-vitesse","8":"product_cat-protege-cou","9":"product_tag-anti-coupure-fr","10":"product_tag-boutique-xactskate","11":"product_tag-confort","12":"product_tag-courte-piste-fr-2","13":"product_tag-courte-piste-fr","14":"product_tag-engrenages","15":"product_tag-equipement-fr","16":"product_tag-equipement-de-protection-fr-2","17":"product_tag-longue-piste-fr","18":"product_tag-patin-de-vitesse-fr","19":"product_tag-patinage-de-vitesse","20":"product_tag-protege-cou-fr-2","21":"product_tag-protege-cou-fr","22":"product_tag-resistant-aux-coupures","23":"product_tag-voie-longue","24":"product_tag-x-series","25":"desktop-align-center","26":"tablet-align-center","27":"mobile-align-center","28":"ast-product-gallery-layout-horizontal","29":"ast-product-gallery-with-no-image","30":"ast-product-single-variable","31":"ast-product-tabs-layout-horizontal","32":"ast-qv-on-image","34":"first","35":"instock","36":"taxable","37":"shipping-taxable","38":"purchasable","39":"product-type-variable"},"bundled_by":[],"bundle_stock_status":"instock","bundle_stock_quantity":null,"bundle_virtual":false,"bundle_layout":"","bundle_add_to_cart_form_location":"","bundle_editable_in_cart":false,"bundle_sold_individually_context":"","bundle_item_grouping":"","bundle_min_size":"","bundle_max_size":"","bundle_price":[],"bundled_items":[],"bundle_sell_ids":[],"yoast_head":"<!-- This site is optimized with the Yoast SEO plugin v27.4 - https:\/\/yoast.com\/product\/yoast-seo-wordpress\/ -->\n<title>Prot\u00e8ge-cou Souple Noir X-Series - Xact Skate Shop<\/title>\n<meta name=\"description\" content=\"Prot\u00e8ge-cou Souple Noir X-Series r\u00e9sistant aux coupures con\u00e7u \u00e0 partir fibres d&#039;aramide, \u00e9galement connues sous le nom de Kevlar. Conforme aux normes ISU.\" \/>\n<meta name=\"robots\" content=\"index, follow, max-snippet:-1, max-image-preview:large, max-video-preview:-1\" \/>\n<link rel=\"canonical\" href=\"https:\/\/xactskateshop.com\/fr\/produit\/protege-cou-souple-noir-x-series\/\" \/>\n<meta property=\"og:locale\" content=\"fr_FR\" \/>\n<meta property=\"og:type\" content=\"article\" \/>\n<meta property=\"og:title\" content=\"Prot\u00e8ge-cou Souple Noir X-Series - Xact Skate Shop\" \/>\n<meta property=\"og:description\" content=\"Prot\u00e8ge-cou Souple Noir X-Series r\u00e9sistant aux coupures con\u00e7u \u00e0 partir fibres d&#039;aramide, \u00e9galement connues sous le nom de Kevlar. Conforme aux normes ISU.\" \/>\n<meta property=\"og:url\" content=\"https:\/\/xactskateshop.com\/fr\/produit\/protege-cou-souple-noir-x-series\/\" \/>\n<meta property=\"og:site_name\" content=\"Xact Skate Shop\" \/>\n<meta property=\"article:publisher\" content=\"https:\/\/www.facebook.com\/JeanLouiskateshop\" \/>\n<meta property=\"article:modified_time\" content=\"2025-10-31T18:51:30+00:00\" \/>\n<meta property=\"og:image\" content=\"https:\/\/xactskateshop.com\/wp-content\/uploads\/2023\/01\/soft-black-neck-guard.jpg\" \/>\n\t<meta property=\"og:image:width\" content=\"1000\" \/>\n\t<meta property=\"og:image:height\" content=\"1000\" \/>\n\t<meta property=\"og:image:type\" content=\"image\/jpeg\" \/>\n<meta name=\"twitter:card\" content=\"summary_large_image\" \/>\n<meta name=\"twitter:label1\" content=\"Dur\u00e9e de lecture estim\u00e9e\" \/>\n\t<meta name=\"twitter:data1\" content=\"2 minutes\" \/>\n<script type=\"application\/ld+json\" class=\"yoast-schema-graph\">{\"@context\":\"https:\\\/\\\/schema.org\",\"@graph\":[{\"@type\":\"WebPage\",\"@id\":\"https:\\\/\\\/xactskateshop.com\\\/fr\\\/produit\\\/protege-cou-souple-noir-x-series\\\/\",\"url\":\"https:\\\/\\\/xactskateshop.com\\\/fr\\\/produit\\\/protege-cou-souple-noir-x-series\\\/\",\"name\":\"Prot\u00e8ge-cou Souple Noir X-Series - Xact Skate Shop\",\"isPartOf\":{\"@id\":\"http:\\\/\\\/xactskateshop.com\\\/fr\\\/#website\"},\"primaryImageOfPage\":{\"@id\":\"https:\\\/\\\/xactskateshop.com\\\/fr\\\/produit\\\/protege-cou-souple-noir-x-series\\\/#primaryimage\"},\"image\":{\"@id\":\"https:\\\/\\\/xactskateshop.com\\\/fr\\\/produit\\\/protege-cou-souple-noir-x-series\\\/#primaryimage\"},\"thumbnailUrl\":\"https:\\\/\\\/xactskateshop.com\\\/wp-content\\\/uploads\\\/2023\\\/01\\\/soft-black-neck-guard.jpg\",\"datePublished\":\"2023-01-17T23:29:46+00:00\",\"dateModified\":\"2025-10-31T18:51:30+00:00\",\"description\":\"Prot\u00e8ge-cou Souple Noir X-Series r\u00e9sistant aux coupures con\u00e7u \u00e0 partir fibres d'aramide, \u00e9galement connues sous le nom de Kevlar. Conforme aux normes ISU.\",\"breadcrumb\":{\"@id\":\"https:\\\/\\\/xactskateshop.com\\\/fr\\\/produit\\\/protege-cou-souple-noir-x-series\\\/#breadcrumb\"},\"inLanguage\":\"fr-FR\",\"potentialAction\":[{\"@type\":\"ReadAction\",\"target\":[\"https:\\\/\\\/xactskateshop.com\\\/fr\\\/produit\\\/protege-cou-souple-noir-x-series\\\/\"]}]},{\"@type\":\"ImageObject\",\"inLanguage\":\"fr-FR\",\"@id\":\"https:\\\/\\\/xactskateshop.com\\\/fr\\\/produit\\\/protege-cou-souple-noir-x-series\\\/#primaryimage\",\"url\":\"https:\\\/\\\/xactskateshop.com\\\/wp-content\\\/uploads\\\/2023\\\/01\\\/soft-black-neck-guard.jpg\",\"contentUrl\":\"https:\\\/\\\/xactskateshop.com\\\/wp-content\\\/uploads\\\/2023\\\/01\\\/soft-black-neck-guard.jpg\",\"width\":1000,\"height\":1000,\"caption\":\"prot\u00e8ge-cou souple\"},{\"@type\":\"BreadcrumbList\",\"@id\":\"https:\\\/\\\/xactskateshop.com\\\/fr\\\/produit\\\/protege-cou-souple-noir-x-series\\\/#breadcrumb\",\"itemListElement\":[{\"@type\":\"ListItem\",\"position\":1,\"name\":\"Home\",\"item\":\"https:\\\/\\\/xactskateshop.com\\\/fr\\\/accueil\\\/\"},{\"@type\":\"ListItem\",\"position\":2,\"name\":\"Boutique\",\"item\":\"https:\\\/\\\/xactskateshop.com\\\/shop\\\/\"},{\"@type\":\"ListItem\",\"position\":3,\"name\":\"Prot\u00e8ge-cou Souple Noir X-Series\"}]},{\"@type\":\"WebSite\",\"@id\":\"http:\\\/\\\/xactskateshop.com\\\/fr\\\/#website\",\"url\":\"http:\\\/\\\/xactskateshop.com\\\/fr\\\/\",\"name\":\"Xact Skate Shop\",\"description\":\"Un site utilisant WordPress\",\"publisher\":{\"@id\":\"http:\\\/\\\/xactskateshop.com\\\/fr\\\/#organization\"},\"potentialAction\":[{\"@type\":\"SearchAction\",\"target\":{\"@type\":\"EntryPoint\",\"urlTemplate\":\"http:\\\/\\\/xactskateshop.com\\\/fr\\\/?s={search_term_string}\"},\"query-input\":{\"@type\":\"PropertyValueSpecification\",\"valueRequired\":true,\"valueName\":\"search_term_string\"}}],\"inLanguage\":\"fr-FR\"},{\"@type\":\"Organization\",\"@id\":\"http:\\\/\\\/xactskateshop.com\\\/fr\\\/#organization\",\"name\":\"XACT Skate Shop\",\"url\":\"http:\\\/\\\/xactskateshop.com\\\/fr\\\/\",\"logo\":{\"@type\":\"ImageObject\",\"inLanguage\":\"fr-FR\",\"@id\":\"http:\\\/\\\/xactskateshop.com\\\/fr\\\/#\\\/schema\\\/logo\\\/image\\\/\",\"url\":\"http:\\\/\\\/xactskateshop.com\\\/wp-content\\\/uploads\\\/2024\\\/04\\\/xactskateshop-dot-com-avec-contour-noir-sans-fond-675x.jpg\",\"contentUrl\":\"http:\\\/\\\/xactskateshop.com\\\/wp-content\\\/uploads\\\/2024\\\/04\\\/xactskateshop-dot-com-avec-contour-noir-sans-fond-675x.jpg\",\"width\":675,\"height\":247,\"caption\":\"XACT Skate Shop\"},\"image\":{\"@id\":\"http:\\\/\\\/xactskateshop.com\\\/fr\\\/#\\\/schema\\\/logo\\\/image\\\/\"},\"sameAs\":[\"https:\\\/\\\/www.facebook.com\\\/JeanLouiskateshop\"]}]}<\/script>\n<!-- \/ Yoast SEO plugin. -->","yoast_head_json":{"title":"Prot\u00e8ge-cou Souple Noir X-Series - Xact Skate Shop","description":"Prot\u00e8ge-cou Souple Noir X-Series r\u00e9sistant aux coupures con\u00e7u \u00e0 partir fibres d'aramide, \u00e9galement connues sous le nom de Kevlar. Conforme aux normes ISU.","robots":{"index":"index","follow":"follow","max-snippet":"max-snippet:-1","max-image-preview":"max-image-preview:large","max-video-preview":"max-video-preview:-1"},"canonical":"https:\/\/xactskateshop.com\/fr\/produit\/protege-cou-souple-noir-x-series\/","og_locale":"fr_FR","og_type":"article","og_title":"Prot\u00e8ge-cou Souple Noir X-Series - Xact Skate Shop","og_description":"Prot\u00e8ge-cou Souple Noir X-Series r\u00e9sistant aux coupures con\u00e7u \u00e0 partir fibres d'aramide, \u00e9galement connues sous le nom de Kevlar. Conforme aux normes ISU.","og_url":"https:\/\/xactskateshop.com\/fr\/produit\/protege-cou-souple-noir-x-series\/","og_site_name":"Xact Skate Shop","article_publisher":"https:\/\/www.facebook.com\/JeanLouiskateshop","article_modified_time":"2025-10-31T18:51:30+00:00","og_image":[{"width":1000,"height":1000,"url":"https:\/\/xactskateshop.com\/wp-content\/uploads\/2023\/01\/soft-black-neck-guard.jpg","type":"image\/jpeg"}],"twitter_card":"summary_large_image","twitter_misc":{"Dur\u00e9e de lecture estim\u00e9e":"2 minutes"},"schema":{"@context":"https:\/\/schema.org","@graph":[{"@type":"WebPage","@id":"https:\/\/xactskateshop.com\/fr\/produit\/protege-cou-souple-noir-x-series\/","url":"https:\/\/xactskateshop.com\/fr\/produit\/protege-cou-souple-noir-x-series\/","name":"Prot\u00e8ge-cou Souple Noir X-Series - Xact Skate Shop","isPartOf":{"@id":"http:\/\/xactskateshop.com\/fr\/#website"},"primaryImageOfPage":{"@id":"https:\/\/xactskateshop.com\/fr\/produit\/protege-cou-souple-noir-x-series\/#primaryimage"},"image":{"@id":"https:\/\/xactskateshop.com\/fr\/produit\/protege-cou-souple-noir-x-series\/#primaryimage"},"thumbnailUrl":"https:\/\/xactskateshop.com\/wp-content\/uploads\/2023\/01\/soft-black-neck-guard.jpg","datePublished":"2023-01-17T23:29:46+00:00","dateModified":"2025-10-31T18:51:30+00:00","description":"Prot\u00e8ge-cou Souple Noir X-Series r\u00e9sistant aux coupures con\u00e7u \u00e0 partir fibres d'aramide, \u00e9galement connues sous le nom de Kevlar. Conforme aux normes ISU.","breadcrumb":{"@id":"https:\/\/xactskateshop.com\/fr\/produit\/protege-cou-souple-noir-x-series\/#breadcrumb"},"inLanguage":"fr-FR","potentialAction":[{"@type":"ReadAction","target":["https:\/\/xactskateshop.com\/fr\/produit\/protege-cou-souple-noir-x-series\/"]}]},{"@type":"ImageObject","inLanguage":"fr-FR","@id":"https:\/\/xactskateshop.com\/fr\/produit\/protege-cou-souple-noir-x-series\/#primaryimage","url":"https:\/\/xactskateshop.com\/wp-content\/uploads\/2023\/01\/soft-black-neck-guard.jpg","contentUrl":"https:\/\/xactskateshop.com\/wp-content\/uploads\/2023\/01\/soft-black-neck-guard.jpg","width":1000,"height":1000,"caption":"prot\u00e8ge-cou souple"},{"@type":"BreadcrumbList","@id":"https:\/\/xactskateshop.com\/fr\/produit\/protege-cou-souple-noir-x-series\/#breadcrumb","itemListElement":[{"@type":"ListItem","position":1,"name":"Home","item":"https:\/\/xactskateshop.com\/fr\/accueil\/"},{"@type":"ListItem","position":2,"name":"Boutique","item":"https:\/\/xactskateshop.com\/shop\/"},{"@type":"ListItem","position":3,"name":"Prot\u00e8ge-cou Souple Noir X-Series"}]},{"@type":"WebSite","@id":"http:\/\/xactskateshop.com\/fr\/#website","url":"http:\/\/xactskateshop.com\/fr\/","name":"Xact Skate Shop","description":"Un site utilisant WordPress","publisher":{"@id":"http:\/\/xactskateshop.com\/fr\/#organization"},"potentialAction":[{"@type":"SearchAction","target":{"@type":"EntryPoint","urlTemplate":"http:\/\/xactskateshop.com\/fr\/?s={search_term_string}"},"query-input":{"@type":"PropertyValueSpecification","valueRequired":true,"valueName":"search_term_string"}}],"inLanguage":"fr-FR"},{"@type":"Organization","@id":"http:\/\/xactskateshop.com\/fr\/#organization","name":"XACT Skate Shop","url":"http:\/\/xactskateshop.com\/fr\/","logo":{"@type":"ImageObject","inLanguage":"fr-FR","@id":"http:\/\/xactskateshop.com\/fr\/#\/schema\/logo\/image\/","url":"http:\/\/xactskateshop.com\/wp-content\/uploads\/2024\/04\/xactskateshop-dot-com-avec-contour-noir-sans-fond-675x.jpg","contentUrl":"http:\/\/xactskateshop.com\/wp-content\/uploads\/2024\/04\/xactskateshop-dot-com-avec-contour-noir-sans-fond-675x.jpg","width":675,"height":247,"caption":"XACT Skate Shop"},"image":{"@id":"http:\/\/xactskateshop.com\/fr\/#\/schema\/logo\/image\/"},"sameAs":["https:\/\/www.facebook.com\/JeanLouiskateshop"]}]}},"_links":{"self":[{"href":"https:\/\/xactskateshop.com\/fr\/wp-json\/wp\/v2\/product\/59991","targetHints":{"allow":["GET"]}}],"collection":[{"href":"https:\/\/xactskateshop.com\/fr\/wp-json\/wp\/v2\/product"}],"about":[{"href":"https:\/\/xactskateshop.com\/fr\/wp-json\/wp\/v2\/types\/product"}],"replies":[{"embeddable":true,"href":"https:\/\/xactskateshop.com\/fr\/wp-json\/wp\/v2\/comments?post=59991"}],"wp:featuredmedia":[{"embeddable":true,"href":"https:\/\/xactskateshop.com\/fr\/wp-json\/wp\/v2\/media\/29996"}],"wp:attachment":[{"href":"https:\/\/xactskateshop.com\/fr\/wp-json\/wp\/v2\/media?parent=59991"}],"wp:term":[{"taxonomy":"product_brand","embeddable":true,"href":"https:\/\/xactskateshop.com\/fr\/wp-json\/wp\/v2\/product_brand?post=59991"},{"taxonomy":"product_cat","embeddable":true,"href":"https:\/\/xactskateshop.com\/fr\/wp-json\/wp\/v2\/product_cat?post=59991"},{"taxonomy":"product_tag","embeddable":true,"href":"https:\/\/xactskateshop.com\/fr\/wp-json\/wp\/v2\/product_tag?post=59991"}],"curies":[{"name":"wp","href":"https:\/\/api.w.org\/{rel}","templated":true}]}}