{"id":59895,"date":"2022-12-23T14:51:43","date_gmt":"2022-12-23T19:51:43","guid":{"rendered":"http:\/\/xactskateshop.com\/product\/bont-bnt-boa-boot-2\/"},"modified":"2026-03-11T16:59:59","modified_gmt":"2026-03-11T20:59:59","slug":"bont-bnt-boa-2","status":"publish","type":"product","link":"https:\/\/xactskateshop.com\/fr\/produit\/bont-bnt-boa-2\/","title":{"rendered":"Bottines BONT BNT BOA"},"content":{"rendered":"<p>Bont BNT Boa<\/p>\n<p><strong>**** Veuillez nous contacter pour la disponibilit\u00e9 des tailles\/couleurs.<\/strong><br \/>\n<strong>**** Pour les bottes qui ne sont pas en stock, le d\u00e9lai de livraison est de 8 \u00e0 10 semaines.<\/strong><\/p>\n<p><strong>Pr\u00e9sentation de la nouvelle botte Bont BNT BOA Courte Piste  <\/strong><\/p>\n<p><strong> <\/strong>La Bottine de Courte Piste BNT est un cran au-dessus de la Z. Contrairement \u00e0 la Z qui est construite avec du carbone et de la fibre de verre, la BNT est fabriqu\u00e9e avec 100% de carbone, ce qui la rend plus rigide que la Z.<\/p>\n<p>Le rev\u00eatement ext\u00e9rieur est \u00e9galement fait d&#8217;un mat\u00e9riau de qualit\u00e9 sup\u00e9rieure \u00e0 celui de la Z. Le rembourrage en mousse est plus fin et plus dur que celui de la Z et il n&#8217;y a pas de thermoplastique dans la botte, ce qui la rend un peu moins thermo-moulable mais plus l\u00e9g\u00e8re. La botte est toujours thermoformable \u00e0 partir de la r\u00e9sine. <\/p>\n<p>La BNT a \u00e9tabli une nouvelle r\u00e9f\u00e9rence dans le monde du patinage \u00e0 roues align\u00e9es et nous esp\u00e9rons qu&#8217;il en sera de m\u00eame pour la Courte Piste. Les meilleurs patineurs \u00e0 roues align\u00e9es ont d\u00e9clar\u00e9 qu&#8217;il s&#8217;agissait de la chaussure de s\u00e9rie la mieux ajust\u00e9e qu&#8217;ils aient jamais port\u00e9e. Nous avons \u00e9galement une \u00e9dition BOA qui ajoute un cadran BOA pour que vous puissiez chausser vos patins rapidement. La BNT est l&#8217;une des chaussures les plus l\u00e9g\u00e8res que nous ayons jamais fabriqu\u00e9es, si l\u00e9g\u00e8re que vous ne vous rendrez presque pas compte que vous la portez.    <a href=\"http:\/\/xactskateshop.com\/size-chart\/\">Trouvez votre taille BONT ici<\/a><\/p>\n<ul>\n<li><strong>Caract\u00e9ristiques<\/strong>\n<ul>\n<li><strong>Base :<\/strong> 100 % carbone avec finition mate<\/li>\n<li><strong>Rev\u00eatement ext\u00e9rieur :<\/strong> Durolite<\/li>\n<li><strong>Doublure :<\/strong> Daim-L<\/li>\n<li><strong>Semelle int\u00e9rieure :<\/strong> EVA thermo-moulable<\/li>\n<li><strong>Thermoformable :<\/strong> Base enti\u00e8rement thermoformable utilisant une r\u00e9sine \u00e9poxy thermodurcissable.<\/li>\n<li>Les instructions sont disponibles <a href=\"http:\/\/xactskateshop.com\/heat-molding-instructions\/\">ici<\/a><\/li>\n<li><strong>Rembourrage :<\/strong> N\u00e9opr\u00e8ne 2mm<\/li>\n<li><strong>Protection :<\/strong> aucune<\/li>\n<li><strong>V\u00e9g\u00e9talien :<\/strong> Oui<\/li>\n<\/ul>\n<\/li>\n<\/ul>\n<p>Bont est l&#8217;une des seules marques \u00e0 avoir la licence officielle pour utiliser les cadrans Boa authentiques fabriqu\u00e9s aux \u00c9tats-Unis. Le cadran Boa remplace les lacets traditionnels, les cliquets, les bandes Velcro ou tout autre m\u00e9canisme de fermeture, en utilisant un lacet en acier, des guides en nylon et un enrouleur m\u00e9canique pour maintenir la chaussure bien en place. Les cadrans Boa vous permettent de serrer et de desserrer facilement vos patins en tournant le cadran.  <\/p>\n<p>Si vous devez r\u00e9parer votre cadran Boa, veuillez consulter cette page <a href=\"https:\/\/www.boafit.com\/repair\" target=\"null\" rel=\"noopener noreferrer\">: https:\/\/www.boafit.com\/repair<\/a><\/p>\n","protected":false},"excerpt":{"rendered":"<hr>\n<p style=\"text-align: center;\"><strong>****** veuillez nous contacter \u00e0 info@xactskateshop.com pour conna\u00eetre la disponibilit\u00e9 des tailles\/couleurs avant de passer commande.<\/strong><\/p>\n<hr>\n<p>&nbsp;<\/p>\n","protected":false},"featured_media":29972,"comment_status":"open","ping_status":"closed","template":"","meta":{"site-sidebar-layout":"default","site-content-layout":"default","ast-site-content-layout":"default","site-content-style":"default","site-sidebar-style":"default","ast-global-header-display":"","ast-banner-title-visibility":"","ast-main-header-display":"","ast-hfb-above-header-display":"","ast-hfb-below-header-display":"","ast-hfb-mobile-header-display":"","site-post-title":"","ast-breadcrumbs-content":"","ast-featured-img":"","footer-sml-layout":"","theme-transparent-header-meta":"default","adv-header-id-meta":"","stick-header-meta":"","header-above-stick-meta":"","header-main-stick-meta":"","header-below-stick-meta":"","astra-migrate-meta-layouts":"set","ast-page-background-enabled":"default","ast-page-background-meta":{"desktop":{"background-color":"","background-image":"","background-repeat":"repeat","background-position":"center center","background-size":"auto","background-attachment":"scroll","background-type":"","background-media":"","overlay-type":"","overlay-color":"","overlay-opacity":"","overlay-gradient":""},"tablet":{"background-color":"","background-image":"","background-repeat":"repeat","background-position":"center center","background-size":"auto","background-attachment":"scroll","background-type":"","background-media":"","overlay-type":"","overlay-color":"","overlay-opacity":"","overlay-gradient":""},"mobile":{"background-color":"","background-image":"","background-repeat":"repeat","background-position":"center center","background-size":"auto","background-attachment":"scroll","background-type":"","background-media":"","overlay-type":"","overlay-color":"","overlay-opacity":"","overlay-gradient":""}},"ast-content-background-meta":{"desktop":{"background-color":"var(--ast-global-color-5)","background-image":"","background-repeat":"repeat","background-position":"center center","background-size":"auto","background-attachment":"scroll","background-type":"","background-media":"","overlay-type":"","overlay-color":"","overlay-opacity":"","overlay-gradient":""},"tablet":{"background-color":"var(--ast-global-color-5)","background-image":"","background-repeat":"repeat","background-position":"center center","background-size":"auto","background-attachment":"scroll","background-type":"","background-media":"","overlay-type":"","overlay-color":"","overlay-opacity":"","overlay-gradient":""},"mobile":{"background-color":"var(--ast-global-color-5)","background-image":"","background-repeat":"repeat","background-position":"center center","background-size":"auto","background-attachment":"scroll","background-type":"","background-media":"","overlay-type":"","overlay-color":"","overlay-opacity":"","overlay-gradient":""}}},"product_brand":[],"product_cat":[1430,1354,1353],"product_tag":[2233,1384,1391,2189,1383,1385,1356,2293,1403,1392],"class_list":{"0":"post-59895","1":"product","2":"type-product","3":"status-publish","4":"has-post-thumbnail","6":"product_cat-bottines-de-patinage-de-vitesse-courte-piste","7":"product_cat-courte-piste","8":"product_cat-patinage-de-vitesse","9":"product_tag-boa-fr","10":"product_tag-bont-fr","11":"product_tag-botte-en-carbone","12":"product_tag-botte-vegetalienne","13":"product_tag-bottes-courtes","14":"product_tag-boutique-xactskate","15":"product_tag-courte-piste-fr","16":"product_tag-materiel-de-piste","17":"product_tag-patinage-de-vitesse","18":"product_tag-thermo-moulable","19":"desktop-align-center","20":"tablet-align-center","21":"mobile-align-center","22":"ast-product-gallery-layout-horizontal","23":"ast-product-single-variable","24":"ast-product-tabs-layout-horizontal","25":"ast-qv-on-image","27":"first","28":"instock","29":"sale","30":"taxable","31":"shipping-taxable","32":"purchasable","33":"product-type-variable"},"bundled_by":[],"bundle_stock_status":"instock","bundle_stock_quantity":null,"bundle_virtual":false,"bundle_layout":"","bundle_add_to_cart_form_location":"","bundle_editable_in_cart":false,"bundle_sold_individually_context":"","bundle_item_grouping":"","bundle_min_size":"","bundle_max_size":"","bundle_price":[],"bundled_items":[],"bundle_sell_ids":[],"yoast_head":"<!-- This site is optimized with the Yoast SEO plugin v27.4 - https:\/\/yoast.com\/product\/yoast-seo-wordpress\/ -->\n<title>Bottine pour courte piste Bottines BONT BNT BOA -% Xact Skate Shop.<\/title>\n<meta name=\"description\" content=\"Bottine pour courte piste La bottine BNT a \u00e9tabli une nouvelle r\u00e9f\u00e9rence dans le monde du patinage \u00e0 roues align\u00e9es et nous esp\u00e9rons qu&#039;il en sera de m\u00eame pour le courte piste.\" \/>\n<meta name=\"robots\" content=\"index, follow, max-snippet:-1, max-image-preview:large, max-video-preview:-1\" \/>\n<link rel=\"canonical\" href=\"https:\/\/xactskateshop.com\/fr\/produit\/bont-bnt-boa-2\/\" \/>\n<meta property=\"og:locale\" content=\"fr_FR\" \/>\n<meta property=\"og:type\" content=\"article\" \/>\n<meta property=\"og:title\" content=\"Bottine BONT BNT Courte Piste\" \/>\n<meta property=\"og:description\" content=\"La Bottine de Courte Piste BNT est un cran au-dessus de la Z. Contrairement \u00e0 la Z qui est construite avec du carbone et de la fibre de verre, la BNT est fabriqu\u00e9e avec 100% de carbone, ce qui la rend plus rigide que la Z.\" \/>\n<meta property=\"og:url\" content=\"https:\/\/xactskateshop.com\/fr\/produit\/bont-bnt-boa-2\/\" \/>\n<meta property=\"og:site_name\" content=\"Xact Skate Shop\" \/>\n<meta property=\"article:publisher\" content=\"https:\/\/www.facebook.com\/JeanLouiskateshop\" \/>\n<meta property=\"article:modified_time\" content=\"2026-03-11T20:59:59+00:00\" \/>\n<meta property=\"og:image\" content=\"http:\/\/xactskateshop.com\/wp-content\/uploads\/2022\/07\/ST-BNT-BOA-Black-Shiny-Red-300x300.jpg\" \/>\n<meta name=\"twitter:card\" content=\"summary_large_image\" \/>\n<meta name=\"twitter:label1\" content=\"Dur\u00e9e de lecture estim\u00e9e\" \/>\n\t<meta name=\"twitter:data1\" content=\"2 minutes\" \/>\n<script type=\"application\/ld+json\" class=\"yoast-schema-graph\">{\"@context\":\"https:\\\/\\\/schema.org\",\"@graph\":[{\"@type\":\"WebPage\",\"@id\":\"https:\\\/\\\/xactskateshop.com\\\/fr\\\/produit\\\/bont-bnt-boa-2\\\/\",\"url\":\"https:\\\/\\\/xactskateshop.com\\\/fr\\\/produit\\\/bont-bnt-boa-2\\\/\",\"name\":\"Bottine pour courte piste Bottines BONT BNT BOA -% Xact Skate Shop.\",\"isPartOf\":{\"@id\":\"http:\\\/\\\/xactskateshop.com\\\/fr\\\/#website\"},\"primaryImageOfPage\":{\"@id\":\"https:\\\/\\\/xactskateshop.com\\\/fr\\\/produit\\\/bont-bnt-boa-2\\\/#primaryimage\"},\"image\":{\"@id\":\"https:\\\/\\\/xactskateshop.com\\\/fr\\\/produit\\\/bont-bnt-boa-2\\\/#primaryimage\"},\"thumbnailUrl\":\"https:\\\/\\\/xactskateshop.com\\\/wp-content\\\/uploads\\\/2022\\\/12\\\/ST-BNT-BOA-Black.jpg\",\"datePublished\":\"2022-12-23T19:51:43+00:00\",\"dateModified\":\"2026-03-11T20:59:59+00:00\",\"description\":\"Bottine pour courte piste La bottine BNT a \u00e9tabli une nouvelle r\u00e9f\u00e9rence dans le monde du patinage \u00e0 roues align\u00e9es et nous esp\u00e9rons qu'il en sera de m\u00eame pour le courte piste.\",\"breadcrumb\":{\"@id\":\"https:\\\/\\\/xactskateshop.com\\\/fr\\\/produit\\\/bont-bnt-boa-2\\\/#breadcrumb\"},\"inLanguage\":\"fr-FR\",\"potentialAction\":[{\"@type\":\"ReadAction\",\"target\":[\"https:\\\/\\\/xactskateshop.com\\\/fr\\\/produit\\\/bont-bnt-boa-2\\\/\"]}]},{\"@type\":\"ImageObject\",\"inLanguage\":\"fr-FR\",\"@id\":\"https:\\\/\\\/xactskateshop.com\\\/fr\\\/produit\\\/bont-bnt-boa-2\\\/#primaryimage\",\"url\":\"https:\\\/\\\/xactskateshop.com\\\/wp-content\\\/uploads\\\/2022\\\/12\\\/ST-BNT-BOA-Black.jpg\",\"contentUrl\":\"https:\\\/\\\/xactskateshop.com\\\/wp-content\\\/uploads\\\/2022\\\/12\\\/ST-BNT-BOA-Black.jpg\",\"width\":1000,\"height\":1000,\"caption\":\"Bont BNT Boa\"},{\"@type\":\"BreadcrumbList\",\"@id\":\"https:\\\/\\\/xactskateshop.com\\\/fr\\\/produit\\\/bont-bnt-boa-2\\\/#breadcrumb\",\"itemListElement\":[{\"@type\":\"ListItem\",\"position\":1,\"name\":\"Home\",\"item\":\"https:\\\/\\\/xactskateshop.com\\\/fr\\\/accueil\\\/\"},{\"@type\":\"ListItem\",\"position\":2,\"name\":\"Boutique\",\"item\":\"https:\\\/\\\/xactskateshop.com\\\/shop\\\/\"},{\"@type\":\"ListItem\",\"position\":3,\"name\":\"Bottines BONT BNT BOA\"}]},{\"@type\":\"WebSite\",\"@id\":\"http:\\\/\\\/xactskateshop.com\\\/fr\\\/#website\",\"url\":\"http:\\\/\\\/xactskateshop.com\\\/fr\\\/\",\"name\":\"Xact Skate Shop\",\"description\":\"Un site utilisant WordPress\",\"publisher\":{\"@id\":\"http:\\\/\\\/xactskateshop.com\\\/fr\\\/#organization\"},\"potentialAction\":[{\"@type\":\"SearchAction\",\"target\":{\"@type\":\"EntryPoint\",\"urlTemplate\":\"http:\\\/\\\/xactskateshop.com\\\/fr\\\/?s={search_term_string}\"},\"query-input\":{\"@type\":\"PropertyValueSpecification\",\"valueRequired\":true,\"valueName\":\"search_term_string\"}}],\"inLanguage\":\"fr-FR\"},{\"@type\":\"Organization\",\"@id\":\"http:\\\/\\\/xactskateshop.com\\\/fr\\\/#organization\",\"name\":\"XACT Skate Shop\",\"url\":\"http:\\\/\\\/xactskateshop.com\\\/fr\\\/\",\"logo\":{\"@type\":\"ImageObject\",\"inLanguage\":\"fr-FR\",\"@id\":\"http:\\\/\\\/xactskateshop.com\\\/fr\\\/#\\\/schema\\\/logo\\\/image\\\/\",\"url\":\"http:\\\/\\\/xactskateshop.com\\\/wp-content\\\/uploads\\\/2024\\\/04\\\/xactskateshop-dot-com-avec-contour-noir-sans-fond-675x.jpg\",\"contentUrl\":\"http:\\\/\\\/xactskateshop.com\\\/wp-content\\\/uploads\\\/2024\\\/04\\\/xactskateshop-dot-com-avec-contour-noir-sans-fond-675x.jpg\",\"width\":675,\"height\":247,\"caption\":\"XACT Skate Shop\"},\"image\":{\"@id\":\"http:\\\/\\\/xactskateshop.com\\\/fr\\\/#\\\/schema\\\/logo\\\/image\\\/\"},\"sameAs\":[\"https:\\\/\\\/www.facebook.com\\\/JeanLouiskateshop\"]}]}<\/script>\n<!-- \/ Yoast SEO plugin. -->","yoast_head_json":{"title":"Bottine pour courte piste Bottines BONT BNT BOA -% Xact Skate Shop.","description":"Bottine pour courte piste La bottine BNT a \u00e9tabli une nouvelle r\u00e9f\u00e9rence dans le monde du patinage \u00e0 roues align\u00e9es et nous esp\u00e9rons qu'il en sera de m\u00eame pour le courte piste.","robots":{"index":"index","follow":"follow","max-snippet":"max-snippet:-1","max-image-preview":"max-image-preview:large","max-video-preview":"max-video-preview:-1"},"canonical":"https:\/\/xactskateshop.com\/fr\/produit\/bont-bnt-boa-2\/","og_locale":"fr_FR","og_type":"article","og_title":"Bottine BONT BNT Courte Piste","og_description":"La Bottine de Courte Piste BNT est un cran au-dessus de la Z. Contrairement \u00e0 la Z qui est construite avec du carbone et de la fibre de verre, la BNT est fabriqu\u00e9e avec 100% de carbone, ce qui la rend plus rigide que la Z.","og_url":"https:\/\/xactskateshop.com\/fr\/produit\/bont-bnt-boa-2\/","og_site_name":"Xact Skate Shop","article_publisher":"https:\/\/www.facebook.com\/JeanLouiskateshop","article_modified_time":"2026-03-11T20:59:59+00:00","og_image":[{"url":"http:\/\/xactskateshop.com\/wp-content\/uploads\/2022\/07\/ST-BNT-BOA-Black-Shiny-Red-300x300.jpg","type":"","width":"","height":""}],"twitter_card":"summary_large_image","twitter_misc":{"Dur\u00e9e de lecture estim\u00e9e":"2 minutes"},"schema":{"@context":"https:\/\/schema.org","@graph":[{"@type":"WebPage","@id":"https:\/\/xactskateshop.com\/fr\/produit\/bont-bnt-boa-2\/","url":"https:\/\/xactskateshop.com\/fr\/produit\/bont-bnt-boa-2\/","name":"Bottine pour courte piste Bottines BONT BNT BOA -% Xact Skate Shop.","isPartOf":{"@id":"http:\/\/xactskateshop.com\/fr\/#website"},"primaryImageOfPage":{"@id":"https:\/\/xactskateshop.com\/fr\/produit\/bont-bnt-boa-2\/#primaryimage"},"image":{"@id":"https:\/\/xactskateshop.com\/fr\/produit\/bont-bnt-boa-2\/#primaryimage"},"thumbnailUrl":"https:\/\/xactskateshop.com\/wp-content\/uploads\/2022\/12\/ST-BNT-BOA-Black.jpg","datePublished":"2022-12-23T19:51:43+00:00","dateModified":"2026-03-11T20:59:59+00:00","description":"Bottine pour courte piste La bottine BNT a \u00e9tabli une nouvelle r\u00e9f\u00e9rence dans le monde du patinage \u00e0 roues align\u00e9es et nous esp\u00e9rons qu'il en sera de m\u00eame pour le courte piste.","breadcrumb":{"@id":"https:\/\/xactskateshop.com\/fr\/produit\/bont-bnt-boa-2\/#breadcrumb"},"inLanguage":"fr-FR","potentialAction":[{"@type":"ReadAction","target":["https:\/\/xactskateshop.com\/fr\/produit\/bont-bnt-boa-2\/"]}]},{"@type":"ImageObject","inLanguage":"fr-FR","@id":"https:\/\/xactskateshop.com\/fr\/produit\/bont-bnt-boa-2\/#primaryimage","url":"https:\/\/xactskateshop.com\/wp-content\/uploads\/2022\/12\/ST-BNT-BOA-Black.jpg","contentUrl":"https:\/\/xactskateshop.com\/wp-content\/uploads\/2022\/12\/ST-BNT-BOA-Black.jpg","width":1000,"height":1000,"caption":"Bont BNT Boa"},{"@type":"BreadcrumbList","@id":"https:\/\/xactskateshop.com\/fr\/produit\/bont-bnt-boa-2\/#breadcrumb","itemListElement":[{"@type":"ListItem","position":1,"name":"Home","item":"https:\/\/xactskateshop.com\/fr\/accueil\/"},{"@type":"ListItem","position":2,"name":"Boutique","item":"https:\/\/xactskateshop.com\/shop\/"},{"@type":"ListItem","position":3,"name":"Bottines BONT BNT BOA"}]},{"@type":"WebSite","@id":"http:\/\/xactskateshop.com\/fr\/#website","url":"http:\/\/xactskateshop.com\/fr\/","name":"Xact Skate Shop","description":"Un site utilisant WordPress","publisher":{"@id":"http:\/\/xactskateshop.com\/fr\/#organization"},"potentialAction":[{"@type":"SearchAction","target":{"@type":"EntryPoint","urlTemplate":"http:\/\/xactskateshop.com\/fr\/?s={search_term_string}"},"query-input":{"@type":"PropertyValueSpecification","valueRequired":true,"valueName":"search_term_string"}}],"inLanguage":"fr-FR"},{"@type":"Organization","@id":"http:\/\/xactskateshop.com\/fr\/#organization","name":"XACT Skate Shop","url":"http:\/\/xactskateshop.com\/fr\/","logo":{"@type":"ImageObject","inLanguage":"fr-FR","@id":"http:\/\/xactskateshop.com\/fr\/#\/schema\/logo\/image\/","url":"http:\/\/xactskateshop.com\/wp-content\/uploads\/2024\/04\/xactskateshop-dot-com-avec-contour-noir-sans-fond-675x.jpg","contentUrl":"http:\/\/xactskateshop.com\/wp-content\/uploads\/2024\/04\/xactskateshop-dot-com-avec-contour-noir-sans-fond-675x.jpg","width":675,"height":247,"caption":"XACT Skate Shop"},"image":{"@id":"http:\/\/xactskateshop.com\/fr\/#\/schema\/logo\/image\/"},"sameAs":["https:\/\/www.facebook.com\/JeanLouiskateshop"]}]}},"_links":{"self":[{"href":"https:\/\/xactskateshop.com\/fr\/wp-json\/wp\/v2\/product\/59895","targetHints":{"allow":["GET"]}}],"collection":[{"href":"https:\/\/xactskateshop.com\/fr\/wp-json\/wp\/v2\/product"}],"about":[{"href":"https:\/\/xactskateshop.com\/fr\/wp-json\/wp\/v2\/types\/product"}],"replies":[{"embeddable":true,"href":"https:\/\/xactskateshop.com\/fr\/wp-json\/wp\/v2\/comments?post=59895"}],"wp:featuredmedia":[{"embeddable":true,"href":"https:\/\/xactskateshop.com\/fr\/wp-json\/wp\/v2\/media\/29972"}],"wp:attachment":[{"href":"https:\/\/xactskateshop.com\/fr\/wp-json\/wp\/v2\/media?parent=59895"}],"wp:term":[{"taxonomy":"product_brand","embeddable":true,"href":"https:\/\/xactskateshop.com\/fr\/wp-json\/wp\/v2\/product_brand?post=59895"},{"taxonomy":"product_cat","embeddable":true,"href":"https:\/\/xactskateshop.com\/fr\/wp-json\/wp\/v2\/product_cat?post=59895"},{"taxonomy":"product_tag","embeddable":true,"href":"https:\/\/xactskateshop.com\/fr\/wp-json\/wp\/v2\/product_tag?post=59895"}],"curies":[{"name":"wp","href":"https:\/\/api.w.org\/{rel}","templated":true}]}}