{"id":59881,"date":"2022-12-13T09:36:49","date_gmt":"2022-12-13T14:36:49","guid":{"rendered":"http:\/\/xactskateshop.com\/product\/embouts-abs-skate-tec\/"},"modified":"2022-12-13T09:36:49","modified_gmt":"2022-12-13T14:36:49","slug":"embouts-abs-skate-tec","status":"publish","type":"product","link":"https:\/\/xactskateshop.com\/fr\/produit\/embouts-abs-skate-tec\/","title":{"rendered":"Embouts ABS SKATE-TEC"},"content":{"rendered":"<div id=\"wsite-com-product-short-description\">\n<div class=\"paragraph\">\n<p>Prot\u00e8ge-doigts<\/p>\n<p>Les embouts de protection SKATE-TEC pour les doigts sur piste courte sont un excellent moyen de prot\u00e9ger vos gants contre l&#8217;usure rapide. Les patineurs de vitesse sur piste courte posent leur main gauche sur la glace dans le virage, ce qui peut rapidement faire des trous dans vos gants. Ces embouts permettent d&#8217;\u00e9viter cela.<\/p>\n<p>Il y a 7 embouts dans le pack, vous pouvez donc choisir les 5 qui conviennent le mieux \u00e0 la forme de vos doigts. Utilisez de la super-colle en gel pour les fixer \u00e0 vos gants. Vous pouvez acheter cette colle dans n&#8217;importe quelle quincaillerie.  <\/p>\n<h3><strong>Caract\u00e9ristiques<\/strong><\/h3>\n<p>&#8211; Fabriqu\u00e9 en ABS<br \/>\n&#8211; Longue dur\u00e9e<br \/>\n&#8211; Facile \u00e0 coller<br \/>\n&#8211; Poids l\u00e9ger<\/p>\n<h3><strong>Instructions de collage<\/strong><\/h3>\n<ol>\n<li>Le paquet contient 7 pointes de tailles diff\u00e9rentes. Choisissez les cinq embouts qui correspondent le mieux \u00e0 la taille de votre doigt. Associez les embouts de protection \u00e0 votre gant.  <\/li>\n<li>Appliquez de la colle sur le bord de l&#8217;embout. Appliquez sur des gants propres et secs. Pressez fermement sur le gant avec la main dans le gant.   Utiliser de la super colle en gel.<\/li>\n<li>Attendez 30 minutes avant de l&#8217;utiliser.<\/li>\n<\/ol>\n<p>A utiliser uniquement pour le patinage de vitesse sur piste courte.<\/p>\n<p>Avertissement : Utilisez de la colle super gel pour fixer les embouts de protection de la Courte Piste. Lisez attentivement l&#8217;\u00e9tiquette d&#8217;avertissement de la colle. <\/p>\n<p><b>Nos protections pour le bout des doigts sont fabriqu\u00e9es en ABS. L&#8217;ABS offre un bon \u00e9quilibre entre la r\u00e9sistance aux chocs, \u00e0 la chaleur, aux produits chimiques et \u00e0 l&#8217;abrasion, la stabilit\u00e9 dimensionnelle, la r\u00e9sistance \u00e0 la traction, la duret\u00e9 de surface, la rigidit\u00e9 et les caract\u00e9ristiques \u00e9lectriques.<\/b>. Le plastique ABS reste dur, rigide et r\u00e9sistant m\u00eame \u00e0 basse temp\u00e9rature. Il est disponible dans des qualit\u00e9s ignifuges, r\u00e9sistantes \u00e0 la chaleur et platinables.<\/p>\n<p>Pour en savoir plus sur les propri\u00e9t\u00e9s ABS <a href=\"https:\/\/en.wikipedia.org\/wiki\/Acrylonitrile_butadiene_styrene\">, cliquez ici !<\/a><\/p>\n<p>Voir d&#8217;autres mod\u00e8les <a href=\"http:\/\/xactskateshop.com\/product\/bont-carbon-finger-tips\/\">ici !<\/a><\/p>\n<\/div>\n<\/div>\n","protected":false},"excerpt":{"rendered":"<p>Prot\u00e8ge-doigts<\/p>\n<p>Les embouts de protection SKATE-TEC pour les doigts sur piste courte sont un excellent moyen de prot\u00e9ger vos gants contre l&#8217;usure rapide. Les patineurs de vitesse sur piste courte posent leur main gauche sur la glace dans le virage, ce qui peut rapidement faire des trous dans vos gants. Ces embouts permettent d&#8217;\u00e9viter cela.<\/p>\n","protected":false},"featured_media":29964,"comment_status":"closed","ping_status":"closed","template":"","meta":{"site-sidebar-layout":"default","site-content-layout":"default","ast-site-content-layout":"default","site-content-style":"default","site-sidebar-style":"default","ast-global-header-display":"","ast-banner-title-visibility":"","ast-main-header-display":"","ast-hfb-above-header-display":"","ast-hfb-below-header-display":"","ast-hfb-mobile-header-display":"","site-post-title":"","ast-breadcrumbs-content":"","ast-featured-img":"","footer-sml-layout":"","theme-transparent-header-meta":"default","adv-header-id-meta":"","stick-header-meta":"","header-above-stick-meta":"","header-main-stick-meta":"","header-below-stick-meta":"","astra-migrate-meta-layouts":"default","ast-page-background-enabled":"default","ast-page-background-meta":{"desktop":{"background-color":"","background-image":"","background-repeat":"repeat","background-position":"center center","background-size":"auto","background-attachment":"scroll","background-type":"","background-media":"","overlay-type":"","overlay-color":"","overlay-opacity":"","overlay-gradient":""},"tablet":{"background-color":"","background-image":"","background-repeat":"repeat","background-position":"center center","background-size":"auto","background-attachment":"scroll","background-type":"","background-media":"","overlay-type":"","overlay-color":"","overlay-opacity":"","overlay-gradient":""},"mobile":{"background-color":"","background-image":"","background-repeat":"repeat","background-position":"center center","background-size":"auto","background-attachment":"scroll","background-type":"","background-media":"","overlay-type":"","overlay-color":"","overlay-opacity":"","overlay-gradient":""}},"ast-content-background-meta":{"desktop":{"background-color":"var(--ast-global-color-5)","background-image":"","background-repeat":"repeat","background-position":"center center","background-size":"auto","background-attachment":"scroll","background-type":"","background-media":"","overlay-type":"","overlay-color":"","overlay-opacity":"","overlay-gradient":""},"tablet":{"background-color":"var(--ast-global-color-5)","background-image":"","background-repeat":"repeat","background-position":"center center","background-size":"auto","background-attachment":"scroll","background-type":"","background-media":"","overlay-type":"","overlay-color":"","overlay-opacity":"","overlay-gradient":""},"mobile":{"background-color":"var(--ast-global-color-5)","background-image":"","background-repeat":"repeat","background-position":"center center","background-size":"auto","background-attachment":"scroll","background-type":"","background-media":"","overlay-type":"","overlay-color":"","overlay-opacity":"","overlay-gradient":""}}},"product_brand":[],"product_cat":[1612,1613,1435,1353],"product_tag":[1385,1356,2292,2291,1403,2229],"class_list":{"0":"post-59881","1":"product","2":"type-product","3":"status-publish","4":"has-post-thumbnail","6":"product_cat-equipement-de-protection-patinage-de-vitesse-courte-piste","7":"product_cat-gants-et-tips","8":"product_cat-liquidation","9":"product_cat-patinage-de-vitesse","10":"product_tag-boutique-xactskate","11":"product_tag-courte-piste-fr","12":"product_tag-extremites-des-doigts","13":"product_tag-extremites-des-doigts-des-abdominaux","14":"product_tag-patinage-de-vitesse","15":"product_tag-skate-tec-fr","16":"desktop-align-center","17":"tablet-align-center","18":"mobile-align-center","19":"ast-product-gallery-layout-horizontal","20":"ast-product-single-variable","21":"ast-product-tabs-layout-horizontal","22":"ast-qv-on-image","24":"first","25":"instock","26":"sale","27":"taxable","28":"shipping-taxable","29":"purchasable","30":"product-type-variable"},"bundled_by":[],"bundle_stock_status":"instock","bundle_stock_quantity":null,"bundle_virtual":false,"bundle_layout":"","bundle_add_to_cart_form_location":"","bundle_editable_in_cart":false,"bundle_sold_individually_context":"","bundle_item_grouping":"","bundle_min_size":"","bundle_max_size":"","bundle_price":[],"bundled_items":[],"bundle_sell_ids":[],"yoast_head":"<!-- This site is optimized with the Yoast SEO plugin v27.4 - https:\/\/yoast.com\/product\/yoast-seo-wordpress\/ -->\n<title>Protecteur de bouts de doigts - Xact Skate Shop.<\/title>\n<meta name=\"description\" content=\"Protection des extr\u00e9mit\u00e9s des doigts. Les embouts de protection SKATE-TEC pour les doigts sur piste courte sont un excellent moyen de prot\u00e9ger vos gants contre l&#039;usure rapide.\" \/>\n<meta name=\"robots\" content=\"index, follow, max-snippet:-1, max-image-preview:large, max-video-preview:-1\" \/>\n<link rel=\"canonical\" href=\"https:\/\/xactskateshop.com\/fr\/produit\/embouts-abs-skate-tec\/\" \/>\n<meta property=\"og:locale\" content=\"fr_FR\" \/>\n<meta property=\"og:type\" content=\"article\" \/>\n<meta property=\"og:title\" content=\"Protecteur de bouts de doigts - Xact Skate Shop.\" \/>\n<meta property=\"og:description\" content=\"Protection des extr\u00e9mit\u00e9s des doigts. Les embouts de protection SKATE-TEC pour les doigts sur piste courte sont un excellent moyen de prot\u00e9ger vos gants contre l&#039;usure rapide.\" \/>\n<meta property=\"og:url\" content=\"https:\/\/xactskateshop.com\/fr\/produit\/embouts-abs-skate-tec\/\" \/>\n<meta property=\"og:site_name\" content=\"Xact Skate Shop\" \/>\n<meta property=\"article:publisher\" content=\"https:\/\/www.facebook.com\/JeanLouiskateshop\" \/>\n<meta property=\"og:image\" content=\"https:\/\/xactskateshop.com\/wp-content\/uploads\/2022\/12\/fingertipspink.jpg\" \/>\n\t<meta property=\"og:image:width\" content=\"1000\" \/>\n\t<meta property=\"og:image:height\" content=\"1000\" \/>\n\t<meta property=\"og:image:type\" content=\"image\/jpeg\" \/>\n<meta name=\"twitter:card\" content=\"summary_large_image\" \/>\n<meta name=\"twitter:label1\" content=\"Dur\u00e9e de lecture estim\u00e9e\" \/>\n\t<meta name=\"twitter:data1\" content=\"2 minutes\" \/>\n<script type=\"application\/ld+json\" class=\"yoast-schema-graph\">{\"@context\":\"https:\\\/\\\/schema.org\",\"@graph\":[{\"@type\":\"WebPage\",\"@id\":\"https:\\\/\\\/xactskateshop.com\\\/fr\\\/produit\\\/embouts-abs-skate-tec\\\/\",\"url\":\"https:\\\/\\\/xactskateshop.com\\\/fr\\\/produit\\\/embouts-abs-skate-tec\\\/\",\"name\":\"Protecteur de bouts de doigts - Xact Skate Shop.\",\"isPartOf\":{\"@id\":\"http:\\\/\\\/xactskateshop.com\\\/fr\\\/#website\"},\"primaryImageOfPage\":{\"@id\":\"https:\\\/\\\/xactskateshop.com\\\/fr\\\/produit\\\/embouts-abs-skate-tec\\\/#primaryimage\"},\"image\":{\"@id\":\"https:\\\/\\\/xactskateshop.com\\\/fr\\\/produit\\\/embouts-abs-skate-tec\\\/#primaryimage\"},\"thumbnailUrl\":\"https:\\\/\\\/xactskateshop.com\\\/wp-content\\\/uploads\\\/2022\\\/12\\\/fingertipspink.jpg\",\"datePublished\":\"2022-12-13T14:36:49+00:00\",\"description\":\"Protection des extr\u00e9mit\u00e9s des doigts. Les embouts de protection SKATE-TEC pour les doigts sur piste courte sont un excellent moyen de prot\u00e9ger vos gants contre l'usure rapide.\",\"breadcrumb\":{\"@id\":\"https:\\\/\\\/xactskateshop.com\\\/fr\\\/produit\\\/embouts-abs-skate-tec\\\/#breadcrumb\"},\"inLanguage\":\"fr-FR\",\"potentialAction\":[{\"@type\":\"ReadAction\",\"target\":[\"https:\\\/\\\/xactskateshop.com\\\/fr\\\/produit\\\/embouts-abs-skate-tec\\\/\"]}]},{\"@type\":\"ImageObject\",\"inLanguage\":\"fr-FR\",\"@id\":\"https:\\\/\\\/xactskateshop.com\\\/fr\\\/produit\\\/embouts-abs-skate-tec\\\/#primaryimage\",\"url\":\"https:\\\/\\\/xactskateshop.com\\\/wp-content\\\/uploads\\\/2022\\\/12\\\/fingertipspink.jpg\",\"contentUrl\":\"https:\\\/\\\/xactskateshop.com\\\/wp-content\\\/uploads\\\/2022\\\/12\\\/fingertipspink.jpg\",\"width\":1000,\"height\":1000,\"caption\":\"protecteur de bouts de doigts\"},{\"@type\":\"BreadcrumbList\",\"@id\":\"https:\\\/\\\/xactskateshop.com\\\/fr\\\/produit\\\/embouts-abs-skate-tec\\\/#breadcrumb\",\"itemListElement\":[{\"@type\":\"ListItem\",\"position\":1,\"name\":\"Home\",\"item\":\"https:\\\/\\\/xactskateshop.com\\\/fr\\\/accueil\\\/\"},{\"@type\":\"ListItem\",\"position\":2,\"name\":\"Boutique\",\"item\":\"https:\\\/\\\/xactskateshop.com\\\/shop\\\/\"},{\"@type\":\"ListItem\",\"position\":3,\"name\":\"Embouts ABS SKATE-TEC\"}]},{\"@type\":\"WebSite\",\"@id\":\"http:\\\/\\\/xactskateshop.com\\\/fr\\\/#website\",\"url\":\"http:\\\/\\\/xactskateshop.com\\\/fr\\\/\",\"name\":\"Xact Skate Shop\",\"description\":\"Un site utilisant WordPress\",\"publisher\":{\"@id\":\"http:\\\/\\\/xactskateshop.com\\\/fr\\\/#organization\"},\"potentialAction\":[{\"@type\":\"SearchAction\",\"target\":{\"@type\":\"EntryPoint\",\"urlTemplate\":\"http:\\\/\\\/xactskateshop.com\\\/fr\\\/?s={search_term_string}\"},\"query-input\":{\"@type\":\"PropertyValueSpecification\",\"valueRequired\":true,\"valueName\":\"search_term_string\"}}],\"inLanguage\":\"fr-FR\"},{\"@type\":\"Organization\",\"@id\":\"http:\\\/\\\/xactskateshop.com\\\/fr\\\/#organization\",\"name\":\"XACT Skate Shop\",\"url\":\"http:\\\/\\\/xactskateshop.com\\\/fr\\\/\",\"logo\":{\"@type\":\"ImageObject\",\"inLanguage\":\"fr-FR\",\"@id\":\"http:\\\/\\\/xactskateshop.com\\\/fr\\\/#\\\/schema\\\/logo\\\/image\\\/\",\"url\":\"http:\\\/\\\/xactskateshop.com\\\/wp-content\\\/uploads\\\/2024\\\/04\\\/xactskateshop-dot-com-avec-contour-noir-sans-fond-675x.jpg\",\"contentUrl\":\"http:\\\/\\\/xactskateshop.com\\\/wp-content\\\/uploads\\\/2024\\\/04\\\/xactskateshop-dot-com-avec-contour-noir-sans-fond-675x.jpg\",\"width\":675,\"height\":247,\"caption\":\"XACT Skate Shop\"},\"image\":{\"@id\":\"http:\\\/\\\/xactskateshop.com\\\/fr\\\/#\\\/schema\\\/logo\\\/image\\\/\"},\"sameAs\":[\"https:\\\/\\\/www.facebook.com\\\/JeanLouiskateshop\"]}]}<\/script>\n<!-- \/ Yoast SEO plugin. -->","yoast_head_json":{"title":"Protecteur de bouts de doigts - Xact Skate Shop.","description":"Protection des extr\u00e9mit\u00e9s des doigts. Les embouts de protection SKATE-TEC pour les doigts sur piste courte sont un excellent moyen de prot\u00e9ger vos gants contre l'usure rapide.","robots":{"index":"index","follow":"follow","max-snippet":"max-snippet:-1","max-image-preview":"max-image-preview:large","max-video-preview":"max-video-preview:-1"},"canonical":"https:\/\/xactskateshop.com\/fr\/produit\/embouts-abs-skate-tec\/","og_locale":"fr_FR","og_type":"article","og_title":"Protecteur de bouts de doigts - Xact Skate Shop.","og_description":"Protection des extr\u00e9mit\u00e9s des doigts. Les embouts de protection SKATE-TEC pour les doigts sur piste courte sont un excellent moyen de prot\u00e9ger vos gants contre l'usure rapide.","og_url":"https:\/\/xactskateshop.com\/fr\/produit\/embouts-abs-skate-tec\/","og_site_name":"Xact Skate Shop","article_publisher":"https:\/\/www.facebook.com\/JeanLouiskateshop","og_image":[{"width":1000,"height":1000,"url":"https:\/\/xactskateshop.com\/wp-content\/uploads\/2022\/12\/fingertipspink.jpg","type":"image\/jpeg"}],"twitter_card":"summary_large_image","twitter_misc":{"Dur\u00e9e de lecture estim\u00e9e":"2 minutes"},"schema":{"@context":"https:\/\/schema.org","@graph":[{"@type":"WebPage","@id":"https:\/\/xactskateshop.com\/fr\/produit\/embouts-abs-skate-tec\/","url":"https:\/\/xactskateshop.com\/fr\/produit\/embouts-abs-skate-tec\/","name":"Protecteur de bouts de doigts - Xact Skate Shop.","isPartOf":{"@id":"http:\/\/xactskateshop.com\/fr\/#website"},"primaryImageOfPage":{"@id":"https:\/\/xactskateshop.com\/fr\/produit\/embouts-abs-skate-tec\/#primaryimage"},"image":{"@id":"https:\/\/xactskateshop.com\/fr\/produit\/embouts-abs-skate-tec\/#primaryimage"},"thumbnailUrl":"https:\/\/xactskateshop.com\/wp-content\/uploads\/2022\/12\/fingertipspink.jpg","datePublished":"2022-12-13T14:36:49+00:00","description":"Protection des extr\u00e9mit\u00e9s des doigts. Les embouts de protection SKATE-TEC pour les doigts sur piste courte sont un excellent moyen de prot\u00e9ger vos gants contre l'usure rapide.","breadcrumb":{"@id":"https:\/\/xactskateshop.com\/fr\/produit\/embouts-abs-skate-tec\/#breadcrumb"},"inLanguage":"fr-FR","potentialAction":[{"@type":"ReadAction","target":["https:\/\/xactskateshop.com\/fr\/produit\/embouts-abs-skate-tec\/"]}]},{"@type":"ImageObject","inLanguage":"fr-FR","@id":"https:\/\/xactskateshop.com\/fr\/produit\/embouts-abs-skate-tec\/#primaryimage","url":"https:\/\/xactskateshop.com\/wp-content\/uploads\/2022\/12\/fingertipspink.jpg","contentUrl":"https:\/\/xactskateshop.com\/wp-content\/uploads\/2022\/12\/fingertipspink.jpg","width":1000,"height":1000,"caption":"protecteur de bouts de doigts"},{"@type":"BreadcrumbList","@id":"https:\/\/xactskateshop.com\/fr\/produit\/embouts-abs-skate-tec\/#breadcrumb","itemListElement":[{"@type":"ListItem","position":1,"name":"Home","item":"https:\/\/xactskateshop.com\/fr\/accueil\/"},{"@type":"ListItem","position":2,"name":"Boutique","item":"https:\/\/xactskateshop.com\/shop\/"},{"@type":"ListItem","position":3,"name":"Embouts ABS SKATE-TEC"}]},{"@type":"WebSite","@id":"http:\/\/xactskateshop.com\/fr\/#website","url":"http:\/\/xactskateshop.com\/fr\/","name":"Xact Skate Shop","description":"Un site utilisant WordPress","publisher":{"@id":"http:\/\/xactskateshop.com\/fr\/#organization"},"potentialAction":[{"@type":"SearchAction","target":{"@type":"EntryPoint","urlTemplate":"http:\/\/xactskateshop.com\/fr\/?s={search_term_string}"},"query-input":{"@type":"PropertyValueSpecification","valueRequired":true,"valueName":"search_term_string"}}],"inLanguage":"fr-FR"},{"@type":"Organization","@id":"http:\/\/xactskateshop.com\/fr\/#organization","name":"XACT Skate Shop","url":"http:\/\/xactskateshop.com\/fr\/","logo":{"@type":"ImageObject","inLanguage":"fr-FR","@id":"http:\/\/xactskateshop.com\/fr\/#\/schema\/logo\/image\/","url":"http:\/\/xactskateshop.com\/wp-content\/uploads\/2024\/04\/xactskateshop-dot-com-avec-contour-noir-sans-fond-675x.jpg","contentUrl":"http:\/\/xactskateshop.com\/wp-content\/uploads\/2024\/04\/xactskateshop-dot-com-avec-contour-noir-sans-fond-675x.jpg","width":675,"height":247,"caption":"XACT Skate Shop"},"image":{"@id":"http:\/\/xactskateshop.com\/fr\/#\/schema\/logo\/image\/"},"sameAs":["https:\/\/www.facebook.com\/JeanLouiskateshop"]}]}},"_links":{"self":[{"href":"https:\/\/xactskateshop.com\/fr\/wp-json\/wp\/v2\/product\/59881","targetHints":{"allow":["GET"]}}],"collection":[{"href":"https:\/\/xactskateshop.com\/fr\/wp-json\/wp\/v2\/product"}],"about":[{"href":"https:\/\/xactskateshop.com\/fr\/wp-json\/wp\/v2\/types\/product"}],"replies":[{"embeddable":true,"href":"https:\/\/xactskateshop.com\/fr\/wp-json\/wp\/v2\/comments?post=59881"}],"wp:featuredmedia":[{"embeddable":true,"href":"https:\/\/xactskateshop.com\/fr\/wp-json\/wp\/v2\/media\/29964"}],"wp:attachment":[{"href":"https:\/\/xactskateshop.com\/fr\/wp-json\/wp\/v2\/media?parent=59881"}],"wp:term":[{"taxonomy":"product_brand","embeddable":true,"href":"https:\/\/xactskateshop.com\/fr\/wp-json\/wp\/v2\/product_brand?post=59881"},{"taxonomy":"product_cat","embeddable":true,"href":"https:\/\/xactskateshop.com\/fr\/wp-json\/wp\/v2\/product_cat?post=59881"},{"taxonomy":"product_tag","embeddable":true,"href":"https:\/\/xactskateshop.com\/fr\/wp-json\/wp\/v2\/product_tag?post=59881"}],"curies":[{"name":"wp","href":"https:\/\/api.w.org\/{rel}","templated":true}]}}