{"id":59870,"date":"2022-12-01T18:14:25","date_gmt":"2022-12-01T23:14:25","guid":{"rendered":"http:\/\/xactskateshop.com\/product\/outil-dentrainement-a-laide-dune-planchette-reglable\/"},"modified":"2025-09-18T18:33:11","modified_gmt":"2025-09-18T22:33:11","slug":"outil-dentrainement-a-laide-dune-planchette-reglable","status":"publish","type":"product","link":"https:\/\/xactskateshop.com\/fr\/produit\/outil-dentrainement-a-laide-dune-planchette-reglable\/","title":{"rendered":"Planche de glisse ajustable"},"content":{"rendered":"<p>Planche de glisse ajustable<\/p>\n<p>Non seulement pour le patinage \u00e0 sec ou l&#8217;entra\u00eenement au hockey, cette planche de glisse r\u00e9glable peut \u00eatre utilis\u00e9e comme outil d&#8217;entra\u00eenement dans divers types d&#8217;applications d&#8217;entra\u00eenement.<\/p>\n<p>La Planche de glisse ajustable utilise une surface de tapis exclusive qui comporte une surface antid\u00e9rapante d&#8217;un c\u00f4t\u00e9 pour maintenir le tapis en place pendant que l&#8217;utilisateur reste en mouvement. La planche peut \u00eatre r\u00e9gl\u00e9e en 5, 6, 7 ou 8 pieds, ce qui permet \u00e0 l&#8217;utilisateur d&#8217;ajuster et de stimuler son entra\u00eenement lat\u00e9ral au fur et \u00e0 mesure qu&#8217;il augmente sa puissance et son endurance. La planche de glisse r\u00e9glable s&#8217;enroule facilement et peut \u00eatre rang\u00e9e proprement. Fourni avec des chaussons qui peuvent \u00eatre port\u00e9s par-dessus les chaussures de course et les mains.<\/p>\n<p>&#8211; ADJUSTABLE &#8211; 5, 6, 7 ou 8 pieds<\/p>\n<p>Si vous avez besoin de remplacer les chaussettes fournies avec le tapis, cliquez <a href=\"http:\/\/xactskateshop.com\/product\/replacement-sliding-socks\/\">ici<\/a>!<\/p>\n","protected":false},"excerpt":{"rendered":"<hr \/>\n<p style=\"text-align: center;\">Non seulement pour le patinage \u00e0 sec ou l&#8217;entra\u00eenement au hockey, cette planche de glisse r\u00e9glable peut \u00eatre utilis\u00e9e comme outil d&#8217;entra\u00eenement dans divers types d&#8217;applications d&#8217;entra\u00eenement.<\/p>\n<hr \/>\n<p>&nbsp;<\/p>\n","protected":false},"featured_media":29954,"comment_status":"open","ping_status":"closed","template":"","meta":{"site-sidebar-layout":"default","site-content-layout":"default","ast-site-content-layout":"default","site-content-style":"default","site-sidebar-style":"default","ast-global-header-display":"","ast-banner-title-visibility":"","ast-main-header-display":"","ast-hfb-above-header-display":"","ast-hfb-below-header-display":"","ast-hfb-mobile-header-display":"","site-post-title":"","ast-breadcrumbs-content":"","ast-featured-img":"","footer-sml-layout":"","theme-transparent-header-meta":"default","adv-header-id-meta":"","stick-header-meta":"","header-above-stick-meta":"","header-main-stick-meta":"","header-below-stick-meta":"","astra-migrate-meta-layouts":"set","ast-page-background-enabled":"default","ast-page-background-meta":{"desktop":{"background-color":"","background-image":"","background-repeat":"repeat","background-position":"center center","background-size":"auto","background-attachment":"scroll","background-type":"","background-media":"","overlay-type":"","overlay-color":"","overlay-opacity":"","overlay-gradient":""},"tablet":{"background-color":"","background-image":"","background-repeat":"repeat","background-position":"center center","background-size":"auto","background-attachment":"scroll","background-type":"","background-media":"","overlay-type":"","overlay-color":"","overlay-opacity":"","overlay-gradient":""},"mobile":{"background-color":"","background-image":"","background-repeat":"repeat","background-position":"center center","background-size":"auto","background-attachment":"scroll","background-type":"","background-media":"","overlay-type":"","overlay-color":"","overlay-opacity":"","overlay-gradient":""}},"ast-content-background-meta":{"desktop":{"background-color":"var(--ast-global-color-5)","background-image":"","background-repeat":"repeat","background-position":"center center","background-size":"auto","background-attachment":"scroll","background-type":"","background-media":"","overlay-type":"","overlay-color":"","overlay-opacity":"","overlay-gradient":""},"tablet":{"background-color":"var(--ast-global-color-5)","background-image":"","background-repeat":"repeat","background-position":"center center","background-size":"auto","background-attachment":"scroll","background-type":"","background-media":"","overlay-type":"","overlay-color":"","overlay-opacity":"","overlay-gradient":""},"mobile":{"background-color":"var(--ast-global-color-5)","background-image":"","background-repeat":"repeat","background-position":"center center","background-size":"auto","background-attachment":"scroll","background-type":"","background-media":"","overlay-type":"","overlay-color":"","overlay-opacity":"","overlay-gradient":""}}},"product_brand":[],"product_cat":[1433],"product_tag":[1385,1356,2285,2289,2288,1434,1984,2287,1403,1885,2286,1464],"class_list":{"0":"post-59870","1":"product","2":"type-product","3":"status-publish","4":"has-post-thumbnail","6":"product_cat-accessoires-et-entrainement","7":"product_tag-boutique-xactskate","8":"product_tag-courte-piste-fr","9":"product_tag-entrainement-au-hockey","10":"product_tag-entrainement-dendurance","11":"product_tag-entrainement-de-patinage-de-vitesse","12":"product_tag-formation","13":"product_tag-hockey-fr","14":"product_tag-outil-de-formation","15":"product_tag-patinage-de-vitesse","16":"product_tag-sports-fr","17":"product_tag-tableau-a-diapositives","18":"product_tag-voie-longue","19":"desktop-align-center","20":"tablet-align-center","21":"mobile-align-center","22":"ast-product-gallery-layout-horizontal","23":"ast-product-gallery-with-no-image","24":"ast-product-tabs-layout-horizontal","25":"ast-qv-on-image","27":"first","28":"instock","29":"taxable","30":"shipping-taxable","31":"purchasable","32":"product-type-simple"},"bundled_by":[],"bundle_stock_status":"instock","bundle_stock_quantity":1,"bundle_virtual":false,"bundle_layout":"","bundle_add_to_cart_form_location":"","bundle_editable_in_cart":false,"bundle_sold_individually_context":"","bundle_item_grouping":"","bundle_min_size":"","bundle_max_size":"","bundle_price":[],"bundled_items":[],"bundle_sell_ids":[],"yoast_head":"<!-- This site is optimized with the Yoast SEO plugin v27.4 - https:\/\/yoast.com\/product\/yoast-seo-wordpress\/ -->\n<title>Planche de glisse ajustable - Xact Skate Shop<\/title>\n<meta name=\"description\" content=\"Planche de glisse ajustable. Cette planche de glisse ajustable peut \u00eatre utilis\u00e9e comme outil d&#039;entra\u00eenement pour perfectionner les mouvements.\" \/>\n<meta name=\"robots\" content=\"index, follow, max-snippet:-1, max-image-preview:large, max-video-preview:-1\" \/>\n<link rel=\"canonical\" href=\"https:\/\/xactskateshop.com\/fr\/produit\/outil-dentrainement-a-laide-dune-planchette-reglable\/\" \/>\n<meta property=\"og:locale\" content=\"fr_FR\" \/>\n<meta property=\"og:type\" content=\"article\" \/>\n<meta property=\"og:title\" content=\"Planche de glisse ajustable - Xact Skate Shop\" \/>\n<meta property=\"og:description\" content=\"Planche de glisse ajustable. Cette planche de glisse ajustable peut \u00eatre utilis\u00e9e comme outil d&#039;entra\u00eenement pour perfectionner les mouvements.\" \/>\n<meta property=\"og:url\" content=\"https:\/\/xactskateshop.com\/fr\/produit\/outil-dentrainement-a-laide-dune-planchette-reglable\/\" \/>\n<meta property=\"og:site_name\" content=\"Xact Skate Shop\" \/>\n<meta property=\"article:publisher\" content=\"https:\/\/www.facebook.com\/JeanLouiskateshop\" \/>\n<meta property=\"article:modified_time\" content=\"2025-09-18T22:33:11+00:00\" \/>\n<meta property=\"og:image\" content=\"https:\/\/xactskateshop.com\/wp-content\/uploads\/2022\/12\/B-SLIDEADJ-B-PRO-SLIDE.png\" \/>\n\t<meta property=\"og:image:width\" content=\"1000\" \/>\n\t<meta property=\"og:image:height\" content=\"1000\" \/>\n\t<meta property=\"og:image:type\" content=\"image\/png\" \/>\n<meta name=\"twitter:card\" content=\"summary_large_image\" \/>\n<meta name=\"twitter:label1\" content=\"Dur\u00e9e de lecture estim\u00e9e\" \/>\n\t<meta name=\"twitter:data1\" content=\"1 minute\" \/>\n<script type=\"application\/ld+json\" class=\"yoast-schema-graph\">{\"@context\":\"https:\\\/\\\/schema.org\",\"@graph\":[{\"@type\":\"WebPage\",\"@id\":\"https:\\\/\\\/xactskateshop.com\\\/fr\\\/produit\\\/outil-dentrainement-a-laide-dune-planchette-reglable\\\/\",\"url\":\"https:\\\/\\\/xactskateshop.com\\\/fr\\\/produit\\\/outil-dentrainement-a-laide-dune-planchette-reglable\\\/\",\"name\":\"Planche de glisse ajustable - Xact Skate Shop\",\"isPartOf\":{\"@id\":\"http:\\\/\\\/xactskateshop.com\\\/fr\\\/#website\"},\"primaryImageOfPage\":{\"@id\":\"https:\\\/\\\/xactskateshop.com\\\/fr\\\/produit\\\/outil-dentrainement-a-laide-dune-planchette-reglable\\\/#primaryimage\"},\"image\":{\"@id\":\"https:\\\/\\\/xactskateshop.com\\\/fr\\\/produit\\\/outil-dentrainement-a-laide-dune-planchette-reglable\\\/#primaryimage\"},\"thumbnailUrl\":\"https:\\\/\\\/xactskateshop.com\\\/wp-content\\\/uploads\\\/2022\\\/12\\\/B-SLIDEADJ-B-PRO-SLIDE.png\",\"datePublished\":\"2022-12-01T23:14:25+00:00\",\"dateModified\":\"2025-09-18T22:33:11+00:00\",\"description\":\"Planche de glisse ajustable. Cette planche de glisse ajustable peut \u00eatre utilis\u00e9e comme outil d'entra\u00eenement pour perfectionner les mouvements.\",\"breadcrumb\":{\"@id\":\"https:\\\/\\\/xactskateshop.com\\\/fr\\\/produit\\\/outil-dentrainement-a-laide-dune-planchette-reglable\\\/#breadcrumb\"},\"inLanguage\":\"fr-FR\",\"potentialAction\":[{\"@type\":\"ReadAction\",\"target\":[\"https:\\\/\\\/xactskateshop.com\\\/fr\\\/produit\\\/outil-dentrainement-a-laide-dune-planchette-reglable\\\/\"]}]},{\"@type\":\"ImageObject\",\"inLanguage\":\"fr-FR\",\"@id\":\"https:\\\/\\\/xactskateshop.com\\\/fr\\\/produit\\\/outil-dentrainement-a-laide-dune-planchette-reglable\\\/#primaryimage\",\"url\":\"https:\\\/\\\/xactskateshop.com\\\/wp-content\\\/uploads\\\/2022\\\/12\\\/B-SLIDEADJ-B-PRO-SLIDE.png\",\"contentUrl\":\"https:\\\/\\\/xactskateshop.com\\\/wp-content\\\/uploads\\\/2022\\\/12\\\/B-SLIDEADJ-B-PRO-SLIDE.png\",\"width\":1000,\"height\":1000,\"caption\":\"Planche de glisse ajustable\"},{\"@type\":\"BreadcrumbList\",\"@id\":\"https:\\\/\\\/xactskateshop.com\\\/fr\\\/produit\\\/outil-dentrainement-a-laide-dune-planchette-reglable\\\/#breadcrumb\",\"itemListElement\":[{\"@type\":\"ListItem\",\"position\":1,\"name\":\"Home\",\"item\":\"https:\\\/\\\/xactskateshop.com\\\/fr\\\/accueil\\\/\"},{\"@type\":\"ListItem\",\"position\":2,\"name\":\"Boutique\",\"item\":\"https:\\\/\\\/xactskateshop.com\\\/shop\\\/\"},{\"@type\":\"ListItem\",\"position\":3,\"name\":\"Planche de glisse ajustable\"}]},{\"@type\":\"WebSite\",\"@id\":\"http:\\\/\\\/xactskateshop.com\\\/fr\\\/#website\",\"url\":\"http:\\\/\\\/xactskateshop.com\\\/fr\\\/\",\"name\":\"Xact Skate Shop\",\"description\":\"Un site utilisant WordPress\",\"publisher\":{\"@id\":\"http:\\\/\\\/xactskateshop.com\\\/fr\\\/#organization\"},\"potentialAction\":[{\"@type\":\"SearchAction\",\"target\":{\"@type\":\"EntryPoint\",\"urlTemplate\":\"http:\\\/\\\/xactskateshop.com\\\/fr\\\/?s={search_term_string}\"},\"query-input\":{\"@type\":\"PropertyValueSpecification\",\"valueRequired\":true,\"valueName\":\"search_term_string\"}}],\"inLanguage\":\"fr-FR\"},{\"@type\":\"Organization\",\"@id\":\"http:\\\/\\\/xactskateshop.com\\\/fr\\\/#organization\",\"name\":\"XACT Skate Shop\",\"url\":\"http:\\\/\\\/xactskateshop.com\\\/fr\\\/\",\"logo\":{\"@type\":\"ImageObject\",\"inLanguage\":\"fr-FR\",\"@id\":\"http:\\\/\\\/xactskateshop.com\\\/fr\\\/#\\\/schema\\\/logo\\\/image\\\/\",\"url\":\"http:\\\/\\\/xactskateshop.com\\\/wp-content\\\/uploads\\\/2024\\\/04\\\/xactskateshop-dot-com-avec-contour-noir-sans-fond-675x.jpg\",\"contentUrl\":\"http:\\\/\\\/xactskateshop.com\\\/wp-content\\\/uploads\\\/2024\\\/04\\\/xactskateshop-dot-com-avec-contour-noir-sans-fond-675x.jpg\",\"width\":675,\"height\":247,\"caption\":\"XACT Skate Shop\"},\"image\":{\"@id\":\"http:\\\/\\\/xactskateshop.com\\\/fr\\\/#\\\/schema\\\/logo\\\/image\\\/\"},\"sameAs\":[\"https:\\\/\\\/www.facebook.com\\\/JeanLouiskateshop\"]}]}<\/script>\n<!-- \/ Yoast SEO plugin. -->","yoast_head_json":{"title":"Planche de glisse ajustable - Xact Skate Shop","description":"Planche de glisse ajustable. Cette planche de glisse ajustable peut \u00eatre utilis\u00e9e comme outil d'entra\u00eenement pour perfectionner les mouvements.","robots":{"index":"index","follow":"follow","max-snippet":"max-snippet:-1","max-image-preview":"max-image-preview:large","max-video-preview":"max-video-preview:-1"},"canonical":"https:\/\/xactskateshop.com\/fr\/produit\/outil-dentrainement-a-laide-dune-planchette-reglable\/","og_locale":"fr_FR","og_type":"article","og_title":"Planche de glisse ajustable - Xact Skate Shop","og_description":"Planche de glisse ajustable. Cette planche de glisse ajustable peut \u00eatre utilis\u00e9e comme outil d'entra\u00eenement pour perfectionner les mouvements.","og_url":"https:\/\/xactskateshop.com\/fr\/produit\/outil-dentrainement-a-laide-dune-planchette-reglable\/","og_site_name":"Xact Skate Shop","article_publisher":"https:\/\/www.facebook.com\/JeanLouiskateshop","article_modified_time":"2025-09-18T22:33:11+00:00","og_image":[{"width":1000,"height":1000,"url":"https:\/\/xactskateshop.com\/wp-content\/uploads\/2022\/12\/B-SLIDEADJ-B-PRO-SLIDE.png","type":"image\/png"}],"twitter_card":"summary_large_image","twitter_misc":{"Dur\u00e9e de lecture estim\u00e9e":"1 minute"},"schema":{"@context":"https:\/\/schema.org","@graph":[{"@type":"WebPage","@id":"https:\/\/xactskateshop.com\/fr\/produit\/outil-dentrainement-a-laide-dune-planchette-reglable\/","url":"https:\/\/xactskateshop.com\/fr\/produit\/outil-dentrainement-a-laide-dune-planchette-reglable\/","name":"Planche de glisse ajustable - Xact Skate Shop","isPartOf":{"@id":"http:\/\/xactskateshop.com\/fr\/#website"},"primaryImageOfPage":{"@id":"https:\/\/xactskateshop.com\/fr\/produit\/outil-dentrainement-a-laide-dune-planchette-reglable\/#primaryimage"},"image":{"@id":"https:\/\/xactskateshop.com\/fr\/produit\/outil-dentrainement-a-laide-dune-planchette-reglable\/#primaryimage"},"thumbnailUrl":"https:\/\/xactskateshop.com\/wp-content\/uploads\/2022\/12\/B-SLIDEADJ-B-PRO-SLIDE.png","datePublished":"2022-12-01T23:14:25+00:00","dateModified":"2025-09-18T22:33:11+00:00","description":"Planche de glisse ajustable. Cette planche de glisse ajustable peut \u00eatre utilis\u00e9e comme outil d'entra\u00eenement pour perfectionner les mouvements.","breadcrumb":{"@id":"https:\/\/xactskateshop.com\/fr\/produit\/outil-dentrainement-a-laide-dune-planchette-reglable\/#breadcrumb"},"inLanguage":"fr-FR","potentialAction":[{"@type":"ReadAction","target":["https:\/\/xactskateshop.com\/fr\/produit\/outil-dentrainement-a-laide-dune-planchette-reglable\/"]}]},{"@type":"ImageObject","inLanguage":"fr-FR","@id":"https:\/\/xactskateshop.com\/fr\/produit\/outil-dentrainement-a-laide-dune-planchette-reglable\/#primaryimage","url":"https:\/\/xactskateshop.com\/wp-content\/uploads\/2022\/12\/B-SLIDEADJ-B-PRO-SLIDE.png","contentUrl":"https:\/\/xactskateshop.com\/wp-content\/uploads\/2022\/12\/B-SLIDEADJ-B-PRO-SLIDE.png","width":1000,"height":1000,"caption":"Planche de glisse ajustable"},{"@type":"BreadcrumbList","@id":"https:\/\/xactskateshop.com\/fr\/produit\/outil-dentrainement-a-laide-dune-planchette-reglable\/#breadcrumb","itemListElement":[{"@type":"ListItem","position":1,"name":"Home","item":"https:\/\/xactskateshop.com\/fr\/accueil\/"},{"@type":"ListItem","position":2,"name":"Boutique","item":"https:\/\/xactskateshop.com\/shop\/"},{"@type":"ListItem","position":3,"name":"Planche de glisse ajustable"}]},{"@type":"WebSite","@id":"http:\/\/xactskateshop.com\/fr\/#website","url":"http:\/\/xactskateshop.com\/fr\/","name":"Xact Skate Shop","description":"Un site utilisant WordPress","publisher":{"@id":"http:\/\/xactskateshop.com\/fr\/#organization"},"potentialAction":[{"@type":"SearchAction","target":{"@type":"EntryPoint","urlTemplate":"http:\/\/xactskateshop.com\/fr\/?s={search_term_string}"},"query-input":{"@type":"PropertyValueSpecification","valueRequired":true,"valueName":"search_term_string"}}],"inLanguage":"fr-FR"},{"@type":"Organization","@id":"http:\/\/xactskateshop.com\/fr\/#organization","name":"XACT Skate Shop","url":"http:\/\/xactskateshop.com\/fr\/","logo":{"@type":"ImageObject","inLanguage":"fr-FR","@id":"http:\/\/xactskateshop.com\/fr\/#\/schema\/logo\/image\/","url":"http:\/\/xactskateshop.com\/wp-content\/uploads\/2024\/04\/xactskateshop-dot-com-avec-contour-noir-sans-fond-675x.jpg","contentUrl":"http:\/\/xactskateshop.com\/wp-content\/uploads\/2024\/04\/xactskateshop-dot-com-avec-contour-noir-sans-fond-675x.jpg","width":675,"height":247,"caption":"XACT Skate Shop"},"image":{"@id":"http:\/\/xactskateshop.com\/fr\/#\/schema\/logo\/image\/"},"sameAs":["https:\/\/www.facebook.com\/JeanLouiskateshop"]}]}},"_links":{"self":[{"href":"https:\/\/xactskateshop.com\/fr\/wp-json\/wp\/v2\/product\/59870","targetHints":{"allow":["GET"]}}],"collection":[{"href":"https:\/\/xactskateshop.com\/fr\/wp-json\/wp\/v2\/product"}],"about":[{"href":"https:\/\/xactskateshop.com\/fr\/wp-json\/wp\/v2\/types\/product"}],"replies":[{"embeddable":true,"href":"https:\/\/xactskateshop.com\/fr\/wp-json\/wp\/v2\/comments?post=59870"}],"wp:featuredmedia":[{"embeddable":true,"href":"https:\/\/xactskateshop.com\/fr\/wp-json\/wp\/v2\/media\/29954"}],"wp:attachment":[{"href":"https:\/\/xactskateshop.com\/fr\/wp-json\/wp\/v2\/media?parent=59870"}],"wp:term":[{"taxonomy":"product_brand","embeddable":true,"href":"https:\/\/xactskateshop.com\/fr\/wp-json\/wp\/v2\/product_brand?post=59870"},{"taxonomy":"product_cat","embeddable":true,"href":"https:\/\/xactskateshop.com\/fr\/wp-json\/wp\/v2\/product_cat?post=59870"},{"taxonomy":"product_tag","embeddable":true,"href":"https:\/\/xactskateshop.com\/fr\/wp-json\/wp\/v2\/product_tag?post=59870"}],"curies":[{"name":"wp","href":"https:\/\/api.w.org\/{rel}","templated":true}]}}