{"id":59843,"date":"2022-11-18T17:59:11","date_gmt":"2022-11-18T22:59:11","guid":{"rendered":"http:\/\/xactskateshop.com\/product\/k2-marlee-ice-2024\/"},"modified":"2025-09-26T17:13:33","modified_gmt":"2025-09-26T21:13:33","slug":"patins-a-glace-k2-marlee","status":"publish","type":"product","link":"https:\/\/xactskateshop.com\/fr\/produit\/patins-a-glace-k2-marlee\/","title":{"rendered":"Patins \u00e0 glace K2 Marlee"},"content":{"rendered":"<div class=\"description\" data-v-7363df46=\"\">\n<div class=\"description\" data-v-7363df46=\"\">\n<div class=\"description\" data-v-7363df46=\"\">\n<div class=\"description\" data-v-7363df46=\"\">\n<div class=\"description\" data-v-7363df46=\"\">\n<p><strong>**** AFF\u00dbTAGE DE LA LAME INCLUS !<\/strong><\/p>\n<p>Le patin \u00e0 glace K2 Marlee est ajustable pour grandir avec votre enfant, ce qui \u00e9limine la n\u00e9cessit\u00e9 d&#8217;acheter de nouveaux patins chaque ann\u00e9e. Il est \u00e9galement dot\u00e9 d&#8217;un support de lame int\u00e9gr\u00e9 qui abaisse le centre de gravit\u00e9 des jeunes patineurs, ce qui leur permet de rester plus facilement en \u00e9quilibre. Elle offre le confort \u00e9prouv\u00e9 de la K2 Softboot\u00ae et le soutien maximal de notre Junior Cuff. Une doublure chaude et bross\u00e9e et des mat\u00e9riaux hydrofuges garderont votre enfant au chaud et au sec pendant qu&#8217;il apprend \u00e0 aimer la libert\u00e9 de patiner sur la glace.<\/p>\n<\/div>\n<div class=\"specs\" data-v-7363df46=\"\">\n<div class=\"list-group\" data-v-7363df46=\"\">\n<h4 data-v-7363df46=\"\">TAILLE<\/h4>\n<p>8-12,11-2 <span class=\"comma\" data-v-7363df46=\"\">,<\/span>1-5,<span class=\"comma\" data-v-7363df46=\"\">4-8<\/span><\/p>\n<\/div>\n<div data-v-7363df46=\"\"><span style=\"font-size: 1.3em; font-weight: bold;\">K2 SOFTBOOT\u00ae :<\/span><\/div>\n<\/div>\n<\/div>\n<\/div>\n<\/div>\n<\/div>\n<div class=\"specs\" data-v-7363df46=\"\">\n<div data-v-7363df46=\"\">\n<div class=\"tech-entry\" data-v-7363df46=\"\">\n<div class=\"tech-entry\" data-v-7363df46=\"\">\n<div class=\"tech-entry\" data-v-7363df46=\"\">\n<div class=\"tech-entry\" data-v-7363df46=\"\">\n<div data-v-7363df46=\"\">\n<p>Confort, performance et style.<\/p>\n<\/div>\n<\/div>\n<div class=\"tech-entry\" data-v-7363df46=\"\">\n<h4 class=\"title-border\" data-v-7363df46=\"\">5 TAILLES EXTENSIBLES :<\/h4>\n<div data-v-7363df46=\"\">\n<p>Chaque patin s&#8217;agrandit 5 tailles individuelles par patin<\/p>\n<\/div>\n<\/div>\n<div class=\"tech-entry\" data-v-7363df46=\"\">\n<h4 class=\"title-border\" data-v-7363df46=\"\">SYST\u00c8ME DE LA\u00c7AGE RAPIDE :<\/h4>\n<div data-v-7363df46=\"\">\n<p>La\u00e7age simple pour un ajustement s\u00fbr. Tirer, rouler et ranger.<\/p>\n<\/div>\n<\/div>\n<div class=\"tech-entry\" data-v-7363df46=\"\">\n<h4 class=\"title-border\" data-v-7363df46=\"\">JUNIOR CUFF :<\/h4>\n<div data-v-7363df46=\"\">\n<p>Support coupl\u00e9 \u00e0 une boucle r\u00e9glable int\u00e9gr\u00e9e.<\/p>\n<\/div>\n<\/div>\n<div class=\"tech-entry\" data-v-7363df46=\"\">\n<h4 class=\"title-border\" data-v-7363df46=\"\">MAT\u00c9RIAUX HYDROFUGES :<\/h4>\n<div data-v-7363df46=\"\">\n<p>Con\u00e7u pour garder l&#8217;eau \u00e0 l&#8217;ext\u00e9rieur et les pieds au sec.<\/p>\n<\/div>\n<\/div>\n<div class=\"tech-entry\" data-v-7363df46=\"\">\n<h4 class=\"title-border\" data-v-7363df46=\"\">LAME EN ACIER INOXYDABLE :<\/h4>\n<div data-v-7363df46=\"\">\n<p>Am\u00e9liore la r\u00e9sistance \u00e0 l&#8217;usure et \u00e0 la corrosion pour faciliter l&#8217;entretien.<\/p>\n<\/div>\n<\/div>\n<\/div>\n<\/div>\n<\/div>\n<div class=\"size-chart-description\" data-v-65e682ee=\"\">\n<p><strong>Tableau des tailles de patins pour jeunes pour le patin \u00e0 glace K2 Marlee<\/strong><\/p>\n<\/div>\n<table data-v-65e682ee=\"\">\n<thead data-v-65e682ee=\"\">\n<tr data-v-65e682ee=\"\">\n<th data-v-65e682ee=\"\">Taille de patin\/ Taille de chaussure US<\/th>\n<th data-v-65e682ee=\"\">Pointure UK<\/th>\n<th data-v-65e682ee=\"\">Pointure europ\u00e9enne<\/th>\n<th data-v-65e682ee=\"\">Longueur du pied (in)<\/th>\n<th data-v-65e682ee=\"\">Longueur du pied (cm)<\/th>\n<\/tr>\n<\/thead>\n<tbody data-v-65e682ee=\"\">\n<tr data-v-65e682ee=\"\">\n<td class=\"\" data-v-65e682ee=\"\"><span class=\"mobile-text\" data-v-65e682ee=\"\">11 &#8211; 2<\/span><\/td>\n<td class=\"\" data-v-65e682ee=\"\"><span class=\"mobile-text\" data-v-65e682ee=\"\">10 &#8211; 1<\/span><\/td>\n<td class=\"\" data-v-65e682ee=\"\"><span class=\"mobile-text\" data-v-65e682ee=\"\">29 &#8211; 34<\/span><\/td>\n<td class=\"\" data-v-65e682ee=\"\"><span class=\"mobile-text\" data-v-65e682ee=\"\">6.69 &#8211; 8.07<\/span><\/td>\n<td class=\"\" data-v-65e682ee=\"\"><span class=\"mobile-text\" data-v-65e682ee=\"\">17 &#8211; 20.5<\/span><\/td>\n<\/tr>\n<tr data-v-65e682ee=\"\">\n<td class=\"\" data-v-65e682ee=\"\"><span class=\"mobile-text\" data-v-65e682ee=\"\">1 &#8211; 5<\/span><\/td>\n<td class=\"\" data-v-65e682ee=\"\"><span class=\"mobile-text\" data-v-65e682ee=\"\">13 &#8211; 4<\/span><\/td>\n<td class=\"\" data-v-65e682ee=\"\"><span class=\"mobile-text\" data-v-65e682ee=\"\">32 &#8211; 37<\/span><\/td>\n<td class=\"\" data-v-65e682ee=\"\"><span class=\"mobile-text\" data-v-65e682ee=\"\">7.68 &#8211; 9.06<\/span><\/td>\n<td class=\"\" data-v-65e682ee=\"\"><span class=\"mobile-text\" data-v-65e682ee=\"\">19.5 &#8211; 23<\/span><\/td>\n<\/tr>\n<tr data-v-65e682ee=\"\">\n<td class=\"\" data-v-65e682ee=\"\"><span class=\"mobile-text\" data-v-65e682ee=\"\">4 &#8211; 8<\/span><\/td>\n<td class=\"\" data-v-65e682ee=\"\"><span class=\"mobile-text\" data-v-65e682ee=\"\">3 &#8211; 7<\/span><\/td>\n<td class=\"\" data-v-65e682ee=\"\"><span class=\"mobile-text\" data-v-65e682ee=\"\">35 &#8211; 40<\/span><\/td>\n<td class=\"\" data-v-65e682ee=\"\"><span class=\"mobile-text\" data-v-65e682ee=\"\">8.66 &#8211; 10.04<\/span><\/td>\n<td class=\"\" data-v-65e682ee=\"\"><span class=\"mobile-text\" data-v-65e682ee=\"\">22 &#8211; 25.5<\/span><\/td>\n<\/tr>\n<\/tbody>\n<\/table>\n<p>Trouvez le mod\u00e8le gar\u00e7on <a href=\"http:\/\/xactskateshop.com\/product\/k2-raider-ice-2024\/\">ici<\/a><\/p>\n<p>Pour en savoir plus sur les patins K2 <a href=\"https:\/\/k2skates.com\/fr-ca\/c\/ice-skates\/raider-and-marlee\/\">, cliquez ici<\/a><\/p>\n<\/div>\n<\/div>\n","protected":false},"excerpt":{"rendered":"<p>Le patin \u00e0 glace K2 Marlee est ajustable pour grandir avec votre enfant, ce qui \u00e9limine la n\u00e9cessit\u00e9 d&#8217;acheter de nouveaux patins chaque ann\u00e9e. Il est \u00e9galement dot\u00e9 d&#8217;un support de lame int\u00e9gr\u00e9 qui abaisse le centre de gravit\u00e9 des jeunes patineurs, ce qui leur permet de rester plus facilement en \u00e9quilibre. Elle offre le confort \u00e9prouv\u00e9 de la K2 Softboot\u00ae et le soutien maximal de notre Junior Cuff. Une doublure chaude et bross\u00e9e et des mat\u00e9riaux hydrofuges garderont votre enfant au chaud et au sec pendant qu&#8217;il apprend \u00e0 aimer la libert\u00e9 de patiner sur la glace.<\/p>\n","protected":false},"featured_media":29932,"comment_status":"closed","ping_status":"closed","template":"","meta":{"site-sidebar-layout":"default","site-content-layout":"default","ast-site-content-layout":"default","site-content-style":"default","site-sidebar-style":"default","ast-global-header-display":"","ast-banner-title-visibility":"","ast-main-header-display":"","ast-hfb-above-header-display":"","ast-hfb-below-header-display":"","ast-hfb-mobile-header-display":"","site-post-title":"","ast-breadcrumbs-content":"","ast-featured-img":"","footer-sml-layout":"","theme-transparent-header-meta":"default","adv-header-id-meta":"","stick-header-meta":"","header-above-stick-meta":"","header-main-stick-meta":"","header-below-stick-meta":"","astra-migrate-meta-layouts":"set","ast-page-background-enabled":"default","ast-page-background-meta":{"desktop":{"background-color":"","background-image":"","background-repeat":"repeat","background-position":"center center","background-size":"auto","background-attachment":"scroll","background-type":"","background-media":"","overlay-type":"","overlay-color":"","overlay-opacity":"","overlay-gradient":""},"tablet":{"background-color":"","background-image":"","background-repeat":"repeat","background-position":"center center","background-size":"auto","background-attachment":"scroll","background-type":"","background-media":"","overlay-type":"","overlay-color":"","overlay-opacity":"","overlay-gradient":""},"mobile":{"background-color":"","background-image":"","background-repeat":"repeat","background-position":"center center","background-size":"auto","background-attachment":"scroll","background-type":"","background-media":"","overlay-type":"","overlay-color":"","overlay-opacity":"","overlay-gradient":""}},"ast-content-background-meta":{"desktop":{"background-color":"var(--ast-global-color-5)","background-image":"","background-repeat":"repeat","background-position":"center center","background-size":"auto","background-attachment":"scroll","background-type":"","background-media":"","overlay-type":"","overlay-color":"","overlay-opacity":"","overlay-gradient":""},"tablet":{"background-color":"var(--ast-global-color-5)","background-image":"","background-repeat":"repeat","background-position":"center center","background-size":"auto","background-attachment":"scroll","background-type":"","background-media":"","overlay-type":"","overlay-color":"","overlay-opacity":"","overlay-gradient":""},"mobile":{"background-color":"var(--ast-global-color-5)","background-image":"","background-repeat":"repeat","background-position":"center center","background-size":"auto","background-attachment":"scroll","background-type":"","background-media":"","overlay-type":"","overlay-color":"","overlay-opacity":"","overlay-gradient":""}}},"product_brand":[],"product_cat":[1660,1662],"product_tag":[1385,1785,1864,1382,2255,1863,1847,1444,2251,2248,1393,2250,2256],"class_list":{"0":"post-59843","1":"product","2":"type-product","3":"status-publish","4":"has-post-thumbnail","6":"product_cat-patinage-de-loisir-patinage-nordique","7":"product_cat-patinage-de-loisir","8":"product_tag-boutique-xactskate","9":"product_tag-confort","10":"product_tag-k2-fr","11":"product_tag-patins-a-glace","12":"product_tag-patins-ajustables","13":"product_tag-patins-de-loisir","14":"product_tag-patins-pour-enfants","15":"product_tag-performance-fr","16":"product_tag-saison-dhiver","17":"product_tag-sports-dhiver","18":"product_tag-sports-de-glace","19":"product_tag-sports-de-loisirs","20":"product_tag-sports-pour-enfants","21":"desktop-align-center","22":"tablet-align-center","23":"mobile-align-center","24":"ast-product-gallery-layout-horizontal","25":"ast-product-single-variable","26":"ast-product-tabs-layout-horizontal","27":"ast-qv-on-image","29":"first","30":"instock","31":"taxable","32":"shipping-taxable","33":"purchasable","34":"product-type-variable"},"bundled_by":[],"bundle_stock_status":"instock","bundle_stock_quantity":null,"bundle_virtual":false,"bundle_layout":"","bundle_add_to_cart_form_location":"","bundle_editable_in_cart":false,"bundle_sold_individually_context":"","bundle_item_grouping":"","bundle_min_size":"","bundle_max_size":"","bundle_price":[],"bundled_items":[],"bundle_sell_ids":[],"yoast_head":"<!-- This site is optimized with the Yoast SEO plugin v27.4 - https:\/\/yoast.com\/product\/yoast-seo-wordpress\/ -->\n<title>Patins \u00e0 glace K2 Marlee - Xact Skate Shop.<\/title>\n<meta name=\"description\" content=\"Le patin \u00e0 glace K2 Marlee est ajustable pour grandir avec votre enfant, ce qui \u00e9limine la n\u00e9cessit\u00e9 d&#039;acheter de nouveaux patins chaque ann\u00e9e. 4 patins de 5 tailles\" \/>\n<meta name=\"robots\" content=\"index, follow, max-snippet:-1, max-image-preview:large, max-video-preview:-1\" \/>\n<link rel=\"canonical\" href=\"https:\/\/xactskateshop.com\/fr\/produit\/patins-a-glace-k2-marlee\/\" \/>\n<meta property=\"og:locale\" content=\"fr_FR\" \/>\n<meta property=\"og:type\" content=\"article\" \/>\n<meta property=\"og:title\" content=\"Patins \u00e0 glace K2 Marlee - Xact Skate Shop.\" \/>\n<meta property=\"og:description\" content=\"Le patin \u00e0 glace K2 Marlee est ajustable pour grandir avec votre enfant, ce qui \u00e9limine la n\u00e9cessit\u00e9 d&#039;acheter de nouveaux patins chaque ann\u00e9e. 4 patins de 5 tailles\" \/>\n<meta property=\"og:url\" content=\"https:\/\/xactskateshop.com\/fr\/produit\/patins-a-glace-k2-marlee\/\" \/>\n<meta property=\"og:site_name\" content=\"Xact Skate Shop\" \/>\n<meta property=\"article:publisher\" content=\"https:\/\/www.facebook.com\/JeanLouiskateshop\" \/>\n<meta property=\"article:modified_time\" content=\"2025-09-26T21:13:33+00:00\" \/>\n<meta property=\"og:image\" content=\"https:\/\/xactskateshop.com\/wp-content\/uploads\/2022\/11\/F22_K2IceSkates_MarleeIce-01.jpg\" \/>\n\t<meta property=\"og:image:width\" content=\"1000\" \/>\n\t<meta property=\"og:image:height\" content=\"1000\" \/>\n\t<meta property=\"og:image:type\" content=\"image\/jpeg\" \/>\n<meta name=\"twitter:card\" content=\"summary_large_image\" \/>\n<meta name=\"twitter:label1\" content=\"Dur\u00e9e de lecture estim\u00e9e\" \/>\n\t<meta name=\"twitter:data1\" content=\"2 minutes\" \/>\n<script type=\"application\/ld+json\" class=\"yoast-schema-graph\">{\"@context\":\"https:\\\/\\\/schema.org\",\"@graph\":[{\"@type\":\"WebPage\",\"@id\":\"https:\\\/\\\/xactskateshop.com\\\/fr\\\/produit\\\/patins-a-glace-k2-marlee\\\/\",\"url\":\"https:\\\/\\\/xactskateshop.com\\\/fr\\\/produit\\\/patins-a-glace-k2-marlee\\\/\",\"name\":\"Patins \u00e0 glace K2 Marlee - Xact Skate Shop.\",\"isPartOf\":{\"@id\":\"http:\\\/\\\/xactskateshop.com\\\/fr\\\/#website\"},\"primaryImageOfPage\":{\"@id\":\"https:\\\/\\\/xactskateshop.com\\\/fr\\\/produit\\\/patins-a-glace-k2-marlee\\\/#primaryimage\"},\"image\":{\"@id\":\"https:\\\/\\\/xactskateshop.com\\\/fr\\\/produit\\\/patins-a-glace-k2-marlee\\\/#primaryimage\"},\"thumbnailUrl\":\"https:\\\/\\\/xactskateshop.com\\\/wp-content\\\/uploads\\\/2022\\\/11\\\/F22_K2IceSkates_MarleeIce-01.jpg\",\"datePublished\":\"2022-11-18T22:59:11+00:00\",\"dateModified\":\"2025-09-26T21:13:33+00:00\",\"description\":\"Le patin \u00e0 glace K2 Marlee est ajustable pour grandir avec votre enfant, ce qui \u00e9limine la n\u00e9cessit\u00e9 d'acheter de nouveaux patins chaque ann\u00e9e. 4 patins de 5 tailles\",\"breadcrumb\":{\"@id\":\"https:\\\/\\\/xactskateshop.com\\\/fr\\\/produit\\\/patins-a-glace-k2-marlee\\\/#breadcrumb\"},\"inLanguage\":\"fr-FR\",\"potentialAction\":[{\"@type\":\"ReadAction\",\"target\":[\"https:\\\/\\\/xactskateshop.com\\\/fr\\\/produit\\\/patins-a-glace-k2-marlee\\\/\"]}]},{\"@type\":\"ImageObject\",\"inLanguage\":\"fr-FR\",\"@id\":\"https:\\\/\\\/xactskateshop.com\\\/fr\\\/produit\\\/patins-a-glace-k2-marlee\\\/#primaryimage\",\"url\":\"https:\\\/\\\/xactskateshop.com\\\/wp-content\\\/uploads\\\/2022\\\/11\\\/F22_K2IceSkates_MarleeIce-01.jpg\",\"contentUrl\":\"https:\\\/\\\/xactskateshop.com\\\/wp-content\\\/uploads\\\/2022\\\/11\\\/F22_K2IceSkates_MarleeIce-01.jpg\",\"width\":1000,\"height\":1000,\"caption\":\"Patin \u00e0 glace K2 Marlee\"},{\"@type\":\"BreadcrumbList\",\"@id\":\"https:\\\/\\\/xactskateshop.com\\\/fr\\\/produit\\\/patins-a-glace-k2-marlee\\\/#breadcrumb\",\"itemListElement\":[{\"@type\":\"ListItem\",\"position\":1,\"name\":\"Home\",\"item\":\"https:\\\/\\\/xactskateshop.com\\\/fr\\\/accueil\\\/\"},{\"@type\":\"ListItem\",\"position\":2,\"name\":\"Boutique\",\"item\":\"https:\\\/\\\/xactskateshop.com\\\/shop\\\/\"},{\"@type\":\"ListItem\",\"position\":3,\"name\":\"Patins \u00e0 glace K2 Marlee\"}]},{\"@type\":\"WebSite\",\"@id\":\"http:\\\/\\\/xactskateshop.com\\\/fr\\\/#website\",\"url\":\"http:\\\/\\\/xactskateshop.com\\\/fr\\\/\",\"name\":\"Xact Skate Shop\",\"description\":\"Un site utilisant WordPress\",\"publisher\":{\"@id\":\"http:\\\/\\\/xactskateshop.com\\\/fr\\\/#organization\"},\"potentialAction\":[{\"@type\":\"SearchAction\",\"target\":{\"@type\":\"EntryPoint\",\"urlTemplate\":\"http:\\\/\\\/xactskateshop.com\\\/fr\\\/?s={search_term_string}\"},\"query-input\":{\"@type\":\"PropertyValueSpecification\",\"valueRequired\":true,\"valueName\":\"search_term_string\"}}],\"inLanguage\":\"fr-FR\"},{\"@type\":\"Organization\",\"@id\":\"http:\\\/\\\/xactskateshop.com\\\/fr\\\/#organization\",\"name\":\"XACT Skate Shop\",\"url\":\"http:\\\/\\\/xactskateshop.com\\\/fr\\\/\",\"logo\":{\"@type\":\"ImageObject\",\"inLanguage\":\"fr-FR\",\"@id\":\"http:\\\/\\\/xactskateshop.com\\\/fr\\\/#\\\/schema\\\/logo\\\/image\\\/\",\"url\":\"http:\\\/\\\/xactskateshop.com\\\/wp-content\\\/uploads\\\/2024\\\/04\\\/xactskateshop-dot-com-avec-contour-noir-sans-fond-675x.jpg\",\"contentUrl\":\"http:\\\/\\\/xactskateshop.com\\\/wp-content\\\/uploads\\\/2024\\\/04\\\/xactskateshop-dot-com-avec-contour-noir-sans-fond-675x.jpg\",\"width\":675,\"height\":247,\"caption\":\"XACT Skate Shop\"},\"image\":{\"@id\":\"http:\\\/\\\/xactskateshop.com\\\/fr\\\/#\\\/schema\\\/logo\\\/image\\\/\"},\"sameAs\":[\"https:\\\/\\\/www.facebook.com\\\/JeanLouiskateshop\"]}]}<\/script>\n<!-- \/ Yoast SEO plugin. -->","yoast_head_json":{"title":"Patins \u00e0 glace K2 Marlee - Xact Skate Shop.","description":"Le patin \u00e0 glace K2 Marlee est ajustable pour grandir avec votre enfant, ce qui \u00e9limine la n\u00e9cessit\u00e9 d'acheter de nouveaux patins chaque ann\u00e9e. 4 patins de 5 tailles","robots":{"index":"index","follow":"follow","max-snippet":"max-snippet:-1","max-image-preview":"max-image-preview:large","max-video-preview":"max-video-preview:-1"},"canonical":"https:\/\/xactskateshop.com\/fr\/produit\/patins-a-glace-k2-marlee\/","og_locale":"fr_FR","og_type":"article","og_title":"Patins \u00e0 glace K2 Marlee - Xact Skate Shop.","og_description":"Le patin \u00e0 glace K2 Marlee est ajustable pour grandir avec votre enfant, ce qui \u00e9limine la n\u00e9cessit\u00e9 d'acheter de nouveaux patins chaque ann\u00e9e. 4 patins de 5 tailles","og_url":"https:\/\/xactskateshop.com\/fr\/produit\/patins-a-glace-k2-marlee\/","og_site_name":"Xact Skate Shop","article_publisher":"https:\/\/www.facebook.com\/JeanLouiskateshop","article_modified_time":"2025-09-26T21:13:33+00:00","og_image":[{"width":1000,"height":1000,"url":"https:\/\/xactskateshop.com\/wp-content\/uploads\/2022\/11\/F22_K2IceSkates_MarleeIce-01.jpg","type":"image\/jpeg"}],"twitter_card":"summary_large_image","twitter_misc":{"Dur\u00e9e de lecture estim\u00e9e":"2 minutes"},"schema":{"@context":"https:\/\/schema.org","@graph":[{"@type":"WebPage","@id":"https:\/\/xactskateshop.com\/fr\/produit\/patins-a-glace-k2-marlee\/","url":"https:\/\/xactskateshop.com\/fr\/produit\/patins-a-glace-k2-marlee\/","name":"Patins \u00e0 glace K2 Marlee - Xact Skate Shop.","isPartOf":{"@id":"http:\/\/xactskateshop.com\/fr\/#website"},"primaryImageOfPage":{"@id":"https:\/\/xactskateshop.com\/fr\/produit\/patins-a-glace-k2-marlee\/#primaryimage"},"image":{"@id":"https:\/\/xactskateshop.com\/fr\/produit\/patins-a-glace-k2-marlee\/#primaryimage"},"thumbnailUrl":"https:\/\/xactskateshop.com\/wp-content\/uploads\/2022\/11\/F22_K2IceSkates_MarleeIce-01.jpg","datePublished":"2022-11-18T22:59:11+00:00","dateModified":"2025-09-26T21:13:33+00:00","description":"Le patin \u00e0 glace K2 Marlee est ajustable pour grandir avec votre enfant, ce qui \u00e9limine la n\u00e9cessit\u00e9 d'acheter de nouveaux patins chaque ann\u00e9e. 4 patins de 5 tailles","breadcrumb":{"@id":"https:\/\/xactskateshop.com\/fr\/produit\/patins-a-glace-k2-marlee\/#breadcrumb"},"inLanguage":"fr-FR","potentialAction":[{"@type":"ReadAction","target":["https:\/\/xactskateshop.com\/fr\/produit\/patins-a-glace-k2-marlee\/"]}]},{"@type":"ImageObject","inLanguage":"fr-FR","@id":"https:\/\/xactskateshop.com\/fr\/produit\/patins-a-glace-k2-marlee\/#primaryimage","url":"https:\/\/xactskateshop.com\/wp-content\/uploads\/2022\/11\/F22_K2IceSkates_MarleeIce-01.jpg","contentUrl":"https:\/\/xactskateshop.com\/wp-content\/uploads\/2022\/11\/F22_K2IceSkates_MarleeIce-01.jpg","width":1000,"height":1000,"caption":"Patin \u00e0 glace K2 Marlee"},{"@type":"BreadcrumbList","@id":"https:\/\/xactskateshop.com\/fr\/produit\/patins-a-glace-k2-marlee\/#breadcrumb","itemListElement":[{"@type":"ListItem","position":1,"name":"Home","item":"https:\/\/xactskateshop.com\/fr\/accueil\/"},{"@type":"ListItem","position":2,"name":"Boutique","item":"https:\/\/xactskateshop.com\/shop\/"},{"@type":"ListItem","position":3,"name":"Patins \u00e0 glace K2 Marlee"}]},{"@type":"WebSite","@id":"http:\/\/xactskateshop.com\/fr\/#website","url":"http:\/\/xactskateshop.com\/fr\/","name":"Xact Skate Shop","description":"Un site utilisant WordPress","publisher":{"@id":"http:\/\/xactskateshop.com\/fr\/#organization"},"potentialAction":[{"@type":"SearchAction","target":{"@type":"EntryPoint","urlTemplate":"http:\/\/xactskateshop.com\/fr\/?s={search_term_string}"},"query-input":{"@type":"PropertyValueSpecification","valueRequired":true,"valueName":"search_term_string"}}],"inLanguage":"fr-FR"},{"@type":"Organization","@id":"http:\/\/xactskateshop.com\/fr\/#organization","name":"XACT Skate Shop","url":"http:\/\/xactskateshop.com\/fr\/","logo":{"@type":"ImageObject","inLanguage":"fr-FR","@id":"http:\/\/xactskateshop.com\/fr\/#\/schema\/logo\/image\/","url":"http:\/\/xactskateshop.com\/wp-content\/uploads\/2024\/04\/xactskateshop-dot-com-avec-contour-noir-sans-fond-675x.jpg","contentUrl":"http:\/\/xactskateshop.com\/wp-content\/uploads\/2024\/04\/xactskateshop-dot-com-avec-contour-noir-sans-fond-675x.jpg","width":675,"height":247,"caption":"XACT Skate Shop"},"image":{"@id":"http:\/\/xactskateshop.com\/fr\/#\/schema\/logo\/image\/"},"sameAs":["https:\/\/www.facebook.com\/JeanLouiskateshop"]}]}},"_links":{"self":[{"href":"https:\/\/xactskateshop.com\/fr\/wp-json\/wp\/v2\/product\/59843","targetHints":{"allow":["GET"]}}],"collection":[{"href":"https:\/\/xactskateshop.com\/fr\/wp-json\/wp\/v2\/product"}],"about":[{"href":"https:\/\/xactskateshop.com\/fr\/wp-json\/wp\/v2\/types\/product"}],"replies":[{"embeddable":true,"href":"https:\/\/xactskateshop.com\/fr\/wp-json\/wp\/v2\/comments?post=59843"}],"wp:featuredmedia":[{"embeddable":true,"href":"https:\/\/xactskateshop.com\/fr\/wp-json\/wp\/v2\/media\/29932"}],"wp:attachment":[{"href":"https:\/\/xactskateshop.com\/fr\/wp-json\/wp\/v2\/media?parent=59843"}],"wp:term":[{"taxonomy":"product_brand","embeddable":true,"href":"https:\/\/xactskateshop.com\/fr\/wp-json\/wp\/v2\/product_brand?post=59843"},{"taxonomy":"product_cat","embeddable":true,"href":"https:\/\/xactskateshop.com\/fr\/wp-json\/wp\/v2\/product_cat?post=59843"},{"taxonomy":"product_tag","embeddable":true,"href":"https:\/\/xactskateshop.com\/fr\/wp-json\/wp\/v2\/product_tag?post=59843"}],"curies":[{"name":"wp","href":"https:\/\/api.w.org\/{rel}","templated":true}]}}