{"id":59827,"date":"2022-10-19T10:40:42","date_gmt":"2022-10-19T14:40:42","guid":{"rendered":"http:\/\/xactskateshop.com\/product\/cadomotus-alpha-3-youth-black-st-casque\/"},"modified":"2022-10-19T10:40:42","modified_gmt":"2022-10-19T14:40:42","slug":"cadomotus-alpha-3-youth-black-st-casque","status":"publish","type":"product","link":"https:\/\/xactskateshop.com\/fr\/produit\/cadomotus-alpha-3-youth-black-st-casque\/","title":{"rendered":"CADOMOTUS ALPHA 3 YOUTH BLACK ST casque"},"content":{"rendered":"<div id=\"product-content\" class=\"product-content general-content content-col mobile-popup\" data-popup=\"product-content\">\n<div class=\"popup-inner\">\n<div id=\"product-content\" class=\"product-content general-content content-col mobile-popup\" data-popup=\"product-content\">\n<div class=\"popup-inner\">\n<div class=\"title-small title-font\">\n<div id=\"product-content\" class=\"product-content general-content content-col mobile-popup\" data-popup=\"product-content\">\n<div class=\"popup-inner\">\n<div>Cadomotus Alpha jeune noir<\/div>\n<div class=\"title-small title-font\">Description<\/div>\n<p>Le premier casque cycliste a\u00e9rodynamique pour enfants au monde ! Le Cadomotus Alpha youth black est le casque multisport que tous les enfants devraient porter. Il prot\u00e8ge la t\u00eate jusqu&#8217;\u00e0 la base du cr\u00e2ne. Il est s\u00fbr, efficace et pr\u00eat \u00e0 prot\u00e9ger la t\u00eate d&#8217;un enfant dans sa forme et sa taille. Vos enfants ont besoin d&#8217;un casque de s\u00e9curit\u00e9 pour les prot\u00e9ger dans presque tous les sports. Ce casque offre une protection optimale et un look cool !<\/p>\n<p>Le casque C\u00e1domotus Alpha-3Y Aero est le premier casque de patinage de vitesse longue piste au monde pour les enfants. Le casque est l&#8217;\u00e9quipement de protection le plus important pour tout patineur de vitesse, car il l&#8217;aide \u00e0 \u00e9viter les blessures invalidantes. Il s&#8217;agit d&#8217;un outil jetable qui, une fois utilis\u00e9 lors d&#8217;un choc, doit \u00eatre jet\u00e9 et remplac\u00e9 pour assurer la s\u00e9curit\u00e9 du patineur. Le C\u00e1domotus Alpha-3Y est le casque que tous les enfants devraient porter. Cela les aidera \u00e0 vivre une exp\u00e9rience positive dans leur sport. Il les aidera \u00e0 trouver leur vitesse maximale, \u00e0 les prot\u00e9ger, \u00e0 les garder au frais et \u00e0 les aider \u00e0 se placer l\u00e0 o\u00f9 il faut ! Et lorsqu&#8217;il aura fait son travail et qu&#8217;il sera temps de le remplacer, votre budget ne sera pas entam\u00e9 !<\/p>\n<p>Conformit\u00e9 aux normes de s\u00e9curit\u00e9 multisports = un casque pour plusieurs sports<\/p>\n<ul>\n<li>Approuv\u00e9 selon les normes ASTM F-1849-07<\/li>\n<li>Conforme aux r\u00e8gles de l&#8217;ISU pour les casques de shorttrack<\/li>\n<li>Homologu\u00e9 EN 1078 pour le cyclisme et le patinage<\/li>\n<\/ul>\n<p>C&#8217;est le seul casque que vous n&#8217;aurez jamais besoin de leur rappeler de porter. \u00c9l\u00e9gantes, confortables et tout simplement cool, elles feront l&#8217;envie de tous les enfants sur le parcours !<\/p>\n<\/div>\n<\/div>\n<div class=\"content-col specs mobile-popup\" data-popup=\"product-specs\">\n<div class=\"popup-inner\">\n<div class=\"title-small title-font\">Sp\u00e9cifications<\/div>\n<div class=\"spec-table\">\n<table>\n<tbody>\n<tr>\n<td class=\"spec-title\"><strong>Approuv\u00e9 pour la course<\/strong><\/td>\n<td>Triathlon ITU, cyclisme UCI, patinage de vitesse ISU, World Skate (FIRS)<\/td>\n<\/tr>\n<tr>\n<td class=\"spec-title\"><strong>Visi\u00e8re int\u00e9gr\u00e9e<\/strong><\/td>\n<td>Non<\/td>\n<\/tr>\n<tr>\n<td class=\"spec-title\"><strong>Option Aeroshield<\/strong><\/td>\n<td>Non<\/td>\n<\/tr>\n<tr>\n<td class=\"spec-title\"><strong>Ventilation<\/strong><\/td>\n<td>Canalisation interne, ventilation par-dessus les sourcils<\/td>\n<\/tr>\n<tr>\n<td class=\"spec-title\"><strong>Bouclier anti-insectes<\/strong><\/td>\n<td>Oui<\/td>\n<\/tr>\n<tr>\n<td class=\"spec-title\"><strong>Syst\u00e8me d&#8217;ajustement<\/strong><\/td>\n<td>Verrouillage \u00e0 cliquet, r\u00e9glage vertical<\/td>\n<\/tr>\n<tr>\n<td class=\"spec-title\"><strong>Boucle<\/strong><\/td>\n<td>Clip \u00e0 boucle standard<\/td>\n<\/tr>\n<tr>\n<td class=\"spec-title\"><strong>Construction<\/strong><\/td>\n<td>Inmold EPC\/PC<\/td>\n<\/tr>\n<tr>\n<td class=\"spec-title\"><strong>Doublure<\/strong><\/td>\n<td>Double \u00e9paisseur | 3 pi\u00e8ces<\/td>\n<\/tr>\n<tr>\n<td class=\"spec-title\"><strong>Doublure lavable<\/strong><\/td>\n<td>Oui<\/td>\n<\/tr>\n<tr>\n<td class=\"spec-title\"><strong>Certification<\/strong><\/td>\n<td>CE, ASTM F-1849, EN1078<\/td>\n<\/tr>\n<tr>\n<td class=\"spec-title\"><strong>Test\u00e9 en soufflerie<\/strong><\/td>\n<td>Oui<\/td>\n<\/tr>\n<\/tbody>\n<\/table>\n<p>Voir les autres couleurs <a href=\"http:\/\/xactskateshop.com\/product\/cadomotus-alpha-3-youth-blue-st-helmet-new\/\">ici !<\/a><\/p>\n<p>En savoir plus sur Cadomotus <a href=\"https:\/\/www.cadomotus.com\/en\/blogs\/storyboard\/founder-of-cadomotus\/\">ici !<\/a><\/p>\n<\/div>\n<\/div>\n<\/div>\n<\/div>\n<\/div>\n<\/div>\n<\/div>\n<\/div>\n","protected":false},"excerpt":{"rendered":"<p>Cadomotus Alpha jeune noir<\/p>\n<p>Le C\u00e1domotus Alpha-3Y est le casque multisport que tous les enfants devraient porter. Certifi\u00e9 pour le patinage de vitesse, le short track et le cyclisme | S (50-53cm)<\/p>\n","protected":false},"featured_media":29903,"comment_status":"open","ping_status":"closed","template":"","meta":{"site-sidebar-layout":"default","site-content-layout":"default","ast-site-content-layout":"default","site-content-style":"default","site-sidebar-style":"default","ast-global-header-display":"","ast-banner-title-visibility":"","ast-main-header-display":"","ast-hfb-above-header-display":"","ast-hfb-below-header-display":"","ast-hfb-mobile-header-display":"","site-post-title":"","ast-breadcrumbs-content":"","ast-featured-img":"","footer-sml-layout":"","theme-transparent-header-meta":"default","adv-header-id-meta":"","stick-header-meta":"","header-above-stick-meta":"","header-main-stick-meta":"","header-below-stick-meta":"","astra-migrate-meta-layouts":"default","ast-page-background-enabled":"default","ast-page-background-meta":{"desktop":{"background-color":"","background-image":"","background-repeat":"repeat","background-position":"center center","background-size":"auto","background-attachment":"scroll","background-type":"","background-media":"","overlay-type":"","overlay-color":"","overlay-opacity":"","overlay-gradient":""},"tablet":{"background-color":"","background-image":"","background-repeat":"repeat","background-position":"center center","background-size":"auto","background-attachment":"scroll","background-type":"","background-media":"","overlay-type":"","overlay-color":"","overlay-opacity":"","overlay-gradient":""},"mobile":{"background-color":"","background-image":"","background-repeat":"repeat","background-position":"center center","background-size":"auto","background-attachment":"scroll","background-type":"","background-media":"","overlay-type":"","overlay-color":"","overlay-opacity":"","overlay-gradient":""}},"ast-content-background-meta":{"desktop":{"background-color":"var(--ast-global-color-5)","background-image":"","background-repeat":"repeat","background-position":"center center","background-size":"auto","background-attachment":"scroll","background-type":"","background-media":"","overlay-type":"","overlay-color":"","overlay-opacity":"","overlay-gradient":""},"tablet":{"background-color":"var(--ast-global-color-5)","background-image":"","background-repeat":"repeat","background-position":"center center","background-size":"auto","background-attachment":"scroll","background-type":"","background-media":"","overlay-type":"","overlay-color":"","overlay-opacity":"","overlay-gradient":""},"mobile":{"background-color":"var(--ast-global-color-5)","background-image":"","background-repeat":"repeat","background-position":"center center","background-size":"auto","background-attachment":"scroll","background-type":"","background-media":"","overlay-type":"","overlay-color":"","overlay-opacity":"","overlay-gradient":""}}},"product_brand":[],"product_cat":[1519,1353],"product_tag":[1385,2196,1886,1887,1394,1356,2239,2213,2238,2237,1945,1395,1403,1885],"class_list":{"0":"post-59827","1":"product","2":"type-product","3":"status-publish","4":"has-post-thumbnail","6":"product_cat-casques-patinage-de-vitesse-courte-piste","7":"product_cat-patinage-de-vitesse","8":"product_tag-boutique-xactskate","9":"product_tag-cadomotus-fr","10":"product_tag-casque-fr","11":"product_tag-casque-fr-2","12":"product_tag-courte-piste-fr-2","13":"product_tag-courte-piste-fr","14":"product_tag-engrenage-st","15":"product_tag-equipement-fr","16":"product_tag-jeune-fr","17":"product_tag-la-jeunesse","18":"product_tag-nouveau","19":"product_tag-patin-de-vitesse-fr","20":"product_tag-patinage-de-vitesse","21":"product_tag-sports-fr","22":"desktop-align-center","23":"tablet-align-center","24":"mobile-align-center","25":"ast-product-gallery-layout-horizontal","26":"ast-product-tabs-layout-horizontal","27":"ast-qv-on-image","29":"first","30":"instock","31":"sale","32":"taxable","33":"shipping-taxable","34":"purchasable","35":"product-type-simple"},"bundled_by":[],"bundle_stock_status":"instock","bundle_stock_quantity":15,"bundle_virtual":false,"bundle_layout":"","bundle_add_to_cart_form_location":"","bundle_editable_in_cart":false,"bundle_sold_individually_context":"","bundle_item_grouping":"","bundle_min_size":"","bundle_max_size":"","bundle_price":[],"bundled_items":[],"bundle_sell_ids":[],"yoast_head":"<!-- This site is optimized with the Yoast SEO plugin v27.4 - https:\/\/yoast.com\/product\/yoast-seo-wordpress\/ -->\n<title>Cadomotus Alpha jeune noir - Xact Skate Shop%%.<\/title>\n<meta name=\"description\" content=\"Cadomotus Alpha jeune noir. Le C\u00e1domotus Alpha-3Y est le casque multisport que tous les enfants devraient porter. Pour le patinage de vitesse, le short track et le cyclisme.\" \/>\n<meta name=\"robots\" content=\"index, follow, max-snippet:-1, max-image-preview:large, max-video-preview:-1\" \/>\n<link rel=\"canonical\" href=\"https:\/\/xactskateshop.com\/fr\/produit\/cadomotus-alpha-3-youth-black-st-casque\/\" \/>\n<meta property=\"og:locale\" content=\"fr_FR\" \/>\n<meta property=\"og:type\" content=\"article\" \/>\n<meta property=\"og:title\" content=\"Cadomotus Alpha jeune noir - Xact Skate Shop%%.\" \/>\n<meta property=\"og:description\" content=\"Cadomotus Alpha jeune noir. Le C\u00e1domotus Alpha-3Y est le casque multisport que tous les enfants devraient porter. Pour le patinage de vitesse, le short track et le cyclisme.\" \/>\n<meta property=\"og:url\" content=\"https:\/\/xactskateshop.com\/fr\/produit\/cadomotus-alpha-3-youth-black-st-casque\/\" \/>\n<meta property=\"og:site_name\" content=\"Xact Skate Shop\" \/>\n<meta property=\"article:publisher\" content=\"https:\/\/www.facebook.com\/JeanLouiskateshop\" \/>\n<meta property=\"og:image\" content=\"https:\/\/xactskateshop.com\/wp-content\/uploads\/2022\/10\/alpha-3-youth-blsck-1.jpg\" \/>\n\t<meta property=\"og:image:width\" content=\"1000\" \/>\n\t<meta property=\"og:image:height\" content=\"1000\" \/>\n\t<meta property=\"og:image:type\" content=\"image\/jpeg\" \/>\n<meta name=\"twitter:card\" content=\"summary_large_image\" \/>\n<meta name=\"twitter:label1\" content=\"Dur\u00e9e de lecture estim\u00e9e\" \/>\n\t<meta name=\"twitter:data1\" content=\"2 minutes\" \/>\n<script type=\"application\/ld+json\" class=\"yoast-schema-graph\">{\"@context\":\"https:\\\/\\\/schema.org\",\"@graph\":[{\"@type\":\"WebPage\",\"@id\":\"https:\\\/\\\/xactskateshop.com\\\/fr\\\/produit\\\/cadomotus-alpha-3-youth-black-st-casque\\\/\",\"url\":\"https:\\\/\\\/xactskateshop.com\\\/fr\\\/produit\\\/cadomotus-alpha-3-youth-black-st-casque\\\/\",\"name\":\"Cadomotus Alpha jeune noir - Xact Skate Shop%%.\",\"isPartOf\":{\"@id\":\"http:\\\/\\\/xactskateshop.com\\\/fr\\\/#website\"},\"primaryImageOfPage\":{\"@id\":\"https:\\\/\\\/xactskateshop.com\\\/fr\\\/produit\\\/cadomotus-alpha-3-youth-black-st-casque\\\/#primaryimage\"},\"image\":{\"@id\":\"https:\\\/\\\/xactskateshop.com\\\/fr\\\/produit\\\/cadomotus-alpha-3-youth-black-st-casque\\\/#primaryimage\"},\"thumbnailUrl\":\"https:\\\/\\\/xactskateshop.com\\\/wp-content\\\/uploads\\\/2022\\\/10\\\/alpha-3-youth-blsck-1.jpg\",\"datePublished\":\"2022-10-19T14:40:42+00:00\",\"description\":\"Cadomotus Alpha jeune noir. Le C\u00e1domotus Alpha-3Y est le casque multisport que tous les enfants devraient porter. Pour le patinage de vitesse, le short track et le cyclisme.\",\"breadcrumb\":{\"@id\":\"https:\\\/\\\/xactskateshop.com\\\/fr\\\/produit\\\/cadomotus-alpha-3-youth-black-st-casque\\\/#breadcrumb\"},\"inLanguage\":\"fr-FR\",\"potentialAction\":[{\"@type\":\"ReadAction\",\"target\":[\"https:\\\/\\\/xactskateshop.com\\\/fr\\\/produit\\\/cadomotus-alpha-3-youth-black-st-casque\\\/\"]}]},{\"@type\":\"ImageObject\",\"inLanguage\":\"fr-FR\",\"@id\":\"https:\\\/\\\/xactskateshop.com\\\/fr\\\/produit\\\/cadomotus-alpha-3-youth-black-st-casque\\\/#primaryimage\",\"url\":\"https:\\\/\\\/xactskateshop.com\\\/wp-content\\\/uploads\\\/2022\\\/10\\\/alpha-3-youth-blsck-1.jpg\",\"contentUrl\":\"https:\\\/\\\/xactskateshop.com\\\/wp-content\\\/uploads\\\/2022\\\/10\\\/alpha-3-youth-blsck-1.jpg\",\"width\":1000,\"height\":1000,\"caption\":\"Cadomotus Alpha jeune noir\"},{\"@type\":\"BreadcrumbList\",\"@id\":\"https:\\\/\\\/xactskateshop.com\\\/fr\\\/produit\\\/cadomotus-alpha-3-youth-black-st-casque\\\/#breadcrumb\",\"itemListElement\":[{\"@type\":\"ListItem\",\"position\":1,\"name\":\"Home\",\"item\":\"https:\\\/\\\/xactskateshop.com\\\/fr\\\/accueil\\\/\"},{\"@type\":\"ListItem\",\"position\":2,\"name\":\"Boutique\",\"item\":\"https:\\\/\\\/xactskateshop.com\\\/shop\\\/\"},{\"@type\":\"ListItem\",\"position\":3,\"name\":\"CADOMOTUS ALPHA 3 YOUTH BLACK ST casque\"}]},{\"@type\":\"WebSite\",\"@id\":\"http:\\\/\\\/xactskateshop.com\\\/fr\\\/#website\",\"url\":\"http:\\\/\\\/xactskateshop.com\\\/fr\\\/\",\"name\":\"Xact Skate Shop\",\"description\":\"Un site utilisant WordPress\",\"publisher\":{\"@id\":\"http:\\\/\\\/xactskateshop.com\\\/fr\\\/#organization\"},\"potentialAction\":[{\"@type\":\"SearchAction\",\"target\":{\"@type\":\"EntryPoint\",\"urlTemplate\":\"http:\\\/\\\/xactskateshop.com\\\/fr\\\/?s={search_term_string}\"},\"query-input\":{\"@type\":\"PropertyValueSpecification\",\"valueRequired\":true,\"valueName\":\"search_term_string\"}}],\"inLanguage\":\"fr-FR\"},{\"@type\":\"Organization\",\"@id\":\"http:\\\/\\\/xactskateshop.com\\\/fr\\\/#organization\",\"name\":\"XACT Skate Shop\",\"url\":\"http:\\\/\\\/xactskateshop.com\\\/fr\\\/\",\"logo\":{\"@type\":\"ImageObject\",\"inLanguage\":\"fr-FR\",\"@id\":\"http:\\\/\\\/xactskateshop.com\\\/fr\\\/#\\\/schema\\\/logo\\\/image\\\/\",\"url\":\"http:\\\/\\\/xactskateshop.com\\\/wp-content\\\/uploads\\\/2024\\\/04\\\/xactskateshop-dot-com-avec-contour-noir-sans-fond-675x.jpg\",\"contentUrl\":\"http:\\\/\\\/xactskateshop.com\\\/wp-content\\\/uploads\\\/2024\\\/04\\\/xactskateshop-dot-com-avec-contour-noir-sans-fond-675x.jpg\",\"width\":675,\"height\":247,\"caption\":\"XACT Skate Shop\"},\"image\":{\"@id\":\"http:\\\/\\\/xactskateshop.com\\\/fr\\\/#\\\/schema\\\/logo\\\/image\\\/\"},\"sameAs\":[\"https:\\\/\\\/www.facebook.com\\\/JeanLouiskateshop\"]}]}<\/script>\n<!-- \/ Yoast SEO plugin. -->","yoast_head_json":{"title":"Cadomotus Alpha jeune noir - Xact Skate Shop%%.","description":"Cadomotus Alpha jeune noir. Le C\u00e1domotus Alpha-3Y est le casque multisport que tous les enfants devraient porter. Pour le patinage de vitesse, le short track et le cyclisme.","robots":{"index":"index","follow":"follow","max-snippet":"max-snippet:-1","max-image-preview":"max-image-preview:large","max-video-preview":"max-video-preview:-1"},"canonical":"https:\/\/xactskateshop.com\/fr\/produit\/cadomotus-alpha-3-youth-black-st-casque\/","og_locale":"fr_FR","og_type":"article","og_title":"Cadomotus Alpha jeune noir - Xact Skate Shop%%.","og_description":"Cadomotus Alpha jeune noir. Le C\u00e1domotus Alpha-3Y est le casque multisport que tous les enfants devraient porter. Pour le patinage de vitesse, le short track et le cyclisme.","og_url":"https:\/\/xactskateshop.com\/fr\/produit\/cadomotus-alpha-3-youth-black-st-casque\/","og_site_name":"Xact Skate Shop","article_publisher":"https:\/\/www.facebook.com\/JeanLouiskateshop","og_image":[{"width":1000,"height":1000,"url":"https:\/\/xactskateshop.com\/wp-content\/uploads\/2022\/10\/alpha-3-youth-blsck-1.jpg","type":"image\/jpeg"}],"twitter_card":"summary_large_image","twitter_misc":{"Dur\u00e9e de lecture estim\u00e9e":"2 minutes"},"schema":{"@context":"https:\/\/schema.org","@graph":[{"@type":"WebPage","@id":"https:\/\/xactskateshop.com\/fr\/produit\/cadomotus-alpha-3-youth-black-st-casque\/","url":"https:\/\/xactskateshop.com\/fr\/produit\/cadomotus-alpha-3-youth-black-st-casque\/","name":"Cadomotus Alpha jeune noir - Xact Skate Shop%%.","isPartOf":{"@id":"http:\/\/xactskateshop.com\/fr\/#website"},"primaryImageOfPage":{"@id":"https:\/\/xactskateshop.com\/fr\/produit\/cadomotus-alpha-3-youth-black-st-casque\/#primaryimage"},"image":{"@id":"https:\/\/xactskateshop.com\/fr\/produit\/cadomotus-alpha-3-youth-black-st-casque\/#primaryimage"},"thumbnailUrl":"https:\/\/xactskateshop.com\/wp-content\/uploads\/2022\/10\/alpha-3-youth-blsck-1.jpg","datePublished":"2022-10-19T14:40:42+00:00","description":"Cadomotus Alpha jeune noir. Le C\u00e1domotus Alpha-3Y est le casque multisport que tous les enfants devraient porter. Pour le patinage de vitesse, le short track et le cyclisme.","breadcrumb":{"@id":"https:\/\/xactskateshop.com\/fr\/produit\/cadomotus-alpha-3-youth-black-st-casque\/#breadcrumb"},"inLanguage":"fr-FR","potentialAction":[{"@type":"ReadAction","target":["https:\/\/xactskateshop.com\/fr\/produit\/cadomotus-alpha-3-youth-black-st-casque\/"]}]},{"@type":"ImageObject","inLanguage":"fr-FR","@id":"https:\/\/xactskateshop.com\/fr\/produit\/cadomotus-alpha-3-youth-black-st-casque\/#primaryimage","url":"https:\/\/xactskateshop.com\/wp-content\/uploads\/2022\/10\/alpha-3-youth-blsck-1.jpg","contentUrl":"https:\/\/xactskateshop.com\/wp-content\/uploads\/2022\/10\/alpha-3-youth-blsck-1.jpg","width":1000,"height":1000,"caption":"Cadomotus Alpha jeune noir"},{"@type":"BreadcrumbList","@id":"https:\/\/xactskateshop.com\/fr\/produit\/cadomotus-alpha-3-youth-black-st-casque\/#breadcrumb","itemListElement":[{"@type":"ListItem","position":1,"name":"Home","item":"https:\/\/xactskateshop.com\/fr\/accueil\/"},{"@type":"ListItem","position":2,"name":"Boutique","item":"https:\/\/xactskateshop.com\/shop\/"},{"@type":"ListItem","position":3,"name":"CADOMOTUS ALPHA 3 YOUTH BLACK ST casque"}]},{"@type":"WebSite","@id":"http:\/\/xactskateshop.com\/fr\/#website","url":"http:\/\/xactskateshop.com\/fr\/","name":"Xact Skate Shop","description":"Un site utilisant WordPress","publisher":{"@id":"http:\/\/xactskateshop.com\/fr\/#organization"},"potentialAction":[{"@type":"SearchAction","target":{"@type":"EntryPoint","urlTemplate":"http:\/\/xactskateshop.com\/fr\/?s={search_term_string}"},"query-input":{"@type":"PropertyValueSpecification","valueRequired":true,"valueName":"search_term_string"}}],"inLanguage":"fr-FR"},{"@type":"Organization","@id":"http:\/\/xactskateshop.com\/fr\/#organization","name":"XACT Skate Shop","url":"http:\/\/xactskateshop.com\/fr\/","logo":{"@type":"ImageObject","inLanguage":"fr-FR","@id":"http:\/\/xactskateshop.com\/fr\/#\/schema\/logo\/image\/","url":"http:\/\/xactskateshop.com\/wp-content\/uploads\/2024\/04\/xactskateshop-dot-com-avec-contour-noir-sans-fond-675x.jpg","contentUrl":"http:\/\/xactskateshop.com\/wp-content\/uploads\/2024\/04\/xactskateshop-dot-com-avec-contour-noir-sans-fond-675x.jpg","width":675,"height":247,"caption":"XACT Skate Shop"},"image":{"@id":"http:\/\/xactskateshop.com\/fr\/#\/schema\/logo\/image\/"},"sameAs":["https:\/\/www.facebook.com\/JeanLouiskateshop"]}]}},"_links":{"self":[{"href":"https:\/\/xactskateshop.com\/fr\/wp-json\/wp\/v2\/product\/59827","targetHints":{"allow":["GET"]}}],"collection":[{"href":"https:\/\/xactskateshop.com\/fr\/wp-json\/wp\/v2\/product"}],"about":[{"href":"https:\/\/xactskateshop.com\/fr\/wp-json\/wp\/v2\/types\/product"}],"replies":[{"embeddable":true,"href":"https:\/\/xactskateshop.com\/fr\/wp-json\/wp\/v2\/comments?post=59827"}],"wp:featuredmedia":[{"embeddable":true,"href":"https:\/\/xactskateshop.com\/fr\/wp-json\/wp\/v2\/media\/29903"}],"wp:attachment":[{"href":"https:\/\/xactskateshop.com\/fr\/wp-json\/wp\/v2\/media?parent=59827"}],"wp:term":[{"taxonomy":"product_brand","embeddable":true,"href":"https:\/\/xactskateshop.com\/fr\/wp-json\/wp\/v2\/product_brand?post=59827"},{"taxonomy":"product_cat","embeddable":true,"href":"https:\/\/xactskateshop.com\/fr\/wp-json\/wp\/v2\/product_cat?post=59827"},{"taxonomy":"product_tag","embeddable":true,"href":"https:\/\/xactskateshop.com\/fr\/wp-json\/wp\/v2\/product_tag?post=59827"}],"curies":[{"name":"wp","href":"https:\/\/api.w.org\/{rel}","templated":true}]}}