{"id":59817,"date":"2021-03-01T17:52:04","date_gmt":"2021-03-01T22:52:04","guid":{"rendered":"http:\/\/xactskateshop.com\/product\/bont-retro-neo-inline-speed-skating-suit\/"},"modified":"2021-03-01T17:52:04","modified_gmt":"2021-03-01T22:52:04","slug":"bont-retro-neo-inline-speed-skating-suit","status":"publish","type":"product","link":"https:\/\/xactskateshop.com\/fr\/produit\/bont-retro-neo-inline-speed-skating-suit\/","title":{"rendered":"BONT Retro Neo Inline Speed Skating Suit"},"content":{"rendered":"<p>La combinaison de patinage de vitesse en ligne Bont Retro Neo utilise le m\u00eame design que la combinaison de patinage de vitesse en ligne Retro Elite, mais \u00e0 un prix tr\u00e8s avantageux.<\/p>\n<p><strong>Tissu de la combinaison Neo<\/strong><br \/>\nCette combinaison est principalement fabriqu\u00e9e \u00e0 partir du tissu italien Shine avec une maille asiatique pour les panneaux de ventilation, les pinces sont en \u00e9lasthanne pli\u00e9 pour garder les choses bien en place et serr\u00e9es \u00e0 la jambe. Le chamois est un mod\u00e8le ta\u00efwanais de style italien.<\/p>\n<p>Notre collaboration avec <a title=\"Vie13 Kustom Apparel \" href=\"https:\/\/vie13.com\/\">Vie13 Kustom Apparel<\/a> vous offre ce qu&#8217;il y a de mieux en mati\u00e8re de mat\u00e9riaux et de design lorsque vous comptez chaque milliseconde. Vie13 est le premier \u00e0 apporter des tissus de vitesse enduits au patinage de vitesse en ligne avec l&#8217;objectif de rendre tout le monde plus rapide, quelle que soit la forme du corps.<\/p>\n<p><strong>R\u00e9duire le profil du vent frontal<\/strong><br \/>\nPour maintenir le flux d&#8217;air plus pr\u00e8s des membres et du torse de l&#8217;athl\u00e8te, Vie13 utilise la thermodynamique, ce qui vous permet de patiner \u00e0 la m\u00eame vitesse plus facilement et plus longtemps. En effet, plus l&#8217;air est proche du corps, plus la masse frontale est r\u00e9duite.<\/p>\n<p><strong>\u00c9vents de jambe<\/strong><br \/>\nLes \u00e9vents de jambe situ\u00e9s \u00e0 l&#8217;arri\u00e8re des ischio-jambiers permettent \u00e0 l&#8217;air chaud de s&#8217;\u00e9chapper tandis que l&#8217;air plus frais s&#8217;\u00e9coule par le haut.<\/p>\n<p><strong>A\u00e9rations des bras<\/strong><br \/>\nLes a\u00e9rations sous les bras sont les m\u00eames que celles des jambes. Elles sont con\u00e7ues loin du bord d&#8217;attaque de l&#8217;athl\u00e8te, mais elles capturent le flux pour faciliter la transition vers le dos, pr\u00e8s du corps.<\/p>\n<p>&nbsp;<\/p>\n<p>Veuillez noter que la combinaison Neo est de taille <strong>UNISEX<\/strong>. Ce tableau est bas\u00e9 sur une coupe ajust\u00e9e, nous recommandons de prendre une taille au-dessus.<\/p>\n<table class=\"table\">\n<thead>\n<tr>\n<th><\/th>\n<th>XS<\/th>\n<th>S<\/th>\n<th>M<\/th>\n<th>L<\/th>\n<th>XL<\/th>\n<th>XXL<\/th>\n<\/tr>\n<\/thead>\n<tbody>\n<tr>\n<td>Coffre<\/td>\n<td>29&#8243; &#8211; 32&#8243;<\/td>\n<td>32&#8243; &#8211; 34&#8243;<\/td>\n<td>34&#8243; &#8211; 36&#8243;<\/td>\n<td>36&#8243; &#8211; 38&#8243;<\/td>\n<td>38&#8243; &#8211; 40&#8243;<\/td>\n<td>40&#8243; &#8211; 42&#8243;<\/td>\n<\/tr>\n<tr>\n<td>Fermeture \u00e0 glissi\u00e8re<\/td>\n<td>21.5&#8243;<\/td>\n<td>22&#8243;<\/td>\n<td>22.5&#8243;<\/td>\n<td>23&#8243;<\/td>\n<td>23&#8243;<\/td>\n<td>24&#8243;<\/td>\n<\/tr>\n<tr>\n<td>Retour<\/td>\n<td>27.5&#8243;<\/td>\n<td>28&#8243;<\/td>\n<td>28.5&#8243;<\/td>\n<td>29&#8243;<\/td>\n<td>29.5&#8243;<\/td>\n<td>30&#8243;<\/td>\n<\/tr>\n<tr>\n<td>Biceps<\/td>\n<td>8&#8243; &#8211; 11&#8243;<\/td>\n<td>8.5&#8243; &#8211; 11.5&#8243;<\/td>\n<td>9&#8243; &#8211; 12&#8243;<\/td>\n<td>10&#8243; &#8211; 13&#8243;<\/td>\n<td>11&#8243; &#8211; 14&#8243;<\/td>\n<td>12&#8243; &#8211; 15&#8243;<\/td>\n<\/tr>\n<tr>\n<td>Taille<\/td>\n<td>25&#8243; &#8211; 27&#8243;<\/td>\n<td>27&#8243; &#8211; 29&#8243;<\/td>\n<td>29&#8243; &#8211; 31&#8243;<\/td>\n<td>31&#8243; &#8211; 33&#8243;<\/td>\n<td>33&#8243; &#8211; 35&#8243;<\/td>\n<td>35&#8243; &#8211; 36&#8243;<\/td>\n<\/tr>\n<tr>\n<td>Hanches<\/td>\n<td>29&#8243; &#8211; 31&#8243;<\/td>\n<td>31&#8243; &#8211; 33.5&#8243;<\/td>\n<td>33.5&#8243; &#8211; 35&#8243;<\/td>\n<td>35.5&#8243; &#8211; 38&#8243;<\/td>\n<td>38&#8243; &#8211; 40&#8243;<\/td>\n<td>40&#8243; &#8211; 42.5&#8243;<\/td>\n<\/tr>\n<tr>\n<td>Longueur<\/td>\n<td>12.5&#8243;<\/td>\n<td>13&#8243;<\/td>\n<td>13.5&#8243;<\/td>\n<td>14&#8243;<\/td>\n<td>15.5&#8243;<\/td>\n<td>17.5&#8243;<\/td>\n<\/tr>\n<tr>\n<td>Entrejambe<\/td>\n<td>8.5&#8243;<\/td>\n<td>8.75&#8243;<\/td>\n<td>9&#8243;<\/td>\n<td>9.25&#8243;<\/td>\n<td>9.5&#8243;<\/td>\n<td>10&#8243;<\/td>\n<\/tr>\n<tr>\n<td>Griffe de jambe<\/td>\n<td>12&#8243; &#8211; 18&#8243;<\/td>\n<td>13&#8243; &#8211; 19&#8243;<\/td>\n<td>14&#8243; &#8211; 20&#8243;<\/td>\n<td>15&#8243; &#8211; 21&#8243;<\/td>\n<td>16&#8243; &#8211; 22&#8243;<\/td>\n<td>16&#8243; &#8211; 23&#8243;<\/td>\n<\/tr>\n<\/tbody>\n<\/table>\n","protected":false},"excerpt":{"rendered":"<p>La combinaison de patinage de vitesse en ligne Bont Retro Neo utilise le m\u00eame design que la combinaison de patinage de vitesse en ligne Retro Elite, mais \u00e0 un prix tr\u00e8s avantageux.<\/p>\n","protected":false},"featured_media":6139,"comment_status":"open","ping_status":"closed","template":"","meta":{"site-sidebar-layout":"default","site-content-layout":"default","ast-site-content-layout":"default","site-content-style":"default","site-sidebar-style":"default","ast-global-header-display":"","ast-banner-title-visibility":"","ast-main-header-display":"","ast-hfb-above-header-display":"","ast-hfb-below-header-display":"","ast-hfb-mobile-header-display":"","site-post-title":"","ast-breadcrumbs-content":"","ast-featured-img":"","footer-sml-layout":"","theme-transparent-header-meta":"default","adv-header-id-meta":"","stick-header-meta":"","header-above-stick-meta":"","header-main-stick-meta":"","header-below-stick-meta":"","astra-migrate-meta-layouts":"default","ast-page-background-enabled":"default","ast-page-background-meta":{"desktop":{"background-color":"","background-image":"","background-repeat":"repeat","background-position":"center center","background-size":"auto","background-attachment":"scroll","background-type":"","background-media":"","overlay-type":"","overlay-color":"","overlay-opacity":"","overlay-gradient":""},"tablet":{"background-color":"","background-image":"","background-repeat":"repeat","background-position":"center center","background-size":"auto","background-attachment":"scroll","background-type":"","background-media":"","overlay-type":"","overlay-color":"","overlay-opacity":"","overlay-gradient":""},"mobile":{"background-color":"","background-image":"","background-repeat":"repeat","background-position":"center center","background-size":"auto","background-attachment":"scroll","background-type":"","background-media":"","overlay-type":"","overlay-color":"","overlay-opacity":"","overlay-gradient":""}},"ast-content-background-meta":{"desktop":{"background-color":"var(--ast-global-color-5)","background-image":"","background-repeat":"repeat","background-position":"center center","background-size":"auto","background-attachment":"scroll","background-type":"","background-media":"","overlay-type":"","overlay-color":"","overlay-opacity":"","overlay-gradient":""},"tablet":{"background-color":"var(--ast-global-color-5)","background-image":"","background-repeat":"repeat","background-position":"center center","background-size":"auto","background-attachment":"scroll","background-type":"","background-media":"","overlay-type":"","overlay-color":"","overlay-opacity":"","overlay-gradient":""},"mobile":{"background-color":"var(--ast-global-color-5)","background-image":"","background-repeat":"repeat","background-position":"center center","background-size":"auto","background-attachment":"scroll","background-type":"","background-media":"","overlay-type":"","overlay-color":"","overlay-opacity":"","overlay-gradient":""}}},"product_brand":[],"product_cat":[1589,1588,1590],"product_tag":[],"class_list":{"0":"post-59817","1":"product","2":"type-product","3":"status-publish","4":"has-post-thumbnail","6":"product_cat-patinage-de-vitesse-a-roues-alignees","7":"product_cat-vetements","8":"product_cat-vetements-pour-le-patinage-a-roues-alignees","9":"desktop-align-center","10":"tablet-align-center","11":"mobile-align-center","12":"ast-product-gallery-layout-horizontal","13":"ast-product-single-variable","14":"ast-product-tabs-layout-horizontal","15":"ast-qv-on-image","17":"first","18":"instock","19":"taxable","20":"shipping-taxable","21":"purchasable","22":"product-type-variable"},"bundled_by":[],"bundle_stock_status":"instock","bundle_stock_quantity":null,"bundle_virtual":false,"bundle_layout":"","bundle_add_to_cart_form_location":"","bundle_editable_in_cart":false,"bundle_sold_individually_context":"","bundle_item_grouping":"","bundle_min_size":"","bundle_max_size":"","bundle_price":[],"bundled_items":[],"bundle_sell_ids":[],"yoast_head":"<!-- This site is optimized with the Yoast SEO plugin v27.4 - https:\/\/yoast.com\/product\/yoast-seo-wordpress\/ -->\n<title>BONT Retro Neo Inline Speed Skating Suit - Xact Skate Shop<\/title>\n<meta name=\"description\" content=\"La combinaison de patinage de vitesse en ligne Bont Retro Neo utilise le m\u00eame design que la combinaison de patinage de vitesse en ligne Retro Elite, mais \u00e0 un prix tr\u00e8s avantageux. Obtenez le v\u00f4tre ici !\" \/>\n<meta name=\"robots\" content=\"index, follow, max-snippet:-1, max-image-preview:large, max-video-preview:-1\" \/>\n<link rel=\"canonical\" href=\"https:\/\/xactskateshop.com\/fr\/produit\/bont-retro-neo-inline-speed-skating-suit\/\" \/>\n<meta property=\"og:locale\" content=\"fr_FR\" \/>\n<meta property=\"og:type\" content=\"article\" \/>\n<meta property=\"og:title\" content=\"BONT Retro Neo Inline Speed Skating Suit - Xact Skate Shop\" \/>\n<meta property=\"og:description\" content=\"La combinaison de patinage de vitesse en ligne Bont Retro Neo utilise le m\u00eame design que la combinaison de patinage de vitesse en ligne Retro Elite, mais \u00e0 un prix tr\u00e8s avantageux. Obtenez le v\u00f4tre ici !\" \/>\n<meta property=\"og:url\" content=\"https:\/\/xactskateshop.com\/fr\/produit\/bont-retro-neo-inline-speed-skating-suit\/\" \/>\n<meta property=\"og:site_name\" content=\"Xact Skate Shop\" \/>\n<meta property=\"article:publisher\" content=\"https:\/\/www.facebook.com\/JeanLouiskateshop\" \/>\n<meta property=\"og:image\" content=\"https:\/\/xactskateshop.com\/wp-content\/uploads\/2021\/03\/2018-retro-neon-suit.jpg\" \/>\n\t<meta property=\"og:image:width\" content=\"1000\" \/>\n\t<meta property=\"og:image:height\" content=\"1000\" \/>\n\t<meta property=\"og:image:type\" content=\"image\/jpeg\" \/>\n<meta name=\"twitter:card\" content=\"summary_large_image\" \/>\n<meta name=\"twitter:label1\" content=\"Dur\u00e9e de lecture estim\u00e9e\" \/>\n\t<meta name=\"twitter:data1\" content=\"2 minutes\" \/>\n<script type=\"application\/ld+json\" class=\"yoast-schema-graph\">{\"@context\":\"https:\\\/\\\/schema.org\",\"@graph\":[{\"@type\":\"WebPage\",\"@id\":\"https:\\\/\\\/xactskateshop.com\\\/fr\\\/produit\\\/bont-retro-neo-inline-speed-skating-suit\\\/\",\"url\":\"https:\\\/\\\/xactskateshop.com\\\/fr\\\/produit\\\/bont-retro-neo-inline-speed-skating-suit\\\/\",\"name\":\"BONT Retro Neo Inline Speed Skating Suit - Xact Skate Shop\",\"isPartOf\":{\"@id\":\"http:\\\/\\\/xactskateshop.com\\\/fr\\\/#website\"},\"primaryImageOfPage\":{\"@id\":\"https:\\\/\\\/xactskateshop.com\\\/fr\\\/produit\\\/bont-retro-neo-inline-speed-skating-suit\\\/#primaryimage\"},\"image\":{\"@id\":\"https:\\\/\\\/xactskateshop.com\\\/fr\\\/produit\\\/bont-retro-neo-inline-speed-skating-suit\\\/#primaryimage\"},\"thumbnailUrl\":\"https:\\\/\\\/xactskateshop.com\\\/wp-content\\\/uploads\\\/2021\\\/03\\\/2018-retro-neon-suit.jpg\",\"datePublished\":\"2021-03-01T22:52:04+00:00\",\"description\":\"La combinaison de patinage de vitesse en ligne Bont Retro Neo utilise le m\u00eame design que la combinaison de patinage de vitesse en ligne Retro Elite, mais \u00e0 un prix tr\u00e8s avantageux. Obtenez le v\u00f4tre ici !\",\"breadcrumb\":{\"@id\":\"https:\\\/\\\/xactskateshop.com\\\/fr\\\/produit\\\/bont-retro-neo-inline-speed-skating-suit\\\/#breadcrumb\"},\"inLanguage\":\"fr-FR\",\"potentialAction\":[{\"@type\":\"ReadAction\",\"target\":[\"https:\\\/\\\/xactskateshop.com\\\/fr\\\/produit\\\/bont-retro-neo-inline-speed-skating-suit\\\/\"]}]},{\"@type\":\"ImageObject\",\"inLanguage\":\"fr-FR\",\"@id\":\"https:\\\/\\\/xactskateshop.com\\\/fr\\\/produit\\\/bont-retro-neo-inline-speed-skating-suit\\\/#primaryimage\",\"url\":\"https:\\\/\\\/xactskateshop.com\\\/wp-content\\\/uploads\\\/2021\\\/03\\\/2018-retro-neon-suit.jpg\",\"contentUrl\":\"https:\\\/\\\/xactskateshop.com\\\/wp-content\\\/uploads\\\/2021\\\/03\\\/2018-retro-neon-suit.jpg\",\"width\":1000,\"height\":1000},{\"@type\":\"BreadcrumbList\",\"@id\":\"https:\\\/\\\/xactskateshop.com\\\/fr\\\/produit\\\/bont-retro-neo-inline-speed-skating-suit\\\/#breadcrumb\",\"itemListElement\":[{\"@type\":\"ListItem\",\"position\":1,\"name\":\"Home\",\"item\":\"https:\\\/\\\/xactskateshop.com\\\/fr\\\/accueil\\\/\"},{\"@type\":\"ListItem\",\"position\":2,\"name\":\"Boutique\",\"item\":\"https:\\\/\\\/xactskateshop.com\\\/shop\\\/\"},{\"@type\":\"ListItem\",\"position\":3,\"name\":\"BONT Retro Neo Inline Speed Skating Suit\"}]},{\"@type\":\"WebSite\",\"@id\":\"http:\\\/\\\/xactskateshop.com\\\/fr\\\/#website\",\"url\":\"http:\\\/\\\/xactskateshop.com\\\/fr\\\/\",\"name\":\"Xact Skate Shop\",\"description\":\"Un site utilisant WordPress\",\"publisher\":{\"@id\":\"http:\\\/\\\/xactskateshop.com\\\/fr\\\/#organization\"},\"potentialAction\":[{\"@type\":\"SearchAction\",\"target\":{\"@type\":\"EntryPoint\",\"urlTemplate\":\"http:\\\/\\\/xactskateshop.com\\\/fr\\\/?s={search_term_string}\"},\"query-input\":{\"@type\":\"PropertyValueSpecification\",\"valueRequired\":true,\"valueName\":\"search_term_string\"}}],\"inLanguage\":\"fr-FR\"},{\"@type\":\"Organization\",\"@id\":\"http:\\\/\\\/xactskateshop.com\\\/fr\\\/#organization\",\"name\":\"XACT Skate Shop\",\"url\":\"http:\\\/\\\/xactskateshop.com\\\/fr\\\/\",\"logo\":{\"@type\":\"ImageObject\",\"inLanguage\":\"fr-FR\",\"@id\":\"http:\\\/\\\/xactskateshop.com\\\/fr\\\/#\\\/schema\\\/logo\\\/image\\\/\",\"url\":\"http:\\\/\\\/xactskateshop.com\\\/wp-content\\\/uploads\\\/2024\\\/04\\\/xactskateshop-dot-com-avec-contour-noir-sans-fond-675x.jpg\",\"contentUrl\":\"http:\\\/\\\/xactskateshop.com\\\/wp-content\\\/uploads\\\/2024\\\/04\\\/xactskateshop-dot-com-avec-contour-noir-sans-fond-675x.jpg\",\"width\":675,\"height\":247,\"caption\":\"XACT Skate Shop\"},\"image\":{\"@id\":\"http:\\\/\\\/xactskateshop.com\\\/fr\\\/#\\\/schema\\\/logo\\\/image\\\/\"},\"sameAs\":[\"https:\\\/\\\/www.facebook.com\\\/JeanLouiskateshop\"]}]}<\/script>\n<!-- \/ Yoast SEO plugin. -->","yoast_head_json":{"title":"BONT Retro Neo Inline Speed Skating Suit - Xact Skate Shop","description":"La combinaison de patinage de vitesse en ligne Bont Retro Neo utilise le m\u00eame design que la combinaison de patinage de vitesse en ligne Retro Elite, mais \u00e0 un prix tr\u00e8s avantageux. Obtenez le v\u00f4tre ici !","robots":{"index":"index","follow":"follow","max-snippet":"max-snippet:-1","max-image-preview":"max-image-preview:large","max-video-preview":"max-video-preview:-1"},"canonical":"https:\/\/xactskateshop.com\/fr\/produit\/bont-retro-neo-inline-speed-skating-suit\/","og_locale":"fr_FR","og_type":"article","og_title":"BONT Retro Neo Inline Speed Skating Suit - Xact Skate Shop","og_description":"La combinaison de patinage de vitesse en ligne Bont Retro Neo utilise le m\u00eame design que la combinaison de patinage de vitesse en ligne Retro Elite, mais \u00e0 un prix tr\u00e8s avantageux. Obtenez le v\u00f4tre ici !","og_url":"https:\/\/xactskateshop.com\/fr\/produit\/bont-retro-neo-inline-speed-skating-suit\/","og_site_name":"Xact Skate Shop","article_publisher":"https:\/\/www.facebook.com\/JeanLouiskateshop","og_image":[{"width":1000,"height":1000,"url":"https:\/\/xactskateshop.com\/wp-content\/uploads\/2021\/03\/2018-retro-neon-suit.jpg","type":"image\/jpeg"}],"twitter_card":"summary_large_image","twitter_misc":{"Dur\u00e9e de lecture estim\u00e9e":"2 minutes"},"schema":{"@context":"https:\/\/schema.org","@graph":[{"@type":"WebPage","@id":"https:\/\/xactskateshop.com\/fr\/produit\/bont-retro-neo-inline-speed-skating-suit\/","url":"https:\/\/xactskateshop.com\/fr\/produit\/bont-retro-neo-inline-speed-skating-suit\/","name":"BONT Retro Neo Inline Speed Skating Suit - Xact Skate Shop","isPartOf":{"@id":"http:\/\/xactskateshop.com\/fr\/#website"},"primaryImageOfPage":{"@id":"https:\/\/xactskateshop.com\/fr\/produit\/bont-retro-neo-inline-speed-skating-suit\/#primaryimage"},"image":{"@id":"https:\/\/xactskateshop.com\/fr\/produit\/bont-retro-neo-inline-speed-skating-suit\/#primaryimage"},"thumbnailUrl":"https:\/\/xactskateshop.com\/wp-content\/uploads\/2021\/03\/2018-retro-neon-suit.jpg","datePublished":"2021-03-01T22:52:04+00:00","description":"La combinaison de patinage de vitesse en ligne Bont Retro Neo utilise le m\u00eame design que la combinaison de patinage de vitesse en ligne Retro Elite, mais \u00e0 un prix tr\u00e8s avantageux. Obtenez le v\u00f4tre ici !","breadcrumb":{"@id":"https:\/\/xactskateshop.com\/fr\/produit\/bont-retro-neo-inline-speed-skating-suit\/#breadcrumb"},"inLanguage":"fr-FR","potentialAction":[{"@type":"ReadAction","target":["https:\/\/xactskateshop.com\/fr\/produit\/bont-retro-neo-inline-speed-skating-suit\/"]}]},{"@type":"ImageObject","inLanguage":"fr-FR","@id":"https:\/\/xactskateshop.com\/fr\/produit\/bont-retro-neo-inline-speed-skating-suit\/#primaryimage","url":"https:\/\/xactskateshop.com\/wp-content\/uploads\/2021\/03\/2018-retro-neon-suit.jpg","contentUrl":"https:\/\/xactskateshop.com\/wp-content\/uploads\/2021\/03\/2018-retro-neon-suit.jpg","width":1000,"height":1000},{"@type":"BreadcrumbList","@id":"https:\/\/xactskateshop.com\/fr\/produit\/bont-retro-neo-inline-speed-skating-suit\/#breadcrumb","itemListElement":[{"@type":"ListItem","position":1,"name":"Home","item":"https:\/\/xactskateshop.com\/fr\/accueil\/"},{"@type":"ListItem","position":2,"name":"Boutique","item":"https:\/\/xactskateshop.com\/shop\/"},{"@type":"ListItem","position":3,"name":"BONT Retro Neo Inline Speed Skating Suit"}]},{"@type":"WebSite","@id":"http:\/\/xactskateshop.com\/fr\/#website","url":"http:\/\/xactskateshop.com\/fr\/","name":"Xact Skate Shop","description":"Un site utilisant WordPress","publisher":{"@id":"http:\/\/xactskateshop.com\/fr\/#organization"},"potentialAction":[{"@type":"SearchAction","target":{"@type":"EntryPoint","urlTemplate":"http:\/\/xactskateshop.com\/fr\/?s={search_term_string}"},"query-input":{"@type":"PropertyValueSpecification","valueRequired":true,"valueName":"search_term_string"}}],"inLanguage":"fr-FR"},{"@type":"Organization","@id":"http:\/\/xactskateshop.com\/fr\/#organization","name":"XACT Skate Shop","url":"http:\/\/xactskateshop.com\/fr\/","logo":{"@type":"ImageObject","inLanguage":"fr-FR","@id":"http:\/\/xactskateshop.com\/fr\/#\/schema\/logo\/image\/","url":"http:\/\/xactskateshop.com\/wp-content\/uploads\/2024\/04\/xactskateshop-dot-com-avec-contour-noir-sans-fond-675x.jpg","contentUrl":"http:\/\/xactskateshop.com\/wp-content\/uploads\/2024\/04\/xactskateshop-dot-com-avec-contour-noir-sans-fond-675x.jpg","width":675,"height":247,"caption":"XACT Skate Shop"},"image":{"@id":"http:\/\/xactskateshop.com\/fr\/#\/schema\/logo\/image\/"},"sameAs":["https:\/\/www.facebook.com\/JeanLouiskateshop"]}]}},"_links":{"self":[{"href":"https:\/\/xactskateshop.com\/fr\/wp-json\/wp\/v2\/product\/59817","targetHints":{"allow":["GET"]}}],"collection":[{"href":"https:\/\/xactskateshop.com\/fr\/wp-json\/wp\/v2\/product"}],"about":[{"href":"https:\/\/xactskateshop.com\/fr\/wp-json\/wp\/v2\/types\/product"}],"replies":[{"embeddable":true,"href":"https:\/\/xactskateshop.com\/fr\/wp-json\/wp\/v2\/comments?post=59817"}],"wp:featuredmedia":[{"embeddable":true,"href":"https:\/\/xactskateshop.com\/fr\/wp-json\/wp\/v2\/media\/6139"}],"wp:attachment":[{"href":"https:\/\/xactskateshop.com\/fr\/wp-json\/wp\/v2\/media?parent=59817"}],"wp:term":[{"taxonomy":"product_brand","embeddable":true,"href":"https:\/\/xactskateshop.com\/fr\/wp-json\/wp\/v2\/product_brand?post=59817"},{"taxonomy":"product_cat","embeddable":true,"href":"https:\/\/xactskateshop.com\/fr\/wp-json\/wp\/v2\/product_cat?post=59817"},{"taxonomy":"product_tag","embeddable":true,"href":"https:\/\/xactskateshop.com\/fr\/wp-json\/wp\/v2\/product_tag?post=59817"}],"curies":[{"name":"wp","href":"https:\/\/api.w.org\/{rel}","templated":true}]}}