{"id":59814,"date":"2021-03-01T16:23:43","date_gmt":"2021-03-01T21:23:43","guid":{"rendered":"http:\/\/xactskateshop.com\/product\/bont-plaquette-de-frein-de-remplacement-1\/"},"modified":"2021-03-01T16:23:43","modified_gmt":"2021-03-01T21:23:43","slug":"bont-plaquette-de-frein-de-remplacement-1","status":"publish","type":"product","link":"https:\/\/xactskateshop.com\/fr\/produit\/bont-plaquette-de-frein-de-remplacement-1\/","title":{"rendered":"BONT Plaquette de frein de remplacement (1)"},"content":{"rendered":"<p>Plaquette de frein Bont<\/p>\n<p>Il s&#8217;agit d&#8217;une plaquette de frein de remplacement (1 pi\u00e8ce). Il est fabriqu\u00e9 en caoutchouc de haute qualit\u00e9 et de longue dur\u00e9e. Il convient uniquement au frein Bont.<\/p>\n<p>Utilisation sur le <a href=\"http:\/\/xactskateshop.com\/product\/bont-brake-for-2-points-frame-1\/\">syst\u00e8me de freinage BONT<\/a><\/p>\n","protected":false},"excerpt":{"rendered":"<p>Plaquette de frein Bont<\/p>\n<p>Il s&#8217;agit d&#8217;une plaquette de frein de remplacement (1 pi\u00e8ce). Il est fabriqu\u00e9 en caoutchouc de haute qualit\u00e9 et de longue dur\u00e9e. Il convient uniquement au frein Bont.<\/p>\n","protected":false},"featured_media":28634,"comment_status":"closed","ping_status":"closed","template":"","meta":{"site-sidebar-layout":"default","site-content-layout":"default","ast-site-content-layout":"default","site-content-style":"default","site-sidebar-style":"default","ast-global-header-display":"","ast-banner-title-visibility":"","ast-main-header-display":"","ast-hfb-above-header-display":"","ast-hfb-below-header-display":"","ast-hfb-mobile-header-display":"","site-post-title":"","ast-breadcrumbs-content":"","ast-featured-img":"","footer-sml-layout":"","theme-transparent-header-meta":"default","adv-header-id-meta":"","stick-header-meta":"","header-above-stick-meta":"","header-main-stick-meta":"","header-below-stick-meta":"","astra-migrate-meta-layouts":"default","ast-page-background-enabled":"default","ast-page-background-meta":{"desktop":{"background-color":"","background-image":"","background-repeat":"repeat","background-position":"center center","background-size":"auto","background-attachment":"scroll","background-type":"","background-media":"","overlay-type":"","overlay-color":"","overlay-opacity":"","overlay-gradient":""},"tablet":{"background-color":"","background-image":"","background-repeat":"repeat","background-position":"center center","background-size":"auto","background-attachment":"scroll","background-type":"","background-media":"","overlay-type":"","overlay-color":"","overlay-opacity":"","overlay-gradient":""},"mobile":{"background-color":"","background-image":"","background-repeat":"repeat","background-position":"center center","background-size":"auto","background-attachment":"scroll","background-type":"","background-media":"","overlay-type":"","overlay-color":"","overlay-opacity":"","overlay-gradient":""}},"ast-content-background-meta":{"desktop":{"background-color":"var(--ast-global-color-5)","background-image":"","background-repeat":"repeat","background-position":"center center","background-size":"auto","background-attachment":"scroll","background-type":"","background-media":"","overlay-type":"","overlay-color":"","overlay-opacity":"","overlay-gradient":""},"tablet":{"background-color":"var(--ast-global-color-5)","background-image":"","background-repeat":"repeat","background-position":"center center","background-size":"auto","background-attachment":"scroll","background-type":"","background-media":"","overlay-type":"","overlay-color":"","overlay-opacity":"","overlay-gradient":""},"mobile":{"background-color":"var(--ast-global-color-5)","background-image":"","background-repeat":"repeat","background-position":"center center","background-size":"auto","background-attachment":"scroll","background-type":"","background-media":"","overlay-type":"","overlay-color":"","overlay-opacity":"","overlay-gradient":""}}},"product_brand":[],"product_cat":[1766,1589],"product_tag":[],"class_list":{"0":"post-59814","1":"product","2":"type-product","3":"status-publish","4":"has-post-thumbnail","6":"product_cat-chassis","7":"product_cat-patinage-de-vitesse-a-roues-alignees","8":"desktop-align-center","9":"tablet-align-center","10":"mobile-align-center","11":"ast-product-gallery-layout-horizontal","12":"ast-product-tabs-layout-horizontal","13":"ast-qv-on-image","15":"first","16":"instock","17":"taxable","18":"shipping-taxable","19":"purchasable","20":"product-type-simple"},"bundled_by":[],"bundle_stock_status":"instock","bundle_stock_quantity":4,"bundle_virtual":false,"bundle_layout":"","bundle_add_to_cart_form_location":"","bundle_editable_in_cart":false,"bundle_sold_individually_context":"","bundle_item_grouping":"","bundle_min_size":"","bundle_max_size":"","bundle_price":[],"bundled_items":[],"bundle_sell_ids":[],"yoast_head":"<!-- This site is optimized with the Yoast SEO plugin v27.4 - https:\/\/yoast.com\/product\/yoast-seo-wordpress\/ -->\n<title>Bont brake pad - Xact Skate Shop<\/title>\n<meta name=\"description\" content=\"Plaquette de frein Bont, Il s&#039;agit d&#039;une plaquette de frein de remplacement (1 pi\u00e8ce). Il est fabriqu\u00e9 en caoutchouc de haute qualit\u00e9 et de longue dur\u00e9e. Il convient uniquement au frein Bont. Obtenez le v\u00f4tre ici !\" \/>\n<meta name=\"robots\" content=\"index, follow, max-snippet:-1, max-image-preview:large, max-video-preview:-1\" \/>\n<link rel=\"canonical\" href=\"https:\/\/xactskateshop.com\/fr\/produit\/bont-plaquette-de-frein-de-remplacement-1\/\" \/>\n<meta property=\"og:locale\" content=\"fr_FR\" \/>\n<meta property=\"og:type\" content=\"article\" \/>\n<meta property=\"og:title\" content=\"Bont brake pad - Xact Skate Shop\" \/>\n<meta property=\"og:description\" content=\"Plaquette de frein Bont, Il s&#039;agit d&#039;une plaquette de frein de remplacement (1 pi\u00e8ce). Il est fabriqu\u00e9 en caoutchouc de haute qualit\u00e9 et de longue dur\u00e9e. Il convient uniquement au frein Bont. Obtenez le v\u00f4tre ici !\" \/>\n<meta property=\"og:url\" content=\"https:\/\/xactskateshop.com\/fr\/produit\/bont-plaquette-de-frein-de-remplacement-1\/\" \/>\n<meta property=\"og:site_name\" content=\"Xact Skate Shop\" \/>\n<meta property=\"article:publisher\" content=\"https:\/\/www.facebook.com\/JeanLouiskateshop\" \/>\n<meta property=\"og:image\" content=\"https:\/\/xactskateshop.com\/wp-content\/uploads\/2021\/03\/Frame-Brake-Pad4.jpg\" \/>\n\t<meta property=\"og:image:width\" content=\"1000\" \/>\n\t<meta property=\"og:image:height\" content=\"1000\" \/>\n\t<meta property=\"og:image:type\" content=\"image\/jpeg\" \/>\n<meta name=\"twitter:card\" content=\"summary_large_image\" \/>\n<script type=\"application\/ld+json\" class=\"yoast-schema-graph\">{\"@context\":\"https:\\\/\\\/schema.org\",\"@graph\":[{\"@type\":\"WebPage\",\"@id\":\"https:\\\/\\\/xactskateshop.com\\\/fr\\\/produit\\\/bont-plaquette-de-frein-de-remplacement-1\\\/\",\"url\":\"https:\\\/\\\/xactskateshop.com\\\/fr\\\/produit\\\/bont-plaquette-de-frein-de-remplacement-1\\\/\",\"name\":\"Bont brake pad - Xact Skate Shop\",\"isPartOf\":{\"@id\":\"http:\\\/\\\/xactskateshop.com\\\/fr\\\/#website\"},\"primaryImageOfPage\":{\"@id\":\"https:\\\/\\\/xactskateshop.com\\\/fr\\\/produit\\\/bont-plaquette-de-frein-de-remplacement-1\\\/#primaryimage\"},\"image\":{\"@id\":\"https:\\\/\\\/xactskateshop.com\\\/fr\\\/produit\\\/bont-plaquette-de-frein-de-remplacement-1\\\/#primaryimage\"},\"thumbnailUrl\":\"https:\\\/\\\/xactskateshop.com\\\/wp-content\\\/uploads\\\/2021\\\/03\\\/Frame-Brake-Pad4.jpg\",\"datePublished\":\"2021-03-01T21:23:43+00:00\",\"description\":\"Plaquette de frein Bont, Il s'agit d'une plaquette de frein de remplacement (1 pi\u00e8ce). Il est fabriqu\u00e9 en caoutchouc de haute qualit\u00e9 et de longue dur\u00e9e. Il convient uniquement au frein Bont. Obtenez le v\u00f4tre ici !\",\"breadcrumb\":{\"@id\":\"https:\\\/\\\/xactskateshop.com\\\/fr\\\/produit\\\/bont-plaquette-de-frein-de-remplacement-1\\\/#breadcrumb\"},\"inLanguage\":\"fr-FR\",\"potentialAction\":[{\"@type\":\"ReadAction\",\"target\":[\"https:\\\/\\\/xactskateshop.com\\\/fr\\\/produit\\\/bont-plaquette-de-frein-de-remplacement-1\\\/\"]}]},{\"@type\":\"ImageObject\",\"inLanguage\":\"fr-FR\",\"@id\":\"https:\\\/\\\/xactskateshop.com\\\/fr\\\/produit\\\/bont-plaquette-de-frein-de-remplacement-1\\\/#primaryimage\",\"url\":\"https:\\\/\\\/xactskateshop.com\\\/wp-content\\\/uploads\\\/2021\\\/03\\\/Frame-Brake-Pad4.jpg\",\"contentUrl\":\"https:\\\/\\\/xactskateshop.com\\\/wp-content\\\/uploads\\\/2021\\\/03\\\/Frame-Brake-Pad4.jpg\",\"width\":1000,\"height\":1000,\"caption\":\"Plaquette de frein Bont\"},{\"@type\":\"BreadcrumbList\",\"@id\":\"https:\\\/\\\/xactskateshop.com\\\/fr\\\/produit\\\/bont-plaquette-de-frein-de-remplacement-1\\\/#breadcrumb\",\"itemListElement\":[{\"@type\":\"ListItem\",\"position\":1,\"name\":\"Home\",\"item\":\"https:\\\/\\\/xactskateshop.com\\\/fr\\\/accueil\\\/\"},{\"@type\":\"ListItem\",\"position\":2,\"name\":\"Boutique\",\"item\":\"https:\\\/\\\/xactskateshop.com\\\/shop\\\/\"},{\"@type\":\"ListItem\",\"position\":3,\"name\":\"BONT Plaquette de frein de remplacement (1)\"}]},{\"@type\":\"WebSite\",\"@id\":\"http:\\\/\\\/xactskateshop.com\\\/fr\\\/#website\",\"url\":\"http:\\\/\\\/xactskateshop.com\\\/fr\\\/\",\"name\":\"Xact Skate Shop\",\"description\":\"Un site utilisant WordPress\",\"publisher\":{\"@id\":\"http:\\\/\\\/xactskateshop.com\\\/fr\\\/#organization\"},\"potentialAction\":[{\"@type\":\"SearchAction\",\"target\":{\"@type\":\"EntryPoint\",\"urlTemplate\":\"http:\\\/\\\/xactskateshop.com\\\/fr\\\/?s={search_term_string}\"},\"query-input\":{\"@type\":\"PropertyValueSpecification\",\"valueRequired\":true,\"valueName\":\"search_term_string\"}}],\"inLanguage\":\"fr-FR\"},{\"@type\":\"Organization\",\"@id\":\"http:\\\/\\\/xactskateshop.com\\\/fr\\\/#organization\",\"name\":\"XACT Skate Shop\",\"url\":\"http:\\\/\\\/xactskateshop.com\\\/fr\\\/\",\"logo\":{\"@type\":\"ImageObject\",\"inLanguage\":\"fr-FR\",\"@id\":\"http:\\\/\\\/xactskateshop.com\\\/fr\\\/#\\\/schema\\\/logo\\\/image\\\/\",\"url\":\"http:\\\/\\\/xactskateshop.com\\\/wp-content\\\/uploads\\\/2024\\\/04\\\/xactskateshop-dot-com-avec-contour-noir-sans-fond-675x.jpg\",\"contentUrl\":\"http:\\\/\\\/xactskateshop.com\\\/wp-content\\\/uploads\\\/2024\\\/04\\\/xactskateshop-dot-com-avec-contour-noir-sans-fond-675x.jpg\",\"width\":675,\"height\":247,\"caption\":\"XACT Skate Shop\"},\"image\":{\"@id\":\"http:\\\/\\\/xactskateshop.com\\\/fr\\\/#\\\/schema\\\/logo\\\/image\\\/\"},\"sameAs\":[\"https:\\\/\\\/www.facebook.com\\\/JeanLouiskateshop\"]}]}<\/script>\n<!-- \/ Yoast SEO plugin. -->","yoast_head_json":{"title":"Bont brake pad - Xact Skate Shop","description":"Plaquette de frein Bont, Il s'agit d'une plaquette de frein de remplacement (1 pi\u00e8ce). Il est fabriqu\u00e9 en caoutchouc de haute qualit\u00e9 et de longue dur\u00e9e. Il convient uniquement au frein Bont. Obtenez le v\u00f4tre ici !","robots":{"index":"index","follow":"follow","max-snippet":"max-snippet:-1","max-image-preview":"max-image-preview:large","max-video-preview":"max-video-preview:-1"},"canonical":"https:\/\/xactskateshop.com\/fr\/produit\/bont-plaquette-de-frein-de-remplacement-1\/","og_locale":"fr_FR","og_type":"article","og_title":"Bont brake pad - Xact Skate Shop","og_description":"Plaquette de frein Bont, Il s'agit d'une plaquette de frein de remplacement (1 pi\u00e8ce). Il est fabriqu\u00e9 en caoutchouc de haute qualit\u00e9 et de longue dur\u00e9e. Il convient uniquement au frein Bont. Obtenez le v\u00f4tre ici !","og_url":"https:\/\/xactskateshop.com\/fr\/produit\/bont-plaquette-de-frein-de-remplacement-1\/","og_site_name":"Xact Skate Shop","article_publisher":"https:\/\/www.facebook.com\/JeanLouiskateshop","og_image":[{"width":1000,"height":1000,"url":"https:\/\/xactskateshop.com\/wp-content\/uploads\/2021\/03\/Frame-Brake-Pad4.jpg","type":"image\/jpeg"}],"twitter_card":"summary_large_image","schema":{"@context":"https:\/\/schema.org","@graph":[{"@type":"WebPage","@id":"https:\/\/xactskateshop.com\/fr\/produit\/bont-plaquette-de-frein-de-remplacement-1\/","url":"https:\/\/xactskateshop.com\/fr\/produit\/bont-plaquette-de-frein-de-remplacement-1\/","name":"Bont brake pad - Xact Skate Shop","isPartOf":{"@id":"http:\/\/xactskateshop.com\/fr\/#website"},"primaryImageOfPage":{"@id":"https:\/\/xactskateshop.com\/fr\/produit\/bont-plaquette-de-frein-de-remplacement-1\/#primaryimage"},"image":{"@id":"https:\/\/xactskateshop.com\/fr\/produit\/bont-plaquette-de-frein-de-remplacement-1\/#primaryimage"},"thumbnailUrl":"https:\/\/xactskateshop.com\/wp-content\/uploads\/2021\/03\/Frame-Brake-Pad4.jpg","datePublished":"2021-03-01T21:23:43+00:00","description":"Plaquette de frein Bont, Il s'agit d'une plaquette de frein de remplacement (1 pi\u00e8ce). Il est fabriqu\u00e9 en caoutchouc de haute qualit\u00e9 et de longue dur\u00e9e. Il convient uniquement au frein Bont. Obtenez le v\u00f4tre ici !","breadcrumb":{"@id":"https:\/\/xactskateshop.com\/fr\/produit\/bont-plaquette-de-frein-de-remplacement-1\/#breadcrumb"},"inLanguage":"fr-FR","potentialAction":[{"@type":"ReadAction","target":["https:\/\/xactskateshop.com\/fr\/produit\/bont-plaquette-de-frein-de-remplacement-1\/"]}]},{"@type":"ImageObject","inLanguage":"fr-FR","@id":"https:\/\/xactskateshop.com\/fr\/produit\/bont-plaquette-de-frein-de-remplacement-1\/#primaryimage","url":"https:\/\/xactskateshop.com\/wp-content\/uploads\/2021\/03\/Frame-Brake-Pad4.jpg","contentUrl":"https:\/\/xactskateshop.com\/wp-content\/uploads\/2021\/03\/Frame-Brake-Pad4.jpg","width":1000,"height":1000,"caption":"Plaquette de frein Bont"},{"@type":"BreadcrumbList","@id":"https:\/\/xactskateshop.com\/fr\/produit\/bont-plaquette-de-frein-de-remplacement-1\/#breadcrumb","itemListElement":[{"@type":"ListItem","position":1,"name":"Home","item":"https:\/\/xactskateshop.com\/fr\/accueil\/"},{"@type":"ListItem","position":2,"name":"Boutique","item":"https:\/\/xactskateshop.com\/shop\/"},{"@type":"ListItem","position":3,"name":"BONT Plaquette de frein de remplacement (1)"}]},{"@type":"WebSite","@id":"http:\/\/xactskateshop.com\/fr\/#website","url":"http:\/\/xactskateshop.com\/fr\/","name":"Xact Skate Shop","description":"Un site utilisant WordPress","publisher":{"@id":"http:\/\/xactskateshop.com\/fr\/#organization"},"potentialAction":[{"@type":"SearchAction","target":{"@type":"EntryPoint","urlTemplate":"http:\/\/xactskateshop.com\/fr\/?s={search_term_string}"},"query-input":{"@type":"PropertyValueSpecification","valueRequired":true,"valueName":"search_term_string"}}],"inLanguage":"fr-FR"},{"@type":"Organization","@id":"http:\/\/xactskateshop.com\/fr\/#organization","name":"XACT Skate Shop","url":"http:\/\/xactskateshop.com\/fr\/","logo":{"@type":"ImageObject","inLanguage":"fr-FR","@id":"http:\/\/xactskateshop.com\/fr\/#\/schema\/logo\/image\/","url":"http:\/\/xactskateshop.com\/wp-content\/uploads\/2024\/04\/xactskateshop-dot-com-avec-contour-noir-sans-fond-675x.jpg","contentUrl":"http:\/\/xactskateshop.com\/wp-content\/uploads\/2024\/04\/xactskateshop-dot-com-avec-contour-noir-sans-fond-675x.jpg","width":675,"height":247,"caption":"XACT Skate Shop"},"image":{"@id":"http:\/\/xactskateshop.com\/fr\/#\/schema\/logo\/image\/"},"sameAs":["https:\/\/www.facebook.com\/JeanLouiskateshop"]}]}},"_links":{"self":[{"href":"https:\/\/xactskateshop.com\/fr\/wp-json\/wp\/v2\/product\/59814","targetHints":{"allow":["GET"]}}],"collection":[{"href":"https:\/\/xactskateshop.com\/fr\/wp-json\/wp\/v2\/product"}],"about":[{"href":"https:\/\/xactskateshop.com\/fr\/wp-json\/wp\/v2\/types\/product"}],"replies":[{"embeddable":true,"href":"https:\/\/xactskateshop.com\/fr\/wp-json\/wp\/v2\/comments?post=59814"}],"wp:featuredmedia":[{"embeddable":true,"href":"https:\/\/xactskateshop.com\/fr\/wp-json\/wp\/v2\/media\/28634"}],"wp:attachment":[{"href":"https:\/\/xactskateshop.com\/fr\/wp-json\/wp\/v2\/media?parent=59814"}],"wp:term":[{"taxonomy":"product_brand","embeddable":true,"href":"https:\/\/xactskateshop.com\/fr\/wp-json\/wp\/v2\/product_brand?post=59814"},{"taxonomy":"product_cat","embeddable":true,"href":"https:\/\/xactskateshop.com\/fr\/wp-json\/wp\/v2\/product_cat?post=59814"},{"taxonomy":"product_tag","embeddable":true,"href":"https:\/\/xactskateshop.com\/fr\/wp-json\/wp\/v2\/product_tag?post=59814"}],"curies":[{"name":"wp","href":"https:\/\/api.w.org\/{rel}","templated":true}]}}