{"id":59813,"date":"2021-03-01T17:07:48","date_gmt":"2021-03-01T22:07:48","guid":{"rendered":"http:\/\/xactskateshop.com\/product\/nettoyeur-electronique-de-roulements\/"},"modified":"2021-03-01T17:07:48","modified_gmt":"2021-03-01T22:07:48","slug":"nettoyeur-electronique-de-roulements","status":"publish","type":"product","link":"https:\/\/xactskateshop.com\/fr\/produit\/nettoyeur-electronique-de-roulements\/","title":{"rendered":"Nettoyeur \u00e9lectronique de roulements"},"content":{"rendered":"<p><iframe title=\"Bont Bearing Cleaner in use\" width=\"500\" height=\"281\" src=\"https:\/\/www.youtube.com\/embed\/Pe69QoMyyGg?feature=oembed\" frameborder=\"0\" allow=\"accelerometer; autoplay; clipboard-write; encrypted-media; gyroscope; picture-in-picture; web-share\" referrerpolicy=\"strict-origin-when-cross-origin\" allowfullscreen><\/iframe><\/p>\n<p>Nettoyeur de roulements \u00e9lectroniques<\/p>\n<p>Le nettoyeur de roulements en ligne Bont Electronic fait tourner le roulement et nettoie toutes les salet\u00e9s, l&#8217;huile et m\u00eame la rouille l\u00e9g\u00e8re. Par exemple, il suffit de glisser votre roulement de patinage de vitesse en ligne <a title=\"688 mini palier\" href=\"https:\/\/bont.com\/products\/688-mini-inline-skate-bearings\">688<\/a> ou <a title=\"palier de patin \u00e0 roues align\u00e9es abec5\" href=\"https:\/\/bont.com\/products\/abec5-inline-skate-bearing\">608<\/a> sur le nettoyeur. Plongez-le dans la solution de nettoyage de votre choix et appuyez sur le bouton rouge.<\/p>\n<p>C&#8217;est la fa\u00e7on la plus simple de nettoyer les roulements de patins \u00e0 roulettes. Il faut environ 20 secondes par roulement pour les nettoyer. Le nettoyeur de roulements fonctionne avec toutes les marques de roulements de taille 608, 688. Redonnez \u00e0 vos roulements de patins \u00e0 roues align\u00e9es l&#8217;aspect du neuf.<\/p>\n<p>Convient \u00e0 tous les roulements de 8 mm.<\/p>\n<p>Trouvez d&#8217;autres mod\u00e8les <a href=\"http:\/\/xactskateshop.com\/product-category\/inline-speed-skating\/bearings\/\">ici<\/a><\/p>\n<p>Vous pouvez \u00e9galement l&#8217;acheter <a href=\"https:\/\/bont.ca\/collections\/inline-skate-bearings\">ici<\/a><\/p>\n","protected":false},"excerpt":{"rendered":"<p>Nettoyeur de roulements \u00e9lectroniques<\/p>\n<p>Le nettoyeur de roulements en ligne Bont Electronic fait tourner le roulement et nettoie toutes les salet\u00e9s, l&#8217;huile et m\u00eame la rouille l\u00e9g\u00e8re. Par exemple, il suffit de glisser votre roulement de patinage de vitesse en ligne <a title=\"688 mini palier\" href=\"https:\/\/bont.com\/products\/688-mini-inline-skate-bearings\">688<\/a> ou <a title=\"palier de patin \u00e0 roues align\u00e9es abec5\" href=\"https:\/\/bont.com\/products\/abec5-inline-skate-bearing\">608<\/a> sur le nettoyeur. Plongez-le dans la solution de nettoyage de votre choix et appuyez sur le bouton rouge.<\/p>\n","protected":false},"featured_media":28664,"comment_status":"closed","ping_status":"closed","template":"","meta":{"site-sidebar-layout":"default","site-content-layout":"default","ast-site-content-layout":"default","site-content-style":"default","site-sidebar-style":"default","ast-global-header-display":"","ast-banner-title-visibility":"","ast-main-header-display":"","ast-hfb-above-header-display":"","ast-hfb-below-header-display":"","ast-hfb-mobile-header-display":"","site-post-title":"","ast-breadcrumbs-content":"","ast-featured-img":"","footer-sml-layout":"","theme-transparent-header-meta":"default","adv-header-id-meta":"","stick-header-meta":"","header-above-stick-meta":"","header-main-stick-meta":"","header-below-stick-meta":"","astra-migrate-meta-layouts":"default","ast-page-background-enabled":"default","ast-page-background-meta":{"desktop":{"background-color":"","background-image":"","background-repeat":"repeat","background-position":"center center","background-size":"auto","background-attachment":"scroll","background-type":"","background-media":"","overlay-type":"","overlay-color":"","overlay-opacity":"","overlay-gradient":""},"tablet":{"background-color":"","background-image":"","background-repeat":"repeat","background-position":"center center","background-size":"auto","background-attachment":"scroll","background-type":"","background-media":"","overlay-type":"","overlay-color":"","overlay-opacity":"","overlay-gradient":""},"mobile":{"background-color":"","background-image":"","background-repeat":"repeat","background-position":"center center","background-size":"auto","background-attachment":"scroll","background-type":"","background-media":"","overlay-type":"","overlay-color":"","overlay-opacity":"","overlay-gradient":""}},"ast-content-background-meta":{"desktop":{"background-color":"var(--ast-global-color-5)","background-image":"","background-repeat":"repeat","background-position":"center center","background-size":"auto","background-attachment":"scroll","background-type":"","background-media":"","overlay-type":"","overlay-color":"","overlay-opacity":"","overlay-gradient":""},"tablet":{"background-color":"var(--ast-global-color-5)","background-image":"","background-repeat":"repeat","background-position":"center center","background-size":"auto","background-attachment":"scroll","background-type":"","background-media":"","overlay-type":"","overlay-color":"","overlay-opacity":"","overlay-gradient":""},"mobile":{"background-color":"var(--ast-global-color-5)","background-image":"","background-repeat":"repeat","background-position":"center center","background-size":"auto","background-attachment":"scroll","background-type":"","background-media":"","overlay-type":"","overlay-color":"","overlay-opacity":"","overlay-gradient":""}}},"product_brand":[],"product_cat":[1589,1652,1739,1736],"product_tag":[],"class_list":{"0":"post-59813","1":"product","2":"type-product","3":"status-publish","4":"has-post-thumbnail","6":"product_cat-patinage-de-vitesse-a-roues-alignees","7":"product_cat-patins-a-roulettes","8":"product_cat-roulements-et-outils-dentretien-fr-3","9":"product_cat-roulements-et-outils-dentretien-2","10":"desktop-align-center","11":"tablet-align-center","12":"mobile-align-center","13":"ast-product-gallery-layout-horizontal","14":"ast-product-tabs-layout-horizontal","15":"ast-qv-on-image","17":"first","18":"instock","19":"sale","20":"taxable","21":"shipping-taxable","22":"purchasable","23":"product-type-simple"},"bundled_by":[],"bundle_stock_status":"instock","bundle_stock_quantity":2,"bundle_virtual":false,"bundle_layout":"","bundle_add_to_cart_form_location":"","bundle_editable_in_cart":false,"bundle_sold_individually_context":"","bundle_item_grouping":"","bundle_min_size":"","bundle_max_size":"","bundle_price":[],"bundled_items":[],"bundle_sell_ids":[],"yoast_head":"<!-- This site is optimized with the Yoast SEO plugin v27.4 - https:\/\/yoast.com\/product\/yoast-seo-wordpress\/ -->\n<title>Nettoyeur \u00e9lectronique de roulements Nettoyeur \u00e9lectronique de roulements - Xact Skate Shop.<\/title>\n<meta name=\"description\" content=\"Nettoyeur \u00e9lectronique de roulements. Le nettoyeur de roulements en ligne \u00e9lectronique de Bont fait tourner le roulement et nettoie toutes les salet\u00e9s. Obtenez le v\u00f4tre ici !\" \/>\n<meta name=\"robots\" content=\"index, follow, max-snippet:-1, max-image-preview:large, max-video-preview:-1\" \/>\n<link rel=\"canonical\" href=\"https:\/\/xactskateshop.com\/fr\/produit\/nettoyeur-electronique-de-roulements\/\" \/>\n<meta property=\"og:locale\" content=\"fr_FR\" \/>\n<meta property=\"og:type\" content=\"article\" \/>\n<meta property=\"og:title\" content=\"Nettoyeur \u00e9lectronique de roulements Nettoyeur \u00e9lectronique de roulements - Xact Skate Shop.\" \/>\n<meta property=\"og:description\" content=\"Nettoyeur \u00e9lectronique de roulements. Le nettoyeur de roulements en ligne \u00e9lectronique de Bont fait tourner le roulement et nettoie toutes les salet\u00e9s. Obtenez le v\u00f4tre ici !\" \/>\n<meta property=\"og:url\" content=\"https:\/\/xactskateshop.com\/fr\/produit\/nettoyeur-electronique-de-roulements\/\" \/>\n<meta property=\"og:site_name\" content=\"Xact Skate Shop\" \/>\n<meta property=\"article:publisher\" content=\"https:\/\/www.facebook.com\/JeanLouiskateshop\" \/>\n<meta property=\"og:image\" content=\"https:\/\/xactskateshop.com\/wp-content\/uploads\/2021\/03\/Bearing-Cleaner-1.jpg\" \/>\n\t<meta property=\"og:image:width\" content=\"1000\" \/>\n\t<meta property=\"og:image:height\" content=\"1000\" \/>\n\t<meta property=\"og:image:type\" content=\"image\/jpeg\" \/>\n<meta name=\"twitter:card\" content=\"summary_large_image\" \/>\n<meta name=\"twitter:label1\" content=\"Dur\u00e9e de lecture estim\u00e9e\" \/>\n\t<meta name=\"twitter:data1\" content=\"1 minute\" \/>\n<script type=\"application\/ld+json\" class=\"yoast-schema-graph\">{\"@context\":\"https:\\\/\\\/schema.org\",\"@graph\":[{\"@type\":\"WebPage\",\"@id\":\"https:\\\/\\\/xactskateshop.com\\\/fr\\\/produit\\\/nettoyeur-electronique-de-roulements\\\/\",\"url\":\"https:\\\/\\\/xactskateshop.com\\\/fr\\\/produit\\\/nettoyeur-electronique-de-roulements\\\/\",\"name\":\"Nettoyeur \u00e9lectronique de roulements Nettoyeur \u00e9lectronique de roulements - Xact Skate Shop.\",\"isPartOf\":{\"@id\":\"http:\\\/\\\/xactskateshop.com\\\/fr\\\/#website\"},\"primaryImageOfPage\":{\"@id\":\"https:\\\/\\\/xactskateshop.com\\\/fr\\\/produit\\\/nettoyeur-electronique-de-roulements\\\/#primaryimage\"},\"image\":{\"@id\":\"https:\\\/\\\/xactskateshop.com\\\/fr\\\/produit\\\/nettoyeur-electronique-de-roulements\\\/#primaryimage\"},\"thumbnailUrl\":\"https:\\\/\\\/xactskateshop.com\\\/wp-content\\\/uploads\\\/2021\\\/03\\\/Bearing-Cleaner-1.jpg\",\"datePublished\":\"2021-03-01T22:07:48+00:00\",\"description\":\"Nettoyeur \u00e9lectronique de roulements. Le nettoyeur de roulements en ligne \u00e9lectronique de Bont fait tourner le roulement et nettoie toutes les salet\u00e9s. Obtenez le v\u00f4tre ici !\",\"breadcrumb\":{\"@id\":\"https:\\\/\\\/xactskateshop.com\\\/fr\\\/produit\\\/nettoyeur-electronique-de-roulements\\\/#breadcrumb\"},\"inLanguage\":\"fr-FR\",\"potentialAction\":[{\"@type\":\"ReadAction\",\"target\":[\"https:\\\/\\\/xactskateshop.com\\\/fr\\\/produit\\\/nettoyeur-electronique-de-roulements\\\/\"]}]},{\"@type\":\"ImageObject\",\"inLanguage\":\"fr-FR\",\"@id\":\"https:\\\/\\\/xactskateshop.com\\\/fr\\\/produit\\\/nettoyeur-electronique-de-roulements\\\/#primaryimage\",\"url\":\"https:\\\/\\\/xactskateshop.com\\\/wp-content\\\/uploads\\\/2021\\\/03\\\/Bearing-Cleaner-1.jpg\",\"contentUrl\":\"https:\\\/\\\/xactskateshop.com\\\/wp-content\\\/uploads\\\/2021\\\/03\\\/Bearing-Cleaner-1.jpg\",\"width\":1000,\"height\":1000,\"caption\":\"Nettoyeur de roulements \u00e9lectroniques\"},{\"@type\":\"BreadcrumbList\",\"@id\":\"https:\\\/\\\/xactskateshop.com\\\/fr\\\/produit\\\/nettoyeur-electronique-de-roulements\\\/#breadcrumb\",\"itemListElement\":[{\"@type\":\"ListItem\",\"position\":1,\"name\":\"Home\",\"item\":\"https:\\\/\\\/xactskateshop.com\\\/fr\\\/accueil\\\/\"},{\"@type\":\"ListItem\",\"position\":2,\"name\":\"Boutique\",\"item\":\"https:\\\/\\\/xactskateshop.com\\\/shop\\\/\"},{\"@type\":\"ListItem\",\"position\":3,\"name\":\"Nettoyeur \u00e9lectronique de roulements\"}]},{\"@type\":\"WebSite\",\"@id\":\"http:\\\/\\\/xactskateshop.com\\\/fr\\\/#website\",\"url\":\"http:\\\/\\\/xactskateshop.com\\\/fr\\\/\",\"name\":\"Xact Skate Shop\",\"description\":\"Un site utilisant WordPress\",\"publisher\":{\"@id\":\"http:\\\/\\\/xactskateshop.com\\\/fr\\\/#organization\"},\"potentialAction\":[{\"@type\":\"SearchAction\",\"target\":{\"@type\":\"EntryPoint\",\"urlTemplate\":\"http:\\\/\\\/xactskateshop.com\\\/fr\\\/?s={search_term_string}\"},\"query-input\":{\"@type\":\"PropertyValueSpecification\",\"valueRequired\":true,\"valueName\":\"search_term_string\"}}],\"inLanguage\":\"fr-FR\"},{\"@type\":\"Organization\",\"@id\":\"http:\\\/\\\/xactskateshop.com\\\/fr\\\/#organization\",\"name\":\"XACT Skate Shop\",\"url\":\"http:\\\/\\\/xactskateshop.com\\\/fr\\\/\",\"logo\":{\"@type\":\"ImageObject\",\"inLanguage\":\"fr-FR\",\"@id\":\"http:\\\/\\\/xactskateshop.com\\\/fr\\\/#\\\/schema\\\/logo\\\/image\\\/\",\"url\":\"http:\\\/\\\/xactskateshop.com\\\/wp-content\\\/uploads\\\/2024\\\/04\\\/xactskateshop-dot-com-avec-contour-noir-sans-fond-675x.jpg\",\"contentUrl\":\"http:\\\/\\\/xactskateshop.com\\\/wp-content\\\/uploads\\\/2024\\\/04\\\/xactskateshop-dot-com-avec-contour-noir-sans-fond-675x.jpg\",\"width\":675,\"height\":247,\"caption\":\"XACT Skate Shop\"},\"image\":{\"@id\":\"http:\\\/\\\/xactskateshop.com\\\/fr\\\/#\\\/schema\\\/logo\\\/image\\\/\"},\"sameAs\":[\"https:\\\/\\\/www.facebook.com\\\/JeanLouiskateshop\"]}]}<\/script>\n<!-- \/ Yoast SEO plugin. -->","yoast_head_json":{"title":"Nettoyeur \u00e9lectronique de roulements Nettoyeur \u00e9lectronique de roulements - Xact Skate Shop.","description":"Nettoyeur \u00e9lectronique de roulements. Le nettoyeur de roulements en ligne \u00e9lectronique de Bont fait tourner le roulement et nettoie toutes les salet\u00e9s. Obtenez le v\u00f4tre ici !","robots":{"index":"index","follow":"follow","max-snippet":"max-snippet:-1","max-image-preview":"max-image-preview:large","max-video-preview":"max-video-preview:-1"},"canonical":"https:\/\/xactskateshop.com\/fr\/produit\/nettoyeur-electronique-de-roulements\/","og_locale":"fr_FR","og_type":"article","og_title":"Nettoyeur \u00e9lectronique de roulements Nettoyeur \u00e9lectronique de roulements - Xact Skate Shop.","og_description":"Nettoyeur \u00e9lectronique de roulements. Le nettoyeur de roulements en ligne \u00e9lectronique de Bont fait tourner le roulement et nettoie toutes les salet\u00e9s. Obtenez le v\u00f4tre ici !","og_url":"https:\/\/xactskateshop.com\/fr\/produit\/nettoyeur-electronique-de-roulements\/","og_site_name":"Xact Skate Shop","article_publisher":"https:\/\/www.facebook.com\/JeanLouiskateshop","og_image":[{"width":1000,"height":1000,"url":"https:\/\/xactskateshop.com\/wp-content\/uploads\/2021\/03\/Bearing-Cleaner-1.jpg","type":"image\/jpeg"}],"twitter_card":"summary_large_image","twitter_misc":{"Dur\u00e9e de lecture estim\u00e9e":"1 minute"},"schema":{"@context":"https:\/\/schema.org","@graph":[{"@type":"WebPage","@id":"https:\/\/xactskateshop.com\/fr\/produit\/nettoyeur-electronique-de-roulements\/","url":"https:\/\/xactskateshop.com\/fr\/produit\/nettoyeur-electronique-de-roulements\/","name":"Nettoyeur \u00e9lectronique de roulements Nettoyeur \u00e9lectronique de roulements - Xact Skate Shop.","isPartOf":{"@id":"http:\/\/xactskateshop.com\/fr\/#website"},"primaryImageOfPage":{"@id":"https:\/\/xactskateshop.com\/fr\/produit\/nettoyeur-electronique-de-roulements\/#primaryimage"},"image":{"@id":"https:\/\/xactskateshop.com\/fr\/produit\/nettoyeur-electronique-de-roulements\/#primaryimage"},"thumbnailUrl":"https:\/\/xactskateshop.com\/wp-content\/uploads\/2021\/03\/Bearing-Cleaner-1.jpg","datePublished":"2021-03-01T22:07:48+00:00","description":"Nettoyeur \u00e9lectronique de roulements. Le nettoyeur de roulements en ligne \u00e9lectronique de Bont fait tourner le roulement et nettoie toutes les salet\u00e9s. Obtenez le v\u00f4tre ici !","breadcrumb":{"@id":"https:\/\/xactskateshop.com\/fr\/produit\/nettoyeur-electronique-de-roulements\/#breadcrumb"},"inLanguage":"fr-FR","potentialAction":[{"@type":"ReadAction","target":["https:\/\/xactskateshop.com\/fr\/produit\/nettoyeur-electronique-de-roulements\/"]}]},{"@type":"ImageObject","inLanguage":"fr-FR","@id":"https:\/\/xactskateshop.com\/fr\/produit\/nettoyeur-electronique-de-roulements\/#primaryimage","url":"https:\/\/xactskateshop.com\/wp-content\/uploads\/2021\/03\/Bearing-Cleaner-1.jpg","contentUrl":"https:\/\/xactskateshop.com\/wp-content\/uploads\/2021\/03\/Bearing-Cleaner-1.jpg","width":1000,"height":1000,"caption":"Nettoyeur de roulements \u00e9lectroniques"},{"@type":"BreadcrumbList","@id":"https:\/\/xactskateshop.com\/fr\/produit\/nettoyeur-electronique-de-roulements\/#breadcrumb","itemListElement":[{"@type":"ListItem","position":1,"name":"Home","item":"https:\/\/xactskateshop.com\/fr\/accueil\/"},{"@type":"ListItem","position":2,"name":"Boutique","item":"https:\/\/xactskateshop.com\/shop\/"},{"@type":"ListItem","position":3,"name":"Nettoyeur \u00e9lectronique de roulements"}]},{"@type":"WebSite","@id":"http:\/\/xactskateshop.com\/fr\/#website","url":"http:\/\/xactskateshop.com\/fr\/","name":"Xact Skate Shop","description":"Un site utilisant WordPress","publisher":{"@id":"http:\/\/xactskateshop.com\/fr\/#organization"},"potentialAction":[{"@type":"SearchAction","target":{"@type":"EntryPoint","urlTemplate":"http:\/\/xactskateshop.com\/fr\/?s={search_term_string}"},"query-input":{"@type":"PropertyValueSpecification","valueRequired":true,"valueName":"search_term_string"}}],"inLanguage":"fr-FR"},{"@type":"Organization","@id":"http:\/\/xactskateshop.com\/fr\/#organization","name":"XACT Skate Shop","url":"http:\/\/xactskateshop.com\/fr\/","logo":{"@type":"ImageObject","inLanguage":"fr-FR","@id":"http:\/\/xactskateshop.com\/fr\/#\/schema\/logo\/image\/","url":"http:\/\/xactskateshop.com\/wp-content\/uploads\/2024\/04\/xactskateshop-dot-com-avec-contour-noir-sans-fond-675x.jpg","contentUrl":"http:\/\/xactskateshop.com\/wp-content\/uploads\/2024\/04\/xactskateshop-dot-com-avec-contour-noir-sans-fond-675x.jpg","width":675,"height":247,"caption":"XACT Skate Shop"},"image":{"@id":"http:\/\/xactskateshop.com\/fr\/#\/schema\/logo\/image\/"},"sameAs":["https:\/\/www.facebook.com\/JeanLouiskateshop"]}]}},"_links":{"self":[{"href":"https:\/\/xactskateshop.com\/fr\/wp-json\/wp\/v2\/product\/59813","targetHints":{"allow":["GET"]}}],"collection":[{"href":"https:\/\/xactskateshop.com\/fr\/wp-json\/wp\/v2\/product"}],"about":[{"href":"https:\/\/xactskateshop.com\/fr\/wp-json\/wp\/v2\/types\/product"}],"replies":[{"embeddable":true,"href":"https:\/\/xactskateshop.com\/fr\/wp-json\/wp\/v2\/comments?post=59813"}],"wp:featuredmedia":[{"embeddable":true,"href":"https:\/\/xactskateshop.com\/fr\/wp-json\/wp\/v2\/media\/28664"}],"wp:attachment":[{"href":"https:\/\/xactskateshop.com\/fr\/wp-json\/wp\/v2\/media?parent=59813"}],"wp:term":[{"taxonomy":"product_brand","embeddable":true,"href":"https:\/\/xactskateshop.com\/fr\/wp-json\/wp\/v2\/product_brand?post=59813"},{"taxonomy":"product_cat","embeddable":true,"href":"https:\/\/xactskateshop.com\/fr\/wp-json\/wp\/v2\/product_cat?post=59813"},{"taxonomy":"product_tag","embeddable":true,"href":"https:\/\/xactskateshop.com\/fr\/wp-json\/wp\/v2\/product_tag?post=59813"}],"curies":[{"name":"wp","href":"https:\/\/api.w.org\/{rel}","templated":true}]}}