{"id":59806,"date":"2021-03-01T16:07:46","date_gmt":"2021-03-01T21:07:46","guid":{"rendered":"http:\/\/xactskateshop.com\/product\/bont-2pf-6061-cadre-3-roues\/"},"modified":"2021-03-01T16:07:46","modified_gmt":"2021-03-01T21:07:46","slug":"bont-2pf-6061-cadre-3-roues","status":"publish","type":"product","link":"https:\/\/xactskateshop.com\/fr\/produit\/bont-2pf-6061-cadre-3-roues\/","title":{"rendered":"BONT 2PF 6061 Cadre 3 roues"},"content":{"rendered":"<p>Cadre Bont 3 roues<\/p>\n<p>Voici un superbe cadre de skate \u00e0 3 roues BONT. Ce cadre de patinage de vitesse en ligne convient \u00e0 des roues en ligne de 110 mm, mais il peut \u00e9galement convenir \u00e0 des roues de 100 mm ou m\u00eame de 90 mm pour cr\u00e9er un superbe patin \u00e0 3 roues. Le cadre de patinage de vitesse en ligne 2PF 6061 vous permet d&#8217;acc\u00e9der \u00e0 la derni\u00e8re technologie de Bont \u00e0 un prix abordable. Le cadre 6061 applique les m\u00eames principes que le cadre 7050 avec la m\u00eame esth\u00e9tique.<\/p>\n<p>Les grandes roues sont g\u00e9n\u00e9ralement plus rapides que les petites, mais elles sont aussi plus difficiles \u00e0 pousser. Si vous achetez ce cadre pour des enfants, n&#8217;oubliez pas que l&#8217;utilisation de roues trop grandes pour le gar\u00e7on ou la fille peut \u00eatre dangereuse. Les roues plus grandes sont \u00e9galement plus difficiles \u00e0 pousser dans les mont\u00e9es, c&#8217;est pourquoi il convient de choisir une taille de roue appropri\u00e9e.<\/p>\n<ul>\n<li><strong>Montage :<\/strong> 2 points 150mm &#8211; 195mm<\/li>\n<li><strong>Longueur et poids :<\/strong> 11.25&#8243;:191g \/ 10.25&#8243;:186g<\/li>\n<li><strong>Hauteur du plateau (de l&#8217;axe central au sommet du cadre) :<\/strong> 11.25&#8243; : Avant 43,5 Arri\u00e8re 54,5 \/ 10,25&#8243; : Avant 43.5 Arri\u00e8re 54.5<\/li>\n<li><strong>Mat\u00e9riau :<\/strong> 6061<\/li>\n<li><strong>Fabriqu\u00e9 \u00e0 :<\/strong> Ta\u00efwan<\/li>\n<li>Note : Le cadre 10.25&#8243; 1103 (150mm-165mm) a des fentes verticales.<\/li>\n<\/ul>\n<p>1 paire de cadres avec axes, entretoises et cl\u00e9s allen. Les essieux fournis avec ce cadre sont des essieux de la s\u00e9rie 7000, ce qui garantit qu&#8217;ils ne s&#8217;effriteront pas en cas d&#8217;utilisation continue.<\/p>\n<p><em>Le kit de montage Bont ne sera fourni gratuitement que lors de l&#8217;achat de bottes\/paquets.<\/em><\/p>\n<p>Vous pouvez \u00e9galement l&#8217;acheter <a href=\"https:\/\/bont.ca\/collections\/inline-skate-frames\/products\/110mm-x-3-wheel-inline-skate-frame\">ici<\/a><\/p>\n","protected":false},"excerpt":{"rendered":"<p>Cadre Bont 3 roues<\/p>\n<p>Voici un superbe cadre de skate \u00e0 3 roues BONT. Ce cadre de patinage de vitesse en ligne convient \u00e0 des roues en ligne de 110 mm, mais il peut \u00e9galement convenir \u00e0 des roues de 100 mm ou m\u00eame de 90 mm pour cr\u00e9er un superbe patin \u00e0 3 roues. Le cadre de patinage de vitesse en ligne 2PF 6061 vous permet d&#8217;acc\u00e9der \u00e0 la derni\u00e8re technologie de Bont \u00e0 un prix abordable. Le cadre 6061 applique les m\u00eames principes que le cadre 7050 avec la m\u00eame esth\u00e9tique.<\/p>\n","protected":false},"featured_media":28616,"comment_status":"closed","ping_status":"closed","template":"","meta":{"site-sidebar-layout":"default","site-content-layout":"default","ast-site-content-layout":"default","site-content-style":"default","site-sidebar-style":"default","ast-global-header-display":"","ast-banner-title-visibility":"","ast-main-header-display":"","ast-hfb-above-header-display":"","ast-hfb-below-header-display":"","ast-hfb-mobile-header-display":"","site-post-title":"","ast-breadcrumbs-content":"","ast-featured-img":"","footer-sml-layout":"","ast-disable-related-posts":"","theme-transparent-header-meta":"default","adv-header-id-meta":"","stick-header-meta":"","header-above-stick-meta":"","header-main-stick-meta":"","header-below-stick-meta":"","astra-migrate-meta-layouts":"default","ast-page-background-enabled":"default","ast-page-background-meta":{"desktop":{"background-color":"","background-image":"","background-repeat":"repeat","background-position":"center center","background-size":"auto","background-attachment":"scroll","background-type":"","background-media":"","overlay-type":"","overlay-color":"","overlay-opacity":"","overlay-gradient":""},"tablet":{"background-color":"","background-image":"","background-repeat":"repeat","background-position":"center center","background-size":"auto","background-attachment":"scroll","background-type":"","background-media":"","overlay-type":"","overlay-color":"","overlay-opacity":"","overlay-gradient":""},"mobile":{"background-color":"","background-image":"","background-repeat":"repeat","background-position":"center center","background-size":"auto","background-attachment":"scroll","background-type":"","background-media":"","overlay-type":"","overlay-color":"","overlay-opacity":"","overlay-gradient":""}},"ast-content-background-meta":{"desktop":{"background-color":"var(--ast-global-color-5)","background-image":"","background-repeat":"repeat","background-position":"center center","background-size":"auto","background-attachment":"scroll","background-type":"","background-media":"","overlay-type":"","overlay-color":"","overlay-opacity":"","overlay-gradient":""},"tablet":{"background-color":"var(--ast-global-color-5)","background-image":"","background-repeat":"repeat","background-position":"center center","background-size":"auto","background-attachment":"scroll","background-type":"","background-media":"","overlay-type":"","overlay-color":"","overlay-opacity":"","overlay-gradient":""},"mobile":{"background-color":"var(--ast-global-color-5)","background-image":"","background-repeat":"repeat","background-position":"center center","background-size":"auto","background-attachment":"scroll","background-type":"","background-media":"","overlay-type":"","overlay-color":"","overlay-opacity":"","overlay-gradient":""}}},"product_brand":[],"product_cat":[1766,1589],"product_tag":[],"class_list":{"0":"post-59806","1":"product","2":"type-product","3":"status-publish","4":"has-post-thumbnail","6":"product_cat-chassis","7":"product_cat-patinage-de-vitesse-a-roues-alignees","8":"desktop-align-center","9":"tablet-align-center","10":"mobile-align-center","11":"ast-product-gallery-layout-horizontal","12":"ast-product-single-variable","13":"ast-product-tabs-layout-horizontal","14":"ast-qv-on-image","16":"first","17":"instock","18":"taxable","19":"shipping-taxable","20":"purchasable","21":"product-type-variable"},"bundled_by":[],"bundle_stock_status":"instock","bundle_stock_quantity":null,"bundle_virtual":false,"bundle_layout":"","bundle_add_to_cart_form_location":"","bundle_editable_in_cart":false,"bundle_sold_individually_context":"","bundle_item_grouping":"","bundle_min_size":"","bundle_max_size":"","bundle_price":[],"bundled_items":[],"bundle_sell_ids":[],"yoast_head":"<!-- This site is optimized with the Yoast SEO plugin v27.4 - https:\/\/yoast.com\/product\/yoast-seo-wordpress\/ -->\n<title>Bont 3 wheels frame - Xact Skate Shop<\/title>\n<meta name=\"description\" content=\"Ce cadre 3 roues Bont convient \u00e0 des roues en ligne de 110 mm, mais il peut \u00e9galement convenir \u00e0 des roues de 100 mm ou m\u00eame de 90 mm pour cr\u00e9er un superbe skate \u00e0 3 roues.\" \/>\n<meta name=\"robots\" content=\"index, follow, max-snippet:-1, max-image-preview:large, max-video-preview:-1\" \/>\n<link rel=\"canonical\" href=\"https:\/\/xactskateshop.com\/fr\/produit\/bont-2pf-6061-cadre-3-roues\/\" \/>\n<meta property=\"og:locale\" content=\"fr_FR\" \/>\n<meta property=\"og:type\" content=\"article\" \/>\n<meta property=\"og:title\" content=\"Bont 3 wheels frame - Xact Skate Shop\" \/>\n<meta property=\"og:description\" content=\"Ce cadre 3 roues Bont convient \u00e0 des roues en ligne de 110 mm, mais il peut \u00e9galement convenir \u00e0 des roues de 100 mm ou m\u00eame de 90 mm pour cr\u00e9er un superbe skate \u00e0 3 roues.\" \/>\n<meta property=\"og:url\" content=\"https:\/\/xactskateshop.com\/fr\/produit\/bont-2pf-6061-cadre-3-roues\/\" \/>\n<meta property=\"og:site_name\" content=\"Xact Skate Shop\" \/>\n<meta property=\"article:publisher\" content=\"https:\/\/www.facebook.com\/JeanLouiskateshop\" \/>\n<meta property=\"og:image\" content=\"https:\/\/xactskateshop.com\/wp-content\/uploads\/2021\/03\/2PF-6061-11.2_Front.jpg\" \/>\n\t<meta property=\"og:image:width\" content=\"1000\" \/>\n\t<meta property=\"og:image:height\" content=\"1000\" \/>\n\t<meta property=\"og:image:type\" content=\"image\/jpeg\" \/>\n<meta name=\"twitter:card\" content=\"summary_large_image\" \/>\n<meta name=\"twitter:label1\" content=\"Dur\u00e9e de lecture estim\u00e9e\" \/>\n\t<meta name=\"twitter:data1\" content=\"1 minute\" \/>\n<script type=\"application\/ld+json\" class=\"yoast-schema-graph\">{\"@context\":\"https:\\\/\\\/schema.org\",\"@graph\":[{\"@type\":\"WebPage\",\"@id\":\"https:\\\/\\\/xactskateshop.com\\\/fr\\\/produit\\\/bont-2pf-6061-cadre-3-roues\\\/\",\"url\":\"https:\\\/\\\/xactskateshop.com\\\/fr\\\/produit\\\/bont-2pf-6061-cadre-3-roues\\\/\",\"name\":\"Bont 3 wheels frame - Xact Skate Shop\",\"isPartOf\":{\"@id\":\"http:\\\/\\\/xactskateshop.com\\\/fr\\\/#website\"},\"primaryImageOfPage\":{\"@id\":\"https:\\\/\\\/xactskateshop.com\\\/fr\\\/produit\\\/bont-2pf-6061-cadre-3-roues\\\/#primaryimage\"},\"image\":{\"@id\":\"https:\\\/\\\/xactskateshop.com\\\/fr\\\/produit\\\/bont-2pf-6061-cadre-3-roues\\\/#primaryimage\"},\"thumbnailUrl\":\"https:\\\/\\\/xactskateshop.com\\\/wp-content\\\/uploads\\\/2021\\\/03\\\/2PF-6061-11.2_Front.jpg\",\"datePublished\":\"2021-03-01T21:07:46+00:00\",\"description\":\"Ce cadre 3 roues Bont convient \u00e0 des roues en ligne de 110 mm, mais il peut \u00e9galement convenir \u00e0 des roues de 100 mm ou m\u00eame de 90 mm pour cr\u00e9er un superbe skate \u00e0 3 roues.\",\"breadcrumb\":{\"@id\":\"https:\\\/\\\/xactskateshop.com\\\/fr\\\/produit\\\/bont-2pf-6061-cadre-3-roues\\\/#breadcrumb\"},\"inLanguage\":\"fr-FR\",\"potentialAction\":[{\"@type\":\"ReadAction\",\"target\":[\"https:\\\/\\\/xactskateshop.com\\\/fr\\\/produit\\\/bont-2pf-6061-cadre-3-roues\\\/\"]}]},{\"@type\":\"ImageObject\",\"inLanguage\":\"fr-FR\",\"@id\":\"https:\\\/\\\/xactskateshop.com\\\/fr\\\/produit\\\/bont-2pf-6061-cadre-3-roues\\\/#primaryimage\",\"url\":\"https:\\\/\\\/xactskateshop.com\\\/wp-content\\\/uploads\\\/2021\\\/03\\\/2PF-6061-11.2_Front.jpg\",\"contentUrl\":\"https:\\\/\\\/xactskateshop.com\\\/wp-content\\\/uploads\\\/2021\\\/03\\\/2PF-6061-11.2_Front.jpg\",\"width\":1000,\"height\":1000,\"caption\":\"Cadre Bont 3 roues\"},{\"@type\":\"BreadcrumbList\",\"@id\":\"https:\\\/\\\/xactskateshop.com\\\/fr\\\/produit\\\/bont-2pf-6061-cadre-3-roues\\\/#breadcrumb\",\"itemListElement\":[{\"@type\":\"ListItem\",\"position\":1,\"name\":\"Home\",\"item\":\"https:\\\/\\\/xactskateshop.com\\\/fr\\\/accueil\\\/\"},{\"@type\":\"ListItem\",\"position\":2,\"name\":\"Boutique\",\"item\":\"https:\\\/\\\/xactskateshop.com\\\/shop\\\/\"},{\"@type\":\"ListItem\",\"position\":3,\"name\":\"BONT 2PF 6061 Cadre 3 roues\"}]},{\"@type\":\"WebSite\",\"@id\":\"http:\\\/\\\/xactskateshop.com\\\/fr\\\/#website\",\"url\":\"http:\\\/\\\/xactskateshop.com\\\/fr\\\/\",\"name\":\"Xact Skate Shop\",\"description\":\"Un site utilisant WordPress\",\"publisher\":{\"@id\":\"http:\\\/\\\/xactskateshop.com\\\/fr\\\/#organization\"},\"potentialAction\":[{\"@type\":\"SearchAction\",\"target\":{\"@type\":\"EntryPoint\",\"urlTemplate\":\"http:\\\/\\\/xactskateshop.com\\\/fr\\\/?s={search_term_string}\"},\"query-input\":{\"@type\":\"PropertyValueSpecification\",\"valueRequired\":true,\"valueName\":\"search_term_string\"}}],\"inLanguage\":\"fr-FR\"},{\"@type\":\"Organization\",\"@id\":\"http:\\\/\\\/xactskateshop.com\\\/fr\\\/#organization\",\"name\":\"XACT Skate Shop\",\"url\":\"http:\\\/\\\/xactskateshop.com\\\/fr\\\/\",\"logo\":{\"@type\":\"ImageObject\",\"inLanguage\":\"fr-FR\",\"@id\":\"http:\\\/\\\/xactskateshop.com\\\/fr\\\/#\\\/schema\\\/logo\\\/image\\\/\",\"url\":\"http:\\\/\\\/xactskateshop.com\\\/wp-content\\\/uploads\\\/2024\\\/04\\\/xactskateshop-dot-com-avec-contour-noir-sans-fond-675x.jpg\",\"contentUrl\":\"http:\\\/\\\/xactskateshop.com\\\/wp-content\\\/uploads\\\/2024\\\/04\\\/xactskateshop-dot-com-avec-contour-noir-sans-fond-675x.jpg\",\"width\":675,\"height\":247,\"caption\":\"XACT Skate Shop\"},\"image\":{\"@id\":\"http:\\\/\\\/xactskateshop.com\\\/fr\\\/#\\\/schema\\\/logo\\\/image\\\/\"},\"sameAs\":[\"https:\\\/\\\/www.facebook.com\\\/JeanLouiskateshop\"]}]}<\/script>\n<!-- \/ Yoast SEO plugin. -->","yoast_head_json":{"title":"Bont 3 wheels frame - Xact Skate Shop","description":"Ce cadre 3 roues Bont convient \u00e0 des roues en ligne de 110 mm, mais il peut \u00e9galement convenir \u00e0 des roues de 100 mm ou m\u00eame de 90 mm pour cr\u00e9er un superbe skate \u00e0 3 roues.","robots":{"index":"index","follow":"follow","max-snippet":"max-snippet:-1","max-image-preview":"max-image-preview:large","max-video-preview":"max-video-preview:-1"},"canonical":"https:\/\/xactskateshop.com\/fr\/produit\/bont-2pf-6061-cadre-3-roues\/","og_locale":"fr_FR","og_type":"article","og_title":"Bont 3 wheels frame - Xact Skate Shop","og_description":"Ce cadre 3 roues Bont convient \u00e0 des roues en ligne de 110 mm, mais il peut \u00e9galement convenir \u00e0 des roues de 100 mm ou m\u00eame de 90 mm pour cr\u00e9er un superbe skate \u00e0 3 roues.","og_url":"https:\/\/xactskateshop.com\/fr\/produit\/bont-2pf-6061-cadre-3-roues\/","og_site_name":"Xact Skate Shop","article_publisher":"https:\/\/www.facebook.com\/JeanLouiskateshop","og_image":[{"width":1000,"height":1000,"url":"https:\/\/xactskateshop.com\/wp-content\/uploads\/2021\/03\/2PF-6061-11.2_Front.jpg","type":"image\/jpeg"}],"twitter_card":"summary_large_image","twitter_misc":{"Dur\u00e9e de lecture estim\u00e9e":"1 minute"},"schema":{"@context":"https:\/\/schema.org","@graph":[{"@type":"WebPage","@id":"https:\/\/xactskateshop.com\/fr\/produit\/bont-2pf-6061-cadre-3-roues\/","url":"https:\/\/xactskateshop.com\/fr\/produit\/bont-2pf-6061-cadre-3-roues\/","name":"Bont 3 wheels frame - Xact Skate Shop","isPartOf":{"@id":"http:\/\/xactskateshop.com\/fr\/#website"},"primaryImageOfPage":{"@id":"https:\/\/xactskateshop.com\/fr\/produit\/bont-2pf-6061-cadre-3-roues\/#primaryimage"},"image":{"@id":"https:\/\/xactskateshop.com\/fr\/produit\/bont-2pf-6061-cadre-3-roues\/#primaryimage"},"thumbnailUrl":"https:\/\/xactskateshop.com\/wp-content\/uploads\/2021\/03\/2PF-6061-11.2_Front.jpg","datePublished":"2021-03-01T21:07:46+00:00","description":"Ce cadre 3 roues Bont convient \u00e0 des roues en ligne de 110 mm, mais il peut \u00e9galement convenir \u00e0 des roues de 100 mm ou m\u00eame de 90 mm pour cr\u00e9er un superbe skate \u00e0 3 roues.","breadcrumb":{"@id":"https:\/\/xactskateshop.com\/fr\/produit\/bont-2pf-6061-cadre-3-roues\/#breadcrumb"},"inLanguage":"fr-FR","potentialAction":[{"@type":"ReadAction","target":["https:\/\/xactskateshop.com\/fr\/produit\/bont-2pf-6061-cadre-3-roues\/"]}]},{"@type":"ImageObject","inLanguage":"fr-FR","@id":"https:\/\/xactskateshop.com\/fr\/produit\/bont-2pf-6061-cadre-3-roues\/#primaryimage","url":"https:\/\/xactskateshop.com\/wp-content\/uploads\/2021\/03\/2PF-6061-11.2_Front.jpg","contentUrl":"https:\/\/xactskateshop.com\/wp-content\/uploads\/2021\/03\/2PF-6061-11.2_Front.jpg","width":1000,"height":1000,"caption":"Cadre Bont 3 roues"},{"@type":"BreadcrumbList","@id":"https:\/\/xactskateshop.com\/fr\/produit\/bont-2pf-6061-cadre-3-roues\/#breadcrumb","itemListElement":[{"@type":"ListItem","position":1,"name":"Home","item":"https:\/\/xactskateshop.com\/fr\/accueil\/"},{"@type":"ListItem","position":2,"name":"Boutique","item":"https:\/\/xactskateshop.com\/shop\/"},{"@type":"ListItem","position":3,"name":"BONT 2PF 6061 Cadre 3 roues"}]},{"@type":"WebSite","@id":"http:\/\/xactskateshop.com\/fr\/#website","url":"http:\/\/xactskateshop.com\/fr\/","name":"Xact Skate Shop","description":"Un site utilisant WordPress","publisher":{"@id":"http:\/\/xactskateshop.com\/fr\/#organization"},"potentialAction":[{"@type":"SearchAction","target":{"@type":"EntryPoint","urlTemplate":"http:\/\/xactskateshop.com\/fr\/?s={search_term_string}"},"query-input":{"@type":"PropertyValueSpecification","valueRequired":true,"valueName":"search_term_string"}}],"inLanguage":"fr-FR"},{"@type":"Organization","@id":"http:\/\/xactskateshop.com\/fr\/#organization","name":"XACT Skate Shop","url":"http:\/\/xactskateshop.com\/fr\/","logo":{"@type":"ImageObject","inLanguage":"fr-FR","@id":"http:\/\/xactskateshop.com\/fr\/#\/schema\/logo\/image\/","url":"http:\/\/xactskateshop.com\/wp-content\/uploads\/2024\/04\/xactskateshop-dot-com-avec-contour-noir-sans-fond-675x.jpg","contentUrl":"http:\/\/xactskateshop.com\/wp-content\/uploads\/2024\/04\/xactskateshop-dot-com-avec-contour-noir-sans-fond-675x.jpg","width":675,"height":247,"caption":"XACT Skate Shop"},"image":{"@id":"http:\/\/xactskateshop.com\/fr\/#\/schema\/logo\/image\/"},"sameAs":["https:\/\/www.facebook.com\/JeanLouiskateshop"]}]}},"_links":{"self":[{"href":"https:\/\/xactskateshop.com\/fr\/wp-json\/wp\/v2\/product\/59806","targetHints":{"allow":["GET"]}}],"collection":[{"href":"https:\/\/xactskateshop.com\/fr\/wp-json\/wp\/v2\/product"}],"about":[{"href":"https:\/\/xactskateshop.com\/fr\/wp-json\/wp\/v2\/types\/product"}],"replies":[{"embeddable":true,"href":"https:\/\/xactskateshop.com\/fr\/wp-json\/wp\/v2\/comments?post=59806"}],"wp:featuredmedia":[{"embeddable":true,"href":"https:\/\/xactskateshop.com\/fr\/wp-json\/wp\/v2\/media\/28616"}],"wp:attachment":[{"href":"https:\/\/xactskateshop.com\/fr\/wp-json\/wp\/v2\/media?parent=59806"}],"wp:term":[{"taxonomy":"product_brand","embeddable":true,"href":"https:\/\/xactskateshop.com\/fr\/wp-json\/wp\/v2\/product_brand?post=59806"},{"taxonomy":"product_cat","embeddable":true,"href":"https:\/\/xactskateshop.com\/fr\/wp-json\/wp\/v2\/product_cat?post=59806"},{"taxonomy":"product_tag","embeddable":true,"href":"https:\/\/xactskateshop.com\/fr\/wp-json\/wp\/v2\/product_tag?post=59806"}],"curies":[{"name":"wp","href":"https:\/\/api.w.org\/{rel}","templated":true}]}}