{"id":59805,"date":"2021-03-01T16:56:35","date_gmt":"2021-03-01T21:56:35","guid":{"rendered":"http:\/\/xactskateshop.com\/product\/bont-125mm-inline-skate-bearing-press\/"},"modified":"2021-03-01T16:56:35","modified_gmt":"2021-03-01T21:56:35","slug":"bont-125mm-inline-skate-bearing-press","status":"publish","type":"product","link":"https:\/\/xactskateshop.com\/fr\/produit\/bont-125mm-inline-skate-bearing-press\/","title":{"rendered":"BONT 125mm Inline Skate Bearing press"},"content":{"rendered":"<p><iframe title=\"Inline and Scooter bearing press 100mm 125mm\" width=\"500\" height=\"281\" src=\"https:\/\/www.youtube.com\/embed\/p78vZmWWKVA?feature=oembed\" frameborder=\"0\" allow=\"accelerometer; autoplay; clipboard-write; encrypted-media; gyroscope; picture-in-picture; web-share\" referrerpolicy=\"strict-origin-when-cross-origin\" allowfullscreen><\/iframe><\/p>\n<p>BONT Presse \u00e0 paliers en ligne<\/p>\n<p>La presse \u00e0 roulements de 125 mm est recommand\u00e9e pour tous les patineurs qui changent fr\u00e9quemment de roulements. Une extr\u00e9mit\u00e9 sert \u00e0 presser les roulements dans vos roues de skate, tandis que l&#8217;autre extr\u00e9mit\u00e9 permet de retirer facilement les roulements. Cette presse \u00e0 roulements en ligne peut \u00e9galement \u00eatre utilis\u00e9e pour les roues de scooters et de patins \u00e0 roulettes.<\/p>\n<p>Il n&#8217;est pas facile de monter et d\u00e9monter des roulements sur des roues qui utilisent des moyeux en aluminium. C&#8217;est pourquoi Bont a d\u00e9velopp\u00e9 une presse \u00e0 roulements plus grande, con\u00e7ue pour des roues de roller de 100 mm, 110 mm et 125 mm. Cette presse \u00e0 roulements pour skate permet d&#8217;ins\u00e9rer et de retirer facilement les roulements 608 et 688 de la roue de votre skate ou de votre trottinette.<\/p>\n<p><strong>Utilisation :<\/strong> roues en ligne, scooter ou quad. Diam\u00e8tre maximal 125 mm, largeur maximale 46 mm<br \/>\n<strong>Mat\u00e9riau :<\/strong> Aluminium 6061 et acier<br \/>\n<strong>Taille des roulements :<\/strong> roulements de 8 mm<\/p>\n<p>Cette presse \u00e0 roulements peut \u00eatre utilis\u00e9e avec toutes les marques de roues de patins \u00e0 roues align\u00e9es. Gagnez du temps et de l&#8217;\u00e9nergie en utilisant cette presse \u00e0 roulements de roues de 125 mm pour patins \u00e0 roues align\u00e9es.<\/p>\n<p>Trouvez d&#8217;autres mod\u00e8les <a href=\"http:\/\/xactskateshop.com\/product-category\/inline-speed-skating\/bearings\/\">ici<\/a><\/p>\n<p>Vous pouvez \u00e9galement les acheter <a href=\"https:\/\/bont.ca\/collections\/inline-skate-bearings\">ici<\/a><\/p>\n","protected":false},"excerpt":{"rendered":"<p>BONT Presse \u00e0 paliers en ligne<\/p>\n<p>La presse \u00e0 roulements de 125 mm est recommand\u00e9e pour tous les patineurs qui changent fr\u00e9quemment de roulements. Une extr\u00e9mit\u00e9 sert \u00e0 presser les roulements dans vos roues de skate, tandis que l&#8217;autre extr\u00e9mit\u00e9 permet de retirer facilement les roulements. Cette presse \u00e0 roulements en ligne peut \u00e9galement \u00eatre utilis\u00e9e pour les roues de scooters et de patins \u00e0 roulettes.<\/p>\n","protected":false},"featured_media":28660,"comment_status":"closed","ping_status":"closed","template":"","meta":{"site-sidebar-layout":"default","site-content-layout":"default","ast-site-content-layout":"default","site-content-style":"default","site-sidebar-style":"default","ast-global-header-display":"","ast-banner-title-visibility":"","ast-main-header-display":"","ast-hfb-above-header-display":"","ast-hfb-below-header-display":"","ast-hfb-mobile-header-display":"","site-post-title":"","ast-breadcrumbs-content":"","ast-featured-img":"","footer-sml-layout":"","theme-transparent-header-meta":"default","adv-header-id-meta":"","stick-header-meta":"","header-above-stick-meta":"","header-main-stick-meta":"","header-below-stick-meta":"","astra-migrate-meta-layouts":"default","ast-page-background-enabled":"default","ast-page-background-meta":{"desktop":{"background-color":"","background-image":"","background-repeat":"repeat","background-position":"center center","background-size":"auto","background-attachment":"scroll","background-type":"","background-media":"","overlay-type":"","overlay-color":"","overlay-opacity":"","overlay-gradient":""},"tablet":{"background-color":"","background-image":"","background-repeat":"repeat","background-position":"center center","background-size":"auto","background-attachment":"scroll","background-type":"","background-media":"","overlay-type":"","overlay-color":"","overlay-opacity":"","overlay-gradient":""},"mobile":{"background-color":"","background-image":"","background-repeat":"repeat","background-position":"center center","background-size":"auto","background-attachment":"scroll","background-type":"","background-media":"","overlay-type":"","overlay-color":"","overlay-opacity":"","overlay-gradient":""}},"ast-content-background-meta":{"desktop":{"background-color":"var(--ast-global-color-5)","background-image":"","background-repeat":"repeat","background-position":"center center","background-size":"auto","background-attachment":"scroll","background-type":"","background-media":"","overlay-type":"","overlay-color":"","overlay-opacity":"","overlay-gradient":""},"tablet":{"background-color":"var(--ast-global-color-5)","background-image":"","background-repeat":"repeat","background-position":"center center","background-size":"auto","background-attachment":"scroll","background-type":"","background-media":"","overlay-type":"","overlay-color":"","overlay-opacity":"","overlay-gradient":""},"mobile":{"background-color":"var(--ast-global-color-5)","background-image":"","background-repeat":"repeat","background-position":"center center","background-size":"auto","background-attachment":"scroll","background-type":"","background-media":"","overlay-type":"","overlay-color":"","overlay-opacity":"","overlay-gradient":""}}},"product_brand":[],"product_cat":[1589,1736],"product_tag":[],"class_list":{"0":"post-59805","1":"product","2":"type-product","3":"status-publish","4":"has-post-thumbnail","6":"product_cat-patinage-de-vitesse-a-roues-alignees","7":"product_cat-roulements-et-outils-dentretien-2","8":"desktop-align-center","9":"tablet-align-center","10":"mobile-align-center","11":"ast-product-gallery-layout-horizontal","12":"ast-product-tabs-layout-horizontal","13":"ast-qv-on-image","15":"first","16":"instock","17":"taxable","18":"shipping-taxable","19":"purchasable","20":"product-type-simple"},"bundled_by":[],"bundle_stock_status":"instock","bundle_stock_quantity":40,"bundle_virtual":false,"bundle_layout":"","bundle_add_to_cart_form_location":"","bundle_editable_in_cart":false,"bundle_sold_individually_context":"","bundle_item_grouping":"","bundle_min_size":"","bundle_max_size":"","bundle_price":[],"bundled_items":[],"bundle_sell_ids":[],"yoast_head":"<!-- This site is optimized with the Yoast SEO plugin v27.4 - https:\/\/yoast.com\/product\/yoast-seo-wordpress\/ -->\n<title>BONT 125mm Inline Skate Bearing press - Xact Skate Shop<\/title>\n<meta name=\"description\" content=\"BONT Presse \u00e0 palier en ligne. La presse \u00e0 roulements de 125 mm est recommand\u00e9e pour tous les patineurs qui changent fr\u00e9quemment de roulements.\" \/>\n<meta name=\"robots\" content=\"index, follow, max-snippet:-1, max-image-preview:large, max-video-preview:-1\" \/>\n<link rel=\"canonical\" href=\"https:\/\/xactskateshop.com\/fr\/produit\/bont-125mm-inline-skate-bearing-press\/\" \/>\n<meta property=\"og:locale\" content=\"fr_FR\" \/>\n<meta property=\"og:type\" content=\"article\" \/>\n<meta property=\"og:title\" content=\"BONT 125mm Inline Skate Bearing press - Xact Skate Shop\" \/>\n<meta property=\"og:description\" content=\"BONT Presse \u00e0 palier en ligne. La presse \u00e0 roulements de 125 mm est recommand\u00e9e pour tous les patineurs qui changent fr\u00e9quemment de roulements.\" \/>\n<meta property=\"og:url\" content=\"https:\/\/xactskateshop.com\/fr\/produit\/bont-125mm-inline-skate-bearing-press\/\" \/>\n<meta property=\"og:site_name\" content=\"Xact Skate Shop\" \/>\n<meta property=\"article:publisher\" content=\"https:\/\/www.facebook.com\/JeanLouiskateshop\" \/>\n<meta property=\"og:image\" content=\"https:\/\/xactskateshop.com\/wp-content\/uploads\/2021\/03\/Bearing-press-gold-inline2.jpg\" \/>\n\t<meta property=\"og:image:width\" content=\"1000\" \/>\n\t<meta property=\"og:image:height\" content=\"1000\" \/>\n\t<meta property=\"og:image:type\" content=\"image\/jpeg\" \/>\n<meta name=\"twitter:card\" content=\"summary_large_image\" \/>\n<meta name=\"twitter:label1\" content=\"Dur\u00e9e de lecture estim\u00e9e\" \/>\n\t<meta name=\"twitter:data1\" content=\"1 minute\" \/>\n<script type=\"application\/ld+json\" class=\"yoast-schema-graph\">{\"@context\":\"https:\\\/\\\/schema.org\",\"@graph\":[{\"@type\":\"WebPage\",\"@id\":\"https:\\\/\\\/xactskateshop.com\\\/fr\\\/produit\\\/bont-125mm-inline-skate-bearing-press\\\/\",\"url\":\"https:\\\/\\\/xactskateshop.com\\\/fr\\\/produit\\\/bont-125mm-inline-skate-bearing-press\\\/\",\"name\":\"BONT 125mm Inline Skate Bearing press - Xact Skate Shop\",\"isPartOf\":{\"@id\":\"http:\\\/\\\/xactskateshop.com\\\/fr\\\/#website\"},\"primaryImageOfPage\":{\"@id\":\"https:\\\/\\\/xactskateshop.com\\\/fr\\\/produit\\\/bont-125mm-inline-skate-bearing-press\\\/#primaryimage\"},\"image\":{\"@id\":\"https:\\\/\\\/xactskateshop.com\\\/fr\\\/produit\\\/bont-125mm-inline-skate-bearing-press\\\/#primaryimage\"},\"thumbnailUrl\":\"https:\\\/\\\/xactskateshop.com\\\/wp-content\\\/uploads\\\/2021\\\/03\\\/Bearing-press-gold-inline2.jpg\",\"datePublished\":\"2021-03-01T21:56:35+00:00\",\"description\":\"BONT Presse \u00e0 palier en ligne. La presse \u00e0 roulements de 125 mm est recommand\u00e9e pour tous les patineurs qui changent fr\u00e9quemment de roulements.\",\"breadcrumb\":{\"@id\":\"https:\\\/\\\/xactskateshop.com\\\/fr\\\/produit\\\/bont-125mm-inline-skate-bearing-press\\\/#breadcrumb\"},\"inLanguage\":\"fr-FR\",\"potentialAction\":[{\"@type\":\"ReadAction\",\"target\":[\"https:\\\/\\\/xactskateshop.com\\\/fr\\\/produit\\\/bont-125mm-inline-skate-bearing-press\\\/\"]}]},{\"@type\":\"ImageObject\",\"inLanguage\":\"fr-FR\",\"@id\":\"https:\\\/\\\/xactskateshop.com\\\/fr\\\/produit\\\/bont-125mm-inline-skate-bearing-press\\\/#primaryimage\",\"url\":\"https:\\\/\\\/xactskateshop.com\\\/wp-content\\\/uploads\\\/2021\\\/03\\\/Bearing-press-gold-inline2.jpg\",\"contentUrl\":\"https:\\\/\\\/xactskateshop.com\\\/wp-content\\\/uploads\\\/2021\\\/03\\\/Bearing-press-gold-inline2.jpg\",\"width\":1000,\"height\":1000,\"caption\":\"BONT Presse \u00e0 paliers en ligne\"},{\"@type\":\"BreadcrumbList\",\"@id\":\"https:\\\/\\\/xactskateshop.com\\\/fr\\\/produit\\\/bont-125mm-inline-skate-bearing-press\\\/#breadcrumb\",\"itemListElement\":[{\"@type\":\"ListItem\",\"position\":1,\"name\":\"Home\",\"item\":\"https:\\\/\\\/xactskateshop.com\\\/fr\\\/accueil\\\/\"},{\"@type\":\"ListItem\",\"position\":2,\"name\":\"Boutique\",\"item\":\"https:\\\/\\\/xactskateshop.com\\\/shop\\\/\"},{\"@type\":\"ListItem\",\"position\":3,\"name\":\"BONT 125mm Inline Skate Bearing press\"}]},{\"@type\":\"WebSite\",\"@id\":\"http:\\\/\\\/xactskateshop.com\\\/fr\\\/#website\",\"url\":\"http:\\\/\\\/xactskateshop.com\\\/fr\\\/\",\"name\":\"Xact Skate Shop\",\"description\":\"Un site utilisant WordPress\",\"publisher\":{\"@id\":\"http:\\\/\\\/xactskateshop.com\\\/fr\\\/#organization\"},\"potentialAction\":[{\"@type\":\"SearchAction\",\"target\":{\"@type\":\"EntryPoint\",\"urlTemplate\":\"http:\\\/\\\/xactskateshop.com\\\/fr\\\/?s={search_term_string}\"},\"query-input\":{\"@type\":\"PropertyValueSpecification\",\"valueRequired\":true,\"valueName\":\"search_term_string\"}}],\"inLanguage\":\"fr-FR\"},{\"@type\":\"Organization\",\"@id\":\"http:\\\/\\\/xactskateshop.com\\\/fr\\\/#organization\",\"name\":\"XACT Skate Shop\",\"url\":\"http:\\\/\\\/xactskateshop.com\\\/fr\\\/\",\"logo\":{\"@type\":\"ImageObject\",\"inLanguage\":\"fr-FR\",\"@id\":\"http:\\\/\\\/xactskateshop.com\\\/fr\\\/#\\\/schema\\\/logo\\\/image\\\/\",\"url\":\"http:\\\/\\\/xactskateshop.com\\\/wp-content\\\/uploads\\\/2024\\\/04\\\/xactskateshop-dot-com-avec-contour-noir-sans-fond-675x.jpg\",\"contentUrl\":\"http:\\\/\\\/xactskateshop.com\\\/wp-content\\\/uploads\\\/2024\\\/04\\\/xactskateshop-dot-com-avec-contour-noir-sans-fond-675x.jpg\",\"width\":675,\"height\":247,\"caption\":\"XACT Skate Shop\"},\"image\":{\"@id\":\"http:\\\/\\\/xactskateshop.com\\\/fr\\\/#\\\/schema\\\/logo\\\/image\\\/\"},\"sameAs\":[\"https:\\\/\\\/www.facebook.com\\\/JeanLouiskateshop\"]}]}<\/script>\n<!-- \/ Yoast SEO plugin. -->","yoast_head_json":{"title":"BONT 125mm Inline Skate Bearing press - Xact Skate Shop","description":"BONT Presse \u00e0 palier en ligne. La presse \u00e0 roulements de 125 mm est recommand\u00e9e pour tous les patineurs qui changent fr\u00e9quemment de roulements.","robots":{"index":"index","follow":"follow","max-snippet":"max-snippet:-1","max-image-preview":"max-image-preview:large","max-video-preview":"max-video-preview:-1"},"canonical":"https:\/\/xactskateshop.com\/fr\/produit\/bont-125mm-inline-skate-bearing-press\/","og_locale":"fr_FR","og_type":"article","og_title":"BONT 125mm Inline Skate Bearing press - Xact Skate Shop","og_description":"BONT Presse \u00e0 palier en ligne. La presse \u00e0 roulements de 125 mm est recommand\u00e9e pour tous les patineurs qui changent fr\u00e9quemment de roulements.","og_url":"https:\/\/xactskateshop.com\/fr\/produit\/bont-125mm-inline-skate-bearing-press\/","og_site_name":"Xact Skate Shop","article_publisher":"https:\/\/www.facebook.com\/JeanLouiskateshop","og_image":[{"width":1000,"height":1000,"url":"https:\/\/xactskateshop.com\/wp-content\/uploads\/2021\/03\/Bearing-press-gold-inline2.jpg","type":"image\/jpeg"}],"twitter_card":"summary_large_image","twitter_misc":{"Dur\u00e9e de lecture estim\u00e9e":"1 minute"},"schema":{"@context":"https:\/\/schema.org","@graph":[{"@type":"WebPage","@id":"https:\/\/xactskateshop.com\/fr\/produit\/bont-125mm-inline-skate-bearing-press\/","url":"https:\/\/xactskateshop.com\/fr\/produit\/bont-125mm-inline-skate-bearing-press\/","name":"BONT 125mm Inline Skate Bearing press - Xact Skate Shop","isPartOf":{"@id":"http:\/\/xactskateshop.com\/fr\/#website"},"primaryImageOfPage":{"@id":"https:\/\/xactskateshop.com\/fr\/produit\/bont-125mm-inline-skate-bearing-press\/#primaryimage"},"image":{"@id":"https:\/\/xactskateshop.com\/fr\/produit\/bont-125mm-inline-skate-bearing-press\/#primaryimage"},"thumbnailUrl":"https:\/\/xactskateshop.com\/wp-content\/uploads\/2021\/03\/Bearing-press-gold-inline2.jpg","datePublished":"2021-03-01T21:56:35+00:00","description":"BONT Presse \u00e0 palier en ligne. La presse \u00e0 roulements de 125 mm est recommand\u00e9e pour tous les patineurs qui changent fr\u00e9quemment de roulements.","breadcrumb":{"@id":"https:\/\/xactskateshop.com\/fr\/produit\/bont-125mm-inline-skate-bearing-press\/#breadcrumb"},"inLanguage":"fr-FR","potentialAction":[{"@type":"ReadAction","target":["https:\/\/xactskateshop.com\/fr\/produit\/bont-125mm-inline-skate-bearing-press\/"]}]},{"@type":"ImageObject","inLanguage":"fr-FR","@id":"https:\/\/xactskateshop.com\/fr\/produit\/bont-125mm-inline-skate-bearing-press\/#primaryimage","url":"https:\/\/xactskateshop.com\/wp-content\/uploads\/2021\/03\/Bearing-press-gold-inline2.jpg","contentUrl":"https:\/\/xactskateshop.com\/wp-content\/uploads\/2021\/03\/Bearing-press-gold-inline2.jpg","width":1000,"height":1000,"caption":"BONT Presse \u00e0 paliers en ligne"},{"@type":"BreadcrumbList","@id":"https:\/\/xactskateshop.com\/fr\/produit\/bont-125mm-inline-skate-bearing-press\/#breadcrumb","itemListElement":[{"@type":"ListItem","position":1,"name":"Home","item":"https:\/\/xactskateshop.com\/fr\/accueil\/"},{"@type":"ListItem","position":2,"name":"Boutique","item":"https:\/\/xactskateshop.com\/shop\/"},{"@type":"ListItem","position":3,"name":"BONT 125mm Inline Skate Bearing press"}]},{"@type":"WebSite","@id":"http:\/\/xactskateshop.com\/fr\/#website","url":"http:\/\/xactskateshop.com\/fr\/","name":"Xact Skate Shop","description":"Un site utilisant WordPress","publisher":{"@id":"http:\/\/xactskateshop.com\/fr\/#organization"},"potentialAction":[{"@type":"SearchAction","target":{"@type":"EntryPoint","urlTemplate":"http:\/\/xactskateshop.com\/fr\/?s={search_term_string}"},"query-input":{"@type":"PropertyValueSpecification","valueRequired":true,"valueName":"search_term_string"}}],"inLanguage":"fr-FR"},{"@type":"Organization","@id":"http:\/\/xactskateshop.com\/fr\/#organization","name":"XACT Skate Shop","url":"http:\/\/xactskateshop.com\/fr\/","logo":{"@type":"ImageObject","inLanguage":"fr-FR","@id":"http:\/\/xactskateshop.com\/fr\/#\/schema\/logo\/image\/","url":"http:\/\/xactskateshop.com\/wp-content\/uploads\/2024\/04\/xactskateshop-dot-com-avec-contour-noir-sans-fond-675x.jpg","contentUrl":"http:\/\/xactskateshop.com\/wp-content\/uploads\/2024\/04\/xactskateshop-dot-com-avec-contour-noir-sans-fond-675x.jpg","width":675,"height":247,"caption":"XACT Skate Shop"},"image":{"@id":"http:\/\/xactskateshop.com\/fr\/#\/schema\/logo\/image\/"},"sameAs":["https:\/\/www.facebook.com\/JeanLouiskateshop"]}]}},"_links":{"self":[{"href":"https:\/\/xactskateshop.com\/fr\/wp-json\/wp\/v2\/product\/59805","targetHints":{"allow":["GET"]}}],"collection":[{"href":"https:\/\/xactskateshop.com\/fr\/wp-json\/wp\/v2\/product"}],"about":[{"href":"https:\/\/xactskateshop.com\/fr\/wp-json\/wp\/v2\/types\/product"}],"replies":[{"embeddable":true,"href":"https:\/\/xactskateshop.com\/fr\/wp-json\/wp\/v2\/comments?post=59805"}],"wp:featuredmedia":[{"embeddable":true,"href":"https:\/\/xactskateshop.com\/fr\/wp-json\/wp\/v2\/media\/28660"}],"wp:attachment":[{"href":"https:\/\/xactskateshop.com\/fr\/wp-json\/wp\/v2\/media?parent=59805"}],"wp:term":[{"taxonomy":"product_brand","embeddable":true,"href":"https:\/\/xactskateshop.com\/fr\/wp-json\/wp\/v2\/product_brand?post=59805"},{"taxonomy":"product_cat","embeddable":true,"href":"https:\/\/xactskateshop.com\/fr\/wp-json\/wp\/v2\/product_cat?post=59805"},{"taxonomy":"product_tag","embeddable":true,"href":"https:\/\/xactskateshop.com\/fr\/wp-json\/wp\/v2\/product_tag?post=59805"}],"curies":[{"name":"wp","href":"https:\/\/api.w.org\/{rel}","templated":true}]}}