{"id":59795,"date":"2021-03-01T15:42:27","date_gmt":"2021-03-01T20:42:27","guid":{"rendered":"http:\/\/xactskateshop.com\/product\/bont-2pf-6061-cadre-4-roues\/"},"modified":"2021-03-01T15:42:27","modified_gmt":"2021-03-01T20:42:27","slug":"bont-2pf-6061-cadre-4-roues","status":"publish","type":"product","link":"https:\/\/xactskateshop.com\/fr\/produit\/bont-2pf-6061-cadre-4-roues\/","title":{"rendered":"BONT 2PF 6061 Cadre 4 roues"},"content":{"rendered":"<p>Cadre \u00e0 4 roues Bont<\/p>\n<p>Le cadre Bont 2PF 6061 pour le patinage de vitesse en ligne vous permet d&#8217;acc\u00e9der \u00e0 la derni\u00e8re technologie de Bont \u00e0 un prix abordable. Le cadre 6061 applique les m\u00eames principes que le cadre 7050 avec la m\u00eame esth\u00e9tique. Ce cadre utilise de l&#8217;aluminium 6061 de qualit\u00e9 a\u00e9ronautique et les simulations de test de stress par ordinateur les plus avanc\u00e9es au monde pour les cadres de patinage en ligne. La qualit\u00e9 des cadres Bont est in\u00e9gal\u00e9e. Bont n&#8217;a pas eu une seule fissure de cadre en plus de 20 ans.    <\/p>\n<ul>\n<li><strong>Montage :<\/strong> 2 points 150mm &#8211; 195mm<\/li>\n<li><strong>Longueur et poids :<\/strong> 13.2&#8243;:216g \/ 12.6&#8243;:199g \/ 12&#8243;:188g \/ 11.25&#8243;:191g \/ 10.25&#8243;:186g \/ 9.6&#8243;:177g<\/li>\n<li><strong>Hauteur du plateau (de l&#8217;axe central au sommet du cadre) :<\/strong> 13.2&#8243; : Avant 48,5 Arri\u00e8re 59,5 \/ 12,6&#8243; : Avant 46 Arri\u00e8re 57 \/ 12&#8243; : Avant 43.5 Arri\u00e8re 54.5 \/ 11.25&#8243; : Avant 43.5 Arri\u00e8re 54.5 \/ 10.25&#8243; : Avant 43.5 Arri\u00e8re 54.5 \/ 9.6&#8243; : Avant 43.5 Arri\u00e8re 55.5<\/li>\n<li><strong>Mat\u00e9riau :<\/strong> 6061<\/li>\n<li><strong>Fabriqu\u00e9 \u00e0 :<\/strong> Ta\u00efwan<\/li>\n<li>Remarque : les cadres de 9,6&#8243; 804 (150 mm-165 mm) et de 10,25&#8243; 844 (150 mm-165 mm) sont \u00e9quip\u00e9s de supports verticaux.<\/li>\n<\/ul>\n<p>1 paire de cadres \u00e0 4 roues Bont avec axes, entretoises et cl\u00e9 Allen.<\/p>\n<p>Les essieux fournis avec ce cadre sont de la s\u00e9rie 7000. Cela garantit qu&#8217;ils ne s&#8217;effritent pas. Ce cadre est parfait pour les enfants et les patineurs adultes. Il convient \u00e9galement aux gar\u00e7ons et aux filles, aux hommes et aux femmes. Si vous cherchez \u00e0 acheter des cadres de course en ligne \u00e0 vendre, veuillez consid\u00e9rer le cadre de course en ligne Bont 6061.    <\/p>\n<p><em>Le kit de montage Bont ne sera fourni gratuitement que lors de l&#8217;achat de bottes\/paquets.<\/em><\/p>\n<p>Vous pouvez \u00e9galement l&#8217;acheter <a href=\"https:\/\/bont.ca\/collections\/inline-skate-frames\/products\/2pf-6061-inline-skating-frame\">ici<\/a><\/p>\n","protected":false},"excerpt":{"rendered":"<p>Cadre \u00e0 4 roues Bont<\/p>\n<p>Le cadre Bont 2PF 6061 pour le patinage de vitesse en ligne vous permet d&#8217;acc\u00e9der \u00e0 la derni\u00e8re technologie de Bont \u00e0 un prix abordable. Le cadre 6061 applique les m\u00eames principes que le cadre 7050 avec la m\u00eame esth\u00e9tique. Ce cadre utilise de l&#8217;aluminium 6061 de qualit\u00e9 a\u00e9ronautique et les simulations de test de stress par ordinateur les plus avanc\u00e9es au monde pour les cadres de patinage en ligne. La qualit\u00e9 des cadres Bont est in\u00e9gal\u00e9e. Bont n&#8217;a pas eu une seule fissure de cadre en plus de 20 ans.    <\/p>\n","protected":false},"featured_media":52792,"comment_status":"closed","ping_status":"closed","template":"","meta":{"site-sidebar-layout":"default","site-content-layout":"default","ast-site-content-layout":"default","site-content-style":"default","site-sidebar-style":"default","ast-global-header-display":"","ast-banner-title-visibility":"","ast-main-header-display":"","ast-hfb-above-header-display":"","ast-hfb-below-header-display":"","ast-hfb-mobile-header-display":"","site-post-title":"","ast-breadcrumbs-content":"","ast-featured-img":"","footer-sml-layout":"","theme-transparent-header-meta":"default","adv-header-id-meta":"","stick-header-meta":"","header-above-stick-meta":"","header-main-stick-meta":"","header-below-stick-meta":"","astra-migrate-meta-layouts":"default","ast-page-background-enabled":"default","ast-page-background-meta":{"desktop":{"background-color":"","background-image":"","background-repeat":"repeat","background-position":"center center","background-size":"auto","background-attachment":"scroll","background-type":"","background-media":"","overlay-type":"","overlay-color":"","overlay-opacity":"","overlay-gradient":""},"tablet":{"background-color":"","background-image":"","background-repeat":"repeat","background-position":"center center","background-size":"auto","background-attachment":"scroll","background-type":"","background-media":"","overlay-type":"","overlay-color":"","overlay-opacity":"","overlay-gradient":""},"mobile":{"background-color":"","background-image":"","background-repeat":"repeat","background-position":"center center","background-size":"auto","background-attachment":"scroll","background-type":"","background-media":"","overlay-type":"","overlay-color":"","overlay-opacity":"","overlay-gradient":""}},"ast-content-background-meta":{"desktop":{"background-color":"var(--ast-global-color-5)","background-image":"","background-repeat":"repeat","background-position":"center center","background-size":"auto","background-attachment":"scroll","background-type":"","background-media":"","overlay-type":"","overlay-color":"","overlay-opacity":"","overlay-gradient":""},"tablet":{"background-color":"var(--ast-global-color-5)","background-image":"","background-repeat":"repeat","background-position":"center center","background-size":"auto","background-attachment":"scroll","background-type":"","background-media":"","overlay-type":"","overlay-color":"","overlay-opacity":"","overlay-gradient":""},"mobile":{"background-color":"var(--ast-global-color-5)","background-image":"","background-repeat":"repeat","background-position":"center center","background-size":"auto","background-attachment":"scroll","background-type":"","background-media":"","overlay-type":"","overlay-color":"","overlay-opacity":"","overlay-gradient":""}}},"product_brand":[],"product_cat":[1766,1589],"product_tag":[],"class_list":{"0":"post-59795","1":"product","2":"type-product","3":"status-publish","4":"has-post-thumbnail","6":"product_cat-chassis","7":"product_cat-patinage-de-vitesse-a-roues-alignees","8":"desktop-align-center","9":"tablet-align-center","10":"mobile-align-center","11":"ast-product-gallery-layout-horizontal","12":"ast-product-single-variable","13":"ast-product-tabs-layout-horizontal","14":"ast-qv-on-image","16":"first","17":"instock","18":"taxable","19":"shipping-taxable","20":"purchasable","21":"product-type-variable"},"bundled_by":[],"bundle_stock_status":"instock","bundle_stock_quantity":null,"bundle_virtual":false,"bundle_layout":"","bundle_add_to_cart_form_location":"","bundle_editable_in_cart":false,"bundle_sold_individually_context":"","bundle_item_grouping":"","bundle_min_size":"","bundle_max_size":"","bundle_price":[],"bundled_items":[],"bundle_sell_ids":[],"yoast_head":"<!-- This site is optimized with the Yoast SEO plugin v27.4 - https:\/\/yoast.com\/product\/yoast-seo-wordpress\/ -->\n<title>Bont 4 wheels frame - Xact Skate Shop<\/title>\n<meta name=\"description\" content=\"Cadre Bont 4 roues. Le cadre de patinage de vitesse en ligne Bont 2PF 6061 vous permet d&#039;acc\u00e9der \u00e0 la derni\u00e8re technologie de Bont \u00e0 un prix abordable. Obtenez le v\u00f4tre ici !\" \/>\n<meta name=\"robots\" content=\"index, follow, max-snippet:-1, max-image-preview:large, max-video-preview:-1\" \/>\n<link rel=\"canonical\" href=\"https:\/\/xactskateshop.com\/fr\/produit\/bont-2pf-6061-cadre-4-roues\/\" \/>\n<meta property=\"og:locale\" content=\"fr_FR\" \/>\n<meta property=\"og:type\" content=\"article\" \/>\n<meta property=\"og:title\" content=\"Bont 4 wheels frame - Xact Skate Shop\" \/>\n<meta property=\"og:description\" content=\"Cadre Bont 4 roues. Le cadre de patinage de vitesse en ligne Bont 2PF 6061 vous permet d&#039;acc\u00e9der \u00e0 la derni\u00e8re technologie de Bont \u00e0 un prix abordable. Obtenez le v\u00f4tre ici !\" \/>\n<meta property=\"og:url\" content=\"https:\/\/xactskateshop.com\/fr\/produit\/bont-2pf-6061-cadre-4-roues\/\" \/>\n<meta property=\"og:site_name\" content=\"Xact Skate Shop\" \/>\n<meta property=\"article:publisher\" content=\"https:\/\/www.facebook.com\/JeanLouiskateshop\" \/>\n<meta property=\"og:image\" content=\"https:\/\/xactskateshop.com\/wp-content\/uploads\/2021\/03\/2pf6061-3.jpg\" \/>\n\t<meta property=\"og:image:width\" content=\"1000\" \/>\n\t<meta property=\"og:image:height\" content=\"1000\" \/>\n\t<meta property=\"og:image:type\" content=\"image\/jpeg\" \/>\n<meta name=\"twitter:card\" content=\"summary_large_image\" \/>\n<meta name=\"twitter:label1\" content=\"Dur\u00e9e de lecture estim\u00e9e\" \/>\n\t<meta name=\"twitter:data1\" content=\"1 minute\" \/>\n<script type=\"application\/ld+json\" class=\"yoast-schema-graph\">{\"@context\":\"https:\\\/\\\/schema.org\",\"@graph\":[{\"@type\":\"WebPage\",\"@id\":\"https:\\\/\\\/xactskateshop.com\\\/fr\\\/produit\\\/bont-2pf-6061-cadre-4-roues\\\/\",\"url\":\"https:\\\/\\\/xactskateshop.com\\\/fr\\\/produit\\\/bont-2pf-6061-cadre-4-roues\\\/\",\"name\":\"Bont 4 wheels frame - Xact Skate Shop\",\"isPartOf\":{\"@id\":\"http:\\\/\\\/xactskateshop.com\\\/fr\\\/#website\"},\"primaryImageOfPage\":{\"@id\":\"https:\\\/\\\/xactskateshop.com\\\/fr\\\/produit\\\/bont-2pf-6061-cadre-4-roues\\\/#primaryimage\"},\"image\":{\"@id\":\"https:\\\/\\\/xactskateshop.com\\\/fr\\\/produit\\\/bont-2pf-6061-cadre-4-roues\\\/#primaryimage\"},\"thumbnailUrl\":\"https:\\\/\\\/xactskateshop.com\\\/wp-content\\\/uploads\\\/2021\\\/03\\\/2pf6061-3.jpg\",\"datePublished\":\"2021-03-01T20:42:27+00:00\",\"description\":\"Cadre Bont 4 roues. Le cadre de patinage de vitesse en ligne Bont 2PF 6061 vous permet d'acc\u00e9der \u00e0 la derni\u00e8re technologie de Bont \u00e0 un prix abordable. Obtenez le v\u00f4tre ici !\",\"breadcrumb\":{\"@id\":\"https:\\\/\\\/xactskateshop.com\\\/fr\\\/produit\\\/bont-2pf-6061-cadre-4-roues\\\/#breadcrumb\"},\"inLanguage\":\"fr-FR\",\"potentialAction\":[{\"@type\":\"ReadAction\",\"target\":[\"https:\\\/\\\/xactskateshop.com\\\/fr\\\/produit\\\/bont-2pf-6061-cadre-4-roues\\\/\"]}]},{\"@type\":\"ImageObject\",\"inLanguage\":\"fr-FR\",\"@id\":\"https:\\\/\\\/xactskateshop.com\\\/fr\\\/produit\\\/bont-2pf-6061-cadre-4-roues\\\/#primaryimage\",\"url\":\"https:\\\/\\\/xactskateshop.com\\\/wp-content\\\/uploads\\\/2021\\\/03\\\/2pf6061-3.jpg\",\"contentUrl\":\"https:\\\/\\\/xactskateshop.com\\\/wp-content\\\/uploads\\\/2021\\\/03\\\/2pf6061-3.jpg\",\"width\":1000,\"height\":1000},{\"@type\":\"BreadcrumbList\",\"@id\":\"https:\\\/\\\/xactskateshop.com\\\/fr\\\/produit\\\/bont-2pf-6061-cadre-4-roues\\\/#breadcrumb\",\"itemListElement\":[{\"@type\":\"ListItem\",\"position\":1,\"name\":\"Home\",\"item\":\"https:\\\/\\\/xactskateshop.com\\\/fr\\\/accueil\\\/\"},{\"@type\":\"ListItem\",\"position\":2,\"name\":\"Boutique\",\"item\":\"https:\\\/\\\/xactskateshop.com\\\/shop\\\/\"},{\"@type\":\"ListItem\",\"position\":3,\"name\":\"BONT 2PF 6061 Cadre 4 roues\"}]},{\"@type\":\"WebSite\",\"@id\":\"http:\\\/\\\/xactskateshop.com\\\/fr\\\/#website\",\"url\":\"http:\\\/\\\/xactskateshop.com\\\/fr\\\/\",\"name\":\"Xact Skate Shop\",\"description\":\"Un site utilisant WordPress\",\"publisher\":{\"@id\":\"http:\\\/\\\/xactskateshop.com\\\/fr\\\/#organization\"},\"potentialAction\":[{\"@type\":\"SearchAction\",\"target\":{\"@type\":\"EntryPoint\",\"urlTemplate\":\"http:\\\/\\\/xactskateshop.com\\\/fr\\\/?s={search_term_string}\"},\"query-input\":{\"@type\":\"PropertyValueSpecification\",\"valueRequired\":true,\"valueName\":\"search_term_string\"}}],\"inLanguage\":\"fr-FR\"},{\"@type\":\"Organization\",\"@id\":\"http:\\\/\\\/xactskateshop.com\\\/fr\\\/#organization\",\"name\":\"XACT Skate Shop\",\"url\":\"http:\\\/\\\/xactskateshop.com\\\/fr\\\/\",\"logo\":{\"@type\":\"ImageObject\",\"inLanguage\":\"fr-FR\",\"@id\":\"http:\\\/\\\/xactskateshop.com\\\/fr\\\/#\\\/schema\\\/logo\\\/image\\\/\",\"url\":\"http:\\\/\\\/xactskateshop.com\\\/wp-content\\\/uploads\\\/2024\\\/04\\\/xactskateshop-dot-com-avec-contour-noir-sans-fond-675x.jpg\",\"contentUrl\":\"http:\\\/\\\/xactskateshop.com\\\/wp-content\\\/uploads\\\/2024\\\/04\\\/xactskateshop-dot-com-avec-contour-noir-sans-fond-675x.jpg\",\"width\":675,\"height\":247,\"caption\":\"XACT Skate Shop\"},\"image\":{\"@id\":\"http:\\\/\\\/xactskateshop.com\\\/fr\\\/#\\\/schema\\\/logo\\\/image\\\/\"},\"sameAs\":[\"https:\\\/\\\/www.facebook.com\\\/JeanLouiskateshop\"]}]}<\/script>\n<!-- \/ Yoast SEO plugin. -->","yoast_head_json":{"title":"Bont 4 wheels frame - Xact Skate Shop","description":"Cadre Bont 4 roues. Le cadre de patinage de vitesse en ligne Bont 2PF 6061 vous permet d'acc\u00e9der \u00e0 la derni\u00e8re technologie de Bont \u00e0 un prix abordable. Obtenez le v\u00f4tre ici !","robots":{"index":"index","follow":"follow","max-snippet":"max-snippet:-1","max-image-preview":"max-image-preview:large","max-video-preview":"max-video-preview:-1"},"canonical":"https:\/\/xactskateshop.com\/fr\/produit\/bont-2pf-6061-cadre-4-roues\/","og_locale":"fr_FR","og_type":"article","og_title":"Bont 4 wheels frame - Xact Skate Shop","og_description":"Cadre Bont 4 roues. Le cadre de patinage de vitesse en ligne Bont 2PF 6061 vous permet d'acc\u00e9der \u00e0 la derni\u00e8re technologie de Bont \u00e0 un prix abordable. Obtenez le v\u00f4tre ici !","og_url":"https:\/\/xactskateshop.com\/fr\/produit\/bont-2pf-6061-cadre-4-roues\/","og_site_name":"Xact Skate Shop","article_publisher":"https:\/\/www.facebook.com\/JeanLouiskateshop","og_image":[{"width":1000,"height":1000,"url":"https:\/\/xactskateshop.com\/wp-content\/uploads\/2021\/03\/2pf6061-3.jpg","type":"image\/jpeg"}],"twitter_card":"summary_large_image","twitter_misc":{"Dur\u00e9e de lecture estim\u00e9e":"1 minute"},"schema":{"@context":"https:\/\/schema.org","@graph":[{"@type":"WebPage","@id":"https:\/\/xactskateshop.com\/fr\/produit\/bont-2pf-6061-cadre-4-roues\/","url":"https:\/\/xactskateshop.com\/fr\/produit\/bont-2pf-6061-cadre-4-roues\/","name":"Bont 4 wheels frame - Xact Skate Shop","isPartOf":{"@id":"http:\/\/xactskateshop.com\/fr\/#website"},"primaryImageOfPage":{"@id":"https:\/\/xactskateshop.com\/fr\/produit\/bont-2pf-6061-cadre-4-roues\/#primaryimage"},"image":{"@id":"https:\/\/xactskateshop.com\/fr\/produit\/bont-2pf-6061-cadre-4-roues\/#primaryimage"},"thumbnailUrl":"https:\/\/xactskateshop.com\/wp-content\/uploads\/2021\/03\/2pf6061-3.jpg","datePublished":"2021-03-01T20:42:27+00:00","description":"Cadre Bont 4 roues. Le cadre de patinage de vitesse en ligne Bont 2PF 6061 vous permet d'acc\u00e9der \u00e0 la derni\u00e8re technologie de Bont \u00e0 un prix abordable. Obtenez le v\u00f4tre ici !","breadcrumb":{"@id":"https:\/\/xactskateshop.com\/fr\/produit\/bont-2pf-6061-cadre-4-roues\/#breadcrumb"},"inLanguage":"fr-FR","potentialAction":[{"@type":"ReadAction","target":["https:\/\/xactskateshop.com\/fr\/produit\/bont-2pf-6061-cadre-4-roues\/"]}]},{"@type":"ImageObject","inLanguage":"fr-FR","@id":"https:\/\/xactskateshop.com\/fr\/produit\/bont-2pf-6061-cadre-4-roues\/#primaryimage","url":"https:\/\/xactskateshop.com\/wp-content\/uploads\/2021\/03\/2pf6061-3.jpg","contentUrl":"https:\/\/xactskateshop.com\/wp-content\/uploads\/2021\/03\/2pf6061-3.jpg","width":1000,"height":1000},{"@type":"BreadcrumbList","@id":"https:\/\/xactskateshop.com\/fr\/produit\/bont-2pf-6061-cadre-4-roues\/#breadcrumb","itemListElement":[{"@type":"ListItem","position":1,"name":"Home","item":"https:\/\/xactskateshop.com\/fr\/accueil\/"},{"@type":"ListItem","position":2,"name":"Boutique","item":"https:\/\/xactskateshop.com\/shop\/"},{"@type":"ListItem","position":3,"name":"BONT 2PF 6061 Cadre 4 roues"}]},{"@type":"WebSite","@id":"http:\/\/xactskateshop.com\/fr\/#website","url":"http:\/\/xactskateshop.com\/fr\/","name":"Xact Skate Shop","description":"Un site utilisant WordPress","publisher":{"@id":"http:\/\/xactskateshop.com\/fr\/#organization"},"potentialAction":[{"@type":"SearchAction","target":{"@type":"EntryPoint","urlTemplate":"http:\/\/xactskateshop.com\/fr\/?s={search_term_string}"},"query-input":{"@type":"PropertyValueSpecification","valueRequired":true,"valueName":"search_term_string"}}],"inLanguage":"fr-FR"},{"@type":"Organization","@id":"http:\/\/xactskateshop.com\/fr\/#organization","name":"XACT Skate Shop","url":"http:\/\/xactskateshop.com\/fr\/","logo":{"@type":"ImageObject","inLanguage":"fr-FR","@id":"http:\/\/xactskateshop.com\/fr\/#\/schema\/logo\/image\/","url":"http:\/\/xactskateshop.com\/wp-content\/uploads\/2024\/04\/xactskateshop-dot-com-avec-contour-noir-sans-fond-675x.jpg","contentUrl":"http:\/\/xactskateshop.com\/wp-content\/uploads\/2024\/04\/xactskateshop-dot-com-avec-contour-noir-sans-fond-675x.jpg","width":675,"height":247,"caption":"XACT Skate Shop"},"image":{"@id":"http:\/\/xactskateshop.com\/fr\/#\/schema\/logo\/image\/"},"sameAs":["https:\/\/www.facebook.com\/JeanLouiskateshop"]}]}},"_links":{"self":[{"href":"https:\/\/xactskateshop.com\/fr\/wp-json\/wp\/v2\/product\/59795","targetHints":{"allow":["GET"]}}],"collection":[{"href":"https:\/\/xactskateshop.com\/fr\/wp-json\/wp\/v2\/product"}],"about":[{"href":"https:\/\/xactskateshop.com\/fr\/wp-json\/wp\/v2\/types\/product"}],"replies":[{"embeddable":true,"href":"https:\/\/xactskateshop.com\/fr\/wp-json\/wp\/v2\/comments?post=59795"}],"wp:featuredmedia":[{"embeddable":true,"href":"https:\/\/xactskateshop.com\/fr\/wp-json\/wp\/v2\/media\/52792"}],"wp:attachment":[{"href":"https:\/\/xactskateshop.com\/fr\/wp-json\/wp\/v2\/media?parent=59795"}],"wp:term":[{"taxonomy":"product_brand","embeddable":true,"href":"https:\/\/xactskateshop.com\/fr\/wp-json\/wp\/v2\/product_brand?post=59795"},{"taxonomy":"product_cat","embeddable":true,"href":"https:\/\/xactskateshop.com\/fr\/wp-json\/wp\/v2\/product_cat?post=59795"},{"taxonomy":"product_tag","embeddable":true,"href":"https:\/\/xactskateshop.com\/fr\/wp-json\/wp\/v2\/product_tag?post=59795"}],"curies":[{"name":"wp","href":"https:\/\/api.w.org\/{rel}","templated":true}]}}