{"id":59794,"date":"2021-03-01T15:31:43","date_gmt":"2021-03-01T20:31:43","guid":{"rendered":"http:\/\/xactskateshop.com\/product\/bont-2pf-cadre-en-ligne-hilow\/"},"modified":"2021-03-01T15:31:43","modified_gmt":"2021-03-01T20:31:43","slug":"bont-2pf-cadre-en-ligne-hilow","status":"publish","type":"product","link":"https:\/\/xactskateshop.com\/fr\/produit\/bont-2pf-cadre-en-ligne-hilow\/","title":{"rendered":"BONT 2PF Cadre en ligne Hilow"},"content":{"rendered":"<p>BONT hilow cadre en ligne<\/p>\n<p>Le cadre de patinage de vitesse en ligne Bont 2PF HiLow vous rapproche du sol gr\u00e2ce \u00e0 une roue plus petite en position #2. Avec un centre de gravit\u00e9 plus bas et un poids total plus l\u00e9ger, il offre une combinaison d&#8217;une plus grande stabilit\u00e9 et d&#8217;une r\u00e9ponse de vitesse hors ligne. La conception brevet\u00e9e en deux points est associ\u00e9e aux meilleurs mat\u00e9riaux et aux simulations informatiques de tests de contrainte sur le cadre en ligne les plus avanc\u00e9es au monde, ainsi qu&#8217;\u00e0 une ing\u00e9nierie CAD\/CAM de pr\u00e9cision.<\/p>\n<ul>\n<li><strong>Montage :<\/strong> 2 points 195mm<\/li>\n<li><strong>Longueur:<\/strong>12.8&#8243;<\/li>\n<li><strong>Position des roues :<\/strong> 110 100 110 110<\/li>\n<li><strong>Poids : <\/strong>219g<\/li>\n<li><strong>Hauteur du plateau (de l&#8217;axe central au sommet du cadre) 12,8&#8243; : <\/strong>Avant 41,5 mm Deuxi\u00e8me 46,5 mm Arri\u00e8re 52,5 mm<\/li>\n<li><strong>Mat\u00e9riau :<\/strong> 6061<\/li>\n<\/ul>\n<p>1 paire de cadres avec axes, entretoises et cl\u00e9s allen. Les essieux sont fabriqu\u00e9s \u00e0 partir d&#8217;aluminium de s\u00e9rie 7000, ce qui permet de ne jamais les d\u00e9nuder. Tous les cadres de roller Bont sont test\u00e9s par l&#8217;\u00e9quipe Bont. Ce cadre convient aux gar\u00e7ons et aux filles, aux hommes et aux femmes, aux d\u00e9butants comme aux patineurs d&#8217;\u00e9lite.<\/p>\n<p><em>Le kit de montage Bont ne sera fourni gratuitement que lors de l&#8217;achat de bottes\/paquets.<\/em><\/p>\n<p>Vous pouvez \u00e9galement l&#8217;acheter <a href=\"https:\/\/bont.ca\/collections\/inline-skate-frames\/products\/2pf-hilow-inline-frame\">ici<\/a><\/p>\n<p>Voir d&#8217;autres cadres <a href=\"http:\/\/xactskateshop.com\/product-category\/inline-speed-skating\/inline-speed-skating-frames\/\">ici<\/a><\/p>\n<p><img fetchpriority=\"high\" decoding=\"async\" class=\"alignnone size-medium\" src=\"https:\/\/cdn.shopify.com\/s\/files\/1\/0048\/6242\/files\/DSC00031_2048x2048.jpg?v=1708398376\" width=\"2048\" height=\"1650\"><\/p>\n<p><img decoding=\"async\" class=\"alignnone size-medium\" src=\"https:\/\/cdn.shopify.com\/s\/files\/1\/0048\/6242\/files\/DSC00096_2048x2048.jpg?v=1708398139\" width=\"2048\" height=\"1366\"><\/p>\n<p><img decoding=\"async\" class=\"alignnone size-medium\" src=\"https:\/\/cdn.shopify.com\/s\/files\/1\/0048\/6242\/files\/DSC00098_2048x2048.jpg?v=1708398129\" width=\"2048\" height=\"1366\"><\/p>\n<p><img loading=\"lazy\" decoding=\"async\" class=\"alignnone size-medium\" src=\"https:\/\/cdn.shopify.com\/s\/files\/1\/0048\/6242\/files\/DSC00094_2048x2048.jpg?v=1708398151\" width=\"2048\" height=\"1366\"><\/p>\n","protected":false},"excerpt":{"rendered":"<p>BONT hilow cadre en ligne<\/p>\n<p>Le cadre de patinage de vitesse en ligne Bont 2PF HiLow vous rapproche du sol gr\u00e2ce \u00e0 une roue plus petite en position #2. Avec un centre de gravit\u00e9 plus bas et un poids total plus l\u00e9ger, il offre une combinaison d&#8217;une plus grande stabilit\u00e9 et d&#8217;une r\u00e9ponse de vitesse hors ligne. La conception brevet\u00e9e en deux points est associ\u00e9e aux meilleurs mat\u00e9riaux et aux simulations informatiques de tests de contrainte sur le cadre en ligne les plus avanc\u00e9es au monde, ainsi qu&#8217;\u00e0 une ing\u00e9nierie CAD\/CAM de pr\u00e9cision.<\/p>\n","protected":false},"featured_media":28628,"comment_status":"closed","ping_status":"closed","template":"","meta":{"site-sidebar-layout":"default","site-content-layout":"default","ast-site-content-layout":"default","site-content-style":"default","site-sidebar-style":"default","ast-global-header-display":"","ast-banner-title-visibility":"","ast-main-header-display":"","ast-hfb-above-header-display":"","ast-hfb-below-header-display":"","ast-hfb-mobile-header-display":"","site-post-title":"","ast-breadcrumbs-content":"","ast-featured-img":"","footer-sml-layout":"","theme-transparent-header-meta":"default","adv-header-id-meta":"","stick-header-meta":"","header-above-stick-meta":"","header-main-stick-meta":"","header-below-stick-meta":"","astra-migrate-meta-layouts":"default","ast-page-background-enabled":"default","ast-page-background-meta":{"desktop":{"background-color":"","background-image":"","background-repeat":"repeat","background-position":"center center","background-size":"auto","background-attachment":"scroll","background-type":"","background-media":"","overlay-type":"","overlay-color":"","overlay-opacity":"","overlay-gradient":""},"tablet":{"background-color":"","background-image":"","background-repeat":"repeat","background-position":"center center","background-size":"auto","background-attachment":"scroll","background-type":"","background-media":"","overlay-type":"","overlay-color":"","overlay-opacity":"","overlay-gradient":""},"mobile":{"background-color":"","background-image":"","background-repeat":"repeat","background-position":"center center","background-size":"auto","background-attachment":"scroll","background-type":"","background-media":"","overlay-type":"","overlay-color":"","overlay-opacity":"","overlay-gradient":""}},"ast-content-background-meta":{"desktop":{"background-color":"var(--ast-global-color-5)","background-image":"","background-repeat":"repeat","background-position":"center center","background-size":"auto","background-attachment":"scroll","background-type":"","background-media":"","overlay-type":"","overlay-color":"","overlay-opacity":"","overlay-gradient":""},"tablet":{"background-color":"var(--ast-global-color-5)","background-image":"","background-repeat":"repeat","background-position":"center center","background-size":"auto","background-attachment":"scroll","background-type":"","background-media":"","overlay-type":"","overlay-color":"","overlay-opacity":"","overlay-gradient":""},"mobile":{"background-color":"var(--ast-global-color-5)","background-image":"","background-repeat":"repeat","background-position":"center center","background-size":"auto","background-attachment":"scroll","background-type":"","background-media":"","overlay-type":"","overlay-color":"","overlay-opacity":"","overlay-gradient":""}}},"product_brand":[],"product_cat":[1766,1589],"product_tag":[],"class_list":{"0":"post-59794","1":"product","2":"type-product","3":"status-publish","4":"has-post-thumbnail","6":"product_cat-chassis","7":"product_cat-patinage-de-vitesse-a-roues-alignees","8":"desktop-align-center","9":"tablet-align-center","10":"mobile-align-center","11":"ast-product-gallery-layout-horizontal","12":"ast-product-tabs-layout-horizontal","13":"ast-qv-on-image","15":"first","16":"instock","17":"taxable","18":"shipping-taxable","19":"purchasable","20":"product-type-simple"},"bundled_by":[],"bundle_stock_status":"instock","bundle_stock_quantity":2,"bundle_virtual":false,"bundle_layout":"","bundle_add_to_cart_form_location":"","bundle_editable_in_cart":false,"bundle_sold_individually_context":"","bundle_item_grouping":"","bundle_min_size":"","bundle_max_size":"","bundle_price":[],"bundled_items":[],"bundle_sell_ids":[],"yoast_head":"<!-- This site is optimized with the Yoast SEO plugin v27.4 - https:\/\/yoast.com\/product\/yoast-seo-wordpress\/ -->\n<title>BONT hilow inline frame - Xact Skate Shop<\/title>\n<meta name=\"description\" content=\"BONT hilow cadre en ligne. Le cadre de patinage de vitesse en ligne Bont 2PF HiLow vous rapproche du sol gr\u00e2ce \u00e0 une roue plus petite en position #2.\" \/>\n<meta name=\"robots\" content=\"index, follow, max-snippet:-1, max-image-preview:large, max-video-preview:-1\" \/>\n<link rel=\"canonical\" href=\"https:\/\/xactskateshop.com\/fr\/produit\/bont-2pf-cadre-en-ligne-hilow\/\" \/>\n<meta property=\"og:locale\" content=\"fr_FR\" \/>\n<meta property=\"og:type\" content=\"article\" \/>\n<meta property=\"og:title\" content=\"BONT hilow inline frame - Xact Skate Shop\" \/>\n<meta property=\"og:description\" content=\"BONT hilow cadre en ligne. Le cadre de patinage de vitesse en ligne Bont 2PF HiLow vous rapproche du sol gr\u00e2ce \u00e0 une roue plus petite en position #2.\" \/>\n<meta property=\"og:url\" content=\"https:\/\/xactskateshop.com\/fr\/produit\/bont-2pf-cadre-en-ligne-hilow\/\" \/>\n<meta property=\"og:site_name\" content=\"Xact Skate Shop\" \/>\n<meta property=\"article:publisher\" content=\"https:\/\/www.facebook.com\/JeanLouiskateshop\" \/>\n<meta property=\"og:image\" content=\"https:\/\/xactskateshop.com\/wp-content\/uploads\/2021\/03\/2PF-HiLow-12.8_Front.jpg\" \/>\n\t<meta property=\"og:image:width\" content=\"1000\" \/>\n\t<meta property=\"og:image:height\" content=\"1000\" \/>\n\t<meta property=\"og:image:type\" content=\"image\/jpeg\" \/>\n<meta name=\"twitter:card\" content=\"summary_large_image\" \/>\n<meta name=\"twitter:label1\" content=\"Dur\u00e9e de lecture estim\u00e9e\" \/>\n\t<meta name=\"twitter:data1\" content=\"1 minute\" \/>\n<script type=\"application\/ld+json\" class=\"yoast-schema-graph\">{\"@context\":\"https:\\\/\\\/schema.org\",\"@graph\":[{\"@type\":\"WebPage\",\"@id\":\"https:\\\/\\\/xactskateshop.com\\\/fr\\\/produit\\\/bont-2pf-cadre-en-ligne-hilow\\\/\",\"url\":\"https:\\\/\\\/xactskateshop.com\\\/fr\\\/produit\\\/bont-2pf-cadre-en-ligne-hilow\\\/\",\"name\":\"BONT hilow inline frame - Xact Skate Shop\",\"isPartOf\":{\"@id\":\"http:\\\/\\\/xactskateshop.com\\\/fr\\\/#website\"},\"primaryImageOfPage\":{\"@id\":\"https:\\\/\\\/xactskateshop.com\\\/fr\\\/produit\\\/bont-2pf-cadre-en-ligne-hilow\\\/#primaryimage\"},\"image\":{\"@id\":\"https:\\\/\\\/xactskateshop.com\\\/fr\\\/produit\\\/bont-2pf-cadre-en-ligne-hilow\\\/#primaryimage\"},\"thumbnailUrl\":\"https:\\\/\\\/xactskateshop.com\\\/wp-content\\\/uploads\\\/2021\\\/03\\\/2PF-HiLow-12.8_Front.jpg\",\"datePublished\":\"2021-03-01T20:31:43+00:00\",\"description\":\"BONT hilow cadre en ligne. Le cadre de patinage de vitesse en ligne Bont 2PF HiLow vous rapproche du sol gr\u00e2ce \u00e0 une roue plus petite en position #2.\",\"breadcrumb\":{\"@id\":\"https:\\\/\\\/xactskateshop.com\\\/fr\\\/produit\\\/bont-2pf-cadre-en-ligne-hilow\\\/#breadcrumb\"},\"inLanguage\":\"fr-FR\",\"potentialAction\":[{\"@type\":\"ReadAction\",\"target\":[\"https:\\\/\\\/xactskateshop.com\\\/fr\\\/produit\\\/bont-2pf-cadre-en-ligne-hilow\\\/\"]}]},{\"@type\":\"ImageObject\",\"inLanguage\":\"fr-FR\",\"@id\":\"https:\\\/\\\/xactskateshop.com\\\/fr\\\/produit\\\/bont-2pf-cadre-en-ligne-hilow\\\/#primaryimage\",\"url\":\"https:\\\/\\\/xactskateshop.com\\\/wp-content\\\/uploads\\\/2021\\\/03\\\/2PF-HiLow-12.8_Front.jpg\",\"contentUrl\":\"https:\\\/\\\/xactskateshop.com\\\/wp-content\\\/uploads\\\/2021\\\/03\\\/2PF-HiLow-12.8_Front.jpg\",\"width\":1000,\"height\":1000,\"caption\":\"BONT hilow cadre en ligne\"},{\"@type\":\"BreadcrumbList\",\"@id\":\"https:\\\/\\\/xactskateshop.com\\\/fr\\\/produit\\\/bont-2pf-cadre-en-ligne-hilow\\\/#breadcrumb\",\"itemListElement\":[{\"@type\":\"ListItem\",\"position\":1,\"name\":\"Home\",\"item\":\"https:\\\/\\\/xactskateshop.com\\\/fr\\\/accueil\\\/\"},{\"@type\":\"ListItem\",\"position\":2,\"name\":\"Boutique\",\"item\":\"https:\\\/\\\/xactskateshop.com\\\/shop\\\/\"},{\"@type\":\"ListItem\",\"position\":3,\"name\":\"BONT 2PF Cadre en ligne Hilow\"}]},{\"@type\":\"WebSite\",\"@id\":\"http:\\\/\\\/xactskateshop.com\\\/fr\\\/#website\",\"url\":\"http:\\\/\\\/xactskateshop.com\\\/fr\\\/\",\"name\":\"Xact Skate Shop\",\"description\":\"Un site utilisant WordPress\",\"publisher\":{\"@id\":\"http:\\\/\\\/xactskateshop.com\\\/fr\\\/#organization\"},\"potentialAction\":[{\"@type\":\"SearchAction\",\"target\":{\"@type\":\"EntryPoint\",\"urlTemplate\":\"http:\\\/\\\/xactskateshop.com\\\/fr\\\/?s={search_term_string}\"},\"query-input\":{\"@type\":\"PropertyValueSpecification\",\"valueRequired\":true,\"valueName\":\"search_term_string\"}}],\"inLanguage\":\"fr-FR\"},{\"@type\":\"Organization\",\"@id\":\"http:\\\/\\\/xactskateshop.com\\\/fr\\\/#organization\",\"name\":\"XACT Skate Shop\",\"url\":\"http:\\\/\\\/xactskateshop.com\\\/fr\\\/\",\"logo\":{\"@type\":\"ImageObject\",\"inLanguage\":\"fr-FR\",\"@id\":\"http:\\\/\\\/xactskateshop.com\\\/fr\\\/#\\\/schema\\\/logo\\\/image\\\/\",\"url\":\"http:\\\/\\\/xactskateshop.com\\\/wp-content\\\/uploads\\\/2024\\\/04\\\/xactskateshop-dot-com-avec-contour-noir-sans-fond-675x.jpg\",\"contentUrl\":\"http:\\\/\\\/xactskateshop.com\\\/wp-content\\\/uploads\\\/2024\\\/04\\\/xactskateshop-dot-com-avec-contour-noir-sans-fond-675x.jpg\",\"width\":675,\"height\":247,\"caption\":\"XACT Skate Shop\"},\"image\":{\"@id\":\"http:\\\/\\\/xactskateshop.com\\\/fr\\\/#\\\/schema\\\/logo\\\/image\\\/\"},\"sameAs\":[\"https:\\\/\\\/www.facebook.com\\\/JeanLouiskateshop\"]}]}<\/script>\n<!-- \/ Yoast SEO plugin. -->","yoast_head_json":{"title":"BONT hilow inline frame - Xact Skate Shop","description":"BONT hilow cadre en ligne. Le cadre de patinage de vitesse en ligne Bont 2PF HiLow vous rapproche du sol gr\u00e2ce \u00e0 une roue plus petite en position #2.","robots":{"index":"index","follow":"follow","max-snippet":"max-snippet:-1","max-image-preview":"max-image-preview:large","max-video-preview":"max-video-preview:-1"},"canonical":"https:\/\/xactskateshop.com\/fr\/produit\/bont-2pf-cadre-en-ligne-hilow\/","og_locale":"fr_FR","og_type":"article","og_title":"BONT hilow inline frame - Xact Skate Shop","og_description":"BONT hilow cadre en ligne. Le cadre de patinage de vitesse en ligne Bont 2PF HiLow vous rapproche du sol gr\u00e2ce \u00e0 une roue plus petite en position #2.","og_url":"https:\/\/xactskateshop.com\/fr\/produit\/bont-2pf-cadre-en-ligne-hilow\/","og_site_name":"Xact Skate Shop","article_publisher":"https:\/\/www.facebook.com\/JeanLouiskateshop","og_image":[{"width":1000,"height":1000,"url":"https:\/\/xactskateshop.com\/wp-content\/uploads\/2021\/03\/2PF-HiLow-12.8_Front.jpg","type":"image\/jpeg"}],"twitter_card":"summary_large_image","twitter_misc":{"Dur\u00e9e de lecture estim\u00e9e":"1 minute"},"schema":{"@context":"https:\/\/schema.org","@graph":[{"@type":"WebPage","@id":"https:\/\/xactskateshop.com\/fr\/produit\/bont-2pf-cadre-en-ligne-hilow\/","url":"https:\/\/xactskateshop.com\/fr\/produit\/bont-2pf-cadre-en-ligne-hilow\/","name":"BONT hilow inline frame - Xact Skate Shop","isPartOf":{"@id":"http:\/\/xactskateshop.com\/fr\/#website"},"primaryImageOfPage":{"@id":"https:\/\/xactskateshop.com\/fr\/produit\/bont-2pf-cadre-en-ligne-hilow\/#primaryimage"},"image":{"@id":"https:\/\/xactskateshop.com\/fr\/produit\/bont-2pf-cadre-en-ligne-hilow\/#primaryimage"},"thumbnailUrl":"https:\/\/xactskateshop.com\/wp-content\/uploads\/2021\/03\/2PF-HiLow-12.8_Front.jpg","datePublished":"2021-03-01T20:31:43+00:00","description":"BONT hilow cadre en ligne. Le cadre de patinage de vitesse en ligne Bont 2PF HiLow vous rapproche du sol gr\u00e2ce \u00e0 une roue plus petite en position #2.","breadcrumb":{"@id":"https:\/\/xactskateshop.com\/fr\/produit\/bont-2pf-cadre-en-ligne-hilow\/#breadcrumb"},"inLanguage":"fr-FR","potentialAction":[{"@type":"ReadAction","target":["https:\/\/xactskateshop.com\/fr\/produit\/bont-2pf-cadre-en-ligne-hilow\/"]}]},{"@type":"ImageObject","inLanguage":"fr-FR","@id":"https:\/\/xactskateshop.com\/fr\/produit\/bont-2pf-cadre-en-ligne-hilow\/#primaryimage","url":"https:\/\/xactskateshop.com\/wp-content\/uploads\/2021\/03\/2PF-HiLow-12.8_Front.jpg","contentUrl":"https:\/\/xactskateshop.com\/wp-content\/uploads\/2021\/03\/2PF-HiLow-12.8_Front.jpg","width":1000,"height":1000,"caption":"BONT hilow cadre en ligne"},{"@type":"BreadcrumbList","@id":"https:\/\/xactskateshop.com\/fr\/produit\/bont-2pf-cadre-en-ligne-hilow\/#breadcrumb","itemListElement":[{"@type":"ListItem","position":1,"name":"Home","item":"https:\/\/xactskateshop.com\/fr\/accueil\/"},{"@type":"ListItem","position":2,"name":"Boutique","item":"https:\/\/xactskateshop.com\/shop\/"},{"@type":"ListItem","position":3,"name":"BONT 2PF Cadre en ligne Hilow"}]},{"@type":"WebSite","@id":"http:\/\/xactskateshop.com\/fr\/#website","url":"http:\/\/xactskateshop.com\/fr\/","name":"Xact Skate Shop","description":"Un site utilisant WordPress","publisher":{"@id":"http:\/\/xactskateshop.com\/fr\/#organization"},"potentialAction":[{"@type":"SearchAction","target":{"@type":"EntryPoint","urlTemplate":"http:\/\/xactskateshop.com\/fr\/?s={search_term_string}"},"query-input":{"@type":"PropertyValueSpecification","valueRequired":true,"valueName":"search_term_string"}}],"inLanguage":"fr-FR"},{"@type":"Organization","@id":"http:\/\/xactskateshop.com\/fr\/#organization","name":"XACT Skate Shop","url":"http:\/\/xactskateshop.com\/fr\/","logo":{"@type":"ImageObject","inLanguage":"fr-FR","@id":"http:\/\/xactskateshop.com\/fr\/#\/schema\/logo\/image\/","url":"http:\/\/xactskateshop.com\/wp-content\/uploads\/2024\/04\/xactskateshop-dot-com-avec-contour-noir-sans-fond-675x.jpg","contentUrl":"http:\/\/xactskateshop.com\/wp-content\/uploads\/2024\/04\/xactskateshop-dot-com-avec-contour-noir-sans-fond-675x.jpg","width":675,"height":247,"caption":"XACT Skate Shop"},"image":{"@id":"http:\/\/xactskateshop.com\/fr\/#\/schema\/logo\/image\/"},"sameAs":["https:\/\/www.facebook.com\/JeanLouiskateshop"]}]}},"_links":{"self":[{"href":"https:\/\/xactskateshop.com\/fr\/wp-json\/wp\/v2\/product\/59794","targetHints":{"allow":["GET"]}}],"collection":[{"href":"https:\/\/xactskateshop.com\/fr\/wp-json\/wp\/v2\/product"}],"about":[{"href":"https:\/\/xactskateshop.com\/fr\/wp-json\/wp\/v2\/types\/product"}],"replies":[{"embeddable":true,"href":"https:\/\/xactskateshop.com\/fr\/wp-json\/wp\/v2\/comments?post=59794"}],"wp:featuredmedia":[{"embeddable":true,"href":"https:\/\/xactskateshop.com\/fr\/wp-json\/wp\/v2\/media\/28628"}],"wp:attachment":[{"href":"https:\/\/xactskateshop.com\/fr\/wp-json\/wp\/v2\/media?parent=59794"}],"wp:term":[{"taxonomy":"product_brand","embeddable":true,"href":"https:\/\/xactskateshop.com\/fr\/wp-json\/wp\/v2\/product_brand?post=59794"},{"taxonomy":"product_cat","embeddable":true,"href":"https:\/\/xactskateshop.com\/fr\/wp-json\/wp\/v2\/product_cat?post=59794"},{"taxonomy":"product_tag","embeddable":true,"href":"https:\/\/xactskateshop.com\/fr\/wp-json\/wp\/v2\/product_tag?post=59794"}],"curies":[{"name":"wp","href":"https:\/\/api.w.org\/{rel}","templated":true}]}}