{"id":59792,"date":"2021-02-25T15:58:11","date_gmt":"2021-02-25T20:58:11","guid":{"rendered":"http:\/\/xactskateshop.com\/product\/bont-street-roues-decoulement-4\/"},"modified":"2021-02-25T15:58:11","modified_gmt":"2021-02-25T20:58:11","slug":"bont-street-roues-decoulement-4","status":"publish","type":"product","link":"https:\/\/xactskateshop.com\/fr\/produit\/bont-street-roues-decoulement-4\/","title":{"rendered":"BONT STREET Roues d&#8217;\u00e9coulement (4)"},"content":{"rendered":"<p>Roues de patins \u00e0 roulettes Streetflow<\/p>\n<p>La s\u00e9rie de roues BONT flow est con\u00e7ue pour le park et le street skating. Disponible en deux duret\u00e9s, il convient \u00e0 tous les types de patinage. Vous allez faire du vert ? Gardez le contr\u00f4le \u00e0 grande vitesse et dans les virages rapides avec le d\u00e9bit du parc 99A. Si la rue est plus votre style, regardez le 89A Street flow. Il permet de rouler en douceur sur les surfaces bossel\u00e9es et d&#8217;amortir les atterrissages brutaux. Le bord arrondi sp\u00e9cial minimise le mordant de la roue et les margelles, les rails et les rebords pour un glissement ou un meulage parfait.<\/p>\n<p><strong>  Duret\u00e9 : 89a Street ou 99a Park<\/strong><br \/>\n<strong>  Taille : 58 mm x 32 mm<\/strong><br \/>\n<strong>  Con\u00e7u en Australie<\/strong><br \/>\n<strong>  Test\u00e9 par Team Bont ParkStars<\/strong><\/p>\n<p><strong>Note :<\/strong> La Street Flow n&#8217;est pas une roue de route ext\u00e9rieure, elle est con\u00e7ue pour les skaters qui pr\u00e9f\u00e8rent skater dans les skate parks, les spots de bricolage, les halfpipes et les bowls. Vous pouvez l&#8217;utiliser pour patiner sur la route, mais elle n&#8217;est pas aussi douce qu&#8217;une roue souple 78a &#8211; 85a pour l&#8217;ext\u00e9rieur. <\/p>\n<p>Bont Skates a une longue histoire de production de roues de patins \u00e0 roulettes de haute qualit\u00e9. Nous avons mis \u00e0 profit nos connaissances approfondies de la production des meilleures roues de patinage de vitesse en ligne et de roller derby au monde pour les appliquer \u00e0 une roue de park et de street dans le cadre de ce projet. L&#8217;\u00e9quipe Bont ParkStars est compos\u00e9e des meilleurs patineurs de parkings du monde entier. Ils ont test\u00e9 un certain nombre de prototypes et de formules pour aboutir \u00e0 la meilleure roue de park sur le march\u00e9.   <\/p>\n<p>Trouvez d&#8217;autres mod\u00e8les <a href=\"http:\/\/xactskateshop.com\/product-category\/roller-skates\/roller-skates-wheels\/\">ici<\/a><\/p>\n<p>Vous pouvez \u00e9galement les acheter <a href=\"https:\/\/bont.ca\/collections\/roller-skate-wheels\/products\/glide-roller-skate-outdoor-wheels\">ici<\/a><\/p>\n","protected":false},"excerpt":{"rendered":"<p>Roues de patins \u00e0 roulettes Streetflow<\/p>\n<p>La s\u00e9rie de roues BONT flow est con\u00e7ue pour le park et le street skating. Disponible en deux duret\u00e9s, il convient \u00e0 tous les types de patinage. Vous allez faire du vert ? Gardez le contr\u00f4le \u00e0 grande vitesse et dans les virages rapides avec le d\u00e9bit du parc 99A. Si la rue est plus votre style, regardez le 89A Street flow. Il permet de rouler en douceur sur les surfaces bossel\u00e9es et d&#8217;amortir les atterrissages brutaux. Le bord arrondi sp\u00e9cial minimise le mordant de la roue et les margelles, les rails et les rebords pour un glissement ou un meulage parfait.<\/p>\n","protected":false},"featured_media":28583,"comment_status":"closed","ping_status":"closed","template":"","meta":{"site-sidebar-layout":"default","site-content-layout":"default","ast-site-content-layout":"default","site-content-style":"default","site-sidebar-style":"default","ast-global-header-display":"","ast-banner-title-visibility":"","ast-main-header-display":"","ast-hfb-above-header-display":"","ast-hfb-below-header-display":"","ast-hfb-mobile-header-display":"","site-post-title":"","ast-breadcrumbs-content":"","ast-featured-img":"","footer-sml-layout":"","theme-transparent-header-meta":"default","adv-header-id-meta":"","stick-header-meta":"","header-above-stick-meta":"","header-main-stick-meta":"","header-below-stick-meta":"","astra-migrate-meta-layouts":"default","ast-page-background-enabled":"default","ast-page-background-meta":{"desktop":{"background-color":"","background-image":"","background-repeat":"repeat","background-position":"center center","background-size":"auto","background-attachment":"scroll","background-type":"","background-media":"","overlay-type":"","overlay-color":"","overlay-opacity":"","overlay-gradient":""},"tablet":{"background-color":"","background-image":"","background-repeat":"repeat","background-position":"center center","background-size":"auto","background-attachment":"scroll","background-type":"","background-media":"","overlay-type":"","overlay-color":"","overlay-opacity":"","overlay-gradient":""},"mobile":{"background-color":"","background-image":"","background-repeat":"repeat","background-position":"center center","background-size":"auto","background-attachment":"scroll","background-type":"","background-media":"","overlay-type":"","overlay-color":"","overlay-opacity":"","overlay-gradient":""}},"ast-content-background-meta":{"desktop":{"background-color":"var(--ast-global-color-5)","background-image":"","background-repeat":"repeat","background-position":"center center","background-size":"auto","background-attachment":"scroll","background-type":"","background-media":"","overlay-type":"","overlay-color":"","overlay-opacity":"","overlay-gradient":""},"tablet":{"background-color":"var(--ast-global-color-5)","background-image":"","background-repeat":"repeat","background-position":"center center","background-size":"auto","background-attachment":"scroll","background-type":"","background-media":"","overlay-type":"","overlay-color":"","overlay-opacity":"","overlay-gradient":""},"mobile":{"background-color":"var(--ast-global-color-5)","background-image":"","background-repeat":"repeat","background-position":"center center","background-size":"auto","background-attachment":"scroll","background-type":"","background-media":"","overlay-type":"","overlay-color":"","overlay-opacity":"","overlay-gradient":""}}},"product_brand":[],"product_cat":[1652,1907],"product_tag":[],"class_list":{"0":"post-59792","1":"product","2":"type-product","3":"status-publish","4":"has-post-thumbnail","6":"product_cat-patins-a-roulettes","7":"product_cat-roues","8":"desktop-align-center","9":"tablet-align-center","10":"mobile-align-center","11":"ast-product-gallery-layout-horizontal","12":"ast-product-tabs-layout-horizontal","13":"ast-qv-on-image","15":"first","16":"instock","17":"sale","18":"taxable","19":"shipping-taxable","20":"purchasable","21":"product-type-simple"},"bundled_by":[],"bundle_stock_status":"instock","bundle_stock_quantity":17,"bundle_virtual":false,"bundle_layout":"","bundle_add_to_cart_form_location":"","bundle_editable_in_cart":false,"bundle_sold_individually_context":"","bundle_item_grouping":"","bundle_min_size":"","bundle_max_size":"","bundle_price":[],"bundled_items":[],"bundle_sell_ids":[],"yoast_head":"<!-- This site is optimized with the Yoast SEO plugin v27.4 - https:\/\/yoast.com\/product\/yoast-seo-wordpress\/ -->\n<title>Roues de patins \u00e0 roulettes Streetflow - Xact Skate Shop.<\/title>\n<meta name=\"description\" content=\"Roues de patins \u00e0 roulettes Streetflow. La s\u00e9rie de roues BONT flow est con\u00e7ue pour le park et le street skating. 2, il convient \u00e0 tous les types de patinage.\" \/>\n<meta name=\"robots\" content=\"index, follow, max-snippet:-1, max-image-preview:large, max-video-preview:-1\" \/>\n<link rel=\"canonical\" href=\"https:\/\/xactskateshop.com\/fr\/produit\/bont-street-roues-decoulement-4\/\" \/>\n<meta property=\"og:locale\" content=\"fr_FR\" \/>\n<meta property=\"og:type\" content=\"article\" \/>\n<meta property=\"og:title\" content=\"Roues de patins \u00e0 roulettes Streetflow - Xact Skate Shop.\" \/>\n<meta property=\"og:description\" content=\"Roues de patins \u00e0 roulettes Streetflow. La s\u00e9rie de roues BONT flow est con\u00e7ue pour le park et le street skating. 2, il convient \u00e0 tous les types de patinage.\" \/>\n<meta property=\"og:url\" content=\"https:\/\/xactskateshop.com\/fr\/produit\/bont-street-roues-decoulement-4\/\" \/>\n<meta property=\"og:site_name\" content=\"Xact Skate Shop\" \/>\n<meta property=\"article:publisher\" content=\"https:\/\/www.facebook.com\/JeanLouiskateshop\" \/>\n<meta property=\"og:image\" content=\"https:\/\/xactskateshop.com\/wp-content\/uploads\/2021\/02\/Flow-STREET_angle.jpg\" \/>\n\t<meta property=\"og:image:width\" content=\"1000\" \/>\n\t<meta property=\"og:image:height\" content=\"1000\" \/>\n\t<meta property=\"og:image:type\" content=\"image\/jpeg\" \/>\n<meta name=\"twitter:card\" content=\"summary_large_image\" \/>\n<meta name=\"twitter:label1\" content=\"Dur\u00e9e de lecture estim\u00e9e\" \/>\n\t<meta name=\"twitter:data1\" content=\"1 minute\" \/>\n<script type=\"application\/ld+json\" class=\"yoast-schema-graph\">{\"@context\":\"https:\\\/\\\/schema.org\",\"@graph\":[{\"@type\":\"WebPage\",\"@id\":\"https:\\\/\\\/xactskateshop.com\\\/fr\\\/produit\\\/bont-street-roues-decoulement-4\\\/\",\"url\":\"https:\\\/\\\/xactskateshop.com\\\/fr\\\/produit\\\/bont-street-roues-decoulement-4\\\/\",\"name\":\"Roues de patins \u00e0 roulettes Streetflow - Xact Skate Shop.\",\"isPartOf\":{\"@id\":\"http:\\\/\\\/xactskateshop.com\\\/fr\\\/#website\"},\"primaryImageOfPage\":{\"@id\":\"https:\\\/\\\/xactskateshop.com\\\/fr\\\/produit\\\/bont-street-roues-decoulement-4\\\/#primaryimage\"},\"image\":{\"@id\":\"https:\\\/\\\/xactskateshop.com\\\/fr\\\/produit\\\/bont-street-roues-decoulement-4\\\/#primaryimage\"},\"thumbnailUrl\":\"https:\\\/\\\/xactskateshop.com\\\/wp-content\\\/uploads\\\/2021\\\/02\\\/Flow-STREET_angle.jpg\",\"datePublished\":\"2021-02-25T20:58:11+00:00\",\"description\":\"Roues de patins \u00e0 roulettes Streetflow. La s\u00e9rie de roues BONT flow est con\u00e7ue pour le park et le street skating. 2, il convient \u00e0 tous les types de patinage.\",\"breadcrumb\":{\"@id\":\"https:\\\/\\\/xactskateshop.com\\\/fr\\\/produit\\\/bont-street-roues-decoulement-4\\\/#breadcrumb\"},\"inLanguage\":\"fr-FR\",\"potentialAction\":[{\"@type\":\"ReadAction\",\"target\":[\"https:\\\/\\\/xactskateshop.com\\\/fr\\\/produit\\\/bont-street-roues-decoulement-4\\\/\"]}]},{\"@type\":\"ImageObject\",\"inLanguage\":\"fr-FR\",\"@id\":\"https:\\\/\\\/xactskateshop.com\\\/fr\\\/produit\\\/bont-street-roues-decoulement-4\\\/#primaryimage\",\"url\":\"https:\\\/\\\/xactskateshop.com\\\/wp-content\\\/uploads\\\/2021\\\/02\\\/Flow-STREET_angle.jpg\",\"contentUrl\":\"https:\\\/\\\/xactskateshop.com\\\/wp-content\\\/uploads\\\/2021\\\/02\\\/Flow-STREET_angle.jpg\",\"width\":1000,\"height\":1000,\"caption\":\"roues de patins \u00e0 roulettes streetflow\"},{\"@type\":\"BreadcrumbList\",\"@id\":\"https:\\\/\\\/xactskateshop.com\\\/fr\\\/produit\\\/bont-street-roues-decoulement-4\\\/#breadcrumb\",\"itemListElement\":[{\"@type\":\"ListItem\",\"position\":1,\"name\":\"Home\",\"item\":\"https:\\\/\\\/xactskateshop.com\\\/fr\\\/accueil\\\/\"},{\"@type\":\"ListItem\",\"position\":2,\"name\":\"Boutique\",\"item\":\"https:\\\/\\\/xactskateshop.com\\\/shop\\\/\"},{\"@type\":\"ListItem\",\"position\":3,\"name\":\"BONT STREET Roues d&#8217;\u00e9coulement (4)\"}]},{\"@type\":\"WebSite\",\"@id\":\"http:\\\/\\\/xactskateshop.com\\\/fr\\\/#website\",\"url\":\"http:\\\/\\\/xactskateshop.com\\\/fr\\\/\",\"name\":\"Xact Skate Shop\",\"description\":\"Un site utilisant WordPress\",\"publisher\":{\"@id\":\"http:\\\/\\\/xactskateshop.com\\\/fr\\\/#organization\"},\"potentialAction\":[{\"@type\":\"SearchAction\",\"target\":{\"@type\":\"EntryPoint\",\"urlTemplate\":\"http:\\\/\\\/xactskateshop.com\\\/fr\\\/?s={search_term_string}\"},\"query-input\":{\"@type\":\"PropertyValueSpecification\",\"valueRequired\":true,\"valueName\":\"search_term_string\"}}],\"inLanguage\":\"fr-FR\"},{\"@type\":\"Organization\",\"@id\":\"http:\\\/\\\/xactskateshop.com\\\/fr\\\/#organization\",\"name\":\"XACT Skate Shop\",\"url\":\"http:\\\/\\\/xactskateshop.com\\\/fr\\\/\",\"logo\":{\"@type\":\"ImageObject\",\"inLanguage\":\"fr-FR\",\"@id\":\"http:\\\/\\\/xactskateshop.com\\\/fr\\\/#\\\/schema\\\/logo\\\/image\\\/\",\"url\":\"http:\\\/\\\/xactskateshop.com\\\/wp-content\\\/uploads\\\/2024\\\/04\\\/xactskateshop-dot-com-avec-contour-noir-sans-fond-675x.jpg\",\"contentUrl\":\"http:\\\/\\\/xactskateshop.com\\\/wp-content\\\/uploads\\\/2024\\\/04\\\/xactskateshop-dot-com-avec-contour-noir-sans-fond-675x.jpg\",\"width\":675,\"height\":247,\"caption\":\"XACT Skate Shop\"},\"image\":{\"@id\":\"http:\\\/\\\/xactskateshop.com\\\/fr\\\/#\\\/schema\\\/logo\\\/image\\\/\"},\"sameAs\":[\"https:\\\/\\\/www.facebook.com\\\/JeanLouiskateshop\"]}]}<\/script>\n<!-- \/ Yoast SEO plugin. -->","yoast_head_json":{"title":"Roues de patins \u00e0 roulettes Streetflow - Xact Skate Shop.","description":"Roues de patins \u00e0 roulettes Streetflow. La s\u00e9rie de roues BONT flow est con\u00e7ue pour le park et le street skating. 2, il convient \u00e0 tous les types de patinage.","robots":{"index":"index","follow":"follow","max-snippet":"max-snippet:-1","max-image-preview":"max-image-preview:large","max-video-preview":"max-video-preview:-1"},"canonical":"https:\/\/xactskateshop.com\/fr\/produit\/bont-street-roues-decoulement-4\/","og_locale":"fr_FR","og_type":"article","og_title":"Roues de patins \u00e0 roulettes Streetflow - Xact Skate Shop.","og_description":"Roues de patins \u00e0 roulettes Streetflow. La s\u00e9rie de roues BONT flow est con\u00e7ue pour le park et le street skating. 2, il convient \u00e0 tous les types de patinage.","og_url":"https:\/\/xactskateshop.com\/fr\/produit\/bont-street-roues-decoulement-4\/","og_site_name":"Xact Skate Shop","article_publisher":"https:\/\/www.facebook.com\/JeanLouiskateshop","og_image":[{"width":1000,"height":1000,"url":"https:\/\/xactskateshop.com\/wp-content\/uploads\/2021\/02\/Flow-STREET_angle.jpg","type":"image\/jpeg"}],"twitter_card":"summary_large_image","twitter_misc":{"Dur\u00e9e de lecture estim\u00e9e":"1 minute"},"schema":{"@context":"https:\/\/schema.org","@graph":[{"@type":"WebPage","@id":"https:\/\/xactskateshop.com\/fr\/produit\/bont-street-roues-decoulement-4\/","url":"https:\/\/xactskateshop.com\/fr\/produit\/bont-street-roues-decoulement-4\/","name":"Roues de patins \u00e0 roulettes Streetflow - Xact Skate Shop.","isPartOf":{"@id":"http:\/\/xactskateshop.com\/fr\/#website"},"primaryImageOfPage":{"@id":"https:\/\/xactskateshop.com\/fr\/produit\/bont-street-roues-decoulement-4\/#primaryimage"},"image":{"@id":"https:\/\/xactskateshop.com\/fr\/produit\/bont-street-roues-decoulement-4\/#primaryimage"},"thumbnailUrl":"https:\/\/xactskateshop.com\/wp-content\/uploads\/2021\/02\/Flow-STREET_angle.jpg","datePublished":"2021-02-25T20:58:11+00:00","description":"Roues de patins \u00e0 roulettes Streetflow. La s\u00e9rie de roues BONT flow est con\u00e7ue pour le park et le street skating. 2, il convient \u00e0 tous les types de patinage.","breadcrumb":{"@id":"https:\/\/xactskateshop.com\/fr\/produit\/bont-street-roues-decoulement-4\/#breadcrumb"},"inLanguage":"fr-FR","potentialAction":[{"@type":"ReadAction","target":["https:\/\/xactskateshop.com\/fr\/produit\/bont-street-roues-decoulement-4\/"]}]},{"@type":"ImageObject","inLanguage":"fr-FR","@id":"https:\/\/xactskateshop.com\/fr\/produit\/bont-street-roues-decoulement-4\/#primaryimage","url":"https:\/\/xactskateshop.com\/wp-content\/uploads\/2021\/02\/Flow-STREET_angle.jpg","contentUrl":"https:\/\/xactskateshop.com\/wp-content\/uploads\/2021\/02\/Flow-STREET_angle.jpg","width":1000,"height":1000,"caption":"roues de patins \u00e0 roulettes streetflow"},{"@type":"BreadcrumbList","@id":"https:\/\/xactskateshop.com\/fr\/produit\/bont-street-roues-decoulement-4\/#breadcrumb","itemListElement":[{"@type":"ListItem","position":1,"name":"Home","item":"https:\/\/xactskateshop.com\/fr\/accueil\/"},{"@type":"ListItem","position":2,"name":"Boutique","item":"https:\/\/xactskateshop.com\/shop\/"},{"@type":"ListItem","position":3,"name":"BONT STREET Roues d&#8217;\u00e9coulement (4)"}]},{"@type":"WebSite","@id":"http:\/\/xactskateshop.com\/fr\/#website","url":"http:\/\/xactskateshop.com\/fr\/","name":"Xact Skate Shop","description":"Un site utilisant WordPress","publisher":{"@id":"http:\/\/xactskateshop.com\/fr\/#organization"},"potentialAction":[{"@type":"SearchAction","target":{"@type":"EntryPoint","urlTemplate":"http:\/\/xactskateshop.com\/fr\/?s={search_term_string}"},"query-input":{"@type":"PropertyValueSpecification","valueRequired":true,"valueName":"search_term_string"}}],"inLanguage":"fr-FR"},{"@type":"Organization","@id":"http:\/\/xactskateshop.com\/fr\/#organization","name":"XACT Skate Shop","url":"http:\/\/xactskateshop.com\/fr\/","logo":{"@type":"ImageObject","inLanguage":"fr-FR","@id":"http:\/\/xactskateshop.com\/fr\/#\/schema\/logo\/image\/","url":"http:\/\/xactskateshop.com\/wp-content\/uploads\/2024\/04\/xactskateshop-dot-com-avec-contour-noir-sans-fond-675x.jpg","contentUrl":"http:\/\/xactskateshop.com\/wp-content\/uploads\/2024\/04\/xactskateshop-dot-com-avec-contour-noir-sans-fond-675x.jpg","width":675,"height":247,"caption":"XACT Skate Shop"},"image":{"@id":"http:\/\/xactskateshop.com\/fr\/#\/schema\/logo\/image\/"},"sameAs":["https:\/\/www.facebook.com\/JeanLouiskateshop"]}]}},"_links":{"self":[{"href":"https:\/\/xactskateshop.com\/fr\/wp-json\/wp\/v2\/product\/59792","targetHints":{"allow":["GET"]}}],"collection":[{"href":"https:\/\/xactskateshop.com\/fr\/wp-json\/wp\/v2\/product"}],"about":[{"href":"https:\/\/xactskateshop.com\/fr\/wp-json\/wp\/v2\/types\/product"}],"replies":[{"embeddable":true,"href":"https:\/\/xactskateshop.com\/fr\/wp-json\/wp\/v2\/comments?post=59792"}],"wp:featuredmedia":[{"embeddable":true,"href":"https:\/\/xactskateshop.com\/fr\/wp-json\/wp\/v2\/media\/28583"}],"wp:attachment":[{"href":"https:\/\/xactskateshop.com\/fr\/wp-json\/wp\/v2\/media?parent=59792"}],"wp:term":[{"taxonomy":"product_brand","embeddable":true,"href":"https:\/\/xactskateshop.com\/fr\/wp-json\/wp\/v2\/product_brand?post=59792"},{"taxonomy":"product_cat","embeddable":true,"href":"https:\/\/xactskateshop.com\/fr\/wp-json\/wp\/v2\/product_cat?post=59792"},{"taxonomy":"product_tag","embeddable":true,"href":"https:\/\/xactskateshop.com\/fr\/wp-json\/wp\/v2\/product_tag?post=59792"}],"curies":[{"name":"wp","href":"https:\/\/api.w.org\/{rel}","templated":true}]}}