{"id":59791,"date":"2021-03-01T14:59:45","date_gmt":"2021-03-01T19:59:45","guid":{"rendered":"http:\/\/xactskateshop.com\/product\/cadre-bont-cxxv-3x125mm-2\/"},"modified":"2021-03-01T14:59:45","modified_gmt":"2021-03-01T19:59:45","slug":"cadre-bont-cxxv-3x125mm-2","status":"publish","type":"product","link":"https:\/\/xactskateshop.com\/fr\/produit\/cadre-bont-cxxv-3x125mm-2\/","title":{"rendered":"Cadre BONT CXXV 3x125mm"},"content":{"rendered":"<p>Cadre BONT CXXV 6061<\/p>\n<p>Le contr\u00f4le parfait de la flexion du cadre Bont 125mm 2PT CXXV pour le patinage de vitesse en ligne est votre arme secr\u00e8te. Un cadre trop rigide traverse la route \u00e0 la fin de la pouss\u00e9e. Un cadre trop souple donne une impression de mollesse et de lenteur. La CXXV poss\u00e8de la quantit\u00e9 parfaite de flexibilit\u00e9 pour un contr\u00f4le maximal. Con\u00e7u \u00e0 l&#8217;aide d&#8217;un logiciel CAD-CAM pour cr\u00e9er le parfait cadre de patin \u00e0 roues align\u00e9es de 125 mm. Les essieux sont fabriqu\u00e9s en aluminium de s\u00e9rie 7000 afin de garantir qu&#8217;ils ne s&#8217;effriteront pas au fil du temps.<\/p>\n<p>La CXXV est une monture abordable qui n&#8217;est qu&#8217;un cran en dessous de notre <a title=\"Bont 125mm 3 wheel inline skate frame\" href=\"https:\/\/bont.com\/products\/supercell-2-0-inline-frame\">monture Supercell de<\/a> niveau professionnel. Sentez le cadre se recourber sans effort \u00e0 la fin de votre pouss\u00e9e gr\u00e2ce au flex optimal de ce cadre.<\/p>\n<ul>\n<li><strong>Montage :<\/strong> 2 points 195mm<\/li>\n<li><strong>Longueur : <\/strong>12.8&#8243;<\/li>\n<li><strong>Hauteur du plateau (de l&#8217;axe central au sommet du cadre) : <\/strong>Avant 59,5 mm Arri\u00e8re 70,5 mm<\/li>\n<li><strong>Poids : <\/strong>219g<\/li>\n<li><strong>Mat\u00e9riau :<\/strong> 6061<\/li>\n<li><strong>Fabriqu\u00e9 \u00e0 :<\/strong> Ta\u00efwan<\/li>\n<\/ul>\n<p>1 paire de cadres avec axes, entretoises et cl\u00e9 Allen<\/p>\n<p>Ce cadre a \u00e9t\u00e9 test\u00e9 par l&#8217;\u00e9quipe Bont dans tous les pays du monde. Bont vend chaque ann\u00e9e plus de cadres de course en ligne que n&#8217;importe quelle autre marque. Le cadre est l\u00e9ger et extr\u00eamement r\u00e9actif. Il peut \u00eatre utilis\u00e9 par les d\u00e9butants comme par les patineurs d&#8217;\u00e9lite.<\/p>\n<p><em>Le kit de montage Bont ne sera fourni gratuitement que lors de l&#8217;achat de bottes\/paquets.<\/em><\/p>\n","protected":false},"excerpt":{"rendered":"<p>Cadre BONT CXXV 6061<\/p>\n<p>Le contr\u00f4le parfait de la flexion du cadre Bont 125mm 2PT CXXV pour le patinage de vitesse en ligne est votre arme secr\u00e8te. Un cadre trop rigide traverse la route \u00e0 la fin de la pouss\u00e9e. Un cadre trop souple donne une impression de mollesse et de lenteur. La CXXV poss\u00e8de la quantit\u00e9 parfaite de flexibilit\u00e9 pour un contr\u00f4le maximal. Con\u00e7u \u00e0 l&#8217;aide d&#8217;un logiciel CAD-CAM pour cr\u00e9er le parfait cadre de patin \u00e0 roues align\u00e9es de 125 mm. Les essieux sont fabriqu\u00e9s en aluminium de s\u00e9rie 7000 afin de garantir qu&#8217;ils ne s&#8217;effriteront pas au fil du temps.<\/p>\n","protected":false},"featured_media":28619,"comment_status":"closed","ping_status":"closed","template":"","meta":{"site-sidebar-layout":"default","site-content-layout":"default","ast-site-content-layout":"default","site-content-style":"default","site-sidebar-style":"default","ast-global-header-display":"","ast-banner-title-visibility":"","ast-main-header-display":"","ast-hfb-above-header-display":"","ast-hfb-below-header-display":"","ast-hfb-mobile-header-display":"","site-post-title":"","ast-breadcrumbs-content":"","ast-featured-img":"","footer-sml-layout":"","theme-transparent-header-meta":"default","adv-header-id-meta":"","stick-header-meta":"","header-above-stick-meta":"","header-main-stick-meta":"","header-below-stick-meta":"","astra-migrate-meta-layouts":"default","ast-page-background-enabled":"default","ast-page-background-meta":{"desktop":{"background-color":"","background-image":"","background-repeat":"repeat","background-position":"center center","background-size":"auto","background-attachment":"scroll","background-type":"","background-media":"","overlay-type":"","overlay-color":"","overlay-opacity":"","overlay-gradient":""},"tablet":{"background-color":"","background-image":"","background-repeat":"repeat","background-position":"center center","background-size":"auto","background-attachment":"scroll","background-type":"","background-media":"","overlay-type":"","overlay-color":"","overlay-opacity":"","overlay-gradient":""},"mobile":{"background-color":"","background-image":"","background-repeat":"repeat","background-position":"center center","background-size":"auto","background-attachment":"scroll","background-type":"","background-media":"","overlay-type":"","overlay-color":"","overlay-opacity":"","overlay-gradient":""}},"ast-content-background-meta":{"desktop":{"background-color":"var(--ast-global-color-5)","background-image":"","background-repeat":"repeat","background-position":"center center","background-size":"auto","background-attachment":"scroll","background-type":"","background-media":"","overlay-type":"","overlay-color":"","overlay-opacity":"","overlay-gradient":""},"tablet":{"background-color":"var(--ast-global-color-5)","background-image":"","background-repeat":"repeat","background-position":"center center","background-size":"auto","background-attachment":"scroll","background-type":"","background-media":"","overlay-type":"","overlay-color":"","overlay-opacity":"","overlay-gradient":""},"mobile":{"background-color":"var(--ast-global-color-5)","background-image":"","background-repeat":"repeat","background-position":"center center","background-size":"auto","background-attachment":"scroll","background-type":"","background-media":"","overlay-type":"","overlay-color":"","overlay-opacity":"","overlay-gradient":""}}},"product_brand":[],"product_cat":[1766,1589],"product_tag":[],"class_list":{"0":"post-59791","1":"product","2":"type-product","3":"status-publish","4":"has-post-thumbnail","6":"product_cat-chassis","7":"product_cat-patinage-de-vitesse-a-roues-alignees","8":"desktop-align-center","9":"tablet-align-center","10":"mobile-align-center","11":"ast-product-gallery-layout-horizontal","12":"ast-product-tabs-layout-horizontal","13":"ast-qv-on-image","15":"first","16":"instock","17":"taxable","18":"shipping-taxable","19":"purchasable","20":"product-type-simple"},"bundled_by":[],"bundle_stock_status":"instock","bundle_stock_quantity":2,"bundle_virtual":false,"bundle_layout":"","bundle_add_to_cart_form_location":"","bundle_editable_in_cart":false,"bundle_sold_individually_context":"","bundle_item_grouping":"","bundle_min_size":"","bundle_max_size":"","bundle_price":[],"bundled_items":[],"bundle_sell_ids":[],"yoast_head":"<!-- This site is optimized with the Yoast SEO plugin v27.4 - https:\/\/yoast.com\/product\/yoast-seo-wordpress\/ -->\n<title>BONT CXXV 6061 frame - Xact Skate Shop<\/title>\n<meta name=\"description\" content=\"Cadre BONT CXXV 6061. Le contr\u00f4le parfait de la flexion du cadre Bont 125mm 2PT CXXV pour le patinage de vitesse en ligne est votre arme secr\u00e8te. Obtenez le v\u00f4tre ici !\" \/>\n<meta name=\"robots\" content=\"index, follow, max-snippet:-1, max-image-preview:large, max-video-preview:-1\" \/>\n<link rel=\"canonical\" href=\"https:\/\/xactskateshop.com\/fr\/produit\/cadre-bont-cxxv-3x125mm-2\/\" \/>\n<meta property=\"og:locale\" content=\"fr_FR\" \/>\n<meta property=\"og:type\" content=\"article\" \/>\n<meta property=\"og:title\" content=\"BONT CXXV 6061 frame - Xact Skate Shop\" \/>\n<meta property=\"og:description\" content=\"Cadre BONT CXXV 6061. Le contr\u00f4le parfait de la flexion du cadre Bont 125mm 2PT CXXV pour le patinage de vitesse en ligne est votre arme secr\u00e8te. Obtenez le v\u00f4tre ici !\" \/>\n<meta property=\"og:url\" content=\"https:\/\/xactskateshop.com\/fr\/produit\/cadre-bont-cxxv-3x125mm-2\/\" \/>\n<meta property=\"og:site_name\" content=\"Xact Skate Shop\" \/>\n<meta property=\"article:publisher\" content=\"https:\/\/www.facebook.com\/JeanLouiskateshop\" \/>\n<meta property=\"og:image\" content=\"https:\/\/xactskateshop.com\/wp-content\/uploads\/2021\/03\/2PF-CXXV-Black-12.8_Front.jpg\" \/>\n\t<meta property=\"og:image:width\" content=\"1000\" \/>\n\t<meta property=\"og:image:height\" content=\"1000\" \/>\n\t<meta property=\"og:image:type\" content=\"image\/jpeg\" \/>\n<meta name=\"twitter:card\" content=\"summary_large_image\" \/>\n<meta name=\"twitter:label1\" content=\"Dur\u00e9e de lecture estim\u00e9e\" \/>\n\t<meta name=\"twitter:data1\" content=\"1 minute\" \/>\n<script type=\"application\/ld+json\" class=\"yoast-schema-graph\">{\"@context\":\"https:\\\/\\\/schema.org\",\"@graph\":[{\"@type\":\"WebPage\",\"@id\":\"https:\\\/\\\/xactskateshop.com\\\/fr\\\/produit\\\/cadre-bont-cxxv-3x125mm-2\\\/\",\"url\":\"https:\\\/\\\/xactskateshop.com\\\/fr\\\/produit\\\/cadre-bont-cxxv-3x125mm-2\\\/\",\"name\":\"BONT CXXV 6061 frame - Xact Skate Shop\",\"isPartOf\":{\"@id\":\"http:\\\/\\\/xactskateshop.com\\\/fr\\\/#website\"},\"primaryImageOfPage\":{\"@id\":\"https:\\\/\\\/xactskateshop.com\\\/fr\\\/produit\\\/cadre-bont-cxxv-3x125mm-2\\\/#primaryimage\"},\"image\":{\"@id\":\"https:\\\/\\\/xactskateshop.com\\\/fr\\\/produit\\\/cadre-bont-cxxv-3x125mm-2\\\/#primaryimage\"},\"thumbnailUrl\":\"https:\\\/\\\/xactskateshop.com\\\/wp-content\\\/uploads\\\/2021\\\/03\\\/2PF-CXXV-Black-12.8_Front.jpg\",\"datePublished\":\"2021-03-01T19:59:45+00:00\",\"description\":\"Cadre BONT CXXV 6061. Le contr\u00f4le parfait de la flexion du cadre Bont 125mm 2PT CXXV pour le patinage de vitesse en ligne est votre arme secr\u00e8te. Obtenez le v\u00f4tre ici !\",\"breadcrumb\":{\"@id\":\"https:\\\/\\\/xactskateshop.com\\\/fr\\\/produit\\\/cadre-bont-cxxv-3x125mm-2\\\/#breadcrumb\"},\"inLanguage\":\"fr-FR\",\"potentialAction\":[{\"@type\":\"ReadAction\",\"target\":[\"https:\\\/\\\/xactskateshop.com\\\/fr\\\/produit\\\/cadre-bont-cxxv-3x125mm-2\\\/\"]}]},{\"@type\":\"ImageObject\",\"inLanguage\":\"fr-FR\",\"@id\":\"https:\\\/\\\/xactskateshop.com\\\/fr\\\/produit\\\/cadre-bont-cxxv-3x125mm-2\\\/#primaryimage\",\"url\":\"https:\\\/\\\/xactskateshop.com\\\/wp-content\\\/uploads\\\/2021\\\/03\\\/2PF-CXXV-Black-12.8_Front.jpg\",\"contentUrl\":\"https:\\\/\\\/xactskateshop.com\\\/wp-content\\\/uploads\\\/2021\\\/03\\\/2PF-CXXV-Black-12.8_Front.jpg\",\"width\":1000,\"height\":1000,\"caption\":\"cadre bont cxxv 6061\"},{\"@type\":\"BreadcrumbList\",\"@id\":\"https:\\\/\\\/xactskateshop.com\\\/fr\\\/produit\\\/cadre-bont-cxxv-3x125mm-2\\\/#breadcrumb\",\"itemListElement\":[{\"@type\":\"ListItem\",\"position\":1,\"name\":\"Home\",\"item\":\"https:\\\/\\\/xactskateshop.com\\\/fr\\\/accueil\\\/\"},{\"@type\":\"ListItem\",\"position\":2,\"name\":\"Boutique\",\"item\":\"https:\\\/\\\/xactskateshop.com\\\/shop\\\/\"},{\"@type\":\"ListItem\",\"position\":3,\"name\":\"Cadre BONT CXXV 3x125mm\"}]},{\"@type\":\"WebSite\",\"@id\":\"http:\\\/\\\/xactskateshop.com\\\/fr\\\/#website\",\"url\":\"http:\\\/\\\/xactskateshop.com\\\/fr\\\/\",\"name\":\"Xact Skate Shop\",\"description\":\"Un site utilisant WordPress\",\"publisher\":{\"@id\":\"http:\\\/\\\/xactskateshop.com\\\/fr\\\/#organization\"},\"potentialAction\":[{\"@type\":\"SearchAction\",\"target\":{\"@type\":\"EntryPoint\",\"urlTemplate\":\"http:\\\/\\\/xactskateshop.com\\\/fr\\\/?s={search_term_string}\"},\"query-input\":{\"@type\":\"PropertyValueSpecification\",\"valueRequired\":true,\"valueName\":\"search_term_string\"}}],\"inLanguage\":\"fr-FR\"},{\"@type\":\"Organization\",\"@id\":\"http:\\\/\\\/xactskateshop.com\\\/fr\\\/#organization\",\"name\":\"XACT Skate Shop\",\"url\":\"http:\\\/\\\/xactskateshop.com\\\/fr\\\/\",\"logo\":{\"@type\":\"ImageObject\",\"inLanguage\":\"fr-FR\",\"@id\":\"http:\\\/\\\/xactskateshop.com\\\/fr\\\/#\\\/schema\\\/logo\\\/image\\\/\",\"url\":\"http:\\\/\\\/xactskateshop.com\\\/wp-content\\\/uploads\\\/2024\\\/04\\\/xactskateshop-dot-com-avec-contour-noir-sans-fond-675x.jpg\",\"contentUrl\":\"http:\\\/\\\/xactskateshop.com\\\/wp-content\\\/uploads\\\/2024\\\/04\\\/xactskateshop-dot-com-avec-contour-noir-sans-fond-675x.jpg\",\"width\":675,\"height\":247,\"caption\":\"XACT Skate Shop\"},\"image\":{\"@id\":\"http:\\\/\\\/xactskateshop.com\\\/fr\\\/#\\\/schema\\\/logo\\\/image\\\/\"},\"sameAs\":[\"https:\\\/\\\/www.facebook.com\\\/JeanLouiskateshop\"]}]}<\/script>\n<!-- \/ Yoast SEO plugin. -->","yoast_head_json":{"title":"BONT CXXV 6061 frame - Xact Skate Shop","description":"Cadre BONT CXXV 6061. Le contr\u00f4le parfait de la flexion du cadre Bont 125mm 2PT CXXV pour le patinage de vitesse en ligne est votre arme secr\u00e8te. Obtenez le v\u00f4tre ici !","robots":{"index":"index","follow":"follow","max-snippet":"max-snippet:-1","max-image-preview":"max-image-preview:large","max-video-preview":"max-video-preview:-1"},"canonical":"https:\/\/xactskateshop.com\/fr\/produit\/cadre-bont-cxxv-3x125mm-2\/","og_locale":"fr_FR","og_type":"article","og_title":"BONT CXXV 6061 frame - Xact Skate Shop","og_description":"Cadre BONT CXXV 6061. Le contr\u00f4le parfait de la flexion du cadre Bont 125mm 2PT CXXV pour le patinage de vitesse en ligne est votre arme secr\u00e8te. Obtenez le v\u00f4tre ici !","og_url":"https:\/\/xactskateshop.com\/fr\/produit\/cadre-bont-cxxv-3x125mm-2\/","og_site_name":"Xact Skate Shop","article_publisher":"https:\/\/www.facebook.com\/JeanLouiskateshop","og_image":[{"width":1000,"height":1000,"url":"https:\/\/xactskateshop.com\/wp-content\/uploads\/2021\/03\/2PF-CXXV-Black-12.8_Front.jpg","type":"image\/jpeg"}],"twitter_card":"summary_large_image","twitter_misc":{"Dur\u00e9e de lecture estim\u00e9e":"1 minute"},"schema":{"@context":"https:\/\/schema.org","@graph":[{"@type":"WebPage","@id":"https:\/\/xactskateshop.com\/fr\/produit\/cadre-bont-cxxv-3x125mm-2\/","url":"https:\/\/xactskateshop.com\/fr\/produit\/cadre-bont-cxxv-3x125mm-2\/","name":"BONT CXXV 6061 frame - Xact Skate Shop","isPartOf":{"@id":"http:\/\/xactskateshop.com\/fr\/#website"},"primaryImageOfPage":{"@id":"https:\/\/xactskateshop.com\/fr\/produit\/cadre-bont-cxxv-3x125mm-2\/#primaryimage"},"image":{"@id":"https:\/\/xactskateshop.com\/fr\/produit\/cadre-bont-cxxv-3x125mm-2\/#primaryimage"},"thumbnailUrl":"https:\/\/xactskateshop.com\/wp-content\/uploads\/2021\/03\/2PF-CXXV-Black-12.8_Front.jpg","datePublished":"2021-03-01T19:59:45+00:00","description":"Cadre BONT CXXV 6061. Le contr\u00f4le parfait de la flexion du cadre Bont 125mm 2PT CXXV pour le patinage de vitesse en ligne est votre arme secr\u00e8te. Obtenez le v\u00f4tre ici !","breadcrumb":{"@id":"https:\/\/xactskateshop.com\/fr\/produit\/cadre-bont-cxxv-3x125mm-2\/#breadcrumb"},"inLanguage":"fr-FR","potentialAction":[{"@type":"ReadAction","target":["https:\/\/xactskateshop.com\/fr\/produit\/cadre-bont-cxxv-3x125mm-2\/"]}]},{"@type":"ImageObject","inLanguage":"fr-FR","@id":"https:\/\/xactskateshop.com\/fr\/produit\/cadre-bont-cxxv-3x125mm-2\/#primaryimage","url":"https:\/\/xactskateshop.com\/wp-content\/uploads\/2021\/03\/2PF-CXXV-Black-12.8_Front.jpg","contentUrl":"https:\/\/xactskateshop.com\/wp-content\/uploads\/2021\/03\/2PF-CXXV-Black-12.8_Front.jpg","width":1000,"height":1000,"caption":"cadre bont cxxv 6061"},{"@type":"BreadcrumbList","@id":"https:\/\/xactskateshop.com\/fr\/produit\/cadre-bont-cxxv-3x125mm-2\/#breadcrumb","itemListElement":[{"@type":"ListItem","position":1,"name":"Home","item":"https:\/\/xactskateshop.com\/fr\/accueil\/"},{"@type":"ListItem","position":2,"name":"Boutique","item":"https:\/\/xactskateshop.com\/shop\/"},{"@type":"ListItem","position":3,"name":"Cadre BONT CXXV 3x125mm"}]},{"@type":"WebSite","@id":"http:\/\/xactskateshop.com\/fr\/#website","url":"http:\/\/xactskateshop.com\/fr\/","name":"Xact Skate Shop","description":"Un site utilisant WordPress","publisher":{"@id":"http:\/\/xactskateshop.com\/fr\/#organization"},"potentialAction":[{"@type":"SearchAction","target":{"@type":"EntryPoint","urlTemplate":"http:\/\/xactskateshop.com\/fr\/?s={search_term_string}"},"query-input":{"@type":"PropertyValueSpecification","valueRequired":true,"valueName":"search_term_string"}}],"inLanguage":"fr-FR"},{"@type":"Organization","@id":"http:\/\/xactskateshop.com\/fr\/#organization","name":"XACT Skate Shop","url":"http:\/\/xactskateshop.com\/fr\/","logo":{"@type":"ImageObject","inLanguage":"fr-FR","@id":"http:\/\/xactskateshop.com\/fr\/#\/schema\/logo\/image\/","url":"http:\/\/xactskateshop.com\/wp-content\/uploads\/2024\/04\/xactskateshop-dot-com-avec-contour-noir-sans-fond-675x.jpg","contentUrl":"http:\/\/xactskateshop.com\/wp-content\/uploads\/2024\/04\/xactskateshop-dot-com-avec-contour-noir-sans-fond-675x.jpg","width":675,"height":247,"caption":"XACT Skate Shop"},"image":{"@id":"http:\/\/xactskateshop.com\/fr\/#\/schema\/logo\/image\/"},"sameAs":["https:\/\/www.facebook.com\/JeanLouiskateshop"]}]}},"_links":{"self":[{"href":"https:\/\/xactskateshop.com\/fr\/wp-json\/wp\/v2\/product\/59791","targetHints":{"allow":["GET"]}}],"collection":[{"href":"https:\/\/xactskateshop.com\/fr\/wp-json\/wp\/v2\/product"}],"about":[{"href":"https:\/\/xactskateshop.com\/fr\/wp-json\/wp\/v2\/types\/product"}],"replies":[{"embeddable":true,"href":"https:\/\/xactskateshop.com\/fr\/wp-json\/wp\/v2\/comments?post=59791"}],"wp:featuredmedia":[{"embeddable":true,"href":"https:\/\/xactskateshop.com\/fr\/wp-json\/wp\/v2\/media\/28619"}],"wp:attachment":[{"href":"https:\/\/xactskateshop.com\/fr\/wp-json\/wp\/v2\/media?parent=59791"}],"wp:term":[{"taxonomy":"product_brand","embeddable":true,"href":"https:\/\/xactskateshop.com\/fr\/wp-json\/wp\/v2\/product_brand?post=59791"},{"taxonomy":"product_cat","embeddable":true,"href":"https:\/\/xactskateshop.com\/fr\/wp-json\/wp\/v2\/product_cat?post=59791"},{"taxonomy":"product_tag","embeddable":true,"href":"https:\/\/xactskateshop.com\/fr\/wp-json\/wp\/v2\/product_tag?post=59791"}],"curies":[{"name":"wp","href":"https:\/\/api.w.org\/{rel}","templated":true}]}}