{"id":59766,"date":"2021-03-01T14:40:19","date_gmt":"2021-03-01T19:40:19","guid":{"rendered":"http:\/\/xactskateshop.com\/product\/cadre-bont-carbon-supercell-2pt-195mm\/"},"modified":"2021-03-01T14:40:19","modified_gmt":"2021-03-01T19:40:19","slug":"cadre-bont-carbon-supercell-2pt-195mm","status":"publish","type":"product","link":"https:\/\/xactskateshop.com\/fr\/produit\/cadre-bont-carbon-supercell-2pt-195mm\/","title":{"rendered":"Cadre BONT Carbon Supercell 2PT 195mm"},"content":{"rendered":"<p>Cadre inline en carbone Bont<\/p>\n<p>Le Supercell est la nouvelle g\u00e9n\u00e9ration de cadres en carbone. Il all\u00e8ge le cadre tout en le rendant plus r\u00e9sistant aux chocs.<\/p>\n<p>Le carbone est un mat\u00e9riau extr\u00eamement r\u00e9sistant lorsqu&#8217;il est courb\u00e9. Nous avons con\u00e7u le cadre Supercell pour qu&#8217;il soit incurv\u00e9 sous tous les angles afin de produire une structure extr\u00eamement rigide et l&#8217;un des cadres les plus rigides jamais fabriqu\u00e9s.<\/p>\n<p>Pour s&#8217;adapter \u00e0 votre style de patinage et \u00e0 votre look, le Supercell est disponible en deux niveaux de rigidit\u00e9, en bleu ou en or, et en finition brillante ou mate. Le cadre Firm est bien adapt\u00e9 au patinage en salle, sur piste et sur route et pr\u00e9sente une l\u00e9g\u00e8re flexion. Le cadre XXFirm est quant \u00e0 lui mieux adapt\u00e9 au patinage sur route.<\/p>\n<h2><strong>13.2&#8243; 4* 110mm Sp\u00e9cifications<\/strong><\/h2>\n<ul>\n<li><strong>Montage :<\/strong> 2 points 195mm<\/li>\n<li><strong>Longueur :<\/strong> 13.2&#8243;<\/li>\n<li><strong>Poids :<\/strong> 165g ferme, 185g XXFirm<\/li>\n<li><strong>Hauteur du plateau (du centre de l&#8217;axe au sommet du cadre) : <\/strong>Avant 49.5mm Arri\u00e8re 60mm<\/li>\n<li><strong>Mat\u00e9riau :<\/strong> Fibre de carbone<\/li>\n<li><strong>Rigidit\u00e9 :<\/strong> Ferme, XXFirm<\/li>\n<li><strong>Finition :<\/strong> Mat, brillant<\/li>\n<\/ul>\n<h2><strong>13&#8243; 3* 125mm Sp\u00e9cifications<\/strong><\/h2>\n<ul>\n<li><strong>Montage :<\/strong> 2 points 195mm<\/li>\n<li><strong>Longueur :<\/strong> 13&#8243;<\/li>\n<li><strong>Poids :<\/strong> 180g XXFirm<\/li>\n<li><strong>Hauteur du plateau (du centre de l&#8217;axe au sommet du cadre) : <\/strong>Avant 49.5mm Arri\u00e8re 60mm<\/li>\n<li><strong>Mat\u00e9riau :<\/strong> Fibre de carbone<\/li>\n<li><strong>Rigidit\u00e9 :<\/strong> XXFirm<\/li>\n<li><strong>Finition :<\/strong> Mat, brillant<\/li>\n<\/ul>\n<p>1 paire de cadres avec axes, entretoises et cl\u00e9 Allen<\/p>\n<p><em>Notes :<\/em><\/p>\n<p><em>&#8211; N&#8217;utilisez que des essieux Bont Supercell avec le cadre Supercell.  <\/em><\/p>\n<p><em>&#8211; Les essieux Supercell 2.0 ne peuvent pas \u00eatre utilis\u00e9s avec les cadres Supercell de premi\u00e8re g\u00e9n\u00e9ration. Si vous avez besoin d&#8217;essieux de remplacement pour notre Supercell de premi\u00e8re g\u00e9n\u00e9ration, veuillez nous contacter \u00e0 l&#8217;adresse info@bont.ca.<\/em><\/p>\n<p>Voir d&#8217;autres cadres <a href=\"http:\/\/xactskateshop.com\/product-category\/inline-speed-skating\/inline-speed-skating-frames\/\">ici<\/a><\/p>\n<p>Vous pouvez \u00e9galement l&#8217;acheter <a href=\"https:\/\/bont.ca\/collections\/inline-skate-frames\/products\/supercell-2-0-inline-frame\">ici<\/a><\/p>\n","protected":false},"excerpt":{"rendered":"<p>Cadre inline en carbone Bont<\/p>\n<p>Le Supercell est la nouvelle g\u00e9n\u00e9ration de cadres en carbone. Il all\u00e8ge le cadre tout en le rendant plus r\u00e9sistant aux chocs.<\/p>\n<p>Le carbone est un mat\u00e9riau extr\u00eamement r\u00e9sistant lorsqu&#8217;il est courb\u00e9. Nous avons con\u00e7u le cadre Supercell pour qu&#8217;il soit incurv\u00e9 sous tous les angles afin de produire une structure extr\u00eamement rigide et l&#8217;un des cadres les plus rigides jamais fabriqu\u00e9s.<\/p>\n<p>Pour s&#8217;adapter \u00e0 votre style de patinage et \u00e0 votre look, le Supercell est disponible en deux niveaux de rigidit\u00e9, en bleu ou en or, et en finition brillante ou mate. Le cadre Firm est bien adapt\u00e9 au patinage en salle, sur piste et sur route et pr\u00e9sente une l\u00e9g\u00e8re flexion. Le cadre XXFirm est quant \u00e0 lui mieux adapt\u00e9 au patinage sur route.<\/p>\n","protected":false},"featured_media":28611,"comment_status":"closed","ping_status":"closed","template":"","meta":{"site-sidebar-layout":"default","site-content-layout":"default","ast-site-content-layout":"default","site-content-style":"default","site-sidebar-style":"default","ast-global-header-display":"","ast-banner-title-visibility":"","ast-main-header-display":"","ast-hfb-above-header-display":"","ast-hfb-below-header-display":"","ast-hfb-mobile-header-display":"","site-post-title":"","ast-breadcrumbs-content":"","ast-featured-img":"","footer-sml-layout":"","theme-transparent-header-meta":"default","adv-header-id-meta":"","stick-header-meta":"","header-above-stick-meta":"","header-main-stick-meta":"","header-below-stick-meta":"","astra-migrate-meta-layouts":"default","ast-page-background-enabled":"default","ast-page-background-meta":{"desktop":{"background-color":"","background-image":"","background-repeat":"repeat","background-position":"center center","background-size":"auto","background-attachment":"scroll","background-type":"","background-media":"","overlay-type":"","overlay-color":"","overlay-opacity":"","overlay-gradient":""},"tablet":{"background-color":"","background-image":"","background-repeat":"repeat","background-position":"center center","background-size":"auto","background-attachment":"scroll","background-type":"","background-media":"","overlay-type":"","overlay-color":"","overlay-opacity":"","overlay-gradient":""},"mobile":{"background-color":"","background-image":"","background-repeat":"repeat","background-position":"center center","background-size":"auto","background-attachment":"scroll","background-type":"","background-media":"","overlay-type":"","overlay-color":"","overlay-opacity":"","overlay-gradient":""}},"ast-content-background-meta":{"desktop":{"background-color":"var(--ast-global-color-5)","background-image":"","background-repeat":"repeat","background-position":"center center","background-size":"auto","background-attachment":"scroll","background-type":"","background-media":"","overlay-type":"","overlay-color":"","overlay-opacity":"","overlay-gradient":""},"tablet":{"background-color":"var(--ast-global-color-5)","background-image":"","background-repeat":"repeat","background-position":"center center","background-size":"auto","background-attachment":"scroll","background-type":"","background-media":"","overlay-type":"","overlay-color":"","overlay-opacity":"","overlay-gradient":""},"mobile":{"background-color":"var(--ast-global-color-5)","background-image":"","background-repeat":"repeat","background-position":"center center","background-size":"auto","background-attachment":"scroll","background-type":"","background-media":"","overlay-type":"","overlay-color":"","overlay-opacity":"","overlay-gradient":""}}},"product_brand":[],"product_cat":[1766,1589],"product_tag":[],"class_list":{"0":"post-59766","1":"product","2":"type-product","3":"status-publish","4":"has-post-thumbnail","6":"product_cat-chassis","7":"product_cat-patinage-de-vitesse-a-roues-alignees","8":"desktop-align-center","9":"tablet-align-center","10":"mobile-align-center","11":"ast-product-gallery-layout-horizontal","12":"ast-product-single-variable","13":"ast-product-tabs-layout-horizontal","14":"ast-qv-on-image","16":"first","17":"instock","18":"taxable","19":"shipping-taxable","20":"purchasable","21":"product-type-variable"},"bundled_by":[],"bundle_stock_status":"instock","bundle_stock_quantity":null,"bundle_virtual":false,"bundle_layout":"","bundle_add_to_cart_form_location":"","bundle_editable_in_cart":false,"bundle_sold_individually_context":"","bundle_item_grouping":"","bundle_min_size":"","bundle_max_size":"","bundle_price":[],"bundled_items":[],"bundle_sell_ids":[],"yoast_head":"<!-- This site is optimized with the Yoast SEO plugin v27.4 - https:\/\/yoast.com\/product\/yoast-seo-wordpress\/ -->\n<title>Bont Carbon inline frame - Xact Skate Shop<\/title>\n<meta name=\"description\" content=\"Cadre inline en carbone Bont. All\u00e9ger le cadre tout en le rendant plus r\u00e9sistant aux chocs, le Supercell est la nouvelle g\u00e9n\u00e9ration de cadres en carbone.\" \/>\n<meta name=\"robots\" content=\"index, follow, max-snippet:-1, max-image-preview:large, max-video-preview:-1\" \/>\n<link rel=\"canonical\" href=\"https:\/\/xactskateshop.com\/fr\/produit\/cadre-bont-carbon-supercell-2pt-195mm\/\" \/>\n<meta property=\"og:locale\" content=\"fr_FR\" \/>\n<meta property=\"og:type\" content=\"article\" \/>\n<meta property=\"og:title\" content=\"Bont Carbon inline frame - Xact Skate Shop\" \/>\n<meta property=\"og:description\" content=\"Cadre inline en carbone Bont. All\u00e9ger le cadre tout en le rendant plus r\u00e9sistant aux chocs, le Supercell est la nouvelle g\u00e9n\u00e9ration de cadres en carbone.\" \/>\n<meta property=\"og:url\" content=\"https:\/\/xactskateshop.com\/fr\/produit\/cadre-bont-carbon-supercell-2pt-195mm\/\" \/>\n<meta property=\"og:site_name\" content=\"Xact Skate Shop\" \/>\n<meta property=\"article:publisher\" content=\"https:\/\/www.facebook.com\/JeanLouiskateshop\" \/>\n<meta property=\"og:image\" content=\"https:\/\/xactskateshop.com\/wp-content\/uploads\/2021\/03\/SuperCell-Shiny-13.2_Front.jpg\" \/>\n\t<meta property=\"og:image:width\" content=\"1000\" \/>\n\t<meta property=\"og:image:height\" content=\"1000\" \/>\n\t<meta property=\"og:image:type\" content=\"image\/jpeg\" \/>\n<meta name=\"twitter:card\" content=\"summary_large_image\" \/>\n<meta name=\"twitter:label1\" content=\"Dur\u00e9e de lecture estim\u00e9e\" \/>\n\t<meta name=\"twitter:data1\" content=\"1 minute\" \/>\n<script type=\"application\/ld+json\" class=\"yoast-schema-graph\">{\"@context\":\"https:\\\/\\\/schema.org\",\"@graph\":[{\"@type\":\"WebPage\",\"@id\":\"https:\\\/\\\/xactskateshop.com\\\/fr\\\/produit\\\/cadre-bont-carbon-supercell-2pt-195mm\\\/\",\"url\":\"https:\\\/\\\/xactskateshop.com\\\/fr\\\/produit\\\/cadre-bont-carbon-supercell-2pt-195mm\\\/\",\"name\":\"Bont Carbon inline frame - Xact Skate Shop\",\"isPartOf\":{\"@id\":\"http:\\\/\\\/xactskateshop.com\\\/fr\\\/#website\"},\"primaryImageOfPage\":{\"@id\":\"https:\\\/\\\/xactskateshop.com\\\/fr\\\/produit\\\/cadre-bont-carbon-supercell-2pt-195mm\\\/#primaryimage\"},\"image\":{\"@id\":\"https:\\\/\\\/xactskateshop.com\\\/fr\\\/produit\\\/cadre-bont-carbon-supercell-2pt-195mm\\\/#primaryimage\"},\"thumbnailUrl\":\"https:\\\/\\\/xactskateshop.com\\\/wp-content\\\/uploads\\\/2021\\\/03\\\/SuperCell-Shiny-13.2_Front.jpg\",\"datePublished\":\"2021-03-01T19:40:19+00:00\",\"description\":\"Cadre inline en carbone Bont. All\u00e9ger le cadre tout en le rendant plus r\u00e9sistant aux chocs, le Supercell est la nouvelle g\u00e9n\u00e9ration de cadres en carbone.\",\"breadcrumb\":{\"@id\":\"https:\\\/\\\/xactskateshop.com\\\/fr\\\/produit\\\/cadre-bont-carbon-supercell-2pt-195mm\\\/#breadcrumb\"},\"inLanguage\":\"fr-FR\",\"potentialAction\":[{\"@type\":\"ReadAction\",\"target\":[\"https:\\\/\\\/xactskateshop.com\\\/fr\\\/produit\\\/cadre-bont-carbon-supercell-2pt-195mm\\\/\"]}]},{\"@type\":\"ImageObject\",\"inLanguage\":\"fr-FR\",\"@id\":\"https:\\\/\\\/xactskateshop.com\\\/fr\\\/produit\\\/cadre-bont-carbon-supercell-2pt-195mm\\\/#primaryimage\",\"url\":\"https:\\\/\\\/xactskateshop.com\\\/wp-content\\\/uploads\\\/2021\\\/03\\\/SuperCell-Shiny-13.2_Front.jpg\",\"contentUrl\":\"https:\\\/\\\/xactskateshop.com\\\/wp-content\\\/uploads\\\/2021\\\/03\\\/SuperCell-Shiny-13.2_Front.jpg\",\"width\":1000,\"height\":1000,\"caption\":\"Cadre inline en carbone Bont\"},{\"@type\":\"BreadcrumbList\",\"@id\":\"https:\\\/\\\/xactskateshop.com\\\/fr\\\/produit\\\/cadre-bont-carbon-supercell-2pt-195mm\\\/#breadcrumb\",\"itemListElement\":[{\"@type\":\"ListItem\",\"position\":1,\"name\":\"Home\",\"item\":\"https:\\\/\\\/xactskateshop.com\\\/fr\\\/accueil\\\/\"},{\"@type\":\"ListItem\",\"position\":2,\"name\":\"Boutique\",\"item\":\"https:\\\/\\\/xactskateshop.com\\\/shop\\\/\"},{\"@type\":\"ListItem\",\"position\":3,\"name\":\"Cadre BONT Carbon Supercell 2PT 195mm\"}]},{\"@type\":\"WebSite\",\"@id\":\"http:\\\/\\\/xactskateshop.com\\\/fr\\\/#website\",\"url\":\"http:\\\/\\\/xactskateshop.com\\\/fr\\\/\",\"name\":\"Xact Skate Shop\",\"description\":\"Un site utilisant WordPress\",\"publisher\":{\"@id\":\"http:\\\/\\\/xactskateshop.com\\\/fr\\\/#organization\"},\"potentialAction\":[{\"@type\":\"SearchAction\",\"target\":{\"@type\":\"EntryPoint\",\"urlTemplate\":\"http:\\\/\\\/xactskateshop.com\\\/fr\\\/?s={search_term_string}\"},\"query-input\":{\"@type\":\"PropertyValueSpecification\",\"valueRequired\":true,\"valueName\":\"search_term_string\"}}],\"inLanguage\":\"fr-FR\"},{\"@type\":\"Organization\",\"@id\":\"http:\\\/\\\/xactskateshop.com\\\/fr\\\/#organization\",\"name\":\"XACT Skate Shop\",\"url\":\"http:\\\/\\\/xactskateshop.com\\\/fr\\\/\",\"logo\":{\"@type\":\"ImageObject\",\"inLanguage\":\"fr-FR\",\"@id\":\"http:\\\/\\\/xactskateshop.com\\\/fr\\\/#\\\/schema\\\/logo\\\/image\\\/\",\"url\":\"http:\\\/\\\/xactskateshop.com\\\/wp-content\\\/uploads\\\/2024\\\/04\\\/xactskateshop-dot-com-avec-contour-noir-sans-fond-675x.jpg\",\"contentUrl\":\"http:\\\/\\\/xactskateshop.com\\\/wp-content\\\/uploads\\\/2024\\\/04\\\/xactskateshop-dot-com-avec-contour-noir-sans-fond-675x.jpg\",\"width\":675,\"height\":247,\"caption\":\"XACT Skate Shop\"},\"image\":{\"@id\":\"http:\\\/\\\/xactskateshop.com\\\/fr\\\/#\\\/schema\\\/logo\\\/image\\\/\"},\"sameAs\":[\"https:\\\/\\\/www.facebook.com\\\/JeanLouiskateshop\"]}]}<\/script>\n<!-- \/ Yoast SEO plugin. -->","yoast_head_json":{"title":"Bont Carbon inline frame - Xact Skate Shop","description":"Cadre inline en carbone Bont. All\u00e9ger le cadre tout en le rendant plus r\u00e9sistant aux chocs, le Supercell est la nouvelle g\u00e9n\u00e9ration de cadres en carbone.","robots":{"index":"index","follow":"follow","max-snippet":"max-snippet:-1","max-image-preview":"max-image-preview:large","max-video-preview":"max-video-preview:-1"},"canonical":"https:\/\/xactskateshop.com\/fr\/produit\/cadre-bont-carbon-supercell-2pt-195mm\/","og_locale":"fr_FR","og_type":"article","og_title":"Bont Carbon inline frame - Xact Skate Shop","og_description":"Cadre inline en carbone Bont. All\u00e9ger le cadre tout en le rendant plus r\u00e9sistant aux chocs, le Supercell est la nouvelle g\u00e9n\u00e9ration de cadres en carbone.","og_url":"https:\/\/xactskateshop.com\/fr\/produit\/cadre-bont-carbon-supercell-2pt-195mm\/","og_site_name":"Xact Skate Shop","article_publisher":"https:\/\/www.facebook.com\/JeanLouiskateshop","og_image":[{"width":1000,"height":1000,"url":"https:\/\/xactskateshop.com\/wp-content\/uploads\/2021\/03\/SuperCell-Shiny-13.2_Front.jpg","type":"image\/jpeg"}],"twitter_card":"summary_large_image","twitter_misc":{"Dur\u00e9e de lecture estim\u00e9e":"1 minute"},"schema":{"@context":"https:\/\/schema.org","@graph":[{"@type":"WebPage","@id":"https:\/\/xactskateshop.com\/fr\/produit\/cadre-bont-carbon-supercell-2pt-195mm\/","url":"https:\/\/xactskateshop.com\/fr\/produit\/cadre-bont-carbon-supercell-2pt-195mm\/","name":"Bont Carbon inline frame - Xact Skate Shop","isPartOf":{"@id":"http:\/\/xactskateshop.com\/fr\/#website"},"primaryImageOfPage":{"@id":"https:\/\/xactskateshop.com\/fr\/produit\/cadre-bont-carbon-supercell-2pt-195mm\/#primaryimage"},"image":{"@id":"https:\/\/xactskateshop.com\/fr\/produit\/cadre-bont-carbon-supercell-2pt-195mm\/#primaryimage"},"thumbnailUrl":"https:\/\/xactskateshop.com\/wp-content\/uploads\/2021\/03\/SuperCell-Shiny-13.2_Front.jpg","datePublished":"2021-03-01T19:40:19+00:00","description":"Cadre inline en carbone Bont. All\u00e9ger le cadre tout en le rendant plus r\u00e9sistant aux chocs, le Supercell est la nouvelle g\u00e9n\u00e9ration de cadres en carbone.","breadcrumb":{"@id":"https:\/\/xactskateshop.com\/fr\/produit\/cadre-bont-carbon-supercell-2pt-195mm\/#breadcrumb"},"inLanguage":"fr-FR","potentialAction":[{"@type":"ReadAction","target":["https:\/\/xactskateshop.com\/fr\/produit\/cadre-bont-carbon-supercell-2pt-195mm\/"]}]},{"@type":"ImageObject","inLanguage":"fr-FR","@id":"https:\/\/xactskateshop.com\/fr\/produit\/cadre-bont-carbon-supercell-2pt-195mm\/#primaryimage","url":"https:\/\/xactskateshop.com\/wp-content\/uploads\/2021\/03\/SuperCell-Shiny-13.2_Front.jpg","contentUrl":"https:\/\/xactskateshop.com\/wp-content\/uploads\/2021\/03\/SuperCell-Shiny-13.2_Front.jpg","width":1000,"height":1000,"caption":"Cadre inline en carbone Bont"},{"@type":"BreadcrumbList","@id":"https:\/\/xactskateshop.com\/fr\/produit\/cadre-bont-carbon-supercell-2pt-195mm\/#breadcrumb","itemListElement":[{"@type":"ListItem","position":1,"name":"Home","item":"https:\/\/xactskateshop.com\/fr\/accueil\/"},{"@type":"ListItem","position":2,"name":"Boutique","item":"https:\/\/xactskateshop.com\/shop\/"},{"@type":"ListItem","position":3,"name":"Cadre BONT Carbon Supercell 2PT 195mm"}]},{"@type":"WebSite","@id":"http:\/\/xactskateshop.com\/fr\/#website","url":"http:\/\/xactskateshop.com\/fr\/","name":"Xact Skate Shop","description":"Un site utilisant WordPress","publisher":{"@id":"http:\/\/xactskateshop.com\/fr\/#organization"},"potentialAction":[{"@type":"SearchAction","target":{"@type":"EntryPoint","urlTemplate":"http:\/\/xactskateshop.com\/fr\/?s={search_term_string}"},"query-input":{"@type":"PropertyValueSpecification","valueRequired":true,"valueName":"search_term_string"}}],"inLanguage":"fr-FR"},{"@type":"Organization","@id":"http:\/\/xactskateshop.com\/fr\/#organization","name":"XACT Skate Shop","url":"http:\/\/xactskateshop.com\/fr\/","logo":{"@type":"ImageObject","inLanguage":"fr-FR","@id":"http:\/\/xactskateshop.com\/fr\/#\/schema\/logo\/image\/","url":"http:\/\/xactskateshop.com\/wp-content\/uploads\/2024\/04\/xactskateshop-dot-com-avec-contour-noir-sans-fond-675x.jpg","contentUrl":"http:\/\/xactskateshop.com\/wp-content\/uploads\/2024\/04\/xactskateshop-dot-com-avec-contour-noir-sans-fond-675x.jpg","width":675,"height":247,"caption":"XACT Skate Shop"},"image":{"@id":"http:\/\/xactskateshop.com\/fr\/#\/schema\/logo\/image\/"},"sameAs":["https:\/\/www.facebook.com\/JeanLouiskateshop"]}]}},"_links":{"self":[{"href":"https:\/\/xactskateshop.com\/fr\/wp-json\/wp\/v2\/product\/59766","targetHints":{"allow":["GET"]}}],"collection":[{"href":"https:\/\/xactskateshop.com\/fr\/wp-json\/wp\/v2\/product"}],"about":[{"href":"https:\/\/xactskateshop.com\/fr\/wp-json\/wp\/v2\/types\/product"}],"replies":[{"embeddable":true,"href":"https:\/\/xactskateshop.com\/fr\/wp-json\/wp\/v2\/comments?post=59766"}],"wp:featuredmedia":[{"embeddable":true,"href":"https:\/\/xactskateshop.com\/fr\/wp-json\/wp\/v2\/media\/28611"}],"wp:attachment":[{"href":"https:\/\/xactskateshop.com\/fr\/wp-json\/wp\/v2\/media?parent=59766"}],"wp:term":[{"taxonomy":"product_brand","embeddable":true,"href":"https:\/\/xactskateshop.com\/fr\/wp-json\/wp\/v2\/product_brand?post=59766"},{"taxonomy":"product_cat","embeddable":true,"href":"https:\/\/xactskateshop.com\/fr\/wp-json\/wp\/v2\/product_cat?post=59766"},{"taxonomy":"product_tag","embeddable":true,"href":"https:\/\/xactskateshop.com\/fr\/wp-json\/wp\/v2\/product_tag?post=59766"}],"curies":[{"name":"wp","href":"https:\/\/api.w.org\/{rel}","templated":true}]}}