{"id":59765,"date":"2021-02-18T15:09:16","date_gmt":"2021-02-18T20:09:16","guid":{"rendered":"http:\/\/xactskateshop.com\/product\/roues-bont-fxx-pink-63mm-x-44mm-8\/"},"modified":"2021-02-18T15:09:16","modified_gmt":"2021-02-18T20:09:16","slug":"roues-bont-fxx-pink-63mm-x-44mm-8","status":"publish","type":"product","link":"https:\/\/xactskateshop.com\/fr\/produit\/roues-bont-fxx-pink-63mm-x-44mm-8\/","title":{"rendered":"Roues BONT FXX PINK 63mm x 44mm (8)"},"content":{"rendered":"<p>BONT FXX WHEELS PINK<\/p>\n<p>Nous vous pr\u00e9sentons les fameuses roues de roller Bont FXX, d\u00e9sormais disponibles en \u00e9dition limit\u00e9e exclusive, avec diff\u00e9rentes tailles, diff\u00e9rents niveaux de duret\u00e9 et des couleurs vibrantes. Agissez rapidement pour s\u00e9curiser votre commande &#8211; chaque version est unique, et il est possible que nous ne proposions pas deux fois la m\u00eame roue. <\/p>\n<p>Ces roues FXX sont une version am\u00e9lior\u00e9e des roues de patins \u00e0 roulettes FXX originales, avec des caract\u00e9ristiques am\u00e9lior\u00e9es pour une performance optimale. Gardez un \u0153il sur votre bo\u00eete de r\u00e9ception car nous annon\u00e7ons la pr\u00e9vente de chaque \u00e9dition limit\u00e9e par le biais de notre infolettre. Cette opportunit\u00e9 exclusive permet \u00e0 nos VIP de s&#8217;emparer d&#8217;un ensemble avant qu&#8217;il ne soit \u00e9puis\u00e9. Rejoignez notre liste de diffusion d\u00e8s aujourd&#8217;hui pour participer \u00e0 l&#8217;action !<\/p>\n<p>La FXX est une roue l\u00e9g\u00e8re et performante, compos\u00e9e d&#8217;ur\u00e9thane de haute qualit\u00e9 et d&#8217;un moyeu en aluminium, pour une combinaison optimale d&#8217;adh\u00e9rence et de roulis. Fabriqu\u00e9e avec le meilleur ur\u00e9thane des \u00c9tats-Unis, la FXX utilise un moyeu technique \u00e0 5 branches pour des performances l\u00e9g\u00e8res et haut de gamme. Le moyeu en aluminium permet une rigidit\u00e9 et un contr\u00f4le in\u00e9gal\u00e9s, ce qui se traduit par des bordures brillantes et une agilit\u00e9 maximale.  <\/p>\n<p>Le FXX est disponible en 96a, avec d&#8217;excellentes propri\u00e9t\u00e9s de rebond et d&#8217;usure. Elles sont super rapides et incroyablement adh\u00e9rantes tout en permettant de d\u00e9rapper et s&#8217;arr\u00eater instantan\u00e9ment. La taille de 62&#215;44 mm offre une plus grande surface pour des pouss\u00e9es plus longues et une puissance maximale, ce qui en fait le meilleur choix pour le patinage de vitesse.<\/p>\n<p>En nous inspirant de notre roue de patinage de vitesse en ligne qui a remport\u00e9 plusieurs championnats du monde de patinage de vitesse en ligne, nous avons adapt\u00e9 l&#8217;une de nos meilleures formules de roue de vitesse en ligne sur la FXX pour le patinage \u00e0 roulettes. C&#8217;est du jamais vu pour une roue de roller. Personne n&#8217;utilise les meilleures formules de course en ligne pour les roues de patins \u00e0 roulettes.   Lorsque nous avons parl\u00e9 aux fabricants de roues de l&#8217;utilisation d&#8217;une formule inline sup\u00e9rieure dans une roue de patin \u00e0 roulettes, voici ce qu&#8217;ils ont r\u00e9pondu : &#8220;Cela co\u00fbtera trop cher, les patineurs \u00e0 roulettes ne veulent pas payer plus de 200 dollars pour une paire de roues, quelle que soit leur qualit\u00e9&#8221;. Les patineurs \u00e0 roulettes ne peuvent pas faire la diff\u00e9rence entre un ur\u00e9thane haut de gamme et un ur\u00e9thane bas de gamme. Et &#8220;notre ur\u00e9thane standard pour patins \u00e0 roulettes haut de gamme est suffisamment bon&#8221;. Nous nous sommes dit &#8220;tant pis&#8221; et avons commenc\u00e9 \u00e0 tester des roues utilisant des ur\u00e9thanes plus exotiques, jusqu&#8217;alors r\u00e9serv\u00e9s aux coureurs en ligne. Le r\u00e9sultat, \u00e0 notre avis, est la meilleure roue de patins \u00e0 roulettes produite en s\u00e9rie jamais fabriqu\u00e9e. Nous sommes convaincus que vous appr\u00e9cierez les efforts que nous avons d\u00e9ploy\u00e9s pour mettre cette roue sur le march\u00e9.     <\/p>\n<p><strong>Taille et duret\u00e9 :<\/strong><\/p>\n<ul>\n<li>Speed 63 x 44mm &#8211; Rose 96A<\/li>\n<\/ul>\n<p><strong>Application :<\/strong> Int\u00e9rieur<\/p>\n<p>Vendu par lot de 8<\/p>\n<p>Utilise des roulements 608 tels que Bont <a href=\"http:\/\/xactskateshop.com\/product\/bont-abec-5-bearings-8mm-16-pack\/\">AEBC5<\/a>, <a href=\"http:\/\/xactskateshop.com\/product\/bont-abec-7-bearings-8mm-16-pack\/\">ABEC7<\/a>, <a href=\"http:\/\/xactskateshop.com\/product\/bont-jesa-black-bearings\/\">Black Series<\/a> et <a href=\"http:\/\/xactskateshop.com\/product\/bont-jesa-ceramic-bearings\/\">Ceramic<\/a>. Le FXX n&#8217;utilise pas de mini-roulements<\/p>\n","protected":false},"excerpt":{"rendered":"<p>BONT FXX WHEELS PINK<\/p>\n<p>Nous vous pr\u00e9sentons les fameuses roues de roller Bont FXX, d\u00e9sormais disponibles en \u00e9dition limit\u00e9e exclusive, avec diff\u00e9rentes tailles, diff\u00e9rents niveaux de duret\u00e9 et des couleurs vibrantes. Agissez rapidement pour s\u00e9curiser votre commande &#8211; chaque version est unique, et il est possible que nous ne proposions pas deux fois la m\u00eame roue. <\/p>\n","protected":false},"featured_media":30234,"comment_status":"closed","ping_status":"closed","template":"","meta":{"site-sidebar-layout":"default","site-content-layout":"default","ast-site-content-layout":"default","site-content-style":"default","site-sidebar-style":"default","ast-global-header-display":"","ast-banner-title-visibility":"","ast-main-header-display":"","ast-hfb-above-header-display":"","ast-hfb-below-header-display":"","ast-hfb-mobile-header-display":"","site-post-title":"","ast-breadcrumbs-content":"","ast-featured-img":"","footer-sml-layout":"","theme-transparent-header-meta":"default","adv-header-id-meta":"","stick-header-meta":"","header-above-stick-meta":"","header-main-stick-meta":"","header-below-stick-meta":"","astra-migrate-meta-layouts":"default","ast-page-background-enabled":"default","ast-page-background-meta":{"desktop":{"background-color":"","background-image":"","background-repeat":"repeat","background-position":"center center","background-size":"auto","background-attachment":"scroll","background-type":"","background-media":"","overlay-type":"","overlay-color":"","overlay-opacity":"","overlay-gradient":""},"tablet":{"background-color":"","background-image":"","background-repeat":"repeat","background-position":"center center","background-size":"auto","background-attachment":"scroll","background-type":"","background-media":"","overlay-type":"","overlay-color":"","overlay-opacity":"","overlay-gradient":""},"mobile":{"background-color":"","background-image":"","background-repeat":"repeat","background-position":"center center","background-size":"auto","background-attachment":"scroll","background-type":"","background-media":"","overlay-type":"","overlay-color":"","overlay-opacity":"","overlay-gradient":""}},"ast-content-background-meta":{"desktop":{"background-color":"var(--ast-global-color-5)","background-image":"","background-repeat":"repeat","background-position":"center center","background-size":"auto","background-attachment":"scroll","background-type":"","background-media":"","overlay-type":"","overlay-color":"","overlay-opacity":"","overlay-gradient":""},"tablet":{"background-color":"var(--ast-global-color-5)","background-image":"","background-repeat":"repeat","background-position":"center center","background-size":"auto","background-attachment":"scroll","background-type":"","background-media":"","overlay-type":"","overlay-color":"","overlay-opacity":"","overlay-gradient":""},"mobile":{"background-color":"var(--ast-global-color-5)","background-image":"","background-repeat":"repeat","background-position":"center center","background-size":"auto","background-attachment":"scroll","background-type":"","background-media":"","overlay-type":"","overlay-color":"","overlay-opacity":"","overlay-gradient":""}}},"product_brand":[],"product_cat":[1652,1907],"product_tag":[],"class_list":{"0":"post-59765","1":"product","2":"type-product","3":"status-publish","4":"has-post-thumbnail","6":"product_cat-patins-a-roulettes","7":"product_cat-roues","8":"desktop-align-center","9":"tablet-align-center","10":"mobile-align-center","11":"ast-product-gallery-layout-horizontal","12":"ast-product-gallery-with-no-image","13":"ast-product-tabs-layout-horizontal","14":"ast-qv-on-image","16":"first","17":"instock","18":"sale","19":"taxable","20":"shipping-taxable","21":"purchasable","22":"product-type-simple"},"bundled_by":[],"bundle_stock_status":"instock","bundle_stock_quantity":8,"bundle_virtual":false,"bundle_layout":"","bundle_add_to_cart_form_location":"","bundle_editable_in_cart":false,"bundle_sold_individually_context":"","bundle_item_grouping":"","bundle_min_size":"","bundle_max_size":"","bundle_price":[],"bundled_items":[],"bundle_sell_ids":[],"yoast_head":"<!-- This site is optimized with the Yoast SEO plugin v27.4 - https:\/\/yoast.com\/product\/yoast-seo-wordpress\/ -->\n<title>ROUES BONT FXX PINK - Xact Skate Shop%.<\/title>\n<meta name=\"description\" content=\"ROUES BONT FXX ROSE. Voici les fameuses roues de patin \u00e0 roulettes Bont FXX, d\u00e9sormais disponibles en \u00e9dition limit\u00e9e exclusive dans diff\u00e9rentes tailles.\" \/>\n<meta name=\"robots\" content=\"index, follow, max-snippet:-1, max-image-preview:large, max-video-preview:-1\" \/>\n<link rel=\"canonical\" href=\"https:\/\/xactskateshop.com\/fr\/produit\/roues-bont-fxx-pink-63mm-x-44mm-8\/\" \/>\n<meta property=\"og:locale\" content=\"fr_FR\" \/>\n<meta property=\"og:type\" content=\"article\" \/>\n<meta property=\"og:title\" content=\"ROUES BONT FXX PINK - Xact Skate Shop%.\" \/>\n<meta property=\"og:description\" content=\"ROUES BONT FXX ROSE. Voici les fameuses roues de patin \u00e0 roulettes Bont FXX, d\u00e9sormais disponibles en \u00e9dition limit\u00e9e exclusive dans diff\u00e9rentes tailles.\" \/>\n<meta property=\"og:url\" content=\"https:\/\/xactskateshop.com\/fr\/produit\/roues-bont-fxx-pink-63mm-x-44mm-8\/\" \/>\n<meta property=\"og:site_name\" content=\"Xact Skate Shop\" \/>\n<meta property=\"article:publisher\" content=\"https:\/\/www.facebook.com\/JeanLouiskateshop\" \/>\n<meta property=\"og:image\" content=\"https:\/\/xactskateshop.com\/wp-content\/uploads\/2021\/02\/FXX-pink.jpg\" \/>\n\t<meta property=\"og:image:width\" content=\"1000\" \/>\n\t<meta property=\"og:image:height\" content=\"1000\" \/>\n\t<meta property=\"og:image:type\" content=\"image\/jpeg\" \/>\n<meta name=\"twitter:card\" content=\"summary_large_image\" \/>\n<meta name=\"twitter:label1\" content=\"Dur\u00e9e de lecture estim\u00e9e\" \/>\n\t<meta name=\"twitter:data1\" content=\"3 minutes\" \/>\n<script type=\"application\/ld+json\" class=\"yoast-schema-graph\">{\"@context\":\"https:\\\/\\\/schema.org\",\"@graph\":[{\"@type\":\"WebPage\",\"@id\":\"https:\\\/\\\/xactskateshop.com\\\/fr\\\/produit\\\/roues-bont-fxx-pink-63mm-x-44mm-8\\\/\",\"url\":\"https:\\\/\\\/xactskateshop.com\\\/fr\\\/produit\\\/roues-bont-fxx-pink-63mm-x-44mm-8\\\/\",\"name\":\"ROUES BONT FXX PINK - Xact Skate Shop%.\",\"isPartOf\":{\"@id\":\"http:\\\/\\\/xactskateshop.com\\\/fr\\\/#website\"},\"primaryImageOfPage\":{\"@id\":\"https:\\\/\\\/xactskateshop.com\\\/fr\\\/produit\\\/roues-bont-fxx-pink-63mm-x-44mm-8\\\/#primaryimage\"},\"image\":{\"@id\":\"https:\\\/\\\/xactskateshop.com\\\/fr\\\/produit\\\/roues-bont-fxx-pink-63mm-x-44mm-8\\\/#primaryimage\"},\"thumbnailUrl\":\"https:\\\/\\\/xactskateshop.com\\\/wp-content\\\/uploads\\\/2021\\\/02\\\/FXX-pink.jpg\",\"datePublished\":\"2021-02-18T20:09:16+00:00\",\"description\":\"ROUES BONT FXX ROSE. Voici les fameuses roues de patin \u00e0 roulettes Bont FXX, d\u00e9sormais disponibles en \u00e9dition limit\u00e9e exclusive dans diff\u00e9rentes tailles.\",\"breadcrumb\":{\"@id\":\"https:\\\/\\\/xactskateshop.com\\\/fr\\\/produit\\\/roues-bont-fxx-pink-63mm-x-44mm-8\\\/#breadcrumb\"},\"inLanguage\":\"fr-FR\",\"potentialAction\":[{\"@type\":\"ReadAction\",\"target\":[\"https:\\\/\\\/xactskateshop.com\\\/fr\\\/produit\\\/roues-bont-fxx-pink-63mm-x-44mm-8\\\/\"]}]},{\"@type\":\"ImageObject\",\"inLanguage\":\"fr-FR\",\"@id\":\"https:\\\/\\\/xactskateshop.com\\\/fr\\\/produit\\\/roues-bont-fxx-pink-63mm-x-44mm-8\\\/#primaryimage\",\"url\":\"https:\\\/\\\/xactskateshop.com\\\/wp-content\\\/uploads\\\/2021\\\/02\\\/FXX-pink.jpg\",\"contentUrl\":\"https:\\\/\\\/xactskateshop.com\\\/wp-content\\\/uploads\\\/2021\\\/02\\\/FXX-pink.jpg\",\"width\":1000,\"height\":1000,\"caption\":\"ROUES BONT FXX rose\"},{\"@type\":\"BreadcrumbList\",\"@id\":\"https:\\\/\\\/xactskateshop.com\\\/fr\\\/produit\\\/roues-bont-fxx-pink-63mm-x-44mm-8\\\/#breadcrumb\",\"itemListElement\":[{\"@type\":\"ListItem\",\"position\":1,\"name\":\"Home\",\"item\":\"https:\\\/\\\/xactskateshop.com\\\/fr\\\/accueil\\\/\"},{\"@type\":\"ListItem\",\"position\":2,\"name\":\"Boutique\",\"item\":\"https:\\\/\\\/xactskateshop.com\\\/shop\\\/\"},{\"@type\":\"ListItem\",\"position\":3,\"name\":\"Roues BONT FXX PINK 63mm x 44mm (8)\"}]},{\"@type\":\"WebSite\",\"@id\":\"http:\\\/\\\/xactskateshop.com\\\/fr\\\/#website\",\"url\":\"http:\\\/\\\/xactskateshop.com\\\/fr\\\/\",\"name\":\"Xact Skate Shop\",\"description\":\"Un site utilisant WordPress\",\"publisher\":{\"@id\":\"http:\\\/\\\/xactskateshop.com\\\/fr\\\/#organization\"},\"potentialAction\":[{\"@type\":\"SearchAction\",\"target\":{\"@type\":\"EntryPoint\",\"urlTemplate\":\"http:\\\/\\\/xactskateshop.com\\\/fr\\\/?s={search_term_string}\"},\"query-input\":{\"@type\":\"PropertyValueSpecification\",\"valueRequired\":true,\"valueName\":\"search_term_string\"}}],\"inLanguage\":\"fr-FR\"},{\"@type\":\"Organization\",\"@id\":\"http:\\\/\\\/xactskateshop.com\\\/fr\\\/#organization\",\"name\":\"XACT Skate Shop\",\"url\":\"http:\\\/\\\/xactskateshop.com\\\/fr\\\/\",\"logo\":{\"@type\":\"ImageObject\",\"inLanguage\":\"fr-FR\",\"@id\":\"http:\\\/\\\/xactskateshop.com\\\/fr\\\/#\\\/schema\\\/logo\\\/image\\\/\",\"url\":\"http:\\\/\\\/xactskateshop.com\\\/wp-content\\\/uploads\\\/2024\\\/04\\\/xactskateshop-dot-com-avec-contour-noir-sans-fond-675x.jpg\",\"contentUrl\":\"http:\\\/\\\/xactskateshop.com\\\/wp-content\\\/uploads\\\/2024\\\/04\\\/xactskateshop-dot-com-avec-contour-noir-sans-fond-675x.jpg\",\"width\":675,\"height\":247,\"caption\":\"XACT Skate Shop\"},\"image\":{\"@id\":\"http:\\\/\\\/xactskateshop.com\\\/fr\\\/#\\\/schema\\\/logo\\\/image\\\/\"},\"sameAs\":[\"https:\\\/\\\/www.facebook.com\\\/JeanLouiskateshop\"]}]}<\/script>\n<!-- \/ Yoast SEO plugin. -->","yoast_head_json":{"title":"ROUES BONT FXX PINK - Xact Skate Shop%.","description":"ROUES BONT FXX ROSE. Voici les fameuses roues de patin \u00e0 roulettes Bont FXX, d\u00e9sormais disponibles en \u00e9dition limit\u00e9e exclusive dans diff\u00e9rentes tailles.","robots":{"index":"index","follow":"follow","max-snippet":"max-snippet:-1","max-image-preview":"max-image-preview:large","max-video-preview":"max-video-preview:-1"},"canonical":"https:\/\/xactskateshop.com\/fr\/produit\/roues-bont-fxx-pink-63mm-x-44mm-8\/","og_locale":"fr_FR","og_type":"article","og_title":"ROUES BONT FXX PINK - Xact Skate Shop%.","og_description":"ROUES BONT FXX ROSE. Voici les fameuses roues de patin \u00e0 roulettes Bont FXX, d\u00e9sormais disponibles en \u00e9dition limit\u00e9e exclusive dans diff\u00e9rentes tailles.","og_url":"https:\/\/xactskateshop.com\/fr\/produit\/roues-bont-fxx-pink-63mm-x-44mm-8\/","og_site_name":"Xact Skate Shop","article_publisher":"https:\/\/www.facebook.com\/JeanLouiskateshop","og_image":[{"width":1000,"height":1000,"url":"https:\/\/xactskateshop.com\/wp-content\/uploads\/2021\/02\/FXX-pink.jpg","type":"image\/jpeg"}],"twitter_card":"summary_large_image","twitter_misc":{"Dur\u00e9e de lecture estim\u00e9e":"3 minutes"},"schema":{"@context":"https:\/\/schema.org","@graph":[{"@type":"WebPage","@id":"https:\/\/xactskateshop.com\/fr\/produit\/roues-bont-fxx-pink-63mm-x-44mm-8\/","url":"https:\/\/xactskateshop.com\/fr\/produit\/roues-bont-fxx-pink-63mm-x-44mm-8\/","name":"ROUES BONT FXX PINK - Xact Skate Shop%.","isPartOf":{"@id":"http:\/\/xactskateshop.com\/fr\/#website"},"primaryImageOfPage":{"@id":"https:\/\/xactskateshop.com\/fr\/produit\/roues-bont-fxx-pink-63mm-x-44mm-8\/#primaryimage"},"image":{"@id":"https:\/\/xactskateshop.com\/fr\/produit\/roues-bont-fxx-pink-63mm-x-44mm-8\/#primaryimage"},"thumbnailUrl":"https:\/\/xactskateshop.com\/wp-content\/uploads\/2021\/02\/FXX-pink.jpg","datePublished":"2021-02-18T20:09:16+00:00","description":"ROUES BONT FXX ROSE. Voici les fameuses roues de patin \u00e0 roulettes Bont FXX, d\u00e9sormais disponibles en \u00e9dition limit\u00e9e exclusive dans diff\u00e9rentes tailles.","breadcrumb":{"@id":"https:\/\/xactskateshop.com\/fr\/produit\/roues-bont-fxx-pink-63mm-x-44mm-8\/#breadcrumb"},"inLanguage":"fr-FR","potentialAction":[{"@type":"ReadAction","target":["https:\/\/xactskateshop.com\/fr\/produit\/roues-bont-fxx-pink-63mm-x-44mm-8\/"]}]},{"@type":"ImageObject","inLanguage":"fr-FR","@id":"https:\/\/xactskateshop.com\/fr\/produit\/roues-bont-fxx-pink-63mm-x-44mm-8\/#primaryimage","url":"https:\/\/xactskateshop.com\/wp-content\/uploads\/2021\/02\/FXX-pink.jpg","contentUrl":"https:\/\/xactskateshop.com\/wp-content\/uploads\/2021\/02\/FXX-pink.jpg","width":1000,"height":1000,"caption":"ROUES BONT FXX rose"},{"@type":"BreadcrumbList","@id":"https:\/\/xactskateshop.com\/fr\/produit\/roues-bont-fxx-pink-63mm-x-44mm-8\/#breadcrumb","itemListElement":[{"@type":"ListItem","position":1,"name":"Home","item":"https:\/\/xactskateshop.com\/fr\/accueil\/"},{"@type":"ListItem","position":2,"name":"Boutique","item":"https:\/\/xactskateshop.com\/shop\/"},{"@type":"ListItem","position":3,"name":"Roues BONT FXX PINK 63mm x 44mm (8)"}]},{"@type":"WebSite","@id":"http:\/\/xactskateshop.com\/fr\/#website","url":"http:\/\/xactskateshop.com\/fr\/","name":"Xact Skate Shop","description":"Un site utilisant WordPress","publisher":{"@id":"http:\/\/xactskateshop.com\/fr\/#organization"},"potentialAction":[{"@type":"SearchAction","target":{"@type":"EntryPoint","urlTemplate":"http:\/\/xactskateshop.com\/fr\/?s={search_term_string}"},"query-input":{"@type":"PropertyValueSpecification","valueRequired":true,"valueName":"search_term_string"}}],"inLanguage":"fr-FR"},{"@type":"Organization","@id":"http:\/\/xactskateshop.com\/fr\/#organization","name":"XACT Skate Shop","url":"http:\/\/xactskateshop.com\/fr\/","logo":{"@type":"ImageObject","inLanguage":"fr-FR","@id":"http:\/\/xactskateshop.com\/fr\/#\/schema\/logo\/image\/","url":"http:\/\/xactskateshop.com\/wp-content\/uploads\/2024\/04\/xactskateshop-dot-com-avec-contour-noir-sans-fond-675x.jpg","contentUrl":"http:\/\/xactskateshop.com\/wp-content\/uploads\/2024\/04\/xactskateshop-dot-com-avec-contour-noir-sans-fond-675x.jpg","width":675,"height":247,"caption":"XACT Skate Shop"},"image":{"@id":"http:\/\/xactskateshop.com\/fr\/#\/schema\/logo\/image\/"},"sameAs":["https:\/\/www.facebook.com\/JeanLouiskateshop"]}]}},"_links":{"self":[{"href":"https:\/\/xactskateshop.com\/fr\/wp-json\/wp\/v2\/product\/59765","targetHints":{"allow":["GET"]}}],"collection":[{"href":"https:\/\/xactskateshop.com\/fr\/wp-json\/wp\/v2\/product"}],"about":[{"href":"https:\/\/xactskateshop.com\/fr\/wp-json\/wp\/v2\/types\/product"}],"replies":[{"embeddable":true,"href":"https:\/\/xactskateshop.com\/fr\/wp-json\/wp\/v2\/comments?post=59765"}],"wp:featuredmedia":[{"embeddable":true,"href":"https:\/\/xactskateshop.com\/fr\/wp-json\/wp\/v2\/media\/30234"}],"wp:attachment":[{"href":"https:\/\/xactskateshop.com\/fr\/wp-json\/wp\/v2\/media?parent=59765"}],"wp:term":[{"taxonomy":"product_brand","embeddable":true,"href":"https:\/\/xactskateshop.com\/fr\/wp-json\/wp\/v2\/product_brand?post=59765"},{"taxonomy":"product_cat","embeddable":true,"href":"https:\/\/xactskateshop.com\/fr\/wp-json\/wp\/v2\/product_cat?post=59765"},{"taxonomy":"product_tag","embeddable":true,"href":"https:\/\/xactskateshop.com\/fr\/wp-json\/wp\/v2\/product_tag?post=59765"}],"curies":[{"name":"wp","href":"https:\/\/api.w.org\/{rel}","templated":true}]}}