{"id":59762,"date":"2021-02-05T17:10:32","date_gmt":"2021-02-05T22:10:32","guid":{"rendered":"http:\/\/xactskateshop.com\/product\/bont-jesa-ceramique-roulements-paquet-de-16\/"},"modified":"2021-02-05T17:10:32","modified_gmt":"2021-02-05T22:10:32","slug":"bont-jesa-ceramique-roulements-paquet-de-16","status":"publish","type":"product","link":"https:\/\/xactskateshop.com\/fr\/produit\/bont-jesa-ceramique-roulements-paquet-de-16\/","title":{"rendered":"BONT JESA C\u00c9RAMIQUE Roulements paquet de 16"},"content":{"rendered":"<p>Les roulements Bont Ceramic pour le patinage de vitesse en ligne sont de retour, mais en mieux ! En collaboration avec JESA, l&#8217;un des meilleurs fabricants suisses de roulements sp\u00e9cialis\u00e9s, nous avons cr\u00e9\u00e9 le meilleur roulement de course pour le patinage de vitesse en ligne que nous ayons jamais fabriqu\u00e9. Par rapport aux roulements \u00e0 billes en acier les plus fins, les c\u00e9ramiques de Bont sont plus l\u00e9g\u00e8res, plus durables et plus pr\u00e9cises, ce qui se traduit par des vitesses plus \u00e9lev\u00e9es.<\/p>\n<p>Fabriqu\u00e9s en Suisse, les roulements c\u00e9ramiques Bont sont dot\u00e9s de billes incroyablement pr\u00e9cises et de cages en plastique l\u00e9g\u00e8res, ce qui r\u00e9duit les frottements et la tra\u00een\u00e9e. Plus durs que les roulements en acier, ils durent plus longtemps avec un risque r\u00e9duit de grippage des roulements. Les billes en c\u00e9ramique g\u00e9n\u00e8rent \u00e9galement moins de chaleur et offrent des avantages consid\u00e9rables en termes de poids.<\/p>\n<p>Sous l&#8217;effet de la charge, les roulements fl\u00e9chissent, ce qui r\u00e9duit la vitesse. Les roulements Bont Ceramic sont fabriqu\u00e9s avec de l&#8217;acier de haute qualit\u00e9 pour limiter la flexion des roulements pendant que vous patinez. La bague int\u00e9rieure est polie dans les deux sens, ce qui est une \u00e9tape suppl\u00e9mentaire que nous prenons lors de la fabrication des roulements pour maximiser la vitesse.<\/p>\n<p>Moins l&#8217;\u00e9nergie d\u00e9pens\u00e9e pour faire rouler le roulement est importante, plus l&#8217;\u00e9nergie est convertie en vitesse. Investissez dans les roulements Bont Ceramics d\u00e8s aujourd&#8217;hui !<\/p>\n<ul>\n<li><strong>Type de roulement :<\/strong> 608<\/li>\n<li><strong>Dimension :<\/strong> 8x22x7 mm<\/li>\n<li><strong>Protection :<\/strong> Bouclier 1-Z<\/li>\n<li>Cage <strong>:<\/strong> cage en plastique TN9<\/li>\n<li><strong>Qualit\u00e9 :<\/strong> Suisse<\/li>\n<li><strong>Compl\u00e9ment de bille :<\/strong> 7 pi\u00e8ces<\/li>\n<li><strong>Mat\u00e9riau de la bille :<\/strong> C\u00e9ramique<\/li>\n<\/ul>\n<p>Paquet de 16 pi\u00e8ces. Les boucliers s&#8217;enl\u00e8vent facilement pour le nettoyage et s&#8217;adaptent aux essieux de 8 mm.<\/p>\n<p>Trouvez d&#8217;autres mod\u00e8les <a href=\"http:\/\/xactskateshop.com\/product-category\/inline-speed-skating\/bearings\/\">ici<\/a><\/p>\n<p>Vous pouvez \u00e9galement les acheter <a href=\"https:\/\/bont.ca\/collections\/inline-skate-bearings\">ici<\/a><\/p>\n","protected":false},"excerpt":{"rendered":"<p>Les roulements Bont Ceramic pour le patinage de vitesse en ligne sont de retour, mais en mieux ! En collaboration avec JESA, l&#8217;un des meilleurs fabricants suisses de roulements sp\u00e9cialis\u00e9s, nous avons cr\u00e9\u00e9 le meilleur roulement de course pour le patinage de vitesse en ligne que nous ayons jamais fabriqu\u00e9. Par rapport aux roulements \u00e0 billes en acier les plus fins, les c\u00e9ramiques de Bont sont plus l\u00e9g\u00e8res, plus durables et plus pr\u00e9cises, ce qui se traduit par des vitesses plus \u00e9lev\u00e9es.<\/p>\n","protected":false},"featured_media":28504,"comment_status":"closed","ping_status":"closed","template":"","meta":{"site-sidebar-layout":"default","site-content-layout":"default","ast-site-content-layout":"default","site-content-style":"default","site-sidebar-style":"default","ast-global-header-display":"","ast-banner-title-visibility":"","ast-main-header-display":"","ast-hfb-above-header-display":"","ast-hfb-below-header-display":"","ast-hfb-mobile-header-display":"","site-post-title":"","ast-breadcrumbs-content":"","ast-featured-img":"","footer-sml-layout":"","theme-transparent-header-meta":"default","adv-header-id-meta":"","stick-header-meta":"","header-above-stick-meta":"","header-main-stick-meta":"","header-below-stick-meta":"","astra-migrate-meta-layouts":"default","ast-page-background-enabled":"default","ast-page-background-meta":{"desktop":{"background-color":"","background-image":"","background-repeat":"repeat","background-position":"center center","background-size":"auto","background-attachment":"scroll","background-type":"","background-media":"","overlay-type":"","overlay-color":"","overlay-opacity":"","overlay-gradient":""},"tablet":{"background-color":"","background-image":"","background-repeat":"repeat","background-position":"center center","background-size":"auto","background-attachment":"scroll","background-type":"","background-media":"","overlay-type":"","overlay-color":"","overlay-opacity":"","overlay-gradient":""},"mobile":{"background-color":"","background-image":"","background-repeat":"repeat","background-position":"center center","background-size":"auto","background-attachment":"scroll","background-type":"","background-media":"","overlay-type":"","overlay-color":"","overlay-opacity":"","overlay-gradient":""}},"ast-content-background-meta":{"desktop":{"background-color":"var(--ast-global-color-5)","background-image":"","background-repeat":"repeat","background-position":"center center","background-size":"auto","background-attachment":"scroll","background-type":"","background-media":"","overlay-type":"","overlay-color":"","overlay-opacity":"","overlay-gradient":""},"tablet":{"background-color":"var(--ast-global-color-5)","background-image":"","background-repeat":"repeat","background-position":"center center","background-size":"auto","background-attachment":"scroll","background-type":"","background-media":"","overlay-type":"","overlay-color":"","overlay-opacity":"","overlay-gradient":""},"mobile":{"background-color":"var(--ast-global-color-5)","background-image":"","background-repeat":"repeat","background-position":"center center","background-size":"auto","background-attachment":"scroll","background-type":"","background-media":"","overlay-type":"","overlay-color":"","overlay-opacity":"","overlay-gradient":""}}},"product_brand":[],"product_cat":[1736,1739],"product_tag":[],"class_list":{"0":"post-59762","1":"product","2":"type-product","3":"status-publish","4":"has-post-thumbnail","6":"product_cat-roulements-et-outils-dentretien-2","7":"product_cat-roulements-et-outils-dentretien-fr-3","8":"desktop-align-center","9":"tablet-align-center","10":"mobile-align-center","11":"ast-product-gallery-layout-horizontal","12":"ast-product-tabs-layout-horizontal","13":"ast-qv-on-image","15":"first","16":"instock","17":"sale","18":"taxable","19":"shipping-taxable","20":"purchasable","21":"product-type-simple"},"bundled_by":[],"bundle_stock_status":"instock","bundle_stock_quantity":6,"bundle_virtual":false,"bundle_layout":"","bundle_add_to_cart_form_location":"","bundle_editable_in_cart":false,"bundle_sold_individually_context":"","bundle_item_grouping":"","bundle_min_size":"","bundle_max_size":"","bundle_price":[],"bundled_items":[],"bundle_sell_ids":[],"yoast_head":"<!-- This site is optimized with the Yoast SEO plugin v27.4 - https:\/\/yoast.com\/product\/yoast-seo-wordpress\/ -->\n<title>BONT Roulements en c\u00e9ramique - Xact Skate Shop<\/title>\n<meta name=\"description\" content=\"BONT Roulements en c\u00e9ramique. Les roulements Bont Ceramic pour le patinage de vitesse en ligne sont de retour, mais en mieux ! Fabriqu\u00e9 en Suisse ! Obtenez le v\u00f4tre ici !\" \/>\n<meta name=\"robots\" content=\"index, follow, max-snippet:-1, max-image-preview:large, max-video-preview:-1\" \/>\n<link rel=\"canonical\" href=\"https:\/\/xactskateshop.com\/fr\/produit\/bont-jesa-ceramique-roulements-paquet-de-16\/\" \/>\n<meta property=\"og:locale\" content=\"fr_FR\" \/>\n<meta property=\"og:type\" content=\"article\" \/>\n<meta property=\"og:title\" content=\"BONT Roulements en c\u00e9ramique - Xact Skate Shop\" \/>\n<meta property=\"og:description\" content=\"BONT Roulements en c\u00e9ramique. Les roulements Bont Ceramic pour le patinage de vitesse en ligne sont de retour, mais en mieux ! Fabriqu\u00e9 en Suisse ! Obtenez le v\u00f4tre ici !\" \/>\n<meta property=\"og:url\" content=\"https:\/\/xactskateshop.com\/fr\/produit\/bont-jesa-ceramique-roulements-paquet-de-16\/\" \/>\n<meta property=\"og:site_name\" content=\"Xact Skate Shop\" \/>\n<meta property=\"article:publisher\" content=\"https:\/\/www.facebook.com\/JeanLouiskateshop\" \/>\n<meta property=\"og:image\" content=\"https:\/\/xactskateshop.com\/wp-content\/uploads\/2021\/02\/Bont_608_Ceramic_Jar_1024x1024.jpg\" \/>\n\t<meta property=\"og:image:width\" content=\"1000\" \/>\n\t<meta property=\"og:image:height\" content=\"1000\" \/>\n\t<meta property=\"og:image:type\" content=\"image\/jpeg\" \/>\n<meta name=\"twitter:card\" content=\"summary_large_image\" \/>\n<meta name=\"twitter:label1\" content=\"Dur\u00e9e de lecture estim\u00e9e\" \/>\n\t<meta name=\"twitter:data1\" content=\"2 minutes\" \/>\n<script type=\"application\/ld+json\" class=\"yoast-schema-graph\">{\"@context\":\"https:\\\/\\\/schema.org\",\"@graph\":[{\"@type\":\"WebPage\",\"@id\":\"https:\\\/\\\/xactskateshop.com\\\/fr\\\/produit\\\/bont-jesa-ceramique-roulements-paquet-de-16\\\/\",\"url\":\"https:\\\/\\\/xactskateshop.com\\\/fr\\\/produit\\\/bont-jesa-ceramique-roulements-paquet-de-16\\\/\",\"name\":\"BONT Roulements en c\u00e9ramique - Xact Skate Shop\",\"isPartOf\":{\"@id\":\"http:\\\/\\\/xactskateshop.com\\\/fr\\\/#website\"},\"primaryImageOfPage\":{\"@id\":\"https:\\\/\\\/xactskateshop.com\\\/fr\\\/produit\\\/bont-jesa-ceramique-roulements-paquet-de-16\\\/#primaryimage\"},\"image\":{\"@id\":\"https:\\\/\\\/xactskateshop.com\\\/fr\\\/produit\\\/bont-jesa-ceramique-roulements-paquet-de-16\\\/#primaryimage\"},\"thumbnailUrl\":\"https:\\\/\\\/xactskateshop.com\\\/wp-content\\\/uploads\\\/2021\\\/02\\\/Bont_608_Ceramic_Jar_1024x1024.jpg\",\"datePublished\":\"2021-02-05T22:10:32+00:00\",\"description\":\"BONT Roulements en c\u00e9ramique. Les roulements Bont Ceramic pour le patinage de vitesse en ligne sont de retour, mais en mieux ! Fabriqu\u00e9 en Suisse ! Obtenez le v\u00f4tre ici !\",\"breadcrumb\":{\"@id\":\"https:\\\/\\\/xactskateshop.com\\\/fr\\\/produit\\\/bont-jesa-ceramique-roulements-paquet-de-16\\\/#breadcrumb\"},\"inLanguage\":\"fr-FR\",\"potentialAction\":[{\"@type\":\"ReadAction\",\"target\":[\"https:\\\/\\\/xactskateshop.com\\\/fr\\\/produit\\\/bont-jesa-ceramique-roulements-paquet-de-16\\\/\"]}]},{\"@type\":\"ImageObject\",\"inLanguage\":\"fr-FR\",\"@id\":\"https:\\\/\\\/xactskateshop.com\\\/fr\\\/produit\\\/bont-jesa-ceramique-roulements-paquet-de-16\\\/#primaryimage\",\"url\":\"https:\\\/\\\/xactskateshop.com\\\/wp-content\\\/uploads\\\/2021\\\/02\\\/Bont_608_Ceramic_Jar_1024x1024.jpg\",\"contentUrl\":\"https:\\\/\\\/xactskateshop.com\\\/wp-content\\\/uploads\\\/2021\\\/02\\\/Bont_608_Ceramic_Jar_1024x1024.jpg\",\"width\":1000,\"height\":1000,\"caption\":\"BONT Roulements en c\u00e9ramique\"},{\"@type\":\"BreadcrumbList\",\"@id\":\"https:\\\/\\\/xactskateshop.com\\\/fr\\\/produit\\\/bont-jesa-ceramique-roulements-paquet-de-16\\\/#breadcrumb\",\"itemListElement\":[{\"@type\":\"ListItem\",\"position\":1,\"name\":\"Home\",\"item\":\"https:\\\/\\\/xactskateshop.com\\\/fr\\\/accueil\\\/\"},{\"@type\":\"ListItem\",\"position\":2,\"name\":\"Boutique\",\"item\":\"https:\\\/\\\/xactskateshop.com\\\/shop\\\/\"},{\"@type\":\"ListItem\",\"position\":3,\"name\":\"BONT JESA C\u00c9RAMIQUE Roulements paquet de 16\"}]},{\"@type\":\"WebSite\",\"@id\":\"http:\\\/\\\/xactskateshop.com\\\/fr\\\/#website\",\"url\":\"http:\\\/\\\/xactskateshop.com\\\/fr\\\/\",\"name\":\"Xact Skate Shop\",\"description\":\"Un site utilisant WordPress\",\"publisher\":{\"@id\":\"http:\\\/\\\/xactskateshop.com\\\/fr\\\/#organization\"},\"potentialAction\":[{\"@type\":\"SearchAction\",\"target\":{\"@type\":\"EntryPoint\",\"urlTemplate\":\"http:\\\/\\\/xactskateshop.com\\\/fr\\\/?s={search_term_string}\"},\"query-input\":{\"@type\":\"PropertyValueSpecification\",\"valueRequired\":true,\"valueName\":\"search_term_string\"}}],\"inLanguage\":\"fr-FR\"},{\"@type\":\"Organization\",\"@id\":\"http:\\\/\\\/xactskateshop.com\\\/fr\\\/#organization\",\"name\":\"XACT Skate Shop\",\"url\":\"http:\\\/\\\/xactskateshop.com\\\/fr\\\/\",\"logo\":{\"@type\":\"ImageObject\",\"inLanguage\":\"fr-FR\",\"@id\":\"http:\\\/\\\/xactskateshop.com\\\/fr\\\/#\\\/schema\\\/logo\\\/image\\\/\",\"url\":\"http:\\\/\\\/xactskateshop.com\\\/wp-content\\\/uploads\\\/2024\\\/04\\\/xactskateshop-dot-com-avec-contour-noir-sans-fond-675x.jpg\",\"contentUrl\":\"http:\\\/\\\/xactskateshop.com\\\/wp-content\\\/uploads\\\/2024\\\/04\\\/xactskateshop-dot-com-avec-contour-noir-sans-fond-675x.jpg\",\"width\":675,\"height\":247,\"caption\":\"XACT Skate Shop\"},\"image\":{\"@id\":\"http:\\\/\\\/xactskateshop.com\\\/fr\\\/#\\\/schema\\\/logo\\\/image\\\/\"},\"sameAs\":[\"https:\\\/\\\/www.facebook.com\\\/JeanLouiskateshop\"]}]}<\/script>\n<!-- \/ Yoast SEO plugin. -->","yoast_head_json":{"title":"BONT Roulements en c\u00e9ramique - Xact Skate Shop","description":"BONT Roulements en c\u00e9ramique. Les roulements Bont Ceramic pour le patinage de vitesse en ligne sont de retour, mais en mieux ! Fabriqu\u00e9 en Suisse ! Obtenez le v\u00f4tre ici !","robots":{"index":"index","follow":"follow","max-snippet":"max-snippet:-1","max-image-preview":"max-image-preview:large","max-video-preview":"max-video-preview:-1"},"canonical":"https:\/\/xactskateshop.com\/fr\/produit\/bont-jesa-ceramique-roulements-paquet-de-16\/","og_locale":"fr_FR","og_type":"article","og_title":"BONT Roulements en c\u00e9ramique - Xact Skate Shop","og_description":"BONT Roulements en c\u00e9ramique. Les roulements Bont Ceramic pour le patinage de vitesse en ligne sont de retour, mais en mieux ! Fabriqu\u00e9 en Suisse ! Obtenez le v\u00f4tre ici !","og_url":"https:\/\/xactskateshop.com\/fr\/produit\/bont-jesa-ceramique-roulements-paquet-de-16\/","og_site_name":"Xact Skate Shop","article_publisher":"https:\/\/www.facebook.com\/JeanLouiskateshop","og_image":[{"width":1000,"height":1000,"url":"https:\/\/xactskateshop.com\/wp-content\/uploads\/2021\/02\/Bont_608_Ceramic_Jar_1024x1024.jpg","type":"image\/jpeg"}],"twitter_card":"summary_large_image","twitter_misc":{"Dur\u00e9e de lecture estim\u00e9e":"2 minutes"},"schema":{"@context":"https:\/\/schema.org","@graph":[{"@type":"WebPage","@id":"https:\/\/xactskateshop.com\/fr\/produit\/bont-jesa-ceramique-roulements-paquet-de-16\/","url":"https:\/\/xactskateshop.com\/fr\/produit\/bont-jesa-ceramique-roulements-paquet-de-16\/","name":"BONT Roulements en c\u00e9ramique - Xact Skate Shop","isPartOf":{"@id":"http:\/\/xactskateshop.com\/fr\/#website"},"primaryImageOfPage":{"@id":"https:\/\/xactskateshop.com\/fr\/produit\/bont-jesa-ceramique-roulements-paquet-de-16\/#primaryimage"},"image":{"@id":"https:\/\/xactskateshop.com\/fr\/produit\/bont-jesa-ceramique-roulements-paquet-de-16\/#primaryimage"},"thumbnailUrl":"https:\/\/xactskateshop.com\/wp-content\/uploads\/2021\/02\/Bont_608_Ceramic_Jar_1024x1024.jpg","datePublished":"2021-02-05T22:10:32+00:00","description":"BONT Roulements en c\u00e9ramique. Les roulements Bont Ceramic pour le patinage de vitesse en ligne sont de retour, mais en mieux ! Fabriqu\u00e9 en Suisse ! Obtenez le v\u00f4tre ici !","breadcrumb":{"@id":"https:\/\/xactskateshop.com\/fr\/produit\/bont-jesa-ceramique-roulements-paquet-de-16\/#breadcrumb"},"inLanguage":"fr-FR","potentialAction":[{"@type":"ReadAction","target":["https:\/\/xactskateshop.com\/fr\/produit\/bont-jesa-ceramique-roulements-paquet-de-16\/"]}]},{"@type":"ImageObject","inLanguage":"fr-FR","@id":"https:\/\/xactskateshop.com\/fr\/produit\/bont-jesa-ceramique-roulements-paquet-de-16\/#primaryimage","url":"https:\/\/xactskateshop.com\/wp-content\/uploads\/2021\/02\/Bont_608_Ceramic_Jar_1024x1024.jpg","contentUrl":"https:\/\/xactskateshop.com\/wp-content\/uploads\/2021\/02\/Bont_608_Ceramic_Jar_1024x1024.jpg","width":1000,"height":1000,"caption":"BONT Roulements en c\u00e9ramique"},{"@type":"BreadcrumbList","@id":"https:\/\/xactskateshop.com\/fr\/produit\/bont-jesa-ceramique-roulements-paquet-de-16\/#breadcrumb","itemListElement":[{"@type":"ListItem","position":1,"name":"Home","item":"https:\/\/xactskateshop.com\/fr\/accueil\/"},{"@type":"ListItem","position":2,"name":"Boutique","item":"https:\/\/xactskateshop.com\/shop\/"},{"@type":"ListItem","position":3,"name":"BONT JESA C\u00c9RAMIQUE Roulements paquet de 16"}]},{"@type":"WebSite","@id":"http:\/\/xactskateshop.com\/fr\/#website","url":"http:\/\/xactskateshop.com\/fr\/","name":"Xact Skate Shop","description":"Un site utilisant WordPress","publisher":{"@id":"http:\/\/xactskateshop.com\/fr\/#organization"},"potentialAction":[{"@type":"SearchAction","target":{"@type":"EntryPoint","urlTemplate":"http:\/\/xactskateshop.com\/fr\/?s={search_term_string}"},"query-input":{"@type":"PropertyValueSpecification","valueRequired":true,"valueName":"search_term_string"}}],"inLanguage":"fr-FR"},{"@type":"Organization","@id":"http:\/\/xactskateshop.com\/fr\/#organization","name":"XACT Skate Shop","url":"http:\/\/xactskateshop.com\/fr\/","logo":{"@type":"ImageObject","inLanguage":"fr-FR","@id":"http:\/\/xactskateshop.com\/fr\/#\/schema\/logo\/image\/","url":"http:\/\/xactskateshop.com\/wp-content\/uploads\/2024\/04\/xactskateshop-dot-com-avec-contour-noir-sans-fond-675x.jpg","contentUrl":"http:\/\/xactskateshop.com\/wp-content\/uploads\/2024\/04\/xactskateshop-dot-com-avec-contour-noir-sans-fond-675x.jpg","width":675,"height":247,"caption":"XACT Skate Shop"},"image":{"@id":"http:\/\/xactskateshop.com\/fr\/#\/schema\/logo\/image\/"},"sameAs":["https:\/\/www.facebook.com\/JeanLouiskateshop"]}]}},"_links":{"self":[{"href":"https:\/\/xactskateshop.com\/fr\/wp-json\/wp\/v2\/product\/59762","targetHints":{"allow":["GET"]}}],"collection":[{"href":"https:\/\/xactskateshop.com\/fr\/wp-json\/wp\/v2\/product"}],"about":[{"href":"https:\/\/xactskateshop.com\/fr\/wp-json\/wp\/v2\/types\/product"}],"replies":[{"embeddable":true,"href":"https:\/\/xactskateshop.com\/fr\/wp-json\/wp\/v2\/comments?post=59762"}],"wp:featuredmedia":[{"embeddable":true,"href":"https:\/\/xactskateshop.com\/fr\/wp-json\/wp\/v2\/media\/28504"}],"wp:attachment":[{"href":"https:\/\/xactskateshop.com\/fr\/wp-json\/wp\/v2\/media?parent=59762"}],"wp:term":[{"taxonomy":"product_brand","embeddable":true,"href":"https:\/\/xactskateshop.com\/fr\/wp-json\/wp\/v2\/product_brand?post=59762"},{"taxonomy":"product_cat","embeddable":true,"href":"https:\/\/xactskateshop.com\/fr\/wp-json\/wp\/v2\/product_cat?post=59762"},{"taxonomy":"product_tag","embeddable":true,"href":"https:\/\/xactskateshop.com\/fr\/wp-json\/wp\/v2\/product_tag?post=59762"}],"curies":[{"name":"wp","href":"https:\/\/api.w.org\/{rel}","templated":true}]}}