{"id":59761,"date":"2021-02-05T17:40:52","date_gmt":"2021-02-05T22:40:52","guid":{"rendered":"http:\/\/xactskateshop.com\/product\/bont-688-mini-roulements-8mm-16-packs\/"},"modified":"2021-02-05T17:40:52","modified_gmt":"2021-02-05T22:40:52","slug":"bont-688-mini-roulements-8mm-16-packs","status":"publish","type":"product","link":"https:\/\/xactskateshop.com\/fr\/produit\/bont-688-mini-roulements-8mm-16-packs\/","title":{"rendered":"BONT 688 Mini roulements 8mm 16 packs"},"content":{"rendered":"<p>Roulements BONT Mini 688<\/p>\n<p>Le roulement Bont 688 mini quad roller skate a une surface de roulement polie exceptionnellement fine et des billes incroyablement pr\u00e9cises. Les cages en plastique l\u00e9ger permettent de r\u00e9duire la r\u00e9sistance au roulement. L&#8217;acier, qui est extr\u00eamement r\u00e9sistant, aide le roulement \u00e0 conserver sa forme lorsqu&#8217;il est soumis \u00e0 une charge.<\/p>\n<p>Les adaptateurs de roulements Bont 688 s&#8217;adaptent sur vos mini roulements 688 afin qu&#8217;ils puissent \u00eatre mont\u00e9s sur des roues 608. Ces adaptateurs de roulements vous permettent d&#8217;utiliser un roulement mini dans une roue qui a \u00e9t\u00e9 con\u00e7ue pour un roulement 608 plus grand. L&#8217;avantage d&#8217;utiliser un mini-palier et un adaptateur plut\u00f4t qu&#8217;un palier 608 est que vous pouvez cr\u00e9er un ensemble beaucoup plus l\u00e9ger avec une meilleure acc\u00e9l\u00e9ration. Ce produit n\u00e9cessite des espaces entre les cylindres, et non les entretoises auto-centrantes habituelles.<\/p>\n<ul>\n<li><strong>Type de roulement :<\/strong> 688 mini<\/li>\n<li><strong>Dimension<\/strong>: 8x16x5<\/li>\n<li><strong>Protection :<\/strong> ZZ<\/li>\n<li><strong>Cage :<\/strong> SPCC 08F<\/li>\n<li><strong>Qualit\u00e9 :<\/strong> Acier \u00e0 roulements GCr15<\/li>\n<li><strong>Compl\u00e9ment de bille :<\/strong> 9 pi\u00e8ces<\/li>\n<li><strong>Mat\u00e9riau de la bille :<\/strong> Acier<\/li>\n<\/ul>\n<p>Paquet de 16 pi\u00e8ces.<\/p>\n<p>Les roulements de patins \u00e0 roues align\u00e9es Bont 688 sont les roulements de choix pour un certain nombre de patineurs de l&#8217;\u00e9quipe Bont. Un grand nombre de patineurs veulent un \u00e9quipement de patinage le plus l\u00e9ger possible et les mini roulements permettent d&#8217;\u00e9conomiser 12 grammes par roulement. Sur un patin \u00e0 roulettes ou un patin de roller derby, cela repr\u00e9sente une \u00e9conomie de 88 grammes si l&#8217;on tient compte de l&#8217;entretoise de 1 gramme sur chaque roulement.<\/p>\n<p>Trouvez d&#8217;autres mod\u00e8les <a href=\"http:\/\/xactskateshop.com\/product-category\/inline-speed-skating\/bearings\/\">ici<\/a><\/p>\n<p>Vous pouvez \u00e9galement les acheter <a href=\"https:\/\/bont.ca\/collections\/inline-skate-bearings\">ici<\/a><\/p>\n","protected":false},"excerpt":{"rendered":"<p>Roulements BONT Mini 688<\/p>\n<p>Le roulement Bont 688 mini quad roller skate a une surface de roulement polie exceptionnellement fine et des billes incroyablement pr\u00e9cises. Les cages en plastique l\u00e9ger permettent de r\u00e9duire la r\u00e9sistance au roulement. L&#8217;acier, qui est extr\u00eamement r\u00e9sistant, aide le roulement \u00e0 conserver sa forme lorsqu&#8217;il est soumis \u00e0 une charge.<\/p>\n","protected":false},"featured_media":28529,"comment_status":"closed","ping_status":"closed","template":"","meta":{"site-sidebar-layout":"default","site-content-layout":"default","ast-site-content-layout":"default","site-content-style":"default","site-sidebar-style":"default","ast-global-header-display":"","ast-banner-title-visibility":"","ast-main-header-display":"","ast-hfb-above-header-display":"","ast-hfb-below-header-display":"","ast-hfb-mobile-header-display":"","site-post-title":"","ast-breadcrumbs-content":"","ast-featured-img":"","footer-sml-layout":"","theme-transparent-header-meta":"default","adv-header-id-meta":"","stick-header-meta":"","header-above-stick-meta":"","header-main-stick-meta":"","header-below-stick-meta":"","astra-migrate-meta-layouts":"default","ast-page-background-enabled":"default","ast-page-background-meta":{"desktop":{"background-color":"","background-image":"","background-repeat":"repeat","background-position":"center center","background-size":"auto","background-attachment":"scroll","background-type":"","background-media":"","overlay-type":"","overlay-color":"","overlay-opacity":"","overlay-gradient":""},"tablet":{"background-color":"","background-image":"","background-repeat":"repeat","background-position":"center center","background-size":"auto","background-attachment":"scroll","background-type":"","background-media":"","overlay-type":"","overlay-color":"","overlay-opacity":"","overlay-gradient":""},"mobile":{"background-color":"","background-image":"","background-repeat":"repeat","background-position":"center center","background-size":"auto","background-attachment":"scroll","background-type":"","background-media":"","overlay-type":"","overlay-color":"","overlay-opacity":"","overlay-gradient":""}},"ast-content-background-meta":{"desktop":{"background-color":"var(--ast-global-color-5)","background-image":"","background-repeat":"repeat","background-position":"center center","background-size":"auto","background-attachment":"scroll","background-type":"","background-media":"","overlay-type":"","overlay-color":"","overlay-opacity":"","overlay-gradient":""},"tablet":{"background-color":"var(--ast-global-color-5)","background-image":"","background-repeat":"repeat","background-position":"center center","background-size":"auto","background-attachment":"scroll","background-type":"","background-media":"","overlay-type":"","overlay-color":"","overlay-opacity":"","overlay-gradient":""},"mobile":{"background-color":"var(--ast-global-color-5)","background-image":"","background-repeat":"repeat","background-position":"center center","background-size":"auto","background-attachment":"scroll","background-type":"","background-media":"","overlay-type":"","overlay-color":"","overlay-opacity":"","overlay-gradient":""}}},"product_brand":[],"product_cat":[1736,1739],"product_tag":[],"class_list":{"0":"post-59761","1":"product","2":"type-product","3":"status-publish","4":"has-post-thumbnail","6":"product_cat-roulements-et-outils-dentretien-2","7":"product_cat-roulements-et-outils-dentretien-fr-3","8":"desktop-align-center","9":"tablet-align-center","10":"mobile-align-center","11":"ast-product-gallery-layout-horizontal","12":"ast-product-tabs-layout-horizontal","13":"ast-qv-on-image","15":"first","16":"instock","17":"taxable","18":"shipping-taxable","19":"purchasable","20":"product-type-simple"},"bundled_by":[],"bundle_stock_status":"instock","bundle_stock_quantity":10,"bundle_virtual":false,"bundle_layout":"","bundle_add_to_cart_form_location":"","bundle_editable_in_cart":false,"bundle_sold_individually_context":"","bundle_item_grouping":"","bundle_min_size":"","bundle_max_size":"","bundle_price":[],"bundled_items":[],"bundle_sell_ids":[],"yoast_head":"<!-- This site is optimized with the Yoast SEO plugin v27.4 - https:\/\/yoast.com\/product\/yoast-seo-wordpress\/ -->\n<title>Roulements BONT Mini 688 - Xact Skate Shop.<\/title>\n<meta name=\"description\" content=\"Roulements BONT Mini 688. Le roulement Bont 688 mini quad roller skate a une surface de roulement polie exceptionnellement fine et des billes incroyablement pr\u00e9cises.\" \/>\n<meta name=\"robots\" content=\"index, follow, max-snippet:-1, max-image-preview:large, max-video-preview:-1\" \/>\n<link rel=\"canonical\" href=\"https:\/\/xactskateshop.com\/fr\/produit\/bont-688-mini-roulements-8mm-16-packs\/\" \/>\n<meta property=\"og:locale\" content=\"fr_FR\" \/>\n<meta property=\"og:type\" content=\"article\" \/>\n<meta property=\"og:title\" content=\"Roulements BONT Mini 688 - Xact Skate Shop.\" \/>\n<meta property=\"og:description\" content=\"Roulements BONT Mini 688. Le roulement Bont 688 mini quad roller skate a une surface de roulement polie exceptionnellement fine et des billes incroyablement pr\u00e9cises.\" \/>\n<meta property=\"og:url\" content=\"https:\/\/xactskateshop.com\/fr\/produit\/bont-688-mini-roulements-8mm-16-packs\/\" \/>\n<meta property=\"og:site_name\" content=\"Xact Skate Shop\" \/>\n<meta property=\"article:publisher\" content=\"https:\/\/www.facebook.com\/JeanLouiskateshop\" \/>\n<meta property=\"og:image\" content=\"https:\/\/xactskateshop.com\/wp-content\/uploads\/2021\/02\/688-Mini.jpg\" \/>\n\t<meta property=\"og:image:width\" content=\"1000\" \/>\n\t<meta property=\"og:image:height\" content=\"1000\" \/>\n\t<meta property=\"og:image:type\" content=\"image\/jpeg\" \/>\n<meta name=\"twitter:card\" content=\"summary_large_image\" \/>\n<meta name=\"twitter:label1\" content=\"Dur\u00e9e de lecture estim\u00e9e\" \/>\n\t<meta name=\"twitter:data1\" content=\"1 minute\" \/>\n<script type=\"application\/ld+json\" class=\"yoast-schema-graph\">{\"@context\":\"https:\\\/\\\/schema.org\",\"@graph\":[{\"@type\":\"WebPage\",\"@id\":\"https:\\\/\\\/xactskateshop.com\\\/fr\\\/produit\\\/bont-688-mini-roulements-8mm-16-packs\\\/\",\"url\":\"https:\\\/\\\/xactskateshop.com\\\/fr\\\/produit\\\/bont-688-mini-roulements-8mm-16-packs\\\/\",\"name\":\"Roulements BONT Mini 688 - Xact Skate Shop.\",\"isPartOf\":{\"@id\":\"http:\\\/\\\/xactskateshop.com\\\/fr\\\/#website\"},\"primaryImageOfPage\":{\"@id\":\"https:\\\/\\\/xactskateshop.com\\\/fr\\\/produit\\\/bont-688-mini-roulements-8mm-16-packs\\\/#primaryimage\"},\"image\":{\"@id\":\"https:\\\/\\\/xactskateshop.com\\\/fr\\\/produit\\\/bont-688-mini-roulements-8mm-16-packs\\\/#primaryimage\"},\"thumbnailUrl\":\"https:\\\/\\\/xactskateshop.com\\\/wp-content\\\/uploads\\\/2021\\\/02\\\/688-Mini.jpg\",\"datePublished\":\"2021-02-05T22:40:52+00:00\",\"description\":\"Roulements BONT Mini 688. Le roulement Bont 688 mini quad roller skate a une surface de roulement polie exceptionnellement fine et des billes incroyablement pr\u00e9cises.\",\"breadcrumb\":{\"@id\":\"https:\\\/\\\/xactskateshop.com\\\/fr\\\/produit\\\/bont-688-mini-roulements-8mm-16-packs\\\/#breadcrumb\"},\"inLanguage\":\"fr-FR\",\"potentialAction\":[{\"@type\":\"ReadAction\",\"target\":[\"https:\\\/\\\/xactskateshop.com\\\/fr\\\/produit\\\/bont-688-mini-roulements-8mm-16-packs\\\/\"]}]},{\"@type\":\"ImageObject\",\"inLanguage\":\"fr-FR\",\"@id\":\"https:\\\/\\\/xactskateshop.com\\\/fr\\\/produit\\\/bont-688-mini-roulements-8mm-16-packs\\\/#primaryimage\",\"url\":\"https:\\\/\\\/xactskateshop.com\\\/wp-content\\\/uploads\\\/2021\\\/02\\\/688-Mini.jpg\",\"contentUrl\":\"https:\\\/\\\/xactskateshop.com\\\/wp-content\\\/uploads\\\/2021\\\/02\\\/688-Mini.jpg\",\"width\":1000,\"height\":1000,\"caption\":\"Roulements BONT Mini 688\"},{\"@type\":\"BreadcrumbList\",\"@id\":\"https:\\\/\\\/xactskateshop.com\\\/fr\\\/produit\\\/bont-688-mini-roulements-8mm-16-packs\\\/#breadcrumb\",\"itemListElement\":[{\"@type\":\"ListItem\",\"position\":1,\"name\":\"Home\",\"item\":\"https:\\\/\\\/xactskateshop.com\\\/fr\\\/accueil\\\/\"},{\"@type\":\"ListItem\",\"position\":2,\"name\":\"Boutique\",\"item\":\"https:\\\/\\\/xactskateshop.com\\\/shop\\\/\"},{\"@type\":\"ListItem\",\"position\":3,\"name\":\"BONT 688 Mini roulements 8mm 16 packs\"}]},{\"@type\":\"WebSite\",\"@id\":\"http:\\\/\\\/xactskateshop.com\\\/fr\\\/#website\",\"url\":\"http:\\\/\\\/xactskateshop.com\\\/fr\\\/\",\"name\":\"Xact Skate Shop\",\"description\":\"Un site utilisant WordPress\",\"publisher\":{\"@id\":\"http:\\\/\\\/xactskateshop.com\\\/fr\\\/#organization\"},\"potentialAction\":[{\"@type\":\"SearchAction\",\"target\":{\"@type\":\"EntryPoint\",\"urlTemplate\":\"http:\\\/\\\/xactskateshop.com\\\/fr\\\/?s={search_term_string}\"},\"query-input\":{\"@type\":\"PropertyValueSpecification\",\"valueRequired\":true,\"valueName\":\"search_term_string\"}}],\"inLanguage\":\"fr-FR\"},{\"@type\":\"Organization\",\"@id\":\"http:\\\/\\\/xactskateshop.com\\\/fr\\\/#organization\",\"name\":\"XACT Skate Shop\",\"url\":\"http:\\\/\\\/xactskateshop.com\\\/fr\\\/\",\"logo\":{\"@type\":\"ImageObject\",\"inLanguage\":\"fr-FR\",\"@id\":\"http:\\\/\\\/xactskateshop.com\\\/fr\\\/#\\\/schema\\\/logo\\\/image\\\/\",\"url\":\"http:\\\/\\\/xactskateshop.com\\\/wp-content\\\/uploads\\\/2024\\\/04\\\/xactskateshop-dot-com-avec-contour-noir-sans-fond-675x.jpg\",\"contentUrl\":\"http:\\\/\\\/xactskateshop.com\\\/wp-content\\\/uploads\\\/2024\\\/04\\\/xactskateshop-dot-com-avec-contour-noir-sans-fond-675x.jpg\",\"width\":675,\"height\":247,\"caption\":\"XACT Skate Shop\"},\"image\":{\"@id\":\"http:\\\/\\\/xactskateshop.com\\\/fr\\\/#\\\/schema\\\/logo\\\/image\\\/\"},\"sameAs\":[\"https:\\\/\\\/www.facebook.com\\\/JeanLouiskateshop\"]}]}<\/script>\n<!-- \/ Yoast SEO plugin. -->","yoast_head_json":{"title":"Roulements BONT Mini 688 - Xact Skate Shop.","description":"Roulements BONT Mini 688. Le roulement Bont 688 mini quad roller skate a une surface de roulement polie exceptionnellement fine et des billes incroyablement pr\u00e9cises.","robots":{"index":"index","follow":"follow","max-snippet":"max-snippet:-1","max-image-preview":"max-image-preview:large","max-video-preview":"max-video-preview:-1"},"canonical":"https:\/\/xactskateshop.com\/fr\/produit\/bont-688-mini-roulements-8mm-16-packs\/","og_locale":"fr_FR","og_type":"article","og_title":"Roulements BONT Mini 688 - Xact Skate Shop.","og_description":"Roulements BONT Mini 688. Le roulement Bont 688 mini quad roller skate a une surface de roulement polie exceptionnellement fine et des billes incroyablement pr\u00e9cises.","og_url":"https:\/\/xactskateshop.com\/fr\/produit\/bont-688-mini-roulements-8mm-16-packs\/","og_site_name":"Xact Skate Shop","article_publisher":"https:\/\/www.facebook.com\/JeanLouiskateshop","og_image":[{"width":1000,"height":1000,"url":"https:\/\/xactskateshop.com\/wp-content\/uploads\/2021\/02\/688-Mini.jpg","type":"image\/jpeg"}],"twitter_card":"summary_large_image","twitter_misc":{"Dur\u00e9e de lecture estim\u00e9e":"1 minute"},"schema":{"@context":"https:\/\/schema.org","@graph":[{"@type":"WebPage","@id":"https:\/\/xactskateshop.com\/fr\/produit\/bont-688-mini-roulements-8mm-16-packs\/","url":"https:\/\/xactskateshop.com\/fr\/produit\/bont-688-mini-roulements-8mm-16-packs\/","name":"Roulements BONT Mini 688 - Xact Skate Shop.","isPartOf":{"@id":"http:\/\/xactskateshop.com\/fr\/#website"},"primaryImageOfPage":{"@id":"https:\/\/xactskateshop.com\/fr\/produit\/bont-688-mini-roulements-8mm-16-packs\/#primaryimage"},"image":{"@id":"https:\/\/xactskateshop.com\/fr\/produit\/bont-688-mini-roulements-8mm-16-packs\/#primaryimage"},"thumbnailUrl":"https:\/\/xactskateshop.com\/wp-content\/uploads\/2021\/02\/688-Mini.jpg","datePublished":"2021-02-05T22:40:52+00:00","description":"Roulements BONT Mini 688. Le roulement Bont 688 mini quad roller skate a une surface de roulement polie exceptionnellement fine et des billes incroyablement pr\u00e9cises.","breadcrumb":{"@id":"https:\/\/xactskateshop.com\/fr\/produit\/bont-688-mini-roulements-8mm-16-packs\/#breadcrumb"},"inLanguage":"fr-FR","potentialAction":[{"@type":"ReadAction","target":["https:\/\/xactskateshop.com\/fr\/produit\/bont-688-mini-roulements-8mm-16-packs\/"]}]},{"@type":"ImageObject","inLanguage":"fr-FR","@id":"https:\/\/xactskateshop.com\/fr\/produit\/bont-688-mini-roulements-8mm-16-packs\/#primaryimage","url":"https:\/\/xactskateshop.com\/wp-content\/uploads\/2021\/02\/688-Mini.jpg","contentUrl":"https:\/\/xactskateshop.com\/wp-content\/uploads\/2021\/02\/688-Mini.jpg","width":1000,"height":1000,"caption":"Roulements BONT Mini 688"},{"@type":"BreadcrumbList","@id":"https:\/\/xactskateshop.com\/fr\/produit\/bont-688-mini-roulements-8mm-16-packs\/#breadcrumb","itemListElement":[{"@type":"ListItem","position":1,"name":"Home","item":"https:\/\/xactskateshop.com\/fr\/accueil\/"},{"@type":"ListItem","position":2,"name":"Boutique","item":"https:\/\/xactskateshop.com\/shop\/"},{"@type":"ListItem","position":3,"name":"BONT 688 Mini roulements 8mm 16 packs"}]},{"@type":"WebSite","@id":"http:\/\/xactskateshop.com\/fr\/#website","url":"http:\/\/xactskateshop.com\/fr\/","name":"Xact Skate Shop","description":"Un site utilisant WordPress","publisher":{"@id":"http:\/\/xactskateshop.com\/fr\/#organization"},"potentialAction":[{"@type":"SearchAction","target":{"@type":"EntryPoint","urlTemplate":"http:\/\/xactskateshop.com\/fr\/?s={search_term_string}"},"query-input":{"@type":"PropertyValueSpecification","valueRequired":true,"valueName":"search_term_string"}}],"inLanguage":"fr-FR"},{"@type":"Organization","@id":"http:\/\/xactskateshop.com\/fr\/#organization","name":"XACT Skate Shop","url":"http:\/\/xactskateshop.com\/fr\/","logo":{"@type":"ImageObject","inLanguage":"fr-FR","@id":"http:\/\/xactskateshop.com\/fr\/#\/schema\/logo\/image\/","url":"http:\/\/xactskateshop.com\/wp-content\/uploads\/2024\/04\/xactskateshop-dot-com-avec-contour-noir-sans-fond-675x.jpg","contentUrl":"http:\/\/xactskateshop.com\/wp-content\/uploads\/2024\/04\/xactskateshop-dot-com-avec-contour-noir-sans-fond-675x.jpg","width":675,"height":247,"caption":"XACT Skate Shop"},"image":{"@id":"http:\/\/xactskateshop.com\/fr\/#\/schema\/logo\/image\/"},"sameAs":["https:\/\/www.facebook.com\/JeanLouiskateshop"]}]}},"_links":{"self":[{"href":"https:\/\/xactskateshop.com\/fr\/wp-json\/wp\/v2\/product\/59761","targetHints":{"allow":["GET"]}}],"collection":[{"href":"https:\/\/xactskateshop.com\/fr\/wp-json\/wp\/v2\/product"}],"about":[{"href":"https:\/\/xactskateshop.com\/fr\/wp-json\/wp\/v2\/types\/product"}],"replies":[{"embeddable":true,"href":"https:\/\/xactskateshop.com\/fr\/wp-json\/wp\/v2\/comments?post=59761"}],"wp:featuredmedia":[{"embeddable":true,"href":"https:\/\/xactskateshop.com\/fr\/wp-json\/wp\/v2\/media\/28529"}],"wp:attachment":[{"href":"https:\/\/xactskateshop.com\/fr\/wp-json\/wp\/v2\/media?parent=59761"}],"wp:term":[{"taxonomy":"product_brand","embeddable":true,"href":"https:\/\/xactskateshop.com\/fr\/wp-json\/wp\/v2\/product_brand?post=59761"},{"taxonomy":"product_cat","embeddable":true,"href":"https:\/\/xactskateshop.com\/fr\/wp-json\/wp\/v2\/product_cat?post=59761"},{"taxonomy":"product_tag","embeddable":true,"href":"https:\/\/xactskateshop.com\/fr\/wp-json\/wp\/v2\/product_tag?post=59761"}],"curies":[{"name":"wp","href":"https:\/\/api.w.org\/{rel}","templated":true}]}}