{"id":59759,"date":"2021-02-05T17:37:54","date_gmt":"2021-02-05T22:37:54","guid":{"rendered":"http:\/\/xactskateshop.com\/product\/bont-167-mini-roulements-7mm-16-packs\/"},"modified":"2021-02-05T17:37:54","modified_gmt":"2021-02-05T22:37:54","slug":"bont-167-mini-roulements-7mm-16-packs","status":"publish","type":"product","link":"https:\/\/xactskateshop.com\/fr\/produit\/bont-167-mini-roulements-7mm-16-packs\/","title":{"rendered":"BONT 167 Mini roulements 7mm 16 packs"},"content":{"rendered":"<p>Le roulement Bont 167 mini roller skate est fabriqu\u00e9 sur mesure pour Bont par Jesa Bearings en Suisse. Il a un diam\u00e8tre ext\u00e9rieur de 16 mm et un trou de 7 mm, d&#8217;o\u00f9 le num\u00e9ro 167. Certains patineurs appellent ce type de roulement un roulement de 7 mm. Les axes de 7 mm sur les patins \u00e0 roulettes quadruples sont populaires sur les plaques haut de gamme pour \u00e9conomiser du poids. Bont a \u00e9galement gagn\u00e9 beaucoup de poids gr\u00e2ce \u00e0 ses roues \u00e0 mini-palier telles que la Royal Assassin et la FX1, mais aucun palier au monde ne r\u00e9pondait \u00e0 nos besoins, c&#8217;est pourquoi nous avons con\u00e7u la 167.<\/p>\n<p>Le roulement Bont 167 quad mini roller skating a une surface de roulement polie exceptionnellement fine et des billes incroyablement pr\u00e9cises. Les cages en plastique l\u00e9ger permettent de r\u00e9duire la r\u00e9sistance au roulement. L&#8217;acier extr\u00eamement r\u00e9sistant permet au roulement de conserver sa forme lorsqu&#8217;il est soumis \u00e0 une charge.<\/p>\n<p>Les <a title=\"167\/688 adaptateurs de roulements\" href=\"http:\/\/xactskateshop.com\/product\/bont-167-688-quad-mini-bearing-adapter-16\/\">adaptateurs de roulements Bont 167\/688<\/a> s&#8217;adaptent \u00e0 vos roulements 167 mini pour qu&#8217;ils puissent \u00eatre mont\u00e9s sur des roues 608. Ces adaptateurs de roulements vous permettent d&#8217;utiliser un roulement mini dans une roue qui a \u00e9t\u00e9 con\u00e7ue pour un roulement 608 plus grand. L&#8217;avantage d&#8217;utiliser un mini-palier et un adaptateur plut\u00f4t qu&#8217;un palier 608 est que vous pouvez cr\u00e9er un ensemble beaucoup plus l\u00e9ger avec une meilleure acc\u00e9l\u00e9ration.<\/p>\n<p>Trouvez d&#8217;autres mod\u00e8les <a href=\"http:\/\/xactskateshop.com\/product-category\/roller-skates\/bearings-roller-skates\/\">ici<\/a><\/p>\n<p>Vous pouvez \u00e9galement les acheter <a href=\"https:\/\/bont.ca\/collections\/roller-skate-bearings\">ici<\/a><\/p>\n","protected":false},"excerpt":{"rendered":"<p>Le roulement Bont 167 mini roller skate est le seul roulement con\u00e7u sp\u00e9cifiquement pour le roller derby. De petite taille, le palier 167 est le plus l\u00e9ger du march\u00e9 et offre l&#8217;acc\u00e9l\u00e9ration la plus \u00e9lev\u00e9e par rapport \u00e0 la concurrence. Le roulement est dot\u00e9 de doubles flasques qui emp\u00eachent la poussi\u00e8re et la salet\u00e9 de p\u00e9n\u00e9trer \u00e0 l&#8217;int\u00e9rieur. Ces roulements sont fabriqu\u00e9s par Jesa.<\/p>\n","protected":false},"featured_media":28509,"comment_status":"closed","ping_status":"closed","template":"","meta":{"site-sidebar-layout":"default","site-content-layout":"default","ast-site-content-layout":"default","site-content-style":"default","site-sidebar-style":"default","ast-global-header-display":"","ast-banner-title-visibility":"","ast-main-header-display":"","ast-hfb-above-header-display":"","ast-hfb-below-header-display":"","ast-hfb-mobile-header-display":"","site-post-title":"","ast-breadcrumbs-content":"","ast-featured-img":"","footer-sml-layout":"","theme-transparent-header-meta":"default","adv-header-id-meta":"","stick-header-meta":"","header-above-stick-meta":"","header-main-stick-meta":"","header-below-stick-meta":"","astra-migrate-meta-layouts":"default","ast-page-background-enabled":"default","ast-page-background-meta":{"desktop":{"background-color":"","background-image":"","background-repeat":"repeat","background-position":"center center","background-size":"auto","background-attachment":"scroll","background-type":"","background-media":"","overlay-type":"","overlay-color":"","overlay-opacity":"","overlay-gradient":""},"tablet":{"background-color":"","background-image":"","background-repeat":"repeat","background-position":"center center","background-size":"auto","background-attachment":"scroll","background-type":"","background-media":"","overlay-type":"","overlay-color":"","overlay-opacity":"","overlay-gradient":""},"mobile":{"background-color":"","background-image":"","background-repeat":"repeat","background-position":"center center","background-size":"auto","background-attachment":"scroll","background-type":"","background-media":"","overlay-type":"","overlay-color":"","overlay-opacity":"","overlay-gradient":""}},"ast-content-background-meta":{"desktop":{"background-color":"var(--ast-global-color-5)","background-image":"","background-repeat":"repeat","background-position":"center center","background-size":"auto","background-attachment":"scroll","background-type":"","background-media":"","overlay-type":"","overlay-color":"","overlay-opacity":"","overlay-gradient":""},"tablet":{"background-color":"var(--ast-global-color-5)","background-image":"","background-repeat":"repeat","background-position":"center center","background-size":"auto","background-attachment":"scroll","background-type":"","background-media":"","overlay-type":"","overlay-color":"","overlay-opacity":"","overlay-gradient":""},"mobile":{"background-color":"var(--ast-global-color-5)","background-image":"","background-repeat":"repeat","background-position":"center center","background-size":"auto","background-attachment":"scroll","background-type":"","background-media":"","overlay-type":"","overlay-color":"","overlay-opacity":"","overlay-gradient":""}}},"product_brand":[],"product_cat":[1736,1739],"product_tag":[],"class_list":{"0":"post-59759","1":"product","2":"type-product","3":"status-publish","4":"has-post-thumbnail","6":"product_cat-roulements-et-outils-dentretien-2","7":"product_cat-roulements-et-outils-dentretien-fr-3","8":"desktop-align-center","9":"tablet-align-center","10":"mobile-align-center","11":"ast-product-gallery-layout-horizontal","12":"ast-product-tabs-layout-horizontal","13":"ast-qv-on-image","15":"first","16":"instock","17":"sale","18":"taxable","19":"shipping-taxable","20":"purchasable","21":"product-type-simple"},"bundled_by":[],"bundle_stock_status":"instock","bundle_stock_quantity":8,"bundle_virtual":false,"bundle_layout":"","bundle_add_to_cart_form_location":"","bundle_editable_in_cart":false,"bundle_sold_individually_context":"","bundle_item_grouping":"","bundle_min_size":"","bundle_max_size":"","bundle_price":[],"bundled_items":[],"bundle_sell_ids":[],"yoast_head":"<!-- This site is optimized with the Yoast SEO plugin v27.4 - https:\/\/yoast.com\/product\/yoast-seo-wordpress\/ -->\n<title>BONT Mini 167 roulements %sep%%Xact Skate Shop%.<\/title>\n<meta name=\"description\" content=\"BONT Mini 167 roulements. Le roulement Bont 167 mini roller skate est le seul roulement con\u00e7u sp\u00e9cifiquement pour le roller derby.\" \/>\n<meta name=\"robots\" content=\"index, follow, max-snippet:-1, max-image-preview:large, max-video-preview:-1\" \/>\n<link rel=\"canonical\" href=\"https:\/\/xactskateshop.com\/fr\/produit\/bont-167-mini-roulements-7mm-16-packs\/\" \/>\n<meta property=\"og:locale\" content=\"fr_FR\" \/>\n<meta property=\"og:type\" content=\"article\" \/>\n<meta property=\"og:title\" content=\"BONT Mini 167 roulements %sep%%Xact Skate Shop%.\" \/>\n<meta property=\"og:description\" content=\"BONT Mini 167 roulements. Le roulement Bont 167 mini roller skate est le seul roulement con\u00e7u sp\u00e9cifiquement pour le roller derby.\" \/>\n<meta property=\"og:url\" content=\"https:\/\/xactskateshop.com\/fr\/produit\/bont-167-mini-roulements-7mm-16-packs\/\" \/>\n<meta property=\"og:site_name\" content=\"Xact Skate Shop\" \/>\n<meta property=\"article:publisher\" content=\"https:\/\/www.facebook.com\/JeanLouiskateshop\" \/>\n<meta property=\"og:image\" content=\"https:\/\/xactskateshop.com\/wp-content\/uploads\/2021\/02\/167.jpg\" \/>\n\t<meta property=\"og:image:width\" content=\"1000\" \/>\n\t<meta property=\"og:image:height\" content=\"1000\" \/>\n\t<meta property=\"og:image:type\" content=\"image\/jpeg\" \/>\n<meta name=\"twitter:card\" content=\"summary_large_image\" \/>\n<meta name=\"twitter:label1\" content=\"Dur\u00e9e de lecture estim\u00e9e\" \/>\n\t<meta name=\"twitter:data1\" content=\"1 minute\" \/>\n<script type=\"application\/ld+json\" class=\"yoast-schema-graph\">{\"@context\":\"https:\\\/\\\/schema.org\",\"@graph\":[{\"@type\":\"WebPage\",\"@id\":\"https:\\\/\\\/xactskateshop.com\\\/fr\\\/produit\\\/bont-167-mini-roulements-7mm-16-packs\\\/\",\"url\":\"https:\\\/\\\/xactskateshop.com\\\/fr\\\/produit\\\/bont-167-mini-roulements-7mm-16-packs\\\/\",\"name\":\"BONT Mini 167 roulements %sep%%Xact Skate Shop%.\",\"isPartOf\":{\"@id\":\"http:\\\/\\\/xactskateshop.com\\\/fr\\\/#website\"},\"primaryImageOfPage\":{\"@id\":\"https:\\\/\\\/xactskateshop.com\\\/fr\\\/produit\\\/bont-167-mini-roulements-7mm-16-packs\\\/#primaryimage\"},\"image\":{\"@id\":\"https:\\\/\\\/xactskateshop.com\\\/fr\\\/produit\\\/bont-167-mini-roulements-7mm-16-packs\\\/#primaryimage\"},\"thumbnailUrl\":\"https:\\\/\\\/xactskateshop.com\\\/wp-content\\\/uploads\\\/2021\\\/02\\\/167.jpg\",\"datePublished\":\"2021-02-05T22:37:54+00:00\",\"description\":\"BONT Mini 167 roulements. Le roulement Bont 167 mini roller skate est le seul roulement con\u00e7u sp\u00e9cifiquement pour le roller derby.\",\"breadcrumb\":{\"@id\":\"https:\\\/\\\/xactskateshop.com\\\/fr\\\/produit\\\/bont-167-mini-roulements-7mm-16-packs\\\/#breadcrumb\"},\"inLanguage\":\"fr-FR\",\"potentialAction\":[{\"@type\":\"ReadAction\",\"target\":[\"https:\\\/\\\/xactskateshop.com\\\/fr\\\/produit\\\/bont-167-mini-roulements-7mm-16-packs\\\/\"]}]},{\"@type\":\"ImageObject\",\"inLanguage\":\"fr-FR\",\"@id\":\"https:\\\/\\\/xactskateshop.com\\\/fr\\\/produit\\\/bont-167-mini-roulements-7mm-16-packs\\\/#primaryimage\",\"url\":\"https:\\\/\\\/xactskateshop.com\\\/wp-content\\\/uploads\\\/2021\\\/02\\\/167.jpg\",\"contentUrl\":\"https:\\\/\\\/xactskateshop.com\\\/wp-content\\\/uploads\\\/2021\\\/02\\\/167.jpg\",\"width\":1000,\"height\":1000,\"caption\":\"BONT Mini 167 roulements\"},{\"@type\":\"BreadcrumbList\",\"@id\":\"https:\\\/\\\/xactskateshop.com\\\/fr\\\/produit\\\/bont-167-mini-roulements-7mm-16-packs\\\/#breadcrumb\",\"itemListElement\":[{\"@type\":\"ListItem\",\"position\":1,\"name\":\"Home\",\"item\":\"https:\\\/\\\/xactskateshop.com\\\/fr\\\/accueil\\\/\"},{\"@type\":\"ListItem\",\"position\":2,\"name\":\"Boutique\",\"item\":\"https:\\\/\\\/xactskateshop.com\\\/shop\\\/\"},{\"@type\":\"ListItem\",\"position\":3,\"name\":\"BONT 167 Mini roulements 7mm 16 packs\"}]},{\"@type\":\"WebSite\",\"@id\":\"http:\\\/\\\/xactskateshop.com\\\/fr\\\/#website\",\"url\":\"http:\\\/\\\/xactskateshop.com\\\/fr\\\/\",\"name\":\"Xact Skate Shop\",\"description\":\"Un site utilisant WordPress\",\"publisher\":{\"@id\":\"http:\\\/\\\/xactskateshop.com\\\/fr\\\/#organization\"},\"potentialAction\":[{\"@type\":\"SearchAction\",\"target\":{\"@type\":\"EntryPoint\",\"urlTemplate\":\"http:\\\/\\\/xactskateshop.com\\\/fr\\\/?s={search_term_string}\"},\"query-input\":{\"@type\":\"PropertyValueSpecification\",\"valueRequired\":true,\"valueName\":\"search_term_string\"}}],\"inLanguage\":\"fr-FR\"},{\"@type\":\"Organization\",\"@id\":\"http:\\\/\\\/xactskateshop.com\\\/fr\\\/#organization\",\"name\":\"XACT Skate Shop\",\"url\":\"http:\\\/\\\/xactskateshop.com\\\/fr\\\/\",\"logo\":{\"@type\":\"ImageObject\",\"inLanguage\":\"fr-FR\",\"@id\":\"http:\\\/\\\/xactskateshop.com\\\/fr\\\/#\\\/schema\\\/logo\\\/image\\\/\",\"url\":\"http:\\\/\\\/xactskateshop.com\\\/wp-content\\\/uploads\\\/2024\\\/04\\\/xactskateshop-dot-com-avec-contour-noir-sans-fond-675x.jpg\",\"contentUrl\":\"http:\\\/\\\/xactskateshop.com\\\/wp-content\\\/uploads\\\/2024\\\/04\\\/xactskateshop-dot-com-avec-contour-noir-sans-fond-675x.jpg\",\"width\":675,\"height\":247,\"caption\":\"XACT Skate Shop\"},\"image\":{\"@id\":\"http:\\\/\\\/xactskateshop.com\\\/fr\\\/#\\\/schema\\\/logo\\\/image\\\/\"},\"sameAs\":[\"https:\\\/\\\/www.facebook.com\\\/JeanLouiskateshop\"]}]}<\/script>\n<!-- \/ Yoast SEO plugin. -->","yoast_head_json":{"title":"BONT Mini 167 roulements %sep%%Xact Skate Shop%.","description":"BONT Mini 167 roulements. Le roulement Bont 167 mini roller skate est le seul roulement con\u00e7u sp\u00e9cifiquement pour le roller derby.","robots":{"index":"index","follow":"follow","max-snippet":"max-snippet:-1","max-image-preview":"max-image-preview:large","max-video-preview":"max-video-preview:-1"},"canonical":"https:\/\/xactskateshop.com\/fr\/produit\/bont-167-mini-roulements-7mm-16-packs\/","og_locale":"fr_FR","og_type":"article","og_title":"BONT Mini 167 roulements %sep%%Xact Skate Shop%.","og_description":"BONT Mini 167 roulements. Le roulement Bont 167 mini roller skate est le seul roulement con\u00e7u sp\u00e9cifiquement pour le roller derby.","og_url":"https:\/\/xactskateshop.com\/fr\/produit\/bont-167-mini-roulements-7mm-16-packs\/","og_site_name":"Xact Skate Shop","article_publisher":"https:\/\/www.facebook.com\/JeanLouiskateshop","og_image":[{"width":1000,"height":1000,"url":"https:\/\/xactskateshop.com\/wp-content\/uploads\/2021\/02\/167.jpg","type":"image\/jpeg"}],"twitter_card":"summary_large_image","twitter_misc":{"Dur\u00e9e de lecture estim\u00e9e":"1 minute"},"schema":{"@context":"https:\/\/schema.org","@graph":[{"@type":"WebPage","@id":"https:\/\/xactskateshop.com\/fr\/produit\/bont-167-mini-roulements-7mm-16-packs\/","url":"https:\/\/xactskateshop.com\/fr\/produit\/bont-167-mini-roulements-7mm-16-packs\/","name":"BONT Mini 167 roulements %sep%%Xact Skate Shop%.","isPartOf":{"@id":"http:\/\/xactskateshop.com\/fr\/#website"},"primaryImageOfPage":{"@id":"https:\/\/xactskateshop.com\/fr\/produit\/bont-167-mini-roulements-7mm-16-packs\/#primaryimage"},"image":{"@id":"https:\/\/xactskateshop.com\/fr\/produit\/bont-167-mini-roulements-7mm-16-packs\/#primaryimage"},"thumbnailUrl":"https:\/\/xactskateshop.com\/wp-content\/uploads\/2021\/02\/167.jpg","datePublished":"2021-02-05T22:37:54+00:00","description":"BONT Mini 167 roulements. Le roulement Bont 167 mini roller skate est le seul roulement con\u00e7u sp\u00e9cifiquement pour le roller derby.","breadcrumb":{"@id":"https:\/\/xactskateshop.com\/fr\/produit\/bont-167-mini-roulements-7mm-16-packs\/#breadcrumb"},"inLanguage":"fr-FR","potentialAction":[{"@type":"ReadAction","target":["https:\/\/xactskateshop.com\/fr\/produit\/bont-167-mini-roulements-7mm-16-packs\/"]}]},{"@type":"ImageObject","inLanguage":"fr-FR","@id":"https:\/\/xactskateshop.com\/fr\/produit\/bont-167-mini-roulements-7mm-16-packs\/#primaryimage","url":"https:\/\/xactskateshop.com\/wp-content\/uploads\/2021\/02\/167.jpg","contentUrl":"https:\/\/xactskateshop.com\/wp-content\/uploads\/2021\/02\/167.jpg","width":1000,"height":1000,"caption":"BONT Mini 167 roulements"},{"@type":"BreadcrumbList","@id":"https:\/\/xactskateshop.com\/fr\/produit\/bont-167-mini-roulements-7mm-16-packs\/#breadcrumb","itemListElement":[{"@type":"ListItem","position":1,"name":"Home","item":"https:\/\/xactskateshop.com\/fr\/accueil\/"},{"@type":"ListItem","position":2,"name":"Boutique","item":"https:\/\/xactskateshop.com\/shop\/"},{"@type":"ListItem","position":3,"name":"BONT 167 Mini roulements 7mm 16 packs"}]},{"@type":"WebSite","@id":"http:\/\/xactskateshop.com\/fr\/#website","url":"http:\/\/xactskateshop.com\/fr\/","name":"Xact Skate Shop","description":"Un site utilisant WordPress","publisher":{"@id":"http:\/\/xactskateshop.com\/fr\/#organization"},"potentialAction":[{"@type":"SearchAction","target":{"@type":"EntryPoint","urlTemplate":"http:\/\/xactskateshop.com\/fr\/?s={search_term_string}"},"query-input":{"@type":"PropertyValueSpecification","valueRequired":true,"valueName":"search_term_string"}}],"inLanguage":"fr-FR"},{"@type":"Organization","@id":"http:\/\/xactskateshop.com\/fr\/#organization","name":"XACT Skate Shop","url":"http:\/\/xactskateshop.com\/fr\/","logo":{"@type":"ImageObject","inLanguage":"fr-FR","@id":"http:\/\/xactskateshop.com\/fr\/#\/schema\/logo\/image\/","url":"http:\/\/xactskateshop.com\/wp-content\/uploads\/2024\/04\/xactskateshop-dot-com-avec-contour-noir-sans-fond-675x.jpg","contentUrl":"http:\/\/xactskateshop.com\/wp-content\/uploads\/2024\/04\/xactskateshop-dot-com-avec-contour-noir-sans-fond-675x.jpg","width":675,"height":247,"caption":"XACT Skate Shop"},"image":{"@id":"http:\/\/xactskateshop.com\/fr\/#\/schema\/logo\/image\/"},"sameAs":["https:\/\/www.facebook.com\/JeanLouiskateshop"]}]}},"_links":{"self":[{"href":"https:\/\/xactskateshop.com\/fr\/wp-json\/wp\/v2\/product\/59759","targetHints":{"allow":["GET"]}}],"collection":[{"href":"https:\/\/xactskateshop.com\/fr\/wp-json\/wp\/v2\/product"}],"about":[{"href":"https:\/\/xactskateshop.com\/fr\/wp-json\/wp\/v2\/types\/product"}],"replies":[{"embeddable":true,"href":"https:\/\/xactskateshop.com\/fr\/wp-json\/wp\/v2\/comments?post=59759"}],"wp:featuredmedia":[{"embeddable":true,"href":"https:\/\/xactskateshop.com\/fr\/wp-json\/wp\/v2\/media\/28509"}],"wp:attachment":[{"href":"https:\/\/xactskateshop.com\/fr\/wp-json\/wp\/v2\/media?parent=59759"}],"wp:term":[{"taxonomy":"product_brand","embeddable":true,"href":"https:\/\/xactskateshop.com\/fr\/wp-json\/wp\/v2\/product_brand?post=59759"},{"taxonomy":"product_cat","embeddable":true,"href":"https:\/\/xactskateshop.com\/fr\/wp-json\/wp\/v2\/product_cat?post=59759"},{"taxonomy":"product_tag","embeddable":true,"href":"https:\/\/xactskateshop.com\/fr\/wp-json\/wp\/v2\/product_tag?post=59759"}],"curies":[{"name":"wp","href":"https:\/\/api.w.org\/{rel}","templated":true}]}}