{"id":59756,"date":"2021-02-05T17:20:58","date_gmt":"2021-02-05T22:20:58","guid":{"rendered":"http:\/\/xactskateshop.com\/product\/bont-jesa-roulements-noirs-paquet-de-16\/"},"modified":"2021-02-05T17:20:58","modified_gmt":"2021-02-05T22:20:58","slug":"bont-jesa-roulements-noirs-paquet-de-16","status":"publish","type":"product","link":"https:\/\/xactskateshop.com\/fr\/produit\/bont-jesa-roulements-noirs-paquet-de-16\/","title":{"rendered":"BONT JESA ROULEMENTS NOIRS paquet de 16"},"content":{"rendered":"<p>Vous cherchez \u00e0 acheter le roulement de patin \u00e0 roues align\u00e9es le plus rapide et le plus performant du march\u00e9 ? Vous les avez trouv\u00e9s. Nous avons construit ce palier \u00e0 partir de z\u00e9ro avec <a title=\"Jesa\" href=\"https:\/\/www.jesa.com\/en\/\">JESA<\/a> en Suisse. Nous avons non seulement utilis\u00e9 de l&#8217;acier de qualit\u00e9 a\u00e9rospatiale pour la bague ext\u00e9rieure, mais nous avons \u00e9galement proc\u00e9d\u00e9 \u00e0 un double polissage de la bague ext\u00e9rieure et de la bague int\u00e9rieure afin de r\u00e9duire au maximum les frottements. Les billes subissent plusieurs \u00e9tapes de polissage, bien plus que les roulements ABEC 5, 7 ou 9 standard, afin de s&#8217;assurer qu&#8217;elles sont aussi rondes que possible. En outre, les cages en plastique l\u00e9ger permettent de r\u00e9duire la r\u00e9sistance au roulement. Pour r\u00e9duire la tra\u00een\u00e9e, Jesa a augment\u00e9 le jeu radial, ce qui a permis de r\u00e9duire l\u00e9g\u00e8rement le nombre total de patches de billes en contact. Enfin, nous utilisons une huile de course l\u00e9g\u00e8re sp\u00e9ciale provenant d&#8217;Allemagne pour compl\u00e9ter le roulement. Le r\u00e9sultat est le roulement de patin en acier le plus rapide du march\u00e9.<\/p>\n<ul>\n<li><strong>Type de roulement :<\/strong> 608 8mm<\/li>\n<li><strong>Dimension :<\/strong> \u00e2me de 8 mm, diam\u00e8tre ext\u00e9rieur de 22 mm, largeur de 7 mm<\/li>\n<li><strong>Protection :<\/strong> Bouclier 1-Z<\/li>\n<li>Cage <strong>:<\/strong> cage en plastique TN9<\/li>\n<li><strong>Compl\u00e9ment de bille :<\/strong> 7 pi\u00e8ces<\/li>\n<li><strong>Mat\u00e9riau de la bille :<\/strong> Acier de qualit\u00e9 sup\u00e9rieure<\/li>\n<\/ul>\n<p>Paquet de 16 pi\u00e8ces.<\/p>\n<p>Pour s&#8217;assurer que tout ce travail de cr\u00e9ation de roulements fonctionne r\u00e9ellement dans la pratique, notre \u00e9quipe professionnelle de patineurs en ligne, qui comprend un certain nombre de champions du monde, teste les roulements dans des conditions de travail r\u00e9elles pour confirmer qu&#8217;il s&#8217;agit des meilleurs roulements pour patins \u00e0 glace. Nous effectuons des comparaisons de temps au tour dos \u00e0 dos ainsi que des tests de roulis. Nos tests confirment qu&#8217;il n&#8217;y a pas de roulement en acier plus rapide que le roulement en acier pour patins \u00e0 roues align\u00e9es Bont 608.<\/p>\n<p>Trouvez d&#8217;autres mod\u00e8les <a href=\"http:\/\/xactskateshop.com\/product-category\/inline-speed-skating\/bearings\/\">ici<\/a><\/p>\n<p>Vous pouvez \u00e9galement les acheter <a href=\"https:\/\/bont.ca\/collections\/inline-skate-bearings\">ici<\/a><\/p>\n","protected":false},"excerpt":{"rendered":"<p>Vous cherchez \u00e0 acheter le roulement de patin \u00e0 roues align\u00e9es le plus rapide et le plus performant du march\u00e9 ? Vous les avez trouv\u00e9s. Nous avons construit ce palier \u00e0 partir de z\u00e9ro avec <a title=\"Jesa\" href=\"https:\/\/www.jesa.com\/en\/\">JESA<\/a> en Suisse.<\/p>\n","protected":false},"featured_media":28557,"comment_status":"closed","ping_status":"closed","template":"","meta":{"site-sidebar-layout":"default","site-content-layout":"default","ast-site-content-layout":"default","site-content-style":"default","site-sidebar-style":"default","ast-global-header-display":"","ast-banner-title-visibility":"","ast-main-header-display":"","ast-hfb-above-header-display":"","ast-hfb-below-header-display":"","ast-hfb-mobile-header-display":"","site-post-title":"","ast-breadcrumbs-content":"","ast-featured-img":"","footer-sml-layout":"","theme-transparent-header-meta":"default","adv-header-id-meta":"","stick-header-meta":"","header-above-stick-meta":"","header-main-stick-meta":"","header-below-stick-meta":"","astra-migrate-meta-layouts":"default","ast-page-background-enabled":"default","ast-page-background-meta":{"desktop":{"background-color":"","background-image":"","background-repeat":"repeat","background-position":"center center","background-size":"auto","background-attachment":"scroll","background-type":"","background-media":"","overlay-type":"","overlay-color":"","overlay-opacity":"","overlay-gradient":""},"tablet":{"background-color":"","background-image":"","background-repeat":"repeat","background-position":"center center","background-size":"auto","background-attachment":"scroll","background-type":"","background-media":"","overlay-type":"","overlay-color":"","overlay-opacity":"","overlay-gradient":""},"mobile":{"background-color":"","background-image":"","background-repeat":"repeat","background-position":"center center","background-size":"auto","background-attachment":"scroll","background-type":"","background-media":"","overlay-type":"","overlay-color":"","overlay-opacity":"","overlay-gradient":""}},"ast-content-background-meta":{"desktop":{"background-color":"var(--ast-global-color-5)","background-image":"","background-repeat":"repeat","background-position":"center center","background-size":"auto","background-attachment":"scroll","background-type":"","background-media":"","overlay-type":"","overlay-color":"","overlay-opacity":"","overlay-gradient":""},"tablet":{"background-color":"var(--ast-global-color-5)","background-image":"","background-repeat":"repeat","background-position":"center center","background-size":"auto","background-attachment":"scroll","background-type":"","background-media":"","overlay-type":"","overlay-color":"","overlay-opacity":"","overlay-gradient":""},"mobile":{"background-color":"var(--ast-global-color-5)","background-image":"","background-repeat":"repeat","background-position":"center center","background-size":"auto","background-attachment":"scroll","background-type":"","background-media":"","overlay-type":"","overlay-color":"","overlay-opacity":"","overlay-gradient":""}}},"product_brand":[],"product_cat":[1736,1739],"product_tag":[],"class_list":{"0":"post-59756","1":"product","2":"type-product","3":"status-publish","4":"has-post-thumbnail","6":"product_cat-roulements-et-outils-dentretien-2","7":"product_cat-roulements-et-outils-dentretien-fr-3","8":"desktop-align-center","9":"tablet-align-center","10":"mobile-align-center","11":"ast-product-gallery-layout-horizontal","12":"ast-product-tabs-layout-horizontal","13":"ast-qv-on-image","15":"first","16":"instock","17":"sale","18":"taxable","19":"shipping-taxable","20":"purchasable","21":"product-type-simple"},"bundled_by":[],"bundle_stock_status":"instock","bundle_stock_quantity":18,"bundle_virtual":false,"bundle_layout":"","bundle_add_to_cart_form_location":"","bundle_editable_in_cart":false,"bundle_sold_individually_context":"","bundle_item_grouping":"","bundle_min_size":"","bundle_max_size":"","bundle_price":[],"bundled_items":[],"bundle_sell_ids":[],"yoast_head":"<!-- This site is optimized with the Yoast SEO plugin v27.4 - https:\/\/yoast.com\/product\/yoast-seo-wordpress\/ -->\n<title>BONT JESA roulements noirs - %.<\/title>\n<meta name=\"description\" content=\"Roulements noirs BONT JESA. La s\u00e9rie noire Bont\/Jesa est le meilleur palier en acier que nous ayons jamais fabriqu\u00e9. Nous avons construit ce palier avec JESA en Suisse.\" \/>\n<meta name=\"robots\" content=\"index, follow, max-snippet:-1, max-image-preview:large, max-video-preview:-1\" \/>\n<link rel=\"canonical\" href=\"https:\/\/xactskateshop.com\/fr\/produit\/bont-jesa-roulements-noirs-paquet-de-16\/\" \/>\n<meta property=\"og:locale\" content=\"fr_FR\" \/>\n<meta property=\"og:type\" content=\"article\" \/>\n<meta property=\"og:title\" content=\"BONT JESA roulements noirs - %.\" \/>\n<meta property=\"og:description\" content=\"Roulements noirs BONT JESA. La s\u00e9rie noire Bont\/Jesa est le meilleur palier en acier que nous ayons jamais fabriqu\u00e9. Nous avons construit ce palier avec JESA en Suisse.\" \/>\n<meta property=\"og:url\" content=\"https:\/\/xactskateshop.com\/fr\/produit\/bont-jesa-roulements-noirs-paquet-de-16\/\" \/>\n<meta property=\"og:site_name\" content=\"Xact Skate Shop\" \/>\n<meta property=\"article:publisher\" content=\"https:\/\/www.facebook.com\/JeanLouiskateshop\" \/>\n<meta property=\"og:image\" content=\"https:\/\/xactskateshop.com\/wp-content\/uploads\/2021\/02\/Jesa-608-Black.jpg\" \/>\n\t<meta property=\"og:image:width\" content=\"1000\" \/>\n\t<meta property=\"og:image:height\" content=\"1000\" \/>\n\t<meta property=\"og:image:type\" content=\"image\/jpeg\" \/>\n<meta name=\"twitter:card\" content=\"summary_large_image\" \/>\n<meta name=\"twitter:label1\" content=\"Dur\u00e9e de lecture estim\u00e9e\" \/>\n\t<meta name=\"twitter:data1\" content=\"2 minutes\" \/>\n<script type=\"application\/ld+json\" class=\"yoast-schema-graph\">{\"@context\":\"https:\\\/\\\/schema.org\",\"@graph\":[{\"@type\":\"WebPage\",\"@id\":\"https:\\\/\\\/xactskateshop.com\\\/fr\\\/produit\\\/bont-jesa-roulements-noirs-paquet-de-16\\\/\",\"url\":\"https:\\\/\\\/xactskateshop.com\\\/fr\\\/produit\\\/bont-jesa-roulements-noirs-paquet-de-16\\\/\",\"name\":\"BONT JESA roulements noirs - %.\",\"isPartOf\":{\"@id\":\"http:\\\/\\\/xactskateshop.com\\\/fr\\\/#website\"},\"primaryImageOfPage\":{\"@id\":\"https:\\\/\\\/xactskateshop.com\\\/fr\\\/produit\\\/bont-jesa-roulements-noirs-paquet-de-16\\\/#primaryimage\"},\"image\":{\"@id\":\"https:\\\/\\\/xactskateshop.com\\\/fr\\\/produit\\\/bont-jesa-roulements-noirs-paquet-de-16\\\/#primaryimage\"},\"thumbnailUrl\":\"https:\\\/\\\/xactskateshop.com\\\/wp-content\\\/uploads\\\/2021\\\/02\\\/Jesa-608-Black.jpg\",\"datePublished\":\"2021-02-05T22:20:58+00:00\",\"description\":\"Roulements noirs BONT JESA. La s\u00e9rie noire Bont\\\/Jesa est le meilleur palier en acier que nous ayons jamais fabriqu\u00e9. Nous avons construit ce palier avec JESA en Suisse.\",\"breadcrumb\":{\"@id\":\"https:\\\/\\\/xactskateshop.com\\\/fr\\\/produit\\\/bont-jesa-roulements-noirs-paquet-de-16\\\/#breadcrumb\"},\"inLanguage\":\"fr-FR\",\"potentialAction\":[{\"@type\":\"ReadAction\",\"target\":[\"https:\\\/\\\/xactskateshop.com\\\/fr\\\/produit\\\/bont-jesa-roulements-noirs-paquet-de-16\\\/\"]}]},{\"@type\":\"ImageObject\",\"inLanguage\":\"fr-FR\",\"@id\":\"https:\\\/\\\/xactskateshop.com\\\/fr\\\/produit\\\/bont-jesa-roulements-noirs-paquet-de-16\\\/#primaryimage\",\"url\":\"https:\\\/\\\/xactskateshop.com\\\/wp-content\\\/uploads\\\/2021\\\/02\\\/Jesa-608-Black.jpg\",\"contentUrl\":\"https:\\\/\\\/xactskateshop.com\\\/wp-content\\\/uploads\\\/2021\\\/02\\\/Jesa-608-Black.jpg\",\"width\":1000,\"height\":1000,\"caption\":\"BONT JESA roulements noirs\"},{\"@type\":\"BreadcrumbList\",\"@id\":\"https:\\\/\\\/xactskateshop.com\\\/fr\\\/produit\\\/bont-jesa-roulements-noirs-paquet-de-16\\\/#breadcrumb\",\"itemListElement\":[{\"@type\":\"ListItem\",\"position\":1,\"name\":\"Home\",\"item\":\"https:\\\/\\\/xactskateshop.com\\\/fr\\\/accueil\\\/\"},{\"@type\":\"ListItem\",\"position\":2,\"name\":\"Boutique\",\"item\":\"https:\\\/\\\/xactskateshop.com\\\/shop\\\/\"},{\"@type\":\"ListItem\",\"position\":3,\"name\":\"BONT JESA ROULEMENTS NOIRS paquet de 16\"}]},{\"@type\":\"WebSite\",\"@id\":\"http:\\\/\\\/xactskateshop.com\\\/fr\\\/#website\",\"url\":\"http:\\\/\\\/xactskateshop.com\\\/fr\\\/\",\"name\":\"Xact Skate Shop\",\"description\":\"Un site utilisant WordPress\",\"publisher\":{\"@id\":\"http:\\\/\\\/xactskateshop.com\\\/fr\\\/#organization\"},\"potentialAction\":[{\"@type\":\"SearchAction\",\"target\":{\"@type\":\"EntryPoint\",\"urlTemplate\":\"http:\\\/\\\/xactskateshop.com\\\/fr\\\/?s={search_term_string}\"},\"query-input\":{\"@type\":\"PropertyValueSpecification\",\"valueRequired\":true,\"valueName\":\"search_term_string\"}}],\"inLanguage\":\"fr-FR\"},{\"@type\":\"Organization\",\"@id\":\"http:\\\/\\\/xactskateshop.com\\\/fr\\\/#organization\",\"name\":\"XACT Skate Shop\",\"url\":\"http:\\\/\\\/xactskateshop.com\\\/fr\\\/\",\"logo\":{\"@type\":\"ImageObject\",\"inLanguage\":\"fr-FR\",\"@id\":\"http:\\\/\\\/xactskateshop.com\\\/fr\\\/#\\\/schema\\\/logo\\\/image\\\/\",\"url\":\"http:\\\/\\\/xactskateshop.com\\\/wp-content\\\/uploads\\\/2024\\\/04\\\/xactskateshop-dot-com-avec-contour-noir-sans-fond-675x.jpg\",\"contentUrl\":\"http:\\\/\\\/xactskateshop.com\\\/wp-content\\\/uploads\\\/2024\\\/04\\\/xactskateshop-dot-com-avec-contour-noir-sans-fond-675x.jpg\",\"width\":675,\"height\":247,\"caption\":\"XACT Skate Shop\"},\"image\":{\"@id\":\"http:\\\/\\\/xactskateshop.com\\\/fr\\\/#\\\/schema\\\/logo\\\/image\\\/\"},\"sameAs\":[\"https:\\\/\\\/www.facebook.com\\\/JeanLouiskateshop\"]}]}<\/script>\n<!-- \/ Yoast SEO plugin. -->","yoast_head_json":{"title":"BONT JESA roulements noirs - %.","description":"Roulements noirs BONT JESA. La s\u00e9rie noire Bont\/Jesa est le meilleur palier en acier que nous ayons jamais fabriqu\u00e9. Nous avons construit ce palier avec JESA en Suisse.","robots":{"index":"index","follow":"follow","max-snippet":"max-snippet:-1","max-image-preview":"max-image-preview:large","max-video-preview":"max-video-preview:-1"},"canonical":"https:\/\/xactskateshop.com\/fr\/produit\/bont-jesa-roulements-noirs-paquet-de-16\/","og_locale":"fr_FR","og_type":"article","og_title":"BONT JESA roulements noirs - %.","og_description":"Roulements noirs BONT JESA. La s\u00e9rie noire Bont\/Jesa est le meilleur palier en acier que nous ayons jamais fabriqu\u00e9. Nous avons construit ce palier avec JESA en Suisse.","og_url":"https:\/\/xactskateshop.com\/fr\/produit\/bont-jesa-roulements-noirs-paquet-de-16\/","og_site_name":"Xact Skate Shop","article_publisher":"https:\/\/www.facebook.com\/JeanLouiskateshop","og_image":[{"width":1000,"height":1000,"url":"https:\/\/xactskateshop.com\/wp-content\/uploads\/2021\/02\/Jesa-608-Black.jpg","type":"image\/jpeg"}],"twitter_card":"summary_large_image","twitter_misc":{"Dur\u00e9e de lecture estim\u00e9e":"2 minutes"},"schema":{"@context":"https:\/\/schema.org","@graph":[{"@type":"WebPage","@id":"https:\/\/xactskateshop.com\/fr\/produit\/bont-jesa-roulements-noirs-paquet-de-16\/","url":"https:\/\/xactskateshop.com\/fr\/produit\/bont-jesa-roulements-noirs-paquet-de-16\/","name":"BONT JESA roulements noirs - %.","isPartOf":{"@id":"http:\/\/xactskateshop.com\/fr\/#website"},"primaryImageOfPage":{"@id":"https:\/\/xactskateshop.com\/fr\/produit\/bont-jesa-roulements-noirs-paquet-de-16\/#primaryimage"},"image":{"@id":"https:\/\/xactskateshop.com\/fr\/produit\/bont-jesa-roulements-noirs-paquet-de-16\/#primaryimage"},"thumbnailUrl":"https:\/\/xactskateshop.com\/wp-content\/uploads\/2021\/02\/Jesa-608-Black.jpg","datePublished":"2021-02-05T22:20:58+00:00","description":"Roulements noirs BONT JESA. La s\u00e9rie noire Bont\/Jesa est le meilleur palier en acier que nous ayons jamais fabriqu\u00e9. Nous avons construit ce palier avec JESA en Suisse.","breadcrumb":{"@id":"https:\/\/xactskateshop.com\/fr\/produit\/bont-jesa-roulements-noirs-paquet-de-16\/#breadcrumb"},"inLanguage":"fr-FR","potentialAction":[{"@type":"ReadAction","target":["https:\/\/xactskateshop.com\/fr\/produit\/bont-jesa-roulements-noirs-paquet-de-16\/"]}]},{"@type":"ImageObject","inLanguage":"fr-FR","@id":"https:\/\/xactskateshop.com\/fr\/produit\/bont-jesa-roulements-noirs-paquet-de-16\/#primaryimage","url":"https:\/\/xactskateshop.com\/wp-content\/uploads\/2021\/02\/Jesa-608-Black.jpg","contentUrl":"https:\/\/xactskateshop.com\/wp-content\/uploads\/2021\/02\/Jesa-608-Black.jpg","width":1000,"height":1000,"caption":"BONT JESA roulements noirs"},{"@type":"BreadcrumbList","@id":"https:\/\/xactskateshop.com\/fr\/produit\/bont-jesa-roulements-noirs-paquet-de-16\/#breadcrumb","itemListElement":[{"@type":"ListItem","position":1,"name":"Home","item":"https:\/\/xactskateshop.com\/fr\/accueil\/"},{"@type":"ListItem","position":2,"name":"Boutique","item":"https:\/\/xactskateshop.com\/shop\/"},{"@type":"ListItem","position":3,"name":"BONT JESA ROULEMENTS NOIRS paquet de 16"}]},{"@type":"WebSite","@id":"http:\/\/xactskateshop.com\/fr\/#website","url":"http:\/\/xactskateshop.com\/fr\/","name":"Xact Skate Shop","description":"Un site utilisant WordPress","publisher":{"@id":"http:\/\/xactskateshop.com\/fr\/#organization"},"potentialAction":[{"@type":"SearchAction","target":{"@type":"EntryPoint","urlTemplate":"http:\/\/xactskateshop.com\/fr\/?s={search_term_string}"},"query-input":{"@type":"PropertyValueSpecification","valueRequired":true,"valueName":"search_term_string"}}],"inLanguage":"fr-FR"},{"@type":"Organization","@id":"http:\/\/xactskateshop.com\/fr\/#organization","name":"XACT Skate Shop","url":"http:\/\/xactskateshop.com\/fr\/","logo":{"@type":"ImageObject","inLanguage":"fr-FR","@id":"http:\/\/xactskateshop.com\/fr\/#\/schema\/logo\/image\/","url":"http:\/\/xactskateshop.com\/wp-content\/uploads\/2024\/04\/xactskateshop-dot-com-avec-contour-noir-sans-fond-675x.jpg","contentUrl":"http:\/\/xactskateshop.com\/wp-content\/uploads\/2024\/04\/xactskateshop-dot-com-avec-contour-noir-sans-fond-675x.jpg","width":675,"height":247,"caption":"XACT Skate Shop"},"image":{"@id":"http:\/\/xactskateshop.com\/fr\/#\/schema\/logo\/image\/"},"sameAs":["https:\/\/www.facebook.com\/JeanLouiskateshop"]}]}},"_links":{"self":[{"href":"https:\/\/xactskateshop.com\/fr\/wp-json\/wp\/v2\/product\/59756","targetHints":{"allow":["GET"]}}],"collection":[{"href":"https:\/\/xactskateshop.com\/fr\/wp-json\/wp\/v2\/product"}],"about":[{"href":"https:\/\/xactskateshop.com\/fr\/wp-json\/wp\/v2\/types\/product"}],"replies":[{"embeddable":true,"href":"https:\/\/xactskateshop.com\/fr\/wp-json\/wp\/v2\/comments?post=59756"}],"wp:featuredmedia":[{"embeddable":true,"href":"https:\/\/xactskateshop.com\/fr\/wp-json\/wp\/v2\/media\/28557"}],"wp:attachment":[{"href":"https:\/\/xactskateshop.com\/fr\/wp-json\/wp\/v2\/media?parent=59756"}],"wp:term":[{"taxonomy":"product_brand","embeddable":true,"href":"https:\/\/xactskateshop.com\/fr\/wp-json\/wp\/v2\/product_brand?post=59756"},{"taxonomy":"product_cat","embeddable":true,"href":"https:\/\/xactskateshop.com\/fr\/wp-json\/wp\/v2\/product_cat?post=59756"},{"taxonomy":"product_tag","embeddable":true,"href":"https:\/\/xactskateshop.com\/fr\/wp-json\/wp\/v2\/product_tag?post=59756"}],"curies":[{"name":"wp","href":"https:\/\/api.w.org\/{rel}","templated":true}]}}