{"id":59754,"date":"2021-02-05T15:53:47","date_gmt":"2021-02-05T20:53:47","guid":{"rendered":"http:\/\/xactskateshop.com\/product\/bones-ceramic-super-reds-roulements-16pack-8mm\/"},"modified":"2021-02-05T15:53:47","modified_gmt":"2021-02-05T20:53:47","slug":"bones-ceramic-super-reds-roulements-16pack-8mm","status":"publish","type":"product","link":"https:\/\/xactskateshop.com\/fr\/produit\/bones-ceramic-super-reds-roulements-16pack-8mm\/","title":{"rendered":"BONES CERAMIC SUPER REDS Roulements &#8211; 16pack &#8211; 8mm"},"content":{"rendered":"<h2>BONES CERAMIC SUPER REDS Roulements &#8211; 16pack &#8211; 8mm<\/h2>\n<p>Les roulements BONES CERAMIC SUPER REDS sont plus l\u00e9gers et permettent une acc\u00e9l\u00e9ration plus rapide car les billes p\u00e8sent beaucoup moins lourd. Ils cr\u00e9ent moins de friction et sont donc plus rapides que les <a href=\"http:\/\/xactskateshop.com\/product\/bones-super-reds-bearings-16pack-8mm\/\">Super REDS\u00ae<\/a>, avec ou sans lubrifiant ! Lorsque des salet\u00e9s p\u00e9n\u00e8trent dans votre Ceramic Super REDS\u00ae, les billes de c\u00e9ramique contribuent \u00e0 polir \u00e0 nouveau les pistes en acier, offrant ainsi un avantage d&#8217;auto-gu\u00e9rison car les billes de c\u00e9ramique sont beaucoup plus dures que l&#8217;acier. Enfin, les billes en c\u00e9ramique Super Reds ne rouillent pas, ce qui prolonge leur dur\u00e9e de vie. Les Ceramic Super REDS\u00ae utilisent un bouclier de couleur osseuse avec des pistes ext\u00e9rieures grav\u00e9es au laser pour l&#8217;identification.<\/p>\n<h3><\/h3>\n<h3><strong>Caract\u00e9ristiques de la c\u00e9ramique Super Reds<\/strong><\/h3>\n<ul>\n<li>Billes en c\u00e9ramique de grade 5, en nitrure de silicone, press\u00e9es \u00e0 chaud de mani\u00e8re isostatique.<\/li>\n<li>Des pistes en acier de meilleure qualit\u00e9 et une finition de surface sup\u00e9rieure.<\/li>\n<li>Bouclier en caoutchouc amovible sans contact pour faciliter le nettoyage et r\u00e9duire les frottements.<\/li>\n<li>Bille de retenue en nylon haute vitesse pour une plus grande r\u00e9sistance et une plus grande rapidit\u00e9.<\/li>\n<li>Pr\u00e9-lubrifi\u00e9 avec le lubrifiant de course <a href=\"http:\/\/xactskateshop.com\/product\/bones-speed-cream\/\">Speed Cream.<\/a> <\/li>\n<li>Les jeux, tol\u00e9rances, mat\u00e9riaux et lubrifiants <a href=\"https:\/\/bonesbearings.com\/support\/skate-rated\/\">cot\u00e9s Skate<\/a> permettent d&#8217;obtenir les meilleures performances et la meilleure durabilit\u00e9 possibles.<\/li>\n<\/ul>\n<h3><strong>Contenu<\/strong><\/h3>\n<ul>\n<li>Jeu de 16 roulements<\/li>\n<li>Instructions<\/li>\n<li>Autocollant<\/li>\n<\/ul>\n<h3>Skate Rated\u2122<\/h3>\n<p>Depuis le d\u00e9but de l&#8217;ann\u00e9e 2018, toutes les bo\u00eetes de Bones Bearings sont accompagn\u00e9es de notre autocollant Skate Rated. Pour \u00eatre s\u00fbr d&#8217;acheter des roulements \u00e0 billes authentiques, assurez-vous d&#8217;acheter uniquement aupr\u00e8s de revendeurs agr\u00e9\u00e9s de roulements \u00e0 billes, et recherchez toujours notre autocollant Skate Rated sur CHAQUE bo\u00eete. <\/p>\n","protected":false},"excerpt":{"rendered":"<hr>\n<p style=\"text-align: center;\">Les Bones Ceramic Super REDS\u00ae sont plus l\u00e9g\u00e8res et permettent une acc\u00e9l\u00e9ration plus rapide car les billes p\u00e8sent beaucoup moins. Ils cr\u00e9ent moins de friction et sont donc plus rapides que les Super REDS\u00ae, avec ou sans lubrifiant ! Lorsque des salet\u00e9s p\u00e9n\u00e8trent dans votre Ceramic Super REDS\u00ae, les billes de c\u00e9ramique contribuent \u00e0 polir \u00e0 nouveau les pistes en acier, offrant ainsi un avantage d&#8217;auto-gu\u00e9rison car les billes de c\u00e9ramique sont beaucoup plus dures que l&#8217;acier. Enfin, les billes en c\u00e9ramique ne rouillent pas, ce qui prolonge leur dur\u00e9e de vie. Les Ceramic Super REDS\u00ae utilisent un bouclier de couleur osseuse avec des pistes ext\u00e9rieures grav\u00e9es au laser pour l&#8217;identification.<\/p>\n<hr>\n<p style=\"text-align: center;\">\n","protected":false},"featured_media":44044,"comment_status":"closed","ping_status":"closed","template":"","meta":{"site-sidebar-layout":"default","site-content-layout":"default","ast-site-content-layout":"default","site-content-style":"default","site-sidebar-style":"default","ast-global-header-display":"","ast-banner-title-visibility":"","ast-main-header-display":"","ast-hfb-above-header-display":"","ast-hfb-below-header-display":"","ast-hfb-mobile-header-display":"","site-post-title":"","ast-breadcrumbs-content":"","ast-featured-img":"","footer-sml-layout":"","theme-transparent-header-meta":"default","adv-header-id-meta":"","stick-header-meta":"","header-above-stick-meta":"","header-main-stick-meta":"","header-below-stick-meta":"","astra-migrate-meta-layouts":"default","ast-page-background-enabled":"default","ast-page-background-meta":{"desktop":{"background-color":"","background-image":"","background-repeat":"repeat","background-position":"center center","background-size":"auto","background-attachment":"scroll","background-type":"","background-media":"","overlay-type":"","overlay-color":"","overlay-opacity":"","overlay-gradient":""},"tablet":{"background-color":"","background-image":"","background-repeat":"repeat","background-position":"center center","background-size":"auto","background-attachment":"scroll","background-type":"","background-media":"","overlay-type":"","overlay-color":"","overlay-opacity":"","overlay-gradient":""},"mobile":{"background-color":"","background-image":"","background-repeat":"repeat","background-position":"center center","background-size":"auto","background-attachment":"scroll","background-type":"","background-media":"","overlay-type":"","overlay-color":"","overlay-opacity":"","overlay-gradient":""}},"ast-content-background-meta":{"desktop":{"background-color":"var(--ast-global-color-5)","background-image":"","background-repeat":"repeat","background-position":"center center","background-size":"auto","background-attachment":"scroll","background-type":"","background-media":"","overlay-type":"","overlay-color":"","overlay-opacity":"","overlay-gradient":""},"tablet":{"background-color":"var(--ast-global-color-5)","background-image":"","background-repeat":"repeat","background-position":"center center","background-size":"auto","background-attachment":"scroll","background-type":"","background-media":"","overlay-type":"","overlay-color":"","overlay-opacity":"","overlay-gradient":""},"mobile":{"background-color":"var(--ast-global-color-5)","background-image":"","background-repeat":"repeat","background-position":"center center","background-size":"auto","background-attachment":"scroll","background-type":"","background-media":"","overlay-type":"","overlay-color":"","overlay-opacity":"","overlay-gradient":""}}},"product_brand":[],"product_cat":[1736,1739],"product_tag":[1741,1742,1750,1740,1749,1743],"class_list":{"0":"post-59754","1":"product","2":"type-product","3":"status-publish","4":"has-post-thumbnail","6":"product_cat-roulements-et-outils-dentretien-2","7":"product_cat-roulements-et-outils-dentretien-fr-3","8":"product_tag-les-meilleurs-roulements","9":"product_tag-paliers-osseux","10":"product_tag-precision-des-os","11":"product_tag-roulements-de-patins","12":"product_tag-roulements-en-ceramique","13":"product_tag-roulements-pour-patins-a-roulettes","14":"desktop-align-center","15":"tablet-align-center","16":"mobile-align-center","17":"ast-product-gallery-layout-horizontal","18":"ast-product-gallery-with-no-image","19":"ast-product-tabs-layout-horizontal","20":"ast-qv-on-image","22":"first","23":"instock","24":"sale","25":"taxable","26":"shipping-taxable","27":"purchasable","28":"product-type-simple"},"bundled_by":[],"bundle_stock_status":"instock","bundle_stock_quantity":2,"bundle_virtual":false,"bundle_layout":"","bundle_add_to_cart_form_location":"","bundle_editable_in_cart":false,"bundle_sold_individually_context":"","bundle_item_grouping":"","bundle_min_size":"","bundle_max_size":"","bundle_price":[],"bundled_items":[],"bundle_sell_ids":[],"yoast_head":"<!-- This site is optimized with the Yoast SEO plugin v27.4 - https:\/\/yoast.com\/product\/yoast-seo-wordpress\/ -->\n<title>BONES CERAMIC SUPER REDS Roulements - 16pack - 8mm - Xact Skate Shop<\/title>\n<meta name=\"description\" content=\"Les roulements BONES CERAMIC SUPER REDS - 16pack - 8mm sont plus l\u00e9gers et permettent une acc\u00e9l\u00e9ration plus rapide car les billes p\u00e8sent beaucoup moins lourd !\" \/>\n<meta name=\"robots\" content=\"index, follow, max-snippet:-1, max-image-preview:large, max-video-preview:-1\" \/>\n<link rel=\"canonical\" href=\"https:\/\/xactskateshop.com\/fr\/produit\/bones-ceramic-super-reds-roulements-16pack-8mm\/\" \/>\n<meta property=\"og:locale\" content=\"fr_FR\" \/>\n<meta property=\"og:type\" content=\"article\" \/>\n<meta property=\"og:title\" content=\"BONES CERAMIC SUPER REDS Roulements - 16pack - 8mm - Xact Skate Shop\" \/>\n<meta property=\"og:description\" content=\"Les roulements BONES CERAMIC SUPER REDS - 16pack - 8mm sont plus l\u00e9gers et permettent une acc\u00e9l\u00e9ration plus rapide car les billes p\u00e8sent beaucoup moins lourd !\" \/>\n<meta property=\"og:url\" content=\"https:\/\/xactskateshop.com\/fr\/produit\/bones-ceramic-super-reds-roulements-16pack-8mm\/\" \/>\n<meta property=\"og:site_name\" content=\"Xact Skate Shop\" \/>\n<meta property=\"article:publisher\" content=\"https:\/\/www.facebook.com\/JeanLouiskateshop\" \/>\n<meta property=\"og:image\" content=\"https:\/\/xactskateshop.com\/wp-content\/uploads\/2021\/02\/ceramics.jpg\" \/>\n\t<meta property=\"og:image:width\" content=\"1000\" \/>\n\t<meta property=\"og:image:height\" content=\"1000\" \/>\n\t<meta property=\"og:image:type\" content=\"image\/jpeg\" \/>\n<meta name=\"twitter:card\" content=\"summary_large_image\" \/>\n<meta name=\"twitter:label1\" content=\"Dur\u00e9e de lecture estim\u00e9e\" \/>\n\t<meta name=\"twitter:data1\" content=\"2 minutes\" \/>\n<script type=\"application\/ld+json\" class=\"yoast-schema-graph\">{\"@context\":\"https:\\\/\\\/schema.org\",\"@graph\":[{\"@type\":\"WebPage\",\"@id\":\"https:\\\/\\\/xactskateshop.com\\\/fr\\\/produit\\\/bones-ceramic-super-reds-roulements-16pack-8mm\\\/\",\"url\":\"https:\\\/\\\/xactskateshop.com\\\/fr\\\/produit\\\/bones-ceramic-super-reds-roulements-16pack-8mm\\\/\",\"name\":\"BONES CERAMIC SUPER REDS Roulements - 16pack - 8mm - Xact Skate Shop\",\"isPartOf\":{\"@id\":\"http:\\\/\\\/xactskateshop.com\\\/fr\\\/#website\"},\"primaryImageOfPage\":{\"@id\":\"https:\\\/\\\/xactskateshop.com\\\/fr\\\/produit\\\/bones-ceramic-super-reds-roulements-16pack-8mm\\\/#primaryimage\"},\"image\":{\"@id\":\"https:\\\/\\\/xactskateshop.com\\\/fr\\\/produit\\\/bones-ceramic-super-reds-roulements-16pack-8mm\\\/#primaryimage\"},\"thumbnailUrl\":\"https:\\\/\\\/xactskateshop.com\\\/wp-content\\\/uploads\\\/2021\\\/02\\\/ceramics.jpg\",\"datePublished\":\"2021-02-05T20:53:47+00:00\",\"description\":\"Les roulements BONES CERAMIC SUPER REDS - 16pack - 8mm sont plus l\u00e9gers et permettent une acc\u00e9l\u00e9ration plus rapide car les billes p\u00e8sent beaucoup moins lourd !\",\"breadcrumb\":{\"@id\":\"https:\\\/\\\/xactskateshop.com\\\/fr\\\/produit\\\/bones-ceramic-super-reds-roulements-16pack-8mm\\\/#breadcrumb\"},\"inLanguage\":\"fr-FR\",\"potentialAction\":[{\"@type\":\"ReadAction\",\"target\":[\"https:\\\/\\\/xactskateshop.com\\\/fr\\\/produit\\\/bones-ceramic-super-reds-roulements-16pack-8mm\\\/\"]}]},{\"@type\":\"ImageObject\",\"inLanguage\":\"fr-FR\",\"@id\":\"https:\\\/\\\/xactskateshop.com\\\/fr\\\/produit\\\/bones-ceramic-super-reds-roulements-16pack-8mm\\\/#primaryimage\",\"url\":\"https:\\\/\\\/xactskateshop.com\\\/wp-content\\\/uploads\\\/2021\\\/02\\\/ceramics.jpg\",\"contentUrl\":\"https:\\\/\\\/xactskateshop.com\\\/wp-content\\\/uploads\\\/2021\\\/02\\\/ceramics.jpg\",\"width\":1000,\"height\":1000,\"caption\":\"BONES CERAMIC SUPER REDS Roulements - 16pack - 8mm\"},{\"@type\":\"BreadcrumbList\",\"@id\":\"https:\\\/\\\/xactskateshop.com\\\/fr\\\/produit\\\/bones-ceramic-super-reds-roulements-16pack-8mm\\\/#breadcrumb\",\"itemListElement\":[{\"@type\":\"ListItem\",\"position\":1,\"name\":\"Home\",\"item\":\"https:\\\/\\\/xactskateshop.com\\\/fr\\\/accueil\\\/\"},{\"@type\":\"ListItem\",\"position\":2,\"name\":\"Boutique\",\"item\":\"https:\\\/\\\/xactskateshop.com\\\/shop\\\/\"},{\"@type\":\"ListItem\",\"position\":3,\"name\":\"BONES CERAMIC SUPER REDS Roulements &#8211; 16pack &#8211; 8mm\"}]},{\"@type\":\"WebSite\",\"@id\":\"http:\\\/\\\/xactskateshop.com\\\/fr\\\/#website\",\"url\":\"http:\\\/\\\/xactskateshop.com\\\/fr\\\/\",\"name\":\"Xact Skate Shop\",\"description\":\"Un site utilisant WordPress\",\"publisher\":{\"@id\":\"http:\\\/\\\/xactskateshop.com\\\/fr\\\/#organization\"},\"potentialAction\":[{\"@type\":\"SearchAction\",\"target\":{\"@type\":\"EntryPoint\",\"urlTemplate\":\"http:\\\/\\\/xactskateshop.com\\\/fr\\\/?s={search_term_string}\"},\"query-input\":{\"@type\":\"PropertyValueSpecification\",\"valueRequired\":true,\"valueName\":\"search_term_string\"}}],\"inLanguage\":\"fr-FR\"},{\"@type\":\"Organization\",\"@id\":\"http:\\\/\\\/xactskateshop.com\\\/fr\\\/#organization\",\"name\":\"XACT Skate Shop\",\"url\":\"http:\\\/\\\/xactskateshop.com\\\/fr\\\/\",\"logo\":{\"@type\":\"ImageObject\",\"inLanguage\":\"fr-FR\",\"@id\":\"http:\\\/\\\/xactskateshop.com\\\/fr\\\/#\\\/schema\\\/logo\\\/image\\\/\",\"url\":\"http:\\\/\\\/xactskateshop.com\\\/wp-content\\\/uploads\\\/2024\\\/04\\\/xactskateshop-dot-com-avec-contour-noir-sans-fond-675x.jpg\",\"contentUrl\":\"http:\\\/\\\/xactskateshop.com\\\/wp-content\\\/uploads\\\/2024\\\/04\\\/xactskateshop-dot-com-avec-contour-noir-sans-fond-675x.jpg\",\"width\":675,\"height\":247,\"caption\":\"XACT Skate Shop\"},\"image\":{\"@id\":\"http:\\\/\\\/xactskateshop.com\\\/fr\\\/#\\\/schema\\\/logo\\\/image\\\/\"},\"sameAs\":[\"https:\\\/\\\/www.facebook.com\\\/JeanLouiskateshop\"]}]}<\/script>\n<!-- \/ Yoast SEO plugin. -->","yoast_head_json":{"title":"BONES CERAMIC SUPER REDS Roulements - 16pack - 8mm - Xact Skate Shop","description":"Les roulements BONES CERAMIC SUPER REDS - 16pack - 8mm sont plus l\u00e9gers et permettent une acc\u00e9l\u00e9ration plus rapide car les billes p\u00e8sent beaucoup moins lourd !","robots":{"index":"index","follow":"follow","max-snippet":"max-snippet:-1","max-image-preview":"max-image-preview:large","max-video-preview":"max-video-preview:-1"},"canonical":"https:\/\/xactskateshop.com\/fr\/produit\/bones-ceramic-super-reds-roulements-16pack-8mm\/","og_locale":"fr_FR","og_type":"article","og_title":"BONES CERAMIC SUPER REDS Roulements - 16pack - 8mm - Xact Skate Shop","og_description":"Les roulements BONES CERAMIC SUPER REDS - 16pack - 8mm sont plus l\u00e9gers et permettent une acc\u00e9l\u00e9ration plus rapide car les billes p\u00e8sent beaucoup moins lourd !","og_url":"https:\/\/xactskateshop.com\/fr\/produit\/bones-ceramic-super-reds-roulements-16pack-8mm\/","og_site_name":"Xact Skate Shop","article_publisher":"https:\/\/www.facebook.com\/JeanLouiskateshop","og_image":[{"width":1000,"height":1000,"url":"https:\/\/xactskateshop.com\/wp-content\/uploads\/2021\/02\/ceramics.jpg","type":"image\/jpeg"}],"twitter_card":"summary_large_image","twitter_misc":{"Dur\u00e9e de lecture estim\u00e9e":"2 minutes"},"schema":{"@context":"https:\/\/schema.org","@graph":[{"@type":"WebPage","@id":"https:\/\/xactskateshop.com\/fr\/produit\/bones-ceramic-super-reds-roulements-16pack-8mm\/","url":"https:\/\/xactskateshop.com\/fr\/produit\/bones-ceramic-super-reds-roulements-16pack-8mm\/","name":"BONES CERAMIC SUPER REDS Roulements - 16pack - 8mm - Xact Skate Shop","isPartOf":{"@id":"http:\/\/xactskateshop.com\/fr\/#website"},"primaryImageOfPage":{"@id":"https:\/\/xactskateshop.com\/fr\/produit\/bones-ceramic-super-reds-roulements-16pack-8mm\/#primaryimage"},"image":{"@id":"https:\/\/xactskateshop.com\/fr\/produit\/bones-ceramic-super-reds-roulements-16pack-8mm\/#primaryimage"},"thumbnailUrl":"https:\/\/xactskateshop.com\/wp-content\/uploads\/2021\/02\/ceramics.jpg","datePublished":"2021-02-05T20:53:47+00:00","description":"Les roulements BONES CERAMIC SUPER REDS - 16pack - 8mm sont plus l\u00e9gers et permettent une acc\u00e9l\u00e9ration plus rapide car les billes p\u00e8sent beaucoup moins lourd !","breadcrumb":{"@id":"https:\/\/xactskateshop.com\/fr\/produit\/bones-ceramic-super-reds-roulements-16pack-8mm\/#breadcrumb"},"inLanguage":"fr-FR","potentialAction":[{"@type":"ReadAction","target":["https:\/\/xactskateshop.com\/fr\/produit\/bones-ceramic-super-reds-roulements-16pack-8mm\/"]}]},{"@type":"ImageObject","inLanguage":"fr-FR","@id":"https:\/\/xactskateshop.com\/fr\/produit\/bones-ceramic-super-reds-roulements-16pack-8mm\/#primaryimage","url":"https:\/\/xactskateshop.com\/wp-content\/uploads\/2021\/02\/ceramics.jpg","contentUrl":"https:\/\/xactskateshop.com\/wp-content\/uploads\/2021\/02\/ceramics.jpg","width":1000,"height":1000,"caption":"BONES CERAMIC SUPER REDS Roulements - 16pack - 8mm"},{"@type":"BreadcrumbList","@id":"https:\/\/xactskateshop.com\/fr\/produit\/bones-ceramic-super-reds-roulements-16pack-8mm\/#breadcrumb","itemListElement":[{"@type":"ListItem","position":1,"name":"Home","item":"https:\/\/xactskateshop.com\/fr\/accueil\/"},{"@type":"ListItem","position":2,"name":"Boutique","item":"https:\/\/xactskateshop.com\/shop\/"},{"@type":"ListItem","position":3,"name":"BONES CERAMIC SUPER REDS Roulements &#8211; 16pack &#8211; 8mm"}]},{"@type":"WebSite","@id":"http:\/\/xactskateshop.com\/fr\/#website","url":"http:\/\/xactskateshop.com\/fr\/","name":"Xact Skate Shop","description":"Un site utilisant WordPress","publisher":{"@id":"http:\/\/xactskateshop.com\/fr\/#organization"},"potentialAction":[{"@type":"SearchAction","target":{"@type":"EntryPoint","urlTemplate":"http:\/\/xactskateshop.com\/fr\/?s={search_term_string}"},"query-input":{"@type":"PropertyValueSpecification","valueRequired":true,"valueName":"search_term_string"}}],"inLanguage":"fr-FR"},{"@type":"Organization","@id":"http:\/\/xactskateshop.com\/fr\/#organization","name":"XACT Skate Shop","url":"http:\/\/xactskateshop.com\/fr\/","logo":{"@type":"ImageObject","inLanguage":"fr-FR","@id":"http:\/\/xactskateshop.com\/fr\/#\/schema\/logo\/image\/","url":"http:\/\/xactskateshop.com\/wp-content\/uploads\/2024\/04\/xactskateshop-dot-com-avec-contour-noir-sans-fond-675x.jpg","contentUrl":"http:\/\/xactskateshop.com\/wp-content\/uploads\/2024\/04\/xactskateshop-dot-com-avec-contour-noir-sans-fond-675x.jpg","width":675,"height":247,"caption":"XACT Skate Shop"},"image":{"@id":"http:\/\/xactskateshop.com\/fr\/#\/schema\/logo\/image\/"},"sameAs":["https:\/\/www.facebook.com\/JeanLouiskateshop"]}]}},"_links":{"self":[{"href":"https:\/\/xactskateshop.com\/fr\/wp-json\/wp\/v2\/product\/59754","targetHints":{"allow":["GET"]}}],"collection":[{"href":"https:\/\/xactskateshop.com\/fr\/wp-json\/wp\/v2\/product"}],"about":[{"href":"https:\/\/xactskateshop.com\/fr\/wp-json\/wp\/v2\/types\/product"}],"replies":[{"embeddable":true,"href":"https:\/\/xactskateshop.com\/fr\/wp-json\/wp\/v2\/comments?post=59754"}],"wp:featuredmedia":[{"embeddable":true,"href":"https:\/\/xactskateshop.com\/fr\/wp-json\/wp\/v2\/media\/44044"}],"wp:attachment":[{"href":"https:\/\/xactskateshop.com\/fr\/wp-json\/wp\/v2\/media?parent=59754"}],"wp:term":[{"taxonomy":"product_brand","embeddable":true,"href":"https:\/\/xactskateshop.com\/fr\/wp-json\/wp\/v2\/product_brand?post=59754"},{"taxonomy":"product_cat","embeddable":true,"href":"https:\/\/xactskateshop.com\/fr\/wp-json\/wp\/v2\/product_cat?post=59754"},{"taxonomy":"product_tag","embeddable":true,"href":"https:\/\/xactskateshop.com\/fr\/wp-json\/wp\/v2\/product_tag?post=59754"}],"curies":[{"name":"wp","href":"https:\/\/api.w.org\/{rel}","templated":true}]}}