{"id":59752,"date":"2021-02-05T15:44:29","date_gmt":"2021-02-05T20:44:29","guid":{"rendered":"http:\/\/xactskateshop.com\/product\/bones-super-reds-roulements-16-paquets-8mm\/"},"modified":"2021-02-05T15:44:29","modified_gmt":"2021-02-05T20:44:29","slug":"bones-super-reds-roulements-16-paquets-8mm","status":"publish","type":"product","link":"https:\/\/xactskateshop.com\/fr\/produit\/bones-super-reds-roulements-16-paquets-8mm\/","title":{"rendered":"BONES SUPER REDS Roulements &#8211; 16 paquets &#8211; 8mm"},"content":{"rendered":"<h2>BONES SUPER REDS Roulements &#8211; 16 paquets &#8211; 8mm<\/h2>\n<p>Les roulements BONES SUPER REDS &#8211; 16pack ont \u00e9t\u00e9 con\u00e7us pour \u00eatre les meilleurs roulements du march\u00e9 \u00e0 ce niveau de prix. Ce que les Super REDS\u00ae ne sont pas, c&#8217;est un roulement <a href=\"http:\/\/xactskateshop.com\/product\/bones-reds-bearings-8mm-16pack\/\">REDS\u00ae<\/a> avec une super finition (polissage de la surface) am\u00e9lior\u00e9e. Les Super REDS\u00ae sont des roulements de qualit\u00e9 sup\u00e9rieure, utilisant des chemins de roulement en acier de meilleure qualit\u00e9, des billes de meilleure qualit\u00e9 et de meilleur grade, ainsi qu&#8217;une finition de surface sup\u00e9rieure. Le r\u00e9sultat est un roulement aussi rapide que REDS\u00ae mais plus silencieux, plus doux et plus durable. Les Super REDS\u00ae utilisent un bouclier noir et une gravure au laser pour se diff\u00e9rencier des REDS\u00ae originaux.<\/p>\n<h3><\/h3>\n<h3><strong>Caract\u00e9ristiques<\/strong><\/h3>\n<ul>\n<li>Des pistes en acier de meilleure qualit\u00e9, des billes de meilleure qualit\u00e9 et d&#8217;un meilleur grade, et une finition de surface sup\u00e9rieure.<\/li>\n<li>Bouclier en caoutchouc unique, sans contact et amovible pour faciliter le nettoyage et r\u00e9duire les frottements.<\/li>\n<li>Bille de retenue en nylon haute vitesse pour une plus grande r\u00e9sistance et une plus grande rapidit\u00e9.<\/li>\n<li>Pr\u00e9-lubrifi\u00e9 avec le lubrifiant de course<a href=\"http:\/\/xactskateshop.com\/product\/bones-swiss-bearings-8mm-16-pack\/\"> Speed Cream\u2122<\/a> <\/li>\n<li>Les jeux, tol\u00e9rances, mat\u00e9riaux et lubrifiant <a href=\"https:\/\/bonesbearings.com\/support\/abec\/\">Skate Rated\u2122<\/a> offrent les meilleures performances et la meilleure durabilit\u00e9 possibles.<\/li>\n<\/ul>\n<h3><strong>Contenu<\/strong><\/h3>\n<ul>\n<li>Jeu de 16 roulements<\/li>\n<li>Instructions<\/li>\n<li>Autocollant<\/li>\n<\/ul>\n<h3>Skate Rated\u2122<\/h3>\n<p>Depuis le d\u00e9but de l&#8217;ann\u00e9e 2018, toutes les bo\u00eetes de Bones Bearings sont accompagn\u00e9es de notre autocollant Skate Rated. Pour \u00eatre s\u00fbr d&#8217;acheter des roulements \u00e0 billes authentiques, assurez-vous d&#8217;acheter uniquement aupr\u00e8s de revendeurs agr\u00e9\u00e9s de roulements \u00e0 billes, et recherchez toujours notre autocollant Skate Rated sur CHAQUE bo\u00eete. <\/p>\n","protected":false},"excerpt":{"rendered":"<hr>\n<p style=\"text-align: center;\">Les roulements BONES SUPER REDS &#8211; 8mm sont con\u00e7us pour \u00eatre les meilleurs roulements du march\u00e9 \u00e0 ce niveau de prix. Ce que les Super <a href=\"http:\/\/xactskateshop.com\/product\/bones-reds-bearings-8mm-16pack\/\">REDS\u00ae<\/a> ne sont pas, c&#8217;est un roulement REDS\u00ae avec une super finition (polissage de la surface) am\u00e9lior\u00e9e. Les Super REDS\u00ae sont des roulements de qualit\u00e9 sup\u00e9rieure, utilisant des chemins de roulement en acier de meilleure qualit\u00e9, des billes de meilleure qualit\u00e9 et de meilleur grade, ainsi qu&#8217;une finition de surface sup\u00e9rieure. Le r\u00e9sultat est un roulement aussi rapide que REDS\u00ae mais plus silencieux, plus doux et plus durable. Les Super REDS\u00ae utilisent un bouclier noir et une gravure au laser pour se diff\u00e9rencier des REDS\u00ae originaux.<\/p>\n<hr>\n<p style=\"text-align: center;\">\n","protected":false},"featured_media":44046,"comment_status":"closed","ping_status":"closed","template":"","meta":{"site-sidebar-layout":"default","site-content-layout":"default","ast-site-content-layout":"default","site-content-style":"default","site-sidebar-style":"default","ast-global-header-display":"","ast-banner-title-visibility":"","ast-main-header-display":"","ast-hfb-above-header-display":"","ast-hfb-below-header-display":"","ast-hfb-mobile-header-display":"","site-post-title":"","ast-breadcrumbs-content":"","ast-featured-img":"","footer-sml-layout":"","theme-transparent-header-meta":"default","adv-header-id-meta":"","stick-header-meta":"","header-above-stick-meta":"","header-main-stick-meta":"","header-below-stick-meta":"","astra-migrate-meta-layouts":"default","ast-page-background-enabled":"default","ast-page-background-meta":{"desktop":{"background-color":"","background-image":"","background-repeat":"repeat","background-position":"center center","background-size":"auto","background-attachment":"scroll","background-type":"","background-media":"","overlay-type":"","overlay-color":"","overlay-opacity":"","overlay-gradient":""},"tablet":{"background-color":"","background-image":"","background-repeat":"repeat","background-position":"center center","background-size":"auto","background-attachment":"scroll","background-type":"","background-media":"","overlay-type":"","overlay-color":"","overlay-opacity":"","overlay-gradient":""},"mobile":{"background-color":"","background-image":"","background-repeat":"repeat","background-position":"center center","background-size":"auto","background-attachment":"scroll","background-type":"","background-media":"","overlay-type":"","overlay-color":"","overlay-opacity":"","overlay-gradient":""}},"ast-content-background-meta":{"desktop":{"background-color":"var(--ast-global-color-5)","background-image":"","background-repeat":"repeat","background-position":"center center","background-size":"auto","background-attachment":"scroll","background-type":"","background-media":"","overlay-type":"","overlay-color":"","overlay-opacity":"","overlay-gradient":""},"tablet":{"background-color":"var(--ast-global-color-5)","background-image":"","background-repeat":"repeat","background-position":"center center","background-size":"auto","background-attachment":"scroll","background-type":"","background-media":"","overlay-type":"","overlay-color":"","overlay-opacity":"","overlay-gradient":""},"mobile":{"background-color":"var(--ast-global-color-5)","background-image":"","background-repeat":"repeat","background-position":"center center","background-size":"auto","background-attachment":"scroll","background-type":"","background-media":"","overlay-type":"","overlay-color":"","overlay-opacity":"","overlay-gradient":""}}},"product_brand":[],"product_cat":[1739,1736],"product_tag":[1741,1742,1745,1740,1744,1743],"class_list":{"0":"post-59752","1":"product","2":"type-product","3":"status-publish","4":"has-post-thumbnail","6":"product_cat-roulements-et-outils-dentretien-fr-3","7":"product_cat-roulements-et-outils-dentretien-2","8":"product_tag-les-meilleurs-roulements","9":"product_tag-paliers-osseux","10":"product_tag-roulements-a-billes","11":"product_tag-roulements-de-patins","12":"product_tag-roulements-des-super-rouges","13":"product_tag-roulements-pour-patins-a-roulettes","14":"desktop-align-center","15":"tablet-align-center","16":"mobile-align-center","17":"ast-product-gallery-layout-horizontal","18":"ast-product-gallery-with-no-image","19":"ast-product-tabs-layout-horizontal","20":"ast-qv-on-image","22":"first","23":"instock","24":"sale","25":"taxable","26":"shipping-taxable","27":"purchasable","28":"product-type-simple"},"bundled_by":[],"bundle_stock_status":"instock","bundle_stock_quantity":15,"bundle_virtual":false,"bundle_layout":"","bundle_add_to_cart_form_location":"","bundle_editable_in_cart":false,"bundle_sold_individually_context":"","bundle_item_grouping":"","bundle_min_size":"","bundle_max_size":"","bundle_price":[],"bundled_items":[],"bundle_sell_ids":[],"yoast_head":"<!-- This site is optimized with the Yoast SEO plugin v27.4 - https:\/\/yoast.com\/product\/yoast-seo-wordpress\/ -->\n<title>BONES SUPER REDS Roulements - 16 paquets - 8mm - Xact Skate Shop<\/title>\n<meta name=\"description\" content=\"Les roulements BONES SUPER REDS ont \u00e9t\u00e9 con\u00e7us d\u00e8s le d\u00e9part pour \u00eatre les meilleurs roulements du march\u00e9 \u00e0 ce niveau de prix. Obtenez le v\u00f4tre ici !\" \/>\n<meta name=\"robots\" content=\"index, follow, max-snippet:-1, max-image-preview:large, max-video-preview:-1\" \/>\n<link rel=\"canonical\" href=\"https:\/\/xactskateshop.com\/fr\/produit\/bones-super-reds-roulements-16-paquets-8mm\/\" \/>\n<meta property=\"og:locale\" content=\"fr_FR\" \/>\n<meta property=\"og:type\" content=\"article\" \/>\n<meta property=\"og:title\" content=\"BONES SUPER REDS Roulements - 16 paquets - 8mm - Xact Skate Shop\" \/>\n<meta property=\"og:description\" content=\"Les roulements BONES SUPER REDS ont \u00e9t\u00e9 con\u00e7us d\u00e8s le d\u00e9part pour \u00eatre les meilleurs roulements du march\u00e9 \u00e0 ce niveau de prix. Obtenez le v\u00f4tre ici !\" \/>\n<meta property=\"og:url\" content=\"https:\/\/xactskateshop.com\/fr\/produit\/bones-super-reds-roulements-16-paquets-8mm\/\" \/>\n<meta property=\"og:site_name\" content=\"Xact Skate Shop\" \/>\n<meta property=\"article:publisher\" content=\"https:\/\/www.facebook.com\/JeanLouiskateshop\" \/>\n<meta property=\"og:image\" content=\"https:\/\/xactskateshop.com\/wp-content\/uploads\/2021\/02\/BRG-SUPER-REDS.jpg\" \/>\n\t<meta property=\"og:image:width\" content=\"1000\" \/>\n\t<meta property=\"og:image:height\" content=\"1000\" \/>\n\t<meta property=\"og:image:type\" content=\"image\/jpeg\" \/>\n<meta name=\"twitter:card\" content=\"summary_large_image\" \/>\n<meta name=\"twitter:label1\" content=\"Dur\u00e9e de lecture estim\u00e9e\" \/>\n\t<meta name=\"twitter:data1\" content=\"1 minute\" \/>\n<script type=\"application\/ld+json\" class=\"yoast-schema-graph\">{\"@context\":\"https:\\\/\\\/schema.org\",\"@graph\":[{\"@type\":\"WebPage\",\"@id\":\"https:\\\/\\\/xactskateshop.com\\\/fr\\\/produit\\\/bones-super-reds-roulements-16-paquets-8mm\\\/\",\"url\":\"https:\\\/\\\/xactskateshop.com\\\/fr\\\/produit\\\/bones-super-reds-roulements-16-paquets-8mm\\\/\",\"name\":\"BONES SUPER REDS Roulements - 16 paquets - 8mm - Xact Skate Shop\",\"isPartOf\":{\"@id\":\"http:\\\/\\\/xactskateshop.com\\\/fr\\\/#website\"},\"primaryImageOfPage\":{\"@id\":\"https:\\\/\\\/xactskateshop.com\\\/fr\\\/produit\\\/bones-super-reds-roulements-16-paquets-8mm\\\/#primaryimage\"},\"image\":{\"@id\":\"https:\\\/\\\/xactskateshop.com\\\/fr\\\/produit\\\/bones-super-reds-roulements-16-paquets-8mm\\\/#primaryimage\"},\"thumbnailUrl\":\"https:\\\/\\\/xactskateshop.com\\\/wp-content\\\/uploads\\\/2021\\\/02\\\/BRG-SUPER-REDS.jpg\",\"datePublished\":\"2021-02-05T20:44:29+00:00\",\"description\":\"Les roulements BONES SUPER REDS ont \u00e9t\u00e9 con\u00e7us d\u00e8s le d\u00e9part pour \u00eatre les meilleurs roulements du march\u00e9 \u00e0 ce niveau de prix. Obtenez le v\u00f4tre ici !\",\"breadcrumb\":{\"@id\":\"https:\\\/\\\/xactskateshop.com\\\/fr\\\/produit\\\/bones-super-reds-roulements-16-paquets-8mm\\\/#breadcrumb\"},\"inLanguage\":\"fr-FR\",\"potentialAction\":[{\"@type\":\"ReadAction\",\"target\":[\"https:\\\/\\\/xactskateshop.com\\\/fr\\\/produit\\\/bones-super-reds-roulements-16-paquets-8mm\\\/\"]}]},{\"@type\":\"ImageObject\",\"inLanguage\":\"fr-FR\",\"@id\":\"https:\\\/\\\/xactskateshop.com\\\/fr\\\/produit\\\/bones-super-reds-roulements-16-paquets-8mm\\\/#primaryimage\",\"url\":\"https:\\\/\\\/xactskateshop.com\\\/wp-content\\\/uploads\\\/2021\\\/02\\\/BRG-SUPER-REDS.jpg\",\"contentUrl\":\"https:\\\/\\\/xactskateshop.com\\\/wp-content\\\/uploads\\\/2021\\\/02\\\/BRG-SUPER-REDS.jpg\",\"width\":1000,\"height\":1000,\"caption\":\"Coussinets BONES SUPER REDS - 8mm - 16pack\"},{\"@type\":\"BreadcrumbList\",\"@id\":\"https:\\\/\\\/xactskateshop.com\\\/fr\\\/produit\\\/bones-super-reds-roulements-16-paquets-8mm\\\/#breadcrumb\",\"itemListElement\":[{\"@type\":\"ListItem\",\"position\":1,\"name\":\"Home\",\"item\":\"https:\\\/\\\/xactskateshop.com\\\/fr\\\/accueil\\\/\"},{\"@type\":\"ListItem\",\"position\":2,\"name\":\"Boutique\",\"item\":\"https:\\\/\\\/xactskateshop.com\\\/shop\\\/\"},{\"@type\":\"ListItem\",\"position\":3,\"name\":\"BONES SUPER REDS Roulements &#8211; 16 paquets &#8211; 8mm\"}]},{\"@type\":\"WebSite\",\"@id\":\"http:\\\/\\\/xactskateshop.com\\\/fr\\\/#website\",\"url\":\"http:\\\/\\\/xactskateshop.com\\\/fr\\\/\",\"name\":\"Xact Skate Shop\",\"description\":\"Un site utilisant WordPress\",\"publisher\":{\"@id\":\"http:\\\/\\\/xactskateshop.com\\\/fr\\\/#organization\"},\"potentialAction\":[{\"@type\":\"SearchAction\",\"target\":{\"@type\":\"EntryPoint\",\"urlTemplate\":\"http:\\\/\\\/xactskateshop.com\\\/fr\\\/?s={search_term_string}\"},\"query-input\":{\"@type\":\"PropertyValueSpecification\",\"valueRequired\":true,\"valueName\":\"search_term_string\"}}],\"inLanguage\":\"fr-FR\"},{\"@type\":\"Organization\",\"@id\":\"http:\\\/\\\/xactskateshop.com\\\/fr\\\/#organization\",\"name\":\"XACT Skate Shop\",\"url\":\"http:\\\/\\\/xactskateshop.com\\\/fr\\\/\",\"logo\":{\"@type\":\"ImageObject\",\"inLanguage\":\"fr-FR\",\"@id\":\"http:\\\/\\\/xactskateshop.com\\\/fr\\\/#\\\/schema\\\/logo\\\/image\\\/\",\"url\":\"http:\\\/\\\/xactskateshop.com\\\/wp-content\\\/uploads\\\/2024\\\/04\\\/xactskateshop-dot-com-avec-contour-noir-sans-fond-675x.jpg\",\"contentUrl\":\"http:\\\/\\\/xactskateshop.com\\\/wp-content\\\/uploads\\\/2024\\\/04\\\/xactskateshop-dot-com-avec-contour-noir-sans-fond-675x.jpg\",\"width\":675,\"height\":247,\"caption\":\"XACT Skate Shop\"},\"image\":{\"@id\":\"http:\\\/\\\/xactskateshop.com\\\/fr\\\/#\\\/schema\\\/logo\\\/image\\\/\"},\"sameAs\":[\"https:\\\/\\\/www.facebook.com\\\/JeanLouiskateshop\"]}]}<\/script>\n<!-- \/ Yoast SEO plugin. -->","yoast_head_json":{"title":"BONES SUPER REDS Roulements - 16 paquets - 8mm - Xact Skate Shop","description":"Les roulements BONES SUPER REDS ont \u00e9t\u00e9 con\u00e7us d\u00e8s le d\u00e9part pour \u00eatre les meilleurs roulements du march\u00e9 \u00e0 ce niveau de prix. Obtenez le v\u00f4tre ici !","robots":{"index":"index","follow":"follow","max-snippet":"max-snippet:-1","max-image-preview":"max-image-preview:large","max-video-preview":"max-video-preview:-1"},"canonical":"https:\/\/xactskateshop.com\/fr\/produit\/bones-super-reds-roulements-16-paquets-8mm\/","og_locale":"fr_FR","og_type":"article","og_title":"BONES SUPER REDS Roulements - 16 paquets - 8mm - Xact Skate Shop","og_description":"Les roulements BONES SUPER REDS ont \u00e9t\u00e9 con\u00e7us d\u00e8s le d\u00e9part pour \u00eatre les meilleurs roulements du march\u00e9 \u00e0 ce niveau de prix. Obtenez le v\u00f4tre ici !","og_url":"https:\/\/xactskateshop.com\/fr\/produit\/bones-super-reds-roulements-16-paquets-8mm\/","og_site_name":"Xact Skate Shop","article_publisher":"https:\/\/www.facebook.com\/JeanLouiskateshop","og_image":[{"width":1000,"height":1000,"url":"https:\/\/xactskateshop.com\/wp-content\/uploads\/2021\/02\/BRG-SUPER-REDS.jpg","type":"image\/jpeg"}],"twitter_card":"summary_large_image","twitter_misc":{"Dur\u00e9e de lecture estim\u00e9e":"1 minute"},"schema":{"@context":"https:\/\/schema.org","@graph":[{"@type":"WebPage","@id":"https:\/\/xactskateshop.com\/fr\/produit\/bones-super-reds-roulements-16-paquets-8mm\/","url":"https:\/\/xactskateshop.com\/fr\/produit\/bones-super-reds-roulements-16-paquets-8mm\/","name":"BONES SUPER REDS Roulements - 16 paquets - 8mm - Xact Skate Shop","isPartOf":{"@id":"http:\/\/xactskateshop.com\/fr\/#website"},"primaryImageOfPage":{"@id":"https:\/\/xactskateshop.com\/fr\/produit\/bones-super-reds-roulements-16-paquets-8mm\/#primaryimage"},"image":{"@id":"https:\/\/xactskateshop.com\/fr\/produit\/bones-super-reds-roulements-16-paquets-8mm\/#primaryimage"},"thumbnailUrl":"https:\/\/xactskateshop.com\/wp-content\/uploads\/2021\/02\/BRG-SUPER-REDS.jpg","datePublished":"2021-02-05T20:44:29+00:00","description":"Les roulements BONES SUPER REDS ont \u00e9t\u00e9 con\u00e7us d\u00e8s le d\u00e9part pour \u00eatre les meilleurs roulements du march\u00e9 \u00e0 ce niveau de prix. Obtenez le v\u00f4tre ici !","breadcrumb":{"@id":"https:\/\/xactskateshop.com\/fr\/produit\/bones-super-reds-roulements-16-paquets-8mm\/#breadcrumb"},"inLanguage":"fr-FR","potentialAction":[{"@type":"ReadAction","target":["https:\/\/xactskateshop.com\/fr\/produit\/bones-super-reds-roulements-16-paquets-8mm\/"]}]},{"@type":"ImageObject","inLanguage":"fr-FR","@id":"https:\/\/xactskateshop.com\/fr\/produit\/bones-super-reds-roulements-16-paquets-8mm\/#primaryimage","url":"https:\/\/xactskateshop.com\/wp-content\/uploads\/2021\/02\/BRG-SUPER-REDS.jpg","contentUrl":"https:\/\/xactskateshop.com\/wp-content\/uploads\/2021\/02\/BRG-SUPER-REDS.jpg","width":1000,"height":1000,"caption":"Coussinets BONES SUPER REDS - 8mm - 16pack"},{"@type":"BreadcrumbList","@id":"https:\/\/xactskateshop.com\/fr\/produit\/bones-super-reds-roulements-16-paquets-8mm\/#breadcrumb","itemListElement":[{"@type":"ListItem","position":1,"name":"Home","item":"https:\/\/xactskateshop.com\/fr\/accueil\/"},{"@type":"ListItem","position":2,"name":"Boutique","item":"https:\/\/xactskateshop.com\/shop\/"},{"@type":"ListItem","position":3,"name":"BONES SUPER REDS Roulements &#8211; 16 paquets &#8211; 8mm"}]},{"@type":"WebSite","@id":"http:\/\/xactskateshop.com\/fr\/#website","url":"http:\/\/xactskateshop.com\/fr\/","name":"Xact Skate Shop","description":"Un site utilisant WordPress","publisher":{"@id":"http:\/\/xactskateshop.com\/fr\/#organization"},"potentialAction":[{"@type":"SearchAction","target":{"@type":"EntryPoint","urlTemplate":"http:\/\/xactskateshop.com\/fr\/?s={search_term_string}"},"query-input":{"@type":"PropertyValueSpecification","valueRequired":true,"valueName":"search_term_string"}}],"inLanguage":"fr-FR"},{"@type":"Organization","@id":"http:\/\/xactskateshop.com\/fr\/#organization","name":"XACT Skate Shop","url":"http:\/\/xactskateshop.com\/fr\/","logo":{"@type":"ImageObject","inLanguage":"fr-FR","@id":"http:\/\/xactskateshop.com\/fr\/#\/schema\/logo\/image\/","url":"http:\/\/xactskateshop.com\/wp-content\/uploads\/2024\/04\/xactskateshop-dot-com-avec-contour-noir-sans-fond-675x.jpg","contentUrl":"http:\/\/xactskateshop.com\/wp-content\/uploads\/2024\/04\/xactskateshop-dot-com-avec-contour-noir-sans-fond-675x.jpg","width":675,"height":247,"caption":"XACT Skate Shop"},"image":{"@id":"http:\/\/xactskateshop.com\/fr\/#\/schema\/logo\/image\/"},"sameAs":["https:\/\/www.facebook.com\/JeanLouiskateshop"]}]}},"_links":{"self":[{"href":"https:\/\/xactskateshop.com\/fr\/wp-json\/wp\/v2\/product\/59752","targetHints":{"allow":["GET"]}}],"collection":[{"href":"https:\/\/xactskateshop.com\/fr\/wp-json\/wp\/v2\/product"}],"about":[{"href":"https:\/\/xactskateshop.com\/fr\/wp-json\/wp\/v2\/types\/product"}],"replies":[{"embeddable":true,"href":"https:\/\/xactskateshop.com\/fr\/wp-json\/wp\/v2\/comments?post=59752"}],"wp:featuredmedia":[{"embeddable":true,"href":"https:\/\/xactskateshop.com\/fr\/wp-json\/wp\/v2\/media\/44046"}],"wp:attachment":[{"href":"https:\/\/xactskateshop.com\/fr\/wp-json\/wp\/v2\/media?parent=59752"}],"wp:term":[{"taxonomy":"product_brand","embeddable":true,"href":"https:\/\/xactskateshop.com\/fr\/wp-json\/wp\/v2\/product_brand?post=59752"},{"taxonomy":"product_cat","embeddable":true,"href":"https:\/\/xactskateshop.com\/fr\/wp-json\/wp\/v2\/product_cat?post=59752"},{"taxonomy":"product_tag","embeddable":true,"href":"https:\/\/xactskateshop.com\/fr\/wp-json\/wp\/v2\/product_tag?post=59752"}],"curies":[{"name":"wp","href":"https:\/\/api.w.org\/{rel}","templated":true}]}}