{"id":59749,"date":"2021-02-05T16:12:59","date_gmt":"2021-02-05T21:12:59","guid":{"rendered":"http:\/\/xactskateshop.com\/product\/coussinets-bones-swiss-ceramic-8mm-16pack\/"},"modified":"2021-02-05T16:12:59","modified_gmt":"2021-02-05T21:12:59","slug":"coussinets-bones-swiss-ceramic-8mm-16pack","status":"publish","type":"product","link":"https:\/\/xactskateshop.com\/fr\/produit\/coussinets-bones-swiss-ceramic-8mm-16pack\/","title":{"rendered":"Coussinets BONES SWISS CERAMIC &#8211; 8mm &#8211; 16pack"},"content":{"rendered":"<h2>Coussinets BONES SWISS CERAMIC &#8211; 8mm &#8211; 16pack<\/h2>\n<p>Les roulements BONES SWISS CERAMIC sont d&#8217;une classe \u00e0 part. Si vous voulez ce qu&#8217;il y a de mieux, c&#8217;est ici. Les billes en c\u00e9ramique sont beaucoup plus l\u00e9g\u00e8res, plus dures, plus r\u00e9sistantes, plus imperm\u00e9ables et plus durables que les billes en acier les plus fines. Fabriqu\u00e9 en Suisse.<\/p>\n<p><span style=\"font-size: 16px;\">Les roulements Bones Swiss ont la meilleure r\u00e9putation dans l&#8217;industrie du skate et ont cet honneur depuis 1981, en raison de leur performance et de leur qualit\u00e9. Tous ceux qui roulent avec des roulements Swiss savent \u00e0 quel point ils sont rapides et durent longtemps. Les t\u00e9moignages r\u00e9v\u00e8lent qu&#8217;ils durent plusieurs fois plus longtemps que les roulements \u00e0 bas prix. Les patineurs qui utilisent les Bones Swiss le font parce qu&#8217;ils veulent le meilleur \u00e9quipement possible et qu&#8217;ils savent faire la diff\u00e9rence entre l&#8217;ordinaire et l&#8217;exceptionnel. Notre \u00e9quipe est compos\u00e9e de patineurs de haut niveau et nous sommes fiers d&#8217;\u00eatre associ\u00e9s \u00e0 chacun d&#8217;entre eux.    <\/span><\/p>\n<h3><\/h3>\n<h3><\/h3>\n<h3><strong>Caract\u00e9ristiques<\/strong><\/h3>\n<ul>\n<li>Acc\u00e9l\u00e9rer plus vite.<\/li>\n<li>Roulez plus vite et plus loin.<\/li>\n<li>R\u00e9siste mieux \u00e0 la salet\u00e9 et \u00e0 l&#8217;humidit\u00e9.<\/li>\n<li>Pr\u00e9-lubrifi\u00e9 avec le lubrifiant de course<a href=\"http:\/\/xactskateshop.com\/product\/bones-swiss-bearings-8mm-16-pack\/\"> Speed Cream\u2122<\/a> <\/li>\n<li>Aide \u00e0 r\u00e9parer les blessures caus\u00e9es \u00e0 vos courses par la salet\u00e9.<\/li>\n<li>1 sans contact, les protections en caoutchouc amovibles permettent un nettoyage facile.<\/li>\n<li>Bille de retenue en nylon haute vitesse pour une plus grande r\u00e9sistance et une plus grande rapidit\u00e9.<\/li>\n<li>Les jeux, tol\u00e9rances, mat\u00e9riaux et lubrifiant <a href=\"https:\/\/bonesbearings.com\/support\/skate-rated\/\">Skate Rated\u2122<\/a> offrent les meilleures performances et la meilleure durabilit\u00e9 possibles.<\/li>\n<\/ul>\n<h3><strong>Contenu<\/strong><\/h3>\n<ul>\n<li>Jeu de 16 roulements<\/li>\n<li>Instructions<\/li>\n<li>Autocollant<\/li>\n<\/ul>\n<h3><\/h3>\n<h3>Skate Rated\u2122<\/h3>\n<p>Depuis le d\u00e9but de l&#8217;ann\u00e9e 2018, toutes les bo\u00eetes de Bones Bearings sont accompagn\u00e9es de notre autocollant Skate Rated. Pour \u00eatre s\u00fbr d&#8217;acheter des roulements \u00e0 billes authentiques, assurez-vous d&#8217;acheter uniquement aupr\u00e8s de revendeurs agr\u00e9\u00e9s de roulements \u00e0 billes, et recherchez toujours notre autocollant Skate Rated sur CHAQUE bo\u00eete. <\/p>\n","protected":false},"excerpt":{"rendered":"<hr>\n<p style=\"text-align: center;\">Bones Swiss Ceramics est une classe \u00e0 part. Si vous voulez ce qu&#8217;il y a de mieux, c&#8217;est ici. Les billes en c\u00e9ramique sont beaucoup plus l\u00e9g\u00e8res, plus dures, plus r\u00e9sistantes, plus imperm\u00e9ables et plus durables que les billes en acier les plus fines. Fabriqu\u00e9 en Suisse.<\/p>\n<hr>\n<p style=\"text-align: center;\">\n","protected":false},"featured_media":28501,"comment_status":"closed","ping_status":"closed","template":"","meta":{"site-sidebar-layout":"default","site-content-layout":"default","ast-site-content-layout":"default","site-content-style":"default","site-sidebar-style":"default","ast-global-header-display":"","ast-banner-title-visibility":"","ast-main-header-display":"","ast-hfb-above-header-display":"","ast-hfb-below-header-display":"","ast-hfb-mobile-header-display":"","site-post-title":"","ast-breadcrumbs-content":"","ast-featured-img":"","footer-sml-layout":"","theme-transparent-header-meta":"default","adv-header-id-meta":"","stick-header-meta":"","header-above-stick-meta":"","header-main-stick-meta":"","header-below-stick-meta":"","astra-migrate-meta-layouts":"default","ast-page-background-enabled":"default","ast-page-background-meta":{"desktop":{"background-color":"","background-image":"","background-repeat":"repeat","background-position":"center center","background-size":"auto","background-attachment":"scroll","background-type":"","background-media":"","overlay-type":"","overlay-color":"","overlay-opacity":"","overlay-gradient":""},"tablet":{"background-color":"","background-image":"","background-repeat":"repeat","background-position":"center center","background-size":"auto","background-attachment":"scroll","background-type":"","background-media":"","overlay-type":"","overlay-color":"","overlay-opacity":"","overlay-gradient":""},"mobile":{"background-color":"","background-image":"","background-repeat":"repeat","background-position":"center center","background-size":"auto","background-attachment":"scroll","background-type":"","background-media":"","overlay-type":"","overlay-color":"","overlay-opacity":"","overlay-gradient":""}},"ast-content-background-meta":{"desktop":{"background-color":"var(--ast-global-color-5)","background-image":"","background-repeat":"repeat","background-position":"center center","background-size":"auto","background-attachment":"scroll","background-type":"","background-media":"","overlay-type":"","overlay-color":"","overlay-opacity":"","overlay-gradient":""},"tablet":{"background-color":"var(--ast-global-color-5)","background-image":"","background-repeat":"repeat","background-position":"center center","background-size":"auto","background-attachment":"scroll","background-type":"","background-media":"","overlay-type":"","overlay-color":"","overlay-opacity":"","overlay-gradient":""},"mobile":{"background-color":"var(--ast-global-color-5)","background-image":"","background-repeat":"repeat","background-position":"center center","background-size":"auto","background-attachment":"scroll","background-type":"","background-media":"","overlay-type":"","overlay-color":"","overlay-opacity":"","overlay-gradient":""}}},"product_brand":[],"product_cat":[1739,1736],"product_tag":[1741,1782,1742,1783,1781,1769],"class_list":{"0":"post-59749","1":"product","2":"type-product","3":"status-publish","4":"has-post-thumbnail","6":"product_cat-roulements-et-outils-dentretien-fr-3","7":"product_cat-roulements-et-outils-dentretien-2","8":"product_tag-les-meilleurs-roulements","9":"product_tag-os-en-ceramique","10":"product_tag-paliers-osseux","11":"product_tag-precision-suisse","12":"product_tag-roulements-en-ceramique-fr","13":"product_tag-roulements-suisses","14":"desktop-align-center","15":"tablet-align-center","16":"mobile-align-center","17":"ast-product-gallery-layout-horizontal","18":"ast-product-gallery-with-no-image","19":"ast-product-tabs-layout-horizontal","20":"ast-qv-on-image","22":"first","23":"instock","24":"sale","25":"taxable","26":"shipping-taxable","27":"purchasable","28":"product-type-simple"},"bundled_by":[],"bundle_stock_status":"instock","bundle_stock_quantity":5,"bundle_virtual":false,"bundle_layout":"","bundle_add_to_cart_form_location":"","bundle_editable_in_cart":false,"bundle_sold_individually_context":"","bundle_item_grouping":"","bundle_min_size":"","bundle_max_size":"","bundle_price":[],"bundled_items":[],"bundle_sell_ids":[],"yoast_head":"<!-- This site is optimized with the Yoast SEO plugin v27.4 - https:\/\/yoast.com\/product\/yoast-seo-wordpress\/ -->\n<title>Coussinets BONES SWISS CERAMIC - 8mm - 16pack - Xact Skate Shop<\/title>\n<meta name=\"description\" content=\"Les BONES SWISS CERAMIC Bearings - 8mm - 16pack sont une classe \u00e0 part. Si vous voulez ce qu&#039;il y a de mieux, c&#039;est ici. Obtenez le v\u00f4tre ici !\" \/>\n<meta name=\"robots\" content=\"index, follow, max-snippet:-1, max-image-preview:large, max-video-preview:-1\" \/>\n<link rel=\"canonical\" href=\"https:\/\/xactskateshop.com\/fr\/produit\/coussinets-bones-swiss-ceramic-8mm-16pack\/\" \/>\n<meta property=\"og:locale\" content=\"fr_FR\" \/>\n<meta property=\"og:type\" content=\"article\" \/>\n<meta property=\"og:title\" content=\"Coussinets BONES SWISS CERAMIC - 8mm - 16pack - Xact Skate Shop\" \/>\n<meta property=\"og:description\" content=\"Les BONES SWISS CERAMIC Bearings - 8mm - 16pack sont une classe \u00e0 part. Si vous voulez ce qu&#039;il y a de mieux, c&#039;est ici. Obtenez le v\u00f4tre ici !\" \/>\n<meta property=\"og:url\" content=\"https:\/\/xactskateshop.com\/fr\/produit\/coussinets-bones-swiss-ceramic-8mm-16pack\/\" \/>\n<meta property=\"og:site_name\" content=\"Xact Skate Shop\" \/>\n<meta property=\"article:publisher\" content=\"https:\/\/www.facebook.com\/JeanLouiskateshop\" \/>\n<meta property=\"og:image\" content=\"https:\/\/xactskateshop.com\/wp-content\/uploads\/2021\/02\/BRCWBX716.jpg\" \/>\n\t<meta property=\"og:image:width\" content=\"1000\" \/>\n\t<meta property=\"og:image:height\" content=\"1000\" \/>\n\t<meta property=\"og:image:type\" content=\"image\/jpeg\" \/>\n<meta name=\"twitter:card\" content=\"summary_large_image\" \/>\n<meta name=\"twitter:label1\" content=\"Dur\u00e9e de lecture estim\u00e9e\" \/>\n\t<meta name=\"twitter:data1\" content=\"2 minutes\" \/>\n<script type=\"application\/ld+json\" class=\"yoast-schema-graph\">{\"@context\":\"https:\\\/\\\/schema.org\",\"@graph\":[{\"@type\":\"WebPage\",\"@id\":\"https:\\\/\\\/xactskateshop.com\\\/fr\\\/produit\\\/coussinets-bones-swiss-ceramic-8mm-16pack\\\/\",\"url\":\"https:\\\/\\\/xactskateshop.com\\\/fr\\\/produit\\\/coussinets-bones-swiss-ceramic-8mm-16pack\\\/\",\"name\":\"Coussinets BONES SWISS CERAMIC - 8mm - 16pack - Xact Skate Shop\",\"isPartOf\":{\"@id\":\"http:\\\/\\\/xactskateshop.com\\\/fr\\\/#website\"},\"primaryImageOfPage\":{\"@id\":\"https:\\\/\\\/xactskateshop.com\\\/fr\\\/produit\\\/coussinets-bones-swiss-ceramic-8mm-16pack\\\/#primaryimage\"},\"image\":{\"@id\":\"https:\\\/\\\/xactskateshop.com\\\/fr\\\/produit\\\/coussinets-bones-swiss-ceramic-8mm-16pack\\\/#primaryimage\"},\"thumbnailUrl\":\"https:\\\/\\\/xactskateshop.com\\\/wp-content\\\/uploads\\\/2021\\\/02\\\/BRCWBX716.jpg\",\"datePublished\":\"2021-02-05T21:12:59+00:00\",\"description\":\"Les BONES SWISS CERAMIC Bearings - 8mm - 16pack sont une classe \u00e0 part. Si vous voulez ce qu'il y a de mieux, c'est ici. Obtenez le v\u00f4tre ici !\",\"breadcrumb\":{\"@id\":\"https:\\\/\\\/xactskateshop.com\\\/fr\\\/produit\\\/coussinets-bones-swiss-ceramic-8mm-16pack\\\/#breadcrumb\"},\"inLanguage\":\"fr-FR\",\"potentialAction\":[{\"@type\":\"ReadAction\",\"target\":[\"https:\\\/\\\/xactskateshop.com\\\/fr\\\/produit\\\/coussinets-bones-swiss-ceramic-8mm-16pack\\\/\"]}]},{\"@type\":\"ImageObject\",\"inLanguage\":\"fr-FR\",\"@id\":\"https:\\\/\\\/xactskateshop.com\\\/fr\\\/produit\\\/coussinets-bones-swiss-ceramic-8mm-16pack\\\/#primaryimage\",\"url\":\"https:\\\/\\\/xactskateshop.com\\\/wp-content\\\/uploads\\\/2021\\\/02\\\/BRCWBX716.jpg\",\"contentUrl\":\"https:\\\/\\\/xactskateshop.com\\\/wp-content\\\/uploads\\\/2021\\\/02\\\/BRCWBX716.jpg\",\"width\":1000,\"height\":1000,\"caption\":\"Bones Swiss Ceramics\"},{\"@type\":\"BreadcrumbList\",\"@id\":\"https:\\\/\\\/xactskateshop.com\\\/fr\\\/produit\\\/coussinets-bones-swiss-ceramic-8mm-16pack\\\/#breadcrumb\",\"itemListElement\":[{\"@type\":\"ListItem\",\"position\":1,\"name\":\"Home\",\"item\":\"https:\\\/\\\/xactskateshop.com\\\/fr\\\/accueil\\\/\"},{\"@type\":\"ListItem\",\"position\":2,\"name\":\"Boutique\",\"item\":\"https:\\\/\\\/xactskateshop.com\\\/shop\\\/\"},{\"@type\":\"ListItem\",\"position\":3,\"name\":\"Coussinets BONES SWISS CERAMIC &#8211; 8mm &#8211; 16pack\"}]},{\"@type\":\"WebSite\",\"@id\":\"http:\\\/\\\/xactskateshop.com\\\/fr\\\/#website\",\"url\":\"http:\\\/\\\/xactskateshop.com\\\/fr\\\/\",\"name\":\"Xact Skate Shop\",\"description\":\"Un site utilisant WordPress\",\"publisher\":{\"@id\":\"http:\\\/\\\/xactskateshop.com\\\/fr\\\/#organization\"},\"potentialAction\":[{\"@type\":\"SearchAction\",\"target\":{\"@type\":\"EntryPoint\",\"urlTemplate\":\"http:\\\/\\\/xactskateshop.com\\\/fr\\\/?s={search_term_string}\"},\"query-input\":{\"@type\":\"PropertyValueSpecification\",\"valueRequired\":true,\"valueName\":\"search_term_string\"}}],\"inLanguage\":\"fr-FR\"},{\"@type\":\"Organization\",\"@id\":\"http:\\\/\\\/xactskateshop.com\\\/fr\\\/#organization\",\"name\":\"XACT Skate Shop\",\"url\":\"http:\\\/\\\/xactskateshop.com\\\/fr\\\/\",\"logo\":{\"@type\":\"ImageObject\",\"inLanguage\":\"fr-FR\",\"@id\":\"http:\\\/\\\/xactskateshop.com\\\/fr\\\/#\\\/schema\\\/logo\\\/image\\\/\",\"url\":\"http:\\\/\\\/xactskateshop.com\\\/wp-content\\\/uploads\\\/2024\\\/04\\\/xactskateshop-dot-com-avec-contour-noir-sans-fond-675x.jpg\",\"contentUrl\":\"http:\\\/\\\/xactskateshop.com\\\/wp-content\\\/uploads\\\/2024\\\/04\\\/xactskateshop-dot-com-avec-contour-noir-sans-fond-675x.jpg\",\"width\":675,\"height\":247,\"caption\":\"XACT Skate Shop\"},\"image\":{\"@id\":\"http:\\\/\\\/xactskateshop.com\\\/fr\\\/#\\\/schema\\\/logo\\\/image\\\/\"},\"sameAs\":[\"https:\\\/\\\/www.facebook.com\\\/JeanLouiskateshop\"]}]}<\/script>\n<!-- \/ Yoast SEO plugin. -->","yoast_head_json":{"title":"Coussinets BONES SWISS CERAMIC - 8mm - 16pack - Xact Skate Shop","description":"Les BONES SWISS CERAMIC Bearings - 8mm - 16pack sont une classe \u00e0 part. Si vous voulez ce qu'il y a de mieux, c'est ici. Obtenez le v\u00f4tre ici !","robots":{"index":"index","follow":"follow","max-snippet":"max-snippet:-1","max-image-preview":"max-image-preview:large","max-video-preview":"max-video-preview:-1"},"canonical":"https:\/\/xactskateshop.com\/fr\/produit\/coussinets-bones-swiss-ceramic-8mm-16pack\/","og_locale":"fr_FR","og_type":"article","og_title":"Coussinets BONES SWISS CERAMIC - 8mm - 16pack - Xact Skate Shop","og_description":"Les BONES SWISS CERAMIC Bearings - 8mm - 16pack sont une classe \u00e0 part. Si vous voulez ce qu'il y a de mieux, c'est ici. Obtenez le v\u00f4tre ici !","og_url":"https:\/\/xactskateshop.com\/fr\/produit\/coussinets-bones-swiss-ceramic-8mm-16pack\/","og_site_name":"Xact Skate Shop","article_publisher":"https:\/\/www.facebook.com\/JeanLouiskateshop","og_image":[{"width":1000,"height":1000,"url":"https:\/\/xactskateshop.com\/wp-content\/uploads\/2021\/02\/BRCWBX716.jpg","type":"image\/jpeg"}],"twitter_card":"summary_large_image","twitter_misc":{"Dur\u00e9e de lecture estim\u00e9e":"2 minutes"},"schema":{"@context":"https:\/\/schema.org","@graph":[{"@type":"WebPage","@id":"https:\/\/xactskateshop.com\/fr\/produit\/coussinets-bones-swiss-ceramic-8mm-16pack\/","url":"https:\/\/xactskateshop.com\/fr\/produit\/coussinets-bones-swiss-ceramic-8mm-16pack\/","name":"Coussinets BONES SWISS CERAMIC - 8mm - 16pack - Xact Skate Shop","isPartOf":{"@id":"http:\/\/xactskateshop.com\/fr\/#website"},"primaryImageOfPage":{"@id":"https:\/\/xactskateshop.com\/fr\/produit\/coussinets-bones-swiss-ceramic-8mm-16pack\/#primaryimage"},"image":{"@id":"https:\/\/xactskateshop.com\/fr\/produit\/coussinets-bones-swiss-ceramic-8mm-16pack\/#primaryimage"},"thumbnailUrl":"https:\/\/xactskateshop.com\/wp-content\/uploads\/2021\/02\/BRCWBX716.jpg","datePublished":"2021-02-05T21:12:59+00:00","description":"Les BONES SWISS CERAMIC Bearings - 8mm - 16pack sont une classe \u00e0 part. Si vous voulez ce qu'il y a de mieux, c'est ici. Obtenez le v\u00f4tre ici !","breadcrumb":{"@id":"https:\/\/xactskateshop.com\/fr\/produit\/coussinets-bones-swiss-ceramic-8mm-16pack\/#breadcrumb"},"inLanguage":"fr-FR","potentialAction":[{"@type":"ReadAction","target":["https:\/\/xactskateshop.com\/fr\/produit\/coussinets-bones-swiss-ceramic-8mm-16pack\/"]}]},{"@type":"ImageObject","inLanguage":"fr-FR","@id":"https:\/\/xactskateshop.com\/fr\/produit\/coussinets-bones-swiss-ceramic-8mm-16pack\/#primaryimage","url":"https:\/\/xactskateshop.com\/wp-content\/uploads\/2021\/02\/BRCWBX716.jpg","contentUrl":"https:\/\/xactskateshop.com\/wp-content\/uploads\/2021\/02\/BRCWBX716.jpg","width":1000,"height":1000,"caption":"Bones Swiss Ceramics"},{"@type":"BreadcrumbList","@id":"https:\/\/xactskateshop.com\/fr\/produit\/coussinets-bones-swiss-ceramic-8mm-16pack\/#breadcrumb","itemListElement":[{"@type":"ListItem","position":1,"name":"Home","item":"https:\/\/xactskateshop.com\/fr\/accueil\/"},{"@type":"ListItem","position":2,"name":"Boutique","item":"https:\/\/xactskateshop.com\/shop\/"},{"@type":"ListItem","position":3,"name":"Coussinets BONES SWISS CERAMIC &#8211; 8mm &#8211; 16pack"}]},{"@type":"WebSite","@id":"http:\/\/xactskateshop.com\/fr\/#website","url":"http:\/\/xactskateshop.com\/fr\/","name":"Xact Skate Shop","description":"Un site utilisant WordPress","publisher":{"@id":"http:\/\/xactskateshop.com\/fr\/#organization"},"potentialAction":[{"@type":"SearchAction","target":{"@type":"EntryPoint","urlTemplate":"http:\/\/xactskateshop.com\/fr\/?s={search_term_string}"},"query-input":{"@type":"PropertyValueSpecification","valueRequired":true,"valueName":"search_term_string"}}],"inLanguage":"fr-FR"},{"@type":"Organization","@id":"http:\/\/xactskateshop.com\/fr\/#organization","name":"XACT Skate Shop","url":"http:\/\/xactskateshop.com\/fr\/","logo":{"@type":"ImageObject","inLanguage":"fr-FR","@id":"http:\/\/xactskateshop.com\/fr\/#\/schema\/logo\/image\/","url":"http:\/\/xactskateshop.com\/wp-content\/uploads\/2024\/04\/xactskateshop-dot-com-avec-contour-noir-sans-fond-675x.jpg","contentUrl":"http:\/\/xactskateshop.com\/wp-content\/uploads\/2024\/04\/xactskateshop-dot-com-avec-contour-noir-sans-fond-675x.jpg","width":675,"height":247,"caption":"XACT Skate Shop"},"image":{"@id":"http:\/\/xactskateshop.com\/fr\/#\/schema\/logo\/image\/"},"sameAs":["https:\/\/www.facebook.com\/JeanLouiskateshop"]}]}},"_links":{"self":[{"href":"https:\/\/xactskateshop.com\/fr\/wp-json\/wp\/v2\/product\/59749","targetHints":{"allow":["GET"]}}],"collection":[{"href":"https:\/\/xactskateshop.com\/fr\/wp-json\/wp\/v2\/product"}],"about":[{"href":"https:\/\/xactskateshop.com\/fr\/wp-json\/wp\/v2\/types\/product"}],"replies":[{"embeddable":true,"href":"https:\/\/xactskateshop.com\/fr\/wp-json\/wp\/v2\/comments?post=59749"}],"wp:featuredmedia":[{"embeddable":true,"href":"https:\/\/xactskateshop.com\/fr\/wp-json\/wp\/v2\/media\/28501"}],"wp:attachment":[{"href":"https:\/\/xactskateshop.com\/fr\/wp-json\/wp\/v2\/media?parent=59749"}],"wp:term":[{"taxonomy":"product_brand","embeddable":true,"href":"https:\/\/xactskateshop.com\/fr\/wp-json\/wp\/v2\/product_brand?post=59749"},{"taxonomy":"product_cat","embeddable":true,"href":"https:\/\/xactskateshop.com\/fr\/wp-json\/wp\/v2\/product_cat?post=59749"},{"taxonomy":"product_tag","embeddable":true,"href":"https:\/\/xactskateshop.com\/fr\/wp-json\/wp\/v2\/product_tag?post=59749"}],"curies":[{"name":"wp","href":"https:\/\/api.w.org\/{rel}","templated":true}]}}