{"id":59748,"date":"2021-02-05T15:38:31","date_gmt":"2021-02-05T20:38:31","guid":{"rendered":"http:\/\/xactskateshop.com\/product\/coussinets-bones-reds-8mm-16pack\/"},"modified":"2021-02-05T15:38:31","modified_gmt":"2021-02-05T20:38:31","slug":"coussinets-bones-reds-8mm-16pack","status":"publish","type":"product","link":"https:\/\/xactskateshop.com\/fr\/produit\/coussinets-bones-reds-8mm-16pack\/","title":{"rendered":"Coussinets BONES REDS &#8211; 8mm &#8211; 16pack"},"content":{"rendered":"<h2>Coussinets BONES REDS &#8211; 8mm &#8211; 16pack<\/h2>\n<p>Les roulements BONES REDS &#8211; 8mm sont fabriqu\u00e9s en Chine selon nos sp\u00e9cifications <a href=\"https:\/\/bonesbearings.com\/support\/abec\/\">Bones Skate Rated\u2122<\/a> dans une usine de fabrication d\u00e9di\u00e9e \u00e0 la production de roulements de skate de la plus haute qualit\u00e9 en Chine. Ils sont inspect\u00e9s deux fois avant d&#8217;\u00eatre exp\u00e9di\u00e9s aux patineurs et offrent la meilleure combinaison de performance, de durabilit\u00e9 et de faible co\u00fbt de l&#8217;industrie. Parce qu&#8217;ils offrent des performances proches de celles des <a href=\"http:\/\/xactskateshop.com\/product\/bones-swiss-bearings-8mm-16-pack\/\">Bones Swiss<\/a> pour une fraction du prix, ils sont devenus les roulements les plus vendus.<\/p>\n<h3><\/h3>\n<h3><strong>BONES REDS Caract\u00e9ristiques des roulements<\/strong><\/h3>\n<ul>\n<li>Bouclier en caoutchouc unique, sans contact et amovible pour faciliter le nettoyage et r\u00e9duire les frottements<\/li>\n<li>Retenue des billes en Nylon\u2122 \u00e0 haute vitesse pour une plus grande r\u00e9sistance et une plus grande rapidit\u00e9.<\/li>\n<li>Pr\u00e9-lubrifi\u00e9 avec le lubrifiant de course <a href=\"http:\/\/xactskateshop.com\/product\/bones-speed-cream\/\">Speed Cream\u2122<\/a> <\/li>\n<li>Les jeux, tol\u00e9rances, mat\u00e9riaux et lubrifiant <a href=\"https:\/\/bonesbearings.com\/support\/abec\/\">Skate Rated\u2122<\/a> offrent les meilleures performances et la meilleure durabilit\u00e9 possibles.<\/li>\n<\/ul>\n<h3><strong>Contenu<\/strong><\/h3>\n<ul>\n<li>Instructions<\/li>\n<li>Autocollant<\/li>\n<\/ul>\n<h3>Skate Rated\u2122<\/h3>\n<p>Depuis le d\u00e9but de l&#8217;ann\u00e9e 2018, toutes les bo\u00eetes de Bones Bearings sont accompagn\u00e9es de notre autocollant Skate Rated. Pour \u00eatre s\u00fbr d&#8217;acheter des roulements \u00e0 billes authentiques, assurez-vous d&#8217;acheter uniquement aupr\u00e8s de revendeurs agr\u00e9\u00e9s de roulements \u00e0 billes, et recherchez toujours notre autocollant Skate Rated sur CHAQUE bo\u00eete. <\/p>\n<div>\n<p>L&#8217;un de ces autocollants se trouve sur les Bones REDS et les Bones BIG BALLS REDS.<\/p>\n<\/div>\n","protected":false},"excerpt":{"rendered":"<hr>\n<p style=\"text-align: center;\">Les Bones\u00ae REDS\u00ae sont fabriqu\u00e9s en Chine selon nos sp\u00e9cifications Bones Skate Rated\u2122 dans une usine de fabrication d\u00e9di\u00e9e \u00e0 la production de roulements de patins de la plus haute qualit\u00e9 en Chine. Ils sont inspect\u00e9s deux fois avant d&#8217;\u00eatre exp\u00e9di\u00e9s aux patineurs et offrent la meilleure combinaison de performance, de durabilit\u00e9 et de faible co\u00fbt de l&#8217;industrie. Parce qu&#8217;ils offrent des performances proches de celles des Bones Swiss pour une fraction du co\u00fbt, ils sont devenus les roulements les plus vendus.  <\/p>\n<hr>\n<p style=\"text-align: center;\">\n","protected":false},"featured_media":44048,"comment_status":"closed","ping_status":"closed","template":"","meta":{"site-sidebar-layout":"default","site-content-layout":"default","ast-site-content-layout":"default","site-content-style":"default","site-sidebar-style":"default","ast-global-header-display":"","ast-banner-title-visibility":"","ast-main-header-display":"","ast-hfb-above-header-display":"","ast-hfb-below-header-display":"","ast-hfb-mobile-header-display":"","site-post-title":"","ast-breadcrumbs-content":"","ast-featured-img":"","footer-sml-layout":"","theme-transparent-header-meta":"default","adv-header-id-meta":"","stick-header-meta":"","header-above-stick-meta":"","header-main-stick-meta":"","header-below-stick-meta":"","astra-migrate-meta-layouts":"default","ast-page-background-enabled":"default","ast-page-background-meta":{"desktop":{"background-color":"","background-image":"","background-repeat":"repeat","background-position":"center center","background-size":"auto","background-attachment":"scroll","background-type":"","background-media":"","overlay-type":"","overlay-color":"","overlay-opacity":"","overlay-gradient":""},"tablet":{"background-color":"","background-image":"","background-repeat":"repeat","background-position":"center center","background-size":"auto","background-attachment":"scroll","background-type":"","background-media":"","overlay-type":"","overlay-color":"","overlay-opacity":"","overlay-gradient":""},"mobile":{"background-color":"","background-image":"","background-repeat":"repeat","background-position":"center center","background-size":"auto","background-attachment":"scroll","background-type":"","background-media":"","overlay-type":"","overlay-color":"","overlay-opacity":"","overlay-gradient":""}},"ast-content-background-meta":{"desktop":{"background-color":"var(--ast-global-color-5)","background-image":"","background-repeat":"repeat","background-position":"center center","background-size":"auto","background-attachment":"scroll","background-type":"","background-media":"","overlay-type":"","overlay-color":"","overlay-opacity":"","overlay-gradient":""},"tablet":{"background-color":"var(--ast-global-color-5)","background-image":"","background-repeat":"repeat","background-position":"center center","background-size":"auto","background-attachment":"scroll","background-type":"","background-media":"","overlay-type":"","overlay-color":"","overlay-opacity":"","overlay-gradient":""},"mobile":{"background-color":"var(--ast-global-color-5)","background-image":"","background-repeat":"repeat","background-position":"center center","background-size":"auto","background-attachment":"scroll","background-type":"","background-media":"","overlay-type":"","overlay-color":"","overlay-opacity":"","overlay-gradient":""}}},"product_brand":[],"product_cat":[1739,1736],"product_tag":[1741,1742,1745,1767,1743],"class_list":{"0":"post-59748","1":"product","2":"type-product","3":"status-publish","4":"has-post-thumbnail","6":"product_cat-roulements-et-outils-dentretien-fr-3","7":"product_cat-roulements-et-outils-dentretien-2","8":"product_tag-les-meilleurs-roulements","9":"product_tag-paliers-osseux","10":"product_tag-roulements-a-billes","11":"product_tag-roulements-de-patins-fr","12":"product_tag-roulements-pour-patins-a-roulettes","13":"desktop-align-center","14":"tablet-align-center","15":"mobile-align-center","16":"ast-product-gallery-layout-horizontal","17":"ast-product-gallery-with-no-image","18":"ast-product-tabs-layout-horizontal","19":"ast-qv-on-image","21":"first","22":"instock","23":"sale","24":"taxable","25":"shipping-taxable","26":"purchasable","27":"product-type-simple"},"bundled_by":[],"bundle_stock_status":"instock","bundle_stock_quantity":400,"bundle_virtual":false,"bundle_layout":"","bundle_add_to_cart_form_location":"","bundle_editable_in_cart":false,"bundle_sold_individually_context":"","bundle_item_grouping":"","bundle_min_size":"","bundle_max_size":"","bundle_price":[],"bundled_items":[],"bundle_sell_ids":[],"yoast_head":"<!-- This site is optimized with the Yoast SEO plugin v27.4 - https:\/\/yoast.com\/product\/yoast-seo-wordpress\/ -->\n<title>Coussinets BONES REDS - 8mm - 16pack - Xact Skate Shop<\/title>\n<meta name=\"description\" content=\"Les roulements BONES REDS - 8mm - 16pack sont fabriqu\u00e9s en Chine selon nos sp\u00e9cifications dans une usine d\u00e9di\u00e9e \u00e0 la production de qualit\u00e9.\" \/>\n<meta name=\"robots\" content=\"index, follow, max-snippet:-1, max-image-preview:large, max-video-preview:-1\" \/>\n<link rel=\"canonical\" href=\"https:\/\/xactskateshop.com\/fr\/produit\/coussinets-bones-reds-8mm-16pack\/\" \/>\n<meta property=\"og:locale\" content=\"fr_FR\" \/>\n<meta property=\"og:type\" content=\"article\" \/>\n<meta property=\"og:title\" content=\"Coussinets BONES REDS - 8mm - 16pack - Xact Skate Shop\" \/>\n<meta property=\"og:description\" content=\"Les roulements BONES REDS - 8mm - 16pack sont fabriqu\u00e9s en Chine selon nos sp\u00e9cifications dans une usine d\u00e9di\u00e9e \u00e0 la production de qualit\u00e9.\" \/>\n<meta property=\"og:url\" content=\"https:\/\/xactskateshop.com\/fr\/produit\/coussinets-bones-reds-8mm-16pack\/\" \/>\n<meta property=\"og:site_name\" content=\"Xact Skate Shop\" \/>\n<meta property=\"article:publisher\" content=\"https:\/\/www.facebook.com\/JeanLouiskateshop\" \/>\n<meta property=\"og:image\" content=\"https:\/\/xactskateshop.com\/wp-content\/uploads\/2021\/02\/BRG-REDS.jpg\" \/>\n\t<meta property=\"og:image:width\" content=\"1000\" \/>\n\t<meta property=\"og:image:height\" content=\"1000\" \/>\n\t<meta property=\"og:image:type\" content=\"image\/jpeg\" \/>\n<meta name=\"twitter:card\" content=\"summary_large_image\" \/>\n<meta name=\"twitter:label1\" content=\"Dur\u00e9e de lecture estim\u00e9e\" \/>\n\t<meta name=\"twitter:data1\" content=\"1 minute\" \/>\n<script type=\"application\/ld+json\" class=\"yoast-schema-graph\">{\"@context\":\"https:\\\/\\\/schema.org\",\"@graph\":[{\"@type\":\"WebPage\",\"@id\":\"https:\\\/\\\/xactskateshop.com\\\/fr\\\/produit\\\/coussinets-bones-reds-8mm-16pack\\\/\",\"url\":\"https:\\\/\\\/xactskateshop.com\\\/fr\\\/produit\\\/coussinets-bones-reds-8mm-16pack\\\/\",\"name\":\"Coussinets BONES REDS - 8mm - 16pack - Xact Skate Shop\",\"isPartOf\":{\"@id\":\"http:\\\/\\\/xactskateshop.com\\\/fr\\\/#website\"},\"primaryImageOfPage\":{\"@id\":\"https:\\\/\\\/xactskateshop.com\\\/fr\\\/produit\\\/coussinets-bones-reds-8mm-16pack\\\/#primaryimage\"},\"image\":{\"@id\":\"https:\\\/\\\/xactskateshop.com\\\/fr\\\/produit\\\/coussinets-bones-reds-8mm-16pack\\\/#primaryimage\"},\"thumbnailUrl\":\"https:\\\/\\\/xactskateshop.com\\\/wp-content\\\/uploads\\\/2021\\\/02\\\/BRG-REDS.jpg\",\"datePublished\":\"2021-02-05T20:38:31+00:00\",\"description\":\"Les roulements BONES REDS - 8mm - 16pack sont fabriqu\u00e9s en Chine selon nos sp\u00e9cifications dans une usine d\u00e9di\u00e9e \u00e0 la production de qualit\u00e9.\",\"breadcrumb\":{\"@id\":\"https:\\\/\\\/xactskateshop.com\\\/fr\\\/produit\\\/coussinets-bones-reds-8mm-16pack\\\/#breadcrumb\"},\"inLanguage\":\"fr-FR\",\"potentialAction\":[{\"@type\":\"ReadAction\",\"target\":[\"https:\\\/\\\/xactskateshop.com\\\/fr\\\/produit\\\/coussinets-bones-reds-8mm-16pack\\\/\"]}]},{\"@type\":\"ImageObject\",\"inLanguage\":\"fr-FR\",\"@id\":\"https:\\\/\\\/xactskateshop.com\\\/fr\\\/produit\\\/coussinets-bones-reds-8mm-16pack\\\/#primaryimage\",\"url\":\"https:\\\/\\\/xactskateshop.com\\\/wp-content\\\/uploads\\\/2021\\\/02\\\/BRG-REDS.jpg\",\"contentUrl\":\"https:\\\/\\\/xactskateshop.com\\\/wp-content\\\/uploads\\\/2021\\\/02\\\/BRG-REDS.jpg\",\"width\":1000,\"height\":1000,\"caption\":\"Coussinets BONES REDS - 8mm - 16pack\"},{\"@type\":\"BreadcrumbList\",\"@id\":\"https:\\\/\\\/xactskateshop.com\\\/fr\\\/produit\\\/coussinets-bones-reds-8mm-16pack\\\/#breadcrumb\",\"itemListElement\":[{\"@type\":\"ListItem\",\"position\":1,\"name\":\"Home\",\"item\":\"https:\\\/\\\/xactskateshop.com\\\/fr\\\/accueil\\\/\"},{\"@type\":\"ListItem\",\"position\":2,\"name\":\"Boutique\",\"item\":\"https:\\\/\\\/xactskateshop.com\\\/shop\\\/\"},{\"@type\":\"ListItem\",\"position\":3,\"name\":\"Coussinets BONES REDS &#8211; 8mm &#8211; 16pack\"}]},{\"@type\":\"WebSite\",\"@id\":\"http:\\\/\\\/xactskateshop.com\\\/fr\\\/#website\",\"url\":\"http:\\\/\\\/xactskateshop.com\\\/fr\\\/\",\"name\":\"Xact Skate Shop\",\"description\":\"Un site utilisant WordPress\",\"publisher\":{\"@id\":\"http:\\\/\\\/xactskateshop.com\\\/fr\\\/#organization\"},\"potentialAction\":[{\"@type\":\"SearchAction\",\"target\":{\"@type\":\"EntryPoint\",\"urlTemplate\":\"http:\\\/\\\/xactskateshop.com\\\/fr\\\/?s={search_term_string}\"},\"query-input\":{\"@type\":\"PropertyValueSpecification\",\"valueRequired\":true,\"valueName\":\"search_term_string\"}}],\"inLanguage\":\"fr-FR\"},{\"@type\":\"Organization\",\"@id\":\"http:\\\/\\\/xactskateshop.com\\\/fr\\\/#organization\",\"name\":\"XACT Skate Shop\",\"url\":\"http:\\\/\\\/xactskateshop.com\\\/fr\\\/\",\"logo\":{\"@type\":\"ImageObject\",\"inLanguage\":\"fr-FR\",\"@id\":\"http:\\\/\\\/xactskateshop.com\\\/fr\\\/#\\\/schema\\\/logo\\\/image\\\/\",\"url\":\"http:\\\/\\\/xactskateshop.com\\\/wp-content\\\/uploads\\\/2024\\\/04\\\/xactskateshop-dot-com-avec-contour-noir-sans-fond-675x.jpg\",\"contentUrl\":\"http:\\\/\\\/xactskateshop.com\\\/wp-content\\\/uploads\\\/2024\\\/04\\\/xactskateshop-dot-com-avec-contour-noir-sans-fond-675x.jpg\",\"width\":675,\"height\":247,\"caption\":\"XACT Skate Shop\"},\"image\":{\"@id\":\"http:\\\/\\\/xactskateshop.com\\\/fr\\\/#\\\/schema\\\/logo\\\/image\\\/\"},\"sameAs\":[\"https:\\\/\\\/www.facebook.com\\\/JeanLouiskateshop\"]}]}<\/script>\n<!-- \/ Yoast SEO plugin. -->","yoast_head_json":{"title":"Coussinets BONES REDS - 8mm - 16pack - Xact Skate Shop","description":"Les roulements BONES REDS - 8mm - 16pack sont fabriqu\u00e9s en Chine selon nos sp\u00e9cifications dans une usine d\u00e9di\u00e9e \u00e0 la production de qualit\u00e9.","robots":{"index":"index","follow":"follow","max-snippet":"max-snippet:-1","max-image-preview":"max-image-preview:large","max-video-preview":"max-video-preview:-1"},"canonical":"https:\/\/xactskateshop.com\/fr\/produit\/coussinets-bones-reds-8mm-16pack\/","og_locale":"fr_FR","og_type":"article","og_title":"Coussinets BONES REDS - 8mm - 16pack - Xact Skate Shop","og_description":"Les roulements BONES REDS - 8mm - 16pack sont fabriqu\u00e9s en Chine selon nos sp\u00e9cifications dans une usine d\u00e9di\u00e9e \u00e0 la production de qualit\u00e9.","og_url":"https:\/\/xactskateshop.com\/fr\/produit\/coussinets-bones-reds-8mm-16pack\/","og_site_name":"Xact Skate Shop","article_publisher":"https:\/\/www.facebook.com\/JeanLouiskateshop","og_image":[{"width":1000,"height":1000,"url":"https:\/\/xactskateshop.com\/wp-content\/uploads\/2021\/02\/BRG-REDS.jpg","type":"image\/jpeg"}],"twitter_card":"summary_large_image","twitter_misc":{"Dur\u00e9e de lecture estim\u00e9e":"1 minute"},"schema":{"@context":"https:\/\/schema.org","@graph":[{"@type":"WebPage","@id":"https:\/\/xactskateshop.com\/fr\/produit\/coussinets-bones-reds-8mm-16pack\/","url":"https:\/\/xactskateshop.com\/fr\/produit\/coussinets-bones-reds-8mm-16pack\/","name":"Coussinets BONES REDS - 8mm - 16pack - Xact Skate Shop","isPartOf":{"@id":"http:\/\/xactskateshop.com\/fr\/#website"},"primaryImageOfPage":{"@id":"https:\/\/xactskateshop.com\/fr\/produit\/coussinets-bones-reds-8mm-16pack\/#primaryimage"},"image":{"@id":"https:\/\/xactskateshop.com\/fr\/produit\/coussinets-bones-reds-8mm-16pack\/#primaryimage"},"thumbnailUrl":"https:\/\/xactskateshop.com\/wp-content\/uploads\/2021\/02\/BRG-REDS.jpg","datePublished":"2021-02-05T20:38:31+00:00","description":"Les roulements BONES REDS - 8mm - 16pack sont fabriqu\u00e9s en Chine selon nos sp\u00e9cifications dans une usine d\u00e9di\u00e9e \u00e0 la production de qualit\u00e9.","breadcrumb":{"@id":"https:\/\/xactskateshop.com\/fr\/produit\/coussinets-bones-reds-8mm-16pack\/#breadcrumb"},"inLanguage":"fr-FR","potentialAction":[{"@type":"ReadAction","target":["https:\/\/xactskateshop.com\/fr\/produit\/coussinets-bones-reds-8mm-16pack\/"]}]},{"@type":"ImageObject","inLanguage":"fr-FR","@id":"https:\/\/xactskateshop.com\/fr\/produit\/coussinets-bones-reds-8mm-16pack\/#primaryimage","url":"https:\/\/xactskateshop.com\/wp-content\/uploads\/2021\/02\/BRG-REDS.jpg","contentUrl":"https:\/\/xactskateshop.com\/wp-content\/uploads\/2021\/02\/BRG-REDS.jpg","width":1000,"height":1000,"caption":"Coussinets BONES REDS - 8mm - 16pack"},{"@type":"BreadcrumbList","@id":"https:\/\/xactskateshop.com\/fr\/produit\/coussinets-bones-reds-8mm-16pack\/#breadcrumb","itemListElement":[{"@type":"ListItem","position":1,"name":"Home","item":"https:\/\/xactskateshop.com\/fr\/accueil\/"},{"@type":"ListItem","position":2,"name":"Boutique","item":"https:\/\/xactskateshop.com\/shop\/"},{"@type":"ListItem","position":3,"name":"Coussinets BONES REDS &#8211; 8mm &#8211; 16pack"}]},{"@type":"WebSite","@id":"http:\/\/xactskateshop.com\/fr\/#website","url":"http:\/\/xactskateshop.com\/fr\/","name":"Xact Skate Shop","description":"Un site utilisant WordPress","publisher":{"@id":"http:\/\/xactskateshop.com\/fr\/#organization"},"potentialAction":[{"@type":"SearchAction","target":{"@type":"EntryPoint","urlTemplate":"http:\/\/xactskateshop.com\/fr\/?s={search_term_string}"},"query-input":{"@type":"PropertyValueSpecification","valueRequired":true,"valueName":"search_term_string"}}],"inLanguage":"fr-FR"},{"@type":"Organization","@id":"http:\/\/xactskateshop.com\/fr\/#organization","name":"XACT Skate Shop","url":"http:\/\/xactskateshop.com\/fr\/","logo":{"@type":"ImageObject","inLanguage":"fr-FR","@id":"http:\/\/xactskateshop.com\/fr\/#\/schema\/logo\/image\/","url":"http:\/\/xactskateshop.com\/wp-content\/uploads\/2024\/04\/xactskateshop-dot-com-avec-contour-noir-sans-fond-675x.jpg","contentUrl":"http:\/\/xactskateshop.com\/wp-content\/uploads\/2024\/04\/xactskateshop-dot-com-avec-contour-noir-sans-fond-675x.jpg","width":675,"height":247,"caption":"XACT Skate Shop"},"image":{"@id":"http:\/\/xactskateshop.com\/fr\/#\/schema\/logo\/image\/"},"sameAs":["https:\/\/www.facebook.com\/JeanLouiskateshop"]}]}},"_links":{"self":[{"href":"https:\/\/xactskateshop.com\/fr\/wp-json\/wp\/v2\/product\/59748","targetHints":{"allow":["GET"]}}],"collection":[{"href":"https:\/\/xactskateshop.com\/fr\/wp-json\/wp\/v2\/product"}],"about":[{"href":"https:\/\/xactskateshop.com\/fr\/wp-json\/wp\/v2\/types\/product"}],"replies":[{"embeddable":true,"href":"https:\/\/xactskateshop.com\/fr\/wp-json\/wp\/v2\/comments?post=59748"}],"wp:featuredmedia":[{"embeddable":true,"href":"https:\/\/xactskateshop.com\/fr\/wp-json\/wp\/v2\/media\/44048"}],"wp:attachment":[{"href":"https:\/\/xactskateshop.com\/fr\/wp-json\/wp\/v2\/media?parent=59748"}],"wp:term":[{"taxonomy":"product_brand","embeddable":true,"href":"https:\/\/xactskateshop.com\/fr\/wp-json\/wp\/v2\/product_brand?post=59748"},{"taxonomy":"product_cat","embeddable":true,"href":"https:\/\/xactskateshop.com\/fr\/wp-json\/wp\/v2\/product_cat?post=59748"},{"taxonomy":"product_tag","embeddable":true,"href":"https:\/\/xactskateshop.com\/fr\/wp-json\/wp\/v2\/product_tag?post=59748"}],"curies":[{"name":"wp","href":"https:\/\/api.w.org\/{rel}","templated":true}]}}